{"id":31,"date":"2022-01-20T17:07:38","date_gmt":"2022-01-20T17:07:38","guid":{"rendered":"https:\/\/lubrimas.pe\/empresas\/?post_type=product&#038;p=31"},"modified":"2024-11-26T16:57:07","modified_gmt":"2024-11-26T21:57:07","slug":"vextrom-premium-atf-md3-mercon-dexron-iii","status":"publish","type":"product","link":"https:\/\/lubrimas.pe\/empresas\/productos\/vextrom-premium-atf-md3-mercon-dexron-iii\/","title":{"rendered":"VEXTROM PREMIUM ATF MD3 MERCON\/DEXRON III"},"content":{"rendered":"<p><strong>VEXTROM PREMIUM ATF MD3<\/strong> MERCON\/DEXRON III es un fluido Premium con modificadores de fricci\u00f3n, para trasmisiones autom\u00e1ticas de alta potencia y multiusos de autom\u00f3viles y camiones ligeros.<\/p>\n<ul>\n<li>Excelente estabilidad t\u00e9rmica, resistencia a la corrosi\u00f3n y oxidaci\u00f3n.<\/li>\n<li>M\u00e1xima protecci\u00f3n al desgaste extendiendo la vida de los componentes.<\/li>\n<li>Recomendado para todas las aplicaciones que requieran un fluido DEXRON III o anteriores.<\/li>\n<li>Recomendado tambi\u00e9n para algunos sistemas hidr\u00e1ulicos, direcci\u00f3n asistida y transmisiones manuales cuando el fabricante as\u00ed lo indique.<\/li>\n<\/ul>\n<h4><strong>Aprobaciones y Especificaciones:<\/strong><\/h4>\n<p>Mercom, Dexron III, Allison C-4, Caterpillar TO-2, GM Type A, Ford M2C-166H, M2C-138CJ, Eaton (Fuller Division), Denison HF-0\/1\/2<\/p>\n","protected":false},"excerpt":{"rendered":"<p><strong>VEXTROM PREMIUM MERC\/DEX III<\/strong> es un fluido Premium con modificadores de fricci\u00f3n, para trasmisiones autom\u00e1ticas de alta potencia y multiusos de autom\u00f3viles y camiones ligeros.<\/p>\n","protected":false},"featured_media":2137,"comment_status":"closed","ping_status":"closed","template":"","meta":[],"product_brand":[],"product_cat":[22],"product_tag":[],"class_list":{"0":"post-31","1":"product","2":"type-product","3":"status-publish","4":"has-post-thumbnail","6":"product_cat-engranajes-y-transmisiones","7":"pa_marca-vextrom","8":"pa_presentacion-5gl-20lt","9":"pa_presentacion-caja-x-12qt","10":"pa_presentacion-qt-946ml","12":"first","13":"instock","14":"taxable","15":"shipping-taxable","16":"purchasable","17":"product-type-variable","18":"has-default-attributes"},"yoast_head":"<!-- This site is optimized with the Yoast SEO plugin v27.4 - https:\/\/yoast.com\/product\/yoast-seo-wordpress\/ -->\n<title>VEXTROM PREMIUM ATF MD3 MERCON\/DEXRON III - Lubrim\u00e1s Empresas<\/title>\n<meta name=\"robots\" content=\"index, follow, max-snippet:-1, max-image-preview:large, max-video-preview:-1\" \/>\n<link rel=\"canonical\" href=\"https:\/\/lubrimas.pe\/empresas\/productos\/vextrom-premium-atf-md3-mercon-dexron-iii\/\" \/>\n<meta property=\"og:locale\" content=\"es_ES\" \/>\n<meta property=\"og:type\" content=\"article\" \/>\n<meta property=\"og:title\" content=\"VEXTROM PREMIUM ATF MD3 MERCON\/DEXRON III - Lubrim\u00e1s Empresas\" \/>\n<meta property=\"og:description\" content=\"VEXTROM PREMIUM MERC\/DEX III es un fluido Premium con modificadores de fricci\u00f3n, para trasmisiones autom\u00e1ticas de alta potencia y multiusos de autom\u00f3viles y camiones ligeros.\" \/>\n<meta property=\"og:url\" content=\"https:\/\/lubrimas.pe\/empresas\/productos\/vextrom-premium-atf-md3-mercon-dexron-iii\/\" \/>\n<meta property=\"og:site_name\" content=\"Lubrim\u00e1s Empresas\" \/>\n<meta property=\"article:publisher\" content=\"https:\/\/www.facebook.com\/lubrimasperu\" \/>\n<meta property=\"article:modified_time\" content=\"2024-11-26T21:57:07+00:00\" \/>\n<meta property=\"og:image\" content=\"https:\/\/lubrimas.pe\/empresas\/wp-content\/uploads\/sites\/2\/2024\/11\/lubrimaspe_b2b-mayor-empresas-aceite-de-transmision-automatica-multivehiculo-vextrom-premium-atf-mercon-dexron-iii-3-caja-12l-losolivos-lima-peru-1.webp\" \/>\n\t<meta property=\"og:image:width\" content=\"850\" \/>\n\t<meta property=\"og:image:height\" content=\"1000\" \/>\n\t<meta property=\"og:image:type\" content=\"image\/webp\" \/>\n<meta name=\"twitter:card\" content=\"summary_large_image\" \/>\n<meta name=\"twitter:label1\" content=\"Tiempo de lectura\" \/>\n\t<meta name=\"twitter:data1\" content=\"1 minuto\" \/>\n<script type=\"application\/ld+json\" class=\"yoast-schema-graph\">{\"@context\":\"https:\\\/\\\/schema.org\",\"@graph\":[{\"@type\":\"WebPage\",\"@id\":\"https:\\\/\\\/lubrimas.pe\\\/empresas\\\/productos\\\/vextrom-premium-atf-md3-mercon-dexron-iii\\\/\",\"url\":\"https:\\\/\\\/lubrimas.pe\\\/empresas\\\/productos\\\/vextrom-premium-atf-md3-mercon-dexron-iii\\\/\",\"name\":\"VEXTROM PREMIUM ATF MD3 MERCON\\\/DEXRON III - Lubrim\u00e1s Empresas\",\"isPartOf\":{\"@id\":\"https:\\\/\\\/lubrimas.pe\\\/empresas\\\/#website\"},\"primaryImageOfPage\":{\"@id\":\"https:\\\/\\\/lubrimas.pe\\\/empresas\\\/productos\\\/vextrom-premium-atf-md3-mercon-dexron-iii\\\/#primaryimage\"},\"image\":{\"@id\":\"https:\\\/\\\/lubrimas.pe\\\/empresas\\\/productos\\\/vextrom-premium-atf-md3-mercon-dexron-iii\\\/#primaryimage\"},\"thumbnailUrl\":\"https:\\\/\\\/lubrimas.pe\\\/empresas\\\/wp-content\\\/uploads\\\/sites\\\/2\\\/2024\\\/11\\\/lubrimaspe_b2b-mayor-empresas-aceite-de-transmision-automatica-multivehiculo-vextrom-premium-atf-mercon-dexron-iii-3-caja-12l-losolivos-lima-peru-1.webp\",\"datePublished\":\"2022-01-20T17:07:38+00:00\",\"dateModified\":\"2024-11-26T21:57:07+00:00\",\"breadcrumb\":{\"@id\":\"https:\\\/\\\/lubrimas.pe\\\/empresas\\\/productos\\\/vextrom-premium-atf-md3-mercon-dexron-iii\\\/#breadcrumb\"},\"inLanguage\":\"es\",\"potentialAction\":[{\"@type\":\"ReadAction\",\"target\":[\"https:\\\/\\\/lubrimas.pe\\\/empresas\\\/productos\\\/vextrom-premium-atf-md3-mercon-dexron-iii\\\/\"]}]},{\"@type\":\"ImageObject\",\"inLanguage\":\"es\",\"@id\":\"https:\\\/\\\/lubrimas.pe\\\/empresas\\\/productos\\\/vextrom-premium-atf-md3-mercon-dexron-iii\\\/#primaryimage\",\"url\":\"https:\\\/\\\/lubrimas.pe\\\/empresas\\\/wp-content\\\/uploads\\\/sites\\\/2\\\/2024\\\/11\\\/lubrimaspe_b2b-mayor-empresas-aceite-de-transmision-automatica-multivehiculo-vextrom-premium-atf-mercon-dexron-iii-3-caja-12l-losolivos-lima-peru-1.webp\",\"contentUrl\":\"https:\\\/\\\/lubrimas.pe\\\/empresas\\\/wp-content\\\/uploads\\\/sites\\\/2\\\/2024\\\/11\\\/lubrimaspe_b2b-mayor-empresas-aceite-de-transmision-automatica-multivehiculo-vextrom-premium-atf-mercon-dexron-iii-3-caja-12l-losolivos-lima-peru-1.webp\",\"width\":850,\"height\":1000},{\"@type\":\"BreadcrumbList\",\"@id\":\"https:\\\/\\\/lubrimas.pe\\\/empresas\\\/productos\\\/vextrom-premium-atf-md3-mercon-dexron-iii\\\/#breadcrumb\",\"itemListElement\":[{\"@type\":\"ListItem\",\"position\":1,\"name\":\"Portada\",\"item\":\"https:\\\/\\\/lubrimas.pe\\\/empresas\\\/\"},{\"@type\":\"ListItem\",\"position\":2,\"name\":\"Lubricantes (Cat\u00e1logo)\",\"item\":\"https:\\\/\\\/lubrimas.pe\\\/empresas\\\/productos\\\/\"},{\"@type\":\"ListItem\",\"position\":3,\"name\":\"VEXTROM PREMIUM ATF MD3 MERCON\\\/DEXRON III\"}]},{\"@type\":\"WebSite\",\"@id\":\"https:\\\/\\\/lubrimas.pe\\\/empresas\\\/#website\",\"url\":\"https:\\\/\\\/lubrimas.pe\\\/empresas\\\/\",\"name\":\"Lubrim\u00e1s Empresas\",\"description\":\"Distribuidor Autorizado de Lubricantes para el sector Automotor e Industrial\",\"publisher\":{\"@id\":\"https:\\\/\\\/lubrimas.pe\\\/empresas\\\/#organization\"},\"potentialAction\":[{\"@type\":\"SearchAction\",\"target\":{\"@type\":\"EntryPoint\",\"urlTemplate\":\"https:\\\/\\\/lubrimas.pe\\\/empresas\\\/?s={search_term_string}\"},\"query-input\":{\"@type\":\"PropertyValueSpecification\",\"valueRequired\":true,\"valueName\":\"search_term_string\"}}],\"inLanguage\":\"es\"},{\"@type\":\"Organization\",\"@id\":\"https:\\\/\\\/lubrimas.pe\\\/empresas\\\/#organization\",\"name\":\"Lubrimas.pe\",\"url\":\"https:\\\/\\\/lubrimas.pe\\\/empresas\\\/\",\"logo\":{\"@type\":\"ImageObject\",\"inLanguage\":\"es\",\"@id\":\"https:\\\/\\\/lubrimas.pe\\\/empresas\\\/#\\\/schema\\\/logo\\\/image\\\/\",\"url\":\"https:\\\/\\\/lubrimas.pe\\\/empresas\\\/wp-content\\\/uploads\\\/sites\\\/2\\\/2022\\\/03\\\/tarjeta-empresas.webp\",\"contentUrl\":\"https:\\\/\\\/lubrimas.pe\\\/empresas\\\/wp-content\\\/uploads\\\/sites\\\/2\\\/2022\\\/03\\\/tarjeta-empresas.webp\",\"width\":250,\"height\":250,\"caption\":\"Lubrimas.pe\"},\"image\":{\"@id\":\"https:\\\/\\\/lubrimas.pe\\\/empresas\\\/#\\\/schema\\\/logo\\\/image\\\/\"},\"sameAs\":[\"https:\\\/\\\/www.facebook.com\\\/lubrimasperu\",\"https:\\\/\\\/www.instagram.com\\\/lubrimas_pe\",\"https:\\\/\\\/www.youtube.com\\\/channel\\\/UCkp38n2qqb8SU60_v_gaKlg\"]}]}<\/script>\n<!-- \/ Yoast SEO plugin. -->","yoast_head_json":{"title":"VEXTROM PREMIUM ATF MD3 MERCON\/DEXRON III - Lubrim\u00e1s Empresas","robots":{"index":"index","follow":"follow","max-snippet":"max-snippet:-1","max-image-preview":"max-image-preview:large","max-video-preview":"max-video-preview:-1"},"canonical":"https:\/\/lubrimas.pe\/empresas\/productos\/vextrom-premium-atf-md3-mercon-dexron-iii\/","og_locale":"es_ES","og_type":"article","og_title":"VEXTROM PREMIUM ATF MD3 MERCON\/DEXRON III - Lubrim\u00e1s Empresas","og_description":"VEXTROM PREMIUM MERC\/DEX III es un fluido Premium con modificadores de fricci\u00f3n, para trasmisiones autom\u00e1ticas de alta potencia y multiusos de autom\u00f3viles y camiones ligeros.","og_url":"https:\/\/lubrimas.pe\/empresas\/productos\/vextrom-premium-atf-md3-mercon-dexron-iii\/","og_site_name":"Lubrim\u00e1s Empresas","article_publisher":"https:\/\/www.facebook.com\/lubrimasperu","article_modified_time":"2024-11-26T21:57:07+00:00","og_image":[{"width":850,"height":1000,"url":"https:\/\/lubrimas.pe\/empresas\/wp-content\/uploads\/sites\/2\/2024\/11\/lubrimaspe_b2b-mayor-empresas-aceite-de-transmision-automatica-multivehiculo-vextrom-premium-atf-mercon-dexron-iii-3-caja-12l-losolivos-lima-peru-1.webp","type":"image\/webp"}],"twitter_card":"summary_large_image","twitter_misc":{"Tiempo de lectura":"1 minuto"},"schema":{"@context":"https:\/\/schema.org","@graph":[{"@type":"WebPage","@id":"https:\/\/lubrimas.pe\/empresas\/productos\/vextrom-premium-atf-md3-mercon-dexron-iii\/","url":"https:\/\/lubrimas.pe\/empresas\/productos\/vextrom-premium-atf-md3-mercon-dexron-iii\/","name":"VEXTROM PREMIUM ATF MD3 MERCON\/DEXRON III - Lubrim\u00e1s Empresas","isPartOf":{"@id":"https:\/\/lubrimas.pe\/empresas\/#website"},"primaryImageOfPage":{"@id":"https:\/\/lubrimas.pe\/empresas\/productos\/vextrom-premium-atf-md3-mercon-dexron-iii\/#primaryimage"},"image":{"@id":"https:\/\/lubrimas.pe\/empresas\/productos\/vextrom-premium-atf-md3-mercon-dexron-iii\/#primaryimage"},"thumbnailUrl":"https:\/\/lubrimas.pe\/empresas\/wp-content\/uploads\/sites\/2\/2024\/11\/lubrimaspe_b2b-mayor-empresas-aceite-de-transmision-automatica-multivehiculo-vextrom-premium-atf-mercon-dexron-iii-3-caja-12l-losolivos-lima-peru-1.webp","datePublished":"2022-01-20T17:07:38+00:00","dateModified":"2024-11-26T21:57:07+00:00","breadcrumb":{"@id":"https:\/\/lubrimas.pe\/empresas\/productos\/vextrom-premium-atf-md3-mercon-dexron-iii\/#breadcrumb"},"inLanguage":"es","potentialAction":[{"@type":"ReadAction","target":["https:\/\/lubrimas.pe\/empresas\/productos\/vextrom-premium-atf-md3-mercon-dexron-iii\/"]}]},{"@type":"ImageObject","inLanguage":"es","@id":"https:\/\/lubrimas.pe\/empresas\/productos\/vextrom-premium-atf-md3-mercon-dexron-iii\/#primaryimage","url":"https:\/\/lubrimas.pe\/empresas\/wp-content\/uploads\/sites\/2\/2024\/11\/lubrimaspe_b2b-mayor-empresas-aceite-de-transmision-automatica-multivehiculo-vextrom-premium-atf-mercon-dexron-iii-3-caja-12l-losolivos-lima-peru-1.webp","contentUrl":"https:\/\/lubrimas.pe\/empresas\/wp-content\/uploads\/sites\/2\/2024\/11\/lubrimaspe_b2b-mayor-empresas-aceite-de-transmision-automatica-multivehiculo-vextrom-premium-atf-mercon-dexron-iii-3-caja-12l-losolivos-lima-peru-1.webp","width":850,"height":1000},{"@type":"BreadcrumbList","@id":"https:\/\/lubrimas.pe\/empresas\/productos\/vextrom-premium-atf-md3-mercon-dexron-iii\/#breadcrumb","itemListElement":[{"@type":"ListItem","position":1,"name":"Portada","item":"https:\/\/lubrimas.pe\/empresas\/"},{"@type":"ListItem","position":2,"name":"Lubricantes (Cat\u00e1logo)","item":"https:\/\/lubrimas.pe\/empresas\/productos\/"},{"@type":"ListItem","position":3,"name":"VEXTROM PREMIUM ATF MD3 MERCON\/DEXRON III"}]},{"@type":"WebSite","@id":"https:\/\/lubrimas.pe\/empresas\/#website","url":"https:\/\/lubrimas.pe\/empresas\/","name":"Lubrim\u00e1s Empresas","description":"Distribuidor Autorizado de Lubricantes para el sector Automotor e Industrial","publisher":{"@id":"https:\/\/lubrimas.pe\/empresas\/#organization"},"potentialAction":[{"@type":"SearchAction","target":{"@type":"EntryPoint","urlTemplate":"https:\/\/lubrimas.pe\/empresas\/?s={search_term_string}"},"query-input":{"@type":"PropertyValueSpecification","valueRequired":true,"valueName":"search_term_string"}}],"inLanguage":"es"},{"@type":"Organization","@id":"https:\/\/lubrimas.pe\/empresas\/#organization","name":"Lubrimas.pe","url":"https:\/\/lubrimas.pe\/empresas\/","logo":{"@type":"ImageObject","inLanguage":"es","@id":"https:\/\/lubrimas.pe\/empresas\/#\/schema\/logo\/image\/","url":"https:\/\/lubrimas.pe\/empresas\/wp-content\/uploads\/sites\/2\/2022\/03\/tarjeta-empresas.webp","contentUrl":"https:\/\/lubrimas.pe\/empresas\/wp-content\/uploads\/sites\/2\/2022\/03\/tarjeta-empresas.webp","width":250,"height":250,"caption":"Lubrimas.pe"},"image":{"@id":"https:\/\/lubrimas.pe\/empresas\/#\/schema\/logo\/image\/"},"sameAs":["https:\/\/www.facebook.com\/lubrimasperu","https:\/\/www.instagram.com\/lubrimas_pe","https:\/\/www.youtube.com\/channel\/UCkp38n2qqb8SU60_v_gaKlg"]}]}},"_links":{"self":[{"href":"https:\/\/lubrimas.pe\/empresas\/wp-json\/wp\/v2\/product\/31","targetHints":{"allow":["GET"]}}],"collection":[{"href":"https:\/\/lubrimas.pe\/empresas\/wp-json\/wp\/v2\/product"}],"about":[{"href":"https:\/\/lubrimas.pe\/empresas\/wp-json\/wp\/v2\/types\/product"}],"replies":[{"embeddable":true,"href":"https:\/\/lubrimas.pe\/empresas\/wp-json\/wp\/v2\/comments?post=31"}],"wp:featuredmedia":[{"embeddable":true,"href":"https:\/\/lubrimas.pe\/empresas\/wp-json\/wp\/v2\/media\/2137"}],"wp:attachment":[{"href":"https:\/\/lubrimas.pe\/empresas\/wp-json\/wp\/v2\/media?parent=31"}],"wp:term":[{"taxonomy":"product_brand","embeddable":true,"href":"https:\/\/lubrimas.pe\/empresas\/wp-json\/wp\/v2\/product_brand?post=31"},{"taxonomy":"product_cat","embeddable":true,"href":"https:\/\/lubrimas.pe\/empresas\/wp-json\/wp\/v2\/product_cat?post=31"},{"taxonomy":"product_tag","embeddable":true,"href":"https:\/\/lubrimas.pe\/empresas\/wp-json\/wp\/v2\/product_tag?post=31"}],"curies":[{"name":"wp","href":"https:\/\/api.w.org\/{rel}","templated":true}]}}