{"id":33,"date":"2022-01-20T17:07:38","date_gmt":"2022-01-20T17:07:38","guid":{"rendered":"https:\/\/lubrimas.pe\/empresas\/?post_type=product&#038;p=33"},"modified":"2022-02-28T20:22:04","modified_gmt":"2022-02-28T20:22:04","slug":"shell-spirax-s4-cx-30w","status":"publish","type":"product","link":"https:\/\/lubrimas.pe\/empresas\/productos\/shell-spirax-s4-cx-30w\/","title":{"rendered":"SHELL SPIRAX S4 CX 30W"},"content":{"rendered":"","protected":false},"excerpt":{"rendered":"<p>Dise\u00f1ado para operar las unidades sin problemas y con la m\u00e1xima confianza durante toda la vida del equipo. Shell Spirax S4 CX cumple los requerimientos que demandan las transmisiones modernas, mandos finales, frenos en ba\u00f1o de aceites y sistemas hidr\u00e1ulicos instalados para servicio pesado fuera de carretera.<\/p>\n","protected":false},"featured_media":804,"comment_status":"closed","ping_status":"closed","template":"","meta":[],"product_brand":[],"product_cat":[23],"product_tag":[20],"class_list":{"0":"post-33","1":"product","2":"type-product","3":"status-publish","4":"has-post-thumbnail","6":"product_cat-transmisiones-linea-amarilla","7":"product_tag-industria-automotriz","8":"pa_marca-shell","9":"pa_presentacion-5gl-20lt","10":"pa_presentacion-cilindro-55gl","12":"first","13":"instock","14":"shipping-taxable","15":"purchasable","16":"product-type-variable","17":"has-default-attributes"},"yoast_head":"<!-- This site is optimized with the Yoast SEO plugin v27.1.1 - https:\/\/yoast.com\/product\/yoast-seo-wordpress\/ -->\n<title>SHELL SPIRAX S4 CX 30W - \u2705 Encu\u00e9ntralo en Lubrim\u00e1s Empresas<\/title>\n<meta name=\"description\" content=\"Shell Spirax S4 CX 30W est\u00e1 dise\u00f1ado para operar las unidades sin problemas y con lam\u00e1xima confianza durante toda la vida del equipo.\" \/>\n<meta name=\"robots\" content=\"index, follow, max-snippet:-1, max-image-preview:large, max-video-preview:-1\" \/>\n<link rel=\"canonical\" href=\"https:\/\/lubrimas.pe\/empresas\/productos\/shell-spirax-s4-cx-30w\/\" \/>\n<meta property=\"og:locale\" content=\"es_ES\" \/>\n<meta property=\"og:type\" content=\"article\" \/>\n<meta property=\"og:title\" content=\"SHELL SPIRAX S4 CX 30W - \u2705 Encu\u00e9ntralo en Lubrim\u00e1s Empresas\" \/>\n<meta property=\"og:description\" content=\"Shell Spirax S4 CX 30W est\u00e1 dise\u00f1ado para operar las unidades sin problemas y con lam\u00e1xima confianza durante toda la vida del equipo.\" \/>\n<meta property=\"og:url\" content=\"https:\/\/lubrimas.pe\/empresas\/productos\/shell-spirax-s4-cx-30w\/\" \/>\n<meta property=\"og:site_name\" content=\"Lubrim\u00e1s Empresas\" \/>\n<meta property=\"article:publisher\" content=\"https:\/\/www.facebook.com\/lubrimasperu\" \/>\n<meta property=\"article:modified_time\" content=\"2022-02-28T20:22:04+00:00\" \/>\n<meta property=\"og:image\" content=\"https:\/\/lubrimas.pe\/empresas\/wp-content\/uploads\/sites\/2\/2022\/02\/Lubrimasperu-aceites-industriales-lima-peru-los-olivos-SHELL-SPIRAX-S4CX-30W-5GLS-transmisiones-maquinaria-amarilla.caterpillar-cat-linea-amarilla.webp\" \/>\n\t<meta property=\"og:image:width\" content=\"850\" \/>\n\t<meta property=\"og:image:height\" content=\"1000\" \/>\n\t<meta property=\"og:image:type\" content=\"image\/webp\" \/>\n<meta name=\"twitter:card\" content=\"summary_large_image\" \/>\n<script type=\"application\/ld+json\" class=\"yoast-schema-graph\">{\"@context\":\"https:\/\/schema.org\",\"@graph\":[{\"@type\":\"WebPage\",\"@id\":\"https:\/\/lubrimas.pe\/empresas\/productos\/shell-spirax-s4-cx-30w\/\",\"url\":\"https:\/\/lubrimas.pe\/empresas\/productos\/shell-spirax-s4-cx-30w\/\",\"name\":\"SHELL SPIRAX S4 CX 30W - \u2705 Encu\u00e9ntralo en Lubrim\u00e1s Empresas\",\"isPartOf\":{\"@id\":\"https:\/\/lubrimas.pe\/empresas\/#website\"},\"primaryImageOfPage\":{\"@id\":\"https:\/\/lubrimas.pe\/empresas\/productos\/shell-spirax-s4-cx-30w\/#primaryimage\"},\"image\":{\"@id\":\"https:\/\/lubrimas.pe\/empresas\/productos\/shell-spirax-s4-cx-30w\/#primaryimage\"},\"thumbnailUrl\":\"https:\/\/lubrimas.pe\/empresas\/wp-content\/uploads\/sites\/2\/2022\/02\/Lubrimasperu-aceites-industriales-lima-peru-los-olivos-SHELL-SPIRAX-S4CX-30W-5GLS-transmisiones-maquinaria-amarilla.caterpillar-cat-linea-amarilla.webp\",\"datePublished\":\"2022-01-20T17:07:38+00:00\",\"dateModified\":\"2022-02-28T20:22:04+00:00\",\"description\":\"Shell Spirax S4 CX 30W est\u00e1 dise\u00f1ado para operar las unidades sin problemas y con lam\u00e1xima confianza durante toda la vida del equipo.\",\"breadcrumb\":{\"@id\":\"https:\/\/lubrimas.pe\/empresas\/productos\/shell-spirax-s4-cx-30w\/#breadcrumb\"},\"inLanguage\":\"es\",\"potentialAction\":[{\"@type\":\"ReadAction\",\"target\":[\"https:\/\/lubrimas.pe\/empresas\/productos\/shell-spirax-s4-cx-30w\/\"]}]},{\"@type\":\"ImageObject\",\"inLanguage\":\"es\",\"@id\":\"https:\/\/lubrimas.pe\/empresas\/productos\/shell-spirax-s4-cx-30w\/#primaryimage\",\"url\":\"https:\/\/lubrimas.pe\/empresas\/wp-content\/uploads\/sites\/2\/2022\/02\/Lubrimasperu-aceites-industriales-lima-peru-los-olivos-SHELL-SPIRAX-S4CX-30W-5GLS-transmisiones-maquinaria-amarilla.caterpillar-cat-linea-amarilla.webp\",\"contentUrl\":\"https:\/\/lubrimas.pe\/empresas\/wp-content\/uploads\/sites\/2\/2022\/02\/Lubrimasperu-aceites-industriales-lima-peru-los-olivos-SHELL-SPIRAX-S4CX-30W-5GLS-transmisiones-maquinaria-amarilla.caterpillar-cat-linea-amarilla.webp\",\"width\":850,\"height\":1000},{\"@type\":\"BreadcrumbList\",\"@id\":\"https:\/\/lubrimas.pe\/empresas\/productos\/shell-spirax-s4-cx-30w\/#breadcrumb\",\"itemListElement\":[{\"@type\":\"ListItem\",\"position\":1,\"name\":\"Portada\",\"item\":\"https:\/\/lubrimas.pe\/empresas\/\"},{\"@type\":\"ListItem\",\"position\":2,\"name\":\"Lubricantes (Cat\u00e1logo)\",\"item\":\"https:\/\/lubrimas.pe\/empresas\/productos\/\"},{\"@type\":\"ListItem\",\"position\":3,\"name\":\"SHELL SPIRAX S4 CX 30W\"}]},{\"@type\":\"WebSite\",\"@id\":\"https:\/\/lubrimas.pe\/empresas\/#website\",\"url\":\"https:\/\/lubrimas.pe\/empresas\/\",\"name\":\"Lubrim\u00e1s Empresas\",\"description\":\"Distribuidor Autorizado de Lubricantes para el sector Automotor e Industrial\",\"publisher\":{\"@id\":\"https:\/\/lubrimas.pe\/empresas\/#organization\"},\"potentialAction\":[{\"@type\":\"SearchAction\",\"target\":{\"@type\":\"EntryPoint\",\"urlTemplate\":\"https:\/\/lubrimas.pe\/empresas\/?s={search_term_string}\"},\"query-input\":{\"@type\":\"PropertyValueSpecification\",\"valueRequired\":true,\"valueName\":\"search_term_string\"}}],\"inLanguage\":\"es\"},{\"@type\":\"Organization\",\"@id\":\"https:\/\/lubrimas.pe\/empresas\/#organization\",\"name\":\"Lubrimas.pe\",\"url\":\"https:\/\/lubrimas.pe\/empresas\/\",\"logo\":{\"@type\":\"ImageObject\",\"inLanguage\":\"es\",\"@id\":\"https:\/\/lubrimas.pe\/empresas\/#\/schema\/logo\/image\/\",\"url\":\"https:\/\/lubrimas.pe\/empresas\/wp-content\/uploads\/sites\/2\/2022\/03\/tarjeta-empresas.webp\",\"contentUrl\":\"https:\/\/lubrimas.pe\/empresas\/wp-content\/uploads\/sites\/2\/2022\/03\/tarjeta-empresas.webp\",\"width\":250,\"height\":250,\"caption\":\"Lubrimas.pe\"},\"image\":{\"@id\":\"https:\/\/lubrimas.pe\/empresas\/#\/schema\/logo\/image\/\"},\"sameAs\":[\"https:\/\/www.facebook.com\/lubrimasperu\",\"https:\/\/www.instagram.com\/lubrimas_pe\",\"https:\/\/www.youtube.com\/channel\/UCkp38n2qqb8SU60_v_gaKlg\"]}]}<\/script>\n<!-- \/ Yoast SEO plugin. -->","yoast_head_json":{"title":"SHELL SPIRAX S4 CX 30W - \u2705 Encu\u00e9ntralo en Lubrim\u00e1s Empresas","description":"Shell Spirax S4 CX 30W est\u00e1 dise\u00f1ado para operar las unidades sin problemas y con lam\u00e1xima confianza durante toda la vida del equipo.","robots":{"index":"index","follow":"follow","max-snippet":"max-snippet:-1","max-image-preview":"max-image-preview:large","max-video-preview":"max-video-preview:-1"},"canonical":"https:\/\/lubrimas.pe\/empresas\/productos\/shell-spirax-s4-cx-30w\/","og_locale":"es_ES","og_type":"article","og_title":"SHELL SPIRAX S4 CX 30W - \u2705 Encu\u00e9ntralo en Lubrim\u00e1s Empresas","og_description":"Shell Spirax S4 CX 30W est\u00e1 dise\u00f1ado para operar las unidades sin problemas y con lam\u00e1xima confianza durante toda la vida del equipo.","og_url":"https:\/\/lubrimas.pe\/empresas\/productos\/shell-spirax-s4-cx-30w\/","og_site_name":"Lubrim\u00e1s Empresas","article_publisher":"https:\/\/www.facebook.com\/lubrimasperu","article_modified_time":"2022-02-28T20:22:04+00:00","og_image":[{"width":850,"height":1000,"url":"https:\/\/lubrimas.pe\/empresas\/wp-content\/uploads\/sites\/2\/2022\/02\/Lubrimasperu-aceites-industriales-lima-peru-los-olivos-SHELL-SPIRAX-S4CX-30W-5GLS-transmisiones-maquinaria-amarilla.caterpillar-cat-linea-amarilla.webp","type":"image\/webp"}],"twitter_card":"summary_large_image","schema":{"@context":"https:\/\/schema.org","@graph":[{"@type":"WebPage","@id":"https:\/\/lubrimas.pe\/empresas\/productos\/shell-spirax-s4-cx-30w\/","url":"https:\/\/lubrimas.pe\/empresas\/productos\/shell-spirax-s4-cx-30w\/","name":"SHELL SPIRAX S4 CX 30W - \u2705 Encu\u00e9ntralo en Lubrim\u00e1s Empresas","isPartOf":{"@id":"https:\/\/lubrimas.pe\/empresas\/#website"},"primaryImageOfPage":{"@id":"https:\/\/lubrimas.pe\/empresas\/productos\/shell-spirax-s4-cx-30w\/#primaryimage"},"image":{"@id":"https:\/\/lubrimas.pe\/empresas\/productos\/shell-spirax-s4-cx-30w\/#primaryimage"},"thumbnailUrl":"https:\/\/lubrimas.pe\/empresas\/wp-content\/uploads\/sites\/2\/2022\/02\/Lubrimasperu-aceites-industriales-lima-peru-los-olivos-SHELL-SPIRAX-S4CX-30W-5GLS-transmisiones-maquinaria-amarilla.caterpillar-cat-linea-amarilla.webp","datePublished":"2022-01-20T17:07:38+00:00","dateModified":"2022-02-28T20:22:04+00:00","description":"Shell Spirax S4 CX 30W est\u00e1 dise\u00f1ado para operar las unidades sin problemas y con lam\u00e1xima confianza durante toda la vida del equipo.","breadcrumb":{"@id":"https:\/\/lubrimas.pe\/empresas\/productos\/shell-spirax-s4-cx-30w\/#breadcrumb"},"inLanguage":"es","potentialAction":[{"@type":"ReadAction","target":["https:\/\/lubrimas.pe\/empresas\/productos\/shell-spirax-s4-cx-30w\/"]}]},{"@type":"ImageObject","inLanguage":"es","@id":"https:\/\/lubrimas.pe\/empresas\/productos\/shell-spirax-s4-cx-30w\/#primaryimage","url":"https:\/\/lubrimas.pe\/empresas\/wp-content\/uploads\/sites\/2\/2022\/02\/Lubrimasperu-aceites-industriales-lima-peru-los-olivos-SHELL-SPIRAX-S4CX-30W-5GLS-transmisiones-maquinaria-amarilla.caterpillar-cat-linea-amarilla.webp","contentUrl":"https:\/\/lubrimas.pe\/empresas\/wp-content\/uploads\/sites\/2\/2022\/02\/Lubrimasperu-aceites-industriales-lima-peru-los-olivos-SHELL-SPIRAX-S4CX-30W-5GLS-transmisiones-maquinaria-amarilla.caterpillar-cat-linea-amarilla.webp","width":850,"height":1000},{"@type":"BreadcrumbList","@id":"https:\/\/lubrimas.pe\/empresas\/productos\/shell-spirax-s4-cx-30w\/#breadcrumb","itemListElement":[{"@type":"ListItem","position":1,"name":"Portada","item":"https:\/\/lubrimas.pe\/empresas\/"},{"@type":"ListItem","position":2,"name":"Lubricantes (Cat\u00e1logo)","item":"https:\/\/lubrimas.pe\/empresas\/productos\/"},{"@type":"ListItem","position":3,"name":"SHELL SPIRAX S4 CX 30W"}]},{"@type":"WebSite","@id":"https:\/\/lubrimas.pe\/empresas\/#website","url":"https:\/\/lubrimas.pe\/empresas\/","name":"Lubrim\u00e1s Empresas","description":"Distribuidor Autorizado de Lubricantes para el sector Automotor e Industrial","publisher":{"@id":"https:\/\/lubrimas.pe\/empresas\/#organization"},"potentialAction":[{"@type":"SearchAction","target":{"@type":"EntryPoint","urlTemplate":"https:\/\/lubrimas.pe\/empresas\/?s={search_term_string}"},"query-input":{"@type":"PropertyValueSpecification","valueRequired":true,"valueName":"search_term_string"}}],"inLanguage":"es"},{"@type":"Organization","@id":"https:\/\/lubrimas.pe\/empresas\/#organization","name":"Lubrimas.pe","url":"https:\/\/lubrimas.pe\/empresas\/","logo":{"@type":"ImageObject","inLanguage":"es","@id":"https:\/\/lubrimas.pe\/empresas\/#\/schema\/logo\/image\/","url":"https:\/\/lubrimas.pe\/empresas\/wp-content\/uploads\/sites\/2\/2022\/03\/tarjeta-empresas.webp","contentUrl":"https:\/\/lubrimas.pe\/empresas\/wp-content\/uploads\/sites\/2\/2022\/03\/tarjeta-empresas.webp","width":250,"height":250,"caption":"Lubrimas.pe"},"image":{"@id":"https:\/\/lubrimas.pe\/empresas\/#\/schema\/logo\/image\/"},"sameAs":["https:\/\/www.facebook.com\/lubrimasperu","https:\/\/www.instagram.com\/lubrimas_pe","https:\/\/www.youtube.com\/channel\/UCkp38n2qqb8SU60_v_gaKlg"]}]}},"_links":{"self":[{"href":"https:\/\/lubrimas.pe\/empresas\/wp-json\/wp\/v2\/product\/33","targetHints":{"allow":["GET"]}}],"collection":[{"href":"https:\/\/lubrimas.pe\/empresas\/wp-json\/wp\/v2\/product"}],"about":[{"href":"https:\/\/lubrimas.pe\/empresas\/wp-json\/wp\/v2\/types\/product"}],"replies":[{"embeddable":true,"href":"https:\/\/lubrimas.pe\/empresas\/wp-json\/wp\/v2\/comments?post=33"}],"wp:featuredmedia":[{"embeddable":true,"href":"https:\/\/lubrimas.pe\/empresas\/wp-json\/wp\/v2\/media\/804"}],"wp:attachment":[{"href":"https:\/\/lubrimas.pe\/empresas\/wp-json\/wp\/v2\/media?parent=33"}],"wp:term":[{"taxonomy":"product_brand","embeddable":true,"href":"https:\/\/lubrimas.pe\/empresas\/wp-json\/wp\/v2\/product_brand?post=33"},{"taxonomy":"product_cat","embeddable":true,"href":"https:\/\/lubrimas.pe\/empresas\/wp-json\/wp\/v2\/product_cat?post=33"},{"taxonomy":"product_tag","embeddable":true,"href":"https:\/\/lubrimas.pe\/empresas\/wp-json\/wp\/v2\/product_tag?post=33"}],"curies":[{"name":"wp","href":"https:\/\/api.w.org\/{rel}","templated":true}]}}