{"id":34,"date":"2022-01-20T17:07:38","date_gmt":"2022-01-20T17:07:38","guid":{"rendered":"https:\/\/lubrimas.pe\/empresas\/?post_type=product&#038;p=34"},"modified":"2022-02-28T20:20:10","modified_gmt":"2022-02-28T20:20:10","slug":"valvoline-transmission-to-4-sae-10w","status":"publish","type":"product","link":"https:\/\/lubrimas.pe\/empresas\/productos\/valvoline-transmission-to-4-sae-10w\/","title":{"rendered":"VALVOLINE TRANSMISSION TO-4 SAE 10W"},"content":{"rendered":"","protected":false},"excerpt":{"rendered":"<p>Es un fluido dise\u00f1ado para transmisiones de equipos especialmente asignados a trabajos donde se requiere un \u00f3ptimo rendimiento en operaciones fuera de carretera.<\/p>\n","protected":false},"featured_media":807,"comment_status":"closed","ping_status":"closed","template":"","meta":[],"product_brand":[],"product_cat":[23],"product_tag":[20],"class_list":{"0":"post-34","1":"product","2":"type-product","3":"status-publish","4":"has-post-thumbnail","6":"product_cat-transmisiones-linea-amarilla","7":"product_tag-industria-automotriz","8":"pa_marca-valvoline","9":"pa_presentacion-5gl-20lt","10":"pa_presentacion-cilindro-55gl","12":"first","13":"instock","14":"shipping-taxable","15":"purchasable","16":"product-type-variable","17":"has-default-attributes"},"yoast_head":"<!-- This site is optimized with the Yoast SEO plugin v27.1.1 - https:\/\/yoast.com\/product\/yoast-seo-wordpress\/ -->\n<title>VALVOLINE TRANSMISSION TO-4 SAE 10W - Lubrim\u00e1s Empresas<\/title>\n<meta name=\"description\" content=\"Valvoline TRANSMISSION TO-4, dise\u00f1ado para transmisiones de equipos especialmenteasignados a trabajos donde se requiere un \u00f3ptimo rendimiento.\" \/>\n<meta name=\"robots\" content=\"index, follow, max-snippet:-1, max-image-preview:large, max-video-preview:-1\" \/>\n<link rel=\"canonical\" href=\"https:\/\/lubrimas.pe\/empresas\/productos\/valvoline-transmission-to-4-sae-10w\/\" \/>\n<meta property=\"og:locale\" content=\"es_ES\" \/>\n<meta property=\"og:type\" content=\"article\" \/>\n<meta property=\"og:title\" content=\"VALVOLINE TRANSMISSION TO-4 SAE 10W - Lubrim\u00e1s Empresas\" \/>\n<meta property=\"og:description\" content=\"Valvoline TRANSMISSION TO-4, dise\u00f1ado para transmisiones de equipos especialmenteasignados a trabajos donde se requiere un \u00f3ptimo rendimiento.\" \/>\n<meta property=\"og:url\" content=\"https:\/\/lubrimas.pe\/empresas\/productos\/valvoline-transmission-to-4-sae-10w\/\" \/>\n<meta property=\"og:site_name\" content=\"Lubrim\u00e1s Empresas\" \/>\n<meta property=\"article:publisher\" content=\"https:\/\/www.facebook.com\/lubrimasperu\" \/>\n<meta property=\"article:modified_time\" content=\"2022-02-28T20:20:10+00:00\" \/>\n<meta property=\"og:image\" content=\"https:\/\/lubrimas.pe\/empresas\/wp-content\/uploads\/sites\/2\/2022\/02\/lubrimasperu-aceite-valvoline-balde-20l-losolivos-lima-peru.webp\" \/>\n\t<meta property=\"og:image:width\" content=\"850\" \/>\n\t<meta property=\"og:image:height\" content=\"1000\" \/>\n\t<meta property=\"og:image:type\" content=\"image\/webp\" \/>\n<meta name=\"twitter:card\" content=\"summary_large_image\" \/>\n<script type=\"application\/ld+json\" class=\"yoast-schema-graph\">{\"@context\":\"https:\/\/schema.org\",\"@graph\":[{\"@type\":\"WebPage\",\"@id\":\"https:\/\/lubrimas.pe\/empresas\/productos\/valvoline-transmission-to-4-sae-10w\/\",\"url\":\"https:\/\/lubrimas.pe\/empresas\/productos\/valvoline-transmission-to-4-sae-10w\/\",\"name\":\"VALVOLINE TRANSMISSION TO-4 SAE 10W - Lubrim\u00e1s Empresas\",\"isPartOf\":{\"@id\":\"https:\/\/lubrimas.pe\/empresas\/#website\"},\"primaryImageOfPage\":{\"@id\":\"https:\/\/lubrimas.pe\/empresas\/productos\/valvoline-transmission-to-4-sae-10w\/#primaryimage\"},\"image\":{\"@id\":\"https:\/\/lubrimas.pe\/empresas\/productos\/valvoline-transmission-to-4-sae-10w\/#primaryimage\"},\"thumbnailUrl\":\"https:\/\/lubrimas.pe\/empresas\/wp-content\/uploads\/sites\/2\/2022\/02\/lubrimasperu-aceite-valvoline-balde-20l-losolivos-lima-peru.webp\",\"datePublished\":\"2022-01-20T17:07:38+00:00\",\"dateModified\":\"2022-02-28T20:20:10+00:00\",\"description\":\"Valvoline TRANSMISSION TO-4, dise\u00f1ado para transmisiones de equipos especialmenteasignados a trabajos donde se requiere un \u00f3ptimo rendimiento.\",\"breadcrumb\":{\"@id\":\"https:\/\/lubrimas.pe\/empresas\/productos\/valvoline-transmission-to-4-sae-10w\/#breadcrumb\"},\"inLanguage\":\"es\",\"potentialAction\":[{\"@type\":\"ReadAction\",\"target\":[\"https:\/\/lubrimas.pe\/empresas\/productos\/valvoline-transmission-to-4-sae-10w\/\"]}]},{\"@type\":\"ImageObject\",\"inLanguage\":\"es\",\"@id\":\"https:\/\/lubrimas.pe\/empresas\/productos\/valvoline-transmission-to-4-sae-10w\/#primaryimage\",\"url\":\"https:\/\/lubrimas.pe\/empresas\/wp-content\/uploads\/sites\/2\/2022\/02\/lubrimasperu-aceite-valvoline-balde-20l-losolivos-lima-peru.webp\",\"contentUrl\":\"https:\/\/lubrimas.pe\/empresas\/wp-content\/uploads\/sites\/2\/2022\/02\/lubrimasperu-aceite-valvoline-balde-20l-losolivos-lima-peru.webp\",\"width\":850,\"height\":1000},{\"@type\":\"BreadcrumbList\",\"@id\":\"https:\/\/lubrimas.pe\/empresas\/productos\/valvoline-transmission-to-4-sae-10w\/#breadcrumb\",\"itemListElement\":[{\"@type\":\"ListItem\",\"position\":1,\"name\":\"Portada\",\"item\":\"https:\/\/lubrimas.pe\/empresas\/\"},{\"@type\":\"ListItem\",\"position\":2,\"name\":\"Lubricantes (Cat\u00e1logo)\",\"item\":\"https:\/\/lubrimas.pe\/empresas\/productos\/\"},{\"@type\":\"ListItem\",\"position\":3,\"name\":\"VALVOLINE TRANSMISSION TO-4 SAE 10W\"}]},{\"@type\":\"WebSite\",\"@id\":\"https:\/\/lubrimas.pe\/empresas\/#website\",\"url\":\"https:\/\/lubrimas.pe\/empresas\/\",\"name\":\"Lubrim\u00e1s Empresas\",\"description\":\"Distribuidor Autorizado de Lubricantes para el sector Automotor e Industrial\",\"publisher\":{\"@id\":\"https:\/\/lubrimas.pe\/empresas\/#organization\"},\"potentialAction\":[{\"@type\":\"SearchAction\",\"target\":{\"@type\":\"EntryPoint\",\"urlTemplate\":\"https:\/\/lubrimas.pe\/empresas\/?s={search_term_string}\"},\"query-input\":{\"@type\":\"PropertyValueSpecification\",\"valueRequired\":true,\"valueName\":\"search_term_string\"}}],\"inLanguage\":\"es\"},{\"@type\":\"Organization\",\"@id\":\"https:\/\/lubrimas.pe\/empresas\/#organization\",\"name\":\"Lubrimas.pe\",\"url\":\"https:\/\/lubrimas.pe\/empresas\/\",\"logo\":{\"@type\":\"ImageObject\",\"inLanguage\":\"es\",\"@id\":\"https:\/\/lubrimas.pe\/empresas\/#\/schema\/logo\/image\/\",\"url\":\"https:\/\/lubrimas.pe\/empresas\/wp-content\/uploads\/sites\/2\/2022\/03\/tarjeta-empresas.webp\",\"contentUrl\":\"https:\/\/lubrimas.pe\/empresas\/wp-content\/uploads\/sites\/2\/2022\/03\/tarjeta-empresas.webp\",\"width\":250,\"height\":250,\"caption\":\"Lubrimas.pe\"},\"image\":{\"@id\":\"https:\/\/lubrimas.pe\/empresas\/#\/schema\/logo\/image\/\"},\"sameAs\":[\"https:\/\/www.facebook.com\/lubrimasperu\",\"https:\/\/www.instagram.com\/lubrimas_pe\",\"https:\/\/www.youtube.com\/channel\/UCkp38n2qqb8SU60_v_gaKlg\"]}]}<\/script>\n<!-- \/ Yoast SEO plugin. -->","yoast_head_json":{"title":"VALVOLINE TRANSMISSION TO-4 SAE 10W - Lubrim\u00e1s Empresas","description":"Valvoline TRANSMISSION TO-4, dise\u00f1ado para transmisiones de equipos especialmenteasignados a trabajos donde se requiere un \u00f3ptimo rendimiento.","robots":{"index":"index","follow":"follow","max-snippet":"max-snippet:-1","max-image-preview":"max-image-preview:large","max-video-preview":"max-video-preview:-1"},"canonical":"https:\/\/lubrimas.pe\/empresas\/productos\/valvoline-transmission-to-4-sae-10w\/","og_locale":"es_ES","og_type":"article","og_title":"VALVOLINE TRANSMISSION TO-4 SAE 10W - Lubrim\u00e1s Empresas","og_description":"Valvoline TRANSMISSION TO-4, dise\u00f1ado para transmisiones de equipos especialmenteasignados a trabajos donde se requiere un \u00f3ptimo rendimiento.","og_url":"https:\/\/lubrimas.pe\/empresas\/productos\/valvoline-transmission-to-4-sae-10w\/","og_site_name":"Lubrim\u00e1s Empresas","article_publisher":"https:\/\/www.facebook.com\/lubrimasperu","article_modified_time":"2022-02-28T20:20:10+00:00","og_image":[{"width":850,"height":1000,"url":"https:\/\/lubrimas.pe\/empresas\/wp-content\/uploads\/sites\/2\/2022\/02\/lubrimasperu-aceite-valvoline-balde-20l-losolivos-lima-peru.webp","type":"image\/webp"}],"twitter_card":"summary_large_image","schema":{"@context":"https:\/\/schema.org","@graph":[{"@type":"WebPage","@id":"https:\/\/lubrimas.pe\/empresas\/productos\/valvoline-transmission-to-4-sae-10w\/","url":"https:\/\/lubrimas.pe\/empresas\/productos\/valvoline-transmission-to-4-sae-10w\/","name":"VALVOLINE TRANSMISSION TO-4 SAE 10W - Lubrim\u00e1s Empresas","isPartOf":{"@id":"https:\/\/lubrimas.pe\/empresas\/#website"},"primaryImageOfPage":{"@id":"https:\/\/lubrimas.pe\/empresas\/productos\/valvoline-transmission-to-4-sae-10w\/#primaryimage"},"image":{"@id":"https:\/\/lubrimas.pe\/empresas\/productos\/valvoline-transmission-to-4-sae-10w\/#primaryimage"},"thumbnailUrl":"https:\/\/lubrimas.pe\/empresas\/wp-content\/uploads\/sites\/2\/2022\/02\/lubrimasperu-aceite-valvoline-balde-20l-losolivos-lima-peru.webp","datePublished":"2022-01-20T17:07:38+00:00","dateModified":"2022-02-28T20:20:10+00:00","description":"Valvoline TRANSMISSION TO-4, dise\u00f1ado para transmisiones de equipos especialmenteasignados a trabajos donde se requiere un \u00f3ptimo rendimiento.","breadcrumb":{"@id":"https:\/\/lubrimas.pe\/empresas\/productos\/valvoline-transmission-to-4-sae-10w\/#breadcrumb"},"inLanguage":"es","potentialAction":[{"@type":"ReadAction","target":["https:\/\/lubrimas.pe\/empresas\/productos\/valvoline-transmission-to-4-sae-10w\/"]}]},{"@type":"ImageObject","inLanguage":"es","@id":"https:\/\/lubrimas.pe\/empresas\/productos\/valvoline-transmission-to-4-sae-10w\/#primaryimage","url":"https:\/\/lubrimas.pe\/empresas\/wp-content\/uploads\/sites\/2\/2022\/02\/lubrimasperu-aceite-valvoline-balde-20l-losolivos-lima-peru.webp","contentUrl":"https:\/\/lubrimas.pe\/empresas\/wp-content\/uploads\/sites\/2\/2022\/02\/lubrimasperu-aceite-valvoline-balde-20l-losolivos-lima-peru.webp","width":850,"height":1000},{"@type":"BreadcrumbList","@id":"https:\/\/lubrimas.pe\/empresas\/productos\/valvoline-transmission-to-4-sae-10w\/#breadcrumb","itemListElement":[{"@type":"ListItem","position":1,"name":"Portada","item":"https:\/\/lubrimas.pe\/empresas\/"},{"@type":"ListItem","position":2,"name":"Lubricantes (Cat\u00e1logo)","item":"https:\/\/lubrimas.pe\/empresas\/productos\/"},{"@type":"ListItem","position":3,"name":"VALVOLINE TRANSMISSION TO-4 SAE 10W"}]},{"@type":"WebSite","@id":"https:\/\/lubrimas.pe\/empresas\/#website","url":"https:\/\/lubrimas.pe\/empresas\/","name":"Lubrim\u00e1s Empresas","description":"Distribuidor Autorizado de Lubricantes para el sector Automotor e Industrial","publisher":{"@id":"https:\/\/lubrimas.pe\/empresas\/#organization"},"potentialAction":[{"@type":"SearchAction","target":{"@type":"EntryPoint","urlTemplate":"https:\/\/lubrimas.pe\/empresas\/?s={search_term_string}"},"query-input":{"@type":"PropertyValueSpecification","valueRequired":true,"valueName":"search_term_string"}}],"inLanguage":"es"},{"@type":"Organization","@id":"https:\/\/lubrimas.pe\/empresas\/#organization","name":"Lubrimas.pe","url":"https:\/\/lubrimas.pe\/empresas\/","logo":{"@type":"ImageObject","inLanguage":"es","@id":"https:\/\/lubrimas.pe\/empresas\/#\/schema\/logo\/image\/","url":"https:\/\/lubrimas.pe\/empresas\/wp-content\/uploads\/sites\/2\/2022\/03\/tarjeta-empresas.webp","contentUrl":"https:\/\/lubrimas.pe\/empresas\/wp-content\/uploads\/sites\/2\/2022\/03\/tarjeta-empresas.webp","width":250,"height":250,"caption":"Lubrimas.pe"},"image":{"@id":"https:\/\/lubrimas.pe\/empresas\/#\/schema\/logo\/image\/"},"sameAs":["https:\/\/www.facebook.com\/lubrimasperu","https:\/\/www.instagram.com\/lubrimas_pe","https:\/\/www.youtube.com\/channel\/UCkp38n2qqb8SU60_v_gaKlg"]}]}},"_links":{"self":[{"href":"https:\/\/lubrimas.pe\/empresas\/wp-json\/wp\/v2\/product\/34","targetHints":{"allow":["GET"]}}],"collection":[{"href":"https:\/\/lubrimas.pe\/empresas\/wp-json\/wp\/v2\/product"}],"about":[{"href":"https:\/\/lubrimas.pe\/empresas\/wp-json\/wp\/v2\/types\/product"}],"replies":[{"embeddable":true,"href":"https:\/\/lubrimas.pe\/empresas\/wp-json\/wp\/v2\/comments?post=34"}],"wp:featuredmedia":[{"embeddable":true,"href":"https:\/\/lubrimas.pe\/empresas\/wp-json\/wp\/v2\/media\/807"}],"wp:attachment":[{"href":"https:\/\/lubrimas.pe\/empresas\/wp-json\/wp\/v2\/media?parent=34"}],"wp:term":[{"taxonomy":"product_brand","embeddable":true,"href":"https:\/\/lubrimas.pe\/empresas\/wp-json\/wp\/v2\/product_brand?post=34"},{"taxonomy":"product_cat","embeddable":true,"href":"https:\/\/lubrimas.pe\/empresas\/wp-json\/wp\/v2\/product_cat?post=34"},{"taxonomy":"product_tag","embeddable":true,"href":"https:\/\/lubrimas.pe\/empresas\/wp-json\/wp\/v2\/product_tag?post=34"}],"curies":[{"name":"wp","href":"https:\/\/api.w.org\/{rel}","templated":true}]}}