{"id":398,"date":"2022-01-20T17:09:24","date_gmt":"2022-01-20T17:09:24","guid":{"rendered":"https:\/\/lubrimas.pe\/empresas\/?post_type=product&#038;p=398"},"modified":"2025-11-28T11:27:53","modified_gmt":"2025-11-28T16:27:53","slug":"mobil-delvac-15w40-mx-esp-api-ck-4","status":"publish","type":"product","link":"https:\/\/lubrimas.pe\/empresas\/productos\/mobil-delvac-15w40-mx-esp-api-ck-4\/","title":{"rendered":"MOBIL DELVAC MODERN SAE 15w40 TECN SINT\u00c9TICA CK-4"},"content":{"rendered":"<p>&nbsp;<\/p>\n<p>&nbsp;<\/p>\n","protected":false},"excerpt":{"rendered":"<p><strong>Mobil Delvac Modern\u2122 15W-40 Full Protection<\/strong> es un aceite de tecnolog\u00eda sint\u00e9tica para motores di\u00e9sel que ayuda a prolongar la vida \u00fatil del motor, lo cual le permite operar su negocio con confianza. Este producto cumple o excede los requisitos de los fabricantes de equipos originales (OEM) y ofrece un alto desempe\u00f1o en aplicaciones tanto dentro como fuera de la carretera.<\/p>\n","protected":false},"featured_media":2444,"comment_status":"closed","ping_status":"closed","template":"","meta":[],"product_brand":[],"product_cat":[19],"product_tag":[20],"class_list":{"0":"post-398","1":"product","2":"type-product","3":"status-publish","4":"has-post-thumbnail","6":"product_cat-motor-diesel","7":"product_tag-industria-automotriz","8":"pa_marca-mobil","9":"pa_presentacion-5gl-18-90l","10":"pa_presentacion-5gl-20lt","11":"pa_presentacion-cilindro-55gl","12":"pa_presentacion-galon-3-78lt","14":"first","15":"instock","16":"taxable","17":"shipping-taxable","18":"purchasable","19":"product-type-variable","20":"has-default-attributes"},"yoast_head":"<!-- This site is optimized with the Yoast SEO plugin v27.4 - https:\/\/yoast.com\/product\/yoast-seo-wordpress\/ -->\n<title>MOBIL DELVAC MODERN SAE 15w40 TECN SINT\u00c9TICA CK-4 - Lubrim\u00e1s Empresas<\/title>\n<meta name=\"robots\" content=\"index, follow, max-snippet:-1, max-image-preview:large, max-video-preview:-1\" \/>\n<link rel=\"canonical\" href=\"https:\/\/lubrimas.pe\/empresas\/productos\/mobil-delvac-15w40-mx-esp-api-ck-4\/\" \/>\n<meta property=\"og:locale\" content=\"es_ES\" \/>\n<meta property=\"og:type\" content=\"article\" \/>\n<meta property=\"og:title\" content=\"MOBIL DELVAC MODERN SAE 15w40 TECN SINT\u00c9TICA CK-4 - Lubrim\u00e1s Empresas\" \/>\n<meta property=\"og:description\" content=\"Mobil Delvac Modern\u2122 15W-40 Full Protection es un aceite de tecnolog\u00eda sint\u00e9tica para motores di\u00e9sel que ayuda a prolongar la vida \u00fatil del motor, lo cual le permite operar su negocio con confianza. Este producto cumple o excede los requisitos de los fabricantes de equipos originales (OEM) y ofrece un alto desempe\u00f1o en aplicaciones tanto dentro como fuera de la carretera.\" \/>\n<meta property=\"og:url\" content=\"https:\/\/lubrimas.pe\/empresas\/productos\/mobil-delvac-15w40-mx-esp-api-ck-4\/\" \/>\n<meta property=\"og:site_name\" content=\"Lubrim\u00e1s Empresas\" \/>\n<meta property=\"article:publisher\" content=\"https:\/\/www.facebook.com\/lubrimasperu\" \/>\n<meta property=\"article:modified_time\" content=\"2025-11-28T16:27:53+00:00\" \/>\n<meta property=\"og:image\" content=\"https:\/\/lubrimas.pe\/empresas\/wp-content\/uploads\/sites\/2\/2022\/01\/mobil-delvac-15w40-tecnologia-protection-1.png\" \/>\n\t<meta property=\"og:image:width\" content=\"850\" \/>\n\t<meta property=\"og:image:height\" content=\"1000\" \/>\n\t<meta property=\"og:image:type\" content=\"image\/png\" \/>\n<meta name=\"twitter:card\" content=\"summary_large_image\" \/>\n<script type=\"application\/ld+json\" class=\"yoast-schema-graph\">{\"@context\":\"https:\\\/\\\/schema.org\",\"@graph\":[{\"@type\":\"WebPage\",\"@id\":\"https:\\\/\\\/lubrimas.pe\\\/empresas\\\/productos\\\/mobil-delvac-15w40-mx-esp-api-ck-4\\\/\",\"url\":\"https:\\\/\\\/lubrimas.pe\\\/empresas\\\/productos\\\/mobil-delvac-15w40-mx-esp-api-ck-4\\\/\",\"name\":\"MOBIL DELVAC MODERN SAE 15w40 TECN SINT\u00c9TICA CK-4 - Lubrim\u00e1s Empresas\",\"isPartOf\":{\"@id\":\"https:\\\/\\\/lubrimas.pe\\\/empresas\\\/#website\"},\"primaryImageOfPage\":{\"@id\":\"https:\\\/\\\/lubrimas.pe\\\/empresas\\\/productos\\\/mobil-delvac-15w40-mx-esp-api-ck-4\\\/#primaryimage\"},\"image\":{\"@id\":\"https:\\\/\\\/lubrimas.pe\\\/empresas\\\/productos\\\/mobil-delvac-15w40-mx-esp-api-ck-4\\\/#primaryimage\"},\"thumbnailUrl\":\"https:\\\/\\\/lubrimas.pe\\\/empresas\\\/wp-content\\\/uploads\\\/sites\\\/2\\\/2022\\\/01\\\/mobil-delvac-15w40-tecnologia-protection-1.png\",\"datePublished\":\"2022-01-20T17:09:24+00:00\",\"dateModified\":\"2025-11-28T16:27:53+00:00\",\"breadcrumb\":{\"@id\":\"https:\\\/\\\/lubrimas.pe\\\/empresas\\\/productos\\\/mobil-delvac-15w40-mx-esp-api-ck-4\\\/#breadcrumb\"},\"inLanguage\":\"es\",\"potentialAction\":[{\"@type\":\"ReadAction\",\"target\":[\"https:\\\/\\\/lubrimas.pe\\\/empresas\\\/productos\\\/mobil-delvac-15w40-mx-esp-api-ck-4\\\/\"]}]},{\"@type\":\"ImageObject\",\"inLanguage\":\"es\",\"@id\":\"https:\\\/\\\/lubrimas.pe\\\/empresas\\\/productos\\\/mobil-delvac-15w40-mx-esp-api-ck-4\\\/#primaryimage\",\"url\":\"https:\\\/\\\/lubrimas.pe\\\/empresas\\\/wp-content\\\/uploads\\\/sites\\\/2\\\/2022\\\/01\\\/mobil-delvac-15w40-tecnologia-protection-1.png\",\"contentUrl\":\"https:\\\/\\\/lubrimas.pe\\\/empresas\\\/wp-content\\\/uploads\\\/sites\\\/2\\\/2022\\\/01\\\/mobil-delvac-15w40-tecnologia-protection-1.png\",\"width\":850,\"height\":1000},{\"@type\":\"BreadcrumbList\",\"@id\":\"https:\\\/\\\/lubrimas.pe\\\/empresas\\\/productos\\\/mobil-delvac-15w40-mx-esp-api-ck-4\\\/#breadcrumb\",\"itemListElement\":[{\"@type\":\"ListItem\",\"position\":1,\"name\":\"Portada\",\"item\":\"https:\\\/\\\/lubrimas.pe\\\/empresas\\\/\"},{\"@type\":\"ListItem\",\"position\":2,\"name\":\"Lubricantes (Cat\u00e1logo)\",\"item\":\"https:\\\/\\\/lubrimas.pe\\\/empresas\\\/productos\\\/\"},{\"@type\":\"ListItem\",\"position\":3,\"name\":\"MOBIL DELVAC MODERN SAE 15w40 TECN SINT\u00c9TICA CK-4\"}]},{\"@type\":\"WebSite\",\"@id\":\"https:\\\/\\\/lubrimas.pe\\\/empresas\\\/#website\",\"url\":\"https:\\\/\\\/lubrimas.pe\\\/empresas\\\/\",\"name\":\"Lubrim\u00e1s Empresas\",\"description\":\"Distribuidor Autorizado de Lubricantes para el sector Automotor e Industrial\",\"publisher\":{\"@id\":\"https:\\\/\\\/lubrimas.pe\\\/empresas\\\/#organization\"},\"potentialAction\":[{\"@type\":\"SearchAction\",\"target\":{\"@type\":\"EntryPoint\",\"urlTemplate\":\"https:\\\/\\\/lubrimas.pe\\\/empresas\\\/?s={search_term_string}\"},\"query-input\":{\"@type\":\"PropertyValueSpecification\",\"valueRequired\":true,\"valueName\":\"search_term_string\"}}],\"inLanguage\":\"es\"},{\"@type\":\"Organization\",\"@id\":\"https:\\\/\\\/lubrimas.pe\\\/empresas\\\/#organization\",\"name\":\"Lubrimas.pe\",\"url\":\"https:\\\/\\\/lubrimas.pe\\\/empresas\\\/\",\"logo\":{\"@type\":\"ImageObject\",\"inLanguage\":\"es\",\"@id\":\"https:\\\/\\\/lubrimas.pe\\\/empresas\\\/#\\\/schema\\\/logo\\\/image\\\/\",\"url\":\"https:\\\/\\\/lubrimas.pe\\\/empresas\\\/wp-content\\\/uploads\\\/sites\\\/2\\\/2022\\\/03\\\/tarjeta-empresas.webp\",\"contentUrl\":\"https:\\\/\\\/lubrimas.pe\\\/empresas\\\/wp-content\\\/uploads\\\/sites\\\/2\\\/2022\\\/03\\\/tarjeta-empresas.webp\",\"width\":250,\"height\":250,\"caption\":\"Lubrimas.pe\"},\"image\":{\"@id\":\"https:\\\/\\\/lubrimas.pe\\\/empresas\\\/#\\\/schema\\\/logo\\\/image\\\/\"},\"sameAs\":[\"https:\\\/\\\/www.facebook.com\\\/lubrimasperu\",\"https:\\\/\\\/www.instagram.com\\\/lubrimas_pe\",\"https:\\\/\\\/www.youtube.com\\\/channel\\\/UCkp38n2qqb8SU60_v_gaKlg\"]}]}<\/script>\n<!-- \/ Yoast SEO plugin. -->","yoast_head_json":{"title":"MOBIL DELVAC MODERN SAE 15w40 TECN SINT\u00c9TICA CK-4 - Lubrim\u00e1s Empresas","robots":{"index":"index","follow":"follow","max-snippet":"max-snippet:-1","max-image-preview":"max-image-preview:large","max-video-preview":"max-video-preview:-1"},"canonical":"https:\/\/lubrimas.pe\/empresas\/productos\/mobil-delvac-15w40-mx-esp-api-ck-4\/","og_locale":"es_ES","og_type":"article","og_title":"MOBIL DELVAC MODERN SAE 15w40 TECN SINT\u00c9TICA CK-4 - Lubrim\u00e1s Empresas","og_description":"Mobil Delvac Modern\u2122 15W-40 Full Protection es un aceite de tecnolog\u00eda sint\u00e9tica para motores di\u00e9sel que ayuda a prolongar la vida \u00fatil del motor, lo cual le permite operar su negocio con confianza. Este producto cumple o excede los requisitos de los fabricantes de equipos originales (OEM) y ofrece un alto desempe\u00f1o en aplicaciones tanto dentro como fuera de la carretera.","og_url":"https:\/\/lubrimas.pe\/empresas\/productos\/mobil-delvac-15w40-mx-esp-api-ck-4\/","og_site_name":"Lubrim\u00e1s Empresas","article_publisher":"https:\/\/www.facebook.com\/lubrimasperu","article_modified_time":"2025-11-28T16:27:53+00:00","og_image":[{"width":850,"height":1000,"url":"https:\/\/lubrimas.pe\/empresas\/wp-content\/uploads\/sites\/2\/2022\/01\/mobil-delvac-15w40-tecnologia-protection-1.png","type":"image\/png"}],"twitter_card":"summary_large_image","schema":{"@context":"https:\/\/schema.org","@graph":[{"@type":"WebPage","@id":"https:\/\/lubrimas.pe\/empresas\/productos\/mobil-delvac-15w40-mx-esp-api-ck-4\/","url":"https:\/\/lubrimas.pe\/empresas\/productos\/mobil-delvac-15w40-mx-esp-api-ck-4\/","name":"MOBIL DELVAC MODERN SAE 15w40 TECN SINT\u00c9TICA CK-4 - Lubrim\u00e1s Empresas","isPartOf":{"@id":"https:\/\/lubrimas.pe\/empresas\/#website"},"primaryImageOfPage":{"@id":"https:\/\/lubrimas.pe\/empresas\/productos\/mobil-delvac-15w40-mx-esp-api-ck-4\/#primaryimage"},"image":{"@id":"https:\/\/lubrimas.pe\/empresas\/productos\/mobil-delvac-15w40-mx-esp-api-ck-4\/#primaryimage"},"thumbnailUrl":"https:\/\/lubrimas.pe\/empresas\/wp-content\/uploads\/sites\/2\/2022\/01\/mobil-delvac-15w40-tecnologia-protection-1.png","datePublished":"2022-01-20T17:09:24+00:00","dateModified":"2025-11-28T16:27:53+00:00","breadcrumb":{"@id":"https:\/\/lubrimas.pe\/empresas\/productos\/mobil-delvac-15w40-mx-esp-api-ck-4\/#breadcrumb"},"inLanguage":"es","potentialAction":[{"@type":"ReadAction","target":["https:\/\/lubrimas.pe\/empresas\/productos\/mobil-delvac-15w40-mx-esp-api-ck-4\/"]}]},{"@type":"ImageObject","inLanguage":"es","@id":"https:\/\/lubrimas.pe\/empresas\/productos\/mobil-delvac-15w40-mx-esp-api-ck-4\/#primaryimage","url":"https:\/\/lubrimas.pe\/empresas\/wp-content\/uploads\/sites\/2\/2022\/01\/mobil-delvac-15w40-tecnologia-protection-1.png","contentUrl":"https:\/\/lubrimas.pe\/empresas\/wp-content\/uploads\/sites\/2\/2022\/01\/mobil-delvac-15w40-tecnologia-protection-1.png","width":850,"height":1000},{"@type":"BreadcrumbList","@id":"https:\/\/lubrimas.pe\/empresas\/productos\/mobil-delvac-15w40-mx-esp-api-ck-4\/#breadcrumb","itemListElement":[{"@type":"ListItem","position":1,"name":"Portada","item":"https:\/\/lubrimas.pe\/empresas\/"},{"@type":"ListItem","position":2,"name":"Lubricantes (Cat\u00e1logo)","item":"https:\/\/lubrimas.pe\/empresas\/productos\/"},{"@type":"ListItem","position":3,"name":"MOBIL DELVAC MODERN SAE 15w40 TECN SINT\u00c9TICA CK-4"}]},{"@type":"WebSite","@id":"https:\/\/lubrimas.pe\/empresas\/#website","url":"https:\/\/lubrimas.pe\/empresas\/","name":"Lubrim\u00e1s Empresas","description":"Distribuidor Autorizado de Lubricantes para el sector Automotor e Industrial","publisher":{"@id":"https:\/\/lubrimas.pe\/empresas\/#organization"},"potentialAction":[{"@type":"SearchAction","target":{"@type":"EntryPoint","urlTemplate":"https:\/\/lubrimas.pe\/empresas\/?s={search_term_string}"},"query-input":{"@type":"PropertyValueSpecification","valueRequired":true,"valueName":"search_term_string"}}],"inLanguage":"es"},{"@type":"Organization","@id":"https:\/\/lubrimas.pe\/empresas\/#organization","name":"Lubrimas.pe","url":"https:\/\/lubrimas.pe\/empresas\/","logo":{"@type":"ImageObject","inLanguage":"es","@id":"https:\/\/lubrimas.pe\/empresas\/#\/schema\/logo\/image\/","url":"https:\/\/lubrimas.pe\/empresas\/wp-content\/uploads\/sites\/2\/2022\/03\/tarjeta-empresas.webp","contentUrl":"https:\/\/lubrimas.pe\/empresas\/wp-content\/uploads\/sites\/2\/2022\/03\/tarjeta-empresas.webp","width":250,"height":250,"caption":"Lubrimas.pe"},"image":{"@id":"https:\/\/lubrimas.pe\/empresas\/#\/schema\/logo\/image\/"},"sameAs":["https:\/\/www.facebook.com\/lubrimasperu","https:\/\/www.instagram.com\/lubrimas_pe","https:\/\/www.youtube.com\/channel\/UCkp38n2qqb8SU60_v_gaKlg"]}]}},"_links":{"self":[{"href":"https:\/\/lubrimas.pe\/empresas\/wp-json\/wp\/v2\/product\/398","targetHints":{"allow":["GET"]}}],"collection":[{"href":"https:\/\/lubrimas.pe\/empresas\/wp-json\/wp\/v2\/product"}],"about":[{"href":"https:\/\/lubrimas.pe\/empresas\/wp-json\/wp\/v2\/types\/product"}],"replies":[{"embeddable":true,"href":"https:\/\/lubrimas.pe\/empresas\/wp-json\/wp\/v2\/comments?post=398"}],"wp:featuredmedia":[{"embeddable":true,"href":"https:\/\/lubrimas.pe\/empresas\/wp-json\/wp\/v2\/media\/2444"}],"wp:attachment":[{"href":"https:\/\/lubrimas.pe\/empresas\/wp-json\/wp\/v2\/media?parent=398"}],"wp:term":[{"taxonomy":"product_brand","embeddable":true,"href":"https:\/\/lubrimas.pe\/empresas\/wp-json\/wp\/v2\/product_brand?post=398"},{"taxonomy":"product_cat","embeddable":true,"href":"https:\/\/lubrimas.pe\/empresas\/wp-json\/wp\/v2\/product_cat?post=398"},{"taxonomy":"product_tag","embeddable":true,"href":"https:\/\/lubrimas.pe\/empresas\/wp-json\/wp\/v2\/product_tag?post=398"}],"curies":[{"name":"wp","href":"https:\/\/api.w.org\/{rel}","templated":true}]}}