{"id":40,"date":"2022-01-20T17:07:38","date_gmt":"2022-01-20T17:07:38","guid":{"rendered":"https:\/\/lubrimas.pe\/empresas\/?post_type=product&#038;p=40"},"modified":"2022-02-28T20:13:50","modified_gmt":"2022-02-28T20:13:50","slug":"shell-air-tool-oil-s2-a100","status":"publish","type":"product","link":"https:\/\/lubrimas.pe\/empresas\/productos\/shell-air-tool-oil-s2-a100\/","title":{"rendered":"SHELL AIR TOOL OIL S2 A100"},"content":{"rendered":"","protected":false},"excerpt":{"rendered":"<p>Desarrollado para cumplir con los requerimientos especiales de lubricaci\u00f3n de herramientas neum\u00e1ticas, incluyendo las de percusi\u00f3n sujetas a las m\u00e1s arduas condiciones. Se ha dise\u00f1ado para mantener una fuerte y efectiva pel\u00edcula de lubricaci\u00f3n incluso para los requerimientos m\u00e1s exigentes de los taladros neum\u00e1ticos de impacto, as\u00ed como proporcionar una excelente lubricaci\u00f3n por niebla para herramientas de aire de uso general.<\/p>\n","protected":false},"featured_media":838,"comment_status":"closed","ping_status":"closed","template":"","meta":[],"product_brand":[],"product_cat":[28],"product_tag":[],"class_list":{"0":"post-40","1":"product","2":"type-product","3":"status-publish","4":"has-post-thumbnail","6":"product_cat-herramientas-neumaticas","7":"pa_marca-shell","8":"pa_presentacion-5gl-20lt","9":"pa_presentacion-cilindro-55gl","11":"first","12":"instock","13":"taxable","14":"shipping-taxable","15":"purchasable","16":"product-type-variable","17":"has-default-attributes"},"yoast_head":"<!-- This site is optimized with the Yoast SEO plugin v27.4 - https:\/\/yoast.com\/product\/yoast-seo-wordpress\/ -->\n<title>SHELL AIR TOOL OIL S2 A100 - Lubrim\u00e1s Empresas<\/title>\n<meta name=\"description\" content=\"Shell Air Tool Oil S2 A100 ha sido desarrollado para cumplir con los requerimientos especiales de lubricaci\u00f3n de herramientas neum\u00e1ticas.\" \/>\n<meta name=\"robots\" content=\"index, follow, max-snippet:-1, max-image-preview:large, max-video-preview:-1\" \/>\n<link rel=\"canonical\" href=\"https:\/\/lubrimas.pe\/empresas\/productos\/shell-air-tool-oil-s2-a100\/\" \/>\n<meta property=\"og:locale\" content=\"es_ES\" \/>\n<meta property=\"og:type\" content=\"article\" \/>\n<meta property=\"og:title\" content=\"SHELL AIR TOOL OIL S2 A100 - Lubrim\u00e1s Empresas\" \/>\n<meta property=\"og:description\" content=\"Shell Air Tool Oil S2 A100 ha sido desarrollado para cumplir con los requerimientos especiales de lubricaci\u00f3n de herramientas neum\u00e1ticas.\" \/>\n<meta property=\"og:url\" content=\"https:\/\/lubrimas.pe\/empresas\/productos\/shell-air-tool-oil-s2-a100\/\" \/>\n<meta property=\"og:site_name\" content=\"Lubrim\u00e1s Empresas\" \/>\n<meta property=\"article:publisher\" content=\"https:\/\/www.facebook.com\/lubrimasperu\" \/>\n<meta property=\"article:modified_time\" content=\"2022-02-28T20:13:50+00:00\" \/>\n<meta property=\"og:image\" content=\"https:\/\/lubrimas.pe\/empresas\/wp-content\/uploads\/sites\/2\/2022\/02\/Lubrimasperu-aceites-industriales-lima-peru-los-olivos-SHELL-AIR-TOOL-OIL-S2A-100-BALDE-EX-TORCULA-100-1.webp\" \/>\n\t<meta property=\"og:image:width\" content=\"850\" \/>\n\t<meta property=\"og:image:height\" content=\"1000\" \/>\n\t<meta property=\"og:image:type\" content=\"image\/webp\" \/>\n<meta name=\"twitter:card\" content=\"summary_large_image\" \/>\n<script type=\"application\/ld+json\" class=\"yoast-schema-graph\">{\"@context\":\"https:\\\/\\\/schema.org\",\"@graph\":[{\"@type\":\"WebPage\",\"@id\":\"https:\\\/\\\/lubrimas.pe\\\/empresas\\\/productos\\\/shell-air-tool-oil-s2-a100\\\/\",\"url\":\"https:\\\/\\\/lubrimas.pe\\\/empresas\\\/productos\\\/shell-air-tool-oil-s2-a100\\\/\",\"name\":\"SHELL AIR TOOL OIL S2 A100 - Lubrim\u00e1s Empresas\",\"isPartOf\":{\"@id\":\"https:\\\/\\\/lubrimas.pe\\\/empresas\\\/#website\"},\"primaryImageOfPage\":{\"@id\":\"https:\\\/\\\/lubrimas.pe\\\/empresas\\\/productos\\\/shell-air-tool-oil-s2-a100\\\/#primaryimage\"},\"image\":{\"@id\":\"https:\\\/\\\/lubrimas.pe\\\/empresas\\\/productos\\\/shell-air-tool-oil-s2-a100\\\/#primaryimage\"},\"thumbnailUrl\":\"https:\\\/\\\/lubrimas.pe\\\/empresas\\\/wp-content\\\/uploads\\\/sites\\\/2\\\/2022\\\/02\\\/Lubrimasperu-aceites-industriales-lima-peru-los-olivos-SHELL-AIR-TOOL-OIL-S2A-100-BALDE-EX-TORCULA-100-1.webp\",\"datePublished\":\"2022-01-20T17:07:38+00:00\",\"dateModified\":\"2022-02-28T20:13:50+00:00\",\"description\":\"Shell Air Tool Oil S2 A100 ha sido desarrollado para cumplir con los requerimientos especiales de lubricaci\u00f3n de herramientas neum\u00e1ticas.\",\"breadcrumb\":{\"@id\":\"https:\\\/\\\/lubrimas.pe\\\/empresas\\\/productos\\\/shell-air-tool-oil-s2-a100\\\/#breadcrumb\"},\"inLanguage\":\"es\",\"potentialAction\":[{\"@type\":\"ReadAction\",\"target\":[\"https:\\\/\\\/lubrimas.pe\\\/empresas\\\/productos\\\/shell-air-tool-oil-s2-a100\\\/\"]}]},{\"@type\":\"ImageObject\",\"inLanguage\":\"es\",\"@id\":\"https:\\\/\\\/lubrimas.pe\\\/empresas\\\/productos\\\/shell-air-tool-oil-s2-a100\\\/#primaryimage\",\"url\":\"https:\\\/\\\/lubrimas.pe\\\/empresas\\\/wp-content\\\/uploads\\\/sites\\\/2\\\/2022\\\/02\\\/Lubrimasperu-aceites-industriales-lima-peru-los-olivos-SHELL-AIR-TOOL-OIL-S2A-100-BALDE-EX-TORCULA-100-1.webp\",\"contentUrl\":\"https:\\\/\\\/lubrimas.pe\\\/empresas\\\/wp-content\\\/uploads\\\/sites\\\/2\\\/2022\\\/02\\\/Lubrimasperu-aceites-industriales-lima-peru-los-olivos-SHELL-AIR-TOOL-OIL-S2A-100-BALDE-EX-TORCULA-100-1.webp\",\"width\":850,\"height\":1000},{\"@type\":\"BreadcrumbList\",\"@id\":\"https:\\\/\\\/lubrimas.pe\\\/empresas\\\/productos\\\/shell-air-tool-oil-s2-a100\\\/#breadcrumb\",\"itemListElement\":[{\"@type\":\"ListItem\",\"position\":1,\"name\":\"Portada\",\"item\":\"https:\\\/\\\/lubrimas.pe\\\/empresas\\\/\"},{\"@type\":\"ListItem\",\"position\":2,\"name\":\"Lubricantes (Cat\u00e1logo)\",\"item\":\"https:\\\/\\\/lubrimas.pe\\\/empresas\\\/productos\\\/\"},{\"@type\":\"ListItem\",\"position\":3,\"name\":\"SHELL AIR TOOL OIL S2 A100\"}]},{\"@type\":\"WebSite\",\"@id\":\"https:\\\/\\\/lubrimas.pe\\\/empresas\\\/#website\",\"url\":\"https:\\\/\\\/lubrimas.pe\\\/empresas\\\/\",\"name\":\"Lubrim\u00e1s Empresas\",\"description\":\"Distribuidor Autorizado de Lubricantes para el sector Automotor e Industrial\",\"publisher\":{\"@id\":\"https:\\\/\\\/lubrimas.pe\\\/empresas\\\/#organization\"},\"potentialAction\":[{\"@type\":\"SearchAction\",\"target\":{\"@type\":\"EntryPoint\",\"urlTemplate\":\"https:\\\/\\\/lubrimas.pe\\\/empresas\\\/?s={search_term_string}\"},\"query-input\":{\"@type\":\"PropertyValueSpecification\",\"valueRequired\":true,\"valueName\":\"search_term_string\"}}],\"inLanguage\":\"es\"},{\"@type\":\"Organization\",\"@id\":\"https:\\\/\\\/lubrimas.pe\\\/empresas\\\/#organization\",\"name\":\"Lubrimas.pe\",\"url\":\"https:\\\/\\\/lubrimas.pe\\\/empresas\\\/\",\"logo\":{\"@type\":\"ImageObject\",\"inLanguage\":\"es\",\"@id\":\"https:\\\/\\\/lubrimas.pe\\\/empresas\\\/#\\\/schema\\\/logo\\\/image\\\/\",\"url\":\"https:\\\/\\\/lubrimas.pe\\\/empresas\\\/wp-content\\\/uploads\\\/sites\\\/2\\\/2022\\\/03\\\/tarjeta-empresas.webp\",\"contentUrl\":\"https:\\\/\\\/lubrimas.pe\\\/empresas\\\/wp-content\\\/uploads\\\/sites\\\/2\\\/2022\\\/03\\\/tarjeta-empresas.webp\",\"width\":250,\"height\":250,\"caption\":\"Lubrimas.pe\"},\"image\":{\"@id\":\"https:\\\/\\\/lubrimas.pe\\\/empresas\\\/#\\\/schema\\\/logo\\\/image\\\/\"},\"sameAs\":[\"https:\\\/\\\/www.facebook.com\\\/lubrimasperu\",\"https:\\\/\\\/www.instagram.com\\\/lubrimas_pe\",\"https:\\\/\\\/www.youtube.com\\\/channel\\\/UCkp38n2qqb8SU60_v_gaKlg\"]}]}<\/script>\n<!-- \/ Yoast SEO plugin. -->","yoast_head_json":{"title":"SHELL AIR TOOL OIL S2 A100 - Lubrim\u00e1s Empresas","description":"Shell Air Tool Oil S2 A100 ha sido desarrollado para cumplir con los requerimientos especiales de lubricaci\u00f3n de herramientas neum\u00e1ticas.","robots":{"index":"index","follow":"follow","max-snippet":"max-snippet:-1","max-image-preview":"max-image-preview:large","max-video-preview":"max-video-preview:-1"},"canonical":"https:\/\/lubrimas.pe\/empresas\/productos\/shell-air-tool-oil-s2-a100\/","og_locale":"es_ES","og_type":"article","og_title":"SHELL AIR TOOL OIL S2 A100 - Lubrim\u00e1s Empresas","og_description":"Shell Air Tool Oil S2 A100 ha sido desarrollado para cumplir con los requerimientos especiales de lubricaci\u00f3n de herramientas neum\u00e1ticas.","og_url":"https:\/\/lubrimas.pe\/empresas\/productos\/shell-air-tool-oil-s2-a100\/","og_site_name":"Lubrim\u00e1s Empresas","article_publisher":"https:\/\/www.facebook.com\/lubrimasperu","article_modified_time":"2022-02-28T20:13:50+00:00","og_image":[{"width":850,"height":1000,"url":"https:\/\/lubrimas.pe\/empresas\/wp-content\/uploads\/sites\/2\/2022\/02\/Lubrimasperu-aceites-industriales-lima-peru-los-olivos-SHELL-AIR-TOOL-OIL-S2A-100-BALDE-EX-TORCULA-100-1.webp","type":"image\/webp"}],"twitter_card":"summary_large_image","schema":{"@context":"https:\/\/schema.org","@graph":[{"@type":"WebPage","@id":"https:\/\/lubrimas.pe\/empresas\/productos\/shell-air-tool-oil-s2-a100\/","url":"https:\/\/lubrimas.pe\/empresas\/productos\/shell-air-tool-oil-s2-a100\/","name":"SHELL AIR TOOL OIL S2 A100 - Lubrim\u00e1s Empresas","isPartOf":{"@id":"https:\/\/lubrimas.pe\/empresas\/#website"},"primaryImageOfPage":{"@id":"https:\/\/lubrimas.pe\/empresas\/productos\/shell-air-tool-oil-s2-a100\/#primaryimage"},"image":{"@id":"https:\/\/lubrimas.pe\/empresas\/productos\/shell-air-tool-oil-s2-a100\/#primaryimage"},"thumbnailUrl":"https:\/\/lubrimas.pe\/empresas\/wp-content\/uploads\/sites\/2\/2022\/02\/Lubrimasperu-aceites-industriales-lima-peru-los-olivos-SHELL-AIR-TOOL-OIL-S2A-100-BALDE-EX-TORCULA-100-1.webp","datePublished":"2022-01-20T17:07:38+00:00","dateModified":"2022-02-28T20:13:50+00:00","description":"Shell Air Tool Oil S2 A100 ha sido desarrollado para cumplir con los requerimientos especiales de lubricaci\u00f3n de herramientas neum\u00e1ticas.","breadcrumb":{"@id":"https:\/\/lubrimas.pe\/empresas\/productos\/shell-air-tool-oil-s2-a100\/#breadcrumb"},"inLanguage":"es","potentialAction":[{"@type":"ReadAction","target":["https:\/\/lubrimas.pe\/empresas\/productos\/shell-air-tool-oil-s2-a100\/"]}]},{"@type":"ImageObject","inLanguage":"es","@id":"https:\/\/lubrimas.pe\/empresas\/productos\/shell-air-tool-oil-s2-a100\/#primaryimage","url":"https:\/\/lubrimas.pe\/empresas\/wp-content\/uploads\/sites\/2\/2022\/02\/Lubrimasperu-aceites-industriales-lima-peru-los-olivos-SHELL-AIR-TOOL-OIL-S2A-100-BALDE-EX-TORCULA-100-1.webp","contentUrl":"https:\/\/lubrimas.pe\/empresas\/wp-content\/uploads\/sites\/2\/2022\/02\/Lubrimasperu-aceites-industriales-lima-peru-los-olivos-SHELL-AIR-TOOL-OIL-S2A-100-BALDE-EX-TORCULA-100-1.webp","width":850,"height":1000},{"@type":"BreadcrumbList","@id":"https:\/\/lubrimas.pe\/empresas\/productos\/shell-air-tool-oil-s2-a100\/#breadcrumb","itemListElement":[{"@type":"ListItem","position":1,"name":"Portada","item":"https:\/\/lubrimas.pe\/empresas\/"},{"@type":"ListItem","position":2,"name":"Lubricantes (Cat\u00e1logo)","item":"https:\/\/lubrimas.pe\/empresas\/productos\/"},{"@type":"ListItem","position":3,"name":"SHELL AIR TOOL OIL S2 A100"}]},{"@type":"WebSite","@id":"https:\/\/lubrimas.pe\/empresas\/#website","url":"https:\/\/lubrimas.pe\/empresas\/","name":"Lubrim\u00e1s Empresas","description":"Distribuidor Autorizado de Lubricantes para el sector Automotor e Industrial","publisher":{"@id":"https:\/\/lubrimas.pe\/empresas\/#organization"},"potentialAction":[{"@type":"SearchAction","target":{"@type":"EntryPoint","urlTemplate":"https:\/\/lubrimas.pe\/empresas\/?s={search_term_string}"},"query-input":{"@type":"PropertyValueSpecification","valueRequired":true,"valueName":"search_term_string"}}],"inLanguage":"es"},{"@type":"Organization","@id":"https:\/\/lubrimas.pe\/empresas\/#organization","name":"Lubrimas.pe","url":"https:\/\/lubrimas.pe\/empresas\/","logo":{"@type":"ImageObject","inLanguage":"es","@id":"https:\/\/lubrimas.pe\/empresas\/#\/schema\/logo\/image\/","url":"https:\/\/lubrimas.pe\/empresas\/wp-content\/uploads\/sites\/2\/2022\/03\/tarjeta-empresas.webp","contentUrl":"https:\/\/lubrimas.pe\/empresas\/wp-content\/uploads\/sites\/2\/2022\/03\/tarjeta-empresas.webp","width":250,"height":250,"caption":"Lubrimas.pe"},"image":{"@id":"https:\/\/lubrimas.pe\/empresas\/#\/schema\/logo\/image\/"},"sameAs":["https:\/\/www.facebook.com\/lubrimasperu","https:\/\/www.instagram.com\/lubrimas_pe","https:\/\/www.youtube.com\/channel\/UCkp38n2qqb8SU60_v_gaKlg"]}]}},"_links":{"self":[{"href":"https:\/\/lubrimas.pe\/empresas\/wp-json\/wp\/v2\/product\/40","targetHints":{"allow":["GET"]}}],"collection":[{"href":"https:\/\/lubrimas.pe\/empresas\/wp-json\/wp\/v2\/product"}],"about":[{"href":"https:\/\/lubrimas.pe\/empresas\/wp-json\/wp\/v2\/types\/product"}],"replies":[{"embeddable":true,"href":"https:\/\/lubrimas.pe\/empresas\/wp-json\/wp\/v2\/comments?post=40"}],"wp:featuredmedia":[{"embeddable":true,"href":"https:\/\/lubrimas.pe\/empresas\/wp-json\/wp\/v2\/media\/838"}],"wp:attachment":[{"href":"https:\/\/lubrimas.pe\/empresas\/wp-json\/wp\/v2\/media?parent=40"}],"wp:term":[{"taxonomy":"product_brand","embeddable":true,"href":"https:\/\/lubrimas.pe\/empresas\/wp-json\/wp\/v2\/product_brand?post=40"},{"taxonomy":"product_cat","embeddable":true,"href":"https:\/\/lubrimas.pe\/empresas\/wp-json\/wp\/v2\/product_cat?post=40"},{"taxonomy":"product_tag","embeddable":true,"href":"https:\/\/lubrimas.pe\/empresas\/wp-json\/wp\/v2\/product_tag?post=40"}],"curies":[{"name":"wp","href":"https:\/\/api.w.org\/{rel}","templated":true}]}}