{"id":42,"date":"2022-01-20T17:07:38","date_gmt":"2022-01-20T17:07:38","guid":{"rendered":"https:\/\/lubrimas.pe\/empresas\/?post_type=product&#038;p=42"},"modified":"2025-11-26T11:32:32","modified_gmt":"2025-11-26T16:32:32","slug":"shell-omala-s2-gx-220-bl","status":"publish","type":"product","link":"https:\/\/lubrimas.pe\/empresas\/productos\/shell-omala-s2-gx-220-bl\/","title":{"rendered":"SHELL OMALA S2 GX 220"},"content":{"rendered":"<p><strong>SHELL OMALA S2 GX 220*<\/strong> es un aceite de alta calidad para engranajes industriales, con caracter\u00edsticas de Extrema Presi\u00f3n (EP) y dise\u00f1ados para la lubricaci\u00f3n de sistemas de engranajes industriales de servicio pesado. Sus altas capacidades de carga y protecci\u00f3n se combinan para ofrecer un excelente comportamiento en aplicaciones de engranajes cerrados.<\/p>\n<h4><strong>Propiedades y ventajas<\/strong><\/h4>\n<ul>\n<li>Gracias a su estabilidad a la oxidaci\u00f3n y su resistencia al estr\u00e9s t\u00e9rmico, reduce el costo total de mantenimiento y amortizaci\u00f3n de activos.<\/li>\n<li>Est\u00e1 formulado para reducir el riesgo de degradaci\u00f3n t\u00e9rmica y qu\u00edmica durante el intervalo de mantenimiento. Por lo tanto, incrementa su vida \u00fatil.<\/li>\n<li>Resiste una alta carga t\u00e9rmica y reduce la formaci\u00f3n de lodos, proporcionando as\u00ed una mayor vida \u00fatil, incluso con temperaturas de hasta 100 \u00baC.<\/li>\n<li>Est\u00e1 dise\u00f1ado para ofrecer una excelente capacidad de carga y para evitar el fen\u00f3meno del \u201cmicropitting\u201d, permitiendo una larga vida \u00fatil de los componentes lubricados.<\/li>\n<li>Ofrece un rendimiento optimizado de la separaci\u00f3n de agua y la liberaci\u00f3n del aire, controla la corrosi\u00f3n y reduce la formaci\u00f3n de espuma, garantizando as\u00ed,\u00a0la eficiencia del sistema de engranajes.<\/li>\n<li>Consigue una mayor eficiencia y disponibilidad del sistema a trav\u00e9s de la compatibilidad con sellos, juntas y retenes, evitando el riesgo de fugas. En otras palabras, garantiza una excelente estabilidad al cizallamiento que ha de mantener la viscosidad durante todo el intervalo de servicio.<\/li>\n<\/ul>\n<p>Aunque la avanzada tecnolog\u00eda del <strong>SHELL OMALA S2 GX 220<\/strong> ha sido dise\u00f1ada espec\u00edficamente para sistemas de engranajes industriales cerrados, como por ejemplo; transmisiones de engranajes en contacto acero sobre acero, rectos, helicoidales o planetarios, tambi\u00e9n es aplicable para la lubricaci\u00f3n de aplicaciones sin engranajes, que incluyen rodamientos y otros componentes con sistemas de circulaci\u00f3n forzada o de salpicadura \/ barboteo.<\/p>\n<p><em>*Sustituye a Shell Omala S2 G y Shell Omala F.<\/em><\/p>\n<h4><strong>Informaci\u00f3n T\u00e9cnica<\/strong><\/h4>\n<ul>\n<li><a id=\"enable_link_lp\" class=\"lp_technical_data_a\" href=\"https:\/\/lubrimas.pe\/wp-content\/uploads\/sites\/2\/2022\/02\/FICHA-TECNICA-SHELL-SPIRAX-S2-GX-220-LUBRIMASPERU-LIMA-LOSOLIVOS.pdf\" target=\"_blank\" rel=\"noopener\">FICHA T\u00c9CNICA<\/a><\/li>\n<li><a id=\"enable_link_lp_2\" class=\"lp_technical_data_a\" href=\"https:\/\/lubrimas.pe\/wp-content\/uploads\/sites\/2\/2022\/02\/HOJA-DE-SEGURIDAD-SHELL-OMALA-S2-GX-220-LOS-OLIVOS-LIMA-PERU.pdf\" target=\"_blank\" rel=\"noopener\"><i class=\"fas fa-file-download\"><\/i>HOJA DE SEGURIDAD<\/a><\/li>\n<li><a href=\"https:\/\/www.shell.com\/\">PAGINA DEL FABRICANTE<\/a><\/li>\n<\/ul>\n","protected":false},"excerpt":{"rendered":"<p><em><strong>Aceites lubricantes para engranajes industriales<\/strong><\/em><\/p>\n<p><strong>SHELL OMALA S2 GX 220*<\/strong> es un aceite de alta calidad para engranajes industriales, con caracter\u00edsticas de Extrema Presi\u00f3n (EP) y dise\u00f1ados para la lubricaci\u00f3n de sistemas de engranajes industriales de servicio pesado. Sus altas capacidades de carga y protecci\u00f3n se combinan para ofrecer un excelente comportamiento en aplicaciones de engranajes cerrados.<\/p>\n<p><em>*Sustituye a Shell Omala S2 G y Shell Omala F.<\/em><\/p>\n","protected":false},"featured_media":811,"comment_status":"closed","ping_status":"closed","template":"","meta":[],"product_brand":[],"product_cat":[22],"product_tag":[],"class_list":{"0":"post-42","1":"product","2":"type-product","3":"status-publish","4":"has-post-thumbnail","6":"product_cat-engranajes-y-transmisiones","7":"pa_marca-shell","8":"pa_presentacion-5gl-20lt","9":"pa_presentacion-cilindro-55gl","11":"first","12":"instock","13":"taxable","14":"shipping-taxable","15":"purchasable","16":"product-type-variable","17":"has-default-attributes"},"yoast_head":"<!-- This site is optimized with the Yoast SEO plugin v27.4 - https:\/\/yoast.com\/product\/yoast-seo-wordpress\/ -->\n<title>SHELL OMALA S2 GX 220 - \u2705 Encu\u00e9ntralo en Lubrim\u00e1s Empresas<\/title>\n<meta name=\"description\" content=\"SHELL OMALA S2 GX 220 es un aceite de alta calidad para engranajes industriales, dise\u00f1ados para lubricar sitemas de servicio pesado.\" \/>\n<meta name=\"robots\" content=\"index, follow, max-snippet:-1, max-image-preview:large, max-video-preview:-1\" \/>\n<link rel=\"canonical\" href=\"https:\/\/lubrimas.pe\/empresas\/productos\/shell-omala-s2-gx-220-bl\/\" \/>\n<meta property=\"og:locale\" content=\"es_ES\" \/>\n<meta property=\"og:type\" content=\"article\" \/>\n<meta property=\"og:title\" content=\"ACEITE PARA ENGRANAJE INDUSTRIAL\" \/>\n<meta property=\"og:description\" content=\"Son aceites de alta calidad para engranajes industriales, con caracter\u00edsticas de Extrema Presi\u00f3n (EP) dise\u00f1ados para lubricar sitemas de servicio pesado.\" \/>\n<meta property=\"og:url\" content=\"https:\/\/lubrimas.pe\/empresas\/productos\/shell-omala-s2-gx-220-bl\/\" \/>\n<meta property=\"og:site_name\" content=\"Lubrim\u00e1s Empresas\" \/>\n<meta property=\"article:publisher\" content=\"https:\/\/www.facebook.com\/lubrimasperu\" \/>\n<meta property=\"article:modified_time\" content=\"2025-11-26T16:32:32+00:00\" \/>\n<meta property=\"og:image\" content=\"https:\/\/lubrimas.pe\/empresas\/wp-content\/uploads\/sites\/2\/2022\/02\/Lubrimasperu-omala-220-aceites-industriales-lima-peru-los-olivos-SHELL-OMALAS2Gx220.webp\" \/>\n\t<meta property=\"og:image:width\" content=\"850\" \/>\n\t<meta property=\"og:image:height\" content=\"1000\" \/>\n\t<meta property=\"og:image:type\" content=\"image\/webp\" \/>\n<meta name=\"twitter:card\" content=\"summary_large_image\" \/>\n<meta name=\"twitter:label1\" content=\"Tiempo de lectura\" \/>\n\t<meta name=\"twitter:data1\" content=\"2 minutos\" \/>\n<script type=\"application\/ld+json\" class=\"yoast-schema-graph\">{\"@context\":\"https:\\\/\\\/schema.org\",\"@graph\":[{\"@type\":\"WebPage\",\"@id\":\"https:\\\/\\\/lubrimas.pe\\\/empresas\\\/productos\\\/shell-omala-s2-gx-220-bl\\\/\",\"url\":\"https:\\\/\\\/lubrimas.pe\\\/empresas\\\/productos\\\/shell-omala-s2-gx-220-bl\\\/\",\"name\":\"SHELL OMALA S2 GX 220 - \u2705 Encu\u00e9ntralo en Lubrim\u00e1s Empresas\",\"isPartOf\":{\"@id\":\"https:\\\/\\\/lubrimas.pe\\\/empresas\\\/#website\"},\"primaryImageOfPage\":{\"@id\":\"https:\\\/\\\/lubrimas.pe\\\/empresas\\\/productos\\\/shell-omala-s2-gx-220-bl\\\/#primaryimage\"},\"image\":{\"@id\":\"https:\\\/\\\/lubrimas.pe\\\/empresas\\\/productos\\\/shell-omala-s2-gx-220-bl\\\/#primaryimage\"},\"thumbnailUrl\":\"https:\\\/\\\/lubrimas.pe\\\/empresas\\\/wp-content\\\/uploads\\\/sites\\\/2\\\/2022\\\/02\\\/Lubrimasperu-omala-220-aceites-industriales-lima-peru-los-olivos-SHELL-OMALAS2Gx220.webp\",\"datePublished\":\"2022-01-20T17:07:38+00:00\",\"dateModified\":\"2025-11-26T16:32:32+00:00\",\"description\":\"SHELL OMALA S2 GX 220 es un aceite de alta calidad para engranajes industriales, dise\u00f1ados para lubricar sitemas de servicio pesado.\",\"breadcrumb\":{\"@id\":\"https:\\\/\\\/lubrimas.pe\\\/empresas\\\/productos\\\/shell-omala-s2-gx-220-bl\\\/#breadcrumb\"},\"inLanguage\":\"es\",\"potentialAction\":[{\"@type\":\"ReadAction\",\"target\":[\"https:\\\/\\\/lubrimas.pe\\\/empresas\\\/productos\\\/shell-omala-s2-gx-220-bl\\\/\"]}]},{\"@type\":\"ImageObject\",\"inLanguage\":\"es\",\"@id\":\"https:\\\/\\\/lubrimas.pe\\\/empresas\\\/productos\\\/shell-omala-s2-gx-220-bl\\\/#primaryimage\",\"url\":\"https:\\\/\\\/lubrimas.pe\\\/empresas\\\/wp-content\\\/uploads\\\/sites\\\/2\\\/2022\\\/02\\\/Lubrimasperu-omala-220-aceites-industriales-lima-peru-los-olivos-SHELL-OMALAS2Gx220.webp\",\"contentUrl\":\"https:\\\/\\\/lubrimas.pe\\\/empresas\\\/wp-content\\\/uploads\\\/sites\\\/2\\\/2022\\\/02\\\/Lubrimasperu-omala-220-aceites-industriales-lima-peru-los-olivos-SHELL-OMALAS2Gx220.webp\",\"width\":850,\"height\":1000,\"caption\":\"OMALA S2 GX 220\"},{\"@type\":\"BreadcrumbList\",\"@id\":\"https:\\\/\\\/lubrimas.pe\\\/empresas\\\/productos\\\/shell-omala-s2-gx-220-bl\\\/#breadcrumb\",\"itemListElement\":[{\"@type\":\"ListItem\",\"position\":1,\"name\":\"Portada\",\"item\":\"https:\\\/\\\/lubrimas.pe\\\/empresas\\\/\"},{\"@type\":\"ListItem\",\"position\":2,\"name\":\"Lubricantes (Cat\u00e1logo)\",\"item\":\"https:\\\/\\\/lubrimas.pe\\\/empresas\\\/productos\\\/\"},{\"@type\":\"ListItem\",\"position\":3,\"name\":\"SHELL OMALA S2 GX 220\"}]},{\"@type\":\"WebSite\",\"@id\":\"https:\\\/\\\/lubrimas.pe\\\/empresas\\\/#website\",\"url\":\"https:\\\/\\\/lubrimas.pe\\\/empresas\\\/\",\"name\":\"Lubrim\u00e1s Empresas\",\"description\":\"Distribuidor Autorizado de Lubricantes para el sector Automotor e Industrial\",\"publisher\":{\"@id\":\"https:\\\/\\\/lubrimas.pe\\\/empresas\\\/#organization\"},\"potentialAction\":[{\"@type\":\"SearchAction\",\"target\":{\"@type\":\"EntryPoint\",\"urlTemplate\":\"https:\\\/\\\/lubrimas.pe\\\/empresas\\\/?s={search_term_string}\"},\"query-input\":{\"@type\":\"PropertyValueSpecification\",\"valueRequired\":true,\"valueName\":\"search_term_string\"}}],\"inLanguage\":\"es\"},{\"@type\":\"Organization\",\"@id\":\"https:\\\/\\\/lubrimas.pe\\\/empresas\\\/#organization\",\"name\":\"Lubrimas.pe\",\"url\":\"https:\\\/\\\/lubrimas.pe\\\/empresas\\\/\",\"logo\":{\"@type\":\"ImageObject\",\"inLanguage\":\"es\",\"@id\":\"https:\\\/\\\/lubrimas.pe\\\/empresas\\\/#\\\/schema\\\/logo\\\/image\\\/\",\"url\":\"https:\\\/\\\/lubrimas.pe\\\/empresas\\\/wp-content\\\/uploads\\\/sites\\\/2\\\/2022\\\/03\\\/tarjeta-empresas.webp\",\"contentUrl\":\"https:\\\/\\\/lubrimas.pe\\\/empresas\\\/wp-content\\\/uploads\\\/sites\\\/2\\\/2022\\\/03\\\/tarjeta-empresas.webp\",\"width\":250,\"height\":250,\"caption\":\"Lubrimas.pe\"},\"image\":{\"@id\":\"https:\\\/\\\/lubrimas.pe\\\/empresas\\\/#\\\/schema\\\/logo\\\/image\\\/\"},\"sameAs\":[\"https:\\\/\\\/www.facebook.com\\\/lubrimasperu\",\"https:\\\/\\\/www.instagram.com\\\/lubrimas_pe\",\"https:\\\/\\\/www.youtube.com\\\/channel\\\/UCkp38n2qqb8SU60_v_gaKlg\"]}]}<\/script>\n<!-- \/ Yoast SEO plugin. -->","yoast_head_json":{"title":"SHELL OMALA S2 GX 220 - \u2705 Encu\u00e9ntralo en Lubrim\u00e1s Empresas","description":"SHELL OMALA S2 GX 220 es un aceite de alta calidad para engranajes industriales, dise\u00f1ados para lubricar sitemas de servicio pesado.","robots":{"index":"index","follow":"follow","max-snippet":"max-snippet:-1","max-image-preview":"max-image-preview:large","max-video-preview":"max-video-preview:-1"},"canonical":"https:\/\/lubrimas.pe\/empresas\/productos\/shell-omala-s2-gx-220-bl\/","og_locale":"es_ES","og_type":"article","og_title":"ACEITE PARA ENGRANAJE INDUSTRIAL","og_description":"Son aceites de alta calidad para engranajes industriales, con caracter\u00edsticas de Extrema Presi\u00f3n (EP) dise\u00f1ados para lubricar sitemas de servicio pesado.","og_url":"https:\/\/lubrimas.pe\/empresas\/productos\/shell-omala-s2-gx-220-bl\/","og_site_name":"Lubrim\u00e1s Empresas","article_publisher":"https:\/\/www.facebook.com\/lubrimasperu","article_modified_time":"2025-11-26T16:32:32+00:00","og_image":[{"width":850,"height":1000,"url":"https:\/\/lubrimas.pe\/empresas\/wp-content\/uploads\/sites\/2\/2022\/02\/Lubrimasperu-omala-220-aceites-industriales-lima-peru-los-olivos-SHELL-OMALAS2Gx220.webp","type":"image\/webp"}],"twitter_card":"summary_large_image","twitter_misc":{"Tiempo de lectura":"2 minutos"},"schema":{"@context":"https:\/\/schema.org","@graph":[{"@type":"WebPage","@id":"https:\/\/lubrimas.pe\/empresas\/productos\/shell-omala-s2-gx-220-bl\/","url":"https:\/\/lubrimas.pe\/empresas\/productos\/shell-omala-s2-gx-220-bl\/","name":"SHELL OMALA S2 GX 220 - \u2705 Encu\u00e9ntralo en Lubrim\u00e1s Empresas","isPartOf":{"@id":"https:\/\/lubrimas.pe\/empresas\/#website"},"primaryImageOfPage":{"@id":"https:\/\/lubrimas.pe\/empresas\/productos\/shell-omala-s2-gx-220-bl\/#primaryimage"},"image":{"@id":"https:\/\/lubrimas.pe\/empresas\/productos\/shell-omala-s2-gx-220-bl\/#primaryimage"},"thumbnailUrl":"https:\/\/lubrimas.pe\/empresas\/wp-content\/uploads\/sites\/2\/2022\/02\/Lubrimasperu-omala-220-aceites-industriales-lima-peru-los-olivos-SHELL-OMALAS2Gx220.webp","datePublished":"2022-01-20T17:07:38+00:00","dateModified":"2025-11-26T16:32:32+00:00","description":"SHELL OMALA S2 GX 220 es un aceite de alta calidad para engranajes industriales, dise\u00f1ados para lubricar sitemas de servicio pesado.","breadcrumb":{"@id":"https:\/\/lubrimas.pe\/empresas\/productos\/shell-omala-s2-gx-220-bl\/#breadcrumb"},"inLanguage":"es","potentialAction":[{"@type":"ReadAction","target":["https:\/\/lubrimas.pe\/empresas\/productos\/shell-omala-s2-gx-220-bl\/"]}]},{"@type":"ImageObject","inLanguage":"es","@id":"https:\/\/lubrimas.pe\/empresas\/productos\/shell-omala-s2-gx-220-bl\/#primaryimage","url":"https:\/\/lubrimas.pe\/empresas\/wp-content\/uploads\/sites\/2\/2022\/02\/Lubrimasperu-omala-220-aceites-industriales-lima-peru-los-olivos-SHELL-OMALAS2Gx220.webp","contentUrl":"https:\/\/lubrimas.pe\/empresas\/wp-content\/uploads\/sites\/2\/2022\/02\/Lubrimasperu-omala-220-aceites-industriales-lima-peru-los-olivos-SHELL-OMALAS2Gx220.webp","width":850,"height":1000,"caption":"OMALA S2 GX 220"},{"@type":"BreadcrumbList","@id":"https:\/\/lubrimas.pe\/empresas\/productos\/shell-omala-s2-gx-220-bl\/#breadcrumb","itemListElement":[{"@type":"ListItem","position":1,"name":"Portada","item":"https:\/\/lubrimas.pe\/empresas\/"},{"@type":"ListItem","position":2,"name":"Lubricantes (Cat\u00e1logo)","item":"https:\/\/lubrimas.pe\/empresas\/productos\/"},{"@type":"ListItem","position":3,"name":"SHELL OMALA S2 GX 220"}]},{"@type":"WebSite","@id":"https:\/\/lubrimas.pe\/empresas\/#website","url":"https:\/\/lubrimas.pe\/empresas\/","name":"Lubrim\u00e1s Empresas","description":"Distribuidor Autorizado de Lubricantes para el sector Automotor e Industrial","publisher":{"@id":"https:\/\/lubrimas.pe\/empresas\/#organization"},"potentialAction":[{"@type":"SearchAction","target":{"@type":"EntryPoint","urlTemplate":"https:\/\/lubrimas.pe\/empresas\/?s={search_term_string}"},"query-input":{"@type":"PropertyValueSpecification","valueRequired":true,"valueName":"search_term_string"}}],"inLanguage":"es"},{"@type":"Organization","@id":"https:\/\/lubrimas.pe\/empresas\/#organization","name":"Lubrimas.pe","url":"https:\/\/lubrimas.pe\/empresas\/","logo":{"@type":"ImageObject","inLanguage":"es","@id":"https:\/\/lubrimas.pe\/empresas\/#\/schema\/logo\/image\/","url":"https:\/\/lubrimas.pe\/empresas\/wp-content\/uploads\/sites\/2\/2022\/03\/tarjeta-empresas.webp","contentUrl":"https:\/\/lubrimas.pe\/empresas\/wp-content\/uploads\/sites\/2\/2022\/03\/tarjeta-empresas.webp","width":250,"height":250,"caption":"Lubrimas.pe"},"image":{"@id":"https:\/\/lubrimas.pe\/empresas\/#\/schema\/logo\/image\/"},"sameAs":["https:\/\/www.facebook.com\/lubrimasperu","https:\/\/www.instagram.com\/lubrimas_pe","https:\/\/www.youtube.com\/channel\/UCkp38n2qqb8SU60_v_gaKlg"]}]}},"_links":{"self":[{"href":"https:\/\/lubrimas.pe\/empresas\/wp-json\/wp\/v2\/product\/42","targetHints":{"allow":["GET"]}}],"collection":[{"href":"https:\/\/lubrimas.pe\/empresas\/wp-json\/wp\/v2\/product"}],"about":[{"href":"https:\/\/lubrimas.pe\/empresas\/wp-json\/wp\/v2\/types\/product"}],"replies":[{"embeddable":true,"href":"https:\/\/lubrimas.pe\/empresas\/wp-json\/wp\/v2\/comments?post=42"}],"wp:featuredmedia":[{"embeddable":true,"href":"https:\/\/lubrimas.pe\/empresas\/wp-json\/wp\/v2\/media\/811"}],"wp:attachment":[{"href":"https:\/\/lubrimas.pe\/empresas\/wp-json\/wp\/v2\/media?parent=42"}],"wp:term":[{"taxonomy":"product_brand","embeddable":true,"href":"https:\/\/lubrimas.pe\/empresas\/wp-json\/wp\/v2\/product_brand?post=42"},{"taxonomy":"product_cat","embeddable":true,"href":"https:\/\/lubrimas.pe\/empresas\/wp-json\/wp\/v2\/product_cat?post=42"},{"taxonomy":"product_tag","embeddable":true,"href":"https:\/\/lubrimas.pe\/empresas\/wp-json\/wp\/v2\/product_tag?post=42"}],"curies":[{"name":"wp","href":"https:\/\/api.w.org\/{rel}","templated":true}]}}