{"id":56,"date":"2022-01-20T17:07:40","date_gmt":"2022-01-20T17:07:40","guid":{"rendered":"https:\/\/lubrimas.pe\/empresas\/?post_type=product&#038;p=56"},"modified":"2022-02-28T19:37:49","modified_gmt":"2022-02-28T19:37:49","slug":"valvoline-turbine-iso-150","status":"publish","type":"product","link":"https:\/\/lubrimas.pe\/empresas\/productos\/valvoline-turbine-iso-150\/","title":{"rendered":"VALVOLINE TURBINE ISO 150"},"content":{"rendered":"","protected":false},"excerpt":{"rendered":"<p><strong>VALVOLINE TURBINE ISO 150<\/strong> es usado principalmente en lubricaci\u00f3n de turbinas a vapor, hidr\u00e1ulicas y a gas. Aceite mineral para compresoras y turbinas. Fluido hidr\u00e1ulico antidesgaste para equipos que requieran mayor resistencia a la oxidaci\u00f3n.<\/p>\n","protected":false},"featured_media":807,"comment_status":"closed","ping_status":"closed","template":"","meta":[],"product_brand":[],"product_cat":[24],"product_tag":[],"class_list":{"0":"post-56","1":"product","2":"type-product","3":"status-publish","4":"has-post-thumbnail","6":"product_cat-sistemas-hidraulicos","7":"pa_marca-valvoline","8":"pa_presentacion-5gl-20lt","9":"pa_presentacion-cilindro-55gl","11":"first","12":"instock","13":"taxable","14":"shipping-taxable","15":"purchasable","16":"product-type-variable","17":"has-default-attributes"},"yoast_head":"<!-- This site is optimized with the Yoast SEO plugin v27.4 - https:\/\/yoast.com\/product\/yoast-seo-wordpress\/ -->\n<title>VALVOLINE TURBINE ISO 150 - \ud83d\udea8 NUEVO! en Lubrim\u00e1s Empresas<\/title>\n<meta name=\"description\" content=\"VALVOLINE TURBINE ISO 150 es usado principalmente en lubricaci\u00f3n de turbinas a vapor, hidr\u00e1ulicas y a gas. Aceite mineral para compresoras y turbinas.\" \/>\n<meta name=\"robots\" content=\"index, follow, max-snippet:-1, max-image-preview:large, max-video-preview:-1\" \/>\n<link rel=\"canonical\" href=\"https:\/\/lubrimas.pe\/empresas\/productos\/valvoline-turbine-iso-150\/\" \/>\n<meta property=\"og:locale\" content=\"es_ES\" \/>\n<meta property=\"og:type\" content=\"article\" \/>\n<meta property=\"og:title\" content=\"VALVOLINE TURBINE ISO 150 - \ud83d\udea8 NUEVO! en Lubrim\u00e1s Empresas\" \/>\n<meta property=\"og:description\" content=\"VALVOLINE TURBINE ISO 150 es usado principalmente en lubricaci\u00f3n de turbinas a vapor, hidr\u00e1ulicas y a gas. Aceite mineral para compresoras y turbinas.\" \/>\n<meta property=\"og:url\" content=\"https:\/\/lubrimas.pe\/empresas\/productos\/valvoline-turbine-iso-150\/\" \/>\n<meta property=\"og:site_name\" content=\"Lubrim\u00e1s Empresas\" \/>\n<meta property=\"article:publisher\" content=\"https:\/\/www.facebook.com\/lubrimasperu\" \/>\n<meta property=\"article:modified_time\" content=\"2022-02-28T19:37:49+00:00\" \/>\n<meta property=\"og:image\" content=\"https:\/\/lubrimas.pe\/empresas\/wp-content\/uploads\/sites\/2\/2022\/02\/lubrimasperu-aceite-valvoline-balde-20l-losolivos-lima-peru.webp\" \/>\n\t<meta property=\"og:image:width\" content=\"850\" \/>\n\t<meta property=\"og:image:height\" content=\"1000\" \/>\n\t<meta property=\"og:image:type\" content=\"image\/webp\" \/>\n<meta name=\"twitter:card\" content=\"summary_large_image\" \/>\n<script type=\"application\/ld+json\" class=\"yoast-schema-graph\">{\"@context\":\"https:\\\/\\\/schema.org\",\"@graph\":[{\"@type\":\"WebPage\",\"@id\":\"https:\\\/\\\/lubrimas.pe\\\/empresas\\\/productos\\\/valvoline-turbine-iso-150\\\/\",\"url\":\"https:\\\/\\\/lubrimas.pe\\\/empresas\\\/productos\\\/valvoline-turbine-iso-150\\\/\",\"name\":\"VALVOLINE TURBINE ISO 150 - \ud83d\udea8 NUEVO! en Lubrim\u00e1s Empresas\",\"isPartOf\":{\"@id\":\"https:\\\/\\\/lubrimas.pe\\\/empresas\\\/#website\"},\"primaryImageOfPage\":{\"@id\":\"https:\\\/\\\/lubrimas.pe\\\/empresas\\\/productos\\\/valvoline-turbine-iso-150\\\/#primaryimage\"},\"image\":{\"@id\":\"https:\\\/\\\/lubrimas.pe\\\/empresas\\\/productos\\\/valvoline-turbine-iso-150\\\/#primaryimage\"},\"thumbnailUrl\":\"https:\\\/\\\/lubrimas.pe\\\/empresas\\\/wp-content\\\/uploads\\\/sites\\\/2\\\/2022\\\/02\\\/lubrimasperu-aceite-valvoline-balde-20l-losolivos-lima-peru.webp\",\"datePublished\":\"2022-01-20T17:07:40+00:00\",\"dateModified\":\"2022-02-28T19:37:49+00:00\",\"description\":\"VALVOLINE TURBINE ISO 150 es usado principalmente en lubricaci\u00f3n de turbinas a vapor, hidr\u00e1ulicas y a gas. Aceite mineral para compresoras y turbinas.\",\"breadcrumb\":{\"@id\":\"https:\\\/\\\/lubrimas.pe\\\/empresas\\\/productos\\\/valvoline-turbine-iso-150\\\/#breadcrumb\"},\"inLanguage\":\"es\",\"potentialAction\":[{\"@type\":\"ReadAction\",\"target\":[\"https:\\\/\\\/lubrimas.pe\\\/empresas\\\/productos\\\/valvoline-turbine-iso-150\\\/\"]}]},{\"@type\":\"ImageObject\",\"inLanguage\":\"es\",\"@id\":\"https:\\\/\\\/lubrimas.pe\\\/empresas\\\/productos\\\/valvoline-turbine-iso-150\\\/#primaryimage\",\"url\":\"https:\\\/\\\/lubrimas.pe\\\/empresas\\\/wp-content\\\/uploads\\\/sites\\\/2\\\/2022\\\/02\\\/lubrimasperu-aceite-valvoline-balde-20l-losolivos-lima-peru.webp\",\"contentUrl\":\"https:\\\/\\\/lubrimas.pe\\\/empresas\\\/wp-content\\\/uploads\\\/sites\\\/2\\\/2022\\\/02\\\/lubrimasperu-aceite-valvoline-balde-20l-losolivos-lima-peru.webp\",\"width\":850,\"height\":1000},{\"@type\":\"BreadcrumbList\",\"@id\":\"https:\\\/\\\/lubrimas.pe\\\/empresas\\\/productos\\\/valvoline-turbine-iso-150\\\/#breadcrumb\",\"itemListElement\":[{\"@type\":\"ListItem\",\"position\":1,\"name\":\"Portada\",\"item\":\"https:\\\/\\\/lubrimas.pe\\\/empresas\\\/\"},{\"@type\":\"ListItem\",\"position\":2,\"name\":\"Lubricantes (Cat\u00e1logo)\",\"item\":\"https:\\\/\\\/lubrimas.pe\\\/empresas\\\/productos\\\/\"},{\"@type\":\"ListItem\",\"position\":3,\"name\":\"VALVOLINE TURBINE ISO 150\"}]},{\"@type\":\"WebSite\",\"@id\":\"https:\\\/\\\/lubrimas.pe\\\/empresas\\\/#website\",\"url\":\"https:\\\/\\\/lubrimas.pe\\\/empresas\\\/\",\"name\":\"Lubrim\u00e1s Empresas\",\"description\":\"Distribuidor Autorizado de Lubricantes para el sector Automotor e Industrial\",\"publisher\":{\"@id\":\"https:\\\/\\\/lubrimas.pe\\\/empresas\\\/#organization\"},\"potentialAction\":[{\"@type\":\"SearchAction\",\"target\":{\"@type\":\"EntryPoint\",\"urlTemplate\":\"https:\\\/\\\/lubrimas.pe\\\/empresas\\\/?s={search_term_string}\"},\"query-input\":{\"@type\":\"PropertyValueSpecification\",\"valueRequired\":true,\"valueName\":\"search_term_string\"}}],\"inLanguage\":\"es\"},{\"@type\":\"Organization\",\"@id\":\"https:\\\/\\\/lubrimas.pe\\\/empresas\\\/#organization\",\"name\":\"Lubrimas.pe\",\"url\":\"https:\\\/\\\/lubrimas.pe\\\/empresas\\\/\",\"logo\":{\"@type\":\"ImageObject\",\"inLanguage\":\"es\",\"@id\":\"https:\\\/\\\/lubrimas.pe\\\/empresas\\\/#\\\/schema\\\/logo\\\/image\\\/\",\"url\":\"https:\\\/\\\/lubrimas.pe\\\/empresas\\\/wp-content\\\/uploads\\\/sites\\\/2\\\/2022\\\/03\\\/tarjeta-empresas.webp\",\"contentUrl\":\"https:\\\/\\\/lubrimas.pe\\\/empresas\\\/wp-content\\\/uploads\\\/sites\\\/2\\\/2022\\\/03\\\/tarjeta-empresas.webp\",\"width\":250,\"height\":250,\"caption\":\"Lubrimas.pe\"},\"image\":{\"@id\":\"https:\\\/\\\/lubrimas.pe\\\/empresas\\\/#\\\/schema\\\/logo\\\/image\\\/\"},\"sameAs\":[\"https:\\\/\\\/www.facebook.com\\\/lubrimasperu\",\"https:\\\/\\\/www.instagram.com\\\/lubrimas_pe\",\"https:\\\/\\\/www.youtube.com\\\/channel\\\/UCkp38n2qqb8SU60_v_gaKlg\"]}]}<\/script>\n<!-- \/ Yoast SEO plugin. -->","yoast_head_json":{"title":"VALVOLINE TURBINE ISO 150 - \ud83d\udea8 NUEVO! en Lubrim\u00e1s Empresas","description":"VALVOLINE TURBINE ISO 150 es usado principalmente en lubricaci\u00f3n de turbinas a vapor, hidr\u00e1ulicas y a gas. Aceite mineral para compresoras y turbinas.","robots":{"index":"index","follow":"follow","max-snippet":"max-snippet:-1","max-image-preview":"max-image-preview:large","max-video-preview":"max-video-preview:-1"},"canonical":"https:\/\/lubrimas.pe\/empresas\/productos\/valvoline-turbine-iso-150\/","og_locale":"es_ES","og_type":"article","og_title":"VALVOLINE TURBINE ISO 150 - \ud83d\udea8 NUEVO! en Lubrim\u00e1s Empresas","og_description":"VALVOLINE TURBINE ISO 150 es usado principalmente en lubricaci\u00f3n de turbinas a vapor, hidr\u00e1ulicas y a gas. Aceite mineral para compresoras y turbinas.","og_url":"https:\/\/lubrimas.pe\/empresas\/productos\/valvoline-turbine-iso-150\/","og_site_name":"Lubrim\u00e1s Empresas","article_publisher":"https:\/\/www.facebook.com\/lubrimasperu","article_modified_time":"2022-02-28T19:37:49+00:00","og_image":[{"width":850,"height":1000,"url":"https:\/\/lubrimas.pe\/empresas\/wp-content\/uploads\/sites\/2\/2022\/02\/lubrimasperu-aceite-valvoline-balde-20l-losolivos-lima-peru.webp","type":"image\/webp"}],"twitter_card":"summary_large_image","schema":{"@context":"https:\/\/schema.org","@graph":[{"@type":"WebPage","@id":"https:\/\/lubrimas.pe\/empresas\/productos\/valvoline-turbine-iso-150\/","url":"https:\/\/lubrimas.pe\/empresas\/productos\/valvoline-turbine-iso-150\/","name":"VALVOLINE TURBINE ISO 150 - \ud83d\udea8 NUEVO! en Lubrim\u00e1s Empresas","isPartOf":{"@id":"https:\/\/lubrimas.pe\/empresas\/#website"},"primaryImageOfPage":{"@id":"https:\/\/lubrimas.pe\/empresas\/productos\/valvoline-turbine-iso-150\/#primaryimage"},"image":{"@id":"https:\/\/lubrimas.pe\/empresas\/productos\/valvoline-turbine-iso-150\/#primaryimage"},"thumbnailUrl":"https:\/\/lubrimas.pe\/empresas\/wp-content\/uploads\/sites\/2\/2022\/02\/lubrimasperu-aceite-valvoline-balde-20l-losolivos-lima-peru.webp","datePublished":"2022-01-20T17:07:40+00:00","dateModified":"2022-02-28T19:37:49+00:00","description":"VALVOLINE TURBINE ISO 150 es usado principalmente en lubricaci\u00f3n de turbinas a vapor, hidr\u00e1ulicas y a gas. Aceite mineral para compresoras y turbinas.","breadcrumb":{"@id":"https:\/\/lubrimas.pe\/empresas\/productos\/valvoline-turbine-iso-150\/#breadcrumb"},"inLanguage":"es","potentialAction":[{"@type":"ReadAction","target":["https:\/\/lubrimas.pe\/empresas\/productos\/valvoline-turbine-iso-150\/"]}]},{"@type":"ImageObject","inLanguage":"es","@id":"https:\/\/lubrimas.pe\/empresas\/productos\/valvoline-turbine-iso-150\/#primaryimage","url":"https:\/\/lubrimas.pe\/empresas\/wp-content\/uploads\/sites\/2\/2022\/02\/lubrimasperu-aceite-valvoline-balde-20l-losolivos-lima-peru.webp","contentUrl":"https:\/\/lubrimas.pe\/empresas\/wp-content\/uploads\/sites\/2\/2022\/02\/lubrimasperu-aceite-valvoline-balde-20l-losolivos-lima-peru.webp","width":850,"height":1000},{"@type":"BreadcrumbList","@id":"https:\/\/lubrimas.pe\/empresas\/productos\/valvoline-turbine-iso-150\/#breadcrumb","itemListElement":[{"@type":"ListItem","position":1,"name":"Portada","item":"https:\/\/lubrimas.pe\/empresas\/"},{"@type":"ListItem","position":2,"name":"Lubricantes (Cat\u00e1logo)","item":"https:\/\/lubrimas.pe\/empresas\/productos\/"},{"@type":"ListItem","position":3,"name":"VALVOLINE TURBINE ISO 150"}]},{"@type":"WebSite","@id":"https:\/\/lubrimas.pe\/empresas\/#website","url":"https:\/\/lubrimas.pe\/empresas\/","name":"Lubrim\u00e1s Empresas","description":"Distribuidor Autorizado de Lubricantes para el sector Automotor e Industrial","publisher":{"@id":"https:\/\/lubrimas.pe\/empresas\/#organization"},"potentialAction":[{"@type":"SearchAction","target":{"@type":"EntryPoint","urlTemplate":"https:\/\/lubrimas.pe\/empresas\/?s={search_term_string}"},"query-input":{"@type":"PropertyValueSpecification","valueRequired":true,"valueName":"search_term_string"}}],"inLanguage":"es"},{"@type":"Organization","@id":"https:\/\/lubrimas.pe\/empresas\/#organization","name":"Lubrimas.pe","url":"https:\/\/lubrimas.pe\/empresas\/","logo":{"@type":"ImageObject","inLanguage":"es","@id":"https:\/\/lubrimas.pe\/empresas\/#\/schema\/logo\/image\/","url":"https:\/\/lubrimas.pe\/empresas\/wp-content\/uploads\/sites\/2\/2022\/03\/tarjeta-empresas.webp","contentUrl":"https:\/\/lubrimas.pe\/empresas\/wp-content\/uploads\/sites\/2\/2022\/03\/tarjeta-empresas.webp","width":250,"height":250,"caption":"Lubrimas.pe"},"image":{"@id":"https:\/\/lubrimas.pe\/empresas\/#\/schema\/logo\/image\/"},"sameAs":["https:\/\/www.facebook.com\/lubrimasperu","https:\/\/www.instagram.com\/lubrimas_pe","https:\/\/www.youtube.com\/channel\/UCkp38n2qqb8SU60_v_gaKlg"]}]}},"_links":{"self":[{"href":"https:\/\/lubrimas.pe\/empresas\/wp-json\/wp\/v2\/product\/56","targetHints":{"allow":["GET"]}}],"collection":[{"href":"https:\/\/lubrimas.pe\/empresas\/wp-json\/wp\/v2\/product"}],"about":[{"href":"https:\/\/lubrimas.pe\/empresas\/wp-json\/wp\/v2\/types\/product"}],"replies":[{"embeddable":true,"href":"https:\/\/lubrimas.pe\/empresas\/wp-json\/wp\/v2\/comments?post=56"}],"wp:featuredmedia":[{"embeddable":true,"href":"https:\/\/lubrimas.pe\/empresas\/wp-json\/wp\/v2\/media\/807"}],"wp:attachment":[{"href":"https:\/\/lubrimas.pe\/empresas\/wp-json\/wp\/v2\/media?parent=56"}],"wp:term":[{"taxonomy":"product_brand","embeddable":true,"href":"https:\/\/lubrimas.pe\/empresas\/wp-json\/wp\/v2\/product_brand?post=56"},{"taxonomy":"product_cat","embeddable":true,"href":"https:\/\/lubrimas.pe\/empresas\/wp-json\/wp\/v2\/product_cat?post=56"},{"taxonomy":"product_tag","embeddable":true,"href":"https:\/\/lubrimas.pe\/empresas\/wp-json\/wp\/v2\/product_tag?post=56"}],"curies":[{"name":"wp","href":"https:\/\/api.w.org\/{rel}","templated":true}]}}