{"id":560,"date":"2022-01-20T17:10:13","date_gmt":"2022-01-20T17:10:13","guid":{"rendered":"https:\/\/lubrimas.pe\/empresas\/?post_type=product&#038;p=560"},"modified":"2022-08-04T13:09:38","modified_gmt":"2022-08-04T18:09:38","slug":"mobil-mobilgard-m-440","status":"publish","type":"product","link":"https:\/\/lubrimas.pe\/empresas\/productos\/mobil-mobilgard-m-440\/","title":{"rendered":"MOBIL MOBILGARD M 440"},"content":{"rendered":"","protected":false},"excerpt":{"rendered":"<p>Desarrollados espec\u00edficamente para motores de velocidad media MobilgardTM M440 es un aceite de motor de 40 BN de alto rendimiento recomendado para usarse en buques de alta mar y barcos costeros y fluviales que operan con fueloil pesado. Este producto ofrece: \u2022 Excelente resistencia a la oxidaci\u00f3n a altas temperaturas \u2022 Sobresaliente compatibilidad con combustibles residuales \u2022 Buena estabilidad t\u00e9rmica \u2022 Baja volatilidad \u2022 Alta capacidad de carga \u2022 Protecci\u00f3n excepcional contra la corrosi\u00f3n. Protecci\u00f3n contra la corrosi\u00f3n Las reservas de alcalinidad gh de Mobilgard M440 proporcionan una protecci\u00f3n superior para la neutralizaci\u00f3n de los \u00e1cidos fuertes que se generan al utilizar combustibles con alto contenido de azufre, con lo cual se reduce la corrosi\u00f3n y con ello los costos de mantenimiento y reparaci\u00f3n. Limpieza y protecci\u00f3n del motor sin igual El aceite Mobilgard M440 ofrece una excelente retenci\u00f3n del BN y resistencia al aumento de la viscosidad, lo que ayuda a maximizar tanto la vida \u00fatil de los componentes como los intervalos entre limpiezas, as\u00ed como a reducir al m\u00ednimo los cambios de filtro y el mantenimiento del purificador. Tambi\u00e9n: \u2022 Ayuda a proteger contra la acumulaci\u00f3n de dep\u00f3sitos en las zonas debajo de las coronas de los pistones de causados por la diluci\u00f3n del combustible crudo \u2022 Optimiza la vida \u00fatil de las superficies de desgaste cr\u00edticas mediante sus sobresalientes propiedades antidesgaste \u2022 Reduce al m\u00ednimo el consumo de aceite gracias a aceites base de baja volatilidad<\/p>\n","protected":false},"featured_media":1317,"comment_status":"closed","ping_status":"closed","template":"","meta":[],"product_brand":[],"product_cat":[104],"product_tag":[26],"class_list":{"0":"post-560","1":"product","2":"type-product","3":"status-publish","4":"has-post-thumbnail","6":"product_cat-embarcaciones","7":"product_tag-marinos-y-pesca","8":"pa_marca-mobil","9":"pa_presentacion-cilindro-55gl","11":"first","12":"instock","13":"taxable","14":"shipping-taxable","15":"purchasable","16":"product-type-variable","17":"has-default-attributes"},"yoast_head":"<!-- This site is optimized with the Yoast SEO plugin v27.4 - https:\/\/yoast.com\/product\/yoast-seo-wordpress\/ -->\n<title>MOBIL MOBILGARD M 440 - Lubrim\u00e1s Empresas<\/title>\n<meta name=\"robots\" content=\"index, follow, max-snippet:-1, max-image-preview:large, max-video-preview:-1\" \/>\n<link rel=\"canonical\" href=\"https:\/\/lubrimas.pe\/empresas\/productos\/mobil-mobilgard-m-440\/\" \/>\n<meta property=\"og:locale\" content=\"es_ES\" \/>\n<meta property=\"og:type\" content=\"article\" \/>\n<meta property=\"og:title\" content=\"MOBIL MOBILGARD M 440 - Lubrim\u00e1s Empresas\" \/>\n<meta property=\"og:description\" content=\"Desarrollados espec\u00edficamente para motores de velocidad media MobilgardTM M440 es un aceite de motor de 40 BN de alto rendimiento recomendado para usarse en buques de alta mar y barcos costeros y fluviales que operan con fueloil pesado. Este producto ofrece: \u2022 Excelente resistencia a la oxidaci\u00f3n a altas temperaturas \u2022 Sobresaliente compatibilidad con combustibles residuales \u2022 Buena estabilidad t\u00e9rmica \u2022 Baja volatilidad \u2022 Alta capacidad de carga \u2022 Protecci\u00f3n excepcional contra la corrosi\u00f3n. Protecci\u00f3n contra la corrosi\u00f3n Las reservas de alcalinidad gh de Mobilgard M440 proporcionan una protecci\u00f3n superior para la neutralizaci\u00f3n de los \u00e1cidos fuertes que se generan al utilizar combustibles con alto contenido de azufre, con lo cual se reduce la corrosi\u00f3n y con ello los costos de mantenimiento y reparaci\u00f3n. Limpieza y protecci\u00f3n del motor sin igual El aceite Mobilgard M440 ofrece una excelente retenci\u00f3n del BN y resistencia al aumento de la viscosidad, lo que ayuda a maximizar tanto la vida \u00fatil de los componentes como los intervalos entre limpiezas, as\u00ed como a reducir al m\u00ednimo los cambios de filtro y el mantenimiento del purificador. Tambi\u00e9n: \u2022 Ayuda a proteger contra la acumulaci\u00f3n de dep\u00f3sitos en las zonas debajo de las coronas de los pistones de causados por la diluci\u00f3n del combustible crudo \u2022 Optimiza la vida \u00fatil de las superficies de desgaste cr\u00edticas mediante sus sobresalientes propiedades antidesgaste \u2022 Reduce al m\u00ednimo el consumo de aceite gracias a aceites base de baja volatilidad\" \/>\n<meta property=\"og:url\" content=\"https:\/\/lubrimas.pe\/empresas\/productos\/mobil-mobilgard-m-440\/\" \/>\n<meta property=\"og:site_name\" content=\"Lubrim\u00e1s Empresas\" \/>\n<meta property=\"article:publisher\" content=\"https:\/\/www.facebook.com\/lubrimasperu\" \/>\n<meta property=\"article:modified_time\" content=\"2022-08-04T18:09:38+00:00\" \/>\n<meta property=\"og:image\" content=\"https:\/\/lubrimas.pe\/empresas\/wp-content\/uploads\/sites\/2\/2022\/08\/lubrimasperu-lubrimaspe-empresas-cotizaciones-aceite-mobil-balde-cilindro-losolivos-lima-peru.webp\" \/>\n\t<meta property=\"og:image:width\" content=\"850\" \/>\n\t<meta property=\"og:image:height\" content=\"1000\" \/>\n\t<meta property=\"og:image:type\" content=\"image\/webp\" \/>\n<meta name=\"twitter:card\" content=\"summary_large_image\" \/>\n<script type=\"application\/ld+json\" class=\"yoast-schema-graph\">{\"@context\":\"https:\\\/\\\/schema.org\",\"@graph\":[{\"@type\":\"WebPage\",\"@id\":\"https:\\\/\\\/lubrimas.pe\\\/empresas\\\/productos\\\/mobil-mobilgard-m-440\\\/\",\"url\":\"https:\\\/\\\/lubrimas.pe\\\/empresas\\\/productos\\\/mobil-mobilgard-m-440\\\/\",\"name\":\"MOBIL MOBILGARD M 440 - Lubrim\u00e1s Empresas\",\"isPartOf\":{\"@id\":\"https:\\\/\\\/lubrimas.pe\\\/empresas\\\/#website\"},\"primaryImageOfPage\":{\"@id\":\"https:\\\/\\\/lubrimas.pe\\\/empresas\\\/productos\\\/mobil-mobilgard-m-440\\\/#primaryimage\"},\"image\":{\"@id\":\"https:\\\/\\\/lubrimas.pe\\\/empresas\\\/productos\\\/mobil-mobilgard-m-440\\\/#primaryimage\"},\"thumbnailUrl\":\"https:\\\/\\\/lubrimas.pe\\\/empresas\\\/wp-content\\\/uploads\\\/sites\\\/2\\\/2022\\\/08\\\/lubrimasperu-lubrimaspe-empresas-cotizaciones-aceite-mobil-balde-cilindro-losolivos-lima-peru.webp\",\"datePublished\":\"2022-01-20T17:10:13+00:00\",\"dateModified\":\"2022-08-04T18:09:38+00:00\",\"breadcrumb\":{\"@id\":\"https:\\\/\\\/lubrimas.pe\\\/empresas\\\/productos\\\/mobil-mobilgard-m-440\\\/#breadcrumb\"},\"inLanguage\":\"es\",\"potentialAction\":[{\"@type\":\"ReadAction\",\"target\":[\"https:\\\/\\\/lubrimas.pe\\\/empresas\\\/productos\\\/mobil-mobilgard-m-440\\\/\"]}]},{\"@type\":\"ImageObject\",\"inLanguage\":\"es\",\"@id\":\"https:\\\/\\\/lubrimas.pe\\\/empresas\\\/productos\\\/mobil-mobilgard-m-440\\\/#primaryimage\",\"url\":\"https:\\\/\\\/lubrimas.pe\\\/empresas\\\/wp-content\\\/uploads\\\/sites\\\/2\\\/2022\\\/08\\\/lubrimasperu-lubrimaspe-empresas-cotizaciones-aceite-mobil-balde-cilindro-losolivos-lima-peru.webp\",\"contentUrl\":\"https:\\\/\\\/lubrimas.pe\\\/empresas\\\/wp-content\\\/uploads\\\/sites\\\/2\\\/2022\\\/08\\\/lubrimasperu-lubrimaspe-empresas-cotizaciones-aceite-mobil-balde-cilindro-losolivos-lima-peru.webp\",\"width\":850,\"height\":1000},{\"@type\":\"BreadcrumbList\",\"@id\":\"https:\\\/\\\/lubrimas.pe\\\/empresas\\\/productos\\\/mobil-mobilgard-m-440\\\/#breadcrumb\",\"itemListElement\":[{\"@type\":\"ListItem\",\"position\":1,\"name\":\"Portada\",\"item\":\"https:\\\/\\\/lubrimas.pe\\\/empresas\\\/\"},{\"@type\":\"ListItem\",\"position\":2,\"name\":\"Lubricantes (Cat\u00e1logo)\",\"item\":\"https:\\\/\\\/lubrimas.pe\\\/empresas\\\/productos\\\/\"},{\"@type\":\"ListItem\",\"position\":3,\"name\":\"MOBIL MOBILGARD M 440\"}]},{\"@type\":\"WebSite\",\"@id\":\"https:\\\/\\\/lubrimas.pe\\\/empresas\\\/#website\",\"url\":\"https:\\\/\\\/lubrimas.pe\\\/empresas\\\/\",\"name\":\"Lubrim\u00e1s Empresas\",\"description\":\"Distribuidor Autorizado de Lubricantes para el sector Automotor e Industrial\",\"publisher\":{\"@id\":\"https:\\\/\\\/lubrimas.pe\\\/empresas\\\/#organization\"},\"potentialAction\":[{\"@type\":\"SearchAction\",\"target\":{\"@type\":\"EntryPoint\",\"urlTemplate\":\"https:\\\/\\\/lubrimas.pe\\\/empresas\\\/?s={search_term_string}\"},\"query-input\":{\"@type\":\"PropertyValueSpecification\",\"valueRequired\":true,\"valueName\":\"search_term_string\"}}],\"inLanguage\":\"es\"},{\"@type\":\"Organization\",\"@id\":\"https:\\\/\\\/lubrimas.pe\\\/empresas\\\/#organization\",\"name\":\"Lubrimas.pe\",\"url\":\"https:\\\/\\\/lubrimas.pe\\\/empresas\\\/\",\"logo\":{\"@type\":\"ImageObject\",\"inLanguage\":\"es\",\"@id\":\"https:\\\/\\\/lubrimas.pe\\\/empresas\\\/#\\\/schema\\\/logo\\\/image\\\/\",\"url\":\"https:\\\/\\\/lubrimas.pe\\\/empresas\\\/wp-content\\\/uploads\\\/sites\\\/2\\\/2022\\\/03\\\/tarjeta-empresas.webp\",\"contentUrl\":\"https:\\\/\\\/lubrimas.pe\\\/empresas\\\/wp-content\\\/uploads\\\/sites\\\/2\\\/2022\\\/03\\\/tarjeta-empresas.webp\",\"width\":250,\"height\":250,\"caption\":\"Lubrimas.pe\"},\"image\":{\"@id\":\"https:\\\/\\\/lubrimas.pe\\\/empresas\\\/#\\\/schema\\\/logo\\\/image\\\/\"},\"sameAs\":[\"https:\\\/\\\/www.facebook.com\\\/lubrimasperu\",\"https:\\\/\\\/www.instagram.com\\\/lubrimas_pe\",\"https:\\\/\\\/www.youtube.com\\\/channel\\\/UCkp38n2qqb8SU60_v_gaKlg\"]}]}<\/script>\n<!-- \/ Yoast SEO plugin. -->","yoast_head_json":{"title":"MOBIL MOBILGARD M 440 - Lubrim\u00e1s Empresas","robots":{"index":"index","follow":"follow","max-snippet":"max-snippet:-1","max-image-preview":"max-image-preview:large","max-video-preview":"max-video-preview:-1"},"canonical":"https:\/\/lubrimas.pe\/empresas\/productos\/mobil-mobilgard-m-440\/","og_locale":"es_ES","og_type":"article","og_title":"MOBIL MOBILGARD M 440 - Lubrim\u00e1s Empresas","og_description":"Desarrollados espec\u00edficamente para motores de velocidad media MobilgardTM M440 es un aceite de motor de 40 BN de alto rendimiento recomendado para usarse en buques de alta mar y barcos costeros y fluviales que operan con fueloil pesado. Este producto ofrece: \u2022 Excelente resistencia a la oxidaci\u00f3n a altas temperaturas \u2022 Sobresaliente compatibilidad con combustibles residuales \u2022 Buena estabilidad t\u00e9rmica \u2022 Baja volatilidad \u2022 Alta capacidad de carga \u2022 Protecci\u00f3n excepcional contra la corrosi\u00f3n. Protecci\u00f3n contra la corrosi\u00f3n Las reservas de alcalinidad gh de Mobilgard M440 proporcionan una protecci\u00f3n superior para la neutralizaci\u00f3n de los \u00e1cidos fuertes que se generan al utilizar combustibles con alto contenido de azufre, con lo cual se reduce la corrosi\u00f3n y con ello los costos de mantenimiento y reparaci\u00f3n. Limpieza y protecci\u00f3n del motor sin igual El aceite Mobilgard M440 ofrece una excelente retenci\u00f3n del BN y resistencia al aumento de la viscosidad, lo que ayuda a maximizar tanto la vida \u00fatil de los componentes como los intervalos entre limpiezas, as\u00ed como a reducir al m\u00ednimo los cambios de filtro y el mantenimiento del purificador. Tambi\u00e9n: \u2022 Ayuda a proteger contra la acumulaci\u00f3n de dep\u00f3sitos en las zonas debajo de las coronas de los pistones de causados por la diluci\u00f3n del combustible crudo \u2022 Optimiza la vida \u00fatil de las superficies de desgaste cr\u00edticas mediante sus sobresalientes propiedades antidesgaste \u2022 Reduce al m\u00ednimo el consumo de aceite gracias a aceites base de baja volatilidad","og_url":"https:\/\/lubrimas.pe\/empresas\/productos\/mobil-mobilgard-m-440\/","og_site_name":"Lubrim\u00e1s Empresas","article_publisher":"https:\/\/www.facebook.com\/lubrimasperu","article_modified_time":"2022-08-04T18:09:38+00:00","og_image":[{"width":850,"height":1000,"url":"https:\/\/lubrimas.pe\/empresas\/wp-content\/uploads\/sites\/2\/2022\/08\/lubrimasperu-lubrimaspe-empresas-cotizaciones-aceite-mobil-balde-cilindro-losolivos-lima-peru.webp","type":"image\/webp"}],"twitter_card":"summary_large_image","schema":{"@context":"https:\/\/schema.org","@graph":[{"@type":"WebPage","@id":"https:\/\/lubrimas.pe\/empresas\/productos\/mobil-mobilgard-m-440\/","url":"https:\/\/lubrimas.pe\/empresas\/productos\/mobil-mobilgard-m-440\/","name":"MOBIL MOBILGARD M 440 - Lubrim\u00e1s Empresas","isPartOf":{"@id":"https:\/\/lubrimas.pe\/empresas\/#website"},"primaryImageOfPage":{"@id":"https:\/\/lubrimas.pe\/empresas\/productos\/mobil-mobilgard-m-440\/#primaryimage"},"image":{"@id":"https:\/\/lubrimas.pe\/empresas\/productos\/mobil-mobilgard-m-440\/#primaryimage"},"thumbnailUrl":"https:\/\/lubrimas.pe\/empresas\/wp-content\/uploads\/sites\/2\/2022\/08\/lubrimasperu-lubrimaspe-empresas-cotizaciones-aceite-mobil-balde-cilindro-losolivos-lima-peru.webp","datePublished":"2022-01-20T17:10:13+00:00","dateModified":"2022-08-04T18:09:38+00:00","breadcrumb":{"@id":"https:\/\/lubrimas.pe\/empresas\/productos\/mobil-mobilgard-m-440\/#breadcrumb"},"inLanguage":"es","potentialAction":[{"@type":"ReadAction","target":["https:\/\/lubrimas.pe\/empresas\/productos\/mobil-mobilgard-m-440\/"]}]},{"@type":"ImageObject","inLanguage":"es","@id":"https:\/\/lubrimas.pe\/empresas\/productos\/mobil-mobilgard-m-440\/#primaryimage","url":"https:\/\/lubrimas.pe\/empresas\/wp-content\/uploads\/sites\/2\/2022\/08\/lubrimasperu-lubrimaspe-empresas-cotizaciones-aceite-mobil-balde-cilindro-losolivos-lima-peru.webp","contentUrl":"https:\/\/lubrimas.pe\/empresas\/wp-content\/uploads\/sites\/2\/2022\/08\/lubrimasperu-lubrimaspe-empresas-cotizaciones-aceite-mobil-balde-cilindro-losolivos-lima-peru.webp","width":850,"height":1000},{"@type":"BreadcrumbList","@id":"https:\/\/lubrimas.pe\/empresas\/productos\/mobil-mobilgard-m-440\/#breadcrumb","itemListElement":[{"@type":"ListItem","position":1,"name":"Portada","item":"https:\/\/lubrimas.pe\/empresas\/"},{"@type":"ListItem","position":2,"name":"Lubricantes (Cat\u00e1logo)","item":"https:\/\/lubrimas.pe\/empresas\/productos\/"},{"@type":"ListItem","position":3,"name":"MOBIL MOBILGARD M 440"}]},{"@type":"WebSite","@id":"https:\/\/lubrimas.pe\/empresas\/#website","url":"https:\/\/lubrimas.pe\/empresas\/","name":"Lubrim\u00e1s Empresas","description":"Distribuidor Autorizado de Lubricantes para el sector Automotor e Industrial","publisher":{"@id":"https:\/\/lubrimas.pe\/empresas\/#organization"},"potentialAction":[{"@type":"SearchAction","target":{"@type":"EntryPoint","urlTemplate":"https:\/\/lubrimas.pe\/empresas\/?s={search_term_string}"},"query-input":{"@type":"PropertyValueSpecification","valueRequired":true,"valueName":"search_term_string"}}],"inLanguage":"es"},{"@type":"Organization","@id":"https:\/\/lubrimas.pe\/empresas\/#organization","name":"Lubrimas.pe","url":"https:\/\/lubrimas.pe\/empresas\/","logo":{"@type":"ImageObject","inLanguage":"es","@id":"https:\/\/lubrimas.pe\/empresas\/#\/schema\/logo\/image\/","url":"https:\/\/lubrimas.pe\/empresas\/wp-content\/uploads\/sites\/2\/2022\/03\/tarjeta-empresas.webp","contentUrl":"https:\/\/lubrimas.pe\/empresas\/wp-content\/uploads\/sites\/2\/2022\/03\/tarjeta-empresas.webp","width":250,"height":250,"caption":"Lubrimas.pe"},"image":{"@id":"https:\/\/lubrimas.pe\/empresas\/#\/schema\/logo\/image\/"},"sameAs":["https:\/\/www.facebook.com\/lubrimasperu","https:\/\/www.instagram.com\/lubrimas_pe","https:\/\/www.youtube.com\/channel\/UCkp38n2qqb8SU60_v_gaKlg"]}]}},"_links":{"self":[{"href":"https:\/\/lubrimas.pe\/empresas\/wp-json\/wp\/v2\/product\/560","targetHints":{"allow":["GET"]}}],"collection":[{"href":"https:\/\/lubrimas.pe\/empresas\/wp-json\/wp\/v2\/product"}],"about":[{"href":"https:\/\/lubrimas.pe\/empresas\/wp-json\/wp\/v2\/types\/product"}],"replies":[{"embeddable":true,"href":"https:\/\/lubrimas.pe\/empresas\/wp-json\/wp\/v2\/comments?post=560"}],"wp:featuredmedia":[{"embeddable":true,"href":"https:\/\/lubrimas.pe\/empresas\/wp-json\/wp\/v2\/media\/1317"}],"wp:attachment":[{"href":"https:\/\/lubrimas.pe\/empresas\/wp-json\/wp\/v2\/media?parent=560"}],"wp:term":[{"taxonomy":"product_brand","embeddable":true,"href":"https:\/\/lubrimas.pe\/empresas\/wp-json\/wp\/v2\/product_brand?post=560"},{"taxonomy":"product_cat","embeddable":true,"href":"https:\/\/lubrimas.pe\/empresas\/wp-json\/wp\/v2\/product_cat?post=560"},{"taxonomy":"product_tag","embeddable":true,"href":"https:\/\/lubrimas.pe\/empresas\/wp-json\/wp\/v2\/product_tag?post=560"}],"curies":[{"name":"wp","href":"https:\/\/api.w.org\/{rel}","templated":true}]}}