{"id":570,"date":"2022-01-20T17:10:21","date_gmt":"2022-01-20T17:10:21","guid":{"rendered":"https:\/\/lubrimas.pe\/empresas\/?post_type=product&#038;p=570"},"modified":"2022-08-04T13:08:21","modified_gmt":"2022-08-04T18:08:21","slug":"mobil-pegasus-1","status":"publish","type":"product","link":"https:\/\/lubrimas.pe\/empresas\/productos\/mobil-pegasus-1\/","title":{"rendered":"MOBIL PEGASUS 1"},"content":{"rendered":"","protected":false},"excerpt":{"rendered":"<p>Mobil PegasusTM 1 es un aceite sint\u00e9tico de alto desempe\u00f1o para motores de gas dise\u00f1ado para satisfacer los m\u00e1s altos requisitos de desempe\u00f1o de los m\u00e1s exigentes motores de gas estequiom\u00e9tricos y de mezcla pobre tanto de aspiraci\u00f3n natural como turboalimentados. Est\u00e1 formulado a partir de aceites base sint\u00e9ticos sin cera y un sistema de aditivos equilibrado para proporcionar un desempe\u00f1o inalcanzable con los aceites para motores de gas a base de aceites minerales convencionales. El posible beneficio es una mejor rentabilidad a trav\u00e9s de una mayor vida \u00fatil del motor y del aceite, menores costos de mantenimiento y costos de combustible m\u00e1s bajos. La f\u00f3rmula exclusiva de Mobil Pegasus 1 minimiza los dep\u00f3sitos de cenizas, los dep\u00f3sitos sobre las caras y las correas de los anillos de los pistones, el desgaste abrasivo de las camisas y el desgaste del frente y del asiento de las v\u00e1lvulas. Tiene una sobresaliente resistencia a la oxidaci\u00f3n y el \u00edndice de viscosidad inherentemente alto de los componentes del aceite base sint\u00e9tico asegura una pel\u00edcula lubricante protectora a altas temperaturas muy por encima del l\u00edmite para los productos a base de aceite mineral. Mobil Pegasus 1 exhibe una baja volatilidad, una propiedad que ayuda a reducir el consumo de aceite y a mejorar de manera medible la lubricaci\u00f3n de las v\u00e1lvulas. Su singular viscometr\u00eda y su bajo coeficiente de tracci\u00f3n reducen las p\u00e9rdidas de potencia y proporcionan posibles beneficios de econom\u00eda de combustible, particularmente en condiciones de carga, velocidad y temperatura variables.<\/p>\n","protected":false},"featured_media":1317,"comment_status":"closed","ping_status":"closed","template":"","meta":[],"product_brand":[],"product_cat":[108],"product_tag":[],"class_list":{"0":"post-570","1":"product","2":"type-product","3":"status-publish","4":"has-post-thumbnail","6":"product_cat-motores-estacionarios","7":"pa_marca-mobil","8":"pa_presentacion-cilindro-55gl","10":"first","11":"instock","12":"shipping-taxable","13":"purchasable","14":"product-type-variable","15":"has-default-attributes"},"yoast_head":"<!-- This site is optimized with the Yoast SEO plugin v27.4 - https:\/\/yoast.com\/product\/yoast-seo-wordpress\/ -->\n<title>MOBIL PEGASUS 1 - Lubrim\u00e1s Empresas<\/title>\n<meta name=\"robots\" content=\"index, follow, max-snippet:-1, max-image-preview:large, max-video-preview:-1\" \/>\n<link rel=\"canonical\" href=\"https:\/\/lubrimas.pe\/empresas\/productos\/mobil-pegasus-1\/\" \/>\n<meta property=\"og:locale\" content=\"es_ES\" \/>\n<meta property=\"og:type\" content=\"article\" \/>\n<meta property=\"og:title\" content=\"MOBIL PEGASUS 1 - Lubrim\u00e1s Empresas\" \/>\n<meta property=\"og:description\" content=\"Mobil PegasusTM 1 es un aceite sint\u00e9tico de alto desempe\u00f1o para motores de gas dise\u00f1ado para satisfacer los m\u00e1s altos requisitos de desempe\u00f1o de los m\u00e1s exigentes motores de gas estequiom\u00e9tricos y de mezcla pobre tanto de aspiraci\u00f3n natural como turboalimentados. Est\u00e1 formulado a partir de aceites base sint\u00e9ticos sin cera y un sistema de aditivos equilibrado para proporcionar un desempe\u00f1o inalcanzable con los aceites para motores de gas a base de aceites minerales convencionales. El posible beneficio es una mejor rentabilidad a trav\u00e9s de una mayor vida \u00fatil del motor y del aceite, menores costos de mantenimiento y costos de combustible m\u00e1s bajos. La f\u00f3rmula exclusiva de Mobil Pegasus 1 minimiza los dep\u00f3sitos de cenizas, los dep\u00f3sitos sobre las caras y las correas de los anillos de los pistones, el desgaste abrasivo de las camisas y el desgaste del frente y del asiento de las v\u00e1lvulas. Tiene una sobresaliente resistencia a la oxidaci\u00f3n y el \u00edndice de viscosidad inherentemente alto de los componentes del aceite base sint\u00e9tico asegura una pel\u00edcula lubricante protectora a altas temperaturas muy por encima del l\u00edmite para los productos a base de aceite mineral. Mobil Pegasus 1 exhibe una baja volatilidad, una propiedad que ayuda a reducir el consumo de aceite y a mejorar de manera medible la lubricaci\u00f3n de las v\u00e1lvulas. Su singular viscometr\u00eda y su bajo coeficiente de tracci\u00f3n reducen las p\u00e9rdidas de potencia y proporcionan posibles beneficios de econom\u00eda de combustible, particularmente en condiciones de carga, velocidad y temperatura variables.\" \/>\n<meta property=\"og:url\" content=\"https:\/\/lubrimas.pe\/empresas\/productos\/mobil-pegasus-1\/\" \/>\n<meta property=\"og:site_name\" content=\"Lubrim\u00e1s Empresas\" \/>\n<meta property=\"article:publisher\" content=\"https:\/\/www.facebook.com\/lubrimasperu\" \/>\n<meta property=\"article:modified_time\" content=\"2022-08-04T18:08:21+00:00\" \/>\n<meta property=\"og:image\" content=\"https:\/\/lubrimas.pe\/empresas\/wp-content\/uploads\/sites\/2\/2022\/08\/lubrimasperu-lubrimaspe-empresas-cotizaciones-aceite-mobil-balde-cilindro-losolivos-lima-peru.webp\" \/>\n\t<meta property=\"og:image:width\" content=\"850\" \/>\n\t<meta property=\"og:image:height\" content=\"1000\" \/>\n\t<meta property=\"og:image:type\" content=\"image\/webp\" \/>\n<meta name=\"twitter:card\" content=\"summary_large_image\" \/>\n<script type=\"application\/ld+json\" class=\"yoast-schema-graph\">{\"@context\":\"https:\\\/\\\/schema.org\",\"@graph\":[{\"@type\":\"WebPage\",\"@id\":\"https:\\\/\\\/lubrimas.pe\\\/empresas\\\/productos\\\/mobil-pegasus-1\\\/\",\"url\":\"https:\\\/\\\/lubrimas.pe\\\/empresas\\\/productos\\\/mobil-pegasus-1\\\/\",\"name\":\"MOBIL PEGASUS 1 - Lubrim\u00e1s Empresas\",\"isPartOf\":{\"@id\":\"https:\\\/\\\/lubrimas.pe\\\/empresas\\\/#website\"},\"primaryImageOfPage\":{\"@id\":\"https:\\\/\\\/lubrimas.pe\\\/empresas\\\/productos\\\/mobil-pegasus-1\\\/#primaryimage\"},\"image\":{\"@id\":\"https:\\\/\\\/lubrimas.pe\\\/empresas\\\/productos\\\/mobil-pegasus-1\\\/#primaryimage\"},\"thumbnailUrl\":\"https:\\\/\\\/lubrimas.pe\\\/empresas\\\/wp-content\\\/uploads\\\/sites\\\/2\\\/2022\\\/08\\\/lubrimasperu-lubrimaspe-empresas-cotizaciones-aceite-mobil-balde-cilindro-losolivos-lima-peru.webp\",\"datePublished\":\"2022-01-20T17:10:21+00:00\",\"dateModified\":\"2022-08-04T18:08:21+00:00\",\"breadcrumb\":{\"@id\":\"https:\\\/\\\/lubrimas.pe\\\/empresas\\\/productos\\\/mobil-pegasus-1\\\/#breadcrumb\"},\"inLanguage\":\"es\",\"potentialAction\":[{\"@type\":\"ReadAction\",\"target\":[\"https:\\\/\\\/lubrimas.pe\\\/empresas\\\/productos\\\/mobil-pegasus-1\\\/\"]}]},{\"@type\":\"ImageObject\",\"inLanguage\":\"es\",\"@id\":\"https:\\\/\\\/lubrimas.pe\\\/empresas\\\/productos\\\/mobil-pegasus-1\\\/#primaryimage\",\"url\":\"https:\\\/\\\/lubrimas.pe\\\/empresas\\\/wp-content\\\/uploads\\\/sites\\\/2\\\/2022\\\/08\\\/lubrimasperu-lubrimaspe-empresas-cotizaciones-aceite-mobil-balde-cilindro-losolivos-lima-peru.webp\",\"contentUrl\":\"https:\\\/\\\/lubrimas.pe\\\/empresas\\\/wp-content\\\/uploads\\\/sites\\\/2\\\/2022\\\/08\\\/lubrimasperu-lubrimaspe-empresas-cotizaciones-aceite-mobil-balde-cilindro-losolivos-lima-peru.webp\",\"width\":850,\"height\":1000},{\"@type\":\"BreadcrumbList\",\"@id\":\"https:\\\/\\\/lubrimas.pe\\\/empresas\\\/productos\\\/mobil-pegasus-1\\\/#breadcrumb\",\"itemListElement\":[{\"@type\":\"ListItem\",\"position\":1,\"name\":\"Portada\",\"item\":\"https:\\\/\\\/lubrimas.pe\\\/empresas\\\/\"},{\"@type\":\"ListItem\",\"position\":2,\"name\":\"Lubricantes (Cat\u00e1logo)\",\"item\":\"https:\\\/\\\/lubrimas.pe\\\/empresas\\\/productos\\\/\"},{\"@type\":\"ListItem\",\"position\":3,\"name\":\"MOBIL PEGASUS 1\"}]},{\"@type\":\"WebSite\",\"@id\":\"https:\\\/\\\/lubrimas.pe\\\/empresas\\\/#website\",\"url\":\"https:\\\/\\\/lubrimas.pe\\\/empresas\\\/\",\"name\":\"Lubrim\u00e1s Empresas\",\"description\":\"Distribuidor Autorizado de Lubricantes para el sector Automotor e Industrial\",\"publisher\":{\"@id\":\"https:\\\/\\\/lubrimas.pe\\\/empresas\\\/#organization\"},\"potentialAction\":[{\"@type\":\"SearchAction\",\"target\":{\"@type\":\"EntryPoint\",\"urlTemplate\":\"https:\\\/\\\/lubrimas.pe\\\/empresas\\\/?s={search_term_string}\"},\"query-input\":{\"@type\":\"PropertyValueSpecification\",\"valueRequired\":true,\"valueName\":\"search_term_string\"}}],\"inLanguage\":\"es\"},{\"@type\":\"Organization\",\"@id\":\"https:\\\/\\\/lubrimas.pe\\\/empresas\\\/#organization\",\"name\":\"Lubrimas.pe\",\"url\":\"https:\\\/\\\/lubrimas.pe\\\/empresas\\\/\",\"logo\":{\"@type\":\"ImageObject\",\"inLanguage\":\"es\",\"@id\":\"https:\\\/\\\/lubrimas.pe\\\/empresas\\\/#\\\/schema\\\/logo\\\/image\\\/\",\"url\":\"https:\\\/\\\/lubrimas.pe\\\/empresas\\\/wp-content\\\/uploads\\\/sites\\\/2\\\/2022\\\/03\\\/tarjeta-empresas.webp\",\"contentUrl\":\"https:\\\/\\\/lubrimas.pe\\\/empresas\\\/wp-content\\\/uploads\\\/sites\\\/2\\\/2022\\\/03\\\/tarjeta-empresas.webp\",\"width\":250,\"height\":250,\"caption\":\"Lubrimas.pe\"},\"image\":{\"@id\":\"https:\\\/\\\/lubrimas.pe\\\/empresas\\\/#\\\/schema\\\/logo\\\/image\\\/\"},\"sameAs\":[\"https:\\\/\\\/www.facebook.com\\\/lubrimasperu\",\"https:\\\/\\\/www.instagram.com\\\/lubrimas_pe\",\"https:\\\/\\\/www.youtube.com\\\/channel\\\/UCkp38n2qqb8SU60_v_gaKlg\"]}]}<\/script>\n<!-- \/ Yoast SEO plugin. -->","yoast_head_json":{"title":"MOBIL PEGASUS 1 - Lubrim\u00e1s Empresas","robots":{"index":"index","follow":"follow","max-snippet":"max-snippet:-1","max-image-preview":"max-image-preview:large","max-video-preview":"max-video-preview:-1"},"canonical":"https:\/\/lubrimas.pe\/empresas\/productos\/mobil-pegasus-1\/","og_locale":"es_ES","og_type":"article","og_title":"MOBIL PEGASUS 1 - Lubrim\u00e1s Empresas","og_description":"Mobil PegasusTM 1 es un aceite sint\u00e9tico de alto desempe\u00f1o para motores de gas dise\u00f1ado para satisfacer los m\u00e1s altos requisitos de desempe\u00f1o de los m\u00e1s exigentes motores de gas estequiom\u00e9tricos y de mezcla pobre tanto de aspiraci\u00f3n natural como turboalimentados. Est\u00e1 formulado a partir de aceites base sint\u00e9ticos sin cera y un sistema de aditivos equilibrado para proporcionar un desempe\u00f1o inalcanzable con los aceites para motores de gas a base de aceites minerales convencionales. El posible beneficio es una mejor rentabilidad a trav\u00e9s de una mayor vida \u00fatil del motor y del aceite, menores costos de mantenimiento y costos de combustible m\u00e1s bajos. La f\u00f3rmula exclusiva de Mobil Pegasus 1 minimiza los dep\u00f3sitos de cenizas, los dep\u00f3sitos sobre las caras y las correas de los anillos de los pistones, el desgaste abrasivo de las camisas y el desgaste del frente y del asiento de las v\u00e1lvulas. Tiene una sobresaliente resistencia a la oxidaci\u00f3n y el \u00edndice de viscosidad inherentemente alto de los componentes del aceite base sint\u00e9tico asegura una pel\u00edcula lubricante protectora a altas temperaturas muy por encima del l\u00edmite para los productos a base de aceite mineral. Mobil Pegasus 1 exhibe una baja volatilidad, una propiedad que ayuda a reducir el consumo de aceite y a mejorar de manera medible la lubricaci\u00f3n de las v\u00e1lvulas. Su singular viscometr\u00eda y su bajo coeficiente de tracci\u00f3n reducen las p\u00e9rdidas de potencia y proporcionan posibles beneficios de econom\u00eda de combustible, particularmente en condiciones de carga, velocidad y temperatura variables.","og_url":"https:\/\/lubrimas.pe\/empresas\/productos\/mobil-pegasus-1\/","og_site_name":"Lubrim\u00e1s Empresas","article_publisher":"https:\/\/www.facebook.com\/lubrimasperu","article_modified_time":"2022-08-04T18:08:21+00:00","og_image":[{"width":850,"height":1000,"url":"https:\/\/lubrimas.pe\/empresas\/wp-content\/uploads\/sites\/2\/2022\/08\/lubrimasperu-lubrimaspe-empresas-cotizaciones-aceite-mobil-balde-cilindro-losolivos-lima-peru.webp","type":"image\/webp"}],"twitter_card":"summary_large_image","schema":{"@context":"https:\/\/schema.org","@graph":[{"@type":"WebPage","@id":"https:\/\/lubrimas.pe\/empresas\/productos\/mobil-pegasus-1\/","url":"https:\/\/lubrimas.pe\/empresas\/productos\/mobil-pegasus-1\/","name":"MOBIL PEGASUS 1 - Lubrim\u00e1s Empresas","isPartOf":{"@id":"https:\/\/lubrimas.pe\/empresas\/#website"},"primaryImageOfPage":{"@id":"https:\/\/lubrimas.pe\/empresas\/productos\/mobil-pegasus-1\/#primaryimage"},"image":{"@id":"https:\/\/lubrimas.pe\/empresas\/productos\/mobil-pegasus-1\/#primaryimage"},"thumbnailUrl":"https:\/\/lubrimas.pe\/empresas\/wp-content\/uploads\/sites\/2\/2022\/08\/lubrimasperu-lubrimaspe-empresas-cotizaciones-aceite-mobil-balde-cilindro-losolivos-lima-peru.webp","datePublished":"2022-01-20T17:10:21+00:00","dateModified":"2022-08-04T18:08:21+00:00","breadcrumb":{"@id":"https:\/\/lubrimas.pe\/empresas\/productos\/mobil-pegasus-1\/#breadcrumb"},"inLanguage":"es","potentialAction":[{"@type":"ReadAction","target":["https:\/\/lubrimas.pe\/empresas\/productos\/mobil-pegasus-1\/"]}]},{"@type":"ImageObject","inLanguage":"es","@id":"https:\/\/lubrimas.pe\/empresas\/productos\/mobil-pegasus-1\/#primaryimage","url":"https:\/\/lubrimas.pe\/empresas\/wp-content\/uploads\/sites\/2\/2022\/08\/lubrimasperu-lubrimaspe-empresas-cotizaciones-aceite-mobil-balde-cilindro-losolivos-lima-peru.webp","contentUrl":"https:\/\/lubrimas.pe\/empresas\/wp-content\/uploads\/sites\/2\/2022\/08\/lubrimasperu-lubrimaspe-empresas-cotizaciones-aceite-mobil-balde-cilindro-losolivos-lima-peru.webp","width":850,"height":1000},{"@type":"BreadcrumbList","@id":"https:\/\/lubrimas.pe\/empresas\/productos\/mobil-pegasus-1\/#breadcrumb","itemListElement":[{"@type":"ListItem","position":1,"name":"Portada","item":"https:\/\/lubrimas.pe\/empresas\/"},{"@type":"ListItem","position":2,"name":"Lubricantes (Cat\u00e1logo)","item":"https:\/\/lubrimas.pe\/empresas\/productos\/"},{"@type":"ListItem","position":3,"name":"MOBIL PEGASUS 1"}]},{"@type":"WebSite","@id":"https:\/\/lubrimas.pe\/empresas\/#website","url":"https:\/\/lubrimas.pe\/empresas\/","name":"Lubrim\u00e1s Empresas","description":"Distribuidor Autorizado de Lubricantes para el sector Automotor e Industrial","publisher":{"@id":"https:\/\/lubrimas.pe\/empresas\/#organization"},"potentialAction":[{"@type":"SearchAction","target":{"@type":"EntryPoint","urlTemplate":"https:\/\/lubrimas.pe\/empresas\/?s={search_term_string}"},"query-input":{"@type":"PropertyValueSpecification","valueRequired":true,"valueName":"search_term_string"}}],"inLanguage":"es"},{"@type":"Organization","@id":"https:\/\/lubrimas.pe\/empresas\/#organization","name":"Lubrimas.pe","url":"https:\/\/lubrimas.pe\/empresas\/","logo":{"@type":"ImageObject","inLanguage":"es","@id":"https:\/\/lubrimas.pe\/empresas\/#\/schema\/logo\/image\/","url":"https:\/\/lubrimas.pe\/empresas\/wp-content\/uploads\/sites\/2\/2022\/03\/tarjeta-empresas.webp","contentUrl":"https:\/\/lubrimas.pe\/empresas\/wp-content\/uploads\/sites\/2\/2022\/03\/tarjeta-empresas.webp","width":250,"height":250,"caption":"Lubrimas.pe"},"image":{"@id":"https:\/\/lubrimas.pe\/empresas\/#\/schema\/logo\/image\/"},"sameAs":["https:\/\/www.facebook.com\/lubrimasperu","https:\/\/www.instagram.com\/lubrimas_pe","https:\/\/www.youtube.com\/channel\/UCkp38n2qqb8SU60_v_gaKlg"]}]}},"_links":{"self":[{"href":"https:\/\/lubrimas.pe\/empresas\/wp-json\/wp\/v2\/product\/570","targetHints":{"allow":["GET"]}}],"collection":[{"href":"https:\/\/lubrimas.pe\/empresas\/wp-json\/wp\/v2\/product"}],"about":[{"href":"https:\/\/lubrimas.pe\/empresas\/wp-json\/wp\/v2\/types\/product"}],"replies":[{"embeddable":true,"href":"https:\/\/lubrimas.pe\/empresas\/wp-json\/wp\/v2\/comments?post=570"}],"wp:featuredmedia":[{"embeddable":true,"href":"https:\/\/lubrimas.pe\/empresas\/wp-json\/wp\/v2\/media\/1317"}],"wp:attachment":[{"href":"https:\/\/lubrimas.pe\/empresas\/wp-json\/wp\/v2\/media?parent=570"}],"wp:term":[{"taxonomy":"product_brand","embeddable":true,"href":"https:\/\/lubrimas.pe\/empresas\/wp-json\/wp\/v2\/product_brand?post=570"},{"taxonomy":"product_cat","embeddable":true,"href":"https:\/\/lubrimas.pe\/empresas\/wp-json\/wp\/v2\/product_cat?post=570"},{"taxonomy":"product_tag","embeddable":true,"href":"https:\/\/lubrimas.pe\/empresas\/wp-json\/wp\/v2\/product_tag?post=570"}],"curies":[{"name":"wp","href":"https:\/\/api.w.org\/{rel}","templated":true}]}}