{"id":572,"date":"2022-01-20T17:10:21","date_gmt":"2022-01-20T17:10:21","guid":{"rendered":"https:\/\/lubrimas.pe\/empresas\/?post_type=product&#038;p=572"},"modified":"2022-08-04T12:47:44","modified_gmt":"2022-08-04T17:47:44","slug":"mobil-pegasus-1005","status":"publish","type":"product","link":"https:\/\/lubrimas.pe\/empresas\/productos\/mobil-pegasus-1005\/","title":{"rendered":"MOBIL PEGASUS 1005"},"content":{"rendered":"","protected":false},"excerpt":{"rendered":"<p>Mobil Pegasus 1005 es un aceite de alto desempe\u00f1o para motores de gas dise\u00f1ado para proporcionarles a los motores de gas de cuatro tiempos, de alto desempe\u00f1o y de bajas emisiones de hoy d\u00eda los mayores niveles de protecci\u00f3n a la vez que mantiene un desempe\u00f1o superior en modelos anteriores de motores. Mobil Pegasus 1005 es la \u00faltima incorporaci\u00f3n al pedigr\u00ed de Mobil Pegasus de aceites para motores de gas natural de comprobado desempe\u00f1o con una formulaci\u00f3n equilibrada y duradera. Mobil Pegasus 1005 utiliza aceites b\u00e1sicos de alta calidad y una avanzada tecnolog\u00eda de aditivos para brindar estabilidad contra la oxidaci\u00f3n, resistencia a la nitraci\u00f3n y estabilidad t\u00e9rmica excepcionales. La formulaci\u00f3n de Mobil Pegasus 1005 est\u00e1 equilibrada para proporcionar sobresalientes caracter\u00edsticas de antidesgaste para proteger los componentes de los trenes de v\u00e1lvulas, pistones, camisas, cojinetes y trenes de engranajes muy cargados, a la vez que mantiene la debida compatibilidad con los materiales de los convertidores catal\u00edticos. Su excelente sistema detergente-dispersante controla la formaci\u00f3n de dep\u00f3sitos de carb\u00f3n y de barniz para minimizar el consumo de aceite y mantener limpio al motor inclusive bajo intervalos prolongados entre cambios de aceite. Mobil Pegasus 1005 puede ayudar a los usuarios a mantener sus motores funcionando m\u00e1s limpios y por m\u00e1s tiempo con una confiabilidad mejorada que resulta en un aumento en la productividad.<\/p>\n","protected":false},"featured_media":1317,"comment_status":"closed","ping_status":"closed","template":"","meta":[],"product_brand":[],"product_cat":[108],"product_tag":[],"class_list":{"0":"post-572","1":"product","2":"type-product","3":"status-publish","4":"has-post-thumbnail","6":"product_cat-motores-estacionarios","7":"pa_marca-mobil","8":"pa_presentacion-cilindro-55gl","10":"first","11":"instock","12":"taxable","13":"shipping-taxable","14":"purchasable","15":"product-type-variable","16":"has-default-attributes"},"yoast_head":"<!-- This site is optimized with the Yoast SEO plugin v27.4 - https:\/\/yoast.com\/product\/yoast-seo-wordpress\/ -->\n<title>MOBIL PEGASUS 1005 - Lubrim\u00e1s Empresas<\/title>\n<meta name=\"robots\" content=\"index, follow, max-snippet:-1, max-image-preview:large, max-video-preview:-1\" \/>\n<link rel=\"canonical\" href=\"https:\/\/lubrimas.pe\/empresas\/productos\/mobil-pegasus-1005\/\" \/>\n<meta property=\"og:locale\" content=\"es_ES\" \/>\n<meta property=\"og:type\" content=\"article\" \/>\n<meta property=\"og:title\" content=\"MOBIL PEGASUS 1005 - Lubrim\u00e1s Empresas\" \/>\n<meta property=\"og:description\" content=\"Mobil Pegasus 1005 es un aceite de alto desempe\u00f1o para motores de gas dise\u00f1ado para proporcionarles a los motores de gas de cuatro tiempos, de alto desempe\u00f1o y de bajas emisiones de hoy d\u00eda los mayores niveles de protecci\u00f3n a la vez que mantiene un desempe\u00f1o superior en modelos anteriores de motores. Mobil Pegasus 1005 es la \u00faltima incorporaci\u00f3n al pedigr\u00ed de Mobil Pegasus de aceites para motores de gas natural de comprobado desempe\u00f1o con una formulaci\u00f3n equilibrada y duradera. Mobil Pegasus 1005 utiliza aceites b\u00e1sicos de alta calidad y una avanzada tecnolog\u00eda de aditivos para brindar estabilidad contra la oxidaci\u00f3n, resistencia a la nitraci\u00f3n y estabilidad t\u00e9rmica excepcionales. La formulaci\u00f3n de Mobil Pegasus 1005 est\u00e1 equilibrada para proporcionar sobresalientes caracter\u00edsticas de antidesgaste para proteger los componentes de los trenes de v\u00e1lvulas, pistones, camisas, cojinetes y trenes de engranajes muy cargados, a la vez que mantiene la debida compatibilidad con los materiales de los convertidores catal\u00edticos. Su excelente sistema detergente-dispersante controla la formaci\u00f3n de dep\u00f3sitos de carb\u00f3n y de barniz para minimizar el consumo de aceite y mantener limpio al motor inclusive bajo intervalos prolongados entre cambios de aceite. Mobil Pegasus 1005 puede ayudar a los usuarios a mantener sus motores funcionando m\u00e1s limpios y por m\u00e1s tiempo con una confiabilidad mejorada que resulta en un aumento en la productividad.\" \/>\n<meta property=\"og:url\" content=\"https:\/\/lubrimas.pe\/empresas\/productos\/mobil-pegasus-1005\/\" \/>\n<meta property=\"og:site_name\" content=\"Lubrim\u00e1s Empresas\" \/>\n<meta property=\"article:publisher\" content=\"https:\/\/www.facebook.com\/lubrimasperu\" \/>\n<meta property=\"article:modified_time\" content=\"2022-08-04T17:47:44+00:00\" \/>\n<meta property=\"og:image\" content=\"https:\/\/lubrimas.pe\/empresas\/wp-content\/uploads\/sites\/2\/2022\/08\/lubrimasperu-lubrimaspe-empresas-cotizaciones-aceite-mobil-balde-cilindro-losolivos-lima-peru.webp\" \/>\n\t<meta property=\"og:image:width\" content=\"850\" \/>\n\t<meta property=\"og:image:height\" content=\"1000\" \/>\n\t<meta property=\"og:image:type\" content=\"image\/webp\" \/>\n<meta name=\"twitter:card\" content=\"summary_large_image\" \/>\n<script type=\"application\/ld+json\" class=\"yoast-schema-graph\">{\"@context\":\"https:\\\/\\\/schema.org\",\"@graph\":[{\"@type\":\"WebPage\",\"@id\":\"https:\\\/\\\/lubrimas.pe\\\/empresas\\\/productos\\\/mobil-pegasus-1005\\\/\",\"url\":\"https:\\\/\\\/lubrimas.pe\\\/empresas\\\/productos\\\/mobil-pegasus-1005\\\/\",\"name\":\"MOBIL PEGASUS 1005 - Lubrim\u00e1s Empresas\",\"isPartOf\":{\"@id\":\"https:\\\/\\\/lubrimas.pe\\\/empresas\\\/#website\"},\"primaryImageOfPage\":{\"@id\":\"https:\\\/\\\/lubrimas.pe\\\/empresas\\\/productos\\\/mobil-pegasus-1005\\\/#primaryimage\"},\"image\":{\"@id\":\"https:\\\/\\\/lubrimas.pe\\\/empresas\\\/productos\\\/mobil-pegasus-1005\\\/#primaryimage\"},\"thumbnailUrl\":\"https:\\\/\\\/lubrimas.pe\\\/empresas\\\/wp-content\\\/uploads\\\/sites\\\/2\\\/2022\\\/08\\\/lubrimasperu-lubrimaspe-empresas-cotizaciones-aceite-mobil-balde-cilindro-losolivos-lima-peru.webp\",\"datePublished\":\"2022-01-20T17:10:21+00:00\",\"dateModified\":\"2022-08-04T17:47:44+00:00\",\"breadcrumb\":{\"@id\":\"https:\\\/\\\/lubrimas.pe\\\/empresas\\\/productos\\\/mobil-pegasus-1005\\\/#breadcrumb\"},\"inLanguage\":\"es\",\"potentialAction\":[{\"@type\":\"ReadAction\",\"target\":[\"https:\\\/\\\/lubrimas.pe\\\/empresas\\\/productos\\\/mobil-pegasus-1005\\\/\"]}]},{\"@type\":\"ImageObject\",\"inLanguage\":\"es\",\"@id\":\"https:\\\/\\\/lubrimas.pe\\\/empresas\\\/productos\\\/mobil-pegasus-1005\\\/#primaryimage\",\"url\":\"https:\\\/\\\/lubrimas.pe\\\/empresas\\\/wp-content\\\/uploads\\\/sites\\\/2\\\/2022\\\/08\\\/lubrimasperu-lubrimaspe-empresas-cotizaciones-aceite-mobil-balde-cilindro-losolivos-lima-peru.webp\",\"contentUrl\":\"https:\\\/\\\/lubrimas.pe\\\/empresas\\\/wp-content\\\/uploads\\\/sites\\\/2\\\/2022\\\/08\\\/lubrimasperu-lubrimaspe-empresas-cotizaciones-aceite-mobil-balde-cilindro-losolivos-lima-peru.webp\",\"width\":850,\"height\":1000},{\"@type\":\"BreadcrumbList\",\"@id\":\"https:\\\/\\\/lubrimas.pe\\\/empresas\\\/productos\\\/mobil-pegasus-1005\\\/#breadcrumb\",\"itemListElement\":[{\"@type\":\"ListItem\",\"position\":1,\"name\":\"Portada\",\"item\":\"https:\\\/\\\/lubrimas.pe\\\/empresas\\\/\"},{\"@type\":\"ListItem\",\"position\":2,\"name\":\"Lubricantes (Cat\u00e1logo)\",\"item\":\"https:\\\/\\\/lubrimas.pe\\\/empresas\\\/productos\\\/\"},{\"@type\":\"ListItem\",\"position\":3,\"name\":\"MOBIL PEGASUS 1005\"}]},{\"@type\":\"WebSite\",\"@id\":\"https:\\\/\\\/lubrimas.pe\\\/empresas\\\/#website\",\"url\":\"https:\\\/\\\/lubrimas.pe\\\/empresas\\\/\",\"name\":\"Lubrim\u00e1s Empresas\",\"description\":\"Distribuidor Autorizado de Lubricantes para el sector Automotor e Industrial\",\"publisher\":{\"@id\":\"https:\\\/\\\/lubrimas.pe\\\/empresas\\\/#organization\"},\"potentialAction\":[{\"@type\":\"SearchAction\",\"target\":{\"@type\":\"EntryPoint\",\"urlTemplate\":\"https:\\\/\\\/lubrimas.pe\\\/empresas\\\/?s={search_term_string}\"},\"query-input\":{\"@type\":\"PropertyValueSpecification\",\"valueRequired\":true,\"valueName\":\"search_term_string\"}}],\"inLanguage\":\"es\"},{\"@type\":\"Organization\",\"@id\":\"https:\\\/\\\/lubrimas.pe\\\/empresas\\\/#organization\",\"name\":\"Lubrimas.pe\",\"url\":\"https:\\\/\\\/lubrimas.pe\\\/empresas\\\/\",\"logo\":{\"@type\":\"ImageObject\",\"inLanguage\":\"es\",\"@id\":\"https:\\\/\\\/lubrimas.pe\\\/empresas\\\/#\\\/schema\\\/logo\\\/image\\\/\",\"url\":\"https:\\\/\\\/lubrimas.pe\\\/empresas\\\/wp-content\\\/uploads\\\/sites\\\/2\\\/2022\\\/03\\\/tarjeta-empresas.webp\",\"contentUrl\":\"https:\\\/\\\/lubrimas.pe\\\/empresas\\\/wp-content\\\/uploads\\\/sites\\\/2\\\/2022\\\/03\\\/tarjeta-empresas.webp\",\"width\":250,\"height\":250,\"caption\":\"Lubrimas.pe\"},\"image\":{\"@id\":\"https:\\\/\\\/lubrimas.pe\\\/empresas\\\/#\\\/schema\\\/logo\\\/image\\\/\"},\"sameAs\":[\"https:\\\/\\\/www.facebook.com\\\/lubrimasperu\",\"https:\\\/\\\/www.instagram.com\\\/lubrimas_pe\",\"https:\\\/\\\/www.youtube.com\\\/channel\\\/UCkp38n2qqb8SU60_v_gaKlg\"]}]}<\/script>\n<!-- \/ Yoast SEO plugin. -->","yoast_head_json":{"title":"MOBIL PEGASUS 1005 - Lubrim\u00e1s Empresas","robots":{"index":"index","follow":"follow","max-snippet":"max-snippet:-1","max-image-preview":"max-image-preview:large","max-video-preview":"max-video-preview:-1"},"canonical":"https:\/\/lubrimas.pe\/empresas\/productos\/mobil-pegasus-1005\/","og_locale":"es_ES","og_type":"article","og_title":"MOBIL PEGASUS 1005 - Lubrim\u00e1s Empresas","og_description":"Mobil Pegasus 1005 es un aceite de alto desempe\u00f1o para motores de gas dise\u00f1ado para proporcionarles a los motores de gas de cuatro tiempos, de alto desempe\u00f1o y de bajas emisiones de hoy d\u00eda los mayores niveles de protecci\u00f3n a la vez que mantiene un desempe\u00f1o superior en modelos anteriores de motores. Mobil Pegasus 1005 es la \u00faltima incorporaci\u00f3n al pedigr\u00ed de Mobil Pegasus de aceites para motores de gas natural de comprobado desempe\u00f1o con una formulaci\u00f3n equilibrada y duradera. Mobil Pegasus 1005 utiliza aceites b\u00e1sicos de alta calidad y una avanzada tecnolog\u00eda de aditivos para brindar estabilidad contra la oxidaci\u00f3n, resistencia a la nitraci\u00f3n y estabilidad t\u00e9rmica excepcionales. La formulaci\u00f3n de Mobil Pegasus 1005 est\u00e1 equilibrada para proporcionar sobresalientes caracter\u00edsticas de antidesgaste para proteger los componentes de los trenes de v\u00e1lvulas, pistones, camisas, cojinetes y trenes de engranajes muy cargados, a la vez que mantiene la debida compatibilidad con los materiales de los convertidores catal\u00edticos. Su excelente sistema detergente-dispersante controla la formaci\u00f3n de dep\u00f3sitos de carb\u00f3n y de barniz para minimizar el consumo de aceite y mantener limpio al motor inclusive bajo intervalos prolongados entre cambios de aceite. Mobil Pegasus 1005 puede ayudar a los usuarios a mantener sus motores funcionando m\u00e1s limpios y por m\u00e1s tiempo con una confiabilidad mejorada que resulta en un aumento en la productividad.","og_url":"https:\/\/lubrimas.pe\/empresas\/productos\/mobil-pegasus-1005\/","og_site_name":"Lubrim\u00e1s Empresas","article_publisher":"https:\/\/www.facebook.com\/lubrimasperu","article_modified_time":"2022-08-04T17:47:44+00:00","og_image":[{"width":850,"height":1000,"url":"https:\/\/lubrimas.pe\/empresas\/wp-content\/uploads\/sites\/2\/2022\/08\/lubrimasperu-lubrimaspe-empresas-cotizaciones-aceite-mobil-balde-cilindro-losolivos-lima-peru.webp","type":"image\/webp"}],"twitter_card":"summary_large_image","schema":{"@context":"https:\/\/schema.org","@graph":[{"@type":"WebPage","@id":"https:\/\/lubrimas.pe\/empresas\/productos\/mobil-pegasus-1005\/","url":"https:\/\/lubrimas.pe\/empresas\/productos\/mobil-pegasus-1005\/","name":"MOBIL PEGASUS 1005 - Lubrim\u00e1s Empresas","isPartOf":{"@id":"https:\/\/lubrimas.pe\/empresas\/#website"},"primaryImageOfPage":{"@id":"https:\/\/lubrimas.pe\/empresas\/productos\/mobil-pegasus-1005\/#primaryimage"},"image":{"@id":"https:\/\/lubrimas.pe\/empresas\/productos\/mobil-pegasus-1005\/#primaryimage"},"thumbnailUrl":"https:\/\/lubrimas.pe\/empresas\/wp-content\/uploads\/sites\/2\/2022\/08\/lubrimasperu-lubrimaspe-empresas-cotizaciones-aceite-mobil-balde-cilindro-losolivos-lima-peru.webp","datePublished":"2022-01-20T17:10:21+00:00","dateModified":"2022-08-04T17:47:44+00:00","breadcrumb":{"@id":"https:\/\/lubrimas.pe\/empresas\/productos\/mobil-pegasus-1005\/#breadcrumb"},"inLanguage":"es","potentialAction":[{"@type":"ReadAction","target":["https:\/\/lubrimas.pe\/empresas\/productos\/mobil-pegasus-1005\/"]}]},{"@type":"ImageObject","inLanguage":"es","@id":"https:\/\/lubrimas.pe\/empresas\/productos\/mobil-pegasus-1005\/#primaryimage","url":"https:\/\/lubrimas.pe\/empresas\/wp-content\/uploads\/sites\/2\/2022\/08\/lubrimasperu-lubrimaspe-empresas-cotizaciones-aceite-mobil-balde-cilindro-losolivos-lima-peru.webp","contentUrl":"https:\/\/lubrimas.pe\/empresas\/wp-content\/uploads\/sites\/2\/2022\/08\/lubrimasperu-lubrimaspe-empresas-cotizaciones-aceite-mobil-balde-cilindro-losolivos-lima-peru.webp","width":850,"height":1000},{"@type":"BreadcrumbList","@id":"https:\/\/lubrimas.pe\/empresas\/productos\/mobil-pegasus-1005\/#breadcrumb","itemListElement":[{"@type":"ListItem","position":1,"name":"Portada","item":"https:\/\/lubrimas.pe\/empresas\/"},{"@type":"ListItem","position":2,"name":"Lubricantes (Cat\u00e1logo)","item":"https:\/\/lubrimas.pe\/empresas\/productos\/"},{"@type":"ListItem","position":3,"name":"MOBIL PEGASUS 1005"}]},{"@type":"WebSite","@id":"https:\/\/lubrimas.pe\/empresas\/#website","url":"https:\/\/lubrimas.pe\/empresas\/","name":"Lubrim\u00e1s Empresas","description":"Distribuidor Autorizado de Lubricantes para el sector Automotor e Industrial","publisher":{"@id":"https:\/\/lubrimas.pe\/empresas\/#organization"},"potentialAction":[{"@type":"SearchAction","target":{"@type":"EntryPoint","urlTemplate":"https:\/\/lubrimas.pe\/empresas\/?s={search_term_string}"},"query-input":{"@type":"PropertyValueSpecification","valueRequired":true,"valueName":"search_term_string"}}],"inLanguage":"es"},{"@type":"Organization","@id":"https:\/\/lubrimas.pe\/empresas\/#organization","name":"Lubrimas.pe","url":"https:\/\/lubrimas.pe\/empresas\/","logo":{"@type":"ImageObject","inLanguage":"es","@id":"https:\/\/lubrimas.pe\/empresas\/#\/schema\/logo\/image\/","url":"https:\/\/lubrimas.pe\/empresas\/wp-content\/uploads\/sites\/2\/2022\/03\/tarjeta-empresas.webp","contentUrl":"https:\/\/lubrimas.pe\/empresas\/wp-content\/uploads\/sites\/2\/2022\/03\/tarjeta-empresas.webp","width":250,"height":250,"caption":"Lubrimas.pe"},"image":{"@id":"https:\/\/lubrimas.pe\/empresas\/#\/schema\/logo\/image\/"},"sameAs":["https:\/\/www.facebook.com\/lubrimasperu","https:\/\/www.instagram.com\/lubrimas_pe","https:\/\/www.youtube.com\/channel\/UCkp38n2qqb8SU60_v_gaKlg"]}]}},"_links":{"self":[{"href":"https:\/\/lubrimas.pe\/empresas\/wp-json\/wp\/v2\/product\/572","targetHints":{"allow":["GET"]}}],"collection":[{"href":"https:\/\/lubrimas.pe\/empresas\/wp-json\/wp\/v2\/product"}],"about":[{"href":"https:\/\/lubrimas.pe\/empresas\/wp-json\/wp\/v2\/types\/product"}],"replies":[{"embeddable":true,"href":"https:\/\/lubrimas.pe\/empresas\/wp-json\/wp\/v2\/comments?post=572"}],"wp:featuredmedia":[{"embeddable":true,"href":"https:\/\/lubrimas.pe\/empresas\/wp-json\/wp\/v2\/media\/1317"}],"wp:attachment":[{"href":"https:\/\/lubrimas.pe\/empresas\/wp-json\/wp\/v2\/media?parent=572"}],"wp:term":[{"taxonomy":"product_brand","embeddable":true,"href":"https:\/\/lubrimas.pe\/empresas\/wp-json\/wp\/v2\/product_brand?post=572"},{"taxonomy":"product_cat","embeddable":true,"href":"https:\/\/lubrimas.pe\/empresas\/wp-json\/wp\/v2\/product_cat?post=572"},{"taxonomy":"product_tag","embeddable":true,"href":"https:\/\/lubrimas.pe\/empresas\/wp-json\/wp\/v2\/product_tag?post=572"}],"curies":[{"name":"wp","href":"https:\/\/api.w.org\/{rel}","templated":true}]}}