{"id":584,"date":"2022-01-20T17:10:23","date_gmt":"2022-01-20T17:10:23","guid":{"rendered":"https:\/\/lubrimas.pe\/empresas\/?post_type=product&#038;p=584"},"modified":"2022-08-04T13:10:42","modified_gmt":"2022-08-04T18:10:42","slug":"mobil-delvac-1-transmision-fluid-50","status":"publish","type":"product","link":"https:\/\/lubrimas.pe\/empresas\/productos\/mobil-delvac-1-transmision-fluid-50\/","title":{"rendered":"MOBIL DELVAC 1 TRANSMISION FLUID 50"},"content":{"rendered":"","protected":false},"excerpt":{"rendered":"<p>El fluido para transmisiones Mobil Delvac 1TM Transmission Fluid 50 es un lubricante completamente sint\u00e9tico para transmisiones manuales, dise\u00f1ado para cumplir con los requisitos m\u00e1s exigentes de intervalos prolongados entre cambios de aceite y de garant\u00eda de los fabricantes originales (OEM). Recomendado para la lubricaci\u00f3n durante todo el a\u00f1o de transmisiones manuales en equipos de servicio ligero a pesado en o fuera de la carretera que operan en una amplia gama de entornos. Dise\u00f1ado para proporcionar la m\u00e1xima protecci\u00f3n y una mayor vida \u00fatil a las transmisiones de servicio pesado, Mobil Delvac 1 Transmission Fluid 50 ofrece ventajas significativas sobre los aceites convencionales para engranajes a base de azufre-f\u00f3sforo, incluyendo un rendimiento excepcional a altas temperaturas, estabilidad ante la oxidaci\u00f3n, protecci\u00f3n contra el desgaste y control de la corrosi\u00f3n. Tiene la misma viscosidad que la mayor\u00eda de los aceites de motor SAE 50 y lubricantes para engranajes SAE 90 en el extremo superior de la escala temperatura-viscosidad, y debido a su \u00edndice de viscosidad inherentemente alto, proporciona una mayor resistencia de la pel\u00edcula a temperaturas m\u00e1s altas que los aceites convencionales. El fluido para transmisiones Mobil Delvac 1 Transmission Fluid 50 tambi\u00e9n asegura una lubricaci\u00f3n eficaz y sin canalizaciones a temperaturas bajo cero. El rendimiento excepcional se confirma tras la aprobaci\u00f3n contra la clasificaci\u00f3n Mack TO-A Plus de servicio extendido de 500.000 millas para trasmisiones manuales de la serie Mack T300. El fluido transmisiones Mobil Delvac 1 Transmission Fluid 50 cumple o excede los requisitos de la clasificaci\u00f3n API para servicio MT-1 y es recomendado por ExxonMobil para su uso en transmisiones y cajas de engranajes donde se requiera protecci\u00f3n de los engranajes para servicio API GL-1 a GL-4 (sin EP).<\/p>\n","protected":false},"featured_media":1317,"comment_status":"closed","ping_status":"closed","template":"","meta":[],"product_brand":[],"product_cat":[22],"product_tag":[],"class_list":{"0":"post-584","1":"product","2":"type-product","3":"status-publish","4":"has-post-thumbnail","6":"product_cat-engranajes-y-transmisiones","7":"pa_marca-mobil","8":"pa_presentacion-cilindro-55gl","10":"first","11":"instock","12":"taxable","13":"shipping-taxable","14":"purchasable","15":"product-type-variable","16":"has-default-attributes"},"yoast_head":"<!-- This site is optimized with the Yoast SEO plugin v27.4 - https:\/\/yoast.com\/product\/yoast-seo-wordpress\/ -->\n<title>MOBIL DELVAC 1 TRANSMISION FLUID 50 - Lubrim\u00e1s Empresas<\/title>\n<meta name=\"robots\" content=\"index, follow, max-snippet:-1, max-image-preview:large, max-video-preview:-1\" \/>\n<link rel=\"canonical\" href=\"https:\/\/lubrimas.pe\/empresas\/productos\/mobil-delvac-1-transmision-fluid-50\/\" \/>\n<meta property=\"og:locale\" content=\"es_ES\" \/>\n<meta property=\"og:type\" content=\"article\" \/>\n<meta property=\"og:title\" content=\"MOBIL DELVAC 1 TRANSMISION FLUID 50 - Lubrim\u00e1s Empresas\" \/>\n<meta property=\"og:description\" content=\"El fluido para transmisiones Mobil Delvac 1TM Transmission Fluid 50 es un lubricante completamente sint\u00e9tico para transmisiones manuales, dise\u00f1ado para cumplir con los requisitos m\u00e1s exigentes de intervalos prolongados entre cambios de aceite y de garant\u00eda de los fabricantes originales (OEM). Recomendado para la lubricaci\u00f3n durante todo el a\u00f1o de transmisiones manuales en equipos de servicio ligero a pesado en o fuera de la carretera que operan en una amplia gama de entornos. Dise\u00f1ado para proporcionar la m\u00e1xima protecci\u00f3n y una mayor vida \u00fatil a las transmisiones de servicio pesado, Mobil Delvac 1 Transmission Fluid 50 ofrece ventajas significativas sobre los aceites convencionales para engranajes a base de azufre-f\u00f3sforo, incluyendo un rendimiento excepcional a altas temperaturas, estabilidad ante la oxidaci\u00f3n, protecci\u00f3n contra el desgaste y control de la corrosi\u00f3n. Tiene la misma viscosidad que la mayor\u00eda de los aceites de motor SAE 50 y lubricantes para engranajes SAE 90 en el extremo superior de la escala temperatura-viscosidad, y debido a su \u00edndice de viscosidad inherentemente alto, proporciona una mayor resistencia de la pel\u00edcula a temperaturas m\u00e1s altas que los aceites convencionales. El fluido para transmisiones Mobil Delvac 1 Transmission Fluid 50 tambi\u00e9n asegura una lubricaci\u00f3n eficaz y sin canalizaciones a temperaturas bajo cero. El rendimiento excepcional se confirma tras la aprobaci\u00f3n contra la clasificaci\u00f3n Mack TO-A Plus de servicio extendido de 500.000 millas para trasmisiones manuales de la serie Mack T300. El fluido transmisiones Mobil Delvac 1 Transmission Fluid 50 cumple o excede los requisitos de la clasificaci\u00f3n API para servicio MT-1 y es recomendado por ExxonMobil para su uso en transmisiones y cajas de engranajes donde se requiera protecci\u00f3n de los engranajes para servicio API GL-1 a GL-4 (sin EP).\" \/>\n<meta property=\"og:url\" content=\"https:\/\/lubrimas.pe\/empresas\/productos\/mobil-delvac-1-transmision-fluid-50\/\" \/>\n<meta property=\"og:site_name\" content=\"Lubrim\u00e1s Empresas\" \/>\n<meta property=\"article:publisher\" content=\"https:\/\/www.facebook.com\/lubrimasperu\" \/>\n<meta property=\"article:modified_time\" content=\"2022-08-04T18:10:42+00:00\" \/>\n<meta property=\"og:image\" content=\"https:\/\/lubrimas.pe\/empresas\/wp-content\/uploads\/sites\/2\/2022\/08\/lubrimasperu-lubrimaspe-empresas-cotizaciones-aceite-mobil-balde-cilindro-losolivos-lima-peru.webp\" \/>\n\t<meta property=\"og:image:width\" content=\"850\" \/>\n\t<meta property=\"og:image:height\" content=\"1000\" \/>\n\t<meta property=\"og:image:type\" content=\"image\/webp\" \/>\n<meta name=\"twitter:card\" content=\"summary_large_image\" \/>\n<script type=\"application\/ld+json\" class=\"yoast-schema-graph\">{\"@context\":\"https:\\\/\\\/schema.org\",\"@graph\":[{\"@type\":\"WebPage\",\"@id\":\"https:\\\/\\\/lubrimas.pe\\\/empresas\\\/productos\\\/mobil-delvac-1-transmision-fluid-50\\\/\",\"url\":\"https:\\\/\\\/lubrimas.pe\\\/empresas\\\/productos\\\/mobil-delvac-1-transmision-fluid-50\\\/\",\"name\":\"MOBIL DELVAC 1 TRANSMISION FLUID 50 - Lubrim\u00e1s Empresas\",\"isPartOf\":{\"@id\":\"https:\\\/\\\/lubrimas.pe\\\/empresas\\\/#website\"},\"primaryImageOfPage\":{\"@id\":\"https:\\\/\\\/lubrimas.pe\\\/empresas\\\/productos\\\/mobil-delvac-1-transmision-fluid-50\\\/#primaryimage\"},\"image\":{\"@id\":\"https:\\\/\\\/lubrimas.pe\\\/empresas\\\/productos\\\/mobil-delvac-1-transmision-fluid-50\\\/#primaryimage\"},\"thumbnailUrl\":\"https:\\\/\\\/lubrimas.pe\\\/empresas\\\/wp-content\\\/uploads\\\/sites\\\/2\\\/2022\\\/08\\\/lubrimasperu-lubrimaspe-empresas-cotizaciones-aceite-mobil-balde-cilindro-losolivos-lima-peru.webp\",\"datePublished\":\"2022-01-20T17:10:23+00:00\",\"dateModified\":\"2022-08-04T18:10:42+00:00\",\"breadcrumb\":{\"@id\":\"https:\\\/\\\/lubrimas.pe\\\/empresas\\\/productos\\\/mobil-delvac-1-transmision-fluid-50\\\/#breadcrumb\"},\"inLanguage\":\"es\",\"potentialAction\":[{\"@type\":\"ReadAction\",\"target\":[\"https:\\\/\\\/lubrimas.pe\\\/empresas\\\/productos\\\/mobil-delvac-1-transmision-fluid-50\\\/\"]}]},{\"@type\":\"ImageObject\",\"inLanguage\":\"es\",\"@id\":\"https:\\\/\\\/lubrimas.pe\\\/empresas\\\/productos\\\/mobil-delvac-1-transmision-fluid-50\\\/#primaryimage\",\"url\":\"https:\\\/\\\/lubrimas.pe\\\/empresas\\\/wp-content\\\/uploads\\\/sites\\\/2\\\/2022\\\/08\\\/lubrimasperu-lubrimaspe-empresas-cotizaciones-aceite-mobil-balde-cilindro-losolivos-lima-peru.webp\",\"contentUrl\":\"https:\\\/\\\/lubrimas.pe\\\/empresas\\\/wp-content\\\/uploads\\\/sites\\\/2\\\/2022\\\/08\\\/lubrimasperu-lubrimaspe-empresas-cotizaciones-aceite-mobil-balde-cilindro-losolivos-lima-peru.webp\",\"width\":850,\"height\":1000},{\"@type\":\"BreadcrumbList\",\"@id\":\"https:\\\/\\\/lubrimas.pe\\\/empresas\\\/productos\\\/mobil-delvac-1-transmision-fluid-50\\\/#breadcrumb\",\"itemListElement\":[{\"@type\":\"ListItem\",\"position\":1,\"name\":\"Portada\",\"item\":\"https:\\\/\\\/lubrimas.pe\\\/empresas\\\/\"},{\"@type\":\"ListItem\",\"position\":2,\"name\":\"Lubricantes (Cat\u00e1logo)\",\"item\":\"https:\\\/\\\/lubrimas.pe\\\/empresas\\\/productos\\\/\"},{\"@type\":\"ListItem\",\"position\":3,\"name\":\"MOBIL DELVAC 1 TRANSMISION FLUID 50\"}]},{\"@type\":\"WebSite\",\"@id\":\"https:\\\/\\\/lubrimas.pe\\\/empresas\\\/#website\",\"url\":\"https:\\\/\\\/lubrimas.pe\\\/empresas\\\/\",\"name\":\"Lubrim\u00e1s Empresas\",\"description\":\"Distribuidor Autorizado de Lubricantes para el sector Automotor e Industrial\",\"publisher\":{\"@id\":\"https:\\\/\\\/lubrimas.pe\\\/empresas\\\/#organization\"},\"potentialAction\":[{\"@type\":\"SearchAction\",\"target\":{\"@type\":\"EntryPoint\",\"urlTemplate\":\"https:\\\/\\\/lubrimas.pe\\\/empresas\\\/?s={search_term_string}\"},\"query-input\":{\"@type\":\"PropertyValueSpecification\",\"valueRequired\":true,\"valueName\":\"search_term_string\"}}],\"inLanguage\":\"es\"},{\"@type\":\"Organization\",\"@id\":\"https:\\\/\\\/lubrimas.pe\\\/empresas\\\/#organization\",\"name\":\"Lubrimas.pe\",\"url\":\"https:\\\/\\\/lubrimas.pe\\\/empresas\\\/\",\"logo\":{\"@type\":\"ImageObject\",\"inLanguage\":\"es\",\"@id\":\"https:\\\/\\\/lubrimas.pe\\\/empresas\\\/#\\\/schema\\\/logo\\\/image\\\/\",\"url\":\"https:\\\/\\\/lubrimas.pe\\\/empresas\\\/wp-content\\\/uploads\\\/sites\\\/2\\\/2022\\\/03\\\/tarjeta-empresas.webp\",\"contentUrl\":\"https:\\\/\\\/lubrimas.pe\\\/empresas\\\/wp-content\\\/uploads\\\/sites\\\/2\\\/2022\\\/03\\\/tarjeta-empresas.webp\",\"width\":250,\"height\":250,\"caption\":\"Lubrimas.pe\"},\"image\":{\"@id\":\"https:\\\/\\\/lubrimas.pe\\\/empresas\\\/#\\\/schema\\\/logo\\\/image\\\/\"},\"sameAs\":[\"https:\\\/\\\/www.facebook.com\\\/lubrimasperu\",\"https:\\\/\\\/www.instagram.com\\\/lubrimas_pe\",\"https:\\\/\\\/www.youtube.com\\\/channel\\\/UCkp38n2qqb8SU60_v_gaKlg\"]}]}<\/script>\n<!-- \/ Yoast SEO plugin. -->","yoast_head_json":{"title":"MOBIL DELVAC 1 TRANSMISION FLUID 50 - Lubrim\u00e1s Empresas","robots":{"index":"index","follow":"follow","max-snippet":"max-snippet:-1","max-image-preview":"max-image-preview:large","max-video-preview":"max-video-preview:-1"},"canonical":"https:\/\/lubrimas.pe\/empresas\/productos\/mobil-delvac-1-transmision-fluid-50\/","og_locale":"es_ES","og_type":"article","og_title":"MOBIL DELVAC 1 TRANSMISION FLUID 50 - Lubrim\u00e1s Empresas","og_description":"El fluido para transmisiones Mobil Delvac 1TM Transmission Fluid 50 es un lubricante completamente sint\u00e9tico para transmisiones manuales, dise\u00f1ado para cumplir con los requisitos m\u00e1s exigentes de intervalos prolongados entre cambios de aceite y de garant\u00eda de los fabricantes originales (OEM). Recomendado para la lubricaci\u00f3n durante todo el a\u00f1o de transmisiones manuales en equipos de servicio ligero a pesado en o fuera de la carretera que operan en una amplia gama de entornos. Dise\u00f1ado para proporcionar la m\u00e1xima protecci\u00f3n y una mayor vida \u00fatil a las transmisiones de servicio pesado, Mobil Delvac 1 Transmission Fluid 50 ofrece ventajas significativas sobre los aceites convencionales para engranajes a base de azufre-f\u00f3sforo, incluyendo un rendimiento excepcional a altas temperaturas, estabilidad ante la oxidaci\u00f3n, protecci\u00f3n contra el desgaste y control de la corrosi\u00f3n. Tiene la misma viscosidad que la mayor\u00eda de los aceites de motor SAE 50 y lubricantes para engranajes SAE 90 en el extremo superior de la escala temperatura-viscosidad, y debido a su \u00edndice de viscosidad inherentemente alto, proporciona una mayor resistencia de la pel\u00edcula a temperaturas m\u00e1s altas que los aceites convencionales. El fluido para transmisiones Mobil Delvac 1 Transmission Fluid 50 tambi\u00e9n asegura una lubricaci\u00f3n eficaz y sin canalizaciones a temperaturas bajo cero. El rendimiento excepcional se confirma tras la aprobaci\u00f3n contra la clasificaci\u00f3n Mack TO-A Plus de servicio extendido de 500.000 millas para trasmisiones manuales de la serie Mack T300. El fluido transmisiones Mobil Delvac 1 Transmission Fluid 50 cumple o excede los requisitos de la clasificaci\u00f3n API para servicio MT-1 y es recomendado por ExxonMobil para su uso en transmisiones y cajas de engranajes donde se requiera protecci\u00f3n de los engranajes para servicio API GL-1 a GL-4 (sin EP).","og_url":"https:\/\/lubrimas.pe\/empresas\/productos\/mobil-delvac-1-transmision-fluid-50\/","og_site_name":"Lubrim\u00e1s Empresas","article_publisher":"https:\/\/www.facebook.com\/lubrimasperu","article_modified_time":"2022-08-04T18:10:42+00:00","og_image":[{"width":850,"height":1000,"url":"https:\/\/lubrimas.pe\/empresas\/wp-content\/uploads\/sites\/2\/2022\/08\/lubrimasperu-lubrimaspe-empresas-cotizaciones-aceite-mobil-balde-cilindro-losolivos-lima-peru.webp","type":"image\/webp"}],"twitter_card":"summary_large_image","schema":{"@context":"https:\/\/schema.org","@graph":[{"@type":"WebPage","@id":"https:\/\/lubrimas.pe\/empresas\/productos\/mobil-delvac-1-transmision-fluid-50\/","url":"https:\/\/lubrimas.pe\/empresas\/productos\/mobil-delvac-1-transmision-fluid-50\/","name":"MOBIL DELVAC 1 TRANSMISION FLUID 50 - Lubrim\u00e1s Empresas","isPartOf":{"@id":"https:\/\/lubrimas.pe\/empresas\/#website"},"primaryImageOfPage":{"@id":"https:\/\/lubrimas.pe\/empresas\/productos\/mobil-delvac-1-transmision-fluid-50\/#primaryimage"},"image":{"@id":"https:\/\/lubrimas.pe\/empresas\/productos\/mobil-delvac-1-transmision-fluid-50\/#primaryimage"},"thumbnailUrl":"https:\/\/lubrimas.pe\/empresas\/wp-content\/uploads\/sites\/2\/2022\/08\/lubrimasperu-lubrimaspe-empresas-cotizaciones-aceite-mobil-balde-cilindro-losolivos-lima-peru.webp","datePublished":"2022-01-20T17:10:23+00:00","dateModified":"2022-08-04T18:10:42+00:00","breadcrumb":{"@id":"https:\/\/lubrimas.pe\/empresas\/productos\/mobil-delvac-1-transmision-fluid-50\/#breadcrumb"},"inLanguage":"es","potentialAction":[{"@type":"ReadAction","target":["https:\/\/lubrimas.pe\/empresas\/productos\/mobil-delvac-1-transmision-fluid-50\/"]}]},{"@type":"ImageObject","inLanguage":"es","@id":"https:\/\/lubrimas.pe\/empresas\/productos\/mobil-delvac-1-transmision-fluid-50\/#primaryimage","url":"https:\/\/lubrimas.pe\/empresas\/wp-content\/uploads\/sites\/2\/2022\/08\/lubrimasperu-lubrimaspe-empresas-cotizaciones-aceite-mobil-balde-cilindro-losolivos-lima-peru.webp","contentUrl":"https:\/\/lubrimas.pe\/empresas\/wp-content\/uploads\/sites\/2\/2022\/08\/lubrimasperu-lubrimaspe-empresas-cotizaciones-aceite-mobil-balde-cilindro-losolivos-lima-peru.webp","width":850,"height":1000},{"@type":"BreadcrumbList","@id":"https:\/\/lubrimas.pe\/empresas\/productos\/mobil-delvac-1-transmision-fluid-50\/#breadcrumb","itemListElement":[{"@type":"ListItem","position":1,"name":"Portada","item":"https:\/\/lubrimas.pe\/empresas\/"},{"@type":"ListItem","position":2,"name":"Lubricantes (Cat\u00e1logo)","item":"https:\/\/lubrimas.pe\/empresas\/productos\/"},{"@type":"ListItem","position":3,"name":"MOBIL DELVAC 1 TRANSMISION FLUID 50"}]},{"@type":"WebSite","@id":"https:\/\/lubrimas.pe\/empresas\/#website","url":"https:\/\/lubrimas.pe\/empresas\/","name":"Lubrim\u00e1s Empresas","description":"Distribuidor Autorizado de Lubricantes para el sector Automotor e Industrial","publisher":{"@id":"https:\/\/lubrimas.pe\/empresas\/#organization"},"potentialAction":[{"@type":"SearchAction","target":{"@type":"EntryPoint","urlTemplate":"https:\/\/lubrimas.pe\/empresas\/?s={search_term_string}"},"query-input":{"@type":"PropertyValueSpecification","valueRequired":true,"valueName":"search_term_string"}}],"inLanguage":"es"},{"@type":"Organization","@id":"https:\/\/lubrimas.pe\/empresas\/#organization","name":"Lubrimas.pe","url":"https:\/\/lubrimas.pe\/empresas\/","logo":{"@type":"ImageObject","inLanguage":"es","@id":"https:\/\/lubrimas.pe\/empresas\/#\/schema\/logo\/image\/","url":"https:\/\/lubrimas.pe\/empresas\/wp-content\/uploads\/sites\/2\/2022\/03\/tarjeta-empresas.webp","contentUrl":"https:\/\/lubrimas.pe\/empresas\/wp-content\/uploads\/sites\/2\/2022\/03\/tarjeta-empresas.webp","width":250,"height":250,"caption":"Lubrimas.pe"},"image":{"@id":"https:\/\/lubrimas.pe\/empresas\/#\/schema\/logo\/image\/"},"sameAs":["https:\/\/www.facebook.com\/lubrimasperu","https:\/\/www.instagram.com\/lubrimas_pe","https:\/\/www.youtube.com\/channel\/UCkp38n2qqb8SU60_v_gaKlg"]}]}},"_links":{"self":[{"href":"https:\/\/lubrimas.pe\/empresas\/wp-json\/wp\/v2\/product\/584","targetHints":{"allow":["GET"]}}],"collection":[{"href":"https:\/\/lubrimas.pe\/empresas\/wp-json\/wp\/v2\/product"}],"about":[{"href":"https:\/\/lubrimas.pe\/empresas\/wp-json\/wp\/v2\/types\/product"}],"replies":[{"embeddable":true,"href":"https:\/\/lubrimas.pe\/empresas\/wp-json\/wp\/v2\/comments?post=584"}],"wp:featuredmedia":[{"embeddable":true,"href":"https:\/\/lubrimas.pe\/empresas\/wp-json\/wp\/v2\/media\/1317"}],"wp:attachment":[{"href":"https:\/\/lubrimas.pe\/empresas\/wp-json\/wp\/v2\/media?parent=584"}],"wp:term":[{"taxonomy":"product_brand","embeddable":true,"href":"https:\/\/lubrimas.pe\/empresas\/wp-json\/wp\/v2\/product_brand?post=584"},{"taxonomy":"product_cat","embeddable":true,"href":"https:\/\/lubrimas.pe\/empresas\/wp-json\/wp\/v2\/product_cat?post=584"},{"taxonomy":"product_tag","embeddable":true,"href":"https:\/\/lubrimas.pe\/empresas\/wp-json\/wp\/v2\/product_tag?post=584"}],"curies":[{"name":"wp","href":"https:\/\/api.w.org\/{rel}","templated":true}]}}