{"id":586,"date":"2022-01-20T17:10:23","date_gmt":"2022-01-20T17:10:23","guid":{"rendered":"https:\/\/lubrimas.pe\/empresas\/?post_type=product&#038;p=586"},"modified":"2022-08-04T13:10:21","modified_gmt":"2022-08-04T18:10:21","slug":"mobil-delvac-transmision-fluid-artic","status":"publish","type":"product","link":"https:\/\/lubrimas.pe\/empresas\/productos\/mobil-delvac-transmision-fluid-artic\/","title":{"rendered":"MOBIL DELVAC TRANSMISION FLUID ARTIC"},"content":{"rendered":"","protected":false},"excerpt":{"rendered":"<p>Mobil Delvac 1 Transmission Fluid Arctic es un lubricante sint\u00e9tico de desempe\u00f1o supremo para trenes de tracci\u00f3n dise\u00f1ado para cumplir con los exigentes requisitos de los principales fabricantes de equipos comerciales de servicio pesado usados en aplicaciones en climas extremadamente fr\u00edos. Es recomendado por ExxonMobil para utilizarse en transmisiones de camiones y otras transmisiones comerciales donde se requieran las especificaciones de desempe\u00f1o Caterpillar TO-4 y Allison C-4. Mobil Delvac 1 Transmission Fluid Arctic proporciona una excepcional compatibilidad con frenos y embragues y control de la fricci\u00f3n a lo largo de la m\u00e1s amplia intervalo de temperatura. La tecnolog\u00eda de punta detr\u00e1s de Mobil Delvac 1 Transmission Fluid Arctic incorpora componentes del m\u00e1s alto desempe\u00f1o formulados para proporcionar una protecci\u00f3n \u00f3ptima contra el desgaste, la corrosi\u00f3n, la degradaci\u00f3n t\u00e9rmica y la oxidaci\u00f3n. El producto es muy estable ante el cizallamiento ya que no contiene modificadores de la viscosidad. Tambi\u00e9n prolonga la vida \u00fatil de los embragues, transmisiones y proporciona una mayor vida \u00fatil de los componentes en comparaci\u00f3n con otros tipos de fluidos previamente utilizados en estas aplicaciones.<\/p>\n","protected":false},"featured_media":1317,"comment_status":"closed","ping_status":"closed","template":"","meta":[],"product_brand":[],"product_cat":[22],"product_tag":[],"class_list":{"0":"post-586","1":"product","2":"type-product","3":"status-publish","4":"has-post-thumbnail","6":"product_cat-engranajes-y-transmisiones","7":"pa_marca-mobil","8":"pa_presentacion-cilindro-55gl","10":"first","11":"instock","12":"taxable","13":"shipping-taxable","14":"purchasable","15":"product-type-variable","16":"has-default-attributes"},"yoast_head":"<!-- This site is optimized with the Yoast SEO plugin v27.4 - https:\/\/yoast.com\/product\/yoast-seo-wordpress\/ -->\n<title>MOBIL DELVAC TRANSMISION FLUID ARTIC - Lubrim\u00e1s Empresas<\/title>\n<meta name=\"robots\" content=\"index, follow, max-snippet:-1, max-image-preview:large, max-video-preview:-1\" \/>\n<link rel=\"canonical\" href=\"https:\/\/lubrimas.pe\/empresas\/productos\/mobil-delvac-transmision-fluid-artic\/\" \/>\n<meta property=\"og:locale\" content=\"es_ES\" \/>\n<meta property=\"og:type\" content=\"article\" \/>\n<meta property=\"og:title\" content=\"MOBIL DELVAC TRANSMISION FLUID ARTIC - Lubrim\u00e1s Empresas\" \/>\n<meta property=\"og:description\" content=\"Mobil Delvac 1 Transmission Fluid Arctic es un lubricante sint\u00e9tico de desempe\u00f1o supremo para trenes de tracci\u00f3n dise\u00f1ado para cumplir con los exigentes requisitos de los principales fabricantes de equipos comerciales de servicio pesado usados en aplicaciones en climas extremadamente fr\u00edos. Es recomendado por ExxonMobil para utilizarse en transmisiones de camiones y otras transmisiones comerciales donde se requieran las especificaciones de desempe\u00f1o Caterpillar TO-4 y Allison C-4. Mobil Delvac 1 Transmission Fluid Arctic proporciona una excepcional compatibilidad con frenos y embragues y control de la fricci\u00f3n a lo largo de la m\u00e1s amplia intervalo de temperatura. La tecnolog\u00eda de punta detr\u00e1s de Mobil Delvac 1 Transmission Fluid Arctic incorpora componentes del m\u00e1s alto desempe\u00f1o formulados para proporcionar una protecci\u00f3n \u00f3ptima contra el desgaste, la corrosi\u00f3n, la degradaci\u00f3n t\u00e9rmica y la oxidaci\u00f3n. El producto es muy estable ante el cizallamiento ya que no contiene modificadores de la viscosidad. Tambi\u00e9n prolonga la vida \u00fatil de los embragues, transmisiones y proporciona una mayor vida \u00fatil de los componentes en comparaci\u00f3n con otros tipos de fluidos previamente utilizados en estas aplicaciones.\" \/>\n<meta property=\"og:url\" content=\"https:\/\/lubrimas.pe\/empresas\/productos\/mobil-delvac-transmision-fluid-artic\/\" \/>\n<meta property=\"og:site_name\" content=\"Lubrim\u00e1s Empresas\" \/>\n<meta property=\"article:publisher\" content=\"https:\/\/www.facebook.com\/lubrimasperu\" \/>\n<meta property=\"article:modified_time\" content=\"2022-08-04T18:10:21+00:00\" \/>\n<meta property=\"og:image\" content=\"https:\/\/lubrimas.pe\/empresas\/wp-content\/uploads\/sites\/2\/2022\/08\/lubrimasperu-lubrimaspe-empresas-cotizaciones-aceite-mobil-balde-cilindro-losolivos-lima-peru.webp\" \/>\n\t<meta property=\"og:image:width\" content=\"850\" \/>\n\t<meta property=\"og:image:height\" content=\"1000\" \/>\n\t<meta property=\"og:image:type\" content=\"image\/webp\" \/>\n<meta name=\"twitter:card\" content=\"summary_large_image\" \/>\n<script type=\"application\/ld+json\" class=\"yoast-schema-graph\">{\"@context\":\"https:\\\/\\\/schema.org\",\"@graph\":[{\"@type\":\"WebPage\",\"@id\":\"https:\\\/\\\/lubrimas.pe\\\/empresas\\\/productos\\\/mobil-delvac-transmision-fluid-artic\\\/\",\"url\":\"https:\\\/\\\/lubrimas.pe\\\/empresas\\\/productos\\\/mobil-delvac-transmision-fluid-artic\\\/\",\"name\":\"MOBIL DELVAC TRANSMISION FLUID ARTIC - Lubrim\u00e1s Empresas\",\"isPartOf\":{\"@id\":\"https:\\\/\\\/lubrimas.pe\\\/empresas\\\/#website\"},\"primaryImageOfPage\":{\"@id\":\"https:\\\/\\\/lubrimas.pe\\\/empresas\\\/productos\\\/mobil-delvac-transmision-fluid-artic\\\/#primaryimage\"},\"image\":{\"@id\":\"https:\\\/\\\/lubrimas.pe\\\/empresas\\\/productos\\\/mobil-delvac-transmision-fluid-artic\\\/#primaryimage\"},\"thumbnailUrl\":\"https:\\\/\\\/lubrimas.pe\\\/empresas\\\/wp-content\\\/uploads\\\/sites\\\/2\\\/2022\\\/08\\\/lubrimasperu-lubrimaspe-empresas-cotizaciones-aceite-mobil-balde-cilindro-losolivos-lima-peru.webp\",\"datePublished\":\"2022-01-20T17:10:23+00:00\",\"dateModified\":\"2022-08-04T18:10:21+00:00\",\"breadcrumb\":{\"@id\":\"https:\\\/\\\/lubrimas.pe\\\/empresas\\\/productos\\\/mobil-delvac-transmision-fluid-artic\\\/#breadcrumb\"},\"inLanguage\":\"es\",\"potentialAction\":[{\"@type\":\"ReadAction\",\"target\":[\"https:\\\/\\\/lubrimas.pe\\\/empresas\\\/productos\\\/mobil-delvac-transmision-fluid-artic\\\/\"]}]},{\"@type\":\"ImageObject\",\"inLanguage\":\"es\",\"@id\":\"https:\\\/\\\/lubrimas.pe\\\/empresas\\\/productos\\\/mobil-delvac-transmision-fluid-artic\\\/#primaryimage\",\"url\":\"https:\\\/\\\/lubrimas.pe\\\/empresas\\\/wp-content\\\/uploads\\\/sites\\\/2\\\/2022\\\/08\\\/lubrimasperu-lubrimaspe-empresas-cotizaciones-aceite-mobil-balde-cilindro-losolivos-lima-peru.webp\",\"contentUrl\":\"https:\\\/\\\/lubrimas.pe\\\/empresas\\\/wp-content\\\/uploads\\\/sites\\\/2\\\/2022\\\/08\\\/lubrimasperu-lubrimaspe-empresas-cotizaciones-aceite-mobil-balde-cilindro-losolivos-lima-peru.webp\",\"width\":850,\"height\":1000},{\"@type\":\"BreadcrumbList\",\"@id\":\"https:\\\/\\\/lubrimas.pe\\\/empresas\\\/productos\\\/mobil-delvac-transmision-fluid-artic\\\/#breadcrumb\",\"itemListElement\":[{\"@type\":\"ListItem\",\"position\":1,\"name\":\"Portada\",\"item\":\"https:\\\/\\\/lubrimas.pe\\\/empresas\\\/\"},{\"@type\":\"ListItem\",\"position\":2,\"name\":\"Lubricantes (Cat\u00e1logo)\",\"item\":\"https:\\\/\\\/lubrimas.pe\\\/empresas\\\/productos\\\/\"},{\"@type\":\"ListItem\",\"position\":3,\"name\":\"MOBIL DELVAC TRANSMISION FLUID ARTIC\"}]},{\"@type\":\"WebSite\",\"@id\":\"https:\\\/\\\/lubrimas.pe\\\/empresas\\\/#website\",\"url\":\"https:\\\/\\\/lubrimas.pe\\\/empresas\\\/\",\"name\":\"Lubrim\u00e1s Empresas\",\"description\":\"Distribuidor Autorizado de Lubricantes para el sector Automotor e Industrial\",\"publisher\":{\"@id\":\"https:\\\/\\\/lubrimas.pe\\\/empresas\\\/#organization\"},\"potentialAction\":[{\"@type\":\"SearchAction\",\"target\":{\"@type\":\"EntryPoint\",\"urlTemplate\":\"https:\\\/\\\/lubrimas.pe\\\/empresas\\\/?s={search_term_string}\"},\"query-input\":{\"@type\":\"PropertyValueSpecification\",\"valueRequired\":true,\"valueName\":\"search_term_string\"}}],\"inLanguage\":\"es\"},{\"@type\":\"Organization\",\"@id\":\"https:\\\/\\\/lubrimas.pe\\\/empresas\\\/#organization\",\"name\":\"Lubrimas.pe\",\"url\":\"https:\\\/\\\/lubrimas.pe\\\/empresas\\\/\",\"logo\":{\"@type\":\"ImageObject\",\"inLanguage\":\"es\",\"@id\":\"https:\\\/\\\/lubrimas.pe\\\/empresas\\\/#\\\/schema\\\/logo\\\/image\\\/\",\"url\":\"https:\\\/\\\/lubrimas.pe\\\/empresas\\\/wp-content\\\/uploads\\\/sites\\\/2\\\/2022\\\/03\\\/tarjeta-empresas.webp\",\"contentUrl\":\"https:\\\/\\\/lubrimas.pe\\\/empresas\\\/wp-content\\\/uploads\\\/sites\\\/2\\\/2022\\\/03\\\/tarjeta-empresas.webp\",\"width\":250,\"height\":250,\"caption\":\"Lubrimas.pe\"},\"image\":{\"@id\":\"https:\\\/\\\/lubrimas.pe\\\/empresas\\\/#\\\/schema\\\/logo\\\/image\\\/\"},\"sameAs\":[\"https:\\\/\\\/www.facebook.com\\\/lubrimasperu\",\"https:\\\/\\\/www.instagram.com\\\/lubrimas_pe\",\"https:\\\/\\\/www.youtube.com\\\/channel\\\/UCkp38n2qqb8SU60_v_gaKlg\"]}]}<\/script>\n<!-- \/ Yoast SEO plugin. -->","yoast_head_json":{"title":"MOBIL DELVAC TRANSMISION FLUID ARTIC - Lubrim\u00e1s Empresas","robots":{"index":"index","follow":"follow","max-snippet":"max-snippet:-1","max-image-preview":"max-image-preview:large","max-video-preview":"max-video-preview:-1"},"canonical":"https:\/\/lubrimas.pe\/empresas\/productos\/mobil-delvac-transmision-fluid-artic\/","og_locale":"es_ES","og_type":"article","og_title":"MOBIL DELVAC TRANSMISION FLUID ARTIC - Lubrim\u00e1s Empresas","og_description":"Mobil Delvac 1 Transmission Fluid Arctic es un lubricante sint\u00e9tico de desempe\u00f1o supremo para trenes de tracci\u00f3n dise\u00f1ado para cumplir con los exigentes requisitos de los principales fabricantes de equipos comerciales de servicio pesado usados en aplicaciones en climas extremadamente fr\u00edos. Es recomendado por ExxonMobil para utilizarse en transmisiones de camiones y otras transmisiones comerciales donde se requieran las especificaciones de desempe\u00f1o Caterpillar TO-4 y Allison C-4. Mobil Delvac 1 Transmission Fluid Arctic proporciona una excepcional compatibilidad con frenos y embragues y control de la fricci\u00f3n a lo largo de la m\u00e1s amplia intervalo de temperatura. La tecnolog\u00eda de punta detr\u00e1s de Mobil Delvac 1 Transmission Fluid Arctic incorpora componentes del m\u00e1s alto desempe\u00f1o formulados para proporcionar una protecci\u00f3n \u00f3ptima contra el desgaste, la corrosi\u00f3n, la degradaci\u00f3n t\u00e9rmica y la oxidaci\u00f3n. El producto es muy estable ante el cizallamiento ya que no contiene modificadores de la viscosidad. Tambi\u00e9n prolonga la vida \u00fatil de los embragues, transmisiones y proporciona una mayor vida \u00fatil de los componentes en comparaci\u00f3n con otros tipos de fluidos previamente utilizados en estas aplicaciones.","og_url":"https:\/\/lubrimas.pe\/empresas\/productos\/mobil-delvac-transmision-fluid-artic\/","og_site_name":"Lubrim\u00e1s Empresas","article_publisher":"https:\/\/www.facebook.com\/lubrimasperu","article_modified_time":"2022-08-04T18:10:21+00:00","og_image":[{"width":850,"height":1000,"url":"https:\/\/lubrimas.pe\/empresas\/wp-content\/uploads\/sites\/2\/2022\/08\/lubrimasperu-lubrimaspe-empresas-cotizaciones-aceite-mobil-balde-cilindro-losolivos-lima-peru.webp","type":"image\/webp"}],"twitter_card":"summary_large_image","schema":{"@context":"https:\/\/schema.org","@graph":[{"@type":"WebPage","@id":"https:\/\/lubrimas.pe\/empresas\/productos\/mobil-delvac-transmision-fluid-artic\/","url":"https:\/\/lubrimas.pe\/empresas\/productos\/mobil-delvac-transmision-fluid-artic\/","name":"MOBIL DELVAC TRANSMISION FLUID ARTIC - Lubrim\u00e1s Empresas","isPartOf":{"@id":"https:\/\/lubrimas.pe\/empresas\/#website"},"primaryImageOfPage":{"@id":"https:\/\/lubrimas.pe\/empresas\/productos\/mobil-delvac-transmision-fluid-artic\/#primaryimage"},"image":{"@id":"https:\/\/lubrimas.pe\/empresas\/productos\/mobil-delvac-transmision-fluid-artic\/#primaryimage"},"thumbnailUrl":"https:\/\/lubrimas.pe\/empresas\/wp-content\/uploads\/sites\/2\/2022\/08\/lubrimasperu-lubrimaspe-empresas-cotizaciones-aceite-mobil-balde-cilindro-losolivos-lima-peru.webp","datePublished":"2022-01-20T17:10:23+00:00","dateModified":"2022-08-04T18:10:21+00:00","breadcrumb":{"@id":"https:\/\/lubrimas.pe\/empresas\/productos\/mobil-delvac-transmision-fluid-artic\/#breadcrumb"},"inLanguage":"es","potentialAction":[{"@type":"ReadAction","target":["https:\/\/lubrimas.pe\/empresas\/productos\/mobil-delvac-transmision-fluid-artic\/"]}]},{"@type":"ImageObject","inLanguage":"es","@id":"https:\/\/lubrimas.pe\/empresas\/productos\/mobil-delvac-transmision-fluid-artic\/#primaryimage","url":"https:\/\/lubrimas.pe\/empresas\/wp-content\/uploads\/sites\/2\/2022\/08\/lubrimasperu-lubrimaspe-empresas-cotizaciones-aceite-mobil-balde-cilindro-losolivos-lima-peru.webp","contentUrl":"https:\/\/lubrimas.pe\/empresas\/wp-content\/uploads\/sites\/2\/2022\/08\/lubrimasperu-lubrimaspe-empresas-cotizaciones-aceite-mobil-balde-cilindro-losolivos-lima-peru.webp","width":850,"height":1000},{"@type":"BreadcrumbList","@id":"https:\/\/lubrimas.pe\/empresas\/productos\/mobil-delvac-transmision-fluid-artic\/#breadcrumb","itemListElement":[{"@type":"ListItem","position":1,"name":"Portada","item":"https:\/\/lubrimas.pe\/empresas\/"},{"@type":"ListItem","position":2,"name":"Lubricantes (Cat\u00e1logo)","item":"https:\/\/lubrimas.pe\/empresas\/productos\/"},{"@type":"ListItem","position":3,"name":"MOBIL DELVAC TRANSMISION FLUID ARTIC"}]},{"@type":"WebSite","@id":"https:\/\/lubrimas.pe\/empresas\/#website","url":"https:\/\/lubrimas.pe\/empresas\/","name":"Lubrim\u00e1s Empresas","description":"Distribuidor Autorizado de Lubricantes para el sector Automotor e Industrial","publisher":{"@id":"https:\/\/lubrimas.pe\/empresas\/#organization"},"potentialAction":[{"@type":"SearchAction","target":{"@type":"EntryPoint","urlTemplate":"https:\/\/lubrimas.pe\/empresas\/?s={search_term_string}"},"query-input":{"@type":"PropertyValueSpecification","valueRequired":true,"valueName":"search_term_string"}}],"inLanguage":"es"},{"@type":"Organization","@id":"https:\/\/lubrimas.pe\/empresas\/#organization","name":"Lubrimas.pe","url":"https:\/\/lubrimas.pe\/empresas\/","logo":{"@type":"ImageObject","inLanguage":"es","@id":"https:\/\/lubrimas.pe\/empresas\/#\/schema\/logo\/image\/","url":"https:\/\/lubrimas.pe\/empresas\/wp-content\/uploads\/sites\/2\/2022\/03\/tarjeta-empresas.webp","contentUrl":"https:\/\/lubrimas.pe\/empresas\/wp-content\/uploads\/sites\/2\/2022\/03\/tarjeta-empresas.webp","width":250,"height":250,"caption":"Lubrimas.pe"},"image":{"@id":"https:\/\/lubrimas.pe\/empresas\/#\/schema\/logo\/image\/"},"sameAs":["https:\/\/www.facebook.com\/lubrimasperu","https:\/\/www.instagram.com\/lubrimas_pe","https:\/\/www.youtube.com\/channel\/UCkp38n2qqb8SU60_v_gaKlg"]}]}},"_links":{"self":[{"href":"https:\/\/lubrimas.pe\/empresas\/wp-json\/wp\/v2\/product\/586","targetHints":{"allow":["GET"]}}],"collection":[{"href":"https:\/\/lubrimas.pe\/empresas\/wp-json\/wp\/v2\/product"}],"about":[{"href":"https:\/\/lubrimas.pe\/empresas\/wp-json\/wp\/v2\/types\/product"}],"replies":[{"embeddable":true,"href":"https:\/\/lubrimas.pe\/empresas\/wp-json\/wp\/v2\/comments?post=586"}],"wp:featuredmedia":[{"embeddable":true,"href":"https:\/\/lubrimas.pe\/empresas\/wp-json\/wp\/v2\/media\/1317"}],"wp:attachment":[{"href":"https:\/\/lubrimas.pe\/empresas\/wp-json\/wp\/v2\/media?parent=586"}],"wp:term":[{"taxonomy":"product_brand","embeddable":true,"href":"https:\/\/lubrimas.pe\/empresas\/wp-json\/wp\/v2\/product_brand?post=586"},{"taxonomy":"product_cat","embeddable":true,"href":"https:\/\/lubrimas.pe\/empresas\/wp-json\/wp\/v2\/product_cat?post=586"},{"taxonomy":"product_tag","embeddable":true,"href":"https:\/\/lubrimas.pe\/empresas\/wp-json\/wp\/v2\/product_tag?post=586"}],"curies":[{"name":"wp","href":"https:\/\/api.w.org\/{rel}","templated":true}]}}