{"id":612,"date":"2022-01-20T17:10:34","date_gmt":"2022-01-20T17:10:34","guid":{"rendered":"https:\/\/lubrimas.pe\/empresas\/?post_type=product&#038;p=612"},"modified":"2022-08-04T13:17:10","modified_gmt":"2022-08-04T18:17:10","slug":"mobil-shc-gear-series","status":"publish","type":"product","link":"https:\/\/lubrimas.pe\/empresas\/productos\/mobil-shc-gear-series\/","title":{"rendered":"MOBIL SHC GEAR SERIES"},"content":{"rendered":"","protected":false},"excerpt":{"rendered":"<p>Mobil SHCTM Gear Series es una l\u00ednea de aceites sint\u00e9ticos de desempe\u00f1o excepcional para engranajes industriales, dise\u00f1ados para brindar una sobresaliente protecci\u00f3n a engranajes y cojinetes y una prolongada vida \u00fatil del aceite incluso bajo condiciones extremas a fin de ayudar a operar los equipos sin problemas e incrementar la productividad de los clientes. Estos lubricantes sint\u00e9ticos cient\u00edficamente dise\u00f1ados est\u00e1n formulados a partir de fluidos base sint\u00e9ticos que cuentan con excepcionales propiedades t\u00e9rmicas y contra la oxidaci\u00f3n y excelente fluidez a bajas temperaturas. El alto \u00edndice de viscosidad de estos aceites significa menos cambios en la viscosidad con cambios en la temperatura, lo cual permite mayores intervalos de temperatura y mejores arranques a bajas temperaturas. Los lubricantes Mobil SHC Gear Series contienen un avanzado sistema de aditivos de propiedad exclusiva dise\u00f1ado para proporcionar una excelente protecci\u00f3n contra los modos de desgaste convencional tales como el desgaste abrasivo al igual que un alto nivel de resistencia contra la fatiga por micropicado. Adem\u00e1s, en comparaci\u00f3n con los aceites para engranajes con formulaciones qu\u00edmicas convencionales, ofrece el potencial de mejorar la lubricaci\u00f3n de los cojinetes de elementos rodantes de las cajas de engranajes. Los productos Mobil SHC Gear Series ofrecen una sobresaliente protecci\u00f3n contra la herrumbre y la corrosi\u00f3n en comparaci\u00f3n con los aceites convencionales para engranajes, incluso en la presencia de contaminaci\u00f3n con agua salada. No muestran ninguna tendencia a taponar filtros finos a\u00fan si est\u00e1n h\u00famedos y tienen una excelente compatibilidad con metales ferrosos y no ferrosos incluso a temperaturas elevadas. Los lubricantes Mobil SHC Gear Series tambi\u00e9n exhiben una sobresaliente compatibilidad con elast\u00f3meros en pruebas est\u00e1ticas de sellos. Cuentan con sobresalientes propiedades de trabajo bajo extremas presiones que proporcionan protecci\u00f3n incluso bajo condiciones de cargas de impacto. Las bases sint\u00e9ticas utilizadas en los aceites Mobil SHC Gear Series tiene inherentemente propiedades de baja tracci\u00f3n, lo cual resulta en una baja fricci\u00f3n del fluido en las zonas de carga de superficies no conformes tales como los engranajes y los cojinetes de elementos rodantes. La menor fricci\u00f3n del fluido resulta en menores temperaturas de funcionamiento y puede ayudar a mejorar la eficiencia de los engranajes. Los lubricantes Mobil SHC Gear Series son recomendados para trasmisiones por engranajes industriales cerradas, donde se incluyen los engranajes de acero sobre acero de lo tipo recto, helicoidales y c\u00f3nicos. Son especialmente recomendados para aplicaciones que podr\u00edan estar sujetas a micropicado: especialmente cajas de engranajes altamente cargadas con metalurgias de endurecimiento superficial en los dientes. Tambi\u00e9n puede utilizarse en aplicaciones de engranajes donde existen temperaturas extremas altas y\/o bajas y en aplicaciones donde la corrosi\u00f3n podr\u00eda ser severa.<\/p>\n","protected":false},"featured_media":1317,"comment_status":"closed","ping_status":"closed","template":"","meta":[],"product_brand":[],"product_cat":[22],"product_tag":[],"class_list":{"0":"post-612","1":"product","2":"type-product","3":"status-publish","4":"has-post-thumbnail","6":"product_cat-engranajes-y-transmisiones","7":"pa_marca-mobil","8":"pa_presentacion-cilindro-55gl","10":"first","11":"instock","12":"taxable","13":"shipping-taxable","14":"purchasable","15":"product-type-variable","16":"has-default-attributes"},"yoast_head":"<!-- This site is optimized with the Yoast SEO plugin v27.4 - https:\/\/yoast.com\/product\/yoast-seo-wordpress\/ -->\n<title>MOBIL SHC GEAR SERIES - Lubrim\u00e1s Empresas<\/title>\n<meta name=\"robots\" content=\"index, follow, max-snippet:-1, max-image-preview:large, max-video-preview:-1\" \/>\n<link rel=\"canonical\" href=\"https:\/\/lubrimas.pe\/empresas\/productos\/mobil-shc-gear-series\/\" \/>\n<meta property=\"og:locale\" content=\"es_ES\" \/>\n<meta property=\"og:type\" content=\"article\" \/>\n<meta property=\"og:title\" content=\"MOBIL SHC GEAR SERIES - Lubrim\u00e1s Empresas\" \/>\n<meta property=\"og:description\" content=\"Mobil SHCTM Gear Series es una l\u00ednea de aceites sint\u00e9ticos de desempe\u00f1o excepcional para engranajes industriales, dise\u00f1ados para brindar una sobresaliente protecci\u00f3n a engranajes y cojinetes y una prolongada vida \u00fatil del aceite incluso bajo condiciones extremas a fin de ayudar a operar los equipos sin problemas e incrementar la productividad de los clientes. Estos lubricantes sint\u00e9ticos cient\u00edficamente dise\u00f1ados est\u00e1n formulados a partir de fluidos base sint\u00e9ticos que cuentan con excepcionales propiedades t\u00e9rmicas y contra la oxidaci\u00f3n y excelente fluidez a bajas temperaturas. El alto \u00edndice de viscosidad de estos aceites significa menos cambios en la viscosidad con cambios en la temperatura, lo cual permite mayores intervalos de temperatura y mejores arranques a bajas temperaturas. Los lubricantes Mobil SHC Gear Series contienen un avanzado sistema de aditivos de propiedad exclusiva dise\u00f1ado para proporcionar una excelente protecci\u00f3n contra los modos de desgaste convencional tales como el desgaste abrasivo al igual que un alto nivel de resistencia contra la fatiga por micropicado. Adem\u00e1s, en comparaci\u00f3n con los aceites para engranajes con formulaciones qu\u00edmicas convencionales, ofrece el potencial de mejorar la lubricaci\u00f3n de los cojinetes de elementos rodantes de las cajas de engranajes. Los productos Mobil SHC Gear Series ofrecen una sobresaliente protecci\u00f3n contra la herrumbre y la corrosi\u00f3n en comparaci\u00f3n con los aceites convencionales para engranajes, incluso en la presencia de contaminaci\u00f3n con agua salada. No muestran ninguna tendencia a taponar filtros finos a\u00fan si est\u00e1n h\u00famedos y tienen una excelente compatibilidad con metales ferrosos y no ferrosos incluso a temperaturas elevadas. Los lubricantes Mobil SHC Gear Series tambi\u00e9n exhiben una sobresaliente compatibilidad con elast\u00f3meros en pruebas est\u00e1ticas de sellos. Cuentan con sobresalientes propiedades de trabajo bajo extremas presiones que proporcionan protecci\u00f3n incluso bajo condiciones de cargas de impacto. Las bases sint\u00e9ticas utilizadas en los aceites Mobil SHC Gear Series tiene inherentemente propiedades de baja tracci\u00f3n, lo cual resulta en una baja fricci\u00f3n del fluido en las zonas de carga de superficies no conformes tales como los engranajes y los cojinetes de elementos rodantes. La menor fricci\u00f3n del fluido resulta en menores temperaturas de funcionamiento y puede ayudar a mejorar la eficiencia de los engranajes. Los lubricantes Mobil SHC Gear Series son recomendados para trasmisiones por engranajes industriales cerradas, donde se incluyen los engranajes de acero sobre acero de lo tipo recto, helicoidales y c\u00f3nicos. Son especialmente recomendados para aplicaciones que podr\u00edan estar sujetas a micropicado: especialmente cajas de engranajes altamente cargadas con metalurgias de endurecimiento superficial en los dientes. Tambi\u00e9n puede utilizarse en aplicaciones de engranajes donde existen temperaturas extremas altas y\/o bajas y en aplicaciones donde la corrosi\u00f3n podr\u00eda ser severa.\" \/>\n<meta property=\"og:url\" content=\"https:\/\/lubrimas.pe\/empresas\/productos\/mobil-shc-gear-series\/\" \/>\n<meta property=\"og:site_name\" content=\"Lubrim\u00e1s Empresas\" \/>\n<meta property=\"article:publisher\" content=\"https:\/\/www.facebook.com\/lubrimasperu\" \/>\n<meta property=\"article:modified_time\" content=\"2022-08-04T18:17:10+00:00\" \/>\n<meta property=\"og:image\" content=\"https:\/\/lubrimas.pe\/empresas\/wp-content\/uploads\/sites\/2\/2022\/08\/lubrimasperu-lubrimaspe-empresas-cotizaciones-aceite-mobil-balde-cilindro-losolivos-lima-peru.webp\" \/>\n\t<meta property=\"og:image:width\" content=\"850\" \/>\n\t<meta property=\"og:image:height\" content=\"1000\" \/>\n\t<meta property=\"og:image:type\" content=\"image\/webp\" \/>\n<meta name=\"twitter:card\" content=\"summary_large_image\" \/>\n<script type=\"application\/ld+json\" class=\"yoast-schema-graph\">{\"@context\":\"https:\\\/\\\/schema.org\",\"@graph\":[{\"@type\":\"WebPage\",\"@id\":\"https:\\\/\\\/lubrimas.pe\\\/empresas\\\/productos\\\/mobil-shc-gear-series\\\/\",\"url\":\"https:\\\/\\\/lubrimas.pe\\\/empresas\\\/productos\\\/mobil-shc-gear-series\\\/\",\"name\":\"MOBIL SHC GEAR SERIES - Lubrim\u00e1s Empresas\",\"isPartOf\":{\"@id\":\"https:\\\/\\\/lubrimas.pe\\\/empresas\\\/#website\"},\"primaryImageOfPage\":{\"@id\":\"https:\\\/\\\/lubrimas.pe\\\/empresas\\\/productos\\\/mobil-shc-gear-series\\\/#primaryimage\"},\"image\":{\"@id\":\"https:\\\/\\\/lubrimas.pe\\\/empresas\\\/productos\\\/mobil-shc-gear-series\\\/#primaryimage\"},\"thumbnailUrl\":\"https:\\\/\\\/lubrimas.pe\\\/empresas\\\/wp-content\\\/uploads\\\/sites\\\/2\\\/2022\\\/08\\\/lubrimasperu-lubrimaspe-empresas-cotizaciones-aceite-mobil-balde-cilindro-losolivos-lima-peru.webp\",\"datePublished\":\"2022-01-20T17:10:34+00:00\",\"dateModified\":\"2022-08-04T18:17:10+00:00\",\"breadcrumb\":{\"@id\":\"https:\\\/\\\/lubrimas.pe\\\/empresas\\\/productos\\\/mobil-shc-gear-series\\\/#breadcrumb\"},\"inLanguage\":\"es\",\"potentialAction\":[{\"@type\":\"ReadAction\",\"target\":[\"https:\\\/\\\/lubrimas.pe\\\/empresas\\\/productos\\\/mobil-shc-gear-series\\\/\"]}]},{\"@type\":\"ImageObject\",\"inLanguage\":\"es\",\"@id\":\"https:\\\/\\\/lubrimas.pe\\\/empresas\\\/productos\\\/mobil-shc-gear-series\\\/#primaryimage\",\"url\":\"https:\\\/\\\/lubrimas.pe\\\/empresas\\\/wp-content\\\/uploads\\\/sites\\\/2\\\/2022\\\/08\\\/lubrimasperu-lubrimaspe-empresas-cotizaciones-aceite-mobil-balde-cilindro-losolivos-lima-peru.webp\",\"contentUrl\":\"https:\\\/\\\/lubrimas.pe\\\/empresas\\\/wp-content\\\/uploads\\\/sites\\\/2\\\/2022\\\/08\\\/lubrimasperu-lubrimaspe-empresas-cotizaciones-aceite-mobil-balde-cilindro-losolivos-lima-peru.webp\",\"width\":850,\"height\":1000},{\"@type\":\"BreadcrumbList\",\"@id\":\"https:\\\/\\\/lubrimas.pe\\\/empresas\\\/productos\\\/mobil-shc-gear-series\\\/#breadcrumb\",\"itemListElement\":[{\"@type\":\"ListItem\",\"position\":1,\"name\":\"Portada\",\"item\":\"https:\\\/\\\/lubrimas.pe\\\/empresas\\\/\"},{\"@type\":\"ListItem\",\"position\":2,\"name\":\"Lubricantes (Cat\u00e1logo)\",\"item\":\"https:\\\/\\\/lubrimas.pe\\\/empresas\\\/productos\\\/\"},{\"@type\":\"ListItem\",\"position\":3,\"name\":\"MOBIL SHC GEAR SERIES\"}]},{\"@type\":\"WebSite\",\"@id\":\"https:\\\/\\\/lubrimas.pe\\\/empresas\\\/#website\",\"url\":\"https:\\\/\\\/lubrimas.pe\\\/empresas\\\/\",\"name\":\"Lubrim\u00e1s Empresas\",\"description\":\"Distribuidor Autorizado de Lubricantes para el sector Automotor e Industrial\",\"publisher\":{\"@id\":\"https:\\\/\\\/lubrimas.pe\\\/empresas\\\/#organization\"},\"potentialAction\":[{\"@type\":\"SearchAction\",\"target\":{\"@type\":\"EntryPoint\",\"urlTemplate\":\"https:\\\/\\\/lubrimas.pe\\\/empresas\\\/?s={search_term_string}\"},\"query-input\":{\"@type\":\"PropertyValueSpecification\",\"valueRequired\":true,\"valueName\":\"search_term_string\"}}],\"inLanguage\":\"es\"},{\"@type\":\"Organization\",\"@id\":\"https:\\\/\\\/lubrimas.pe\\\/empresas\\\/#organization\",\"name\":\"Lubrimas.pe\",\"url\":\"https:\\\/\\\/lubrimas.pe\\\/empresas\\\/\",\"logo\":{\"@type\":\"ImageObject\",\"inLanguage\":\"es\",\"@id\":\"https:\\\/\\\/lubrimas.pe\\\/empresas\\\/#\\\/schema\\\/logo\\\/image\\\/\",\"url\":\"https:\\\/\\\/lubrimas.pe\\\/empresas\\\/wp-content\\\/uploads\\\/sites\\\/2\\\/2022\\\/03\\\/tarjeta-empresas.webp\",\"contentUrl\":\"https:\\\/\\\/lubrimas.pe\\\/empresas\\\/wp-content\\\/uploads\\\/sites\\\/2\\\/2022\\\/03\\\/tarjeta-empresas.webp\",\"width\":250,\"height\":250,\"caption\":\"Lubrimas.pe\"},\"image\":{\"@id\":\"https:\\\/\\\/lubrimas.pe\\\/empresas\\\/#\\\/schema\\\/logo\\\/image\\\/\"},\"sameAs\":[\"https:\\\/\\\/www.facebook.com\\\/lubrimasperu\",\"https:\\\/\\\/www.instagram.com\\\/lubrimas_pe\",\"https:\\\/\\\/www.youtube.com\\\/channel\\\/UCkp38n2qqb8SU60_v_gaKlg\"]}]}<\/script>\n<!-- \/ Yoast SEO plugin. -->","yoast_head_json":{"title":"MOBIL SHC GEAR SERIES - Lubrim\u00e1s Empresas","robots":{"index":"index","follow":"follow","max-snippet":"max-snippet:-1","max-image-preview":"max-image-preview:large","max-video-preview":"max-video-preview:-1"},"canonical":"https:\/\/lubrimas.pe\/empresas\/productos\/mobil-shc-gear-series\/","og_locale":"es_ES","og_type":"article","og_title":"MOBIL SHC GEAR SERIES - Lubrim\u00e1s Empresas","og_description":"Mobil SHCTM Gear Series es una l\u00ednea de aceites sint\u00e9ticos de desempe\u00f1o excepcional para engranajes industriales, dise\u00f1ados para brindar una sobresaliente protecci\u00f3n a engranajes y cojinetes y una prolongada vida \u00fatil del aceite incluso bajo condiciones extremas a fin de ayudar a operar los equipos sin problemas e incrementar la productividad de los clientes. Estos lubricantes sint\u00e9ticos cient\u00edficamente dise\u00f1ados est\u00e1n formulados a partir de fluidos base sint\u00e9ticos que cuentan con excepcionales propiedades t\u00e9rmicas y contra la oxidaci\u00f3n y excelente fluidez a bajas temperaturas. El alto \u00edndice de viscosidad de estos aceites significa menos cambios en la viscosidad con cambios en la temperatura, lo cual permite mayores intervalos de temperatura y mejores arranques a bajas temperaturas. Los lubricantes Mobil SHC Gear Series contienen un avanzado sistema de aditivos de propiedad exclusiva dise\u00f1ado para proporcionar una excelente protecci\u00f3n contra los modos de desgaste convencional tales como el desgaste abrasivo al igual que un alto nivel de resistencia contra la fatiga por micropicado. Adem\u00e1s, en comparaci\u00f3n con los aceites para engranajes con formulaciones qu\u00edmicas convencionales, ofrece el potencial de mejorar la lubricaci\u00f3n de los cojinetes de elementos rodantes de las cajas de engranajes. Los productos Mobil SHC Gear Series ofrecen una sobresaliente protecci\u00f3n contra la herrumbre y la corrosi\u00f3n en comparaci\u00f3n con los aceites convencionales para engranajes, incluso en la presencia de contaminaci\u00f3n con agua salada. No muestran ninguna tendencia a taponar filtros finos a\u00fan si est\u00e1n h\u00famedos y tienen una excelente compatibilidad con metales ferrosos y no ferrosos incluso a temperaturas elevadas. Los lubricantes Mobil SHC Gear Series tambi\u00e9n exhiben una sobresaliente compatibilidad con elast\u00f3meros en pruebas est\u00e1ticas de sellos. Cuentan con sobresalientes propiedades de trabajo bajo extremas presiones que proporcionan protecci\u00f3n incluso bajo condiciones de cargas de impacto. Las bases sint\u00e9ticas utilizadas en los aceites Mobil SHC Gear Series tiene inherentemente propiedades de baja tracci\u00f3n, lo cual resulta en una baja fricci\u00f3n del fluido en las zonas de carga de superficies no conformes tales como los engranajes y los cojinetes de elementos rodantes. La menor fricci\u00f3n del fluido resulta en menores temperaturas de funcionamiento y puede ayudar a mejorar la eficiencia de los engranajes. Los lubricantes Mobil SHC Gear Series son recomendados para trasmisiones por engranajes industriales cerradas, donde se incluyen los engranajes de acero sobre acero de lo tipo recto, helicoidales y c\u00f3nicos. Son especialmente recomendados para aplicaciones que podr\u00edan estar sujetas a micropicado: especialmente cajas de engranajes altamente cargadas con metalurgias de endurecimiento superficial en los dientes. Tambi\u00e9n puede utilizarse en aplicaciones de engranajes donde existen temperaturas extremas altas y\/o bajas y en aplicaciones donde la corrosi\u00f3n podr\u00eda ser severa.","og_url":"https:\/\/lubrimas.pe\/empresas\/productos\/mobil-shc-gear-series\/","og_site_name":"Lubrim\u00e1s Empresas","article_publisher":"https:\/\/www.facebook.com\/lubrimasperu","article_modified_time":"2022-08-04T18:17:10+00:00","og_image":[{"width":850,"height":1000,"url":"https:\/\/lubrimas.pe\/empresas\/wp-content\/uploads\/sites\/2\/2022\/08\/lubrimasperu-lubrimaspe-empresas-cotizaciones-aceite-mobil-balde-cilindro-losolivos-lima-peru.webp","type":"image\/webp"}],"twitter_card":"summary_large_image","schema":{"@context":"https:\/\/schema.org","@graph":[{"@type":"WebPage","@id":"https:\/\/lubrimas.pe\/empresas\/productos\/mobil-shc-gear-series\/","url":"https:\/\/lubrimas.pe\/empresas\/productos\/mobil-shc-gear-series\/","name":"MOBIL SHC GEAR SERIES - Lubrim\u00e1s Empresas","isPartOf":{"@id":"https:\/\/lubrimas.pe\/empresas\/#website"},"primaryImageOfPage":{"@id":"https:\/\/lubrimas.pe\/empresas\/productos\/mobil-shc-gear-series\/#primaryimage"},"image":{"@id":"https:\/\/lubrimas.pe\/empresas\/productos\/mobil-shc-gear-series\/#primaryimage"},"thumbnailUrl":"https:\/\/lubrimas.pe\/empresas\/wp-content\/uploads\/sites\/2\/2022\/08\/lubrimasperu-lubrimaspe-empresas-cotizaciones-aceite-mobil-balde-cilindro-losolivos-lima-peru.webp","datePublished":"2022-01-20T17:10:34+00:00","dateModified":"2022-08-04T18:17:10+00:00","breadcrumb":{"@id":"https:\/\/lubrimas.pe\/empresas\/productos\/mobil-shc-gear-series\/#breadcrumb"},"inLanguage":"es","potentialAction":[{"@type":"ReadAction","target":["https:\/\/lubrimas.pe\/empresas\/productos\/mobil-shc-gear-series\/"]}]},{"@type":"ImageObject","inLanguage":"es","@id":"https:\/\/lubrimas.pe\/empresas\/productos\/mobil-shc-gear-series\/#primaryimage","url":"https:\/\/lubrimas.pe\/empresas\/wp-content\/uploads\/sites\/2\/2022\/08\/lubrimasperu-lubrimaspe-empresas-cotizaciones-aceite-mobil-balde-cilindro-losolivos-lima-peru.webp","contentUrl":"https:\/\/lubrimas.pe\/empresas\/wp-content\/uploads\/sites\/2\/2022\/08\/lubrimasperu-lubrimaspe-empresas-cotizaciones-aceite-mobil-balde-cilindro-losolivos-lima-peru.webp","width":850,"height":1000},{"@type":"BreadcrumbList","@id":"https:\/\/lubrimas.pe\/empresas\/productos\/mobil-shc-gear-series\/#breadcrumb","itemListElement":[{"@type":"ListItem","position":1,"name":"Portada","item":"https:\/\/lubrimas.pe\/empresas\/"},{"@type":"ListItem","position":2,"name":"Lubricantes (Cat\u00e1logo)","item":"https:\/\/lubrimas.pe\/empresas\/productos\/"},{"@type":"ListItem","position":3,"name":"MOBIL SHC GEAR SERIES"}]},{"@type":"WebSite","@id":"https:\/\/lubrimas.pe\/empresas\/#website","url":"https:\/\/lubrimas.pe\/empresas\/","name":"Lubrim\u00e1s Empresas","description":"Distribuidor Autorizado de Lubricantes para el sector Automotor e Industrial","publisher":{"@id":"https:\/\/lubrimas.pe\/empresas\/#organization"},"potentialAction":[{"@type":"SearchAction","target":{"@type":"EntryPoint","urlTemplate":"https:\/\/lubrimas.pe\/empresas\/?s={search_term_string}"},"query-input":{"@type":"PropertyValueSpecification","valueRequired":true,"valueName":"search_term_string"}}],"inLanguage":"es"},{"@type":"Organization","@id":"https:\/\/lubrimas.pe\/empresas\/#organization","name":"Lubrimas.pe","url":"https:\/\/lubrimas.pe\/empresas\/","logo":{"@type":"ImageObject","inLanguage":"es","@id":"https:\/\/lubrimas.pe\/empresas\/#\/schema\/logo\/image\/","url":"https:\/\/lubrimas.pe\/empresas\/wp-content\/uploads\/sites\/2\/2022\/03\/tarjeta-empresas.webp","contentUrl":"https:\/\/lubrimas.pe\/empresas\/wp-content\/uploads\/sites\/2\/2022\/03\/tarjeta-empresas.webp","width":250,"height":250,"caption":"Lubrimas.pe"},"image":{"@id":"https:\/\/lubrimas.pe\/empresas\/#\/schema\/logo\/image\/"},"sameAs":["https:\/\/www.facebook.com\/lubrimasperu","https:\/\/www.instagram.com\/lubrimas_pe","https:\/\/www.youtube.com\/channel\/UCkp38n2qqb8SU60_v_gaKlg"]}]}},"_links":{"self":[{"href":"https:\/\/lubrimas.pe\/empresas\/wp-json\/wp\/v2\/product\/612","targetHints":{"allow":["GET"]}}],"collection":[{"href":"https:\/\/lubrimas.pe\/empresas\/wp-json\/wp\/v2\/product"}],"about":[{"href":"https:\/\/lubrimas.pe\/empresas\/wp-json\/wp\/v2\/types\/product"}],"replies":[{"embeddable":true,"href":"https:\/\/lubrimas.pe\/empresas\/wp-json\/wp\/v2\/comments?post=612"}],"wp:featuredmedia":[{"embeddable":true,"href":"https:\/\/lubrimas.pe\/empresas\/wp-json\/wp\/v2\/media\/1317"}],"wp:attachment":[{"href":"https:\/\/lubrimas.pe\/empresas\/wp-json\/wp\/v2\/media?parent=612"}],"wp:term":[{"taxonomy":"product_brand","embeddable":true,"href":"https:\/\/lubrimas.pe\/empresas\/wp-json\/wp\/v2\/product_brand?post=612"},{"taxonomy":"product_cat","embeddable":true,"href":"https:\/\/lubrimas.pe\/empresas\/wp-json\/wp\/v2\/product_cat?post=612"},{"taxonomy":"product_tag","embeddable":true,"href":"https:\/\/lubrimas.pe\/empresas\/wp-json\/wp\/v2\/product_tag?post=612"}],"curies":[{"name":"wp","href":"https:\/\/api.w.org\/{rel}","templated":true}]}}