{"id":616,"date":"2022-01-20T17:10:35","date_gmt":"2022-01-20T17:10:35","guid":{"rendered":"https:\/\/lubrimas.pe\/empresas\/?post_type=product&#038;p=616"},"modified":"2022-08-04T13:15:47","modified_gmt":"2022-08-04T18:15:47","slug":"mobil-shc-xmp-series","status":"publish","type":"product","link":"https:\/\/lubrimas.pe\/empresas\/productos\/mobil-shc-xmp-series\/","title":{"rendered":"MOBIL SHC XMP SERIES"},"content":{"rendered":"","protected":false},"excerpt":{"rendered":"<p>Los aceites de alto desempe\u00f1o para engranajes industriales de la serie MobilgearTM SCH XMP est\u00e1n dise\u00f1ados para proporcionar una \u00f3ptima protecci\u00f3n a los equipos y una \u00f3ptima vida \u00fatil del aceite incluso bajo condiciones extremas. La tecnolog\u00eda de polialfaolefinas (PAO) de Mobil ha sido seleccionada por su excepcional resistencia a la oxidaci\u00f3n y sus propiedades t\u00e9rmicas, un \u00edndice de viscosidad naturalmente alto, una excelente fluidez a bajas temperaturas y la ausencia de compuestos indeseables que a menudo se encuentran en los aceites minerales. El alto \u00edndice de viscosidad y el bajo coeficiente de tracci\u00f3n de este aceite se combinan para ayudar a proporcionar una reducci\u00f3n significativa en el consumo de energ\u00eda en muchas transmisiones de engranajes. Los lubricantes de la serie Mobilgear SHC XMP contienen un avanzado sistema de aditivos de propiedad exclusiva cuidadosamente mezclado que est\u00e1 dise\u00f1ado para proporcionar una excelente protecci\u00f3n contra los modos de desgaste convencional tales como el desgaste abrasivo al igual que un alto nivel de resistencia contra la fatiga por micropicado. Adem\u00e1s, en comparaci\u00f3n con los aceites para engranajes con formulaciones qu\u00edmicas convencionales, ofrecen el potencial de mejorar la lubricaci\u00f3n de los cojinetes de elementos rodantes de las cajas de engranajes. Los productos de la serie Mobilgear SHC XMP ofrecen una destacada protecci\u00f3n contra la herrumbre y la corrosi\u00f3n en aplicaciones en las que se requiere protecci\u00f3n contra el agua salada y el agua \u00e1cida. Estos productos proporcionan una excelente vida \u00fatil de los filtros incluso cuando est\u00e1n moderadamente h\u00famedos y tienen una excelente compatibilidad con los metales ferrosos y no ferrosos incluso a temperaturas elevadas. Los lubricantes Mobilgear SHC XMP son recomendados para trasmisiones por engranajes industriales cerradas, donde se incluyen los engranajes de acero sobre acero de lo tipo recto, helicoidales y c\u00f3nicos. Son altamente recomendados para aplicaciones que podr\u00edan estar sujetas a micropicado: especialmente cajas de engranajes altamente cargadas con metalurgias de endurecimiento superficial en los dientes. Tambi\u00e9n pueden utilizarse en aplicaciones de engranajes donde existen temperaturas extremas altas y\/o bajas y en aplicaciones donde la corrosi\u00f3n podr\u00eda ser severa. Debido a su exclusiva combinaci\u00f3n de propiedades, entre ellas la resistencia al desgaste por micropicado, y su desempe\u00f1o en aplicaciones severas y un amplio rango de temperatura, los productos de la serie Mobilgear SHC XMP disfrutan de una creciente reputaci\u00f3n entre los clientes y fabricantes de equipos originales de todo el mundo.<\/p>\n","protected":false},"featured_media":1317,"comment_status":"closed","ping_status":"closed","template":"","meta":[],"product_brand":[],"product_cat":[22],"product_tag":[],"class_list":{"0":"post-616","1":"product","2":"type-product","3":"status-publish","4":"has-post-thumbnail","6":"product_cat-engranajes-y-transmisiones","7":"pa_marca-mobil","8":"pa_presentacion-cilindro-55gl","10":"first","11":"instock","12":"taxable","13":"shipping-taxable","14":"purchasable","15":"product-type-variable","16":"has-default-attributes"},"yoast_head":"<!-- This site is optimized with the Yoast SEO plugin v27.4 - https:\/\/yoast.com\/product\/yoast-seo-wordpress\/ -->\n<title>MOBIL SHC XMP SERIES - Lubrim\u00e1s Empresas<\/title>\n<meta name=\"robots\" content=\"index, follow, max-snippet:-1, max-image-preview:large, max-video-preview:-1\" \/>\n<link rel=\"canonical\" href=\"https:\/\/lubrimas.pe\/empresas\/productos\/mobil-shc-xmp-series\/\" \/>\n<meta property=\"og:locale\" content=\"es_ES\" \/>\n<meta property=\"og:type\" content=\"article\" \/>\n<meta property=\"og:title\" content=\"MOBIL SHC XMP SERIES - Lubrim\u00e1s Empresas\" \/>\n<meta property=\"og:description\" content=\"Los aceites de alto desempe\u00f1o para engranajes industriales de la serie MobilgearTM SCH XMP est\u00e1n dise\u00f1ados para proporcionar una \u00f3ptima protecci\u00f3n a los equipos y una \u00f3ptima vida \u00fatil del aceite incluso bajo condiciones extremas. La tecnolog\u00eda de polialfaolefinas (PAO) de Mobil ha sido seleccionada por su excepcional resistencia a la oxidaci\u00f3n y sus propiedades t\u00e9rmicas, un \u00edndice de viscosidad naturalmente alto, una excelente fluidez a bajas temperaturas y la ausencia de compuestos indeseables que a menudo se encuentran en los aceites minerales. El alto \u00edndice de viscosidad y el bajo coeficiente de tracci\u00f3n de este aceite se combinan para ayudar a proporcionar una reducci\u00f3n significativa en el consumo de energ\u00eda en muchas transmisiones de engranajes. Los lubricantes de la serie Mobilgear SHC XMP contienen un avanzado sistema de aditivos de propiedad exclusiva cuidadosamente mezclado que est\u00e1 dise\u00f1ado para proporcionar una excelente protecci\u00f3n contra los modos de desgaste convencional tales como el desgaste abrasivo al igual que un alto nivel de resistencia contra la fatiga por micropicado. Adem\u00e1s, en comparaci\u00f3n con los aceites para engranajes con formulaciones qu\u00edmicas convencionales, ofrecen el potencial de mejorar la lubricaci\u00f3n de los cojinetes de elementos rodantes de las cajas de engranajes. Los productos de la serie Mobilgear SHC XMP ofrecen una destacada protecci\u00f3n contra la herrumbre y la corrosi\u00f3n en aplicaciones en las que se requiere protecci\u00f3n contra el agua salada y el agua \u00e1cida. Estos productos proporcionan una excelente vida \u00fatil de los filtros incluso cuando est\u00e1n moderadamente h\u00famedos y tienen una excelente compatibilidad con los metales ferrosos y no ferrosos incluso a temperaturas elevadas. Los lubricantes Mobilgear SHC XMP son recomendados para trasmisiones por engranajes industriales cerradas, donde se incluyen los engranajes de acero sobre acero de lo tipo recto, helicoidales y c\u00f3nicos. Son altamente recomendados para aplicaciones que podr\u00edan estar sujetas a micropicado: especialmente cajas de engranajes altamente cargadas con metalurgias de endurecimiento superficial en los dientes. Tambi\u00e9n pueden utilizarse en aplicaciones de engranajes donde existen temperaturas extremas altas y\/o bajas y en aplicaciones donde la corrosi\u00f3n podr\u00eda ser severa. Debido a su exclusiva combinaci\u00f3n de propiedades, entre ellas la resistencia al desgaste por micropicado, y su desempe\u00f1o en aplicaciones severas y un amplio rango de temperatura, los productos de la serie Mobilgear SHC XMP disfrutan de una creciente reputaci\u00f3n entre los clientes y fabricantes de equipos originales de todo el mundo.\" \/>\n<meta property=\"og:url\" content=\"https:\/\/lubrimas.pe\/empresas\/productos\/mobil-shc-xmp-series\/\" \/>\n<meta property=\"og:site_name\" content=\"Lubrim\u00e1s Empresas\" \/>\n<meta property=\"article:publisher\" content=\"https:\/\/www.facebook.com\/lubrimasperu\" \/>\n<meta property=\"article:modified_time\" content=\"2022-08-04T18:15:47+00:00\" \/>\n<meta property=\"og:image\" content=\"https:\/\/lubrimas.pe\/empresas\/wp-content\/uploads\/sites\/2\/2022\/08\/lubrimasperu-lubrimaspe-empresas-cotizaciones-aceite-mobil-balde-cilindro-losolivos-lima-peru.webp\" \/>\n\t<meta property=\"og:image:width\" content=\"850\" \/>\n\t<meta property=\"og:image:height\" content=\"1000\" \/>\n\t<meta property=\"og:image:type\" content=\"image\/webp\" \/>\n<meta name=\"twitter:card\" content=\"summary_large_image\" \/>\n<script type=\"application\/ld+json\" class=\"yoast-schema-graph\">{\"@context\":\"https:\\\/\\\/schema.org\",\"@graph\":[{\"@type\":\"WebPage\",\"@id\":\"https:\\\/\\\/lubrimas.pe\\\/empresas\\\/productos\\\/mobil-shc-xmp-series\\\/\",\"url\":\"https:\\\/\\\/lubrimas.pe\\\/empresas\\\/productos\\\/mobil-shc-xmp-series\\\/\",\"name\":\"MOBIL SHC XMP SERIES - Lubrim\u00e1s Empresas\",\"isPartOf\":{\"@id\":\"https:\\\/\\\/lubrimas.pe\\\/empresas\\\/#website\"},\"primaryImageOfPage\":{\"@id\":\"https:\\\/\\\/lubrimas.pe\\\/empresas\\\/productos\\\/mobil-shc-xmp-series\\\/#primaryimage\"},\"image\":{\"@id\":\"https:\\\/\\\/lubrimas.pe\\\/empresas\\\/productos\\\/mobil-shc-xmp-series\\\/#primaryimage\"},\"thumbnailUrl\":\"https:\\\/\\\/lubrimas.pe\\\/empresas\\\/wp-content\\\/uploads\\\/sites\\\/2\\\/2022\\\/08\\\/lubrimasperu-lubrimaspe-empresas-cotizaciones-aceite-mobil-balde-cilindro-losolivos-lima-peru.webp\",\"datePublished\":\"2022-01-20T17:10:35+00:00\",\"dateModified\":\"2022-08-04T18:15:47+00:00\",\"breadcrumb\":{\"@id\":\"https:\\\/\\\/lubrimas.pe\\\/empresas\\\/productos\\\/mobil-shc-xmp-series\\\/#breadcrumb\"},\"inLanguage\":\"es\",\"potentialAction\":[{\"@type\":\"ReadAction\",\"target\":[\"https:\\\/\\\/lubrimas.pe\\\/empresas\\\/productos\\\/mobil-shc-xmp-series\\\/\"]}]},{\"@type\":\"ImageObject\",\"inLanguage\":\"es\",\"@id\":\"https:\\\/\\\/lubrimas.pe\\\/empresas\\\/productos\\\/mobil-shc-xmp-series\\\/#primaryimage\",\"url\":\"https:\\\/\\\/lubrimas.pe\\\/empresas\\\/wp-content\\\/uploads\\\/sites\\\/2\\\/2022\\\/08\\\/lubrimasperu-lubrimaspe-empresas-cotizaciones-aceite-mobil-balde-cilindro-losolivos-lima-peru.webp\",\"contentUrl\":\"https:\\\/\\\/lubrimas.pe\\\/empresas\\\/wp-content\\\/uploads\\\/sites\\\/2\\\/2022\\\/08\\\/lubrimasperu-lubrimaspe-empresas-cotizaciones-aceite-mobil-balde-cilindro-losolivos-lima-peru.webp\",\"width\":850,\"height\":1000},{\"@type\":\"BreadcrumbList\",\"@id\":\"https:\\\/\\\/lubrimas.pe\\\/empresas\\\/productos\\\/mobil-shc-xmp-series\\\/#breadcrumb\",\"itemListElement\":[{\"@type\":\"ListItem\",\"position\":1,\"name\":\"Portada\",\"item\":\"https:\\\/\\\/lubrimas.pe\\\/empresas\\\/\"},{\"@type\":\"ListItem\",\"position\":2,\"name\":\"Lubricantes (Cat\u00e1logo)\",\"item\":\"https:\\\/\\\/lubrimas.pe\\\/empresas\\\/productos\\\/\"},{\"@type\":\"ListItem\",\"position\":3,\"name\":\"MOBIL SHC XMP SERIES\"}]},{\"@type\":\"WebSite\",\"@id\":\"https:\\\/\\\/lubrimas.pe\\\/empresas\\\/#website\",\"url\":\"https:\\\/\\\/lubrimas.pe\\\/empresas\\\/\",\"name\":\"Lubrim\u00e1s Empresas\",\"description\":\"Distribuidor Autorizado de Lubricantes para el sector Automotor e Industrial\",\"publisher\":{\"@id\":\"https:\\\/\\\/lubrimas.pe\\\/empresas\\\/#organization\"},\"potentialAction\":[{\"@type\":\"SearchAction\",\"target\":{\"@type\":\"EntryPoint\",\"urlTemplate\":\"https:\\\/\\\/lubrimas.pe\\\/empresas\\\/?s={search_term_string}\"},\"query-input\":{\"@type\":\"PropertyValueSpecification\",\"valueRequired\":true,\"valueName\":\"search_term_string\"}}],\"inLanguage\":\"es\"},{\"@type\":\"Organization\",\"@id\":\"https:\\\/\\\/lubrimas.pe\\\/empresas\\\/#organization\",\"name\":\"Lubrimas.pe\",\"url\":\"https:\\\/\\\/lubrimas.pe\\\/empresas\\\/\",\"logo\":{\"@type\":\"ImageObject\",\"inLanguage\":\"es\",\"@id\":\"https:\\\/\\\/lubrimas.pe\\\/empresas\\\/#\\\/schema\\\/logo\\\/image\\\/\",\"url\":\"https:\\\/\\\/lubrimas.pe\\\/empresas\\\/wp-content\\\/uploads\\\/sites\\\/2\\\/2022\\\/03\\\/tarjeta-empresas.webp\",\"contentUrl\":\"https:\\\/\\\/lubrimas.pe\\\/empresas\\\/wp-content\\\/uploads\\\/sites\\\/2\\\/2022\\\/03\\\/tarjeta-empresas.webp\",\"width\":250,\"height\":250,\"caption\":\"Lubrimas.pe\"},\"image\":{\"@id\":\"https:\\\/\\\/lubrimas.pe\\\/empresas\\\/#\\\/schema\\\/logo\\\/image\\\/\"},\"sameAs\":[\"https:\\\/\\\/www.facebook.com\\\/lubrimasperu\",\"https:\\\/\\\/www.instagram.com\\\/lubrimas_pe\",\"https:\\\/\\\/www.youtube.com\\\/channel\\\/UCkp38n2qqb8SU60_v_gaKlg\"]}]}<\/script>\n<!-- \/ Yoast SEO plugin. -->","yoast_head_json":{"title":"MOBIL SHC XMP SERIES - Lubrim\u00e1s Empresas","robots":{"index":"index","follow":"follow","max-snippet":"max-snippet:-1","max-image-preview":"max-image-preview:large","max-video-preview":"max-video-preview:-1"},"canonical":"https:\/\/lubrimas.pe\/empresas\/productos\/mobil-shc-xmp-series\/","og_locale":"es_ES","og_type":"article","og_title":"MOBIL SHC XMP SERIES - Lubrim\u00e1s Empresas","og_description":"Los aceites de alto desempe\u00f1o para engranajes industriales de la serie MobilgearTM SCH XMP est\u00e1n dise\u00f1ados para proporcionar una \u00f3ptima protecci\u00f3n a los equipos y una \u00f3ptima vida \u00fatil del aceite incluso bajo condiciones extremas. La tecnolog\u00eda de polialfaolefinas (PAO) de Mobil ha sido seleccionada por su excepcional resistencia a la oxidaci\u00f3n y sus propiedades t\u00e9rmicas, un \u00edndice de viscosidad naturalmente alto, una excelente fluidez a bajas temperaturas y la ausencia de compuestos indeseables que a menudo se encuentran en los aceites minerales. El alto \u00edndice de viscosidad y el bajo coeficiente de tracci\u00f3n de este aceite se combinan para ayudar a proporcionar una reducci\u00f3n significativa en el consumo de energ\u00eda en muchas transmisiones de engranajes. Los lubricantes de la serie Mobilgear SHC XMP contienen un avanzado sistema de aditivos de propiedad exclusiva cuidadosamente mezclado que est\u00e1 dise\u00f1ado para proporcionar una excelente protecci\u00f3n contra los modos de desgaste convencional tales como el desgaste abrasivo al igual que un alto nivel de resistencia contra la fatiga por micropicado. Adem\u00e1s, en comparaci\u00f3n con los aceites para engranajes con formulaciones qu\u00edmicas convencionales, ofrecen el potencial de mejorar la lubricaci\u00f3n de los cojinetes de elementos rodantes de las cajas de engranajes. Los productos de la serie Mobilgear SHC XMP ofrecen una destacada protecci\u00f3n contra la herrumbre y la corrosi\u00f3n en aplicaciones en las que se requiere protecci\u00f3n contra el agua salada y el agua \u00e1cida. Estos productos proporcionan una excelente vida \u00fatil de los filtros incluso cuando est\u00e1n moderadamente h\u00famedos y tienen una excelente compatibilidad con los metales ferrosos y no ferrosos incluso a temperaturas elevadas. Los lubricantes Mobilgear SHC XMP son recomendados para trasmisiones por engranajes industriales cerradas, donde se incluyen los engranajes de acero sobre acero de lo tipo recto, helicoidales y c\u00f3nicos. Son altamente recomendados para aplicaciones que podr\u00edan estar sujetas a micropicado: especialmente cajas de engranajes altamente cargadas con metalurgias de endurecimiento superficial en los dientes. Tambi\u00e9n pueden utilizarse en aplicaciones de engranajes donde existen temperaturas extremas altas y\/o bajas y en aplicaciones donde la corrosi\u00f3n podr\u00eda ser severa. Debido a su exclusiva combinaci\u00f3n de propiedades, entre ellas la resistencia al desgaste por micropicado, y su desempe\u00f1o en aplicaciones severas y un amplio rango de temperatura, los productos de la serie Mobilgear SHC XMP disfrutan de una creciente reputaci\u00f3n entre los clientes y fabricantes de equipos originales de todo el mundo.","og_url":"https:\/\/lubrimas.pe\/empresas\/productos\/mobil-shc-xmp-series\/","og_site_name":"Lubrim\u00e1s Empresas","article_publisher":"https:\/\/www.facebook.com\/lubrimasperu","article_modified_time":"2022-08-04T18:15:47+00:00","og_image":[{"width":850,"height":1000,"url":"https:\/\/lubrimas.pe\/empresas\/wp-content\/uploads\/sites\/2\/2022\/08\/lubrimasperu-lubrimaspe-empresas-cotizaciones-aceite-mobil-balde-cilindro-losolivos-lima-peru.webp","type":"image\/webp"}],"twitter_card":"summary_large_image","schema":{"@context":"https:\/\/schema.org","@graph":[{"@type":"WebPage","@id":"https:\/\/lubrimas.pe\/empresas\/productos\/mobil-shc-xmp-series\/","url":"https:\/\/lubrimas.pe\/empresas\/productos\/mobil-shc-xmp-series\/","name":"MOBIL SHC XMP SERIES - Lubrim\u00e1s Empresas","isPartOf":{"@id":"https:\/\/lubrimas.pe\/empresas\/#website"},"primaryImageOfPage":{"@id":"https:\/\/lubrimas.pe\/empresas\/productos\/mobil-shc-xmp-series\/#primaryimage"},"image":{"@id":"https:\/\/lubrimas.pe\/empresas\/productos\/mobil-shc-xmp-series\/#primaryimage"},"thumbnailUrl":"https:\/\/lubrimas.pe\/empresas\/wp-content\/uploads\/sites\/2\/2022\/08\/lubrimasperu-lubrimaspe-empresas-cotizaciones-aceite-mobil-balde-cilindro-losolivos-lima-peru.webp","datePublished":"2022-01-20T17:10:35+00:00","dateModified":"2022-08-04T18:15:47+00:00","breadcrumb":{"@id":"https:\/\/lubrimas.pe\/empresas\/productos\/mobil-shc-xmp-series\/#breadcrumb"},"inLanguage":"es","potentialAction":[{"@type":"ReadAction","target":["https:\/\/lubrimas.pe\/empresas\/productos\/mobil-shc-xmp-series\/"]}]},{"@type":"ImageObject","inLanguage":"es","@id":"https:\/\/lubrimas.pe\/empresas\/productos\/mobil-shc-xmp-series\/#primaryimage","url":"https:\/\/lubrimas.pe\/empresas\/wp-content\/uploads\/sites\/2\/2022\/08\/lubrimasperu-lubrimaspe-empresas-cotizaciones-aceite-mobil-balde-cilindro-losolivos-lima-peru.webp","contentUrl":"https:\/\/lubrimas.pe\/empresas\/wp-content\/uploads\/sites\/2\/2022\/08\/lubrimasperu-lubrimaspe-empresas-cotizaciones-aceite-mobil-balde-cilindro-losolivos-lima-peru.webp","width":850,"height":1000},{"@type":"BreadcrumbList","@id":"https:\/\/lubrimas.pe\/empresas\/productos\/mobil-shc-xmp-series\/#breadcrumb","itemListElement":[{"@type":"ListItem","position":1,"name":"Portada","item":"https:\/\/lubrimas.pe\/empresas\/"},{"@type":"ListItem","position":2,"name":"Lubricantes (Cat\u00e1logo)","item":"https:\/\/lubrimas.pe\/empresas\/productos\/"},{"@type":"ListItem","position":3,"name":"MOBIL SHC XMP SERIES"}]},{"@type":"WebSite","@id":"https:\/\/lubrimas.pe\/empresas\/#website","url":"https:\/\/lubrimas.pe\/empresas\/","name":"Lubrim\u00e1s Empresas","description":"Distribuidor Autorizado de Lubricantes para el sector Automotor e Industrial","publisher":{"@id":"https:\/\/lubrimas.pe\/empresas\/#organization"},"potentialAction":[{"@type":"SearchAction","target":{"@type":"EntryPoint","urlTemplate":"https:\/\/lubrimas.pe\/empresas\/?s={search_term_string}"},"query-input":{"@type":"PropertyValueSpecification","valueRequired":true,"valueName":"search_term_string"}}],"inLanguage":"es"},{"@type":"Organization","@id":"https:\/\/lubrimas.pe\/empresas\/#organization","name":"Lubrimas.pe","url":"https:\/\/lubrimas.pe\/empresas\/","logo":{"@type":"ImageObject","inLanguage":"es","@id":"https:\/\/lubrimas.pe\/empresas\/#\/schema\/logo\/image\/","url":"https:\/\/lubrimas.pe\/empresas\/wp-content\/uploads\/sites\/2\/2022\/03\/tarjeta-empresas.webp","contentUrl":"https:\/\/lubrimas.pe\/empresas\/wp-content\/uploads\/sites\/2\/2022\/03\/tarjeta-empresas.webp","width":250,"height":250,"caption":"Lubrimas.pe"},"image":{"@id":"https:\/\/lubrimas.pe\/empresas\/#\/schema\/logo\/image\/"},"sameAs":["https:\/\/www.facebook.com\/lubrimasperu","https:\/\/www.instagram.com\/lubrimas_pe","https:\/\/www.youtube.com\/channel\/UCkp38n2qqb8SU60_v_gaKlg"]}]}},"_links":{"self":[{"href":"https:\/\/lubrimas.pe\/empresas\/wp-json\/wp\/v2\/product\/616","targetHints":{"allow":["GET"]}}],"collection":[{"href":"https:\/\/lubrimas.pe\/empresas\/wp-json\/wp\/v2\/product"}],"about":[{"href":"https:\/\/lubrimas.pe\/empresas\/wp-json\/wp\/v2\/types\/product"}],"replies":[{"embeddable":true,"href":"https:\/\/lubrimas.pe\/empresas\/wp-json\/wp\/v2\/comments?post=616"}],"wp:featuredmedia":[{"embeddable":true,"href":"https:\/\/lubrimas.pe\/empresas\/wp-json\/wp\/v2\/media\/1317"}],"wp:attachment":[{"href":"https:\/\/lubrimas.pe\/empresas\/wp-json\/wp\/v2\/media?parent=616"}],"wp:term":[{"taxonomy":"product_brand","embeddable":true,"href":"https:\/\/lubrimas.pe\/empresas\/wp-json\/wp\/v2\/product_brand?post=616"},{"taxonomy":"product_cat","embeddable":true,"href":"https:\/\/lubrimas.pe\/empresas\/wp-json\/wp\/v2\/product_cat?post=616"},{"taxonomy":"product_tag","embeddable":true,"href":"https:\/\/lubrimas.pe\/empresas\/wp-json\/wp\/v2\/product_tag?post=616"}],"curies":[{"name":"wp","href":"https:\/\/api.w.org\/{rel}","templated":true}]}}