{"id":620,"date":"2022-01-20T17:10:36","date_gmt":"2022-01-20T17:10:36","guid":{"rendered":"https:\/\/lubrimas.pe\/empresas\/?post_type=product&#038;p=620"},"modified":"2022-07-10T13:44:42","modified_gmt":"2022-07-10T18:44:42","slug":"mobil-mobilgear-serie-600-xp","status":"publish","type":"product","link":"https:\/\/lubrimas.pe\/empresas\/productos\/mobil-mobilgear-serie-600-xp\/","title":{"rendered":"MOBIL MOBILGEAR SERIE 600 XP"},"content":{"rendered":"","protected":false},"excerpt":{"rendered":"<p>Los Mobilgear Serie 600 XP son aceites para engranes de extra alto desempe\u00f1o que poseen sobresalientes caracter\u00edsticas de extrema presi\u00f3n y capacidad de carga, dise\u00f1ados para ser usados en todo tipo de transmisiones de engranes encerrados con sistemas de lubricaci\u00f3n de circulaci\u00f3n o chapoteo. La serie de aceites Mobilgear 600 XP est\u00e1 dise\u00f1ada para mantenerse a la vanguardia de las cambiantes necesidades de la tecnolog\u00eda de cajas de engranes. Las tendencias de dise\u00f1o de las cajas de engranes se est\u00e1n orientando hacia unidades m\u00e1s peque\u00f1as con similar manejo de potencia. Este aumento en la densidad de potencia presenta mayores demandas sobre los aceites para engranes. Los aceites de la serie Mobilgear 600 XP est\u00e1n formulados para enfrentar el esfuerzo brindando protecci\u00f3n extra para los engranes, cojinetes y sellos. Mobilgear Serie 600 XP est\u00e1 formulado para proteger contra el desgaste de los dientes del engrane en sus etapas m\u00e1s tempranas. El desgaste microsc\u00f3pico, llamado micropicadura (micropitting), puede causar da\u00f1os significativos en los dientes. Mobilgear Serie 600 XP excede los requerimientos de la industria en cuanto a protecci\u00f3n contra el desgaste de cojinetes. De hecho, Mobilgear Serie 600 XP brinda hasta 15 veces la protecci\u00f3n contra el desgaste al medirla contra la prueba est\u00e1ndar de la industria FAG FE 8. La equilibrada formulaci\u00f3n de Mobilgear Serie 600 XP es capaz de proporcionar m\u00e1xima protecci\u00f3n contra desgaste y corrosi\u00f3n mientras mantiene compatibilidad con los materiales de sellos m\u00e1s com\u00fanmente usados en cajas de engranes. Mobilgear Serie 600 XP ayuda a mantener la integridad de los sellos de las cajas de engranes lo cual previene las fugas de aceite y el ingreso de contaminaci\u00f3n. Al proteger los engranes, cojinetes y sellos, Mobilgear Serie 600 XP puede mejorar la confiabilidad de los equipos e incrementar la productividad. Los aceites de la serie Mobilgear 600 XP est\u00e1n recomendados para engranes encerrados de tipo recto, helicoidal y c\u00f3nico lubricados por circulaci\u00f3n o chapoteo, operando con temperaturas de aceite de hasta 100 oC. Son especialmente adecuados para conjuntos de engranes que trabajan bajo cargas pesadas o de impacto. Los aceites Mobilgear Serie 600 XP tambi\u00e9n se utilizan ampliamente en aplicaciones de engranes marinos. Tambi\u00e9n pueden ser utilizados en aplicaciones distintas a las de engranes, entre las que se incluyen cojinetes planos de alta carga y baja velocidad, as\u00ed como de contacto rodante.<\/p>\n","protected":false},"featured_media":829,"comment_status":"closed","ping_status":"closed","template":"","meta":[],"product_brand":[],"product_cat":[22],"product_tag":[],"class_list":{"0":"post-620","1":"product","2":"type-product","3":"status-publish","4":"has-post-thumbnail","6":"product_cat-engranajes-y-transmisiones","7":"pa_marca-mobil","8":"pa_presentacion-cilindro-55gl","10":"first","11":"instock","12":"shipping-taxable","13":"purchasable","14":"product-type-variable","15":"has-default-attributes"},"yoast_head":"<!-- This site is optimized with the Yoast SEO plugin v27.1.1 - https:\/\/yoast.com\/product\/yoast-seo-wordpress\/ -->\n<title>MOBIL MOBILGEAR SERIE 600 XP - Lubrim\u00e1s Empresas<\/title>\n<meta name=\"robots\" content=\"index, follow, max-snippet:-1, max-image-preview:large, max-video-preview:-1\" \/>\n<link rel=\"canonical\" href=\"https:\/\/lubrimas.pe\/empresas\/productos\/mobil-mobilgear-serie-600-xp\/\" \/>\n<meta property=\"og:locale\" content=\"es_ES\" \/>\n<meta property=\"og:type\" content=\"article\" \/>\n<meta property=\"og:title\" content=\"MOBIL MOBILGEAR SERIE 600 XP - Lubrim\u00e1s Empresas\" \/>\n<meta property=\"og:description\" content=\"Los Mobilgear Serie 600 XP son aceites para engranes de extra alto desempe\u00f1o que poseen sobresalientes caracter\u00edsticas de extrema presi\u00f3n y capacidad de carga, dise\u00f1ados para ser usados en todo tipo de transmisiones de engranes encerrados con sistemas de lubricaci\u00f3n de circulaci\u00f3n o chapoteo. La serie de aceites Mobilgear 600 XP est\u00e1 dise\u00f1ada para mantenerse a la vanguardia de las cambiantes necesidades de la tecnolog\u00eda de cajas de engranes. Las tendencias de dise\u00f1o de las cajas de engranes se est\u00e1n orientando hacia unidades m\u00e1s peque\u00f1as con similar manejo de potencia. Este aumento en la densidad de potencia presenta mayores demandas sobre los aceites para engranes. Los aceites de la serie Mobilgear 600 XP est\u00e1n formulados para enfrentar el esfuerzo brindando protecci\u00f3n extra para los engranes, cojinetes y sellos. Mobilgear Serie 600 XP est\u00e1 formulado para proteger contra el desgaste de los dientes del engrane en sus etapas m\u00e1s tempranas. El desgaste microsc\u00f3pico, llamado micropicadura (micropitting), puede causar da\u00f1os significativos en los dientes. Mobilgear Serie 600 XP excede los requerimientos de la industria en cuanto a protecci\u00f3n contra el desgaste de cojinetes. De hecho, Mobilgear Serie 600 XP brinda hasta 15 veces la protecci\u00f3n contra el desgaste al medirla contra la prueba est\u00e1ndar de la industria FAG FE 8. La equilibrada formulaci\u00f3n de Mobilgear Serie 600 XP es capaz de proporcionar m\u00e1xima protecci\u00f3n contra desgaste y corrosi\u00f3n mientras mantiene compatibilidad con los materiales de sellos m\u00e1s com\u00fanmente usados en cajas de engranes. Mobilgear Serie 600 XP ayuda a mantener la integridad de los sellos de las cajas de engranes lo cual previene las fugas de aceite y el ingreso de contaminaci\u00f3n. Al proteger los engranes, cojinetes y sellos, Mobilgear Serie 600 XP puede mejorar la confiabilidad de los equipos e incrementar la productividad. Los aceites de la serie Mobilgear 600 XP est\u00e1n recomendados para engranes encerrados de tipo recto, helicoidal y c\u00f3nico lubricados por circulaci\u00f3n o chapoteo, operando con temperaturas de aceite de hasta 100 oC. Son especialmente adecuados para conjuntos de engranes que trabajan bajo cargas pesadas o de impacto. Los aceites Mobilgear Serie 600 XP tambi\u00e9n se utilizan ampliamente en aplicaciones de engranes marinos. Tambi\u00e9n pueden ser utilizados en aplicaciones distintas a las de engranes, entre las que se incluyen cojinetes planos de alta carga y baja velocidad, as\u00ed como de contacto rodante.\" \/>\n<meta property=\"og:url\" content=\"https:\/\/lubrimas.pe\/empresas\/productos\/mobil-mobilgear-serie-600-xp\/\" \/>\n<meta property=\"og:site_name\" content=\"Lubrim\u00e1s Empresas\" \/>\n<meta property=\"article:publisher\" content=\"https:\/\/www.facebook.com\/lubrimasperu\" \/>\n<meta property=\"article:modified_time\" content=\"2022-07-10T18:44:42+00:00\" \/>\n<meta property=\"og:image\" content=\"https:\/\/lubrimas.pe\/empresas\/wp-content\/uploads\/sites\/2\/2022\/02\/lubrimasperu-aceite-mobil-cilindro-losolivos-lima-peru.webp\" \/>\n\t<meta property=\"og:image:width\" content=\"850\" \/>\n\t<meta property=\"og:image:height\" content=\"1000\" \/>\n\t<meta property=\"og:image:type\" content=\"image\/webp\" \/>\n<meta name=\"twitter:card\" content=\"summary_large_image\" \/>\n<script type=\"application\/ld+json\" class=\"yoast-schema-graph\">{\"@context\":\"https:\/\/schema.org\",\"@graph\":[{\"@type\":\"WebPage\",\"@id\":\"https:\/\/lubrimas.pe\/empresas\/productos\/mobil-mobilgear-serie-600-xp\/\",\"url\":\"https:\/\/lubrimas.pe\/empresas\/productos\/mobil-mobilgear-serie-600-xp\/\",\"name\":\"MOBIL MOBILGEAR SERIE 600 XP - Lubrim\u00e1s Empresas\",\"isPartOf\":{\"@id\":\"https:\/\/lubrimas.pe\/empresas\/#website\"},\"primaryImageOfPage\":{\"@id\":\"https:\/\/lubrimas.pe\/empresas\/productos\/mobil-mobilgear-serie-600-xp\/#primaryimage\"},\"image\":{\"@id\":\"https:\/\/lubrimas.pe\/empresas\/productos\/mobil-mobilgear-serie-600-xp\/#primaryimage\"},\"thumbnailUrl\":\"https:\/\/lubrimas.pe\/empresas\/wp-content\/uploads\/sites\/2\/2022\/02\/lubrimasperu-aceite-mobil-cilindro-losolivos-lima-peru.webp\",\"datePublished\":\"2022-01-20T17:10:36+00:00\",\"dateModified\":\"2022-07-10T18:44:42+00:00\",\"breadcrumb\":{\"@id\":\"https:\/\/lubrimas.pe\/empresas\/productos\/mobil-mobilgear-serie-600-xp\/#breadcrumb\"},\"inLanguage\":\"es\",\"potentialAction\":[{\"@type\":\"ReadAction\",\"target\":[\"https:\/\/lubrimas.pe\/empresas\/productos\/mobil-mobilgear-serie-600-xp\/\"]}]},{\"@type\":\"ImageObject\",\"inLanguage\":\"es\",\"@id\":\"https:\/\/lubrimas.pe\/empresas\/productos\/mobil-mobilgear-serie-600-xp\/#primaryimage\",\"url\":\"https:\/\/lubrimas.pe\/empresas\/wp-content\/uploads\/sites\/2\/2022\/02\/lubrimasperu-aceite-mobil-cilindro-losolivos-lima-peru.webp\",\"contentUrl\":\"https:\/\/lubrimas.pe\/empresas\/wp-content\/uploads\/sites\/2\/2022\/02\/lubrimasperu-aceite-mobil-cilindro-losolivos-lima-peru.webp\",\"width\":850,\"height\":1000},{\"@type\":\"BreadcrumbList\",\"@id\":\"https:\/\/lubrimas.pe\/empresas\/productos\/mobil-mobilgear-serie-600-xp\/#breadcrumb\",\"itemListElement\":[{\"@type\":\"ListItem\",\"position\":1,\"name\":\"Portada\",\"item\":\"https:\/\/lubrimas.pe\/empresas\/\"},{\"@type\":\"ListItem\",\"position\":2,\"name\":\"Lubricantes (Cat\u00e1logo)\",\"item\":\"https:\/\/lubrimas.pe\/empresas\/productos\/\"},{\"@type\":\"ListItem\",\"position\":3,\"name\":\"MOBIL MOBILGEAR SERIE 600 XP\"}]},{\"@type\":\"WebSite\",\"@id\":\"https:\/\/lubrimas.pe\/empresas\/#website\",\"url\":\"https:\/\/lubrimas.pe\/empresas\/\",\"name\":\"Lubrim\u00e1s Empresas\",\"description\":\"Distribuidor Autorizado de Lubricantes para el sector Automotor e Industrial\",\"publisher\":{\"@id\":\"https:\/\/lubrimas.pe\/empresas\/#organization\"},\"potentialAction\":[{\"@type\":\"SearchAction\",\"target\":{\"@type\":\"EntryPoint\",\"urlTemplate\":\"https:\/\/lubrimas.pe\/empresas\/?s={search_term_string}\"},\"query-input\":{\"@type\":\"PropertyValueSpecification\",\"valueRequired\":true,\"valueName\":\"search_term_string\"}}],\"inLanguage\":\"es\"},{\"@type\":\"Organization\",\"@id\":\"https:\/\/lubrimas.pe\/empresas\/#organization\",\"name\":\"Lubrimas.pe\",\"url\":\"https:\/\/lubrimas.pe\/empresas\/\",\"logo\":{\"@type\":\"ImageObject\",\"inLanguage\":\"es\",\"@id\":\"https:\/\/lubrimas.pe\/empresas\/#\/schema\/logo\/image\/\",\"url\":\"https:\/\/lubrimas.pe\/empresas\/wp-content\/uploads\/sites\/2\/2022\/03\/tarjeta-empresas.webp\",\"contentUrl\":\"https:\/\/lubrimas.pe\/empresas\/wp-content\/uploads\/sites\/2\/2022\/03\/tarjeta-empresas.webp\",\"width\":250,\"height\":250,\"caption\":\"Lubrimas.pe\"},\"image\":{\"@id\":\"https:\/\/lubrimas.pe\/empresas\/#\/schema\/logo\/image\/\"},\"sameAs\":[\"https:\/\/www.facebook.com\/lubrimasperu\",\"https:\/\/www.instagram.com\/lubrimas_pe\",\"https:\/\/www.youtube.com\/channel\/UCkp38n2qqb8SU60_v_gaKlg\"]}]}<\/script>\n<!-- \/ Yoast SEO plugin. -->","yoast_head_json":{"title":"MOBIL MOBILGEAR SERIE 600 XP - Lubrim\u00e1s Empresas","robots":{"index":"index","follow":"follow","max-snippet":"max-snippet:-1","max-image-preview":"max-image-preview:large","max-video-preview":"max-video-preview:-1"},"canonical":"https:\/\/lubrimas.pe\/empresas\/productos\/mobil-mobilgear-serie-600-xp\/","og_locale":"es_ES","og_type":"article","og_title":"MOBIL MOBILGEAR SERIE 600 XP - Lubrim\u00e1s Empresas","og_description":"Los Mobilgear Serie 600 XP son aceites para engranes de extra alto desempe\u00f1o que poseen sobresalientes caracter\u00edsticas de extrema presi\u00f3n y capacidad de carga, dise\u00f1ados para ser usados en todo tipo de transmisiones de engranes encerrados con sistemas de lubricaci\u00f3n de circulaci\u00f3n o chapoteo. La serie de aceites Mobilgear 600 XP est\u00e1 dise\u00f1ada para mantenerse a la vanguardia de las cambiantes necesidades de la tecnolog\u00eda de cajas de engranes. Las tendencias de dise\u00f1o de las cajas de engranes se est\u00e1n orientando hacia unidades m\u00e1s peque\u00f1as con similar manejo de potencia. Este aumento en la densidad de potencia presenta mayores demandas sobre los aceites para engranes. Los aceites de la serie Mobilgear 600 XP est\u00e1n formulados para enfrentar el esfuerzo brindando protecci\u00f3n extra para los engranes, cojinetes y sellos. Mobilgear Serie 600 XP est\u00e1 formulado para proteger contra el desgaste de los dientes del engrane en sus etapas m\u00e1s tempranas. El desgaste microsc\u00f3pico, llamado micropicadura (micropitting), puede causar da\u00f1os significativos en los dientes. Mobilgear Serie 600 XP excede los requerimientos de la industria en cuanto a protecci\u00f3n contra el desgaste de cojinetes. De hecho, Mobilgear Serie 600 XP brinda hasta 15 veces la protecci\u00f3n contra el desgaste al medirla contra la prueba est\u00e1ndar de la industria FAG FE 8. La equilibrada formulaci\u00f3n de Mobilgear Serie 600 XP es capaz de proporcionar m\u00e1xima protecci\u00f3n contra desgaste y corrosi\u00f3n mientras mantiene compatibilidad con los materiales de sellos m\u00e1s com\u00fanmente usados en cajas de engranes. Mobilgear Serie 600 XP ayuda a mantener la integridad de los sellos de las cajas de engranes lo cual previene las fugas de aceite y el ingreso de contaminaci\u00f3n. Al proteger los engranes, cojinetes y sellos, Mobilgear Serie 600 XP puede mejorar la confiabilidad de los equipos e incrementar la productividad. Los aceites de la serie Mobilgear 600 XP est\u00e1n recomendados para engranes encerrados de tipo recto, helicoidal y c\u00f3nico lubricados por circulaci\u00f3n o chapoteo, operando con temperaturas de aceite de hasta 100 oC. Son especialmente adecuados para conjuntos de engranes que trabajan bajo cargas pesadas o de impacto. Los aceites Mobilgear Serie 600 XP tambi\u00e9n se utilizan ampliamente en aplicaciones de engranes marinos. Tambi\u00e9n pueden ser utilizados en aplicaciones distintas a las de engranes, entre las que se incluyen cojinetes planos de alta carga y baja velocidad, as\u00ed como de contacto rodante.","og_url":"https:\/\/lubrimas.pe\/empresas\/productos\/mobil-mobilgear-serie-600-xp\/","og_site_name":"Lubrim\u00e1s Empresas","article_publisher":"https:\/\/www.facebook.com\/lubrimasperu","article_modified_time":"2022-07-10T18:44:42+00:00","og_image":[{"width":850,"height":1000,"url":"https:\/\/lubrimas.pe\/empresas\/wp-content\/uploads\/sites\/2\/2022\/02\/lubrimasperu-aceite-mobil-cilindro-losolivos-lima-peru.webp","type":"image\/webp"}],"twitter_card":"summary_large_image","schema":{"@context":"https:\/\/schema.org","@graph":[{"@type":"WebPage","@id":"https:\/\/lubrimas.pe\/empresas\/productos\/mobil-mobilgear-serie-600-xp\/","url":"https:\/\/lubrimas.pe\/empresas\/productos\/mobil-mobilgear-serie-600-xp\/","name":"MOBIL MOBILGEAR SERIE 600 XP - Lubrim\u00e1s Empresas","isPartOf":{"@id":"https:\/\/lubrimas.pe\/empresas\/#website"},"primaryImageOfPage":{"@id":"https:\/\/lubrimas.pe\/empresas\/productos\/mobil-mobilgear-serie-600-xp\/#primaryimage"},"image":{"@id":"https:\/\/lubrimas.pe\/empresas\/productos\/mobil-mobilgear-serie-600-xp\/#primaryimage"},"thumbnailUrl":"https:\/\/lubrimas.pe\/empresas\/wp-content\/uploads\/sites\/2\/2022\/02\/lubrimasperu-aceite-mobil-cilindro-losolivos-lima-peru.webp","datePublished":"2022-01-20T17:10:36+00:00","dateModified":"2022-07-10T18:44:42+00:00","breadcrumb":{"@id":"https:\/\/lubrimas.pe\/empresas\/productos\/mobil-mobilgear-serie-600-xp\/#breadcrumb"},"inLanguage":"es","potentialAction":[{"@type":"ReadAction","target":["https:\/\/lubrimas.pe\/empresas\/productos\/mobil-mobilgear-serie-600-xp\/"]}]},{"@type":"ImageObject","inLanguage":"es","@id":"https:\/\/lubrimas.pe\/empresas\/productos\/mobil-mobilgear-serie-600-xp\/#primaryimage","url":"https:\/\/lubrimas.pe\/empresas\/wp-content\/uploads\/sites\/2\/2022\/02\/lubrimasperu-aceite-mobil-cilindro-losolivos-lima-peru.webp","contentUrl":"https:\/\/lubrimas.pe\/empresas\/wp-content\/uploads\/sites\/2\/2022\/02\/lubrimasperu-aceite-mobil-cilindro-losolivos-lima-peru.webp","width":850,"height":1000},{"@type":"BreadcrumbList","@id":"https:\/\/lubrimas.pe\/empresas\/productos\/mobil-mobilgear-serie-600-xp\/#breadcrumb","itemListElement":[{"@type":"ListItem","position":1,"name":"Portada","item":"https:\/\/lubrimas.pe\/empresas\/"},{"@type":"ListItem","position":2,"name":"Lubricantes (Cat\u00e1logo)","item":"https:\/\/lubrimas.pe\/empresas\/productos\/"},{"@type":"ListItem","position":3,"name":"MOBIL MOBILGEAR SERIE 600 XP"}]},{"@type":"WebSite","@id":"https:\/\/lubrimas.pe\/empresas\/#website","url":"https:\/\/lubrimas.pe\/empresas\/","name":"Lubrim\u00e1s Empresas","description":"Distribuidor Autorizado de Lubricantes para el sector Automotor e Industrial","publisher":{"@id":"https:\/\/lubrimas.pe\/empresas\/#organization"},"potentialAction":[{"@type":"SearchAction","target":{"@type":"EntryPoint","urlTemplate":"https:\/\/lubrimas.pe\/empresas\/?s={search_term_string}"},"query-input":{"@type":"PropertyValueSpecification","valueRequired":true,"valueName":"search_term_string"}}],"inLanguage":"es"},{"@type":"Organization","@id":"https:\/\/lubrimas.pe\/empresas\/#organization","name":"Lubrimas.pe","url":"https:\/\/lubrimas.pe\/empresas\/","logo":{"@type":"ImageObject","inLanguage":"es","@id":"https:\/\/lubrimas.pe\/empresas\/#\/schema\/logo\/image\/","url":"https:\/\/lubrimas.pe\/empresas\/wp-content\/uploads\/sites\/2\/2022\/03\/tarjeta-empresas.webp","contentUrl":"https:\/\/lubrimas.pe\/empresas\/wp-content\/uploads\/sites\/2\/2022\/03\/tarjeta-empresas.webp","width":250,"height":250,"caption":"Lubrimas.pe"},"image":{"@id":"https:\/\/lubrimas.pe\/empresas\/#\/schema\/logo\/image\/"},"sameAs":["https:\/\/www.facebook.com\/lubrimasperu","https:\/\/www.instagram.com\/lubrimas_pe","https:\/\/www.youtube.com\/channel\/UCkp38n2qqb8SU60_v_gaKlg"]}]}},"_links":{"self":[{"href":"https:\/\/lubrimas.pe\/empresas\/wp-json\/wp\/v2\/product\/620","targetHints":{"allow":["GET"]}}],"collection":[{"href":"https:\/\/lubrimas.pe\/empresas\/wp-json\/wp\/v2\/product"}],"about":[{"href":"https:\/\/lubrimas.pe\/empresas\/wp-json\/wp\/v2\/types\/product"}],"replies":[{"embeddable":true,"href":"https:\/\/lubrimas.pe\/empresas\/wp-json\/wp\/v2\/comments?post=620"}],"wp:featuredmedia":[{"embeddable":true,"href":"https:\/\/lubrimas.pe\/empresas\/wp-json\/wp\/v2\/media\/829"}],"wp:attachment":[{"href":"https:\/\/lubrimas.pe\/empresas\/wp-json\/wp\/v2\/media?parent=620"}],"wp:term":[{"taxonomy":"product_brand","embeddable":true,"href":"https:\/\/lubrimas.pe\/empresas\/wp-json\/wp\/v2\/product_brand?post=620"},{"taxonomy":"product_cat","embeddable":true,"href":"https:\/\/lubrimas.pe\/empresas\/wp-json\/wp\/v2\/product_cat?post=620"},{"taxonomy":"product_tag","embeddable":true,"href":"https:\/\/lubrimas.pe\/empresas\/wp-json\/wp\/v2\/product_tag?post=620"}],"curies":[{"name":"wp","href":"https:\/\/api.w.org\/{rel}","templated":true}]}}