{"id":622,"date":"2022-01-20T17:10:37","date_gmt":"2022-01-20T17:10:37","guid":{"rendered":"https:\/\/lubrimas.pe\/empresas\/?post_type=product&#038;p=622"},"modified":"2022-08-04T13:21:02","modified_gmt":"2022-08-04T18:21:02","slug":"mobil-glygole-11-22-y-30","status":"publish","type":"product","link":"https:\/\/lubrimas.pe\/empresas\/productos\/mobil-glygole-11-22-y-30\/","title":{"rendered":"MOBIL GLYGOLE 11 22 Y 30"},"content":{"rendered":"","protected":false},"excerpt":{"rendered":"<p>Mobil GlygoyleTM Los aceites 11, 22 y 30 son lubricantes de alto rendimiento a base de polialquilenglicol (PAG) que proporcionan una excelente lubricaci\u00f3n en aplicaciones de engranajes, cojinetes y sistemas de circulaci\u00f3n a temperaturas extremas, en condiciones que superan ampliamente las capacidades de los aceites minerales. Son estables ante el corte y tienen una resistencia excepcional a la degradaci\u00f3n t\u00e9rmica, la oxidaci\u00f3n y la formaci\u00f3n de lodos y dep\u00f3sitos. Incorporan un paquete de aditivos patentados dise\u00f1ados para mejorar la protecci\u00f3n contra presiones extremas (EP)\/antidesgaste, la protecci\u00f3n contra la corrosi\u00f3n y la herrumbre y la resistencia a la espuma sin perjudicar los atributos intr\u00ednsecos de los aceites base de PAG. Los aceites Mobil Glygoyle 11,22, 30 cuentan con \u00edndices de viscosidad muy altos y, al no contener cera, tienen puntos de fluidez extremadamente bajos. Sus coeficientes de fricci\u00f3n y tracci\u00f3n (por ejemplo, en los contactos de engranajes o cojinetes no conformes) son inferiores a los de los aceites minerales. Estas excepcionales caracter\u00edsticas de lubricidad ayudan a conseguir temperaturas de funcionamiento m\u00e1s bajas en muchas aplicaciones. Los aceites Mobil Glygoyle 11, 22 y 30 han proporcionado un desempe\u00f1o sobresaliente en las aplicaciones industriales m\u00e1s severas durante m\u00e1s de 25 a\u00f1os. Su uso es recomendado por los principales fabricantes de calandras para pl\u00e1sticos, cojinetes de m\u00e1quinas de papel, compresores y engranajes, y son los productos preferidos para muchas aplicaciones de servicio severo.<\/p>\n","protected":false},"featured_media":1317,"comment_status":"closed","ping_status":"closed","template":"","meta":[],"product_brand":[],"product_cat":[22],"product_tag":[],"class_list":{"0":"post-622","1":"product","2":"type-product","3":"status-publish","4":"has-post-thumbnail","6":"product_cat-engranajes-y-transmisiones","7":"pa_marca-mobil","8":"pa_presentacion-cilindro-55gl","10":"first","11":"instock","12":"taxable","13":"shipping-taxable","14":"purchasable","15":"product-type-variable","16":"has-default-attributes"},"yoast_head":"<!-- This site is optimized with the Yoast SEO plugin v27.4 - https:\/\/yoast.com\/product\/yoast-seo-wordpress\/ -->\n<title>MOBIL GLYGOLE 11 22 Y 30 - Lubrim\u00e1s Empresas<\/title>\n<meta name=\"robots\" content=\"index, follow, max-snippet:-1, max-image-preview:large, max-video-preview:-1\" \/>\n<link rel=\"canonical\" href=\"https:\/\/lubrimas.pe\/empresas\/productos\/mobil-glygole-11-22-y-30\/\" \/>\n<meta property=\"og:locale\" content=\"es_ES\" \/>\n<meta property=\"og:type\" content=\"article\" \/>\n<meta property=\"og:title\" content=\"MOBIL GLYGOLE 11 22 Y 30 - Lubrim\u00e1s Empresas\" \/>\n<meta property=\"og:description\" content=\"Mobil GlygoyleTM Los aceites 11, 22 y 30 son lubricantes de alto rendimiento a base de polialquilenglicol (PAG) que proporcionan una excelente lubricaci\u00f3n en aplicaciones de engranajes, cojinetes y sistemas de circulaci\u00f3n a temperaturas extremas, en condiciones que superan ampliamente las capacidades de los aceites minerales. Son estables ante el corte y tienen una resistencia excepcional a la degradaci\u00f3n t\u00e9rmica, la oxidaci\u00f3n y la formaci\u00f3n de lodos y dep\u00f3sitos. Incorporan un paquete de aditivos patentados dise\u00f1ados para mejorar la protecci\u00f3n contra presiones extremas (EP)\/antidesgaste, la protecci\u00f3n contra la corrosi\u00f3n y la herrumbre y la resistencia a la espuma sin perjudicar los atributos intr\u00ednsecos de los aceites base de PAG. Los aceites Mobil Glygoyle 11,22, 30 cuentan con \u00edndices de viscosidad muy altos y, al no contener cera, tienen puntos de fluidez extremadamente bajos. Sus coeficientes de fricci\u00f3n y tracci\u00f3n (por ejemplo, en los contactos de engranajes o cojinetes no conformes) son inferiores a los de los aceites minerales. Estas excepcionales caracter\u00edsticas de lubricidad ayudan a conseguir temperaturas de funcionamiento m\u00e1s bajas en muchas aplicaciones. Los aceites Mobil Glygoyle 11, 22 y 30 han proporcionado un desempe\u00f1o sobresaliente en las aplicaciones industriales m\u00e1s severas durante m\u00e1s de 25 a\u00f1os. Su uso es recomendado por los principales fabricantes de calandras para pl\u00e1sticos, cojinetes de m\u00e1quinas de papel, compresores y engranajes, y son los productos preferidos para muchas aplicaciones de servicio severo.\" \/>\n<meta property=\"og:url\" content=\"https:\/\/lubrimas.pe\/empresas\/productos\/mobil-glygole-11-22-y-30\/\" \/>\n<meta property=\"og:site_name\" content=\"Lubrim\u00e1s Empresas\" \/>\n<meta property=\"article:publisher\" content=\"https:\/\/www.facebook.com\/lubrimasperu\" \/>\n<meta property=\"article:modified_time\" content=\"2022-08-04T18:21:02+00:00\" \/>\n<meta property=\"og:image\" content=\"https:\/\/lubrimas.pe\/empresas\/wp-content\/uploads\/sites\/2\/2022\/08\/lubrimasperu-lubrimaspe-empresas-cotizaciones-aceite-mobil-balde-cilindro-losolivos-lima-peru.webp\" \/>\n\t<meta property=\"og:image:width\" content=\"850\" \/>\n\t<meta property=\"og:image:height\" content=\"1000\" \/>\n\t<meta property=\"og:image:type\" content=\"image\/webp\" \/>\n<meta name=\"twitter:card\" content=\"summary_large_image\" \/>\n<script type=\"application\/ld+json\" class=\"yoast-schema-graph\">{\"@context\":\"https:\\\/\\\/schema.org\",\"@graph\":[{\"@type\":\"WebPage\",\"@id\":\"https:\\\/\\\/lubrimas.pe\\\/empresas\\\/productos\\\/mobil-glygole-11-22-y-30\\\/\",\"url\":\"https:\\\/\\\/lubrimas.pe\\\/empresas\\\/productos\\\/mobil-glygole-11-22-y-30\\\/\",\"name\":\"MOBIL GLYGOLE 11 22 Y 30 - Lubrim\u00e1s Empresas\",\"isPartOf\":{\"@id\":\"https:\\\/\\\/lubrimas.pe\\\/empresas\\\/#website\"},\"primaryImageOfPage\":{\"@id\":\"https:\\\/\\\/lubrimas.pe\\\/empresas\\\/productos\\\/mobil-glygole-11-22-y-30\\\/#primaryimage\"},\"image\":{\"@id\":\"https:\\\/\\\/lubrimas.pe\\\/empresas\\\/productos\\\/mobil-glygole-11-22-y-30\\\/#primaryimage\"},\"thumbnailUrl\":\"https:\\\/\\\/lubrimas.pe\\\/empresas\\\/wp-content\\\/uploads\\\/sites\\\/2\\\/2022\\\/08\\\/lubrimasperu-lubrimaspe-empresas-cotizaciones-aceite-mobil-balde-cilindro-losolivos-lima-peru.webp\",\"datePublished\":\"2022-01-20T17:10:37+00:00\",\"dateModified\":\"2022-08-04T18:21:02+00:00\",\"breadcrumb\":{\"@id\":\"https:\\\/\\\/lubrimas.pe\\\/empresas\\\/productos\\\/mobil-glygole-11-22-y-30\\\/#breadcrumb\"},\"inLanguage\":\"es\",\"potentialAction\":[{\"@type\":\"ReadAction\",\"target\":[\"https:\\\/\\\/lubrimas.pe\\\/empresas\\\/productos\\\/mobil-glygole-11-22-y-30\\\/\"]}]},{\"@type\":\"ImageObject\",\"inLanguage\":\"es\",\"@id\":\"https:\\\/\\\/lubrimas.pe\\\/empresas\\\/productos\\\/mobil-glygole-11-22-y-30\\\/#primaryimage\",\"url\":\"https:\\\/\\\/lubrimas.pe\\\/empresas\\\/wp-content\\\/uploads\\\/sites\\\/2\\\/2022\\\/08\\\/lubrimasperu-lubrimaspe-empresas-cotizaciones-aceite-mobil-balde-cilindro-losolivos-lima-peru.webp\",\"contentUrl\":\"https:\\\/\\\/lubrimas.pe\\\/empresas\\\/wp-content\\\/uploads\\\/sites\\\/2\\\/2022\\\/08\\\/lubrimasperu-lubrimaspe-empresas-cotizaciones-aceite-mobil-balde-cilindro-losolivos-lima-peru.webp\",\"width\":850,\"height\":1000},{\"@type\":\"BreadcrumbList\",\"@id\":\"https:\\\/\\\/lubrimas.pe\\\/empresas\\\/productos\\\/mobil-glygole-11-22-y-30\\\/#breadcrumb\",\"itemListElement\":[{\"@type\":\"ListItem\",\"position\":1,\"name\":\"Portada\",\"item\":\"https:\\\/\\\/lubrimas.pe\\\/empresas\\\/\"},{\"@type\":\"ListItem\",\"position\":2,\"name\":\"Lubricantes (Cat\u00e1logo)\",\"item\":\"https:\\\/\\\/lubrimas.pe\\\/empresas\\\/productos\\\/\"},{\"@type\":\"ListItem\",\"position\":3,\"name\":\"MOBIL GLYGOLE 11 22 Y 30\"}]},{\"@type\":\"WebSite\",\"@id\":\"https:\\\/\\\/lubrimas.pe\\\/empresas\\\/#website\",\"url\":\"https:\\\/\\\/lubrimas.pe\\\/empresas\\\/\",\"name\":\"Lubrim\u00e1s Empresas\",\"description\":\"Distribuidor Autorizado de Lubricantes para el sector Automotor e Industrial\",\"publisher\":{\"@id\":\"https:\\\/\\\/lubrimas.pe\\\/empresas\\\/#organization\"},\"potentialAction\":[{\"@type\":\"SearchAction\",\"target\":{\"@type\":\"EntryPoint\",\"urlTemplate\":\"https:\\\/\\\/lubrimas.pe\\\/empresas\\\/?s={search_term_string}\"},\"query-input\":{\"@type\":\"PropertyValueSpecification\",\"valueRequired\":true,\"valueName\":\"search_term_string\"}}],\"inLanguage\":\"es\"},{\"@type\":\"Organization\",\"@id\":\"https:\\\/\\\/lubrimas.pe\\\/empresas\\\/#organization\",\"name\":\"Lubrimas.pe\",\"url\":\"https:\\\/\\\/lubrimas.pe\\\/empresas\\\/\",\"logo\":{\"@type\":\"ImageObject\",\"inLanguage\":\"es\",\"@id\":\"https:\\\/\\\/lubrimas.pe\\\/empresas\\\/#\\\/schema\\\/logo\\\/image\\\/\",\"url\":\"https:\\\/\\\/lubrimas.pe\\\/empresas\\\/wp-content\\\/uploads\\\/sites\\\/2\\\/2022\\\/03\\\/tarjeta-empresas.webp\",\"contentUrl\":\"https:\\\/\\\/lubrimas.pe\\\/empresas\\\/wp-content\\\/uploads\\\/sites\\\/2\\\/2022\\\/03\\\/tarjeta-empresas.webp\",\"width\":250,\"height\":250,\"caption\":\"Lubrimas.pe\"},\"image\":{\"@id\":\"https:\\\/\\\/lubrimas.pe\\\/empresas\\\/#\\\/schema\\\/logo\\\/image\\\/\"},\"sameAs\":[\"https:\\\/\\\/www.facebook.com\\\/lubrimasperu\",\"https:\\\/\\\/www.instagram.com\\\/lubrimas_pe\",\"https:\\\/\\\/www.youtube.com\\\/channel\\\/UCkp38n2qqb8SU60_v_gaKlg\"]}]}<\/script>\n<!-- \/ Yoast SEO plugin. -->","yoast_head_json":{"title":"MOBIL GLYGOLE 11 22 Y 30 - Lubrim\u00e1s Empresas","robots":{"index":"index","follow":"follow","max-snippet":"max-snippet:-1","max-image-preview":"max-image-preview:large","max-video-preview":"max-video-preview:-1"},"canonical":"https:\/\/lubrimas.pe\/empresas\/productos\/mobil-glygole-11-22-y-30\/","og_locale":"es_ES","og_type":"article","og_title":"MOBIL GLYGOLE 11 22 Y 30 - Lubrim\u00e1s Empresas","og_description":"Mobil GlygoyleTM Los aceites 11, 22 y 30 son lubricantes de alto rendimiento a base de polialquilenglicol (PAG) que proporcionan una excelente lubricaci\u00f3n en aplicaciones de engranajes, cojinetes y sistemas de circulaci\u00f3n a temperaturas extremas, en condiciones que superan ampliamente las capacidades de los aceites minerales. Son estables ante el corte y tienen una resistencia excepcional a la degradaci\u00f3n t\u00e9rmica, la oxidaci\u00f3n y la formaci\u00f3n de lodos y dep\u00f3sitos. Incorporan un paquete de aditivos patentados dise\u00f1ados para mejorar la protecci\u00f3n contra presiones extremas (EP)\/antidesgaste, la protecci\u00f3n contra la corrosi\u00f3n y la herrumbre y la resistencia a la espuma sin perjudicar los atributos intr\u00ednsecos de los aceites base de PAG. Los aceites Mobil Glygoyle 11,22, 30 cuentan con \u00edndices de viscosidad muy altos y, al no contener cera, tienen puntos de fluidez extremadamente bajos. Sus coeficientes de fricci\u00f3n y tracci\u00f3n (por ejemplo, en los contactos de engranajes o cojinetes no conformes) son inferiores a los de los aceites minerales. Estas excepcionales caracter\u00edsticas de lubricidad ayudan a conseguir temperaturas de funcionamiento m\u00e1s bajas en muchas aplicaciones. Los aceites Mobil Glygoyle 11, 22 y 30 han proporcionado un desempe\u00f1o sobresaliente en las aplicaciones industriales m\u00e1s severas durante m\u00e1s de 25 a\u00f1os. Su uso es recomendado por los principales fabricantes de calandras para pl\u00e1sticos, cojinetes de m\u00e1quinas de papel, compresores y engranajes, y son los productos preferidos para muchas aplicaciones de servicio severo.","og_url":"https:\/\/lubrimas.pe\/empresas\/productos\/mobil-glygole-11-22-y-30\/","og_site_name":"Lubrim\u00e1s Empresas","article_publisher":"https:\/\/www.facebook.com\/lubrimasperu","article_modified_time":"2022-08-04T18:21:02+00:00","og_image":[{"width":850,"height":1000,"url":"https:\/\/lubrimas.pe\/empresas\/wp-content\/uploads\/sites\/2\/2022\/08\/lubrimasperu-lubrimaspe-empresas-cotizaciones-aceite-mobil-balde-cilindro-losolivos-lima-peru.webp","type":"image\/webp"}],"twitter_card":"summary_large_image","schema":{"@context":"https:\/\/schema.org","@graph":[{"@type":"WebPage","@id":"https:\/\/lubrimas.pe\/empresas\/productos\/mobil-glygole-11-22-y-30\/","url":"https:\/\/lubrimas.pe\/empresas\/productos\/mobil-glygole-11-22-y-30\/","name":"MOBIL GLYGOLE 11 22 Y 30 - Lubrim\u00e1s Empresas","isPartOf":{"@id":"https:\/\/lubrimas.pe\/empresas\/#website"},"primaryImageOfPage":{"@id":"https:\/\/lubrimas.pe\/empresas\/productos\/mobil-glygole-11-22-y-30\/#primaryimage"},"image":{"@id":"https:\/\/lubrimas.pe\/empresas\/productos\/mobil-glygole-11-22-y-30\/#primaryimage"},"thumbnailUrl":"https:\/\/lubrimas.pe\/empresas\/wp-content\/uploads\/sites\/2\/2022\/08\/lubrimasperu-lubrimaspe-empresas-cotizaciones-aceite-mobil-balde-cilindro-losolivos-lima-peru.webp","datePublished":"2022-01-20T17:10:37+00:00","dateModified":"2022-08-04T18:21:02+00:00","breadcrumb":{"@id":"https:\/\/lubrimas.pe\/empresas\/productos\/mobil-glygole-11-22-y-30\/#breadcrumb"},"inLanguage":"es","potentialAction":[{"@type":"ReadAction","target":["https:\/\/lubrimas.pe\/empresas\/productos\/mobil-glygole-11-22-y-30\/"]}]},{"@type":"ImageObject","inLanguage":"es","@id":"https:\/\/lubrimas.pe\/empresas\/productos\/mobil-glygole-11-22-y-30\/#primaryimage","url":"https:\/\/lubrimas.pe\/empresas\/wp-content\/uploads\/sites\/2\/2022\/08\/lubrimasperu-lubrimaspe-empresas-cotizaciones-aceite-mobil-balde-cilindro-losolivos-lima-peru.webp","contentUrl":"https:\/\/lubrimas.pe\/empresas\/wp-content\/uploads\/sites\/2\/2022\/08\/lubrimasperu-lubrimaspe-empresas-cotizaciones-aceite-mobil-balde-cilindro-losolivos-lima-peru.webp","width":850,"height":1000},{"@type":"BreadcrumbList","@id":"https:\/\/lubrimas.pe\/empresas\/productos\/mobil-glygole-11-22-y-30\/#breadcrumb","itemListElement":[{"@type":"ListItem","position":1,"name":"Portada","item":"https:\/\/lubrimas.pe\/empresas\/"},{"@type":"ListItem","position":2,"name":"Lubricantes (Cat\u00e1logo)","item":"https:\/\/lubrimas.pe\/empresas\/productos\/"},{"@type":"ListItem","position":3,"name":"MOBIL GLYGOLE 11 22 Y 30"}]},{"@type":"WebSite","@id":"https:\/\/lubrimas.pe\/empresas\/#website","url":"https:\/\/lubrimas.pe\/empresas\/","name":"Lubrim\u00e1s Empresas","description":"Distribuidor Autorizado de Lubricantes para el sector Automotor e Industrial","publisher":{"@id":"https:\/\/lubrimas.pe\/empresas\/#organization"},"potentialAction":[{"@type":"SearchAction","target":{"@type":"EntryPoint","urlTemplate":"https:\/\/lubrimas.pe\/empresas\/?s={search_term_string}"},"query-input":{"@type":"PropertyValueSpecification","valueRequired":true,"valueName":"search_term_string"}}],"inLanguage":"es"},{"@type":"Organization","@id":"https:\/\/lubrimas.pe\/empresas\/#organization","name":"Lubrimas.pe","url":"https:\/\/lubrimas.pe\/empresas\/","logo":{"@type":"ImageObject","inLanguage":"es","@id":"https:\/\/lubrimas.pe\/empresas\/#\/schema\/logo\/image\/","url":"https:\/\/lubrimas.pe\/empresas\/wp-content\/uploads\/sites\/2\/2022\/03\/tarjeta-empresas.webp","contentUrl":"https:\/\/lubrimas.pe\/empresas\/wp-content\/uploads\/sites\/2\/2022\/03\/tarjeta-empresas.webp","width":250,"height":250,"caption":"Lubrimas.pe"},"image":{"@id":"https:\/\/lubrimas.pe\/empresas\/#\/schema\/logo\/image\/"},"sameAs":["https:\/\/www.facebook.com\/lubrimasperu","https:\/\/www.instagram.com\/lubrimas_pe","https:\/\/www.youtube.com\/channel\/UCkp38n2qqb8SU60_v_gaKlg"]}]}},"_links":{"self":[{"href":"https:\/\/lubrimas.pe\/empresas\/wp-json\/wp\/v2\/product\/622","targetHints":{"allow":["GET"]}}],"collection":[{"href":"https:\/\/lubrimas.pe\/empresas\/wp-json\/wp\/v2\/product"}],"about":[{"href":"https:\/\/lubrimas.pe\/empresas\/wp-json\/wp\/v2\/types\/product"}],"replies":[{"embeddable":true,"href":"https:\/\/lubrimas.pe\/empresas\/wp-json\/wp\/v2\/comments?post=622"}],"wp:featuredmedia":[{"embeddable":true,"href":"https:\/\/lubrimas.pe\/empresas\/wp-json\/wp\/v2\/media\/1317"}],"wp:attachment":[{"href":"https:\/\/lubrimas.pe\/empresas\/wp-json\/wp\/v2\/media?parent=622"}],"wp:term":[{"taxonomy":"product_brand","embeddable":true,"href":"https:\/\/lubrimas.pe\/empresas\/wp-json\/wp\/v2\/product_brand?post=622"},{"taxonomy":"product_cat","embeddable":true,"href":"https:\/\/lubrimas.pe\/empresas\/wp-json\/wp\/v2\/product_cat?post=622"},{"taxonomy":"product_tag","embeddable":true,"href":"https:\/\/lubrimas.pe\/empresas\/wp-json\/wp\/v2\/product_tag?post=622"}],"curies":[{"name":"wp","href":"https:\/\/api.w.org\/{rel}","templated":true}]}}