{"id":624,"date":"2022-01-20T17:10:37","date_gmt":"2022-01-20T17:10:37","guid":{"rendered":"https:\/\/lubrimas.pe\/empresas\/?post_type=product&#038;p=624"},"modified":"2022-08-04T13:18:50","modified_gmt":"2022-08-04T18:18:50","slug":"mobil-glygole","status":"publish","type":"product","link":"https:\/\/lubrimas.pe\/empresas\/productos\/mobil-glygole\/","title":{"rendered":"MOBIL GLYGOLE"},"content":{"rendered":"","protected":false},"excerpt":{"rendered":"<p>Los Mobil GlygoyleTM Series son aceites de desempe\u00f1o superior para la lubricaci\u00f3n de cojinetes, dise\u00f1ados para proporcionar sobresalientes beneficios en t\u00e9rminos de eficiencia, larga vida \u00fatil del aceite y protecci\u00f3n de los equipos. Estos aceites lubricantes totalmente sint\u00e9ticos a base de polialquilen glicol fueron desarrollados para utilizarse bajo condiciones de operaci\u00f3n m\u00e1s all\u00e1 de las posibilidades de otros lubricantes sint\u00e9ticos y minerales. Sus bajos puntos de fluidez aseguran una excelente fluidez a bajas temperaturas. Los grados del ISO 150 al 1000 son lubricantes que cuentan con la certificaci\u00f3n NSF H1 y que adem\u00e1s cumplen con el T\u00edtulo 21 del C\u00f3digo Federal de Regulaciones (CFR) 178.3570 de la Administraci\u00f3n de Alimentos y F\u00e1rmacos de los EE.UU. para lubricantes con contacto incidental con alimentos. &#8211; Excepcional protecci\u00f3n contra la presi\u00f3n extrema y el desgaste de los componentes cr\u00edticos de los equipos &#8211; Un alto nivel de protecci\u00f3n contra la micropicadura localizada en los sistemas de engranajes sensitivos &#8211; Protecci\u00f3n contra la herrumbre y la corrosi\u00f3n en servicio &#8211; Resistencia contra la acumulaci\u00f3n de espuma &#8211; Excelente lubricidad inherente a este lubricante totalmente sint\u00e9tico &#8211; Bajo coeficiente de tracci\u00f3n que da como resultado una acrecentada eficiencia energ\u00e9tica y menores temperaturas de la masa de aceite y del sistema &#8211; Sobresaliente estabilidad t\u00e9rmica y oxidativa para reducir la formaci\u00f3n de lodos y dep\u00f3sitos<\/p>\n","protected":false},"featured_media":1317,"comment_status":"closed","ping_status":"closed","template":"","meta":[],"product_brand":[],"product_cat":[22],"product_tag":[],"class_list":{"0":"post-624","1":"product","2":"type-product","3":"status-publish","4":"has-post-thumbnail","6":"product_cat-engranajes-y-transmisiones","7":"pa_marca-mobil","8":"pa_presentacion-cilindro-55gl","10":"first","11":"instock","12":"taxable","13":"shipping-taxable","14":"purchasable","15":"product-type-variable","16":"has-default-attributes"},"yoast_head":"<!-- This site is optimized with the Yoast SEO plugin v27.4 - https:\/\/yoast.com\/product\/yoast-seo-wordpress\/ -->\n<title>MOBIL GLYGOLE - Lubrim\u00e1s Empresas<\/title>\n<meta name=\"robots\" content=\"index, follow, max-snippet:-1, max-image-preview:large, max-video-preview:-1\" \/>\n<link rel=\"canonical\" href=\"https:\/\/lubrimas.pe\/empresas\/productos\/mobil-glygole\/\" \/>\n<meta property=\"og:locale\" content=\"es_ES\" \/>\n<meta property=\"og:type\" content=\"article\" \/>\n<meta property=\"og:title\" content=\"MOBIL GLYGOLE - Lubrim\u00e1s Empresas\" \/>\n<meta property=\"og:description\" content=\"Los Mobil GlygoyleTM Series son aceites de desempe\u00f1o superior para la lubricaci\u00f3n de cojinetes, dise\u00f1ados para proporcionar sobresalientes beneficios en t\u00e9rminos de eficiencia, larga vida \u00fatil del aceite y protecci\u00f3n de los equipos. Estos aceites lubricantes totalmente sint\u00e9ticos a base de polialquilen glicol fueron desarrollados para utilizarse bajo condiciones de operaci\u00f3n m\u00e1s all\u00e1 de las posibilidades de otros lubricantes sint\u00e9ticos y minerales. Sus bajos puntos de fluidez aseguran una excelente fluidez a bajas temperaturas. Los grados del ISO 150 al 1000 son lubricantes que cuentan con la certificaci\u00f3n NSF H1 y que adem\u00e1s cumplen con el T\u00edtulo 21 del C\u00f3digo Federal de Regulaciones (CFR) 178.3570 de la Administraci\u00f3n de Alimentos y F\u00e1rmacos de los EE.UU. para lubricantes con contacto incidental con alimentos. - Excepcional protecci\u00f3n contra la presi\u00f3n extrema y el desgaste de los componentes cr\u00edticos de los equipos - Un alto nivel de protecci\u00f3n contra la micropicadura localizada en los sistemas de engranajes sensitivos - Protecci\u00f3n contra la herrumbre y la corrosi\u00f3n en servicio - Resistencia contra la acumulaci\u00f3n de espuma - Excelente lubricidad inherente a este lubricante totalmente sint\u00e9tico - Bajo coeficiente de tracci\u00f3n que da como resultado una acrecentada eficiencia energ\u00e9tica y menores temperaturas de la masa de aceite y del sistema - Sobresaliente estabilidad t\u00e9rmica y oxidativa para reducir la formaci\u00f3n de lodos y dep\u00f3sitos\" \/>\n<meta property=\"og:url\" content=\"https:\/\/lubrimas.pe\/empresas\/productos\/mobil-glygole\/\" \/>\n<meta property=\"og:site_name\" content=\"Lubrim\u00e1s Empresas\" \/>\n<meta property=\"article:publisher\" content=\"https:\/\/www.facebook.com\/lubrimasperu\" \/>\n<meta property=\"article:modified_time\" content=\"2022-08-04T18:18:50+00:00\" \/>\n<meta property=\"og:image\" content=\"https:\/\/lubrimas.pe\/empresas\/wp-content\/uploads\/sites\/2\/2022\/08\/lubrimasperu-lubrimaspe-empresas-cotizaciones-aceite-mobil-balde-cilindro-losolivos-lima-peru.webp\" \/>\n\t<meta property=\"og:image:width\" content=\"850\" \/>\n\t<meta property=\"og:image:height\" content=\"1000\" \/>\n\t<meta property=\"og:image:type\" content=\"image\/webp\" \/>\n<meta name=\"twitter:card\" content=\"summary_large_image\" \/>\n<script type=\"application\/ld+json\" class=\"yoast-schema-graph\">{\"@context\":\"https:\\\/\\\/schema.org\",\"@graph\":[{\"@type\":\"WebPage\",\"@id\":\"https:\\\/\\\/lubrimas.pe\\\/empresas\\\/productos\\\/mobil-glygole\\\/\",\"url\":\"https:\\\/\\\/lubrimas.pe\\\/empresas\\\/productos\\\/mobil-glygole\\\/\",\"name\":\"MOBIL GLYGOLE - Lubrim\u00e1s Empresas\",\"isPartOf\":{\"@id\":\"https:\\\/\\\/lubrimas.pe\\\/empresas\\\/#website\"},\"primaryImageOfPage\":{\"@id\":\"https:\\\/\\\/lubrimas.pe\\\/empresas\\\/productos\\\/mobil-glygole\\\/#primaryimage\"},\"image\":{\"@id\":\"https:\\\/\\\/lubrimas.pe\\\/empresas\\\/productos\\\/mobil-glygole\\\/#primaryimage\"},\"thumbnailUrl\":\"https:\\\/\\\/lubrimas.pe\\\/empresas\\\/wp-content\\\/uploads\\\/sites\\\/2\\\/2022\\\/08\\\/lubrimasperu-lubrimaspe-empresas-cotizaciones-aceite-mobil-balde-cilindro-losolivos-lima-peru.webp\",\"datePublished\":\"2022-01-20T17:10:37+00:00\",\"dateModified\":\"2022-08-04T18:18:50+00:00\",\"breadcrumb\":{\"@id\":\"https:\\\/\\\/lubrimas.pe\\\/empresas\\\/productos\\\/mobil-glygole\\\/#breadcrumb\"},\"inLanguage\":\"es\",\"potentialAction\":[{\"@type\":\"ReadAction\",\"target\":[\"https:\\\/\\\/lubrimas.pe\\\/empresas\\\/productos\\\/mobil-glygole\\\/\"]}]},{\"@type\":\"ImageObject\",\"inLanguage\":\"es\",\"@id\":\"https:\\\/\\\/lubrimas.pe\\\/empresas\\\/productos\\\/mobil-glygole\\\/#primaryimage\",\"url\":\"https:\\\/\\\/lubrimas.pe\\\/empresas\\\/wp-content\\\/uploads\\\/sites\\\/2\\\/2022\\\/08\\\/lubrimasperu-lubrimaspe-empresas-cotizaciones-aceite-mobil-balde-cilindro-losolivos-lima-peru.webp\",\"contentUrl\":\"https:\\\/\\\/lubrimas.pe\\\/empresas\\\/wp-content\\\/uploads\\\/sites\\\/2\\\/2022\\\/08\\\/lubrimasperu-lubrimaspe-empresas-cotizaciones-aceite-mobil-balde-cilindro-losolivos-lima-peru.webp\",\"width\":850,\"height\":1000},{\"@type\":\"BreadcrumbList\",\"@id\":\"https:\\\/\\\/lubrimas.pe\\\/empresas\\\/productos\\\/mobil-glygole\\\/#breadcrumb\",\"itemListElement\":[{\"@type\":\"ListItem\",\"position\":1,\"name\":\"Portada\",\"item\":\"https:\\\/\\\/lubrimas.pe\\\/empresas\\\/\"},{\"@type\":\"ListItem\",\"position\":2,\"name\":\"Lubricantes (Cat\u00e1logo)\",\"item\":\"https:\\\/\\\/lubrimas.pe\\\/empresas\\\/productos\\\/\"},{\"@type\":\"ListItem\",\"position\":3,\"name\":\"MOBIL GLYGOLE\"}]},{\"@type\":\"WebSite\",\"@id\":\"https:\\\/\\\/lubrimas.pe\\\/empresas\\\/#website\",\"url\":\"https:\\\/\\\/lubrimas.pe\\\/empresas\\\/\",\"name\":\"Lubrim\u00e1s Empresas\",\"description\":\"Distribuidor Autorizado de Lubricantes para el sector Automotor e Industrial\",\"publisher\":{\"@id\":\"https:\\\/\\\/lubrimas.pe\\\/empresas\\\/#organization\"},\"potentialAction\":[{\"@type\":\"SearchAction\",\"target\":{\"@type\":\"EntryPoint\",\"urlTemplate\":\"https:\\\/\\\/lubrimas.pe\\\/empresas\\\/?s={search_term_string}\"},\"query-input\":{\"@type\":\"PropertyValueSpecification\",\"valueRequired\":true,\"valueName\":\"search_term_string\"}}],\"inLanguage\":\"es\"},{\"@type\":\"Organization\",\"@id\":\"https:\\\/\\\/lubrimas.pe\\\/empresas\\\/#organization\",\"name\":\"Lubrimas.pe\",\"url\":\"https:\\\/\\\/lubrimas.pe\\\/empresas\\\/\",\"logo\":{\"@type\":\"ImageObject\",\"inLanguage\":\"es\",\"@id\":\"https:\\\/\\\/lubrimas.pe\\\/empresas\\\/#\\\/schema\\\/logo\\\/image\\\/\",\"url\":\"https:\\\/\\\/lubrimas.pe\\\/empresas\\\/wp-content\\\/uploads\\\/sites\\\/2\\\/2022\\\/03\\\/tarjeta-empresas.webp\",\"contentUrl\":\"https:\\\/\\\/lubrimas.pe\\\/empresas\\\/wp-content\\\/uploads\\\/sites\\\/2\\\/2022\\\/03\\\/tarjeta-empresas.webp\",\"width\":250,\"height\":250,\"caption\":\"Lubrimas.pe\"},\"image\":{\"@id\":\"https:\\\/\\\/lubrimas.pe\\\/empresas\\\/#\\\/schema\\\/logo\\\/image\\\/\"},\"sameAs\":[\"https:\\\/\\\/www.facebook.com\\\/lubrimasperu\",\"https:\\\/\\\/www.instagram.com\\\/lubrimas_pe\",\"https:\\\/\\\/www.youtube.com\\\/channel\\\/UCkp38n2qqb8SU60_v_gaKlg\"]}]}<\/script>\n<!-- \/ Yoast SEO plugin. -->","yoast_head_json":{"title":"MOBIL GLYGOLE - Lubrim\u00e1s Empresas","robots":{"index":"index","follow":"follow","max-snippet":"max-snippet:-1","max-image-preview":"max-image-preview:large","max-video-preview":"max-video-preview:-1"},"canonical":"https:\/\/lubrimas.pe\/empresas\/productos\/mobil-glygole\/","og_locale":"es_ES","og_type":"article","og_title":"MOBIL GLYGOLE - Lubrim\u00e1s Empresas","og_description":"Los Mobil GlygoyleTM Series son aceites de desempe\u00f1o superior para la lubricaci\u00f3n de cojinetes, dise\u00f1ados para proporcionar sobresalientes beneficios en t\u00e9rminos de eficiencia, larga vida \u00fatil del aceite y protecci\u00f3n de los equipos. Estos aceites lubricantes totalmente sint\u00e9ticos a base de polialquilen glicol fueron desarrollados para utilizarse bajo condiciones de operaci\u00f3n m\u00e1s all\u00e1 de las posibilidades de otros lubricantes sint\u00e9ticos y minerales. Sus bajos puntos de fluidez aseguran una excelente fluidez a bajas temperaturas. Los grados del ISO 150 al 1000 son lubricantes que cuentan con la certificaci\u00f3n NSF H1 y que adem\u00e1s cumplen con el T\u00edtulo 21 del C\u00f3digo Federal de Regulaciones (CFR) 178.3570 de la Administraci\u00f3n de Alimentos y F\u00e1rmacos de los EE.UU. para lubricantes con contacto incidental con alimentos. - Excepcional protecci\u00f3n contra la presi\u00f3n extrema y el desgaste de los componentes cr\u00edticos de los equipos - Un alto nivel de protecci\u00f3n contra la micropicadura localizada en los sistemas de engranajes sensitivos - Protecci\u00f3n contra la herrumbre y la corrosi\u00f3n en servicio - Resistencia contra la acumulaci\u00f3n de espuma - Excelente lubricidad inherente a este lubricante totalmente sint\u00e9tico - Bajo coeficiente de tracci\u00f3n que da como resultado una acrecentada eficiencia energ\u00e9tica y menores temperaturas de la masa de aceite y del sistema - Sobresaliente estabilidad t\u00e9rmica y oxidativa para reducir la formaci\u00f3n de lodos y dep\u00f3sitos","og_url":"https:\/\/lubrimas.pe\/empresas\/productos\/mobil-glygole\/","og_site_name":"Lubrim\u00e1s Empresas","article_publisher":"https:\/\/www.facebook.com\/lubrimasperu","article_modified_time":"2022-08-04T18:18:50+00:00","og_image":[{"width":850,"height":1000,"url":"https:\/\/lubrimas.pe\/empresas\/wp-content\/uploads\/sites\/2\/2022\/08\/lubrimasperu-lubrimaspe-empresas-cotizaciones-aceite-mobil-balde-cilindro-losolivos-lima-peru.webp","type":"image\/webp"}],"twitter_card":"summary_large_image","schema":{"@context":"https:\/\/schema.org","@graph":[{"@type":"WebPage","@id":"https:\/\/lubrimas.pe\/empresas\/productos\/mobil-glygole\/","url":"https:\/\/lubrimas.pe\/empresas\/productos\/mobil-glygole\/","name":"MOBIL GLYGOLE - Lubrim\u00e1s Empresas","isPartOf":{"@id":"https:\/\/lubrimas.pe\/empresas\/#website"},"primaryImageOfPage":{"@id":"https:\/\/lubrimas.pe\/empresas\/productos\/mobil-glygole\/#primaryimage"},"image":{"@id":"https:\/\/lubrimas.pe\/empresas\/productos\/mobil-glygole\/#primaryimage"},"thumbnailUrl":"https:\/\/lubrimas.pe\/empresas\/wp-content\/uploads\/sites\/2\/2022\/08\/lubrimasperu-lubrimaspe-empresas-cotizaciones-aceite-mobil-balde-cilindro-losolivos-lima-peru.webp","datePublished":"2022-01-20T17:10:37+00:00","dateModified":"2022-08-04T18:18:50+00:00","breadcrumb":{"@id":"https:\/\/lubrimas.pe\/empresas\/productos\/mobil-glygole\/#breadcrumb"},"inLanguage":"es","potentialAction":[{"@type":"ReadAction","target":["https:\/\/lubrimas.pe\/empresas\/productos\/mobil-glygole\/"]}]},{"@type":"ImageObject","inLanguage":"es","@id":"https:\/\/lubrimas.pe\/empresas\/productos\/mobil-glygole\/#primaryimage","url":"https:\/\/lubrimas.pe\/empresas\/wp-content\/uploads\/sites\/2\/2022\/08\/lubrimasperu-lubrimaspe-empresas-cotizaciones-aceite-mobil-balde-cilindro-losolivos-lima-peru.webp","contentUrl":"https:\/\/lubrimas.pe\/empresas\/wp-content\/uploads\/sites\/2\/2022\/08\/lubrimasperu-lubrimaspe-empresas-cotizaciones-aceite-mobil-balde-cilindro-losolivos-lima-peru.webp","width":850,"height":1000},{"@type":"BreadcrumbList","@id":"https:\/\/lubrimas.pe\/empresas\/productos\/mobil-glygole\/#breadcrumb","itemListElement":[{"@type":"ListItem","position":1,"name":"Portada","item":"https:\/\/lubrimas.pe\/empresas\/"},{"@type":"ListItem","position":2,"name":"Lubricantes (Cat\u00e1logo)","item":"https:\/\/lubrimas.pe\/empresas\/productos\/"},{"@type":"ListItem","position":3,"name":"MOBIL GLYGOLE"}]},{"@type":"WebSite","@id":"https:\/\/lubrimas.pe\/empresas\/#website","url":"https:\/\/lubrimas.pe\/empresas\/","name":"Lubrim\u00e1s Empresas","description":"Distribuidor Autorizado de Lubricantes para el sector Automotor e Industrial","publisher":{"@id":"https:\/\/lubrimas.pe\/empresas\/#organization"},"potentialAction":[{"@type":"SearchAction","target":{"@type":"EntryPoint","urlTemplate":"https:\/\/lubrimas.pe\/empresas\/?s={search_term_string}"},"query-input":{"@type":"PropertyValueSpecification","valueRequired":true,"valueName":"search_term_string"}}],"inLanguage":"es"},{"@type":"Organization","@id":"https:\/\/lubrimas.pe\/empresas\/#organization","name":"Lubrimas.pe","url":"https:\/\/lubrimas.pe\/empresas\/","logo":{"@type":"ImageObject","inLanguage":"es","@id":"https:\/\/lubrimas.pe\/empresas\/#\/schema\/logo\/image\/","url":"https:\/\/lubrimas.pe\/empresas\/wp-content\/uploads\/sites\/2\/2022\/03\/tarjeta-empresas.webp","contentUrl":"https:\/\/lubrimas.pe\/empresas\/wp-content\/uploads\/sites\/2\/2022\/03\/tarjeta-empresas.webp","width":250,"height":250,"caption":"Lubrimas.pe"},"image":{"@id":"https:\/\/lubrimas.pe\/empresas\/#\/schema\/logo\/image\/"},"sameAs":["https:\/\/www.facebook.com\/lubrimasperu","https:\/\/www.instagram.com\/lubrimas_pe","https:\/\/www.youtube.com\/channel\/UCkp38n2qqb8SU60_v_gaKlg"]}]}},"_links":{"self":[{"href":"https:\/\/lubrimas.pe\/empresas\/wp-json\/wp\/v2\/product\/624","targetHints":{"allow":["GET"]}}],"collection":[{"href":"https:\/\/lubrimas.pe\/empresas\/wp-json\/wp\/v2\/product"}],"about":[{"href":"https:\/\/lubrimas.pe\/empresas\/wp-json\/wp\/v2\/types\/product"}],"replies":[{"embeddable":true,"href":"https:\/\/lubrimas.pe\/empresas\/wp-json\/wp\/v2\/comments?post=624"}],"wp:featuredmedia":[{"embeddable":true,"href":"https:\/\/lubrimas.pe\/empresas\/wp-json\/wp\/v2\/media\/1317"}],"wp:attachment":[{"href":"https:\/\/lubrimas.pe\/empresas\/wp-json\/wp\/v2\/media?parent=624"}],"wp:term":[{"taxonomy":"product_brand","embeddable":true,"href":"https:\/\/lubrimas.pe\/empresas\/wp-json\/wp\/v2\/product_brand?post=624"},{"taxonomy":"product_cat","embeddable":true,"href":"https:\/\/lubrimas.pe\/empresas\/wp-json\/wp\/v2\/product_cat?post=624"},{"taxonomy":"product_tag","embeddable":true,"href":"https:\/\/lubrimas.pe\/empresas\/wp-json\/wp\/v2\/product_tag?post=624"}],"curies":[{"name":"wp","href":"https:\/\/api.w.org\/{rel}","templated":true}]}}