{"id":626,"date":"2022-01-20T17:10:44","date_gmt":"2022-01-20T17:10:44","guid":{"rendered":"https:\/\/lubrimas.pe\/empresas\/?post_type=product&#038;p=626"},"modified":"2022-08-04T13:20:42","modified_gmt":"2022-08-04T18:20:42","slug":"mobil-cylinder-oils-series","status":"publish","type":"product","link":"https:\/\/lubrimas.pe\/empresas\/productos\/mobil-cylinder-oils-series\/","title":{"rendered":"MOBIL CYLINDER OILS SERIES"},"content":{"rendered":"","protected":false},"excerpt":{"rendered":"<p>Mobil Cylinder Oils son aceites de alta viscosidad y alto desempe\u00f1o dise\u00f1ados para utilizarse en engranajes cerrados tipo sin fin que operan a velocidades y temperaturas moderadas a altas, y donde las altas cargas, bajas velocidades o altas temperaturas exigen aceites de alta viscosidad. Tambi\u00e9n son recomendados para utilizarse en las aplicaciones de cilindros de motores de vapor. Est\u00e1n formulados a partir de materiales base de alta calidad que son resistentes a la oxidaci\u00f3n y a la degradaci\u00f3n t\u00e9rmica, y a la acumulaci\u00f3n de dep\u00f3sitos da\u00f1inos causados por las altas temperaturas de funcionamiento de los cilindros de vapor. Brindan protecci\u00f3n contra la herrumbre y la corrosi\u00f3n y proporcionan buena resistencia de pel\u00edcula y excelente lubricidad, adem\u00e1s de ser resistentes al lavado por agua. A los aceites Mobil 600W\u2122Cylinder Oil, Mobil 600W\u2122 Super Cylinder Oil y Mobil\u2122 Extra Hecla Super Cylinder Oil se les ha agregado aditivos para mejorar sus propiedades de fricci\u00f3n y de capacidad a carga. Todos los cuatro miembros de esta familia de productos son ampliamente utilizados en aplicaciones de engranajes de tornillo sinf\u00edn, acoplamientos y cojinetes, con los grados de viscosidad utilizados dependiendo de las condiciones de operaci\u00f3n. En aplicaciones de vapor, el aceite Mobil 600W Super Cylinder Oil es recomendado para vapor saturado y supercalentado hasta temperaturas de 260 \u00b0C. Los aceites Mobil Extra Hecla Super Cylinder Oil y Mobil Extra Hecla Super Cylinder Oil Mineral pueden ser utilizados con vapor supercalentado a temperaturas por encima de 260 \u00b0C. El aceite Mobil Extra Hecla Super Cylinder Oil Mineral tiene una buena demulsibilidad. Los aceites pueden aplicarse tanto mediante copas de alimentaci\u00f3n de goteo como con dispositivos de lubricaci\u00f3n mec\u00e1nica de alimentaci\u00f3n forzada.<\/p>\n","protected":false},"featured_media":1317,"comment_status":"closed","ping_status":"closed","template":"","meta":[],"product_brand":[],"product_cat":[22],"product_tag":[],"class_list":{"0":"post-626","1":"product","2":"type-product","3":"status-publish","4":"has-post-thumbnail","6":"product_cat-engranajes-y-transmisiones","7":"pa_marca-mobil","8":"pa_presentacion-cilindro-55gl","10":"first","11":"instock","12":"taxable","13":"shipping-taxable","14":"purchasable","15":"product-type-variable","16":"has-default-attributes"},"yoast_head":"<!-- This site is optimized with the Yoast SEO plugin v27.4 - https:\/\/yoast.com\/product\/yoast-seo-wordpress\/ -->\n<title>MOBIL CYLINDER OILS SERIES - Lubrim\u00e1s Empresas<\/title>\n<meta name=\"robots\" content=\"index, follow, max-snippet:-1, max-image-preview:large, max-video-preview:-1\" \/>\n<link rel=\"canonical\" href=\"https:\/\/lubrimas.pe\/empresas\/productos\/mobil-cylinder-oils-series\/\" \/>\n<meta property=\"og:locale\" content=\"es_ES\" \/>\n<meta property=\"og:type\" content=\"article\" \/>\n<meta property=\"og:title\" content=\"MOBIL CYLINDER OILS SERIES - Lubrim\u00e1s Empresas\" \/>\n<meta property=\"og:description\" content=\"Mobil Cylinder Oils son aceites de alta viscosidad y alto desempe\u00f1o dise\u00f1ados para utilizarse en engranajes cerrados tipo sin fin que operan a velocidades y temperaturas moderadas a altas, y donde las altas cargas, bajas velocidades o altas temperaturas exigen aceites de alta viscosidad. Tambi\u00e9n son recomendados para utilizarse en las aplicaciones de cilindros de motores de vapor. Est\u00e1n formulados a partir de materiales base de alta calidad que son resistentes a la oxidaci\u00f3n y a la degradaci\u00f3n t\u00e9rmica, y a la acumulaci\u00f3n de dep\u00f3sitos da\u00f1inos causados por las altas temperaturas de funcionamiento de los cilindros de vapor. Brindan protecci\u00f3n contra la herrumbre y la corrosi\u00f3n y proporcionan buena resistencia de pel\u00edcula y excelente lubricidad, adem\u00e1s de ser resistentes al lavado por agua. A los aceites Mobil 600W\u2122Cylinder Oil, Mobil 600W\u2122 Super Cylinder Oil y Mobil\u2122 Extra Hecla Super Cylinder Oil se les ha agregado aditivos para mejorar sus propiedades de fricci\u00f3n y de capacidad a carga. Todos los cuatro miembros de esta familia de productos son ampliamente utilizados en aplicaciones de engranajes de tornillo sinf\u00edn, acoplamientos y cojinetes, con los grados de viscosidad utilizados dependiendo de las condiciones de operaci\u00f3n. En aplicaciones de vapor, el aceite Mobil 600W Super Cylinder Oil es recomendado para vapor saturado y supercalentado hasta temperaturas de 260 \u00b0C. Los aceites Mobil Extra Hecla Super Cylinder Oil y Mobil Extra Hecla Super Cylinder Oil Mineral pueden ser utilizados con vapor supercalentado a temperaturas por encima de 260 \u00b0C. El aceite Mobil Extra Hecla Super Cylinder Oil Mineral tiene una buena demulsibilidad. Los aceites pueden aplicarse tanto mediante copas de alimentaci\u00f3n de goteo como con dispositivos de lubricaci\u00f3n mec\u00e1nica de alimentaci\u00f3n forzada.\" \/>\n<meta property=\"og:url\" content=\"https:\/\/lubrimas.pe\/empresas\/productos\/mobil-cylinder-oils-series\/\" \/>\n<meta property=\"og:site_name\" content=\"Lubrim\u00e1s Empresas\" \/>\n<meta property=\"article:publisher\" content=\"https:\/\/www.facebook.com\/lubrimasperu\" \/>\n<meta property=\"article:modified_time\" content=\"2022-08-04T18:20:42+00:00\" \/>\n<meta property=\"og:image\" content=\"https:\/\/lubrimas.pe\/empresas\/wp-content\/uploads\/sites\/2\/2022\/08\/lubrimasperu-lubrimaspe-empresas-cotizaciones-aceite-mobil-balde-cilindro-losolivos-lima-peru.webp\" \/>\n\t<meta property=\"og:image:width\" content=\"850\" \/>\n\t<meta property=\"og:image:height\" content=\"1000\" \/>\n\t<meta property=\"og:image:type\" content=\"image\/webp\" \/>\n<meta name=\"twitter:card\" content=\"summary_large_image\" \/>\n<script type=\"application\/ld+json\" class=\"yoast-schema-graph\">{\"@context\":\"https:\\\/\\\/schema.org\",\"@graph\":[{\"@type\":\"WebPage\",\"@id\":\"https:\\\/\\\/lubrimas.pe\\\/empresas\\\/productos\\\/mobil-cylinder-oils-series\\\/\",\"url\":\"https:\\\/\\\/lubrimas.pe\\\/empresas\\\/productos\\\/mobil-cylinder-oils-series\\\/\",\"name\":\"MOBIL CYLINDER OILS SERIES - Lubrim\u00e1s Empresas\",\"isPartOf\":{\"@id\":\"https:\\\/\\\/lubrimas.pe\\\/empresas\\\/#website\"},\"primaryImageOfPage\":{\"@id\":\"https:\\\/\\\/lubrimas.pe\\\/empresas\\\/productos\\\/mobil-cylinder-oils-series\\\/#primaryimage\"},\"image\":{\"@id\":\"https:\\\/\\\/lubrimas.pe\\\/empresas\\\/productos\\\/mobil-cylinder-oils-series\\\/#primaryimage\"},\"thumbnailUrl\":\"https:\\\/\\\/lubrimas.pe\\\/empresas\\\/wp-content\\\/uploads\\\/sites\\\/2\\\/2022\\\/08\\\/lubrimasperu-lubrimaspe-empresas-cotizaciones-aceite-mobil-balde-cilindro-losolivos-lima-peru.webp\",\"datePublished\":\"2022-01-20T17:10:44+00:00\",\"dateModified\":\"2022-08-04T18:20:42+00:00\",\"breadcrumb\":{\"@id\":\"https:\\\/\\\/lubrimas.pe\\\/empresas\\\/productos\\\/mobil-cylinder-oils-series\\\/#breadcrumb\"},\"inLanguage\":\"es\",\"potentialAction\":[{\"@type\":\"ReadAction\",\"target\":[\"https:\\\/\\\/lubrimas.pe\\\/empresas\\\/productos\\\/mobil-cylinder-oils-series\\\/\"]}]},{\"@type\":\"ImageObject\",\"inLanguage\":\"es\",\"@id\":\"https:\\\/\\\/lubrimas.pe\\\/empresas\\\/productos\\\/mobil-cylinder-oils-series\\\/#primaryimage\",\"url\":\"https:\\\/\\\/lubrimas.pe\\\/empresas\\\/wp-content\\\/uploads\\\/sites\\\/2\\\/2022\\\/08\\\/lubrimasperu-lubrimaspe-empresas-cotizaciones-aceite-mobil-balde-cilindro-losolivos-lima-peru.webp\",\"contentUrl\":\"https:\\\/\\\/lubrimas.pe\\\/empresas\\\/wp-content\\\/uploads\\\/sites\\\/2\\\/2022\\\/08\\\/lubrimasperu-lubrimaspe-empresas-cotizaciones-aceite-mobil-balde-cilindro-losolivos-lima-peru.webp\",\"width\":850,\"height\":1000},{\"@type\":\"BreadcrumbList\",\"@id\":\"https:\\\/\\\/lubrimas.pe\\\/empresas\\\/productos\\\/mobil-cylinder-oils-series\\\/#breadcrumb\",\"itemListElement\":[{\"@type\":\"ListItem\",\"position\":1,\"name\":\"Portada\",\"item\":\"https:\\\/\\\/lubrimas.pe\\\/empresas\\\/\"},{\"@type\":\"ListItem\",\"position\":2,\"name\":\"Lubricantes (Cat\u00e1logo)\",\"item\":\"https:\\\/\\\/lubrimas.pe\\\/empresas\\\/productos\\\/\"},{\"@type\":\"ListItem\",\"position\":3,\"name\":\"MOBIL CYLINDER OILS SERIES\"}]},{\"@type\":\"WebSite\",\"@id\":\"https:\\\/\\\/lubrimas.pe\\\/empresas\\\/#website\",\"url\":\"https:\\\/\\\/lubrimas.pe\\\/empresas\\\/\",\"name\":\"Lubrim\u00e1s Empresas\",\"description\":\"Distribuidor Autorizado de Lubricantes para el sector Automotor e Industrial\",\"publisher\":{\"@id\":\"https:\\\/\\\/lubrimas.pe\\\/empresas\\\/#organization\"},\"potentialAction\":[{\"@type\":\"SearchAction\",\"target\":{\"@type\":\"EntryPoint\",\"urlTemplate\":\"https:\\\/\\\/lubrimas.pe\\\/empresas\\\/?s={search_term_string}\"},\"query-input\":{\"@type\":\"PropertyValueSpecification\",\"valueRequired\":true,\"valueName\":\"search_term_string\"}}],\"inLanguage\":\"es\"},{\"@type\":\"Organization\",\"@id\":\"https:\\\/\\\/lubrimas.pe\\\/empresas\\\/#organization\",\"name\":\"Lubrimas.pe\",\"url\":\"https:\\\/\\\/lubrimas.pe\\\/empresas\\\/\",\"logo\":{\"@type\":\"ImageObject\",\"inLanguage\":\"es\",\"@id\":\"https:\\\/\\\/lubrimas.pe\\\/empresas\\\/#\\\/schema\\\/logo\\\/image\\\/\",\"url\":\"https:\\\/\\\/lubrimas.pe\\\/empresas\\\/wp-content\\\/uploads\\\/sites\\\/2\\\/2022\\\/03\\\/tarjeta-empresas.webp\",\"contentUrl\":\"https:\\\/\\\/lubrimas.pe\\\/empresas\\\/wp-content\\\/uploads\\\/sites\\\/2\\\/2022\\\/03\\\/tarjeta-empresas.webp\",\"width\":250,\"height\":250,\"caption\":\"Lubrimas.pe\"},\"image\":{\"@id\":\"https:\\\/\\\/lubrimas.pe\\\/empresas\\\/#\\\/schema\\\/logo\\\/image\\\/\"},\"sameAs\":[\"https:\\\/\\\/www.facebook.com\\\/lubrimasperu\",\"https:\\\/\\\/www.instagram.com\\\/lubrimas_pe\",\"https:\\\/\\\/www.youtube.com\\\/channel\\\/UCkp38n2qqb8SU60_v_gaKlg\"]}]}<\/script>\n<!-- \/ Yoast SEO plugin. -->","yoast_head_json":{"title":"MOBIL CYLINDER OILS SERIES - Lubrim\u00e1s Empresas","robots":{"index":"index","follow":"follow","max-snippet":"max-snippet:-1","max-image-preview":"max-image-preview:large","max-video-preview":"max-video-preview:-1"},"canonical":"https:\/\/lubrimas.pe\/empresas\/productos\/mobil-cylinder-oils-series\/","og_locale":"es_ES","og_type":"article","og_title":"MOBIL CYLINDER OILS SERIES - Lubrim\u00e1s Empresas","og_description":"Mobil Cylinder Oils son aceites de alta viscosidad y alto desempe\u00f1o dise\u00f1ados para utilizarse en engranajes cerrados tipo sin fin que operan a velocidades y temperaturas moderadas a altas, y donde las altas cargas, bajas velocidades o altas temperaturas exigen aceites de alta viscosidad. Tambi\u00e9n son recomendados para utilizarse en las aplicaciones de cilindros de motores de vapor. Est\u00e1n formulados a partir de materiales base de alta calidad que son resistentes a la oxidaci\u00f3n y a la degradaci\u00f3n t\u00e9rmica, y a la acumulaci\u00f3n de dep\u00f3sitos da\u00f1inos causados por las altas temperaturas de funcionamiento de los cilindros de vapor. Brindan protecci\u00f3n contra la herrumbre y la corrosi\u00f3n y proporcionan buena resistencia de pel\u00edcula y excelente lubricidad, adem\u00e1s de ser resistentes al lavado por agua. A los aceites Mobil 600W\u2122Cylinder Oil, Mobil 600W\u2122 Super Cylinder Oil y Mobil\u2122 Extra Hecla Super Cylinder Oil se les ha agregado aditivos para mejorar sus propiedades de fricci\u00f3n y de capacidad a carga. Todos los cuatro miembros de esta familia de productos son ampliamente utilizados en aplicaciones de engranajes de tornillo sinf\u00edn, acoplamientos y cojinetes, con los grados de viscosidad utilizados dependiendo de las condiciones de operaci\u00f3n. En aplicaciones de vapor, el aceite Mobil 600W Super Cylinder Oil es recomendado para vapor saturado y supercalentado hasta temperaturas de 260 \u00b0C. Los aceites Mobil Extra Hecla Super Cylinder Oil y Mobil Extra Hecla Super Cylinder Oil Mineral pueden ser utilizados con vapor supercalentado a temperaturas por encima de 260 \u00b0C. El aceite Mobil Extra Hecla Super Cylinder Oil Mineral tiene una buena demulsibilidad. Los aceites pueden aplicarse tanto mediante copas de alimentaci\u00f3n de goteo como con dispositivos de lubricaci\u00f3n mec\u00e1nica de alimentaci\u00f3n forzada.","og_url":"https:\/\/lubrimas.pe\/empresas\/productos\/mobil-cylinder-oils-series\/","og_site_name":"Lubrim\u00e1s Empresas","article_publisher":"https:\/\/www.facebook.com\/lubrimasperu","article_modified_time":"2022-08-04T18:20:42+00:00","og_image":[{"width":850,"height":1000,"url":"https:\/\/lubrimas.pe\/empresas\/wp-content\/uploads\/sites\/2\/2022\/08\/lubrimasperu-lubrimaspe-empresas-cotizaciones-aceite-mobil-balde-cilindro-losolivos-lima-peru.webp","type":"image\/webp"}],"twitter_card":"summary_large_image","schema":{"@context":"https:\/\/schema.org","@graph":[{"@type":"WebPage","@id":"https:\/\/lubrimas.pe\/empresas\/productos\/mobil-cylinder-oils-series\/","url":"https:\/\/lubrimas.pe\/empresas\/productos\/mobil-cylinder-oils-series\/","name":"MOBIL CYLINDER OILS SERIES - Lubrim\u00e1s Empresas","isPartOf":{"@id":"https:\/\/lubrimas.pe\/empresas\/#website"},"primaryImageOfPage":{"@id":"https:\/\/lubrimas.pe\/empresas\/productos\/mobil-cylinder-oils-series\/#primaryimage"},"image":{"@id":"https:\/\/lubrimas.pe\/empresas\/productos\/mobil-cylinder-oils-series\/#primaryimage"},"thumbnailUrl":"https:\/\/lubrimas.pe\/empresas\/wp-content\/uploads\/sites\/2\/2022\/08\/lubrimasperu-lubrimaspe-empresas-cotizaciones-aceite-mobil-balde-cilindro-losolivos-lima-peru.webp","datePublished":"2022-01-20T17:10:44+00:00","dateModified":"2022-08-04T18:20:42+00:00","breadcrumb":{"@id":"https:\/\/lubrimas.pe\/empresas\/productos\/mobil-cylinder-oils-series\/#breadcrumb"},"inLanguage":"es","potentialAction":[{"@type":"ReadAction","target":["https:\/\/lubrimas.pe\/empresas\/productos\/mobil-cylinder-oils-series\/"]}]},{"@type":"ImageObject","inLanguage":"es","@id":"https:\/\/lubrimas.pe\/empresas\/productos\/mobil-cylinder-oils-series\/#primaryimage","url":"https:\/\/lubrimas.pe\/empresas\/wp-content\/uploads\/sites\/2\/2022\/08\/lubrimasperu-lubrimaspe-empresas-cotizaciones-aceite-mobil-balde-cilindro-losolivos-lima-peru.webp","contentUrl":"https:\/\/lubrimas.pe\/empresas\/wp-content\/uploads\/sites\/2\/2022\/08\/lubrimasperu-lubrimaspe-empresas-cotizaciones-aceite-mobil-balde-cilindro-losolivos-lima-peru.webp","width":850,"height":1000},{"@type":"BreadcrumbList","@id":"https:\/\/lubrimas.pe\/empresas\/productos\/mobil-cylinder-oils-series\/#breadcrumb","itemListElement":[{"@type":"ListItem","position":1,"name":"Portada","item":"https:\/\/lubrimas.pe\/empresas\/"},{"@type":"ListItem","position":2,"name":"Lubricantes (Cat\u00e1logo)","item":"https:\/\/lubrimas.pe\/empresas\/productos\/"},{"@type":"ListItem","position":3,"name":"MOBIL CYLINDER OILS SERIES"}]},{"@type":"WebSite","@id":"https:\/\/lubrimas.pe\/empresas\/#website","url":"https:\/\/lubrimas.pe\/empresas\/","name":"Lubrim\u00e1s Empresas","description":"Distribuidor Autorizado de Lubricantes para el sector Automotor e Industrial","publisher":{"@id":"https:\/\/lubrimas.pe\/empresas\/#organization"},"potentialAction":[{"@type":"SearchAction","target":{"@type":"EntryPoint","urlTemplate":"https:\/\/lubrimas.pe\/empresas\/?s={search_term_string}"},"query-input":{"@type":"PropertyValueSpecification","valueRequired":true,"valueName":"search_term_string"}}],"inLanguage":"es"},{"@type":"Organization","@id":"https:\/\/lubrimas.pe\/empresas\/#organization","name":"Lubrimas.pe","url":"https:\/\/lubrimas.pe\/empresas\/","logo":{"@type":"ImageObject","inLanguage":"es","@id":"https:\/\/lubrimas.pe\/empresas\/#\/schema\/logo\/image\/","url":"https:\/\/lubrimas.pe\/empresas\/wp-content\/uploads\/sites\/2\/2022\/03\/tarjeta-empresas.webp","contentUrl":"https:\/\/lubrimas.pe\/empresas\/wp-content\/uploads\/sites\/2\/2022\/03\/tarjeta-empresas.webp","width":250,"height":250,"caption":"Lubrimas.pe"},"image":{"@id":"https:\/\/lubrimas.pe\/empresas\/#\/schema\/logo\/image\/"},"sameAs":["https:\/\/www.facebook.com\/lubrimasperu","https:\/\/www.instagram.com\/lubrimas_pe","https:\/\/www.youtube.com\/channel\/UCkp38n2qqb8SU60_v_gaKlg"]}]}},"_links":{"self":[{"href":"https:\/\/lubrimas.pe\/empresas\/wp-json\/wp\/v2\/product\/626","targetHints":{"allow":["GET"]}}],"collection":[{"href":"https:\/\/lubrimas.pe\/empresas\/wp-json\/wp\/v2\/product"}],"about":[{"href":"https:\/\/lubrimas.pe\/empresas\/wp-json\/wp\/v2\/types\/product"}],"replies":[{"embeddable":true,"href":"https:\/\/lubrimas.pe\/empresas\/wp-json\/wp\/v2\/comments?post=626"}],"wp:featuredmedia":[{"embeddable":true,"href":"https:\/\/lubrimas.pe\/empresas\/wp-json\/wp\/v2\/media\/1317"}],"wp:attachment":[{"href":"https:\/\/lubrimas.pe\/empresas\/wp-json\/wp\/v2\/media?parent=626"}],"wp:term":[{"taxonomy":"product_brand","embeddable":true,"href":"https:\/\/lubrimas.pe\/empresas\/wp-json\/wp\/v2\/product_brand?post=626"},{"taxonomy":"product_cat","embeddable":true,"href":"https:\/\/lubrimas.pe\/empresas\/wp-json\/wp\/v2\/product_cat?post=626"},{"taxonomy":"product_tag","embeddable":true,"href":"https:\/\/lubrimas.pe\/empresas\/wp-json\/wp\/v2\/product_tag?post=626"}],"curies":[{"name":"wp","href":"https:\/\/api.w.org\/{rel}","templated":true}]}}