{"id":630,"date":"2022-01-20T17:10:45","date_gmt":"2022-01-20T17:10:45","guid":{"rendered":"https:\/\/lubrimas.pe\/empresas\/?post_type=product&#038;p=630"},"modified":"2022-08-04T13:19:32","modified_gmt":"2022-08-04T18:19:32","slug":"mobil-shc-gear-3200-y-6800","status":"publish","type":"product","link":"https:\/\/lubrimas.pe\/empresas\/productos\/mobil-shc-gear-3200-y-6800\/","title":{"rendered":"MOBIL SHC GEAR 3200 Y 6800"},"content":{"rendered":"","protected":false},"excerpt":{"rendered":"<p>Los lubricantes Mobil SHC Gear 1500, 3200 y 6800 son aceites de servicio pesado y de supremo desempe\u00f1o para engranajes dise\u00f1ados principalmente para todo tipo de engranaje cerrado adem\u00e1s de cojinetes lisos y de elementos rodantes. Est\u00e1n dise\u00f1ados para proporcionar un servicio sobresaliente en t\u00e9rminos de protecci\u00f3n de los equipos, la vida \u00fatil del aceite y una operaci\u00f3n sin problemas, lo que le permite al cliente obtener una mayor productividad. Estos lubricantes sint\u00e9ticos cient\u00edficamente dise\u00f1ados est\u00e1n formulados a partir de fluidos base sint\u00e9ticos que cuentan con excepcionales propiedades t\u00e9rmicas y contra la oxidaci\u00f3n y excelente fluidez a bajas temperaturas. La combinaci\u00f3n de un \u00edndice de viscosidad naturalmente alto y un sistema de aditivos \u00fanico permite que estos productos ofrezcan un desempe\u00f1o sobresaliente bajo condiciones de operaci\u00f3n severas a altas y bajas temperaturas. La naturaleza de los fluidos base sint\u00e9ticos tambi\u00e9n contribuye al excelente desempe\u00f1o de los productos a bajas temperaturas. Brindan una excelente protecci\u00f3n contra el desgaste de los engranajes y resistencia a las cargas de impacto. Los materiales base sint\u00e9ticos inherentemente cuentan con propiedades de baja tracci\u00f3n, lo cual resulta en una baja fricci\u00f3n del fluido en las zonas de carga de superficies no conformes tales como los engranajes y los cojinetes de elementos rodantes. La menor fricci\u00f3n del fluido resulta en menores temperaturas de funcionamiento y una mejor eficiencia de los engranajes. Los lubricantes Mobil SHC Gear 1500, 3200 y 6800 encuentran aplicaci\u00f3n en una amplia gama de aplicaciones de engranajes cerrados, al igual que en cojinetes lisos y de elementos rodantes. Debido a sus muy altas viscosidades, pueden satisfacer las necesidades de lubricaci\u00f3n de engranajes y cojinetes que operan a velocidades muy bajas y a altas cargas\/altas temperaturas; son ideales para situaciones en las que los productos convencionales operan en el r\u00e9gimen de lubricaci\u00f3n marginal. Puede haber situaciones en las que se use un ba\u00f1o de lubricante o un sistema de recirculaci\u00f3n para aplicar el aceite. Mobil SHC Gear 1500, 3200 y 6800 son los productos elegidos por muchos fabricantes de equipos originales y clientes de todo el mundo debido a su amplia gama de aplicaciones y a su excelente desempe\u00f1o en situaciones dif\u00edciles.<\/p>\n","protected":false},"featured_media":1317,"comment_status":"closed","ping_status":"closed","template":"","meta":[],"product_brand":[],"product_cat":[22],"product_tag":[],"class_list":{"0":"post-630","1":"product","2":"type-product","3":"status-publish","4":"has-post-thumbnail","6":"product_cat-engranajes-y-transmisiones","7":"pa_marca-mobil","8":"pa_presentacion-cilindro-55gl","10":"first","11":"instock","12":"taxable","13":"shipping-taxable","14":"purchasable","15":"product-type-variable","16":"has-default-attributes"},"yoast_head":"<!-- This site is optimized with the Yoast SEO plugin v27.4 - https:\/\/yoast.com\/product\/yoast-seo-wordpress\/ -->\n<title>MOBIL SHC GEAR 3200 Y 6800 - Lubrim\u00e1s Empresas<\/title>\n<meta name=\"robots\" content=\"index, follow, max-snippet:-1, max-image-preview:large, max-video-preview:-1\" \/>\n<link rel=\"canonical\" href=\"https:\/\/lubrimas.pe\/empresas\/productos\/mobil-shc-gear-3200-y-6800\/\" \/>\n<meta property=\"og:locale\" content=\"es_ES\" \/>\n<meta property=\"og:type\" content=\"article\" \/>\n<meta property=\"og:title\" content=\"MOBIL SHC GEAR 3200 Y 6800 - Lubrim\u00e1s Empresas\" \/>\n<meta property=\"og:description\" content=\"Los lubricantes Mobil SHC Gear 1500, 3200 y 6800 son aceites de servicio pesado y de supremo desempe\u00f1o para engranajes dise\u00f1ados principalmente para todo tipo de engranaje cerrado adem\u00e1s de cojinetes lisos y de elementos rodantes. Est\u00e1n dise\u00f1ados para proporcionar un servicio sobresaliente en t\u00e9rminos de protecci\u00f3n de los equipos, la vida \u00fatil del aceite y una operaci\u00f3n sin problemas, lo que le permite al cliente obtener una mayor productividad. Estos lubricantes sint\u00e9ticos cient\u00edficamente dise\u00f1ados est\u00e1n formulados a partir de fluidos base sint\u00e9ticos que cuentan con excepcionales propiedades t\u00e9rmicas y contra la oxidaci\u00f3n y excelente fluidez a bajas temperaturas. La combinaci\u00f3n de un \u00edndice de viscosidad naturalmente alto y un sistema de aditivos \u00fanico permite que estos productos ofrezcan un desempe\u00f1o sobresaliente bajo condiciones de operaci\u00f3n severas a altas y bajas temperaturas. La naturaleza de los fluidos base sint\u00e9ticos tambi\u00e9n contribuye al excelente desempe\u00f1o de los productos a bajas temperaturas. Brindan una excelente protecci\u00f3n contra el desgaste de los engranajes y resistencia a las cargas de impacto. Los materiales base sint\u00e9ticos inherentemente cuentan con propiedades de baja tracci\u00f3n, lo cual resulta en una baja fricci\u00f3n del fluido en las zonas de carga de superficies no conformes tales como los engranajes y los cojinetes de elementos rodantes. La menor fricci\u00f3n del fluido resulta en menores temperaturas de funcionamiento y una mejor eficiencia de los engranajes. Los lubricantes Mobil SHC Gear 1500, 3200 y 6800 encuentran aplicaci\u00f3n en una amplia gama de aplicaciones de engranajes cerrados, al igual que en cojinetes lisos y de elementos rodantes. Debido a sus muy altas viscosidades, pueden satisfacer las necesidades de lubricaci\u00f3n de engranajes y cojinetes que operan a velocidades muy bajas y a altas cargas\/altas temperaturas; son ideales para situaciones en las que los productos convencionales operan en el r\u00e9gimen de lubricaci\u00f3n marginal. Puede haber situaciones en las que se use un ba\u00f1o de lubricante o un sistema de recirculaci\u00f3n para aplicar el aceite. Mobil SHC Gear 1500, 3200 y 6800 son los productos elegidos por muchos fabricantes de equipos originales y clientes de todo el mundo debido a su amplia gama de aplicaciones y a su excelente desempe\u00f1o en situaciones dif\u00edciles.\" \/>\n<meta property=\"og:url\" content=\"https:\/\/lubrimas.pe\/empresas\/productos\/mobil-shc-gear-3200-y-6800\/\" \/>\n<meta property=\"og:site_name\" content=\"Lubrim\u00e1s Empresas\" \/>\n<meta property=\"article:publisher\" content=\"https:\/\/www.facebook.com\/lubrimasperu\" \/>\n<meta property=\"article:modified_time\" content=\"2022-08-04T18:19:32+00:00\" \/>\n<meta property=\"og:image\" content=\"https:\/\/lubrimas.pe\/empresas\/wp-content\/uploads\/sites\/2\/2022\/08\/lubrimasperu-lubrimaspe-empresas-cotizaciones-aceite-mobil-balde-cilindro-losolivos-lima-peru.webp\" \/>\n\t<meta property=\"og:image:width\" content=\"850\" \/>\n\t<meta property=\"og:image:height\" content=\"1000\" \/>\n\t<meta property=\"og:image:type\" content=\"image\/webp\" \/>\n<meta name=\"twitter:card\" content=\"summary_large_image\" \/>\n<script type=\"application\/ld+json\" class=\"yoast-schema-graph\">{\"@context\":\"https:\\\/\\\/schema.org\",\"@graph\":[{\"@type\":\"WebPage\",\"@id\":\"https:\\\/\\\/lubrimas.pe\\\/empresas\\\/productos\\\/mobil-shc-gear-3200-y-6800\\\/\",\"url\":\"https:\\\/\\\/lubrimas.pe\\\/empresas\\\/productos\\\/mobil-shc-gear-3200-y-6800\\\/\",\"name\":\"MOBIL SHC GEAR 3200 Y 6800 - Lubrim\u00e1s Empresas\",\"isPartOf\":{\"@id\":\"https:\\\/\\\/lubrimas.pe\\\/empresas\\\/#website\"},\"primaryImageOfPage\":{\"@id\":\"https:\\\/\\\/lubrimas.pe\\\/empresas\\\/productos\\\/mobil-shc-gear-3200-y-6800\\\/#primaryimage\"},\"image\":{\"@id\":\"https:\\\/\\\/lubrimas.pe\\\/empresas\\\/productos\\\/mobil-shc-gear-3200-y-6800\\\/#primaryimage\"},\"thumbnailUrl\":\"https:\\\/\\\/lubrimas.pe\\\/empresas\\\/wp-content\\\/uploads\\\/sites\\\/2\\\/2022\\\/08\\\/lubrimasperu-lubrimaspe-empresas-cotizaciones-aceite-mobil-balde-cilindro-losolivos-lima-peru.webp\",\"datePublished\":\"2022-01-20T17:10:45+00:00\",\"dateModified\":\"2022-08-04T18:19:32+00:00\",\"breadcrumb\":{\"@id\":\"https:\\\/\\\/lubrimas.pe\\\/empresas\\\/productos\\\/mobil-shc-gear-3200-y-6800\\\/#breadcrumb\"},\"inLanguage\":\"es\",\"potentialAction\":[{\"@type\":\"ReadAction\",\"target\":[\"https:\\\/\\\/lubrimas.pe\\\/empresas\\\/productos\\\/mobil-shc-gear-3200-y-6800\\\/\"]}]},{\"@type\":\"ImageObject\",\"inLanguage\":\"es\",\"@id\":\"https:\\\/\\\/lubrimas.pe\\\/empresas\\\/productos\\\/mobil-shc-gear-3200-y-6800\\\/#primaryimage\",\"url\":\"https:\\\/\\\/lubrimas.pe\\\/empresas\\\/wp-content\\\/uploads\\\/sites\\\/2\\\/2022\\\/08\\\/lubrimasperu-lubrimaspe-empresas-cotizaciones-aceite-mobil-balde-cilindro-losolivos-lima-peru.webp\",\"contentUrl\":\"https:\\\/\\\/lubrimas.pe\\\/empresas\\\/wp-content\\\/uploads\\\/sites\\\/2\\\/2022\\\/08\\\/lubrimasperu-lubrimaspe-empresas-cotizaciones-aceite-mobil-balde-cilindro-losolivos-lima-peru.webp\",\"width\":850,\"height\":1000},{\"@type\":\"BreadcrumbList\",\"@id\":\"https:\\\/\\\/lubrimas.pe\\\/empresas\\\/productos\\\/mobil-shc-gear-3200-y-6800\\\/#breadcrumb\",\"itemListElement\":[{\"@type\":\"ListItem\",\"position\":1,\"name\":\"Portada\",\"item\":\"https:\\\/\\\/lubrimas.pe\\\/empresas\\\/\"},{\"@type\":\"ListItem\",\"position\":2,\"name\":\"Lubricantes (Cat\u00e1logo)\",\"item\":\"https:\\\/\\\/lubrimas.pe\\\/empresas\\\/productos\\\/\"},{\"@type\":\"ListItem\",\"position\":3,\"name\":\"MOBIL SHC GEAR 3200 Y 6800\"}]},{\"@type\":\"WebSite\",\"@id\":\"https:\\\/\\\/lubrimas.pe\\\/empresas\\\/#website\",\"url\":\"https:\\\/\\\/lubrimas.pe\\\/empresas\\\/\",\"name\":\"Lubrim\u00e1s Empresas\",\"description\":\"Distribuidor Autorizado de Lubricantes para el sector Automotor e Industrial\",\"publisher\":{\"@id\":\"https:\\\/\\\/lubrimas.pe\\\/empresas\\\/#organization\"},\"potentialAction\":[{\"@type\":\"SearchAction\",\"target\":{\"@type\":\"EntryPoint\",\"urlTemplate\":\"https:\\\/\\\/lubrimas.pe\\\/empresas\\\/?s={search_term_string}\"},\"query-input\":{\"@type\":\"PropertyValueSpecification\",\"valueRequired\":true,\"valueName\":\"search_term_string\"}}],\"inLanguage\":\"es\"},{\"@type\":\"Organization\",\"@id\":\"https:\\\/\\\/lubrimas.pe\\\/empresas\\\/#organization\",\"name\":\"Lubrimas.pe\",\"url\":\"https:\\\/\\\/lubrimas.pe\\\/empresas\\\/\",\"logo\":{\"@type\":\"ImageObject\",\"inLanguage\":\"es\",\"@id\":\"https:\\\/\\\/lubrimas.pe\\\/empresas\\\/#\\\/schema\\\/logo\\\/image\\\/\",\"url\":\"https:\\\/\\\/lubrimas.pe\\\/empresas\\\/wp-content\\\/uploads\\\/sites\\\/2\\\/2022\\\/03\\\/tarjeta-empresas.webp\",\"contentUrl\":\"https:\\\/\\\/lubrimas.pe\\\/empresas\\\/wp-content\\\/uploads\\\/sites\\\/2\\\/2022\\\/03\\\/tarjeta-empresas.webp\",\"width\":250,\"height\":250,\"caption\":\"Lubrimas.pe\"},\"image\":{\"@id\":\"https:\\\/\\\/lubrimas.pe\\\/empresas\\\/#\\\/schema\\\/logo\\\/image\\\/\"},\"sameAs\":[\"https:\\\/\\\/www.facebook.com\\\/lubrimasperu\",\"https:\\\/\\\/www.instagram.com\\\/lubrimas_pe\",\"https:\\\/\\\/www.youtube.com\\\/channel\\\/UCkp38n2qqb8SU60_v_gaKlg\"]}]}<\/script>\n<!-- \/ Yoast SEO plugin. -->","yoast_head_json":{"title":"MOBIL SHC GEAR 3200 Y 6800 - Lubrim\u00e1s Empresas","robots":{"index":"index","follow":"follow","max-snippet":"max-snippet:-1","max-image-preview":"max-image-preview:large","max-video-preview":"max-video-preview:-1"},"canonical":"https:\/\/lubrimas.pe\/empresas\/productos\/mobil-shc-gear-3200-y-6800\/","og_locale":"es_ES","og_type":"article","og_title":"MOBIL SHC GEAR 3200 Y 6800 - Lubrim\u00e1s Empresas","og_description":"Los lubricantes Mobil SHC Gear 1500, 3200 y 6800 son aceites de servicio pesado y de supremo desempe\u00f1o para engranajes dise\u00f1ados principalmente para todo tipo de engranaje cerrado adem\u00e1s de cojinetes lisos y de elementos rodantes. Est\u00e1n dise\u00f1ados para proporcionar un servicio sobresaliente en t\u00e9rminos de protecci\u00f3n de los equipos, la vida \u00fatil del aceite y una operaci\u00f3n sin problemas, lo que le permite al cliente obtener una mayor productividad. Estos lubricantes sint\u00e9ticos cient\u00edficamente dise\u00f1ados est\u00e1n formulados a partir de fluidos base sint\u00e9ticos que cuentan con excepcionales propiedades t\u00e9rmicas y contra la oxidaci\u00f3n y excelente fluidez a bajas temperaturas. La combinaci\u00f3n de un \u00edndice de viscosidad naturalmente alto y un sistema de aditivos \u00fanico permite que estos productos ofrezcan un desempe\u00f1o sobresaliente bajo condiciones de operaci\u00f3n severas a altas y bajas temperaturas. La naturaleza de los fluidos base sint\u00e9ticos tambi\u00e9n contribuye al excelente desempe\u00f1o de los productos a bajas temperaturas. Brindan una excelente protecci\u00f3n contra el desgaste de los engranajes y resistencia a las cargas de impacto. Los materiales base sint\u00e9ticos inherentemente cuentan con propiedades de baja tracci\u00f3n, lo cual resulta en una baja fricci\u00f3n del fluido en las zonas de carga de superficies no conformes tales como los engranajes y los cojinetes de elementos rodantes. La menor fricci\u00f3n del fluido resulta en menores temperaturas de funcionamiento y una mejor eficiencia de los engranajes. Los lubricantes Mobil SHC Gear 1500, 3200 y 6800 encuentran aplicaci\u00f3n en una amplia gama de aplicaciones de engranajes cerrados, al igual que en cojinetes lisos y de elementos rodantes. Debido a sus muy altas viscosidades, pueden satisfacer las necesidades de lubricaci\u00f3n de engranajes y cojinetes que operan a velocidades muy bajas y a altas cargas\/altas temperaturas; son ideales para situaciones en las que los productos convencionales operan en el r\u00e9gimen de lubricaci\u00f3n marginal. Puede haber situaciones en las que se use un ba\u00f1o de lubricante o un sistema de recirculaci\u00f3n para aplicar el aceite. Mobil SHC Gear 1500, 3200 y 6800 son los productos elegidos por muchos fabricantes de equipos originales y clientes de todo el mundo debido a su amplia gama de aplicaciones y a su excelente desempe\u00f1o en situaciones dif\u00edciles.","og_url":"https:\/\/lubrimas.pe\/empresas\/productos\/mobil-shc-gear-3200-y-6800\/","og_site_name":"Lubrim\u00e1s Empresas","article_publisher":"https:\/\/www.facebook.com\/lubrimasperu","article_modified_time":"2022-08-04T18:19:32+00:00","og_image":[{"width":850,"height":1000,"url":"https:\/\/lubrimas.pe\/empresas\/wp-content\/uploads\/sites\/2\/2022\/08\/lubrimasperu-lubrimaspe-empresas-cotizaciones-aceite-mobil-balde-cilindro-losolivos-lima-peru.webp","type":"image\/webp"}],"twitter_card":"summary_large_image","schema":{"@context":"https:\/\/schema.org","@graph":[{"@type":"WebPage","@id":"https:\/\/lubrimas.pe\/empresas\/productos\/mobil-shc-gear-3200-y-6800\/","url":"https:\/\/lubrimas.pe\/empresas\/productos\/mobil-shc-gear-3200-y-6800\/","name":"MOBIL SHC GEAR 3200 Y 6800 - Lubrim\u00e1s Empresas","isPartOf":{"@id":"https:\/\/lubrimas.pe\/empresas\/#website"},"primaryImageOfPage":{"@id":"https:\/\/lubrimas.pe\/empresas\/productos\/mobil-shc-gear-3200-y-6800\/#primaryimage"},"image":{"@id":"https:\/\/lubrimas.pe\/empresas\/productos\/mobil-shc-gear-3200-y-6800\/#primaryimage"},"thumbnailUrl":"https:\/\/lubrimas.pe\/empresas\/wp-content\/uploads\/sites\/2\/2022\/08\/lubrimasperu-lubrimaspe-empresas-cotizaciones-aceite-mobil-balde-cilindro-losolivos-lima-peru.webp","datePublished":"2022-01-20T17:10:45+00:00","dateModified":"2022-08-04T18:19:32+00:00","breadcrumb":{"@id":"https:\/\/lubrimas.pe\/empresas\/productos\/mobil-shc-gear-3200-y-6800\/#breadcrumb"},"inLanguage":"es","potentialAction":[{"@type":"ReadAction","target":["https:\/\/lubrimas.pe\/empresas\/productos\/mobil-shc-gear-3200-y-6800\/"]}]},{"@type":"ImageObject","inLanguage":"es","@id":"https:\/\/lubrimas.pe\/empresas\/productos\/mobil-shc-gear-3200-y-6800\/#primaryimage","url":"https:\/\/lubrimas.pe\/empresas\/wp-content\/uploads\/sites\/2\/2022\/08\/lubrimasperu-lubrimaspe-empresas-cotizaciones-aceite-mobil-balde-cilindro-losolivos-lima-peru.webp","contentUrl":"https:\/\/lubrimas.pe\/empresas\/wp-content\/uploads\/sites\/2\/2022\/08\/lubrimasperu-lubrimaspe-empresas-cotizaciones-aceite-mobil-balde-cilindro-losolivos-lima-peru.webp","width":850,"height":1000},{"@type":"BreadcrumbList","@id":"https:\/\/lubrimas.pe\/empresas\/productos\/mobil-shc-gear-3200-y-6800\/#breadcrumb","itemListElement":[{"@type":"ListItem","position":1,"name":"Portada","item":"https:\/\/lubrimas.pe\/empresas\/"},{"@type":"ListItem","position":2,"name":"Lubricantes (Cat\u00e1logo)","item":"https:\/\/lubrimas.pe\/empresas\/productos\/"},{"@type":"ListItem","position":3,"name":"MOBIL SHC GEAR 3200 Y 6800"}]},{"@type":"WebSite","@id":"https:\/\/lubrimas.pe\/empresas\/#website","url":"https:\/\/lubrimas.pe\/empresas\/","name":"Lubrim\u00e1s Empresas","description":"Distribuidor Autorizado de Lubricantes para el sector Automotor e Industrial","publisher":{"@id":"https:\/\/lubrimas.pe\/empresas\/#organization"},"potentialAction":[{"@type":"SearchAction","target":{"@type":"EntryPoint","urlTemplate":"https:\/\/lubrimas.pe\/empresas\/?s={search_term_string}"},"query-input":{"@type":"PropertyValueSpecification","valueRequired":true,"valueName":"search_term_string"}}],"inLanguage":"es"},{"@type":"Organization","@id":"https:\/\/lubrimas.pe\/empresas\/#organization","name":"Lubrimas.pe","url":"https:\/\/lubrimas.pe\/empresas\/","logo":{"@type":"ImageObject","inLanguage":"es","@id":"https:\/\/lubrimas.pe\/empresas\/#\/schema\/logo\/image\/","url":"https:\/\/lubrimas.pe\/empresas\/wp-content\/uploads\/sites\/2\/2022\/03\/tarjeta-empresas.webp","contentUrl":"https:\/\/lubrimas.pe\/empresas\/wp-content\/uploads\/sites\/2\/2022\/03\/tarjeta-empresas.webp","width":250,"height":250,"caption":"Lubrimas.pe"},"image":{"@id":"https:\/\/lubrimas.pe\/empresas\/#\/schema\/logo\/image\/"},"sameAs":["https:\/\/www.facebook.com\/lubrimasperu","https:\/\/www.instagram.com\/lubrimas_pe","https:\/\/www.youtube.com\/channel\/UCkp38n2qqb8SU60_v_gaKlg"]}]}},"_links":{"self":[{"href":"https:\/\/lubrimas.pe\/empresas\/wp-json\/wp\/v2\/product\/630","targetHints":{"allow":["GET"]}}],"collection":[{"href":"https:\/\/lubrimas.pe\/empresas\/wp-json\/wp\/v2\/product"}],"about":[{"href":"https:\/\/lubrimas.pe\/empresas\/wp-json\/wp\/v2\/types\/product"}],"replies":[{"embeddable":true,"href":"https:\/\/lubrimas.pe\/empresas\/wp-json\/wp\/v2\/comments?post=630"}],"wp:featuredmedia":[{"embeddable":true,"href":"https:\/\/lubrimas.pe\/empresas\/wp-json\/wp\/v2\/media\/1317"}],"wp:attachment":[{"href":"https:\/\/lubrimas.pe\/empresas\/wp-json\/wp\/v2\/media?parent=630"}],"wp:term":[{"taxonomy":"product_brand","embeddable":true,"href":"https:\/\/lubrimas.pe\/empresas\/wp-json\/wp\/v2\/product_brand?post=630"},{"taxonomy":"product_cat","embeddable":true,"href":"https:\/\/lubrimas.pe\/empresas\/wp-json\/wp\/v2\/product_cat?post=630"},{"taxonomy":"product_tag","embeddable":true,"href":"https:\/\/lubrimas.pe\/empresas\/wp-json\/wp\/v2\/product_tag?post=630"}],"curies":[{"name":"wp","href":"https:\/\/api.w.org\/{rel}","templated":true}]}}