{"id":636,"date":"2022-01-20T17:10:46","date_gmt":"2022-01-20T17:10:46","guid":{"rendered":"https:\/\/lubrimas.pe\/empresas\/?post_type=product&#038;p=636"},"modified":"2022-08-04T13:21:21","modified_gmt":"2022-08-04T18:21:21","slug":"mobil-mobilgear-ogl-007-009-y-461","status":"publish","type":"product","link":"https:\/\/lubrimas.pe\/empresas\/productos\/mobil-mobilgear-ogl-007-009-y-461\/","title":{"rendered":"MOBIL MOBILGEAR OGL 007, 009 y 461"},"content":{"rendered":"","protected":false},"excerpt":{"rendered":"<p>Mobilgear OGL 007, 009 and 461 son lubricantes de avanzada tecnolog\u00eda y alto desempe\u00f1o que incorporan tanto aditivos para soportar presiones extremas como grafito finamente dispersado para soportar las cargas. Son fundamentalmente utilizados para la lubricaci\u00f3n de engranajes abiertos, de velocidad baja a media y altamente cargados. Adem\u00e1s de brindar una sobresaliente capacidad de carga, est\u00e1n formulados para tener una excelente adhesi\u00f3n y resistencia al &#8220;desprendimiento&#8221; bajo condiciones extremas. Mobilgear OGL 007, 009 y 461 son f\u00e1cilmente bombeados desde los tambores a las boquillas de aplicaci\u00f3n por aspersi\u00f3n utilizando bombas de transferencia convencionales. La blanda consistencia y las propiedades a bajas temperaturas de Mobilgear OGL 007, 009 y 461 son apropiadas para aplicaciones por aspersi\u00f3n bajo una amplia variedad de condiciones. Mobilgear OGL 007, 009 y 461 no contienen ni plomo ni cloro, ni tampoco solventes o diluyentes. La ausencia de solventes o diluyentes tambi\u00e9n ayuda a permitir que el producto mantenga sus plenas especificaciones durante el almacenamiento y uso.<\/p>\n","protected":false},"featured_media":1317,"comment_status":"closed","ping_status":"closed","template":"","meta":[],"product_brand":[],"product_cat":[22],"product_tag":[],"class_list":{"0":"post-636","1":"product","2":"type-product","3":"status-publish","4":"has-post-thumbnail","6":"product_cat-engranajes-y-transmisiones","7":"pa_marca-mobil","8":"pa_presentacion-cilindro-55gl","10":"first","11":"instock","12":"shipping-taxable","13":"purchasable","14":"product-type-variable","15":"has-default-attributes"},"yoast_head":"<!-- This site is optimized with the Yoast SEO plugin v27.1.1 - https:\/\/yoast.com\/product\/yoast-seo-wordpress\/ -->\n<title>MOBIL MOBILGEAR OGL 007, 009 y 461 - Lubrim\u00e1s Empresas<\/title>\n<meta name=\"robots\" content=\"index, follow, max-snippet:-1, max-image-preview:large, max-video-preview:-1\" \/>\n<link rel=\"canonical\" href=\"https:\/\/lubrimas.pe\/empresas\/productos\/mobil-mobilgear-ogl-007-009-y-461\/\" \/>\n<meta property=\"og:locale\" content=\"es_ES\" \/>\n<meta property=\"og:type\" content=\"article\" \/>\n<meta property=\"og:title\" content=\"MOBIL MOBILGEAR OGL 007, 009 y 461 - Lubrim\u00e1s Empresas\" \/>\n<meta property=\"og:description\" content=\"Mobilgear OGL 007, 009 and 461 son lubricantes de avanzada tecnolog\u00eda y alto desempe\u00f1o que incorporan tanto aditivos para soportar presiones extremas como grafito finamente dispersado para soportar las cargas. Son fundamentalmente utilizados para la lubricaci\u00f3n de engranajes abiertos, de velocidad baja a media y altamente cargados. Adem\u00e1s de brindar una sobresaliente capacidad de carga, est\u00e1n formulados para tener una excelente adhesi\u00f3n y resistencia al &quot;desprendimiento&quot; bajo condiciones extremas. Mobilgear OGL 007, 009 y 461 son f\u00e1cilmente bombeados desde los tambores a las boquillas de aplicaci\u00f3n por aspersi\u00f3n utilizando bombas de transferencia convencionales. La blanda consistencia y las propiedades a bajas temperaturas de Mobilgear OGL 007, 009 y 461 son apropiadas para aplicaciones por aspersi\u00f3n bajo una amplia variedad de condiciones. Mobilgear OGL 007, 009 y 461 no contienen ni plomo ni cloro, ni tampoco solventes o diluyentes. La ausencia de solventes o diluyentes tambi\u00e9n ayuda a permitir que el producto mantenga sus plenas especificaciones durante el almacenamiento y uso.\" \/>\n<meta property=\"og:url\" content=\"https:\/\/lubrimas.pe\/empresas\/productos\/mobil-mobilgear-ogl-007-009-y-461\/\" \/>\n<meta property=\"og:site_name\" content=\"Lubrim\u00e1s Empresas\" \/>\n<meta property=\"article:publisher\" content=\"https:\/\/www.facebook.com\/lubrimasperu\" \/>\n<meta property=\"article:modified_time\" content=\"2022-08-04T18:21:21+00:00\" \/>\n<meta property=\"og:image\" content=\"https:\/\/lubrimas.pe\/empresas\/wp-content\/uploads\/sites\/2\/2022\/08\/lubrimasperu-lubrimaspe-empresas-cotizaciones-aceite-mobil-balde-cilindro-losolivos-lima-peru.webp\" \/>\n\t<meta property=\"og:image:width\" content=\"850\" \/>\n\t<meta property=\"og:image:height\" content=\"1000\" \/>\n\t<meta property=\"og:image:type\" content=\"image\/webp\" \/>\n<meta name=\"twitter:card\" content=\"summary_large_image\" \/>\n<script type=\"application\/ld+json\" class=\"yoast-schema-graph\">{\"@context\":\"https:\/\/schema.org\",\"@graph\":[{\"@type\":\"WebPage\",\"@id\":\"https:\/\/lubrimas.pe\/empresas\/productos\/mobil-mobilgear-ogl-007-009-y-461\/\",\"url\":\"https:\/\/lubrimas.pe\/empresas\/productos\/mobil-mobilgear-ogl-007-009-y-461\/\",\"name\":\"MOBIL MOBILGEAR OGL 007, 009 y 461 - Lubrim\u00e1s Empresas\",\"isPartOf\":{\"@id\":\"https:\/\/lubrimas.pe\/empresas\/#website\"},\"primaryImageOfPage\":{\"@id\":\"https:\/\/lubrimas.pe\/empresas\/productos\/mobil-mobilgear-ogl-007-009-y-461\/#primaryimage\"},\"image\":{\"@id\":\"https:\/\/lubrimas.pe\/empresas\/productos\/mobil-mobilgear-ogl-007-009-y-461\/#primaryimage\"},\"thumbnailUrl\":\"https:\/\/lubrimas.pe\/empresas\/wp-content\/uploads\/sites\/2\/2022\/08\/lubrimasperu-lubrimaspe-empresas-cotizaciones-aceite-mobil-balde-cilindro-losolivos-lima-peru.webp\",\"datePublished\":\"2022-01-20T17:10:46+00:00\",\"dateModified\":\"2022-08-04T18:21:21+00:00\",\"breadcrumb\":{\"@id\":\"https:\/\/lubrimas.pe\/empresas\/productos\/mobil-mobilgear-ogl-007-009-y-461\/#breadcrumb\"},\"inLanguage\":\"es\",\"potentialAction\":[{\"@type\":\"ReadAction\",\"target\":[\"https:\/\/lubrimas.pe\/empresas\/productos\/mobil-mobilgear-ogl-007-009-y-461\/\"]}]},{\"@type\":\"ImageObject\",\"inLanguage\":\"es\",\"@id\":\"https:\/\/lubrimas.pe\/empresas\/productos\/mobil-mobilgear-ogl-007-009-y-461\/#primaryimage\",\"url\":\"https:\/\/lubrimas.pe\/empresas\/wp-content\/uploads\/sites\/2\/2022\/08\/lubrimasperu-lubrimaspe-empresas-cotizaciones-aceite-mobil-balde-cilindro-losolivos-lima-peru.webp\",\"contentUrl\":\"https:\/\/lubrimas.pe\/empresas\/wp-content\/uploads\/sites\/2\/2022\/08\/lubrimasperu-lubrimaspe-empresas-cotizaciones-aceite-mobil-balde-cilindro-losolivos-lima-peru.webp\",\"width\":850,\"height\":1000},{\"@type\":\"BreadcrumbList\",\"@id\":\"https:\/\/lubrimas.pe\/empresas\/productos\/mobil-mobilgear-ogl-007-009-y-461\/#breadcrumb\",\"itemListElement\":[{\"@type\":\"ListItem\",\"position\":1,\"name\":\"Portada\",\"item\":\"https:\/\/lubrimas.pe\/empresas\/\"},{\"@type\":\"ListItem\",\"position\":2,\"name\":\"Lubricantes (Cat\u00e1logo)\",\"item\":\"https:\/\/lubrimas.pe\/empresas\/productos\/\"},{\"@type\":\"ListItem\",\"position\":3,\"name\":\"MOBIL MOBILGEAR OGL 007, 009 y 461\"}]},{\"@type\":\"WebSite\",\"@id\":\"https:\/\/lubrimas.pe\/empresas\/#website\",\"url\":\"https:\/\/lubrimas.pe\/empresas\/\",\"name\":\"Lubrim\u00e1s Empresas\",\"description\":\"Distribuidor Autorizado de Lubricantes para el sector Automotor e Industrial\",\"publisher\":{\"@id\":\"https:\/\/lubrimas.pe\/empresas\/#organization\"},\"potentialAction\":[{\"@type\":\"SearchAction\",\"target\":{\"@type\":\"EntryPoint\",\"urlTemplate\":\"https:\/\/lubrimas.pe\/empresas\/?s={search_term_string}\"},\"query-input\":{\"@type\":\"PropertyValueSpecification\",\"valueRequired\":true,\"valueName\":\"search_term_string\"}}],\"inLanguage\":\"es\"},{\"@type\":\"Organization\",\"@id\":\"https:\/\/lubrimas.pe\/empresas\/#organization\",\"name\":\"Lubrimas.pe\",\"url\":\"https:\/\/lubrimas.pe\/empresas\/\",\"logo\":{\"@type\":\"ImageObject\",\"inLanguage\":\"es\",\"@id\":\"https:\/\/lubrimas.pe\/empresas\/#\/schema\/logo\/image\/\",\"url\":\"https:\/\/lubrimas.pe\/empresas\/wp-content\/uploads\/sites\/2\/2022\/03\/tarjeta-empresas.webp\",\"contentUrl\":\"https:\/\/lubrimas.pe\/empresas\/wp-content\/uploads\/sites\/2\/2022\/03\/tarjeta-empresas.webp\",\"width\":250,\"height\":250,\"caption\":\"Lubrimas.pe\"},\"image\":{\"@id\":\"https:\/\/lubrimas.pe\/empresas\/#\/schema\/logo\/image\/\"},\"sameAs\":[\"https:\/\/www.facebook.com\/lubrimasperu\",\"https:\/\/www.instagram.com\/lubrimas_pe\",\"https:\/\/www.youtube.com\/channel\/UCkp38n2qqb8SU60_v_gaKlg\"]}]}<\/script>\n<!-- \/ Yoast SEO plugin. -->","yoast_head_json":{"title":"MOBIL MOBILGEAR OGL 007, 009 y 461 - Lubrim\u00e1s Empresas","robots":{"index":"index","follow":"follow","max-snippet":"max-snippet:-1","max-image-preview":"max-image-preview:large","max-video-preview":"max-video-preview:-1"},"canonical":"https:\/\/lubrimas.pe\/empresas\/productos\/mobil-mobilgear-ogl-007-009-y-461\/","og_locale":"es_ES","og_type":"article","og_title":"MOBIL MOBILGEAR OGL 007, 009 y 461 - Lubrim\u00e1s Empresas","og_description":"Mobilgear OGL 007, 009 and 461 son lubricantes de avanzada tecnolog\u00eda y alto desempe\u00f1o que incorporan tanto aditivos para soportar presiones extremas como grafito finamente dispersado para soportar las cargas. Son fundamentalmente utilizados para la lubricaci\u00f3n de engranajes abiertos, de velocidad baja a media y altamente cargados. Adem\u00e1s de brindar una sobresaliente capacidad de carga, est\u00e1n formulados para tener una excelente adhesi\u00f3n y resistencia al \"desprendimiento\" bajo condiciones extremas. Mobilgear OGL 007, 009 y 461 son f\u00e1cilmente bombeados desde los tambores a las boquillas de aplicaci\u00f3n por aspersi\u00f3n utilizando bombas de transferencia convencionales. La blanda consistencia y las propiedades a bajas temperaturas de Mobilgear OGL 007, 009 y 461 son apropiadas para aplicaciones por aspersi\u00f3n bajo una amplia variedad de condiciones. Mobilgear OGL 007, 009 y 461 no contienen ni plomo ni cloro, ni tampoco solventes o diluyentes. La ausencia de solventes o diluyentes tambi\u00e9n ayuda a permitir que el producto mantenga sus plenas especificaciones durante el almacenamiento y uso.","og_url":"https:\/\/lubrimas.pe\/empresas\/productos\/mobil-mobilgear-ogl-007-009-y-461\/","og_site_name":"Lubrim\u00e1s Empresas","article_publisher":"https:\/\/www.facebook.com\/lubrimasperu","article_modified_time":"2022-08-04T18:21:21+00:00","og_image":[{"width":850,"height":1000,"url":"https:\/\/lubrimas.pe\/empresas\/wp-content\/uploads\/sites\/2\/2022\/08\/lubrimasperu-lubrimaspe-empresas-cotizaciones-aceite-mobil-balde-cilindro-losolivos-lima-peru.webp","type":"image\/webp"}],"twitter_card":"summary_large_image","schema":{"@context":"https:\/\/schema.org","@graph":[{"@type":"WebPage","@id":"https:\/\/lubrimas.pe\/empresas\/productos\/mobil-mobilgear-ogl-007-009-y-461\/","url":"https:\/\/lubrimas.pe\/empresas\/productos\/mobil-mobilgear-ogl-007-009-y-461\/","name":"MOBIL MOBILGEAR OGL 007, 009 y 461 - Lubrim\u00e1s Empresas","isPartOf":{"@id":"https:\/\/lubrimas.pe\/empresas\/#website"},"primaryImageOfPage":{"@id":"https:\/\/lubrimas.pe\/empresas\/productos\/mobil-mobilgear-ogl-007-009-y-461\/#primaryimage"},"image":{"@id":"https:\/\/lubrimas.pe\/empresas\/productos\/mobil-mobilgear-ogl-007-009-y-461\/#primaryimage"},"thumbnailUrl":"https:\/\/lubrimas.pe\/empresas\/wp-content\/uploads\/sites\/2\/2022\/08\/lubrimasperu-lubrimaspe-empresas-cotizaciones-aceite-mobil-balde-cilindro-losolivos-lima-peru.webp","datePublished":"2022-01-20T17:10:46+00:00","dateModified":"2022-08-04T18:21:21+00:00","breadcrumb":{"@id":"https:\/\/lubrimas.pe\/empresas\/productos\/mobil-mobilgear-ogl-007-009-y-461\/#breadcrumb"},"inLanguage":"es","potentialAction":[{"@type":"ReadAction","target":["https:\/\/lubrimas.pe\/empresas\/productos\/mobil-mobilgear-ogl-007-009-y-461\/"]}]},{"@type":"ImageObject","inLanguage":"es","@id":"https:\/\/lubrimas.pe\/empresas\/productos\/mobil-mobilgear-ogl-007-009-y-461\/#primaryimage","url":"https:\/\/lubrimas.pe\/empresas\/wp-content\/uploads\/sites\/2\/2022\/08\/lubrimasperu-lubrimaspe-empresas-cotizaciones-aceite-mobil-balde-cilindro-losolivos-lima-peru.webp","contentUrl":"https:\/\/lubrimas.pe\/empresas\/wp-content\/uploads\/sites\/2\/2022\/08\/lubrimasperu-lubrimaspe-empresas-cotizaciones-aceite-mobil-balde-cilindro-losolivos-lima-peru.webp","width":850,"height":1000},{"@type":"BreadcrumbList","@id":"https:\/\/lubrimas.pe\/empresas\/productos\/mobil-mobilgear-ogl-007-009-y-461\/#breadcrumb","itemListElement":[{"@type":"ListItem","position":1,"name":"Portada","item":"https:\/\/lubrimas.pe\/empresas\/"},{"@type":"ListItem","position":2,"name":"Lubricantes (Cat\u00e1logo)","item":"https:\/\/lubrimas.pe\/empresas\/productos\/"},{"@type":"ListItem","position":3,"name":"MOBIL MOBILGEAR OGL 007, 009 y 461"}]},{"@type":"WebSite","@id":"https:\/\/lubrimas.pe\/empresas\/#website","url":"https:\/\/lubrimas.pe\/empresas\/","name":"Lubrim\u00e1s Empresas","description":"Distribuidor Autorizado de Lubricantes para el sector Automotor e Industrial","publisher":{"@id":"https:\/\/lubrimas.pe\/empresas\/#organization"},"potentialAction":[{"@type":"SearchAction","target":{"@type":"EntryPoint","urlTemplate":"https:\/\/lubrimas.pe\/empresas\/?s={search_term_string}"},"query-input":{"@type":"PropertyValueSpecification","valueRequired":true,"valueName":"search_term_string"}}],"inLanguage":"es"},{"@type":"Organization","@id":"https:\/\/lubrimas.pe\/empresas\/#organization","name":"Lubrimas.pe","url":"https:\/\/lubrimas.pe\/empresas\/","logo":{"@type":"ImageObject","inLanguage":"es","@id":"https:\/\/lubrimas.pe\/empresas\/#\/schema\/logo\/image\/","url":"https:\/\/lubrimas.pe\/empresas\/wp-content\/uploads\/sites\/2\/2022\/03\/tarjeta-empresas.webp","contentUrl":"https:\/\/lubrimas.pe\/empresas\/wp-content\/uploads\/sites\/2\/2022\/03\/tarjeta-empresas.webp","width":250,"height":250,"caption":"Lubrimas.pe"},"image":{"@id":"https:\/\/lubrimas.pe\/empresas\/#\/schema\/logo\/image\/"},"sameAs":["https:\/\/www.facebook.com\/lubrimasperu","https:\/\/www.instagram.com\/lubrimas_pe","https:\/\/www.youtube.com\/channel\/UCkp38n2qqb8SU60_v_gaKlg"]}]}},"_links":{"self":[{"href":"https:\/\/lubrimas.pe\/empresas\/wp-json\/wp\/v2\/product\/636","targetHints":{"allow":["GET"]}}],"collection":[{"href":"https:\/\/lubrimas.pe\/empresas\/wp-json\/wp\/v2\/product"}],"about":[{"href":"https:\/\/lubrimas.pe\/empresas\/wp-json\/wp\/v2\/types\/product"}],"replies":[{"embeddable":true,"href":"https:\/\/lubrimas.pe\/empresas\/wp-json\/wp\/v2\/comments?post=636"}],"wp:featuredmedia":[{"embeddable":true,"href":"https:\/\/lubrimas.pe\/empresas\/wp-json\/wp\/v2\/media\/1317"}],"wp:attachment":[{"href":"https:\/\/lubrimas.pe\/empresas\/wp-json\/wp\/v2\/media?parent=636"}],"wp:term":[{"taxonomy":"product_brand","embeddable":true,"href":"https:\/\/lubrimas.pe\/empresas\/wp-json\/wp\/v2\/product_brand?post=636"},{"taxonomy":"product_cat","embeddable":true,"href":"https:\/\/lubrimas.pe\/empresas\/wp-json\/wp\/v2\/product_cat?post=636"},{"taxonomy":"product_tag","embeddable":true,"href":"https:\/\/lubrimas.pe\/empresas\/wp-json\/wp\/v2\/product_tag?post=636"}],"curies":[{"name":"wp","href":"https:\/\/api.w.org\/{rel}","templated":true}]}}