{"id":642,"date":"2022-01-20T17:10:46","date_gmt":"2022-01-20T17:10:46","guid":{"rendered":"https:\/\/lubrimas.pe\/empresas\/?post_type=product&#038;p=642"},"modified":"2022-08-04T13:22:00","modified_gmt":"2022-08-04T18:22:00","slug":"mobil-gargolyle-artic-shc-226","status":"publish","type":"product","link":"https:\/\/lubrimas.pe\/empresas\/productos\/mobil-gargolyle-artic-shc-226\/","title":{"rendered":"MOBIL GARGOLYLE ARTIC SHC 226"},"content":{"rendered":"","protected":false},"excerpt":{"rendered":"<p>Los aceites Mobil Gargoyle Arctic SHC\u2122 200 Series son lubricantes completamente sint\u00e9ticos de desempe\u00f1o superior, espec\u00edficamente dise\u00f1ados para utilizarse en compresores de refrigeraci\u00f3n y bombas de calor. Est\u00e1n formulados a partir de hidrocarburos sintetizados libres de cera a base de polialfaolefinas (PAO), los cuales tienen una extraordinaria resistencia a la degradaci\u00f3n t\u00e9rmica\/oxidativa. Con sus \u00edndices de viscosidad naturalmente altos, estables al cizallamiento y fluidez a bajas temperaturas, son capaces de desempe\u00f1arse bajo severas condiciones de servicio que est\u00e1n m\u00e1s all\u00e1 de las capacidades de muchos aceites minerales convencionales. Su solubilidad y miscibilidad con los refrigerantes com\u00fanmente utilizados es baja, resultando en una pel\u00edcula lubricante m\u00e1s gruesa en la presencia de refrigerantes bajo presi\u00f3n. Esto puede ayudar a reducir las fugas a trav\u00e9s de los sellos de los ejes. Sus caracter\u00edsticas de estabilidad y de baja volatilidad reducen la &#8220;evaporaci\u00f3n de las fracciones ligeras&#8221;, hecho que puede ocurrir con aceites minerales convencionales. Los lubricantes de la serie Mobil Gargoyle Arctic SHC 200 pueden ayudar a reducir las p\u00e9rdidas por fricci\u00f3n y mejorar la eficiencia operativa de la maquinaria. Los lubricantes Mobil Gargoyle Arctic SHC 200 Series son recomendados para la lubricaci\u00f3n de compresores de refrigeraci\u00f3n que operan a muy altas temperaturas y para sistemas con muy bajas temperaturas en el evaporador. Son aptos para sistemas de compresores que utilizan refrigerantes como amon\u00edaco y di\u00f3xido de carbono. Su baja miscibilidad con el di\u00f3xido de carbono los hace que sean una opci\u00f3n apta para compresores de tornillo que utilizan di\u00f3xido de carbono. Son compatibles con la mayor\u00eda de los refrigerantes, excepto con el di\u00f3xido de azufre y han sido particularmente exitosos con sistemas que utilizan amon\u00edaco como refrigerante. Los aceites Mobil Gargoyle Arctic SHC 200 Series son completamente miscibles con la mayor\u00eda de los aceites minerales para refrigeraci\u00f3n convencionales. Cualquier mezcla con aceites minerales puede perjudicar las sobresalientes propiedades de desempe\u00f1o de estos productos sint\u00e9ticos de marca Mobil.<\/p>\n","protected":false},"featured_media":1317,"comment_status":"closed","ping_status":"closed","template":"","meta":[],"product_brand":[],"product_cat":[22],"product_tag":[],"class_list":{"0":"post-642","1":"product","2":"type-product","3":"status-publish","4":"has-post-thumbnail","6":"product_cat-engranajes-y-transmisiones","7":"pa_marca-mobil","8":"pa_presentacion-cilindro-55gl","10":"first","11":"instock","12":"shipping-taxable","13":"purchasable","14":"product-type-variable","15":"has-default-attributes"},"yoast_head":"<!-- This site is optimized with the Yoast SEO plugin v27.1.1 - https:\/\/yoast.com\/product\/yoast-seo-wordpress\/ -->\n<title>MOBIL GARGOLYLE ARTIC SHC 226 - Lubrim\u00e1s Empresas<\/title>\n<meta name=\"robots\" content=\"index, follow, max-snippet:-1, max-image-preview:large, max-video-preview:-1\" \/>\n<link rel=\"canonical\" href=\"https:\/\/lubrimas.pe\/empresas\/productos\/mobil-gargolyle-artic-shc-226\/\" \/>\n<meta property=\"og:locale\" content=\"es_ES\" \/>\n<meta property=\"og:type\" content=\"article\" \/>\n<meta property=\"og:title\" content=\"MOBIL GARGOLYLE ARTIC SHC 226 - Lubrim\u00e1s Empresas\" \/>\n<meta property=\"og:description\" content=\"Los aceites Mobil Gargoyle Arctic SHC\u2122 200 Series son lubricantes completamente sint\u00e9ticos de desempe\u00f1o superior, espec\u00edficamente dise\u00f1ados para utilizarse en compresores de refrigeraci\u00f3n y bombas de calor. Est\u00e1n formulados a partir de hidrocarburos sintetizados libres de cera a base de polialfaolefinas (PAO), los cuales tienen una extraordinaria resistencia a la degradaci\u00f3n t\u00e9rmica\/oxidativa. Con sus \u00edndices de viscosidad naturalmente altos, estables al cizallamiento y fluidez a bajas temperaturas, son capaces de desempe\u00f1arse bajo severas condiciones de servicio que est\u00e1n m\u00e1s all\u00e1 de las capacidades de muchos aceites minerales convencionales. Su solubilidad y miscibilidad con los refrigerantes com\u00fanmente utilizados es baja, resultando en una pel\u00edcula lubricante m\u00e1s gruesa en la presencia de refrigerantes bajo presi\u00f3n. Esto puede ayudar a reducir las fugas a trav\u00e9s de los sellos de los ejes. Sus caracter\u00edsticas de estabilidad y de baja volatilidad reducen la &quot;evaporaci\u00f3n de las fracciones ligeras&quot;, hecho que puede ocurrir con aceites minerales convencionales. Los lubricantes de la serie Mobil Gargoyle Arctic SHC 200 pueden ayudar a reducir las p\u00e9rdidas por fricci\u00f3n y mejorar la eficiencia operativa de la maquinaria. Los lubricantes Mobil Gargoyle Arctic SHC 200 Series son recomendados para la lubricaci\u00f3n de compresores de refrigeraci\u00f3n que operan a muy altas temperaturas y para sistemas con muy bajas temperaturas en el evaporador. Son aptos para sistemas de compresores que utilizan refrigerantes como amon\u00edaco y di\u00f3xido de carbono. Su baja miscibilidad con el di\u00f3xido de carbono los hace que sean una opci\u00f3n apta para compresores de tornillo que utilizan di\u00f3xido de carbono. Son compatibles con la mayor\u00eda de los refrigerantes, excepto con el di\u00f3xido de azufre y han sido particularmente exitosos con sistemas que utilizan amon\u00edaco como refrigerante. Los aceites Mobil Gargoyle Arctic SHC 200 Series son completamente miscibles con la mayor\u00eda de los aceites minerales para refrigeraci\u00f3n convencionales. Cualquier mezcla con aceites minerales puede perjudicar las sobresalientes propiedades de desempe\u00f1o de estos productos sint\u00e9ticos de marca Mobil.\" \/>\n<meta property=\"og:url\" content=\"https:\/\/lubrimas.pe\/empresas\/productos\/mobil-gargolyle-artic-shc-226\/\" \/>\n<meta property=\"og:site_name\" content=\"Lubrim\u00e1s Empresas\" \/>\n<meta property=\"article:publisher\" content=\"https:\/\/www.facebook.com\/lubrimasperu\" \/>\n<meta property=\"article:modified_time\" content=\"2022-08-04T18:22:00+00:00\" \/>\n<meta property=\"og:image\" content=\"https:\/\/lubrimas.pe\/empresas\/wp-content\/uploads\/sites\/2\/2022\/08\/lubrimasperu-lubrimaspe-empresas-cotizaciones-aceite-mobil-balde-cilindro-losolivos-lima-peru.webp\" \/>\n\t<meta property=\"og:image:width\" content=\"850\" \/>\n\t<meta property=\"og:image:height\" content=\"1000\" \/>\n\t<meta property=\"og:image:type\" content=\"image\/webp\" \/>\n<meta name=\"twitter:card\" content=\"summary_large_image\" \/>\n<script type=\"application\/ld+json\" class=\"yoast-schema-graph\">{\"@context\":\"https:\/\/schema.org\",\"@graph\":[{\"@type\":\"WebPage\",\"@id\":\"https:\/\/lubrimas.pe\/empresas\/productos\/mobil-gargolyle-artic-shc-226\/\",\"url\":\"https:\/\/lubrimas.pe\/empresas\/productos\/mobil-gargolyle-artic-shc-226\/\",\"name\":\"MOBIL GARGOLYLE ARTIC SHC 226 - Lubrim\u00e1s Empresas\",\"isPartOf\":{\"@id\":\"https:\/\/lubrimas.pe\/empresas\/#website\"},\"primaryImageOfPage\":{\"@id\":\"https:\/\/lubrimas.pe\/empresas\/productos\/mobil-gargolyle-artic-shc-226\/#primaryimage\"},\"image\":{\"@id\":\"https:\/\/lubrimas.pe\/empresas\/productos\/mobil-gargolyle-artic-shc-226\/#primaryimage\"},\"thumbnailUrl\":\"https:\/\/lubrimas.pe\/empresas\/wp-content\/uploads\/sites\/2\/2022\/08\/lubrimasperu-lubrimaspe-empresas-cotizaciones-aceite-mobil-balde-cilindro-losolivos-lima-peru.webp\",\"datePublished\":\"2022-01-20T17:10:46+00:00\",\"dateModified\":\"2022-08-04T18:22:00+00:00\",\"breadcrumb\":{\"@id\":\"https:\/\/lubrimas.pe\/empresas\/productos\/mobil-gargolyle-artic-shc-226\/#breadcrumb\"},\"inLanguage\":\"es\",\"potentialAction\":[{\"@type\":\"ReadAction\",\"target\":[\"https:\/\/lubrimas.pe\/empresas\/productos\/mobil-gargolyle-artic-shc-226\/\"]}]},{\"@type\":\"ImageObject\",\"inLanguage\":\"es\",\"@id\":\"https:\/\/lubrimas.pe\/empresas\/productos\/mobil-gargolyle-artic-shc-226\/#primaryimage\",\"url\":\"https:\/\/lubrimas.pe\/empresas\/wp-content\/uploads\/sites\/2\/2022\/08\/lubrimasperu-lubrimaspe-empresas-cotizaciones-aceite-mobil-balde-cilindro-losolivos-lima-peru.webp\",\"contentUrl\":\"https:\/\/lubrimas.pe\/empresas\/wp-content\/uploads\/sites\/2\/2022\/08\/lubrimasperu-lubrimaspe-empresas-cotizaciones-aceite-mobil-balde-cilindro-losolivos-lima-peru.webp\",\"width\":850,\"height\":1000},{\"@type\":\"BreadcrumbList\",\"@id\":\"https:\/\/lubrimas.pe\/empresas\/productos\/mobil-gargolyle-artic-shc-226\/#breadcrumb\",\"itemListElement\":[{\"@type\":\"ListItem\",\"position\":1,\"name\":\"Portada\",\"item\":\"https:\/\/lubrimas.pe\/empresas\/\"},{\"@type\":\"ListItem\",\"position\":2,\"name\":\"Lubricantes (Cat\u00e1logo)\",\"item\":\"https:\/\/lubrimas.pe\/empresas\/productos\/\"},{\"@type\":\"ListItem\",\"position\":3,\"name\":\"MOBIL GARGOLYLE ARTIC SHC 226\"}]},{\"@type\":\"WebSite\",\"@id\":\"https:\/\/lubrimas.pe\/empresas\/#website\",\"url\":\"https:\/\/lubrimas.pe\/empresas\/\",\"name\":\"Lubrim\u00e1s Empresas\",\"description\":\"Distribuidor Autorizado de Lubricantes para el sector Automotor e Industrial\",\"publisher\":{\"@id\":\"https:\/\/lubrimas.pe\/empresas\/#organization\"},\"potentialAction\":[{\"@type\":\"SearchAction\",\"target\":{\"@type\":\"EntryPoint\",\"urlTemplate\":\"https:\/\/lubrimas.pe\/empresas\/?s={search_term_string}\"},\"query-input\":{\"@type\":\"PropertyValueSpecification\",\"valueRequired\":true,\"valueName\":\"search_term_string\"}}],\"inLanguage\":\"es\"},{\"@type\":\"Organization\",\"@id\":\"https:\/\/lubrimas.pe\/empresas\/#organization\",\"name\":\"Lubrimas.pe\",\"url\":\"https:\/\/lubrimas.pe\/empresas\/\",\"logo\":{\"@type\":\"ImageObject\",\"inLanguage\":\"es\",\"@id\":\"https:\/\/lubrimas.pe\/empresas\/#\/schema\/logo\/image\/\",\"url\":\"https:\/\/lubrimas.pe\/empresas\/wp-content\/uploads\/sites\/2\/2022\/03\/tarjeta-empresas.webp\",\"contentUrl\":\"https:\/\/lubrimas.pe\/empresas\/wp-content\/uploads\/sites\/2\/2022\/03\/tarjeta-empresas.webp\",\"width\":250,\"height\":250,\"caption\":\"Lubrimas.pe\"},\"image\":{\"@id\":\"https:\/\/lubrimas.pe\/empresas\/#\/schema\/logo\/image\/\"},\"sameAs\":[\"https:\/\/www.facebook.com\/lubrimasperu\",\"https:\/\/www.instagram.com\/lubrimas_pe\",\"https:\/\/www.youtube.com\/channel\/UCkp38n2qqb8SU60_v_gaKlg\"]}]}<\/script>\n<!-- \/ Yoast SEO plugin. -->","yoast_head_json":{"title":"MOBIL GARGOLYLE ARTIC SHC 226 - Lubrim\u00e1s Empresas","robots":{"index":"index","follow":"follow","max-snippet":"max-snippet:-1","max-image-preview":"max-image-preview:large","max-video-preview":"max-video-preview:-1"},"canonical":"https:\/\/lubrimas.pe\/empresas\/productos\/mobil-gargolyle-artic-shc-226\/","og_locale":"es_ES","og_type":"article","og_title":"MOBIL GARGOLYLE ARTIC SHC 226 - Lubrim\u00e1s Empresas","og_description":"Los aceites Mobil Gargoyle Arctic SHC\u2122 200 Series son lubricantes completamente sint\u00e9ticos de desempe\u00f1o superior, espec\u00edficamente dise\u00f1ados para utilizarse en compresores de refrigeraci\u00f3n y bombas de calor. Est\u00e1n formulados a partir de hidrocarburos sintetizados libres de cera a base de polialfaolefinas (PAO), los cuales tienen una extraordinaria resistencia a la degradaci\u00f3n t\u00e9rmica\/oxidativa. Con sus \u00edndices de viscosidad naturalmente altos, estables al cizallamiento y fluidez a bajas temperaturas, son capaces de desempe\u00f1arse bajo severas condiciones de servicio que est\u00e1n m\u00e1s all\u00e1 de las capacidades de muchos aceites minerales convencionales. Su solubilidad y miscibilidad con los refrigerantes com\u00fanmente utilizados es baja, resultando en una pel\u00edcula lubricante m\u00e1s gruesa en la presencia de refrigerantes bajo presi\u00f3n. Esto puede ayudar a reducir las fugas a trav\u00e9s de los sellos de los ejes. Sus caracter\u00edsticas de estabilidad y de baja volatilidad reducen la \"evaporaci\u00f3n de las fracciones ligeras\", hecho que puede ocurrir con aceites minerales convencionales. Los lubricantes de la serie Mobil Gargoyle Arctic SHC 200 pueden ayudar a reducir las p\u00e9rdidas por fricci\u00f3n y mejorar la eficiencia operativa de la maquinaria. Los lubricantes Mobil Gargoyle Arctic SHC 200 Series son recomendados para la lubricaci\u00f3n de compresores de refrigeraci\u00f3n que operan a muy altas temperaturas y para sistemas con muy bajas temperaturas en el evaporador. Son aptos para sistemas de compresores que utilizan refrigerantes como amon\u00edaco y di\u00f3xido de carbono. Su baja miscibilidad con el di\u00f3xido de carbono los hace que sean una opci\u00f3n apta para compresores de tornillo que utilizan di\u00f3xido de carbono. Son compatibles con la mayor\u00eda de los refrigerantes, excepto con el di\u00f3xido de azufre y han sido particularmente exitosos con sistemas que utilizan amon\u00edaco como refrigerante. Los aceites Mobil Gargoyle Arctic SHC 200 Series son completamente miscibles con la mayor\u00eda de los aceites minerales para refrigeraci\u00f3n convencionales. Cualquier mezcla con aceites minerales puede perjudicar las sobresalientes propiedades de desempe\u00f1o de estos productos sint\u00e9ticos de marca Mobil.","og_url":"https:\/\/lubrimas.pe\/empresas\/productos\/mobil-gargolyle-artic-shc-226\/","og_site_name":"Lubrim\u00e1s Empresas","article_publisher":"https:\/\/www.facebook.com\/lubrimasperu","article_modified_time":"2022-08-04T18:22:00+00:00","og_image":[{"width":850,"height":1000,"url":"https:\/\/lubrimas.pe\/empresas\/wp-content\/uploads\/sites\/2\/2022\/08\/lubrimasperu-lubrimaspe-empresas-cotizaciones-aceite-mobil-balde-cilindro-losolivos-lima-peru.webp","type":"image\/webp"}],"twitter_card":"summary_large_image","schema":{"@context":"https:\/\/schema.org","@graph":[{"@type":"WebPage","@id":"https:\/\/lubrimas.pe\/empresas\/productos\/mobil-gargolyle-artic-shc-226\/","url":"https:\/\/lubrimas.pe\/empresas\/productos\/mobil-gargolyle-artic-shc-226\/","name":"MOBIL GARGOLYLE ARTIC SHC 226 - Lubrim\u00e1s Empresas","isPartOf":{"@id":"https:\/\/lubrimas.pe\/empresas\/#website"},"primaryImageOfPage":{"@id":"https:\/\/lubrimas.pe\/empresas\/productos\/mobil-gargolyle-artic-shc-226\/#primaryimage"},"image":{"@id":"https:\/\/lubrimas.pe\/empresas\/productos\/mobil-gargolyle-artic-shc-226\/#primaryimage"},"thumbnailUrl":"https:\/\/lubrimas.pe\/empresas\/wp-content\/uploads\/sites\/2\/2022\/08\/lubrimasperu-lubrimaspe-empresas-cotizaciones-aceite-mobil-balde-cilindro-losolivos-lima-peru.webp","datePublished":"2022-01-20T17:10:46+00:00","dateModified":"2022-08-04T18:22:00+00:00","breadcrumb":{"@id":"https:\/\/lubrimas.pe\/empresas\/productos\/mobil-gargolyle-artic-shc-226\/#breadcrumb"},"inLanguage":"es","potentialAction":[{"@type":"ReadAction","target":["https:\/\/lubrimas.pe\/empresas\/productos\/mobil-gargolyle-artic-shc-226\/"]}]},{"@type":"ImageObject","inLanguage":"es","@id":"https:\/\/lubrimas.pe\/empresas\/productos\/mobil-gargolyle-artic-shc-226\/#primaryimage","url":"https:\/\/lubrimas.pe\/empresas\/wp-content\/uploads\/sites\/2\/2022\/08\/lubrimasperu-lubrimaspe-empresas-cotizaciones-aceite-mobil-balde-cilindro-losolivos-lima-peru.webp","contentUrl":"https:\/\/lubrimas.pe\/empresas\/wp-content\/uploads\/sites\/2\/2022\/08\/lubrimasperu-lubrimaspe-empresas-cotizaciones-aceite-mobil-balde-cilindro-losolivos-lima-peru.webp","width":850,"height":1000},{"@type":"BreadcrumbList","@id":"https:\/\/lubrimas.pe\/empresas\/productos\/mobil-gargolyle-artic-shc-226\/#breadcrumb","itemListElement":[{"@type":"ListItem","position":1,"name":"Portada","item":"https:\/\/lubrimas.pe\/empresas\/"},{"@type":"ListItem","position":2,"name":"Lubricantes (Cat\u00e1logo)","item":"https:\/\/lubrimas.pe\/empresas\/productos\/"},{"@type":"ListItem","position":3,"name":"MOBIL GARGOLYLE ARTIC SHC 226"}]},{"@type":"WebSite","@id":"https:\/\/lubrimas.pe\/empresas\/#website","url":"https:\/\/lubrimas.pe\/empresas\/","name":"Lubrim\u00e1s Empresas","description":"Distribuidor Autorizado de Lubricantes para el sector Automotor e Industrial","publisher":{"@id":"https:\/\/lubrimas.pe\/empresas\/#organization"},"potentialAction":[{"@type":"SearchAction","target":{"@type":"EntryPoint","urlTemplate":"https:\/\/lubrimas.pe\/empresas\/?s={search_term_string}"},"query-input":{"@type":"PropertyValueSpecification","valueRequired":true,"valueName":"search_term_string"}}],"inLanguage":"es"},{"@type":"Organization","@id":"https:\/\/lubrimas.pe\/empresas\/#organization","name":"Lubrimas.pe","url":"https:\/\/lubrimas.pe\/empresas\/","logo":{"@type":"ImageObject","inLanguage":"es","@id":"https:\/\/lubrimas.pe\/empresas\/#\/schema\/logo\/image\/","url":"https:\/\/lubrimas.pe\/empresas\/wp-content\/uploads\/sites\/2\/2022\/03\/tarjeta-empresas.webp","contentUrl":"https:\/\/lubrimas.pe\/empresas\/wp-content\/uploads\/sites\/2\/2022\/03\/tarjeta-empresas.webp","width":250,"height":250,"caption":"Lubrimas.pe"},"image":{"@id":"https:\/\/lubrimas.pe\/empresas\/#\/schema\/logo\/image\/"},"sameAs":["https:\/\/www.facebook.com\/lubrimasperu","https:\/\/www.instagram.com\/lubrimas_pe","https:\/\/www.youtube.com\/channel\/UCkp38n2qqb8SU60_v_gaKlg"]}]}},"_links":{"self":[{"href":"https:\/\/lubrimas.pe\/empresas\/wp-json\/wp\/v2\/product\/642","targetHints":{"allow":["GET"]}}],"collection":[{"href":"https:\/\/lubrimas.pe\/empresas\/wp-json\/wp\/v2\/product"}],"about":[{"href":"https:\/\/lubrimas.pe\/empresas\/wp-json\/wp\/v2\/types\/product"}],"replies":[{"embeddable":true,"href":"https:\/\/lubrimas.pe\/empresas\/wp-json\/wp\/v2\/comments?post=642"}],"wp:featuredmedia":[{"embeddable":true,"href":"https:\/\/lubrimas.pe\/empresas\/wp-json\/wp\/v2\/media\/1317"}],"wp:attachment":[{"href":"https:\/\/lubrimas.pe\/empresas\/wp-json\/wp\/v2\/media?parent=642"}],"wp:term":[{"taxonomy":"product_brand","embeddable":true,"href":"https:\/\/lubrimas.pe\/empresas\/wp-json\/wp\/v2\/product_brand?post=642"},{"taxonomy":"product_cat","embeddable":true,"href":"https:\/\/lubrimas.pe\/empresas\/wp-json\/wp\/v2\/product_cat?post=642"},{"taxonomy":"product_tag","embeddable":true,"href":"https:\/\/lubrimas.pe\/empresas\/wp-json\/wp\/v2\/product_tag?post=642"}],"curies":[{"name":"wp","href":"https:\/\/api.w.org\/{rel}","templated":true}]}}