{"id":646,"date":"2022-01-20T17:10:47","date_gmt":"2022-01-20T17:10:47","guid":{"rendered":"https:\/\/lubrimas.pe\/empresas\/?post_type=product&#038;p=646"},"modified":"2022-08-04T13:22:35","modified_gmt":"2022-08-04T18:22:35","slug":"mobil-gargolyle-artic-300","status":"publish","type":"product","link":"https:\/\/lubrimas.pe\/empresas\/productos\/mobil-gargolyle-artic-300\/","title":{"rendered":"MOBIL GARGOLYLE ARTIC 300"},"content":{"rendered":"","protected":false},"excerpt":{"rendered":"<p>Mobil Gargoyle\u2122 Arctic Oil 155, Gargoyle Arctic Oil 300 y Gargoyle Arctic C Heavy son productos elaborados con aceites minerales naft\u00e9nicos de alto rendimiento, dise\u00f1ados para compresores frigor\u00edficos. Poseen bajos puntos de congelaci\u00f3n y una excelente fluidez a bajas temperaturas gracias a estar libres de ceras. Consecuentemente, el uso de estos aceites Mobil Gargoyle Arctic asegura la limpieza de los tubos del evaporador para aumentar la transferencia de calor, reducir la frecuencia de da\u00f1os y los costos de mantenimiento. Tienen buena estabilidad qu\u00edmica y son adecuados para lubricar cojinetes y cilindros. Mobil Gargoyle Arctic Oil 155, Mobil Gargoyle Arctic Oil 300 y Mobil Gargoyle Arctic C Heavy son compatibles con todos los refrigerantes excepto el di\u00f3xido de azufre. No est\u00e1n recomendados para usarse con refrigerantes del tipo HFC. El contenido de humedad de Mobil Gargoyle Arctic Oil 155, Mobil Gargoyle Arctic Oil 300 y Mobil Gargoyle Arctic C Heavy es muy bajo cuando est\u00e1n envasados. Una vez el empaque se ha abierto, debe tenerse cuidado y mantenerse seco para evitar la formaci\u00f3n de hielo en las v\u00e1lvulas de expansi\u00f3n y limitar los riesgos por degradaci\u00f3n del aceite, recubrimiento del cobre, etc.<\/p>\n","protected":false},"featured_media":1317,"comment_status":"closed","ping_status":"closed","template":"","meta":[],"product_brand":[],"product_cat":[22],"product_tag":[],"class_list":{"0":"post-646","1":"product","2":"type-product","3":"status-publish","4":"has-post-thumbnail","6":"product_cat-engranajes-y-transmisiones","7":"pa_marca-mobil","8":"pa_presentacion-cilindro-55gl","10":"first","11":"instock","12":"taxable","13":"shipping-taxable","14":"purchasable","15":"product-type-variable","16":"has-default-attributes"},"yoast_head":"<!-- This site is optimized with the Yoast SEO plugin v27.4 - https:\/\/yoast.com\/product\/yoast-seo-wordpress\/ -->\n<title>MOBIL GARGOLYLE ARTIC 300 - Lubrim\u00e1s Empresas<\/title>\n<meta name=\"robots\" content=\"index, follow, max-snippet:-1, max-image-preview:large, max-video-preview:-1\" \/>\n<link rel=\"canonical\" href=\"https:\/\/lubrimas.pe\/empresas\/productos\/mobil-gargolyle-artic-300\/\" \/>\n<meta property=\"og:locale\" content=\"es_ES\" \/>\n<meta property=\"og:type\" content=\"article\" \/>\n<meta property=\"og:title\" content=\"MOBIL GARGOLYLE ARTIC 300 - Lubrim\u00e1s Empresas\" \/>\n<meta property=\"og:description\" content=\"Mobil Gargoyle\u2122 Arctic Oil 155, Gargoyle Arctic Oil 300 y Gargoyle Arctic C Heavy son productos elaborados con aceites minerales naft\u00e9nicos de alto rendimiento, dise\u00f1ados para compresores frigor\u00edficos. Poseen bajos puntos de congelaci\u00f3n y una excelente fluidez a bajas temperaturas gracias a estar libres de ceras. Consecuentemente, el uso de estos aceites Mobil Gargoyle Arctic asegura la limpieza de los tubos del evaporador para aumentar la transferencia de calor, reducir la frecuencia de da\u00f1os y los costos de mantenimiento. Tienen buena estabilidad qu\u00edmica y son adecuados para lubricar cojinetes y cilindros. Mobil Gargoyle Arctic Oil 155, Mobil Gargoyle Arctic Oil 300 y Mobil Gargoyle Arctic C Heavy son compatibles con todos los refrigerantes excepto el di\u00f3xido de azufre. No est\u00e1n recomendados para usarse con refrigerantes del tipo HFC. El contenido de humedad de Mobil Gargoyle Arctic Oil 155, Mobil Gargoyle Arctic Oil 300 y Mobil Gargoyle Arctic C Heavy es muy bajo cuando est\u00e1n envasados. Una vez el empaque se ha abierto, debe tenerse cuidado y mantenerse seco para evitar la formaci\u00f3n de hielo en las v\u00e1lvulas de expansi\u00f3n y limitar los riesgos por degradaci\u00f3n del aceite, recubrimiento del cobre, etc.\" \/>\n<meta property=\"og:url\" content=\"https:\/\/lubrimas.pe\/empresas\/productos\/mobil-gargolyle-artic-300\/\" \/>\n<meta property=\"og:site_name\" content=\"Lubrim\u00e1s Empresas\" \/>\n<meta property=\"article:publisher\" content=\"https:\/\/www.facebook.com\/lubrimasperu\" \/>\n<meta property=\"article:modified_time\" content=\"2022-08-04T18:22:35+00:00\" \/>\n<meta property=\"og:image\" content=\"https:\/\/lubrimas.pe\/empresas\/wp-content\/uploads\/sites\/2\/2022\/08\/lubrimasperu-lubrimaspe-empresas-cotizaciones-aceite-mobil-balde-cilindro-losolivos-lima-peru.webp\" \/>\n\t<meta property=\"og:image:width\" content=\"850\" \/>\n\t<meta property=\"og:image:height\" content=\"1000\" \/>\n\t<meta property=\"og:image:type\" content=\"image\/webp\" \/>\n<meta name=\"twitter:card\" content=\"summary_large_image\" \/>\n<script type=\"application\/ld+json\" class=\"yoast-schema-graph\">{\"@context\":\"https:\\\/\\\/schema.org\",\"@graph\":[{\"@type\":\"WebPage\",\"@id\":\"https:\\\/\\\/lubrimas.pe\\\/empresas\\\/productos\\\/mobil-gargolyle-artic-300\\\/\",\"url\":\"https:\\\/\\\/lubrimas.pe\\\/empresas\\\/productos\\\/mobil-gargolyle-artic-300\\\/\",\"name\":\"MOBIL GARGOLYLE ARTIC 300 - Lubrim\u00e1s Empresas\",\"isPartOf\":{\"@id\":\"https:\\\/\\\/lubrimas.pe\\\/empresas\\\/#website\"},\"primaryImageOfPage\":{\"@id\":\"https:\\\/\\\/lubrimas.pe\\\/empresas\\\/productos\\\/mobil-gargolyle-artic-300\\\/#primaryimage\"},\"image\":{\"@id\":\"https:\\\/\\\/lubrimas.pe\\\/empresas\\\/productos\\\/mobil-gargolyle-artic-300\\\/#primaryimage\"},\"thumbnailUrl\":\"https:\\\/\\\/lubrimas.pe\\\/empresas\\\/wp-content\\\/uploads\\\/sites\\\/2\\\/2022\\\/08\\\/lubrimasperu-lubrimaspe-empresas-cotizaciones-aceite-mobil-balde-cilindro-losolivos-lima-peru.webp\",\"datePublished\":\"2022-01-20T17:10:47+00:00\",\"dateModified\":\"2022-08-04T18:22:35+00:00\",\"breadcrumb\":{\"@id\":\"https:\\\/\\\/lubrimas.pe\\\/empresas\\\/productos\\\/mobil-gargolyle-artic-300\\\/#breadcrumb\"},\"inLanguage\":\"es\",\"potentialAction\":[{\"@type\":\"ReadAction\",\"target\":[\"https:\\\/\\\/lubrimas.pe\\\/empresas\\\/productos\\\/mobil-gargolyle-artic-300\\\/\"]}]},{\"@type\":\"ImageObject\",\"inLanguage\":\"es\",\"@id\":\"https:\\\/\\\/lubrimas.pe\\\/empresas\\\/productos\\\/mobil-gargolyle-artic-300\\\/#primaryimage\",\"url\":\"https:\\\/\\\/lubrimas.pe\\\/empresas\\\/wp-content\\\/uploads\\\/sites\\\/2\\\/2022\\\/08\\\/lubrimasperu-lubrimaspe-empresas-cotizaciones-aceite-mobil-balde-cilindro-losolivos-lima-peru.webp\",\"contentUrl\":\"https:\\\/\\\/lubrimas.pe\\\/empresas\\\/wp-content\\\/uploads\\\/sites\\\/2\\\/2022\\\/08\\\/lubrimasperu-lubrimaspe-empresas-cotizaciones-aceite-mobil-balde-cilindro-losolivos-lima-peru.webp\",\"width\":850,\"height\":1000},{\"@type\":\"BreadcrumbList\",\"@id\":\"https:\\\/\\\/lubrimas.pe\\\/empresas\\\/productos\\\/mobil-gargolyle-artic-300\\\/#breadcrumb\",\"itemListElement\":[{\"@type\":\"ListItem\",\"position\":1,\"name\":\"Portada\",\"item\":\"https:\\\/\\\/lubrimas.pe\\\/empresas\\\/\"},{\"@type\":\"ListItem\",\"position\":2,\"name\":\"Lubricantes (Cat\u00e1logo)\",\"item\":\"https:\\\/\\\/lubrimas.pe\\\/empresas\\\/productos\\\/\"},{\"@type\":\"ListItem\",\"position\":3,\"name\":\"MOBIL GARGOLYLE ARTIC 300\"}]},{\"@type\":\"WebSite\",\"@id\":\"https:\\\/\\\/lubrimas.pe\\\/empresas\\\/#website\",\"url\":\"https:\\\/\\\/lubrimas.pe\\\/empresas\\\/\",\"name\":\"Lubrim\u00e1s Empresas\",\"description\":\"Distribuidor Autorizado de Lubricantes para el sector Automotor e Industrial\",\"publisher\":{\"@id\":\"https:\\\/\\\/lubrimas.pe\\\/empresas\\\/#organization\"},\"potentialAction\":[{\"@type\":\"SearchAction\",\"target\":{\"@type\":\"EntryPoint\",\"urlTemplate\":\"https:\\\/\\\/lubrimas.pe\\\/empresas\\\/?s={search_term_string}\"},\"query-input\":{\"@type\":\"PropertyValueSpecification\",\"valueRequired\":true,\"valueName\":\"search_term_string\"}}],\"inLanguage\":\"es\"},{\"@type\":\"Organization\",\"@id\":\"https:\\\/\\\/lubrimas.pe\\\/empresas\\\/#organization\",\"name\":\"Lubrimas.pe\",\"url\":\"https:\\\/\\\/lubrimas.pe\\\/empresas\\\/\",\"logo\":{\"@type\":\"ImageObject\",\"inLanguage\":\"es\",\"@id\":\"https:\\\/\\\/lubrimas.pe\\\/empresas\\\/#\\\/schema\\\/logo\\\/image\\\/\",\"url\":\"https:\\\/\\\/lubrimas.pe\\\/empresas\\\/wp-content\\\/uploads\\\/sites\\\/2\\\/2022\\\/03\\\/tarjeta-empresas.webp\",\"contentUrl\":\"https:\\\/\\\/lubrimas.pe\\\/empresas\\\/wp-content\\\/uploads\\\/sites\\\/2\\\/2022\\\/03\\\/tarjeta-empresas.webp\",\"width\":250,\"height\":250,\"caption\":\"Lubrimas.pe\"},\"image\":{\"@id\":\"https:\\\/\\\/lubrimas.pe\\\/empresas\\\/#\\\/schema\\\/logo\\\/image\\\/\"},\"sameAs\":[\"https:\\\/\\\/www.facebook.com\\\/lubrimasperu\",\"https:\\\/\\\/www.instagram.com\\\/lubrimas_pe\",\"https:\\\/\\\/www.youtube.com\\\/channel\\\/UCkp38n2qqb8SU60_v_gaKlg\"]}]}<\/script>\n<!-- \/ Yoast SEO plugin. -->","yoast_head_json":{"title":"MOBIL GARGOLYLE ARTIC 300 - Lubrim\u00e1s Empresas","robots":{"index":"index","follow":"follow","max-snippet":"max-snippet:-1","max-image-preview":"max-image-preview:large","max-video-preview":"max-video-preview:-1"},"canonical":"https:\/\/lubrimas.pe\/empresas\/productos\/mobil-gargolyle-artic-300\/","og_locale":"es_ES","og_type":"article","og_title":"MOBIL GARGOLYLE ARTIC 300 - Lubrim\u00e1s Empresas","og_description":"Mobil Gargoyle\u2122 Arctic Oil 155, Gargoyle Arctic Oil 300 y Gargoyle Arctic C Heavy son productos elaborados con aceites minerales naft\u00e9nicos de alto rendimiento, dise\u00f1ados para compresores frigor\u00edficos. Poseen bajos puntos de congelaci\u00f3n y una excelente fluidez a bajas temperaturas gracias a estar libres de ceras. Consecuentemente, el uso de estos aceites Mobil Gargoyle Arctic asegura la limpieza de los tubos del evaporador para aumentar la transferencia de calor, reducir la frecuencia de da\u00f1os y los costos de mantenimiento. Tienen buena estabilidad qu\u00edmica y son adecuados para lubricar cojinetes y cilindros. Mobil Gargoyle Arctic Oil 155, Mobil Gargoyle Arctic Oil 300 y Mobil Gargoyle Arctic C Heavy son compatibles con todos los refrigerantes excepto el di\u00f3xido de azufre. No est\u00e1n recomendados para usarse con refrigerantes del tipo HFC. El contenido de humedad de Mobil Gargoyle Arctic Oil 155, Mobil Gargoyle Arctic Oil 300 y Mobil Gargoyle Arctic C Heavy es muy bajo cuando est\u00e1n envasados. Una vez el empaque se ha abierto, debe tenerse cuidado y mantenerse seco para evitar la formaci\u00f3n de hielo en las v\u00e1lvulas de expansi\u00f3n y limitar los riesgos por degradaci\u00f3n del aceite, recubrimiento del cobre, etc.","og_url":"https:\/\/lubrimas.pe\/empresas\/productos\/mobil-gargolyle-artic-300\/","og_site_name":"Lubrim\u00e1s Empresas","article_publisher":"https:\/\/www.facebook.com\/lubrimasperu","article_modified_time":"2022-08-04T18:22:35+00:00","og_image":[{"width":850,"height":1000,"url":"https:\/\/lubrimas.pe\/empresas\/wp-content\/uploads\/sites\/2\/2022\/08\/lubrimasperu-lubrimaspe-empresas-cotizaciones-aceite-mobil-balde-cilindro-losolivos-lima-peru.webp","type":"image\/webp"}],"twitter_card":"summary_large_image","schema":{"@context":"https:\/\/schema.org","@graph":[{"@type":"WebPage","@id":"https:\/\/lubrimas.pe\/empresas\/productos\/mobil-gargolyle-artic-300\/","url":"https:\/\/lubrimas.pe\/empresas\/productos\/mobil-gargolyle-artic-300\/","name":"MOBIL GARGOLYLE ARTIC 300 - Lubrim\u00e1s Empresas","isPartOf":{"@id":"https:\/\/lubrimas.pe\/empresas\/#website"},"primaryImageOfPage":{"@id":"https:\/\/lubrimas.pe\/empresas\/productos\/mobil-gargolyle-artic-300\/#primaryimage"},"image":{"@id":"https:\/\/lubrimas.pe\/empresas\/productos\/mobil-gargolyle-artic-300\/#primaryimage"},"thumbnailUrl":"https:\/\/lubrimas.pe\/empresas\/wp-content\/uploads\/sites\/2\/2022\/08\/lubrimasperu-lubrimaspe-empresas-cotizaciones-aceite-mobil-balde-cilindro-losolivos-lima-peru.webp","datePublished":"2022-01-20T17:10:47+00:00","dateModified":"2022-08-04T18:22:35+00:00","breadcrumb":{"@id":"https:\/\/lubrimas.pe\/empresas\/productos\/mobil-gargolyle-artic-300\/#breadcrumb"},"inLanguage":"es","potentialAction":[{"@type":"ReadAction","target":["https:\/\/lubrimas.pe\/empresas\/productos\/mobil-gargolyle-artic-300\/"]}]},{"@type":"ImageObject","inLanguage":"es","@id":"https:\/\/lubrimas.pe\/empresas\/productos\/mobil-gargolyle-artic-300\/#primaryimage","url":"https:\/\/lubrimas.pe\/empresas\/wp-content\/uploads\/sites\/2\/2022\/08\/lubrimasperu-lubrimaspe-empresas-cotizaciones-aceite-mobil-balde-cilindro-losolivos-lima-peru.webp","contentUrl":"https:\/\/lubrimas.pe\/empresas\/wp-content\/uploads\/sites\/2\/2022\/08\/lubrimasperu-lubrimaspe-empresas-cotizaciones-aceite-mobil-balde-cilindro-losolivos-lima-peru.webp","width":850,"height":1000},{"@type":"BreadcrumbList","@id":"https:\/\/lubrimas.pe\/empresas\/productos\/mobil-gargolyle-artic-300\/#breadcrumb","itemListElement":[{"@type":"ListItem","position":1,"name":"Portada","item":"https:\/\/lubrimas.pe\/empresas\/"},{"@type":"ListItem","position":2,"name":"Lubricantes (Cat\u00e1logo)","item":"https:\/\/lubrimas.pe\/empresas\/productos\/"},{"@type":"ListItem","position":3,"name":"MOBIL GARGOLYLE ARTIC 300"}]},{"@type":"WebSite","@id":"https:\/\/lubrimas.pe\/empresas\/#website","url":"https:\/\/lubrimas.pe\/empresas\/","name":"Lubrim\u00e1s Empresas","description":"Distribuidor Autorizado de Lubricantes para el sector Automotor e Industrial","publisher":{"@id":"https:\/\/lubrimas.pe\/empresas\/#organization"},"potentialAction":[{"@type":"SearchAction","target":{"@type":"EntryPoint","urlTemplate":"https:\/\/lubrimas.pe\/empresas\/?s={search_term_string}"},"query-input":{"@type":"PropertyValueSpecification","valueRequired":true,"valueName":"search_term_string"}}],"inLanguage":"es"},{"@type":"Organization","@id":"https:\/\/lubrimas.pe\/empresas\/#organization","name":"Lubrimas.pe","url":"https:\/\/lubrimas.pe\/empresas\/","logo":{"@type":"ImageObject","inLanguage":"es","@id":"https:\/\/lubrimas.pe\/empresas\/#\/schema\/logo\/image\/","url":"https:\/\/lubrimas.pe\/empresas\/wp-content\/uploads\/sites\/2\/2022\/03\/tarjeta-empresas.webp","contentUrl":"https:\/\/lubrimas.pe\/empresas\/wp-content\/uploads\/sites\/2\/2022\/03\/tarjeta-empresas.webp","width":250,"height":250,"caption":"Lubrimas.pe"},"image":{"@id":"https:\/\/lubrimas.pe\/empresas\/#\/schema\/logo\/image\/"},"sameAs":["https:\/\/www.facebook.com\/lubrimasperu","https:\/\/www.instagram.com\/lubrimas_pe","https:\/\/www.youtube.com\/channel\/UCkp38n2qqb8SU60_v_gaKlg"]}]}},"_links":{"self":[{"href":"https:\/\/lubrimas.pe\/empresas\/wp-json\/wp\/v2\/product\/646","targetHints":{"allow":["GET"]}}],"collection":[{"href":"https:\/\/lubrimas.pe\/empresas\/wp-json\/wp\/v2\/product"}],"about":[{"href":"https:\/\/lubrimas.pe\/empresas\/wp-json\/wp\/v2\/types\/product"}],"replies":[{"embeddable":true,"href":"https:\/\/lubrimas.pe\/empresas\/wp-json\/wp\/v2\/comments?post=646"}],"wp:featuredmedia":[{"embeddable":true,"href":"https:\/\/lubrimas.pe\/empresas\/wp-json\/wp\/v2\/media\/1317"}],"wp:attachment":[{"href":"https:\/\/lubrimas.pe\/empresas\/wp-json\/wp\/v2\/media?parent=646"}],"wp:term":[{"taxonomy":"product_brand","embeddable":true,"href":"https:\/\/lubrimas.pe\/empresas\/wp-json\/wp\/v2\/product_brand?post=646"},{"taxonomy":"product_cat","embeddable":true,"href":"https:\/\/lubrimas.pe\/empresas\/wp-json\/wp\/v2\/product_cat?post=646"},{"taxonomy":"product_tag","embeddable":true,"href":"https:\/\/lubrimas.pe\/empresas\/wp-json\/wp\/v2\/product_tag?post=646"}],"curies":[{"name":"wp","href":"https:\/\/api.w.org\/{rel}","templated":true}]}}