{"id":648,"date":"2022-01-20T17:10:47","date_gmt":"2022-01-20T17:10:47","guid":{"rendered":"https:\/\/lubrimas.pe\/empresas\/?post_type=product&#038;p=648"},"modified":"2022-08-04T13:22:55","modified_gmt":"2022-08-04T18:22:55","slug":"mobil-shc-series","status":"publish","type":"product","link":"https:\/\/lubrimas.pe\/empresas\/productos\/mobil-shc-series\/","title":{"rendered":"MOBIL SHC SERIES"},"content":{"rendered":"","protected":false},"excerpt":{"rendered":"<p>Las grasas de la serie Mobilith SHCTM son productos de un desempe\u00f1o superior dise\u00f1adas para una amplia variedad de aplicaciones en condiciones extremas de temperatura. Combinan las exclusivas propiedades de los fluidos base sint\u00e9ticos con aquellas de un espesante de alta calidad a base de complejo de litio. Ya que por su naturaleza los fluidos sint\u00e9ticos no contienen cera y tienen un bajo coeficiente de tracci\u00f3n (en comparaci\u00f3n con los aceites minerales), los mismos proporcionan una excelente facilidad de bombeo a bajas temperaturas y muy bajo torque de arranque y de funcionamiento. Estos productos ofrecen la posibilidad de ahorrar energ\u00eda y pueden reducir las temperaturas de operaci\u00f3n en la zona de carga de los rodamientos esf\u00e9ricos de rodillos y bolas. El espesante del complejo de litio contribuye a las excelentes caracter\u00edsticas de adherencia, estabilidad estructural y resistencia al agua. Las grasas poseen un alto nivel de estabilidad qu\u00edmica y est\u00e1n formuladas con combinaciones de aditivos especiales para proporcionar una excelente protecci\u00f3n contra el desgaste, la herrumbre y la corrosi\u00f3n, adem\u00e1s de una viscosidad operativa, a temperaturas altas y bajas. Las grasas de la serie Mobilith SHC est\u00e1n disponibles en siete grados, que var\u00edan en viscosidad del aceite base desde ISO VG 100 a 1500 y en grados NLGI de 2 a 00. Las grasas de la serie Mobilith SHC se han convertido en los productos elegidos por muchos usuarios, en muchas industrias en todo el mundo. Su reputaci\u00f3n se basa en una calidad, confiabilidad y versatilidad excepcionales y en los beneficios de desempe\u00f1o que proporcionan.<\/p>\n","protected":false},"featured_media":1317,"comment_status":"closed","ping_status":"closed","template":"","meta":[],"product_brand":[],"product_cat":[105,106],"product_tag":[],"class_list":{"0":"post-648","1":"product","2":"type-product","3":"status-publish","4":"has-post-thumbnail","6":"product_cat-grasas","7":"product_cat-grasas-industriales","8":"pa_marca-mobil","9":"pa_presentacion-cilindro-55gl","11":"first","12":"instock","13":"taxable","14":"shipping-taxable","15":"purchasable","16":"product-type-variable","17":"has-default-attributes"},"yoast_head":"<!-- This site is optimized with the Yoast SEO plugin v27.4 - https:\/\/yoast.com\/product\/yoast-seo-wordpress\/ -->\n<title>MOBIL SHC SERIES - Lubrim\u00e1s Empresas<\/title>\n<meta name=\"robots\" content=\"index, follow, max-snippet:-1, max-image-preview:large, max-video-preview:-1\" \/>\n<link rel=\"canonical\" href=\"https:\/\/lubrimas.pe\/empresas\/productos\/mobil-shc-series\/\" \/>\n<meta property=\"og:locale\" content=\"es_ES\" \/>\n<meta property=\"og:type\" content=\"article\" \/>\n<meta property=\"og:title\" content=\"MOBIL SHC SERIES - Lubrim\u00e1s Empresas\" \/>\n<meta property=\"og:description\" content=\"Las grasas de la serie Mobilith SHCTM son productos de un desempe\u00f1o superior dise\u00f1adas para una amplia variedad de aplicaciones en condiciones extremas de temperatura. Combinan las exclusivas propiedades de los fluidos base sint\u00e9ticos con aquellas de un espesante de alta calidad a base de complejo de litio. Ya que por su naturaleza los fluidos sint\u00e9ticos no contienen cera y tienen un bajo coeficiente de tracci\u00f3n (en comparaci\u00f3n con los aceites minerales), los mismos proporcionan una excelente facilidad de bombeo a bajas temperaturas y muy bajo torque de arranque y de funcionamiento. Estos productos ofrecen la posibilidad de ahorrar energ\u00eda y pueden reducir las temperaturas de operaci\u00f3n en la zona de carga de los rodamientos esf\u00e9ricos de rodillos y bolas. El espesante del complejo de litio contribuye a las excelentes caracter\u00edsticas de adherencia, estabilidad estructural y resistencia al agua. Las grasas poseen un alto nivel de estabilidad qu\u00edmica y est\u00e1n formuladas con combinaciones de aditivos especiales para proporcionar una excelente protecci\u00f3n contra el desgaste, la herrumbre y la corrosi\u00f3n, adem\u00e1s de una viscosidad operativa, a temperaturas altas y bajas. Las grasas de la serie Mobilith SHC est\u00e1n disponibles en siete grados, que var\u00edan en viscosidad del aceite base desde ISO VG 100 a 1500 y en grados NLGI de 2 a 00. Las grasas de la serie Mobilith SHC se han convertido en los productos elegidos por muchos usuarios, en muchas industrias en todo el mundo. Su reputaci\u00f3n se basa en una calidad, confiabilidad y versatilidad excepcionales y en los beneficios de desempe\u00f1o que proporcionan.\" \/>\n<meta property=\"og:url\" content=\"https:\/\/lubrimas.pe\/empresas\/productos\/mobil-shc-series\/\" \/>\n<meta property=\"og:site_name\" content=\"Lubrim\u00e1s Empresas\" \/>\n<meta property=\"article:publisher\" content=\"https:\/\/www.facebook.com\/lubrimasperu\" \/>\n<meta property=\"article:modified_time\" content=\"2022-08-04T18:22:55+00:00\" \/>\n<meta property=\"og:image\" content=\"https:\/\/lubrimas.pe\/empresas\/wp-content\/uploads\/sites\/2\/2022\/08\/lubrimasperu-lubrimaspe-empresas-cotizaciones-aceite-mobil-balde-cilindro-losolivos-lima-peru.webp\" \/>\n\t<meta property=\"og:image:width\" content=\"850\" \/>\n\t<meta property=\"og:image:height\" content=\"1000\" \/>\n\t<meta property=\"og:image:type\" content=\"image\/webp\" \/>\n<meta name=\"twitter:card\" content=\"summary_large_image\" \/>\n<script type=\"application\/ld+json\" class=\"yoast-schema-graph\">{\"@context\":\"https:\\\/\\\/schema.org\",\"@graph\":[{\"@type\":\"WebPage\",\"@id\":\"https:\\\/\\\/lubrimas.pe\\\/empresas\\\/productos\\\/mobil-shc-series\\\/\",\"url\":\"https:\\\/\\\/lubrimas.pe\\\/empresas\\\/productos\\\/mobil-shc-series\\\/\",\"name\":\"MOBIL SHC SERIES - Lubrim\u00e1s Empresas\",\"isPartOf\":{\"@id\":\"https:\\\/\\\/lubrimas.pe\\\/empresas\\\/#website\"},\"primaryImageOfPage\":{\"@id\":\"https:\\\/\\\/lubrimas.pe\\\/empresas\\\/productos\\\/mobil-shc-series\\\/#primaryimage\"},\"image\":{\"@id\":\"https:\\\/\\\/lubrimas.pe\\\/empresas\\\/productos\\\/mobil-shc-series\\\/#primaryimage\"},\"thumbnailUrl\":\"https:\\\/\\\/lubrimas.pe\\\/empresas\\\/wp-content\\\/uploads\\\/sites\\\/2\\\/2022\\\/08\\\/lubrimasperu-lubrimaspe-empresas-cotizaciones-aceite-mobil-balde-cilindro-losolivos-lima-peru.webp\",\"datePublished\":\"2022-01-20T17:10:47+00:00\",\"dateModified\":\"2022-08-04T18:22:55+00:00\",\"breadcrumb\":{\"@id\":\"https:\\\/\\\/lubrimas.pe\\\/empresas\\\/productos\\\/mobil-shc-series\\\/#breadcrumb\"},\"inLanguage\":\"es\",\"potentialAction\":[{\"@type\":\"ReadAction\",\"target\":[\"https:\\\/\\\/lubrimas.pe\\\/empresas\\\/productos\\\/mobil-shc-series\\\/\"]}]},{\"@type\":\"ImageObject\",\"inLanguage\":\"es\",\"@id\":\"https:\\\/\\\/lubrimas.pe\\\/empresas\\\/productos\\\/mobil-shc-series\\\/#primaryimage\",\"url\":\"https:\\\/\\\/lubrimas.pe\\\/empresas\\\/wp-content\\\/uploads\\\/sites\\\/2\\\/2022\\\/08\\\/lubrimasperu-lubrimaspe-empresas-cotizaciones-aceite-mobil-balde-cilindro-losolivos-lima-peru.webp\",\"contentUrl\":\"https:\\\/\\\/lubrimas.pe\\\/empresas\\\/wp-content\\\/uploads\\\/sites\\\/2\\\/2022\\\/08\\\/lubrimasperu-lubrimaspe-empresas-cotizaciones-aceite-mobil-balde-cilindro-losolivos-lima-peru.webp\",\"width\":850,\"height\":1000},{\"@type\":\"BreadcrumbList\",\"@id\":\"https:\\\/\\\/lubrimas.pe\\\/empresas\\\/productos\\\/mobil-shc-series\\\/#breadcrumb\",\"itemListElement\":[{\"@type\":\"ListItem\",\"position\":1,\"name\":\"Portada\",\"item\":\"https:\\\/\\\/lubrimas.pe\\\/empresas\\\/\"},{\"@type\":\"ListItem\",\"position\":2,\"name\":\"Lubricantes (Cat\u00e1logo)\",\"item\":\"https:\\\/\\\/lubrimas.pe\\\/empresas\\\/productos\\\/\"},{\"@type\":\"ListItem\",\"position\":3,\"name\":\"MOBIL SHC SERIES\"}]},{\"@type\":\"WebSite\",\"@id\":\"https:\\\/\\\/lubrimas.pe\\\/empresas\\\/#website\",\"url\":\"https:\\\/\\\/lubrimas.pe\\\/empresas\\\/\",\"name\":\"Lubrim\u00e1s Empresas\",\"description\":\"Distribuidor Autorizado de Lubricantes para el sector Automotor e Industrial\",\"publisher\":{\"@id\":\"https:\\\/\\\/lubrimas.pe\\\/empresas\\\/#organization\"},\"potentialAction\":[{\"@type\":\"SearchAction\",\"target\":{\"@type\":\"EntryPoint\",\"urlTemplate\":\"https:\\\/\\\/lubrimas.pe\\\/empresas\\\/?s={search_term_string}\"},\"query-input\":{\"@type\":\"PropertyValueSpecification\",\"valueRequired\":true,\"valueName\":\"search_term_string\"}}],\"inLanguage\":\"es\"},{\"@type\":\"Organization\",\"@id\":\"https:\\\/\\\/lubrimas.pe\\\/empresas\\\/#organization\",\"name\":\"Lubrimas.pe\",\"url\":\"https:\\\/\\\/lubrimas.pe\\\/empresas\\\/\",\"logo\":{\"@type\":\"ImageObject\",\"inLanguage\":\"es\",\"@id\":\"https:\\\/\\\/lubrimas.pe\\\/empresas\\\/#\\\/schema\\\/logo\\\/image\\\/\",\"url\":\"https:\\\/\\\/lubrimas.pe\\\/empresas\\\/wp-content\\\/uploads\\\/sites\\\/2\\\/2022\\\/03\\\/tarjeta-empresas.webp\",\"contentUrl\":\"https:\\\/\\\/lubrimas.pe\\\/empresas\\\/wp-content\\\/uploads\\\/sites\\\/2\\\/2022\\\/03\\\/tarjeta-empresas.webp\",\"width\":250,\"height\":250,\"caption\":\"Lubrimas.pe\"},\"image\":{\"@id\":\"https:\\\/\\\/lubrimas.pe\\\/empresas\\\/#\\\/schema\\\/logo\\\/image\\\/\"},\"sameAs\":[\"https:\\\/\\\/www.facebook.com\\\/lubrimasperu\",\"https:\\\/\\\/www.instagram.com\\\/lubrimas_pe\",\"https:\\\/\\\/www.youtube.com\\\/channel\\\/UCkp38n2qqb8SU60_v_gaKlg\"]}]}<\/script>\n<!-- \/ Yoast SEO plugin. -->","yoast_head_json":{"title":"MOBIL SHC SERIES - Lubrim\u00e1s Empresas","robots":{"index":"index","follow":"follow","max-snippet":"max-snippet:-1","max-image-preview":"max-image-preview:large","max-video-preview":"max-video-preview:-1"},"canonical":"https:\/\/lubrimas.pe\/empresas\/productos\/mobil-shc-series\/","og_locale":"es_ES","og_type":"article","og_title":"MOBIL SHC SERIES - Lubrim\u00e1s Empresas","og_description":"Las grasas de la serie Mobilith SHCTM son productos de un desempe\u00f1o superior dise\u00f1adas para una amplia variedad de aplicaciones en condiciones extremas de temperatura. Combinan las exclusivas propiedades de los fluidos base sint\u00e9ticos con aquellas de un espesante de alta calidad a base de complejo de litio. Ya que por su naturaleza los fluidos sint\u00e9ticos no contienen cera y tienen un bajo coeficiente de tracci\u00f3n (en comparaci\u00f3n con los aceites minerales), los mismos proporcionan una excelente facilidad de bombeo a bajas temperaturas y muy bajo torque de arranque y de funcionamiento. Estos productos ofrecen la posibilidad de ahorrar energ\u00eda y pueden reducir las temperaturas de operaci\u00f3n en la zona de carga de los rodamientos esf\u00e9ricos de rodillos y bolas. El espesante del complejo de litio contribuye a las excelentes caracter\u00edsticas de adherencia, estabilidad estructural y resistencia al agua. Las grasas poseen un alto nivel de estabilidad qu\u00edmica y est\u00e1n formuladas con combinaciones de aditivos especiales para proporcionar una excelente protecci\u00f3n contra el desgaste, la herrumbre y la corrosi\u00f3n, adem\u00e1s de una viscosidad operativa, a temperaturas altas y bajas. Las grasas de la serie Mobilith SHC est\u00e1n disponibles en siete grados, que var\u00edan en viscosidad del aceite base desde ISO VG 100 a 1500 y en grados NLGI de 2 a 00. Las grasas de la serie Mobilith SHC se han convertido en los productos elegidos por muchos usuarios, en muchas industrias en todo el mundo. Su reputaci\u00f3n se basa en una calidad, confiabilidad y versatilidad excepcionales y en los beneficios de desempe\u00f1o que proporcionan.","og_url":"https:\/\/lubrimas.pe\/empresas\/productos\/mobil-shc-series\/","og_site_name":"Lubrim\u00e1s Empresas","article_publisher":"https:\/\/www.facebook.com\/lubrimasperu","article_modified_time":"2022-08-04T18:22:55+00:00","og_image":[{"width":850,"height":1000,"url":"https:\/\/lubrimas.pe\/empresas\/wp-content\/uploads\/sites\/2\/2022\/08\/lubrimasperu-lubrimaspe-empresas-cotizaciones-aceite-mobil-balde-cilindro-losolivos-lima-peru.webp","type":"image\/webp"}],"twitter_card":"summary_large_image","schema":{"@context":"https:\/\/schema.org","@graph":[{"@type":"WebPage","@id":"https:\/\/lubrimas.pe\/empresas\/productos\/mobil-shc-series\/","url":"https:\/\/lubrimas.pe\/empresas\/productos\/mobil-shc-series\/","name":"MOBIL SHC SERIES - Lubrim\u00e1s Empresas","isPartOf":{"@id":"https:\/\/lubrimas.pe\/empresas\/#website"},"primaryImageOfPage":{"@id":"https:\/\/lubrimas.pe\/empresas\/productos\/mobil-shc-series\/#primaryimage"},"image":{"@id":"https:\/\/lubrimas.pe\/empresas\/productos\/mobil-shc-series\/#primaryimage"},"thumbnailUrl":"https:\/\/lubrimas.pe\/empresas\/wp-content\/uploads\/sites\/2\/2022\/08\/lubrimasperu-lubrimaspe-empresas-cotizaciones-aceite-mobil-balde-cilindro-losolivos-lima-peru.webp","datePublished":"2022-01-20T17:10:47+00:00","dateModified":"2022-08-04T18:22:55+00:00","breadcrumb":{"@id":"https:\/\/lubrimas.pe\/empresas\/productos\/mobil-shc-series\/#breadcrumb"},"inLanguage":"es","potentialAction":[{"@type":"ReadAction","target":["https:\/\/lubrimas.pe\/empresas\/productos\/mobil-shc-series\/"]}]},{"@type":"ImageObject","inLanguage":"es","@id":"https:\/\/lubrimas.pe\/empresas\/productos\/mobil-shc-series\/#primaryimage","url":"https:\/\/lubrimas.pe\/empresas\/wp-content\/uploads\/sites\/2\/2022\/08\/lubrimasperu-lubrimaspe-empresas-cotizaciones-aceite-mobil-balde-cilindro-losolivos-lima-peru.webp","contentUrl":"https:\/\/lubrimas.pe\/empresas\/wp-content\/uploads\/sites\/2\/2022\/08\/lubrimasperu-lubrimaspe-empresas-cotizaciones-aceite-mobil-balde-cilindro-losolivos-lima-peru.webp","width":850,"height":1000},{"@type":"BreadcrumbList","@id":"https:\/\/lubrimas.pe\/empresas\/productos\/mobil-shc-series\/#breadcrumb","itemListElement":[{"@type":"ListItem","position":1,"name":"Portada","item":"https:\/\/lubrimas.pe\/empresas\/"},{"@type":"ListItem","position":2,"name":"Lubricantes (Cat\u00e1logo)","item":"https:\/\/lubrimas.pe\/empresas\/productos\/"},{"@type":"ListItem","position":3,"name":"MOBIL SHC SERIES"}]},{"@type":"WebSite","@id":"https:\/\/lubrimas.pe\/empresas\/#website","url":"https:\/\/lubrimas.pe\/empresas\/","name":"Lubrim\u00e1s Empresas","description":"Distribuidor Autorizado de Lubricantes para el sector Automotor e Industrial","publisher":{"@id":"https:\/\/lubrimas.pe\/empresas\/#organization"},"potentialAction":[{"@type":"SearchAction","target":{"@type":"EntryPoint","urlTemplate":"https:\/\/lubrimas.pe\/empresas\/?s={search_term_string}"},"query-input":{"@type":"PropertyValueSpecification","valueRequired":true,"valueName":"search_term_string"}}],"inLanguage":"es"},{"@type":"Organization","@id":"https:\/\/lubrimas.pe\/empresas\/#organization","name":"Lubrimas.pe","url":"https:\/\/lubrimas.pe\/empresas\/","logo":{"@type":"ImageObject","inLanguage":"es","@id":"https:\/\/lubrimas.pe\/empresas\/#\/schema\/logo\/image\/","url":"https:\/\/lubrimas.pe\/empresas\/wp-content\/uploads\/sites\/2\/2022\/03\/tarjeta-empresas.webp","contentUrl":"https:\/\/lubrimas.pe\/empresas\/wp-content\/uploads\/sites\/2\/2022\/03\/tarjeta-empresas.webp","width":250,"height":250,"caption":"Lubrimas.pe"},"image":{"@id":"https:\/\/lubrimas.pe\/empresas\/#\/schema\/logo\/image\/"},"sameAs":["https:\/\/www.facebook.com\/lubrimasperu","https:\/\/www.instagram.com\/lubrimas_pe","https:\/\/www.youtube.com\/channel\/UCkp38n2qqb8SU60_v_gaKlg"]}]}},"_links":{"self":[{"href":"https:\/\/lubrimas.pe\/empresas\/wp-json\/wp\/v2\/product\/648","targetHints":{"allow":["GET"]}}],"collection":[{"href":"https:\/\/lubrimas.pe\/empresas\/wp-json\/wp\/v2\/product"}],"about":[{"href":"https:\/\/lubrimas.pe\/empresas\/wp-json\/wp\/v2\/types\/product"}],"replies":[{"embeddable":true,"href":"https:\/\/lubrimas.pe\/empresas\/wp-json\/wp\/v2\/comments?post=648"}],"wp:featuredmedia":[{"embeddable":true,"href":"https:\/\/lubrimas.pe\/empresas\/wp-json\/wp\/v2\/media\/1317"}],"wp:attachment":[{"href":"https:\/\/lubrimas.pe\/empresas\/wp-json\/wp\/v2\/media?parent=648"}],"wp:term":[{"taxonomy":"product_brand","embeddable":true,"href":"https:\/\/lubrimas.pe\/empresas\/wp-json\/wp\/v2\/product_brand?post=648"},{"taxonomy":"product_cat","embeddable":true,"href":"https:\/\/lubrimas.pe\/empresas\/wp-json\/wp\/v2\/product_cat?post=648"},{"taxonomy":"product_tag","embeddable":true,"href":"https:\/\/lubrimas.pe\/empresas\/wp-json\/wp\/v2\/product_tag?post=648"}],"curies":[{"name":"wp","href":"https:\/\/api.w.org\/{rel}","templated":true}]}}