{"id":658,"date":"2022-01-20T17:10:55","date_gmt":"2022-01-20T17:10:55","guid":{"rendered":"https:\/\/lubrimas.pe\/empresas\/?post_type=product&#038;p=658"},"modified":"2022-08-04T13:06:51","modified_gmt":"2022-08-04T18:06:51","slug":"mobil-centaur-xhp-mine-series","status":"publish","type":"product","link":"https:\/\/lubrimas.pe\/empresas\/productos\/mobil-centaur-xhp-mine-series\/","title":{"rendered":"MOBIL CENTAUR XHP MINE SERIES"},"content":{"rendered":"","protected":false},"excerpt":{"rendered":"<p>Las grasas Mobil Centaur XHP 460 Series son una familia de grasas de calidad Premium formuladas con una avanzada tecnolog\u00eda de espesante a base de sulfonato de calcio. El espesante de sulfonato de calcio trae consigo propiedades inherentes de protecci\u00f3n contra la herrumbre y de extrema presi\u00f3n (EP). En comparaci\u00f3n con los espesantes convencionales a base de jabones, (o sea: jabones de litio, aluminio y calcio), el espesante de sulfonato de calcio utilizado en la familia Mobil Centaur XHP 460 Series brinda un excelente desempe\u00f1o en ambientes saturados con agua, proporcionando protecci\u00f3n contra la herrumbre entre largos intervalos de lubricaci\u00f3n. Las propiedades inherentes de EP exhiben una gran estabilidad en la presencia de agua, lo que permite un equilibrio entre la protecci\u00f3n contra el desgaste y la resistencia a la corrosi\u00f3n. Las grasas Mobil Centaur XHP 460 Series son particularmente id\u00f3neas para satisfacer las exigentes demandas de lubricaci\u00f3n de los equipos de las acer\u00edas y de las m\u00e1quinas de fabricaci\u00f3n de papel. Las grasas Mobil Centaur XHP 460 Series proporcionan una combinaci\u00f3n balanceada de resistencia al lavado por agua y al arrastre por agua, adem\u00e1s de una excelente protecci\u00f3n contra la corrosi\u00f3n, en estos ambientes extremadamente h\u00famedos. Los espesantes de sulfonato de calcio utilizados tambi\u00e9n son capaces de mantener su consistencia y sus caracter\u00edsticas de protecci\u00f3n a presiones extremas incluso con altos niveles de contaminaci\u00f3n de agua.<\/p>\n","protected":false},"featured_media":1317,"comment_status":"closed","ping_status":"closed","template":"","meta":[],"product_brand":[],"product_cat":[105,106],"product_tag":[],"class_list":{"0":"post-658","1":"product","2":"type-product","3":"status-publish","4":"has-post-thumbnail","6":"product_cat-grasas","7":"product_cat-grasas-industriales","8":"pa_marca-mobil","9":"pa_presentacion-cilindro-55gl","11":"first","12":"instock","13":"taxable","14":"shipping-taxable","15":"purchasable","16":"product-type-variable","17":"has-default-attributes"},"yoast_head":"<!-- This site is optimized with the Yoast SEO plugin v27.4 - https:\/\/yoast.com\/product\/yoast-seo-wordpress\/ -->\n<title>MOBIL CENTAUR XHP MINE SERIES - Lubrim\u00e1s Empresas<\/title>\n<meta name=\"robots\" content=\"index, follow, max-snippet:-1, max-image-preview:large, max-video-preview:-1\" \/>\n<link rel=\"canonical\" href=\"https:\/\/lubrimas.pe\/empresas\/productos\/mobil-centaur-xhp-mine-series\/\" \/>\n<meta property=\"og:locale\" content=\"es_ES\" \/>\n<meta property=\"og:type\" content=\"article\" \/>\n<meta property=\"og:title\" content=\"MOBIL CENTAUR XHP MINE SERIES - Lubrim\u00e1s Empresas\" \/>\n<meta property=\"og:description\" content=\"Las grasas Mobil Centaur XHP 460 Series son una familia de grasas de calidad Premium formuladas con una avanzada tecnolog\u00eda de espesante a base de sulfonato de calcio. El espesante de sulfonato de calcio trae consigo propiedades inherentes de protecci\u00f3n contra la herrumbre y de extrema presi\u00f3n (EP). En comparaci\u00f3n con los espesantes convencionales a base de jabones, (o sea: jabones de litio, aluminio y calcio), el espesante de sulfonato de calcio utilizado en la familia Mobil Centaur XHP 460 Series brinda un excelente desempe\u00f1o en ambientes saturados con agua, proporcionando protecci\u00f3n contra la herrumbre entre largos intervalos de lubricaci\u00f3n. Las propiedades inherentes de EP exhiben una gran estabilidad en la presencia de agua, lo que permite un equilibrio entre la protecci\u00f3n contra el desgaste y la resistencia a la corrosi\u00f3n. Las grasas Mobil Centaur XHP 460 Series son particularmente id\u00f3neas para satisfacer las exigentes demandas de lubricaci\u00f3n de los equipos de las acer\u00edas y de las m\u00e1quinas de fabricaci\u00f3n de papel. Las grasas Mobil Centaur XHP 460 Series proporcionan una combinaci\u00f3n balanceada de resistencia al lavado por agua y al arrastre por agua, adem\u00e1s de una excelente protecci\u00f3n contra la corrosi\u00f3n, en estos ambientes extremadamente h\u00famedos. Los espesantes de sulfonato de calcio utilizados tambi\u00e9n son capaces de mantener su consistencia y sus caracter\u00edsticas de protecci\u00f3n a presiones extremas incluso con altos niveles de contaminaci\u00f3n de agua.\" \/>\n<meta property=\"og:url\" content=\"https:\/\/lubrimas.pe\/empresas\/productos\/mobil-centaur-xhp-mine-series\/\" \/>\n<meta property=\"og:site_name\" content=\"Lubrim\u00e1s Empresas\" \/>\n<meta property=\"article:publisher\" content=\"https:\/\/www.facebook.com\/lubrimasperu\" \/>\n<meta property=\"article:modified_time\" content=\"2022-08-04T18:06:51+00:00\" \/>\n<meta property=\"og:image\" content=\"https:\/\/lubrimas.pe\/empresas\/wp-content\/uploads\/sites\/2\/2022\/08\/lubrimasperu-lubrimaspe-empresas-cotizaciones-aceite-mobil-balde-cilindro-losolivos-lima-peru.webp\" \/>\n\t<meta property=\"og:image:width\" content=\"850\" \/>\n\t<meta property=\"og:image:height\" content=\"1000\" \/>\n\t<meta property=\"og:image:type\" content=\"image\/webp\" \/>\n<meta name=\"twitter:card\" content=\"summary_large_image\" \/>\n<script type=\"application\/ld+json\" class=\"yoast-schema-graph\">{\"@context\":\"https:\\\/\\\/schema.org\",\"@graph\":[{\"@type\":\"WebPage\",\"@id\":\"https:\\\/\\\/lubrimas.pe\\\/empresas\\\/productos\\\/mobil-centaur-xhp-mine-series\\\/\",\"url\":\"https:\\\/\\\/lubrimas.pe\\\/empresas\\\/productos\\\/mobil-centaur-xhp-mine-series\\\/\",\"name\":\"MOBIL CENTAUR XHP MINE SERIES - Lubrim\u00e1s Empresas\",\"isPartOf\":{\"@id\":\"https:\\\/\\\/lubrimas.pe\\\/empresas\\\/#website\"},\"primaryImageOfPage\":{\"@id\":\"https:\\\/\\\/lubrimas.pe\\\/empresas\\\/productos\\\/mobil-centaur-xhp-mine-series\\\/#primaryimage\"},\"image\":{\"@id\":\"https:\\\/\\\/lubrimas.pe\\\/empresas\\\/productos\\\/mobil-centaur-xhp-mine-series\\\/#primaryimage\"},\"thumbnailUrl\":\"https:\\\/\\\/lubrimas.pe\\\/empresas\\\/wp-content\\\/uploads\\\/sites\\\/2\\\/2022\\\/08\\\/lubrimasperu-lubrimaspe-empresas-cotizaciones-aceite-mobil-balde-cilindro-losolivos-lima-peru.webp\",\"datePublished\":\"2022-01-20T17:10:55+00:00\",\"dateModified\":\"2022-08-04T18:06:51+00:00\",\"breadcrumb\":{\"@id\":\"https:\\\/\\\/lubrimas.pe\\\/empresas\\\/productos\\\/mobil-centaur-xhp-mine-series\\\/#breadcrumb\"},\"inLanguage\":\"es\",\"potentialAction\":[{\"@type\":\"ReadAction\",\"target\":[\"https:\\\/\\\/lubrimas.pe\\\/empresas\\\/productos\\\/mobil-centaur-xhp-mine-series\\\/\"]}]},{\"@type\":\"ImageObject\",\"inLanguage\":\"es\",\"@id\":\"https:\\\/\\\/lubrimas.pe\\\/empresas\\\/productos\\\/mobil-centaur-xhp-mine-series\\\/#primaryimage\",\"url\":\"https:\\\/\\\/lubrimas.pe\\\/empresas\\\/wp-content\\\/uploads\\\/sites\\\/2\\\/2022\\\/08\\\/lubrimasperu-lubrimaspe-empresas-cotizaciones-aceite-mobil-balde-cilindro-losolivos-lima-peru.webp\",\"contentUrl\":\"https:\\\/\\\/lubrimas.pe\\\/empresas\\\/wp-content\\\/uploads\\\/sites\\\/2\\\/2022\\\/08\\\/lubrimasperu-lubrimaspe-empresas-cotizaciones-aceite-mobil-balde-cilindro-losolivos-lima-peru.webp\",\"width\":850,\"height\":1000},{\"@type\":\"BreadcrumbList\",\"@id\":\"https:\\\/\\\/lubrimas.pe\\\/empresas\\\/productos\\\/mobil-centaur-xhp-mine-series\\\/#breadcrumb\",\"itemListElement\":[{\"@type\":\"ListItem\",\"position\":1,\"name\":\"Portada\",\"item\":\"https:\\\/\\\/lubrimas.pe\\\/empresas\\\/\"},{\"@type\":\"ListItem\",\"position\":2,\"name\":\"Lubricantes (Cat\u00e1logo)\",\"item\":\"https:\\\/\\\/lubrimas.pe\\\/empresas\\\/productos\\\/\"},{\"@type\":\"ListItem\",\"position\":3,\"name\":\"MOBIL CENTAUR XHP MINE SERIES\"}]},{\"@type\":\"WebSite\",\"@id\":\"https:\\\/\\\/lubrimas.pe\\\/empresas\\\/#website\",\"url\":\"https:\\\/\\\/lubrimas.pe\\\/empresas\\\/\",\"name\":\"Lubrim\u00e1s Empresas\",\"description\":\"Distribuidor Autorizado de Lubricantes para el sector Automotor e Industrial\",\"publisher\":{\"@id\":\"https:\\\/\\\/lubrimas.pe\\\/empresas\\\/#organization\"},\"potentialAction\":[{\"@type\":\"SearchAction\",\"target\":{\"@type\":\"EntryPoint\",\"urlTemplate\":\"https:\\\/\\\/lubrimas.pe\\\/empresas\\\/?s={search_term_string}\"},\"query-input\":{\"@type\":\"PropertyValueSpecification\",\"valueRequired\":true,\"valueName\":\"search_term_string\"}}],\"inLanguage\":\"es\"},{\"@type\":\"Organization\",\"@id\":\"https:\\\/\\\/lubrimas.pe\\\/empresas\\\/#organization\",\"name\":\"Lubrimas.pe\",\"url\":\"https:\\\/\\\/lubrimas.pe\\\/empresas\\\/\",\"logo\":{\"@type\":\"ImageObject\",\"inLanguage\":\"es\",\"@id\":\"https:\\\/\\\/lubrimas.pe\\\/empresas\\\/#\\\/schema\\\/logo\\\/image\\\/\",\"url\":\"https:\\\/\\\/lubrimas.pe\\\/empresas\\\/wp-content\\\/uploads\\\/sites\\\/2\\\/2022\\\/03\\\/tarjeta-empresas.webp\",\"contentUrl\":\"https:\\\/\\\/lubrimas.pe\\\/empresas\\\/wp-content\\\/uploads\\\/sites\\\/2\\\/2022\\\/03\\\/tarjeta-empresas.webp\",\"width\":250,\"height\":250,\"caption\":\"Lubrimas.pe\"},\"image\":{\"@id\":\"https:\\\/\\\/lubrimas.pe\\\/empresas\\\/#\\\/schema\\\/logo\\\/image\\\/\"},\"sameAs\":[\"https:\\\/\\\/www.facebook.com\\\/lubrimasperu\",\"https:\\\/\\\/www.instagram.com\\\/lubrimas_pe\",\"https:\\\/\\\/www.youtube.com\\\/channel\\\/UCkp38n2qqb8SU60_v_gaKlg\"]}]}<\/script>\n<!-- \/ Yoast SEO plugin. -->","yoast_head_json":{"title":"MOBIL CENTAUR XHP MINE SERIES - Lubrim\u00e1s Empresas","robots":{"index":"index","follow":"follow","max-snippet":"max-snippet:-1","max-image-preview":"max-image-preview:large","max-video-preview":"max-video-preview:-1"},"canonical":"https:\/\/lubrimas.pe\/empresas\/productos\/mobil-centaur-xhp-mine-series\/","og_locale":"es_ES","og_type":"article","og_title":"MOBIL CENTAUR XHP MINE SERIES - Lubrim\u00e1s Empresas","og_description":"Las grasas Mobil Centaur XHP 460 Series son una familia de grasas de calidad Premium formuladas con una avanzada tecnolog\u00eda de espesante a base de sulfonato de calcio. El espesante de sulfonato de calcio trae consigo propiedades inherentes de protecci\u00f3n contra la herrumbre y de extrema presi\u00f3n (EP). En comparaci\u00f3n con los espesantes convencionales a base de jabones, (o sea: jabones de litio, aluminio y calcio), el espesante de sulfonato de calcio utilizado en la familia Mobil Centaur XHP 460 Series brinda un excelente desempe\u00f1o en ambientes saturados con agua, proporcionando protecci\u00f3n contra la herrumbre entre largos intervalos de lubricaci\u00f3n. Las propiedades inherentes de EP exhiben una gran estabilidad en la presencia de agua, lo que permite un equilibrio entre la protecci\u00f3n contra el desgaste y la resistencia a la corrosi\u00f3n. Las grasas Mobil Centaur XHP 460 Series son particularmente id\u00f3neas para satisfacer las exigentes demandas de lubricaci\u00f3n de los equipos de las acer\u00edas y de las m\u00e1quinas de fabricaci\u00f3n de papel. Las grasas Mobil Centaur XHP 460 Series proporcionan una combinaci\u00f3n balanceada de resistencia al lavado por agua y al arrastre por agua, adem\u00e1s de una excelente protecci\u00f3n contra la corrosi\u00f3n, en estos ambientes extremadamente h\u00famedos. Los espesantes de sulfonato de calcio utilizados tambi\u00e9n son capaces de mantener su consistencia y sus caracter\u00edsticas de protecci\u00f3n a presiones extremas incluso con altos niveles de contaminaci\u00f3n de agua.","og_url":"https:\/\/lubrimas.pe\/empresas\/productos\/mobil-centaur-xhp-mine-series\/","og_site_name":"Lubrim\u00e1s Empresas","article_publisher":"https:\/\/www.facebook.com\/lubrimasperu","article_modified_time":"2022-08-04T18:06:51+00:00","og_image":[{"width":850,"height":1000,"url":"https:\/\/lubrimas.pe\/empresas\/wp-content\/uploads\/sites\/2\/2022\/08\/lubrimasperu-lubrimaspe-empresas-cotizaciones-aceite-mobil-balde-cilindro-losolivos-lima-peru.webp","type":"image\/webp"}],"twitter_card":"summary_large_image","schema":{"@context":"https:\/\/schema.org","@graph":[{"@type":"WebPage","@id":"https:\/\/lubrimas.pe\/empresas\/productos\/mobil-centaur-xhp-mine-series\/","url":"https:\/\/lubrimas.pe\/empresas\/productos\/mobil-centaur-xhp-mine-series\/","name":"MOBIL CENTAUR XHP MINE SERIES - Lubrim\u00e1s Empresas","isPartOf":{"@id":"https:\/\/lubrimas.pe\/empresas\/#website"},"primaryImageOfPage":{"@id":"https:\/\/lubrimas.pe\/empresas\/productos\/mobil-centaur-xhp-mine-series\/#primaryimage"},"image":{"@id":"https:\/\/lubrimas.pe\/empresas\/productos\/mobil-centaur-xhp-mine-series\/#primaryimage"},"thumbnailUrl":"https:\/\/lubrimas.pe\/empresas\/wp-content\/uploads\/sites\/2\/2022\/08\/lubrimasperu-lubrimaspe-empresas-cotizaciones-aceite-mobil-balde-cilindro-losolivos-lima-peru.webp","datePublished":"2022-01-20T17:10:55+00:00","dateModified":"2022-08-04T18:06:51+00:00","breadcrumb":{"@id":"https:\/\/lubrimas.pe\/empresas\/productos\/mobil-centaur-xhp-mine-series\/#breadcrumb"},"inLanguage":"es","potentialAction":[{"@type":"ReadAction","target":["https:\/\/lubrimas.pe\/empresas\/productos\/mobil-centaur-xhp-mine-series\/"]}]},{"@type":"ImageObject","inLanguage":"es","@id":"https:\/\/lubrimas.pe\/empresas\/productos\/mobil-centaur-xhp-mine-series\/#primaryimage","url":"https:\/\/lubrimas.pe\/empresas\/wp-content\/uploads\/sites\/2\/2022\/08\/lubrimasperu-lubrimaspe-empresas-cotizaciones-aceite-mobil-balde-cilindro-losolivos-lima-peru.webp","contentUrl":"https:\/\/lubrimas.pe\/empresas\/wp-content\/uploads\/sites\/2\/2022\/08\/lubrimasperu-lubrimaspe-empresas-cotizaciones-aceite-mobil-balde-cilindro-losolivos-lima-peru.webp","width":850,"height":1000},{"@type":"BreadcrumbList","@id":"https:\/\/lubrimas.pe\/empresas\/productos\/mobil-centaur-xhp-mine-series\/#breadcrumb","itemListElement":[{"@type":"ListItem","position":1,"name":"Portada","item":"https:\/\/lubrimas.pe\/empresas\/"},{"@type":"ListItem","position":2,"name":"Lubricantes (Cat\u00e1logo)","item":"https:\/\/lubrimas.pe\/empresas\/productos\/"},{"@type":"ListItem","position":3,"name":"MOBIL CENTAUR XHP MINE SERIES"}]},{"@type":"WebSite","@id":"https:\/\/lubrimas.pe\/empresas\/#website","url":"https:\/\/lubrimas.pe\/empresas\/","name":"Lubrim\u00e1s Empresas","description":"Distribuidor Autorizado de Lubricantes para el sector Automotor e Industrial","publisher":{"@id":"https:\/\/lubrimas.pe\/empresas\/#organization"},"potentialAction":[{"@type":"SearchAction","target":{"@type":"EntryPoint","urlTemplate":"https:\/\/lubrimas.pe\/empresas\/?s={search_term_string}"},"query-input":{"@type":"PropertyValueSpecification","valueRequired":true,"valueName":"search_term_string"}}],"inLanguage":"es"},{"@type":"Organization","@id":"https:\/\/lubrimas.pe\/empresas\/#organization","name":"Lubrimas.pe","url":"https:\/\/lubrimas.pe\/empresas\/","logo":{"@type":"ImageObject","inLanguage":"es","@id":"https:\/\/lubrimas.pe\/empresas\/#\/schema\/logo\/image\/","url":"https:\/\/lubrimas.pe\/empresas\/wp-content\/uploads\/sites\/2\/2022\/03\/tarjeta-empresas.webp","contentUrl":"https:\/\/lubrimas.pe\/empresas\/wp-content\/uploads\/sites\/2\/2022\/03\/tarjeta-empresas.webp","width":250,"height":250,"caption":"Lubrimas.pe"},"image":{"@id":"https:\/\/lubrimas.pe\/empresas\/#\/schema\/logo\/image\/"},"sameAs":["https:\/\/www.facebook.com\/lubrimasperu","https:\/\/www.instagram.com\/lubrimas_pe","https:\/\/www.youtube.com\/channel\/UCkp38n2qqb8SU60_v_gaKlg"]}]}},"_links":{"self":[{"href":"https:\/\/lubrimas.pe\/empresas\/wp-json\/wp\/v2\/product\/658","targetHints":{"allow":["GET"]}}],"collection":[{"href":"https:\/\/lubrimas.pe\/empresas\/wp-json\/wp\/v2\/product"}],"about":[{"href":"https:\/\/lubrimas.pe\/empresas\/wp-json\/wp\/v2\/types\/product"}],"replies":[{"embeddable":true,"href":"https:\/\/lubrimas.pe\/empresas\/wp-json\/wp\/v2\/comments?post=658"}],"wp:featuredmedia":[{"embeddable":true,"href":"https:\/\/lubrimas.pe\/empresas\/wp-json\/wp\/v2\/media\/1317"}],"wp:attachment":[{"href":"https:\/\/lubrimas.pe\/empresas\/wp-json\/wp\/v2\/media?parent=658"}],"wp:term":[{"taxonomy":"product_brand","embeddable":true,"href":"https:\/\/lubrimas.pe\/empresas\/wp-json\/wp\/v2\/product_brand?post=658"},{"taxonomy":"product_cat","embeddable":true,"href":"https:\/\/lubrimas.pe\/empresas\/wp-json\/wp\/v2\/product_cat?post=658"},{"taxonomy":"product_tag","embeddable":true,"href":"https:\/\/lubrimas.pe\/empresas\/wp-json\/wp\/v2\/product_tag?post=658"}],"curies":[{"name":"wp","href":"https:\/\/api.w.org\/{rel}","templated":true}]}}