{"id":674,"date":"2022-01-20T17:10:57","date_gmt":"2022-01-20T17:10:57","guid":{"rendered":"https:\/\/lubrimas.pe\/empresas\/?post_type=product&#038;p=674"},"modified":"2022-08-04T13:03:39","modified_gmt":"2022-08-04T18:03:39","slug":"mobil-mobilgrease-xhp-mine-series","status":"publish","type":"product","link":"https:\/\/lubrimas.pe\/empresas\/productos\/mobil-mobilgrease-xhp-mine-series\/","title":{"rendered":"MOBIL MOBILGREASE XHP MINE SERIES"},"content":{"rendered":"","protected":false},"excerpt":{"rendered":"<p>Los productos Mobilgrease XHPTM Mine est\u00e1n expresamente dise\u00f1ados para la lubricaci\u00f3n de equipos mineros y equipo fuera de carretera de servicio extra pesado. Con una gama completa de grados NLGI, esta serie de grasas a base de complejo de litio, que contiene 5 % de bisulfuro de molibdeno, puede ser utilizada en una amplia gama de condiciones de funcionamiento y temperaturas para mejorar la productividad. Mobilgrease XHP Mine Series tiene excelentes propiedades de antidesgaste y de resistencia a las presiones extremas, adem\u00e1s de excepcional capacidad de retenci\u00f3n, muy buenas capacidades de resistencia al lavado y a la aspersi\u00f3n por agua, y de servicio prolongado bajo condiciones de funcionamiento severas. Estas grasas para servicio extra pesado exhiben una excelente estabilidad estructural. No corroer\u00e1n el acero o las aleaciones que contengan cobre y son compatibles con la mayor\u00eda de los materiales convencionales de los sellos. Las grasas Mobilgrease XHP 320 Mine, 321 Mine, y 322 Mine fueron desarrolladas sobre todo por su superior desempe\u00f1o en pernos de cangilones, pernos de pivoteo y componentes de chasis muy cargados. Las grasas Mobilgrease XHP 100 Mine y 320 Mine son especialmente aptas para sistemas de lubricaci\u00f3n central de equipos pesados que requieren una grasa grado NLGI 0. Mobilgrease XHP 100 Mine y 320 Mine son recomendado por ExxonMobil para el uso en sistemas de lubricaci\u00f3n central encontrados en equipos mineros y para uso fuera de carretera. La grasa Mobilgrease XHP 100 Mine exhibe una buena capacidad para expenderse a temperaturas tan bajas como -50\u00b0C (-58\u00b0F). La grasa Mobilgrease XHP 321 Mine es una grasa grado NLGI 1 con muy buena facilidad de bombeo a bajas temperatura desarrollada para utilizarse bajo temperaturas m\u00e1s fr\u00edas. La grasa Mobilgrease XHP 322 Mine es una grasa grado NLGI 2 para utilizarse como un lubricante general de chasis.<\/p>\n","protected":false},"featured_media":1317,"comment_status":"closed","ping_status":"closed","template":"","meta":[],"product_brand":[],"product_cat":[105,106],"product_tag":[],"class_list":{"0":"post-674","1":"product","2":"type-product","3":"status-publish","4":"has-post-thumbnail","6":"product_cat-grasas","7":"product_cat-grasas-industriales","8":"pa_marca-mobil","9":"pa_presentacion-cilindro-55gl","11":"first","12":"instock","13":"taxable","14":"shipping-taxable","15":"purchasable","16":"product-type-variable","17":"has-default-attributes"},"yoast_head":"<!-- This site is optimized with the Yoast SEO plugin v27.4 - https:\/\/yoast.com\/product\/yoast-seo-wordpress\/ -->\n<title>MOBIL MOBILGREASE XHP MINE SERIES - Lubrim\u00e1s Empresas<\/title>\n<meta name=\"robots\" content=\"index, follow, max-snippet:-1, max-image-preview:large, max-video-preview:-1\" \/>\n<link rel=\"canonical\" href=\"https:\/\/lubrimas.pe\/empresas\/productos\/mobil-mobilgrease-xhp-mine-series\/\" \/>\n<meta property=\"og:locale\" content=\"es_ES\" \/>\n<meta property=\"og:type\" content=\"article\" \/>\n<meta property=\"og:title\" content=\"MOBIL MOBILGREASE XHP MINE SERIES - Lubrim\u00e1s Empresas\" \/>\n<meta property=\"og:description\" content=\"Los productos Mobilgrease XHPTM Mine est\u00e1n expresamente dise\u00f1ados para la lubricaci\u00f3n de equipos mineros y equipo fuera de carretera de servicio extra pesado. Con una gama completa de grados NLGI, esta serie de grasas a base de complejo de litio, que contiene 5 % de bisulfuro de molibdeno, puede ser utilizada en una amplia gama de condiciones de funcionamiento y temperaturas para mejorar la productividad. Mobilgrease XHP Mine Series tiene excelentes propiedades de antidesgaste y de resistencia a las presiones extremas, adem\u00e1s de excepcional capacidad de retenci\u00f3n, muy buenas capacidades de resistencia al lavado y a la aspersi\u00f3n por agua, y de servicio prolongado bajo condiciones de funcionamiento severas. Estas grasas para servicio extra pesado exhiben una excelente estabilidad estructural. No corroer\u00e1n el acero o las aleaciones que contengan cobre y son compatibles con la mayor\u00eda de los materiales convencionales de los sellos. Las grasas Mobilgrease XHP 320 Mine, 321 Mine, y 322 Mine fueron desarrolladas sobre todo por su superior desempe\u00f1o en pernos de cangilones, pernos de pivoteo y componentes de chasis muy cargados. Las grasas Mobilgrease XHP 100 Mine y 320 Mine son especialmente aptas para sistemas de lubricaci\u00f3n central de equipos pesados que requieren una grasa grado NLGI 0. Mobilgrease XHP 100 Mine y 320 Mine son recomendado por ExxonMobil para el uso en sistemas de lubricaci\u00f3n central encontrados en equipos mineros y para uso fuera de carretera. La grasa Mobilgrease XHP 100 Mine exhibe una buena capacidad para expenderse a temperaturas tan bajas como -50\u00b0C (-58\u00b0F). La grasa Mobilgrease XHP 321 Mine es una grasa grado NLGI 1 con muy buena facilidad de bombeo a bajas temperatura desarrollada para utilizarse bajo temperaturas m\u00e1s fr\u00edas. La grasa Mobilgrease XHP 322 Mine es una grasa grado NLGI 2 para utilizarse como un lubricante general de chasis.\" \/>\n<meta property=\"og:url\" content=\"https:\/\/lubrimas.pe\/empresas\/productos\/mobil-mobilgrease-xhp-mine-series\/\" \/>\n<meta property=\"og:site_name\" content=\"Lubrim\u00e1s Empresas\" \/>\n<meta property=\"article:publisher\" content=\"https:\/\/www.facebook.com\/lubrimasperu\" \/>\n<meta property=\"article:modified_time\" content=\"2022-08-04T18:03:39+00:00\" \/>\n<meta property=\"og:image\" content=\"https:\/\/lubrimas.pe\/empresas\/wp-content\/uploads\/sites\/2\/2022\/08\/lubrimasperu-lubrimaspe-empresas-cotizaciones-aceite-mobil-balde-cilindro-losolivos-lima-peru.webp\" \/>\n\t<meta property=\"og:image:width\" content=\"850\" \/>\n\t<meta property=\"og:image:height\" content=\"1000\" \/>\n\t<meta property=\"og:image:type\" content=\"image\/webp\" \/>\n<meta name=\"twitter:card\" content=\"summary_large_image\" \/>\n<script type=\"application\/ld+json\" class=\"yoast-schema-graph\">{\"@context\":\"https:\\\/\\\/schema.org\",\"@graph\":[{\"@type\":\"WebPage\",\"@id\":\"https:\\\/\\\/lubrimas.pe\\\/empresas\\\/productos\\\/mobil-mobilgrease-xhp-mine-series\\\/\",\"url\":\"https:\\\/\\\/lubrimas.pe\\\/empresas\\\/productos\\\/mobil-mobilgrease-xhp-mine-series\\\/\",\"name\":\"MOBIL MOBILGREASE XHP MINE SERIES - Lubrim\u00e1s Empresas\",\"isPartOf\":{\"@id\":\"https:\\\/\\\/lubrimas.pe\\\/empresas\\\/#website\"},\"primaryImageOfPage\":{\"@id\":\"https:\\\/\\\/lubrimas.pe\\\/empresas\\\/productos\\\/mobil-mobilgrease-xhp-mine-series\\\/#primaryimage\"},\"image\":{\"@id\":\"https:\\\/\\\/lubrimas.pe\\\/empresas\\\/productos\\\/mobil-mobilgrease-xhp-mine-series\\\/#primaryimage\"},\"thumbnailUrl\":\"https:\\\/\\\/lubrimas.pe\\\/empresas\\\/wp-content\\\/uploads\\\/sites\\\/2\\\/2022\\\/08\\\/lubrimasperu-lubrimaspe-empresas-cotizaciones-aceite-mobil-balde-cilindro-losolivos-lima-peru.webp\",\"datePublished\":\"2022-01-20T17:10:57+00:00\",\"dateModified\":\"2022-08-04T18:03:39+00:00\",\"breadcrumb\":{\"@id\":\"https:\\\/\\\/lubrimas.pe\\\/empresas\\\/productos\\\/mobil-mobilgrease-xhp-mine-series\\\/#breadcrumb\"},\"inLanguage\":\"es\",\"potentialAction\":[{\"@type\":\"ReadAction\",\"target\":[\"https:\\\/\\\/lubrimas.pe\\\/empresas\\\/productos\\\/mobil-mobilgrease-xhp-mine-series\\\/\"]}]},{\"@type\":\"ImageObject\",\"inLanguage\":\"es\",\"@id\":\"https:\\\/\\\/lubrimas.pe\\\/empresas\\\/productos\\\/mobil-mobilgrease-xhp-mine-series\\\/#primaryimage\",\"url\":\"https:\\\/\\\/lubrimas.pe\\\/empresas\\\/wp-content\\\/uploads\\\/sites\\\/2\\\/2022\\\/08\\\/lubrimasperu-lubrimaspe-empresas-cotizaciones-aceite-mobil-balde-cilindro-losolivos-lima-peru.webp\",\"contentUrl\":\"https:\\\/\\\/lubrimas.pe\\\/empresas\\\/wp-content\\\/uploads\\\/sites\\\/2\\\/2022\\\/08\\\/lubrimasperu-lubrimaspe-empresas-cotizaciones-aceite-mobil-balde-cilindro-losolivos-lima-peru.webp\",\"width\":850,\"height\":1000},{\"@type\":\"BreadcrumbList\",\"@id\":\"https:\\\/\\\/lubrimas.pe\\\/empresas\\\/productos\\\/mobil-mobilgrease-xhp-mine-series\\\/#breadcrumb\",\"itemListElement\":[{\"@type\":\"ListItem\",\"position\":1,\"name\":\"Portada\",\"item\":\"https:\\\/\\\/lubrimas.pe\\\/empresas\\\/\"},{\"@type\":\"ListItem\",\"position\":2,\"name\":\"Lubricantes (Cat\u00e1logo)\",\"item\":\"https:\\\/\\\/lubrimas.pe\\\/empresas\\\/productos\\\/\"},{\"@type\":\"ListItem\",\"position\":3,\"name\":\"MOBIL MOBILGREASE XHP MINE SERIES\"}]},{\"@type\":\"WebSite\",\"@id\":\"https:\\\/\\\/lubrimas.pe\\\/empresas\\\/#website\",\"url\":\"https:\\\/\\\/lubrimas.pe\\\/empresas\\\/\",\"name\":\"Lubrim\u00e1s Empresas\",\"description\":\"Distribuidor Autorizado de Lubricantes para el sector Automotor e Industrial\",\"publisher\":{\"@id\":\"https:\\\/\\\/lubrimas.pe\\\/empresas\\\/#organization\"},\"potentialAction\":[{\"@type\":\"SearchAction\",\"target\":{\"@type\":\"EntryPoint\",\"urlTemplate\":\"https:\\\/\\\/lubrimas.pe\\\/empresas\\\/?s={search_term_string}\"},\"query-input\":{\"@type\":\"PropertyValueSpecification\",\"valueRequired\":true,\"valueName\":\"search_term_string\"}}],\"inLanguage\":\"es\"},{\"@type\":\"Organization\",\"@id\":\"https:\\\/\\\/lubrimas.pe\\\/empresas\\\/#organization\",\"name\":\"Lubrimas.pe\",\"url\":\"https:\\\/\\\/lubrimas.pe\\\/empresas\\\/\",\"logo\":{\"@type\":\"ImageObject\",\"inLanguage\":\"es\",\"@id\":\"https:\\\/\\\/lubrimas.pe\\\/empresas\\\/#\\\/schema\\\/logo\\\/image\\\/\",\"url\":\"https:\\\/\\\/lubrimas.pe\\\/empresas\\\/wp-content\\\/uploads\\\/sites\\\/2\\\/2022\\\/03\\\/tarjeta-empresas.webp\",\"contentUrl\":\"https:\\\/\\\/lubrimas.pe\\\/empresas\\\/wp-content\\\/uploads\\\/sites\\\/2\\\/2022\\\/03\\\/tarjeta-empresas.webp\",\"width\":250,\"height\":250,\"caption\":\"Lubrimas.pe\"},\"image\":{\"@id\":\"https:\\\/\\\/lubrimas.pe\\\/empresas\\\/#\\\/schema\\\/logo\\\/image\\\/\"},\"sameAs\":[\"https:\\\/\\\/www.facebook.com\\\/lubrimasperu\",\"https:\\\/\\\/www.instagram.com\\\/lubrimas_pe\",\"https:\\\/\\\/www.youtube.com\\\/channel\\\/UCkp38n2qqb8SU60_v_gaKlg\"]}]}<\/script>\n<!-- \/ Yoast SEO plugin. -->","yoast_head_json":{"title":"MOBIL MOBILGREASE XHP MINE SERIES - Lubrim\u00e1s Empresas","robots":{"index":"index","follow":"follow","max-snippet":"max-snippet:-1","max-image-preview":"max-image-preview:large","max-video-preview":"max-video-preview:-1"},"canonical":"https:\/\/lubrimas.pe\/empresas\/productos\/mobil-mobilgrease-xhp-mine-series\/","og_locale":"es_ES","og_type":"article","og_title":"MOBIL MOBILGREASE XHP MINE SERIES - Lubrim\u00e1s Empresas","og_description":"Los productos Mobilgrease XHPTM Mine est\u00e1n expresamente dise\u00f1ados para la lubricaci\u00f3n de equipos mineros y equipo fuera de carretera de servicio extra pesado. Con una gama completa de grados NLGI, esta serie de grasas a base de complejo de litio, que contiene 5 % de bisulfuro de molibdeno, puede ser utilizada en una amplia gama de condiciones de funcionamiento y temperaturas para mejorar la productividad. Mobilgrease XHP Mine Series tiene excelentes propiedades de antidesgaste y de resistencia a las presiones extremas, adem\u00e1s de excepcional capacidad de retenci\u00f3n, muy buenas capacidades de resistencia al lavado y a la aspersi\u00f3n por agua, y de servicio prolongado bajo condiciones de funcionamiento severas. Estas grasas para servicio extra pesado exhiben una excelente estabilidad estructural. No corroer\u00e1n el acero o las aleaciones que contengan cobre y son compatibles con la mayor\u00eda de los materiales convencionales de los sellos. Las grasas Mobilgrease XHP 320 Mine, 321 Mine, y 322 Mine fueron desarrolladas sobre todo por su superior desempe\u00f1o en pernos de cangilones, pernos de pivoteo y componentes de chasis muy cargados. Las grasas Mobilgrease XHP 100 Mine y 320 Mine son especialmente aptas para sistemas de lubricaci\u00f3n central de equipos pesados que requieren una grasa grado NLGI 0. Mobilgrease XHP 100 Mine y 320 Mine son recomendado por ExxonMobil para el uso en sistemas de lubricaci\u00f3n central encontrados en equipos mineros y para uso fuera de carretera. La grasa Mobilgrease XHP 100 Mine exhibe una buena capacidad para expenderse a temperaturas tan bajas como -50\u00b0C (-58\u00b0F). La grasa Mobilgrease XHP 321 Mine es una grasa grado NLGI 1 con muy buena facilidad de bombeo a bajas temperatura desarrollada para utilizarse bajo temperaturas m\u00e1s fr\u00edas. La grasa Mobilgrease XHP 322 Mine es una grasa grado NLGI 2 para utilizarse como un lubricante general de chasis.","og_url":"https:\/\/lubrimas.pe\/empresas\/productos\/mobil-mobilgrease-xhp-mine-series\/","og_site_name":"Lubrim\u00e1s Empresas","article_publisher":"https:\/\/www.facebook.com\/lubrimasperu","article_modified_time":"2022-08-04T18:03:39+00:00","og_image":[{"width":850,"height":1000,"url":"https:\/\/lubrimas.pe\/empresas\/wp-content\/uploads\/sites\/2\/2022\/08\/lubrimasperu-lubrimaspe-empresas-cotizaciones-aceite-mobil-balde-cilindro-losolivos-lima-peru.webp","type":"image\/webp"}],"twitter_card":"summary_large_image","schema":{"@context":"https:\/\/schema.org","@graph":[{"@type":"WebPage","@id":"https:\/\/lubrimas.pe\/empresas\/productos\/mobil-mobilgrease-xhp-mine-series\/","url":"https:\/\/lubrimas.pe\/empresas\/productos\/mobil-mobilgrease-xhp-mine-series\/","name":"MOBIL MOBILGREASE XHP MINE SERIES - Lubrim\u00e1s Empresas","isPartOf":{"@id":"https:\/\/lubrimas.pe\/empresas\/#website"},"primaryImageOfPage":{"@id":"https:\/\/lubrimas.pe\/empresas\/productos\/mobil-mobilgrease-xhp-mine-series\/#primaryimage"},"image":{"@id":"https:\/\/lubrimas.pe\/empresas\/productos\/mobil-mobilgrease-xhp-mine-series\/#primaryimage"},"thumbnailUrl":"https:\/\/lubrimas.pe\/empresas\/wp-content\/uploads\/sites\/2\/2022\/08\/lubrimasperu-lubrimaspe-empresas-cotizaciones-aceite-mobil-balde-cilindro-losolivos-lima-peru.webp","datePublished":"2022-01-20T17:10:57+00:00","dateModified":"2022-08-04T18:03:39+00:00","breadcrumb":{"@id":"https:\/\/lubrimas.pe\/empresas\/productos\/mobil-mobilgrease-xhp-mine-series\/#breadcrumb"},"inLanguage":"es","potentialAction":[{"@type":"ReadAction","target":["https:\/\/lubrimas.pe\/empresas\/productos\/mobil-mobilgrease-xhp-mine-series\/"]}]},{"@type":"ImageObject","inLanguage":"es","@id":"https:\/\/lubrimas.pe\/empresas\/productos\/mobil-mobilgrease-xhp-mine-series\/#primaryimage","url":"https:\/\/lubrimas.pe\/empresas\/wp-content\/uploads\/sites\/2\/2022\/08\/lubrimasperu-lubrimaspe-empresas-cotizaciones-aceite-mobil-balde-cilindro-losolivos-lima-peru.webp","contentUrl":"https:\/\/lubrimas.pe\/empresas\/wp-content\/uploads\/sites\/2\/2022\/08\/lubrimasperu-lubrimaspe-empresas-cotizaciones-aceite-mobil-balde-cilindro-losolivos-lima-peru.webp","width":850,"height":1000},{"@type":"BreadcrumbList","@id":"https:\/\/lubrimas.pe\/empresas\/productos\/mobil-mobilgrease-xhp-mine-series\/#breadcrumb","itemListElement":[{"@type":"ListItem","position":1,"name":"Portada","item":"https:\/\/lubrimas.pe\/empresas\/"},{"@type":"ListItem","position":2,"name":"Lubricantes (Cat\u00e1logo)","item":"https:\/\/lubrimas.pe\/empresas\/productos\/"},{"@type":"ListItem","position":3,"name":"MOBIL MOBILGREASE XHP MINE SERIES"}]},{"@type":"WebSite","@id":"https:\/\/lubrimas.pe\/empresas\/#website","url":"https:\/\/lubrimas.pe\/empresas\/","name":"Lubrim\u00e1s Empresas","description":"Distribuidor Autorizado de Lubricantes para el sector Automotor e Industrial","publisher":{"@id":"https:\/\/lubrimas.pe\/empresas\/#organization"},"potentialAction":[{"@type":"SearchAction","target":{"@type":"EntryPoint","urlTemplate":"https:\/\/lubrimas.pe\/empresas\/?s={search_term_string}"},"query-input":{"@type":"PropertyValueSpecification","valueRequired":true,"valueName":"search_term_string"}}],"inLanguage":"es"},{"@type":"Organization","@id":"https:\/\/lubrimas.pe\/empresas\/#organization","name":"Lubrimas.pe","url":"https:\/\/lubrimas.pe\/empresas\/","logo":{"@type":"ImageObject","inLanguage":"es","@id":"https:\/\/lubrimas.pe\/empresas\/#\/schema\/logo\/image\/","url":"https:\/\/lubrimas.pe\/empresas\/wp-content\/uploads\/sites\/2\/2022\/03\/tarjeta-empresas.webp","contentUrl":"https:\/\/lubrimas.pe\/empresas\/wp-content\/uploads\/sites\/2\/2022\/03\/tarjeta-empresas.webp","width":250,"height":250,"caption":"Lubrimas.pe"},"image":{"@id":"https:\/\/lubrimas.pe\/empresas\/#\/schema\/logo\/image\/"},"sameAs":["https:\/\/www.facebook.com\/lubrimasperu","https:\/\/www.instagram.com\/lubrimas_pe","https:\/\/www.youtube.com\/channel\/UCkp38n2qqb8SU60_v_gaKlg"]}]}},"_links":{"self":[{"href":"https:\/\/lubrimas.pe\/empresas\/wp-json\/wp\/v2\/product\/674","targetHints":{"allow":["GET"]}}],"collection":[{"href":"https:\/\/lubrimas.pe\/empresas\/wp-json\/wp\/v2\/product"}],"about":[{"href":"https:\/\/lubrimas.pe\/empresas\/wp-json\/wp\/v2\/types\/product"}],"replies":[{"embeddable":true,"href":"https:\/\/lubrimas.pe\/empresas\/wp-json\/wp\/v2\/comments?post=674"}],"wp:featuredmedia":[{"embeddable":true,"href":"https:\/\/lubrimas.pe\/empresas\/wp-json\/wp\/v2\/media\/1317"}],"wp:attachment":[{"href":"https:\/\/lubrimas.pe\/empresas\/wp-json\/wp\/v2\/media?parent=674"}],"wp:term":[{"taxonomy":"product_brand","embeddable":true,"href":"https:\/\/lubrimas.pe\/empresas\/wp-json\/wp\/v2\/product_brand?post=674"},{"taxonomy":"product_cat","embeddable":true,"href":"https:\/\/lubrimas.pe\/empresas\/wp-json\/wp\/v2\/product_cat?post=674"},{"taxonomy":"product_tag","embeddable":true,"href":"https:\/\/lubrimas.pe\/empresas\/wp-json\/wp\/v2\/product_tag?post=674"}],"curies":[{"name":"wp","href":"https:\/\/api.w.org\/{rel}","templated":true}]}}