{"id":680,"date":"2022-01-20T17:10:58","date_gmt":"2022-01-20T17:10:58","guid":{"rendered":"https:\/\/lubrimas.pe\/empresas\/?post_type=product&#038;p=680"},"modified":"2022-08-04T13:02:20","modified_gmt":"2022-08-04T18:02:20","slug":"mobil-vacuoline-500-series","status":"publish","type":"product","link":"https:\/\/lubrimas.pe\/empresas\/productos\/mobil-vacuoline-500-series\/","title":{"rendered":"MOBIL VACUOLINE 500 SERIES"},"content":{"rendered":"","protected":false},"excerpt":{"rendered":"<p>La familia de productos de la serie Mobil Vacuoline 500 proporciona una vers\u00e1til fuente de lubricantes para una amplia gama de equipos industriales. Los lubricantes de la serie Mobil Vacuoline 500 son aceites de circulaci\u00f3n de alto desempe\u00f1o para servicio pesado, dise\u00f1ados para satisfacer las exigencias de los trenes de laminaci\u00f3n de barras &#8220;No-twist&#8221;, sin embargo, su vers\u00e1til desempe\u00f1o los hace una excelente opci\u00f3n para sistemas de circulaci\u00f3n, y para la lubricaci\u00f3n de engranajes y cojinetes. La serie Mobil Vacuoline 500 est\u00e1 dise\u00f1ada para satisfacer los cr\u00edticos requerimientos de los trenes de laminaci\u00f3n de barras &#8220;No-twist&#8221; de alta velocidad de la empresa Morgan Construction Company, al igual que los requisitos para los aceites de circulaci\u00f3n de las laminadoras de barras Danielli. Est\u00e1n formulados con bases lubricantes de alta calidad y un completo paquete de aditivos de tecnolog\u00eda ExxonMobil para brindar una mayor capacidad de humectaci\u00f3n, retenci\u00f3n adicional del aceite y protecci\u00f3n de pel\u00edcula delgada contra la herrumbre y la corrosi\u00f3n. Mobil Vacuoline 500 brinda excelente resistencia a la oxidaci\u00f3n y a la degradaci\u00f3n t\u00e9rmica y un alto nivel de protecci\u00f3n contra el desgaste. Poseen una excelente demulsibilidad lo que permite que el agua y otros contaminantes se separen f\u00e1cilmente del aceite en el dep\u00f3sito del sistema. Los aceites de la serie Mobil Vacuoline 500 est\u00e1n disponibles en seis grados de viscosidad.<\/p>\n","protected":false},"featured_media":1317,"comment_status":"closed","ping_status":"closed","template":"","meta":[],"product_brand":[],"product_cat":[109],"product_tag":[],"class_list":{"0":"post-680","1":"product","2":"type-product","3":"status-publish","4":"has-post-thumbnail","6":"product_cat-turbinas","7":"pa_marca-mobil","8":"pa_presentacion-cilindro-55gl","10":"first","11":"instock","12":"taxable","13":"shipping-taxable","14":"purchasable","15":"product-type-variable","16":"has-default-attributes"},"yoast_head":"<!-- This site is optimized with the Yoast SEO plugin v27.4 - https:\/\/yoast.com\/product\/yoast-seo-wordpress\/ -->\n<title>MOBIL VACUOLINE 500 SERIES - Lubrim\u00e1s Empresas<\/title>\n<meta name=\"robots\" content=\"index, follow, max-snippet:-1, max-image-preview:large, max-video-preview:-1\" \/>\n<link rel=\"canonical\" href=\"https:\/\/lubrimas.pe\/empresas\/productos\/mobil-vacuoline-500-series\/\" \/>\n<meta property=\"og:locale\" content=\"es_ES\" \/>\n<meta property=\"og:type\" content=\"article\" \/>\n<meta property=\"og:title\" content=\"MOBIL VACUOLINE 500 SERIES - Lubrim\u00e1s Empresas\" \/>\n<meta property=\"og:description\" content=\"La familia de productos de la serie Mobil Vacuoline 500 proporciona una vers\u00e1til fuente de lubricantes para una amplia gama de equipos industriales. Los lubricantes de la serie Mobil Vacuoline 500 son aceites de circulaci\u00f3n de alto desempe\u00f1o para servicio pesado, dise\u00f1ados para satisfacer las exigencias de los trenes de laminaci\u00f3n de barras &quot;No-twist&quot;, sin embargo, su vers\u00e1til desempe\u00f1o los hace una excelente opci\u00f3n para sistemas de circulaci\u00f3n, y para la lubricaci\u00f3n de engranajes y cojinetes. La serie Mobil Vacuoline 500 est\u00e1 dise\u00f1ada para satisfacer los cr\u00edticos requerimientos de los trenes de laminaci\u00f3n de barras &quot;No-twist&quot; de alta velocidad de la empresa Morgan Construction Company, al igual que los requisitos para los aceites de circulaci\u00f3n de las laminadoras de barras Danielli. Est\u00e1n formulados con bases lubricantes de alta calidad y un completo paquete de aditivos de tecnolog\u00eda ExxonMobil para brindar una mayor capacidad de humectaci\u00f3n, retenci\u00f3n adicional del aceite y protecci\u00f3n de pel\u00edcula delgada contra la herrumbre y la corrosi\u00f3n. Mobil Vacuoline 500 brinda excelente resistencia a la oxidaci\u00f3n y a la degradaci\u00f3n t\u00e9rmica y un alto nivel de protecci\u00f3n contra el desgaste. Poseen una excelente demulsibilidad lo que permite que el agua y otros contaminantes se separen f\u00e1cilmente del aceite en el dep\u00f3sito del sistema. Los aceites de la serie Mobil Vacuoline 500 est\u00e1n disponibles en seis grados de viscosidad.\" \/>\n<meta property=\"og:url\" content=\"https:\/\/lubrimas.pe\/empresas\/productos\/mobil-vacuoline-500-series\/\" \/>\n<meta property=\"og:site_name\" content=\"Lubrim\u00e1s Empresas\" \/>\n<meta property=\"article:publisher\" content=\"https:\/\/www.facebook.com\/lubrimasperu\" \/>\n<meta property=\"article:modified_time\" content=\"2022-08-04T18:02:20+00:00\" \/>\n<meta property=\"og:image\" content=\"https:\/\/lubrimas.pe\/empresas\/wp-content\/uploads\/sites\/2\/2022\/08\/lubrimasperu-lubrimaspe-empresas-cotizaciones-aceite-mobil-balde-cilindro-losolivos-lima-peru.webp\" \/>\n\t<meta property=\"og:image:width\" content=\"850\" \/>\n\t<meta property=\"og:image:height\" content=\"1000\" \/>\n\t<meta property=\"og:image:type\" content=\"image\/webp\" \/>\n<meta name=\"twitter:card\" content=\"summary_large_image\" \/>\n<script type=\"application\/ld+json\" class=\"yoast-schema-graph\">{\"@context\":\"https:\\\/\\\/schema.org\",\"@graph\":[{\"@type\":\"WebPage\",\"@id\":\"https:\\\/\\\/lubrimas.pe\\\/empresas\\\/productos\\\/mobil-vacuoline-500-series\\\/\",\"url\":\"https:\\\/\\\/lubrimas.pe\\\/empresas\\\/productos\\\/mobil-vacuoline-500-series\\\/\",\"name\":\"MOBIL VACUOLINE 500 SERIES - Lubrim\u00e1s Empresas\",\"isPartOf\":{\"@id\":\"https:\\\/\\\/lubrimas.pe\\\/empresas\\\/#website\"},\"primaryImageOfPage\":{\"@id\":\"https:\\\/\\\/lubrimas.pe\\\/empresas\\\/productos\\\/mobil-vacuoline-500-series\\\/#primaryimage\"},\"image\":{\"@id\":\"https:\\\/\\\/lubrimas.pe\\\/empresas\\\/productos\\\/mobil-vacuoline-500-series\\\/#primaryimage\"},\"thumbnailUrl\":\"https:\\\/\\\/lubrimas.pe\\\/empresas\\\/wp-content\\\/uploads\\\/sites\\\/2\\\/2022\\\/08\\\/lubrimasperu-lubrimaspe-empresas-cotizaciones-aceite-mobil-balde-cilindro-losolivos-lima-peru.webp\",\"datePublished\":\"2022-01-20T17:10:58+00:00\",\"dateModified\":\"2022-08-04T18:02:20+00:00\",\"breadcrumb\":{\"@id\":\"https:\\\/\\\/lubrimas.pe\\\/empresas\\\/productos\\\/mobil-vacuoline-500-series\\\/#breadcrumb\"},\"inLanguage\":\"es\",\"potentialAction\":[{\"@type\":\"ReadAction\",\"target\":[\"https:\\\/\\\/lubrimas.pe\\\/empresas\\\/productos\\\/mobil-vacuoline-500-series\\\/\"]}]},{\"@type\":\"ImageObject\",\"inLanguage\":\"es\",\"@id\":\"https:\\\/\\\/lubrimas.pe\\\/empresas\\\/productos\\\/mobil-vacuoline-500-series\\\/#primaryimage\",\"url\":\"https:\\\/\\\/lubrimas.pe\\\/empresas\\\/wp-content\\\/uploads\\\/sites\\\/2\\\/2022\\\/08\\\/lubrimasperu-lubrimaspe-empresas-cotizaciones-aceite-mobil-balde-cilindro-losolivos-lima-peru.webp\",\"contentUrl\":\"https:\\\/\\\/lubrimas.pe\\\/empresas\\\/wp-content\\\/uploads\\\/sites\\\/2\\\/2022\\\/08\\\/lubrimasperu-lubrimaspe-empresas-cotizaciones-aceite-mobil-balde-cilindro-losolivos-lima-peru.webp\",\"width\":850,\"height\":1000},{\"@type\":\"BreadcrumbList\",\"@id\":\"https:\\\/\\\/lubrimas.pe\\\/empresas\\\/productos\\\/mobil-vacuoline-500-series\\\/#breadcrumb\",\"itemListElement\":[{\"@type\":\"ListItem\",\"position\":1,\"name\":\"Portada\",\"item\":\"https:\\\/\\\/lubrimas.pe\\\/empresas\\\/\"},{\"@type\":\"ListItem\",\"position\":2,\"name\":\"Lubricantes (Cat\u00e1logo)\",\"item\":\"https:\\\/\\\/lubrimas.pe\\\/empresas\\\/productos\\\/\"},{\"@type\":\"ListItem\",\"position\":3,\"name\":\"MOBIL VACUOLINE 500 SERIES\"}]},{\"@type\":\"WebSite\",\"@id\":\"https:\\\/\\\/lubrimas.pe\\\/empresas\\\/#website\",\"url\":\"https:\\\/\\\/lubrimas.pe\\\/empresas\\\/\",\"name\":\"Lubrim\u00e1s Empresas\",\"description\":\"Distribuidor Autorizado de Lubricantes para el sector Automotor e Industrial\",\"publisher\":{\"@id\":\"https:\\\/\\\/lubrimas.pe\\\/empresas\\\/#organization\"},\"potentialAction\":[{\"@type\":\"SearchAction\",\"target\":{\"@type\":\"EntryPoint\",\"urlTemplate\":\"https:\\\/\\\/lubrimas.pe\\\/empresas\\\/?s={search_term_string}\"},\"query-input\":{\"@type\":\"PropertyValueSpecification\",\"valueRequired\":true,\"valueName\":\"search_term_string\"}}],\"inLanguage\":\"es\"},{\"@type\":\"Organization\",\"@id\":\"https:\\\/\\\/lubrimas.pe\\\/empresas\\\/#organization\",\"name\":\"Lubrimas.pe\",\"url\":\"https:\\\/\\\/lubrimas.pe\\\/empresas\\\/\",\"logo\":{\"@type\":\"ImageObject\",\"inLanguage\":\"es\",\"@id\":\"https:\\\/\\\/lubrimas.pe\\\/empresas\\\/#\\\/schema\\\/logo\\\/image\\\/\",\"url\":\"https:\\\/\\\/lubrimas.pe\\\/empresas\\\/wp-content\\\/uploads\\\/sites\\\/2\\\/2022\\\/03\\\/tarjeta-empresas.webp\",\"contentUrl\":\"https:\\\/\\\/lubrimas.pe\\\/empresas\\\/wp-content\\\/uploads\\\/sites\\\/2\\\/2022\\\/03\\\/tarjeta-empresas.webp\",\"width\":250,\"height\":250,\"caption\":\"Lubrimas.pe\"},\"image\":{\"@id\":\"https:\\\/\\\/lubrimas.pe\\\/empresas\\\/#\\\/schema\\\/logo\\\/image\\\/\"},\"sameAs\":[\"https:\\\/\\\/www.facebook.com\\\/lubrimasperu\",\"https:\\\/\\\/www.instagram.com\\\/lubrimas_pe\",\"https:\\\/\\\/www.youtube.com\\\/channel\\\/UCkp38n2qqb8SU60_v_gaKlg\"]}]}<\/script>\n<!-- \/ Yoast SEO plugin. -->","yoast_head_json":{"title":"MOBIL VACUOLINE 500 SERIES - Lubrim\u00e1s Empresas","robots":{"index":"index","follow":"follow","max-snippet":"max-snippet:-1","max-image-preview":"max-image-preview:large","max-video-preview":"max-video-preview:-1"},"canonical":"https:\/\/lubrimas.pe\/empresas\/productos\/mobil-vacuoline-500-series\/","og_locale":"es_ES","og_type":"article","og_title":"MOBIL VACUOLINE 500 SERIES - Lubrim\u00e1s Empresas","og_description":"La familia de productos de la serie Mobil Vacuoline 500 proporciona una vers\u00e1til fuente de lubricantes para una amplia gama de equipos industriales. Los lubricantes de la serie Mobil Vacuoline 500 son aceites de circulaci\u00f3n de alto desempe\u00f1o para servicio pesado, dise\u00f1ados para satisfacer las exigencias de los trenes de laminaci\u00f3n de barras \"No-twist\", sin embargo, su vers\u00e1til desempe\u00f1o los hace una excelente opci\u00f3n para sistemas de circulaci\u00f3n, y para la lubricaci\u00f3n de engranajes y cojinetes. La serie Mobil Vacuoline 500 est\u00e1 dise\u00f1ada para satisfacer los cr\u00edticos requerimientos de los trenes de laminaci\u00f3n de barras \"No-twist\" de alta velocidad de la empresa Morgan Construction Company, al igual que los requisitos para los aceites de circulaci\u00f3n de las laminadoras de barras Danielli. Est\u00e1n formulados con bases lubricantes de alta calidad y un completo paquete de aditivos de tecnolog\u00eda ExxonMobil para brindar una mayor capacidad de humectaci\u00f3n, retenci\u00f3n adicional del aceite y protecci\u00f3n de pel\u00edcula delgada contra la herrumbre y la corrosi\u00f3n. Mobil Vacuoline 500 brinda excelente resistencia a la oxidaci\u00f3n y a la degradaci\u00f3n t\u00e9rmica y un alto nivel de protecci\u00f3n contra el desgaste. Poseen una excelente demulsibilidad lo que permite que el agua y otros contaminantes se separen f\u00e1cilmente del aceite en el dep\u00f3sito del sistema. Los aceites de la serie Mobil Vacuoline 500 est\u00e1n disponibles en seis grados de viscosidad.","og_url":"https:\/\/lubrimas.pe\/empresas\/productos\/mobil-vacuoline-500-series\/","og_site_name":"Lubrim\u00e1s Empresas","article_publisher":"https:\/\/www.facebook.com\/lubrimasperu","article_modified_time":"2022-08-04T18:02:20+00:00","og_image":[{"width":850,"height":1000,"url":"https:\/\/lubrimas.pe\/empresas\/wp-content\/uploads\/sites\/2\/2022\/08\/lubrimasperu-lubrimaspe-empresas-cotizaciones-aceite-mobil-balde-cilindro-losolivos-lima-peru.webp","type":"image\/webp"}],"twitter_card":"summary_large_image","schema":{"@context":"https:\/\/schema.org","@graph":[{"@type":"WebPage","@id":"https:\/\/lubrimas.pe\/empresas\/productos\/mobil-vacuoline-500-series\/","url":"https:\/\/lubrimas.pe\/empresas\/productos\/mobil-vacuoline-500-series\/","name":"MOBIL VACUOLINE 500 SERIES - Lubrim\u00e1s Empresas","isPartOf":{"@id":"https:\/\/lubrimas.pe\/empresas\/#website"},"primaryImageOfPage":{"@id":"https:\/\/lubrimas.pe\/empresas\/productos\/mobil-vacuoline-500-series\/#primaryimage"},"image":{"@id":"https:\/\/lubrimas.pe\/empresas\/productos\/mobil-vacuoline-500-series\/#primaryimage"},"thumbnailUrl":"https:\/\/lubrimas.pe\/empresas\/wp-content\/uploads\/sites\/2\/2022\/08\/lubrimasperu-lubrimaspe-empresas-cotizaciones-aceite-mobil-balde-cilindro-losolivos-lima-peru.webp","datePublished":"2022-01-20T17:10:58+00:00","dateModified":"2022-08-04T18:02:20+00:00","breadcrumb":{"@id":"https:\/\/lubrimas.pe\/empresas\/productos\/mobil-vacuoline-500-series\/#breadcrumb"},"inLanguage":"es","potentialAction":[{"@type":"ReadAction","target":["https:\/\/lubrimas.pe\/empresas\/productos\/mobil-vacuoline-500-series\/"]}]},{"@type":"ImageObject","inLanguage":"es","@id":"https:\/\/lubrimas.pe\/empresas\/productos\/mobil-vacuoline-500-series\/#primaryimage","url":"https:\/\/lubrimas.pe\/empresas\/wp-content\/uploads\/sites\/2\/2022\/08\/lubrimasperu-lubrimaspe-empresas-cotizaciones-aceite-mobil-balde-cilindro-losolivos-lima-peru.webp","contentUrl":"https:\/\/lubrimas.pe\/empresas\/wp-content\/uploads\/sites\/2\/2022\/08\/lubrimasperu-lubrimaspe-empresas-cotizaciones-aceite-mobil-balde-cilindro-losolivos-lima-peru.webp","width":850,"height":1000},{"@type":"BreadcrumbList","@id":"https:\/\/lubrimas.pe\/empresas\/productos\/mobil-vacuoline-500-series\/#breadcrumb","itemListElement":[{"@type":"ListItem","position":1,"name":"Portada","item":"https:\/\/lubrimas.pe\/empresas\/"},{"@type":"ListItem","position":2,"name":"Lubricantes (Cat\u00e1logo)","item":"https:\/\/lubrimas.pe\/empresas\/productos\/"},{"@type":"ListItem","position":3,"name":"MOBIL VACUOLINE 500 SERIES"}]},{"@type":"WebSite","@id":"https:\/\/lubrimas.pe\/empresas\/#website","url":"https:\/\/lubrimas.pe\/empresas\/","name":"Lubrim\u00e1s Empresas","description":"Distribuidor Autorizado de Lubricantes para el sector Automotor e Industrial","publisher":{"@id":"https:\/\/lubrimas.pe\/empresas\/#organization"},"potentialAction":[{"@type":"SearchAction","target":{"@type":"EntryPoint","urlTemplate":"https:\/\/lubrimas.pe\/empresas\/?s={search_term_string}"},"query-input":{"@type":"PropertyValueSpecification","valueRequired":true,"valueName":"search_term_string"}}],"inLanguage":"es"},{"@type":"Organization","@id":"https:\/\/lubrimas.pe\/empresas\/#organization","name":"Lubrimas.pe","url":"https:\/\/lubrimas.pe\/empresas\/","logo":{"@type":"ImageObject","inLanguage":"es","@id":"https:\/\/lubrimas.pe\/empresas\/#\/schema\/logo\/image\/","url":"https:\/\/lubrimas.pe\/empresas\/wp-content\/uploads\/sites\/2\/2022\/03\/tarjeta-empresas.webp","contentUrl":"https:\/\/lubrimas.pe\/empresas\/wp-content\/uploads\/sites\/2\/2022\/03\/tarjeta-empresas.webp","width":250,"height":250,"caption":"Lubrimas.pe"},"image":{"@id":"https:\/\/lubrimas.pe\/empresas\/#\/schema\/logo\/image\/"},"sameAs":["https:\/\/www.facebook.com\/lubrimasperu","https:\/\/www.instagram.com\/lubrimas_pe","https:\/\/www.youtube.com\/channel\/UCkp38n2qqb8SU60_v_gaKlg"]}]}},"_links":{"self":[{"href":"https:\/\/lubrimas.pe\/empresas\/wp-json\/wp\/v2\/product\/680","targetHints":{"allow":["GET"]}}],"collection":[{"href":"https:\/\/lubrimas.pe\/empresas\/wp-json\/wp\/v2\/product"}],"about":[{"href":"https:\/\/lubrimas.pe\/empresas\/wp-json\/wp\/v2\/types\/product"}],"replies":[{"embeddable":true,"href":"https:\/\/lubrimas.pe\/empresas\/wp-json\/wp\/v2\/comments?post=680"}],"wp:featuredmedia":[{"embeddable":true,"href":"https:\/\/lubrimas.pe\/empresas\/wp-json\/wp\/v2\/media\/1317"}],"wp:attachment":[{"href":"https:\/\/lubrimas.pe\/empresas\/wp-json\/wp\/v2\/media?parent=680"}],"wp:term":[{"taxonomy":"product_brand","embeddable":true,"href":"https:\/\/lubrimas.pe\/empresas\/wp-json\/wp\/v2\/product_brand?post=680"},{"taxonomy":"product_cat","embeddable":true,"href":"https:\/\/lubrimas.pe\/empresas\/wp-json\/wp\/v2\/product_cat?post=680"},{"taxonomy":"product_tag","embeddable":true,"href":"https:\/\/lubrimas.pe\/empresas\/wp-json\/wp\/v2\/product_tag?post=680"}],"curies":[{"name":"wp","href":"https:\/\/api.w.org\/{rel}","templated":true}]}}