{"id":682,"date":"2022-01-20T17:10:58","date_gmt":"2022-01-20T17:10:58","guid":{"rendered":"https:\/\/lubrimas.pe\/empresas\/?post_type=product&#038;p=682"},"modified":"2022-08-04T13:02:41","modified_gmt":"2022-08-04T18:02:41","slug":"mobil-dte-800","status":"publish","type":"product","link":"https:\/\/lubrimas.pe\/empresas\/productos\/mobil-dte-800\/","title":{"rendered":"MOBIL DTE 800"},"content":{"rendered":"","protected":false},"excerpt":{"rendered":"<p>Mobil DTETM 832 y 846 son aceites de rendimiento superior para turbinas dise\u00f1ados para utilizarse en aplicaciones de turbinas de vapor, turbinas de gas y turbinas de gas de ciclo combinado (CCGT) bajo las m\u00e1s severas condiciones operativas. Estos productos progresivos se basan en materiales base hidrotratados de alta calidad que proporcionan una excepcional resistencia t\u00e9rmica y a la oxidaci\u00f3n junto con aditivos especialmente seleccionados dise\u00f1ados para proporcionar el control de dep\u00f3sitos y el rendimiento &#8220;limpio&#8221; requerido por las turbinas de gas de servicio severo, as\u00ed como la excelente separabilidad de agua necesaria para la operaci\u00f3n de las turbinas de vapor. La formulaci\u00f3n tambi\u00e9n incluye un sistema antidesgaste sin zinc para cumplir con los requisitos de soporte de carga de las turbinas con engranajes. Adem\u00e1s de cumplir con los diferentes requisitos de los dise\u00f1os modernos de las turbinas de gas y de las de vapor, la serie Mobil DTE 800 es una excelente opci\u00f3n para aplicaciones de ciclo combinado que requieren un solo aceite para una turbina de gas y una turbina de vapor operando en t\u00e1ndem. El cumplir al mismo tiempo con los requisitos de control de dep\u00f3sitos y de separaci\u00f3n de agua es el punto clave de rendimiento de esta avanzada tecnolog\u00eda de lubricantes. La excelente resistencia t\u00e9rmica\/oxidativa de Mobil DTE 832 y 846 asegura que se puedan operar en los entornos de turbinas m\u00e1s severos. Las caracter\u00edsticas de rendimiento de los aceites de la serie Mobil DTE 800 se traducen en una excelente protecci\u00f3n del equipo, un funcionamiento confiable, con un menor tiempo de inactividad y una mayor vida \u00fatil de la carga de aceite. Estos productos tambi\u00e9n proporcionan la m\u00e1xima flexibilidad para el operador, ya que pueden utilizarse en todos los tipos de turbinas: turbinas de vapor, de gas y con engranajes.<\/p>\n","protected":false},"featured_media":1317,"comment_status":"closed","ping_status":"closed","template":"","meta":[],"product_brand":[],"product_cat":[109],"product_tag":[],"class_list":{"0":"post-682","1":"product","2":"type-product","3":"status-publish","4":"has-post-thumbnail","6":"product_cat-turbinas","7":"pa_marca-mobil","8":"pa_presentacion-cilindro-55gl","10":"first","11":"instock","12":"taxable","13":"shipping-taxable","14":"purchasable","15":"product-type-variable","16":"has-default-attributes"},"yoast_head":"<!-- This site is optimized with the Yoast SEO plugin v27.4 - https:\/\/yoast.com\/product\/yoast-seo-wordpress\/ -->\n<title>MOBIL DTE 800 - Lubrim\u00e1s Empresas<\/title>\n<meta name=\"robots\" content=\"index, follow, max-snippet:-1, max-image-preview:large, max-video-preview:-1\" \/>\n<link rel=\"canonical\" href=\"https:\/\/lubrimas.pe\/empresas\/productos\/mobil-dte-800\/\" \/>\n<meta property=\"og:locale\" content=\"es_ES\" \/>\n<meta property=\"og:type\" content=\"article\" \/>\n<meta property=\"og:title\" content=\"MOBIL DTE 800 - Lubrim\u00e1s Empresas\" \/>\n<meta property=\"og:description\" content=\"Mobil DTETM 832 y 846 son aceites de rendimiento superior para turbinas dise\u00f1ados para utilizarse en aplicaciones de turbinas de vapor, turbinas de gas y turbinas de gas de ciclo combinado (CCGT) bajo las m\u00e1s severas condiciones operativas. Estos productos progresivos se basan en materiales base hidrotratados de alta calidad que proporcionan una excepcional resistencia t\u00e9rmica y a la oxidaci\u00f3n junto con aditivos especialmente seleccionados dise\u00f1ados para proporcionar el control de dep\u00f3sitos y el rendimiento &quot;limpio&quot; requerido por las turbinas de gas de servicio severo, as\u00ed como la excelente separabilidad de agua necesaria para la operaci\u00f3n de las turbinas de vapor. La formulaci\u00f3n tambi\u00e9n incluye un sistema antidesgaste sin zinc para cumplir con los requisitos de soporte de carga de las turbinas con engranajes. Adem\u00e1s de cumplir con los diferentes requisitos de los dise\u00f1os modernos de las turbinas de gas y de las de vapor, la serie Mobil DTE 800 es una excelente opci\u00f3n para aplicaciones de ciclo combinado que requieren un solo aceite para una turbina de gas y una turbina de vapor operando en t\u00e1ndem. El cumplir al mismo tiempo con los requisitos de control de dep\u00f3sitos y de separaci\u00f3n de agua es el punto clave de rendimiento de esta avanzada tecnolog\u00eda de lubricantes. La excelente resistencia t\u00e9rmica\/oxidativa de Mobil DTE 832 y 846 asegura que se puedan operar en los entornos de turbinas m\u00e1s severos. Las caracter\u00edsticas de rendimiento de los aceites de la serie Mobil DTE 800 se traducen en una excelente protecci\u00f3n del equipo, un funcionamiento confiable, con un menor tiempo de inactividad y una mayor vida \u00fatil de la carga de aceite. Estos productos tambi\u00e9n proporcionan la m\u00e1xima flexibilidad para el operador, ya que pueden utilizarse en todos los tipos de turbinas: turbinas de vapor, de gas y con engranajes.\" \/>\n<meta property=\"og:url\" content=\"https:\/\/lubrimas.pe\/empresas\/productos\/mobil-dte-800\/\" \/>\n<meta property=\"og:site_name\" content=\"Lubrim\u00e1s Empresas\" \/>\n<meta property=\"article:publisher\" content=\"https:\/\/www.facebook.com\/lubrimasperu\" \/>\n<meta property=\"article:modified_time\" content=\"2022-08-04T18:02:41+00:00\" \/>\n<meta property=\"og:image\" content=\"https:\/\/lubrimas.pe\/empresas\/wp-content\/uploads\/sites\/2\/2022\/08\/lubrimasperu-lubrimaspe-empresas-cotizaciones-aceite-mobil-balde-cilindro-losolivos-lima-peru.webp\" \/>\n\t<meta property=\"og:image:width\" content=\"850\" \/>\n\t<meta property=\"og:image:height\" content=\"1000\" \/>\n\t<meta property=\"og:image:type\" content=\"image\/webp\" \/>\n<meta name=\"twitter:card\" content=\"summary_large_image\" \/>\n<script type=\"application\/ld+json\" class=\"yoast-schema-graph\">{\"@context\":\"https:\\\/\\\/schema.org\",\"@graph\":[{\"@type\":\"WebPage\",\"@id\":\"https:\\\/\\\/lubrimas.pe\\\/empresas\\\/productos\\\/mobil-dte-800\\\/\",\"url\":\"https:\\\/\\\/lubrimas.pe\\\/empresas\\\/productos\\\/mobil-dte-800\\\/\",\"name\":\"MOBIL DTE 800 - Lubrim\u00e1s Empresas\",\"isPartOf\":{\"@id\":\"https:\\\/\\\/lubrimas.pe\\\/empresas\\\/#website\"},\"primaryImageOfPage\":{\"@id\":\"https:\\\/\\\/lubrimas.pe\\\/empresas\\\/productos\\\/mobil-dte-800\\\/#primaryimage\"},\"image\":{\"@id\":\"https:\\\/\\\/lubrimas.pe\\\/empresas\\\/productos\\\/mobil-dte-800\\\/#primaryimage\"},\"thumbnailUrl\":\"https:\\\/\\\/lubrimas.pe\\\/empresas\\\/wp-content\\\/uploads\\\/sites\\\/2\\\/2022\\\/08\\\/lubrimasperu-lubrimaspe-empresas-cotizaciones-aceite-mobil-balde-cilindro-losolivos-lima-peru.webp\",\"datePublished\":\"2022-01-20T17:10:58+00:00\",\"dateModified\":\"2022-08-04T18:02:41+00:00\",\"breadcrumb\":{\"@id\":\"https:\\\/\\\/lubrimas.pe\\\/empresas\\\/productos\\\/mobil-dte-800\\\/#breadcrumb\"},\"inLanguage\":\"es\",\"potentialAction\":[{\"@type\":\"ReadAction\",\"target\":[\"https:\\\/\\\/lubrimas.pe\\\/empresas\\\/productos\\\/mobil-dte-800\\\/\"]}]},{\"@type\":\"ImageObject\",\"inLanguage\":\"es\",\"@id\":\"https:\\\/\\\/lubrimas.pe\\\/empresas\\\/productos\\\/mobil-dte-800\\\/#primaryimage\",\"url\":\"https:\\\/\\\/lubrimas.pe\\\/empresas\\\/wp-content\\\/uploads\\\/sites\\\/2\\\/2022\\\/08\\\/lubrimasperu-lubrimaspe-empresas-cotizaciones-aceite-mobil-balde-cilindro-losolivos-lima-peru.webp\",\"contentUrl\":\"https:\\\/\\\/lubrimas.pe\\\/empresas\\\/wp-content\\\/uploads\\\/sites\\\/2\\\/2022\\\/08\\\/lubrimasperu-lubrimaspe-empresas-cotizaciones-aceite-mobil-balde-cilindro-losolivos-lima-peru.webp\",\"width\":850,\"height\":1000},{\"@type\":\"BreadcrumbList\",\"@id\":\"https:\\\/\\\/lubrimas.pe\\\/empresas\\\/productos\\\/mobil-dte-800\\\/#breadcrumb\",\"itemListElement\":[{\"@type\":\"ListItem\",\"position\":1,\"name\":\"Portada\",\"item\":\"https:\\\/\\\/lubrimas.pe\\\/empresas\\\/\"},{\"@type\":\"ListItem\",\"position\":2,\"name\":\"Lubricantes (Cat\u00e1logo)\",\"item\":\"https:\\\/\\\/lubrimas.pe\\\/empresas\\\/productos\\\/\"},{\"@type\":\"ListItem\",\"position\":3,\"name\":\"MOBIL DTE 800\"}]},{\"@type\":\"WebSite\",\"@id\":\"https:\\\/\\\/lubrimas.pe\\\/empresas\\\/#website\",\"url\":\"https:\\\/\\\/lubrimas.pe\\\/empresas\\\/\",\"name\":\"Lubrim\u00e1s Empresas\",\"description\":\"Distribuidor Autorizado de Lubricantes para el sector Automotor e Industrial\",\"publisher\":{\"@id\":\"https:\\\/\\\/lubrimas.pe\\\/empresas\\\/#organization\"},\"potentialAction\":[{\"@type\":\"SearchAction\",\"target\":{\"@type\":\"EntryPoint\",\"urlTemplate\":\"https:\\\/\\\/lubrimas.pe\\\/empresas\\\/?s={search_term_string}\"},\"query-input\":{\"@type\":\"PropertyValueSpecification\",\"valueRequired\":true,\"valueName\":\"search_term_string\"}}],\"inLanguage\":\"es\"},{\"@type\":\"Organization\",\"@id\":\"https:\\\/\\\/lubrimas.pe\\\/empresas\\\/#organization\",\"name\":\"Lubrimas.pe\",\"url\":\"https:\\\/\\\/lubrimas.pe\\\/empresas\\\/\",\"logo\":{\"@type\":\"ImageObject\",\"inLanguage\":\"es\",\"@id\":\"https:\\\/\\\/lubrimas.pe\\\/empresas\\\/#\\\/schema\\\/logo\\\/image\\\/\",\"url\":\"https:\\\/\\\/lubrimas.pe\\\/empresas\\\/wp-content\\\/uploads\\\/sites\\\/2\\\/2022\\\/03\\\/tarjeta-empresas.webp\",\"contentUrl\":\"https:\\\/\\\/lubrimas.pe\\\/empresas\\\/wp-content\\\/uploads\\\/sites\\\/2\\\/2022\\\/03\\\/tarjeta-empresas.webp\",\"width\":250,\"height\":250,\"caption\":\"Lubrimas.pe\"},\"image\":{\"@id\":\"https:\\\/\\\/lubrimas.pe\\\/empresas\\\/#\\\/schema\\\/logo\\\/image\\\/\"},\"sameAs\":[\"https:\\\/\\\/www.facebook.com\\\/lubrimasperu\",\"https:\\\/\\\/www.instagram.com\\\/lubrimas_pe\",\"https:\\\/\\\/www.youtube.com\\\/channel\\\/UCkp38n2qqb8SU60_v_gaKlg\"]}]}<\/script>\n<!-- \/ Yoast SEO plugin. -->","yoast_head_json":{"title":"MOBIL DTE 800 - Lubrim\u00e1s Empresas","robots":{"index":"index","follow":"follow","max-snippet":"max-snippet:-1","max-image-preview":"max-image-preview:large","max-video-preview":"max-video-preview:-1"},"canonical":"https:\/\/lubrimas.pe\/empresas\/productos\/mobil-dte-800\/","og_locale":"es_ES","og_type":"article","og_title":"MOBIL DTE 800 - Lubrim\u00e1s Empresas","og_description":"Mobil DTETM 832 y 846 son aceites de rendimiento superior para turbinas dise\u00f1ados para utilizarse en aplicaciones de turbinas de vapor, turbinas de gas y turbinas de gas de ciclo combinado (CCGT) bajo las m\u00e1s severas condiciones operativas. Estos productos progresivos se basan en materiales base hidrotratados de alta calidad que proporcionan una excepcional resistencia t\u00e9rmica y a la oxidaci\u00f3n junto con aditivos especialmente seleccionados dise\u00f1ados para proporcionar el control de dep\u00f3sitos y el rendimiento \"limpio\" requerido por las turbinas de gas de servicio severo, as\u00ed como la excelente separabilidad de agua necesaria para la operaci\u00f3n de las turbinas de vapor. La formulaci\u00f3n tambi\u00e9n incluye un sistema antidesgaste sin zinc para cumplir con los requisitos de soporte de carga de las turbinas con engranajes. Adem\u00e1s de cumplir con los diferentes requisitos de los dise\u00f1os modernos de las turbinas de gas y de las de vapor, la serie Mobil DTE 800 es una excelente opci\u00f3n para aplicaciones de ciclo combinado que requieren un solo aceite para una turbina de gas y una turbina de vapor operando en t\u00e1ndem. El cumplir al mismo tiempo con los requisitos de control de dep\u00f3sitos y de separaci\u00f3n de agua es el punto clave de rendimiento de esta avanzada tecnolog\u00eda de lubricantes. La excelente resistencia t\u00e9rmica\/oxidativa de Mobil DTE 832 y 846 asegura que se puedan operar en los entornos de turbinas m\u00e1s severos. Las caracter\u00edsticas de rendimiento de los aceites de la serie Mobil DTE 800 se traducen en una excelente protecci\u00f3n del equipo, un funcionamiento confiable, con un menor tiempo de inactividad y una mayor vida \u00fatil de la carga de aceite. Estos productos tambi\u00e9n proporcionan la m\u00e1xima flexibilidad para el operador, ya que pueden utilizarse en todos los tipos de turbinas: turbinas de vapor, de gas y con engranajes.","og_url":"https:\/\/lubrimas.pe\/empresas\/productos\/mobil-dte-800\/","og_site_name":"Lubrim\u00e1s Empresas","article_publisher":"https:\/\/www.facebook.com\/lubrimasperu","article_modified_time":"2022-08-04T18:02:41+00:00","og_image":[{"width":850,"height":1000,"url":"https:\/\/lubrimas.pe\/empresas\/wp-content\/uploads\/sites\/2\/2022\/08\/lubrimasperu-lubrimaspe-empresas-cotizaciones-aceite-mobil-balde-cilindro-losolivos-lima-peru.webp","type":"image\/webp"}],"twitter_card":"summary_large_image","schema":{"@context":"https:\/\/schema.org","@graph":[{"@type":"WebPage","@id":"https:\/\/lubrimas.pe\/empresas\/productos\/mobil-dte-800\/","url":"https:\/\/lubrimas.pe\/empresas\/productos\/mobil-dte-800\/","name":"MOBIL DTE 800 - Lubrim\u00e1s Empresas","isPartOf":{"@id":"https:\/\/lubrimas.pe\/empresas\/#website"},"primaryImageOfPage":{"@id":"https:\/\/lubrimas.pe\/empresas\/productos\/mobil-dte-800\/#primaryimage"},"image":{"@id":"https:\/\/lubrimas.pe\/empresas\/productos\/mobil-dte-800\/#primaryimage"},"thumbnailUrl":"https:\/\/lubrimas.pe\/empresas\/wp-content\/uploads\/sites\/2\/2022\/08\/lubrimasperu-lubrimaspe-empresas-cotizaciones-aceite-mobil-balde-cilindro-losolivos-lima-peru.webp","datePublished":"2022-01-20T17:10:58+00:00","dateModified":"2022-08-04T18:02:41+00:00","breadcrumb":{"@id":"https:\/\/lubrimas.pe\/empresas\/productos\/mobil-dte-800\/#breadcrumb"},"inLanguage":"es","potentialAction":[{"@type":"ReadAction","target":["https:\/\/lubrimas.pe\/empresas\/productos\/mobil-dte-800\/"]}]},{"@type":"ImageObject","inLanguage":"es","@id":"https:\/\/lubrimas.pe\/empresas\/productos\/mobil-dte-800\/#primaryimage","url":"https:\/\/lubrimas.pe\/empresas\/wp-content\/uploads\/sites\/2\/2022\/08\/lubrimasperu-lubrimaspe-empresas-cotizaciones-aceite-mobil-balde-cilindro-losolivos-lima-peru.webp","contentUrl":"https:\/\/lubrimas.pe\/empresas\/wp-content\/uploads\/sites\/2\/2022\/08\/lubrimasperu-lubrimaspe-empresas-cotizaciones-aceite-mobil-balde-cilindro-losolivos-lima-peru.webp","width":850,"height":1000},{"@type":"BreadcrumbList","@id":"https:\/\/lubrimas.pe\/empresas\/productos\/mobil-dte-800\/#breadcrumb","itemListElement":[{"@type":"ListItem","position":1,"name":"Portada","item":"https:\/\/lubrimas.pe\/empresas\/"},{"@type":"ListItem","position":2,"name":"Lubricantes (Cat\u00e1logo)","item":"https:\/\/lubrimas.pe\/empresas\/productos\/"},{"@type":"ListItem","position":3,"name":"MOBIL DTE 800"}]},{"@type":"WebSite","@id":"https:\/\/lubrimas.pe\/empresas\/#website","url":"https:\/\/lubrimas.pe\/empresas\/","name":"Lubrim\u00e1s Empresas","description":"Distribuidor Autorizado de Lubricantes para el sector Automotor e Industrial","publisher":{"@id":"https:\/\/lubrimas.pe\/empresas\/#organization"},"potentialAction":[{"@type":"SearchAction","target":{"@type":"EntryPoint","urlTemplate":"https:\/\/lubrimas.pe\/empresas\/?s={search_term_string}"},"query-input":{"@type":"PropertyValueSpecification","valueRequired":true,"valueName":"search_term_string"}}],"inLanguage":"es"},{"@type":"Organization","@id":"https:\/\/lubrimas.pe\/empresas\/#organization","name":"Lubrimas.pe","url":"https:\/\/lubrimas.pe\/empresas\/","logo":{"@type":"ImageObject","inLanguage":"es","@id":"https:\/\/lubrimas.pe\/empresas\/#\/schema\/logo\/image\/","url":"https:\/\/lubrimas.pe\/empresas\/wp-content\/uploads\/sites\/2\/2022\/03\/tarjeta-empresas.webp","contentUrl":"https:\/\/lubrimas.pe\/empresas\/wp-content\/uploads\/sites\/2\/2022\/03\/tarjeta-empresas.webp","width":250,"height":250,"caption":"Lubrimas.pe"},"image":{"@id":"https:\/\/lubrimas.pe\/empresas\/#\/schema\/logo\/image\/"},"sameAs":["https:\/\/www.facebook.com\/lubrimasperu","https:\/\/www.instagram.com\/lubrimas_pe","https:\/\/www.youtube.com\/channel\/UCkp38n2qqb8SU60_v_gaKlg"]}]}},"_links":{"self":[{"href":"https:\/\/lubrimas.pe\/empresas\/wp-json\/wp\/v2\/product\/682","targetHints":{"allow":["GET"]}}],"collection":[{"href":"https:\/\/lubrimas.pe\/empresas\/wp-json\/wp\/v2\/product"}],"about":[{"href":"https:\/\/lubrimas.pe\/empresas\/wp-json\/wp\/v2\/types\/product"}],"replies":[{"embeddable":true,"href":"https:\/\/lubrimas.pe\/empresas\/wp-json\/wp\/v2\/comments?post=682"}],"wp:featuredmedia":[{"embeddable":true,"href":"https:\/\/lubrimas.pe\/empresas\/wp-json\/wp\/v2\/media\/1317"}],"wp:attachment":[{"href":"https:\/\/lubrimas.pe\/empresas\/wp-json\/wp\/v2\/media?parent=682"}],"wp:term":[{"taxonomy":"product_brand","embeddable":true,"href":"https:\/\/lubrimas.pe\/empresas\/wp-json\/wp\/v2\/product_brand?post=682"},{"taxonomy":"product_cat","embeddable":true,"href":"https:\/\/lubrimas.pe\/empresas\/wp-json\/wp\/v2\/product_cat?post=682"},{"taxonomy":"product_tag","embeddable":true,"href":"https:\/\/lubrimas.pe\/empresas\/wp-json\/wp\/v2\/product_tag?post=682"}],"curies":[{"name":"wp","href":"https:\/\/api.w.org\/{rel}","templated":true}]}}