{"id":686,"date":"2022-01-20T17:11:06","date_gmt":"2022-01-20T17:11:06","guid":{"rendered":"https:\/\/lubrimas.pe\/empresas\/?post_type=product&#038;p=686"},"modified":"2022-08-04T13:01:27","modified_gmt":"2022-08-04T18:01:27","slug":"mobil-vacuoline-1400-series","status":"publish","type":"product","link":"https:\/\/lubrimas.pe\/empresas\/productos\/mobil-vacuoline-1400-series\/","title":{"rendered":"MOBIL VACUOLINE 1400 SERIES"},"content":{"rendered":"","protected":false},"excerpt":{"rendered":"<p>Los aceites Mobil Vacuoline \u2122 de la serie 1400 son lubricantes de rendimiento extra alto dise\u00f1ados espec\u00edficamente para satisfacer los requisitos de las m\u00e1quinas herramienta que utilizan un aceite para ambos sistemas hidr\u00e1ulicos y lubricaci\u00f3n de v\u00edas. Est\u00e1n formulados con aceites base minerales de alta calidad y una tecnolog\u00eda de aditivos \u00fanica que proporciona excelentes propiedades de lubricidad para eliminar el pegado-deslizamiento y la vibraci\u00f3n de las formas de caja verticales y muy cargadas. Exhiben un alto grado de oxidaci\u00f3n y estabilidad t\u00e9rmica que aumenta la vida \u00fatil y ayuda a mantener las superficies lubricadas limpias y libres de corrosi\u00f3n o dep\u00f3sitos que podr\u00edan restar calidad y precisi\u00f3n a las piezas terminadas. Los aceites Mobil Vacuoline Serie 1400 proporcionan el equilibrio \u00f3ptimo entre estos requisitos divergentes. Estos productos son el resultado de una tecnolog\u00eda innovadora para cumplir con las propiedades de baja fricci\u00f3n necesarias para asegurar niveles aceptables de producci\u00f3n de piezas de calidad con un tiempo de inactividad m\u00ednimo en las m\u00e1quinas herramienta de alto rendimiento de hoy en d\u00eda. Exhiben la capacidad de inhibir la oxidaci\u00f3n y la formaci\u00f3n de lacas y dep\u00f3sitos en las v\u00edas y en los sistemas hidr\u00e1ulicos, al tiempo que brindan un excelente rendimiento de carga para controlar el desgaste de los componentes y prolongar la vida \u00fatil del equipo.<\/p>\n","protected":false},"featured_media":1317,"comment_status":"closed","ping_status":"closed","template":"","meta":[],"product_brand":[],"product_cat":[110],"product_tag":[],"class_list":{"0":"post-686","1":"product","2":"type-product","3":"status-publish","4":"has-post-thumbnail","6":"product_cat-maquinado","7":"pa_marca-mobil","8":"pa_presentacion-cilindro-55gl","10":"first","11":"instock","12":"shipping-taxable","13":"purchasable","14":"product-type-variable","15":"has-default-attributes"},"yoast_head":"<!-- This site is optimized with the Yoast SEO plugin v27.4 - https:\/\/yoast.com\/product\/yoast-seo-wordpress\/ -->\n<title>MOBIL VACUOLINE 1400 SERIES - Lubrim\u00e1s Empresas<\/title>\n<meta name=\"robots\" content=\"index, follow, max-snippet:-1, max-image-preview:large, max-video-preview:-1\" \/>\n<link rel=\"canonical\" href=\"https:\/\/lubrimas.pe\/empresas\/productos\/mobil-vacuoline-1400-series\/\" \/>\n<meta property=\"og:locale\" content=\"es_ES\" \/>\n<meta property=\"og:type\" content=\"article\" \/>\n<meta property=\"og:title\" content=\"MOBIL VACUOLINE 1400 SERIES - Lubrim\u00e1s Empresas\" \/>\n<meta property=\"og:description\" content=\"Los aceites Mobil Vacuoline \u2122 de la serie 1400 son lubricantes de rendimiento extra alto dise\u00f1ados espec\u00edficamente para satisfacer los requisitos de las m\u00e1quinas herramienta que utilizan un aceite para ambos sistemas hidr\u00e1ulicos y lubricaci\u00f3n de v\u00edas. Est\u00e1n formulados con aceites base minerales de alta calidad y una tecnolog\u00eda de aditivos \u00fanica que proporciona excelentes propiedades de lubricidad para eliminar el pegado-deslizamiento y la vibraci\u00f3n de las formas de caja verticales y muy cargadas. Exhiben un alto grado de oxidaci\u00f3n y estabilidad t\u00e9rmica que aumenta la vida \u00fatil y ayuda a mantener las superficies lubricadas limpias y libres de corrosi\u00f3n o dep\u00f3sitos que podr\u00edan restar calidad y precisi\u00f3n a las piezas terminadas. Los aceites Mobil Vacuoline Serie 1400 proporcionan el equilibrio \u00f3ptimo entre estos requisitos divergentes. Estos productos son el resultado de una tecnolog\u00eda innovadora para cumplir con las propiedades de baja fricci\u00f3n necesarias para asegurar niveles aceptables de producci\u00f3n de piezas de calidad con un tiempo de inactividad m\u00ednimo en las m\u00e1quinas herramienta de alto rendimiento de hoy en d\u00eda. Exhiben la capacidad de inhibir la oxidaci\u00f3n y la formaci\u00f3n de lacas y dep\u00f3sitos en las v\u00edas y en los sistemas hidr\u00e1ulicos, al tiempo que brindan un excelente rendimiento de carga para controlar el desgaste de los componentes y prolongar la vida \u00fatil del equipo.\" \/>\n<meta property=\"og:url\" content=\"https:\/\/lubrimas.pe\/empresas\/productos\/mobil-vacuoline-1400-series\/\" \/>\n<meta property=\"og:site_name\" content=\"Lubrim\u00e1s Empresas\" \/>\n<meta property=\"article:publisher\" content=\"https:\/\/www.facebook.com\/lubrimasperu\" \/>\n<meta property=\"article:modified_time\" content=\"2022-08-04T18:01:27+00:00\" \/>\n<meta property=\"og:image\" content=\"https:\/\/lubrimas.pe\/empresas\/wp-content\/uploads\/sites\/2\/2022\/08\/lubrimasperu-lubrimaspe-empresas-cotizaciones-aceite-mobil-balde-cilindro-losolivos-lima-peru.webp\" \/>\n\t<meta property=\"og:image:width\" content=\"850\" \/>\n\t<meta property=\"og:image:height\" content=\"1000\" \/>\n\t<meta property=\"og:image:type\" content=\"image\/webp\" \/>\n<meta name=\"twitter:card\" content=\"summary_large_image\" \/>\n<script type=\"application\/ld+json\" class=\"yoast-schema-graph\">{\"@context\":\"https:\\\/\\\/schema.org\",\"@graph\":[{\"@type\":\"WebPage\",\"@id\":\"https:\\\/\\\/lubrimas.pe\\\/empresas\\\/productos\\\/mobil-vacuoline-1400-series\\\/\",\"url\":\"https:\\\/\\\/lubrimas.pe\\\/empresas\\\/productos\\\/mobil-vacuoline-1400-series\\\/\",\"name\":\"MOBIL VACUOLINE 1400 SERIES - Lubrim\u00e1s Empresas\",\"isPartOf\":{\"@id\":\"https:\\\/\\\/lubrimas.pe\\\/empresas\\\/#website\"},\"primaryImageOfPage\":{\"@id\":\"https:\\\/\\\/lubrimas.pe\\\/empresas\\\/productos\\\/mobil-vacuoline-1400-series\\\/#primaryimage\"},\"image\":{\"@id\":\"https:\\\/\\\/lubrimas.pe\\\/empresas\\\/productos\\\/mobil-vacuoline-1400-series\\\/#primaryimage\"},\"thumbnailUrl\":\"https:\\\/\\\/lubrimas.pe\\\/empresas\\\/wp-content\\\/uploads\\\/sites\\\/2\\\/2022\\\/08\\\/lubrimasperu-lubrimaspe-empresas-cotizaciones-aceite-mobil-balde-cilindro-losolivos-lima-peru.webp\",\"datePublished\":\"2022-01-20T17:11:06+00:00\",\"dateModified\":\"2022-08-04T18:01:27+00:00\",\"breadcrumb\":{\"@id\":\"https:\\\/\\\/lubrimas.pe\\\/empresas\\\/productos\\\/mobil-vacuoline-1400-series\\\/#breadcrumb\"},\"inLanguage\":\"es\",\"potentialAction\":[{\"@type\":\"ReadAction\",\"target\":[\"https:\\\/\\\/lubrimas.pe\\\/empresas\\\/productos\\\/mobil-vacuoline-1400-series\\\/\"]}]},{\"@type\":\"ImageObject\",\"inLanguage\":\"es\",\"@id\":\"https:\\\/\\\/lubrimas.pe\\\/empresas\\\/productos\\\/mobil-vacuoline-1400-series\\\/#primaryimage\",\"url\":\"https:\\\/\\\/lubrimas.pe\\\/empresas\\\/wp-content\\\/uploads\\\/sites\\\/2\\\/2022\\\/08\\\/lubrimasperu-lubrimaspe-empresas-cotizaciones-aceite-mobil-balde-cilindro-losolivos-lima-peru.webp\",\"contentUrl\":\"https:\\\/\\\/lubrimas.pe\\\/empresas\\\/wp-content\\\/uploads\\\/sites\\\/2\\\/2022\\\/08\\\/lubrimasperu-lubrimaspe-empresas-cotizaciones-aceite-mobil-balde-cilindro-losolivos-lima-peru.webp\",\"width\":850,\"height\":1000},{\"@type\":\"BreadcrumbList\",\"@id\":\"https:\\\/\\\/lubrimas.pe\\\/empresas\\\/productos\\\/mobil-vacuoline-1400-series\\\/#breadcrumb\",\"itemListElement\":[{\"@type\":\"ListItem\",\"position\":1,\"name\":\"Portada\",\"item\":\"https:\\\/\\\/lubrimas.pe\\\/empresas\\\/\"},{\"@type\":\"ListItem\",\"position\":2,\"name\":\"Lubricantes (Cat\u00e1logo)\",\"item\":\"https:\\\/\\\/lubrimas.pe\\\/empresas\\\/productos\\\/\"},{\"@type\":\"ListItem\",\"position\":3,\"name\":\"MOBIL VACUOLINE 1400 SERIES\"}]},{\"@type\":\"WebSite\",\"@id\":\"https:\\\/\\\/lubrimas.pe\\\/empresas\\\/#website\",\"url\":\"https:\\\/\\\/lubrimas.pe\\\/empresas\\\/\",\"name\":\"Lubrim\u00e1s Empresas\",\"description\":\"Distribuidor Autorizado de Lubricantes para el sector Automotor e Industrial\",\"publisher\":{\"@id\":\"https:\\\/\\\/lubrimas.pe\\\/empresas\\\/#organization\"},\"potentialAction\":[{\"@type\":\"SearchAction\",\"target\":{\"@type\":\"EntryPoint\",\"urlTemplate\":\"https:\\\/\\\/lubrimas.pe\\\/empresas\\\/?s={search_term_string}\"},\"query-input\":{\"@type\":\"PropertyValueSpecification\",\"valueRequired\":true,\"valueName\":\"search_term_string\"}}],\"inLanguage\":\"es\"},{\"@type\":\"Organization\",\"@id\":\"https:\\\/\\\/lubrimas.pe\\\/empresas\\\/#organization\",\"name\":\"Lubrimas.pe\",\"url\":\"https:\\\/\\\/lubrimas.pe\\\/empresas\\\/\",\"logo\":{\"@type\":\"ImageObject\",\"inLanguage\":\"es\",\"@id\":\"https:\\\/\\\/lubrimas.pe\\\/empresas\\\/#\\\/schema\\\/logo\\\/image\\\/\",\"url\":\"https:\\\/\\\/lubrimas.pe\\\/empresas\\\/wp-content\\\/uploads\\\/sites\\\/2\\\/2022\\\/03\\\/tarjeta-empresas.webp\",\"contentUrl\":\"https:\\\/\\\/lubrimas.pe\\\/empresas\\\/wp-content\\\/uploads\\\/sites\\\/2\\\/2022\\\/03\\\/tarjeta-empresas.webp\",\"width\":250,\"height\":250,\"caption\":\"Lubrimas.pe\"},\"image\":{\"@id\":\"https:\\\/\\\/lubrimas.pe\\\/empresas\\\/#\\\/schema\\\/logo\\\/image\\\/\"},\"sameAs\":[\"https:\\\/\\\/www.facebook.com\\\/lubrimasperu\",\"https:\\\/\\\/www.instagram.com\\\/lubrimas_pe\",\"https:\\\/\\\/www.youtube.com\\\/channel\\\/UCkp38n2qqb8SU60_v_gaKlg\"]}]}<\/script>\n<!-- \/ Yoast SEO plugin. -->","yoast_head_json":{"title":"MOBIL VACUOLINE 1400 SERIES - Lubrim\u00e1s Empresas","robots":{"index":"index","follow":"follow","max-snippet":"max-snippet:-1","max-image-preview":"max-image-preview:large","max-video-preview":"max-video-preview:-1"},"canonical":"https:\/\/lubrimas.pe\/empresas\/productos\/mobil-vacuoline-1400-series\/","og_locale":"es_ES","og_type":"article","og_title":"MOBIL VACUOLINE 1400 SERIES - Lubrim\u00e1s Empresas","og_description":"Los aceites Mobil Vacuoline \u2122 de la serie 1400 son lubricantes de rendimiento extra alto dise\u00f1ados espec\u00edficamente para satisfacer los requisitos de las m\u00e1quinas herramienta que utilizan un aceite para ambos sistemas hidr\u00e1ulicos y lubricaci\u00f3n de v\u00edas. Est\u00e1n formulados con aceites base minerales de alta calidad y una tecnolog\u00eda de aditivos \u00fanica que proporciona excelentes propiedades de lubricidad para eliminar el pegado-deslizamiento y la vibraci\u00f3n de las formas de caja verticales y muy cargadas. Exhiben un alto grado de oxidaci\u00f3n y estabilidad t\u00e9rmica que aumenta la vida \u00fatil y ayuda a mantener las superficies lubricadas limpias y libres de corrosi\u00f3n o dep\u00f3sitos que podr\u00edan restar calidad y precisi\u00f3n a las piezas terminadas. Los aceites Mobil Vacuoline Serie 1400 proporcionan el equilibrio \u00f3ptimo entre estos requisitos divergentes. Estos productos son el resultado de una tecnolog\u00eda innovadora para cumplir con las propiedades de baja fricci\u00f3n necesarias para asegurar niveles aceptables de producci\u00f3n de piezas de calidad con un tiempo de inactividad m\u00ednimo en las m\u00e1quinas herramienta de alto rendimiento de hoy en d\u00eda. Exhiben la capacidad de inhibir la oxidaci\u00f3n y la formaci\u00f3n de lacas y dep\u00f3sitos en las v\u00edas y en los sistemas hidr\u00e1ulicos, al tiempo que brindan un excelente rendimiento de carga para controlar el desgaste de los componentes y prolongar la vida \u00fatil del equipo.","og_url":"https:\/\/lubrimas.pe\/empresas\/productos\/mobil-vacuoline-1400-series\/","og_site_name":"Lubrim\u00e1s Empresas","article_publisher":"https:\/\/www.facebook.com\/lubrimasperu","article_modified_time":"2022-08-04T18:01:27+00:00","og_image":[{"width":850,"height":1000,"url":"https:\/\/lubrimas.pe\/empresas\/wp-content\/uploads\/sites\/2\/2022\/08\/lubrimasperu-lubrimaspe-empresas-cotizaciones-aceite-mobil-balde-cilindro-losolivos-lima-peru.webp","type":"image\/webp"}],"twitter_card":"summary_large_image","schema":{"@context":"https:\/\/schema.org","@graph":[{"@type":"WebPage","@id":"https:\/\/lubrimas.pe\/empresas\/productos\/mobil-vacuoline-1400-series\/","url":"https:\/\/lubrimas.pe\/empresas\/productos\/mobil-vacuoline-1400-series\/","name":"MOBIL VACUOLINE 1400 SERIES - Lubrim\u00e1s Empresas","isPartOf":{"@id":"https:\/\/lubrimas.pe\/empresas\/#website"},"primaryImageOfPage":{"@id":"https:\/\/lubrimas.pe\/empresas\/productos\/mobil-vacuoline-1400-series\/#primaryimage"},"image":{"@id":"https:\/\/lubrimas.pe\/empresas\/productos\/mobil-vacuoline-1400-series\/#primaryimage"},"thumbnailUrl":"https:\/\/lubrimas.pe\/empresas\/wp-content\/uploads\/sites\/2\/2022\/08\/lubrimasperu-lubrimaspe-empresas-cotizaciones-aceite-mobil-balde-cilindro-losolivos-lima-peru.webp","datePublished":"2022-01-20T17:11:06+00:00","dateModified":"2022-08-04T18:01:27+00:00","breadcrumb":{"@id":"https:\/\/lubrimas.pe\/empresas\/productos\/mobil-vacuoline-1400-series\/#breadcrumb"},"inLanguage":"es","potentialAction":[{"@type":"ReadAction","target":["https:\/\/lubrimas.pe\/empresas\/productos\/mobil-vacuoline-1400-series\/"]}]},{"@type":"ImageObject","inLanguage":"es","@id":"https:\/\/lubrimas.pe\/empresas\/productos\/mobil-vacuoline-1400-series\/#primaryimage","url":"https:\/\/lubrimas.pe\/empresas\/wp-content\/uploads\/sites\/2\/2022\/08\/lubrimasperu-lubrimaspe-empresas-cotizaciones-aceite-mobil-balde-cilindro-losolivos-lima-peru.webp","contentUrl":"https:\/\/lubrimas.pe\/empresas\/wp-content\/uploads\/sites\/2\/2022\/08\/lubrimasperu-lubrimaspe-empresas-cotizaciones-aceite-mobil-balde-cilindro-losolivos-lima-peru.webp","width":850,"height":1000},{"@type":"BreadcrumbList","@id":"https:\/\/lubrimas.pe\/empresas\/productos\/mobil-vacuoline-1400-series\/#breadcrumb","itemListElement":[{"@type":"ListItem","position":1,"name":"Portada","item":"https:\/\/lubrimas.pe\/empresas\/"},{"@type":"ListItem","position":2,"name":"Lubricantes (Cat\u00e1logo)","item":"https:\/\/lubrimas.pe\/empresas\/productos\/"},{"@type":"ListItem","position":3,"name":"MOBIL VACUOLINE 1400 SERIES"}]},{"@type":"WebSite","@id":"https:\/\/lubrimas.pe\/empresas\/#website","url":"https:\/\/lubrimas.pe\/empresas\/","name":"Lubrim\u00e1s Empresas","description":"Distribuidor Autorizado de Lubricantes para el sector Automotor e Industrial","publisher":{"@id":"https:\/\/lubrimas.pe\/empresas\/#organization"},"potentialAction":[{"@type":"SearchAction","target":{"@type":"EntryPoint","urlTemplate":"https:\/\/lubrimas.pe\/empresas\/?s={search_term_string}"},"query-input":{"@type":"PropertyValueSpecification","valueRequired":true,"valueName":"search_term_string"}}],"inLanguage":"es"},{"@type":"Organization","@id":"https:\/\/lubrimas.pe\/empresas\/#organization","name":"Lubrimas.pe","url":"https:\/\/lubrimas.pe\/empresas\/","logo":{"@type":"ImageObject","inLanguage":"es","@id":"https:\/\/lubrimas.pe\/empresas\/#\/schema\/logo\/image\/","url":"https:\/\/lubrimas.pe\/empresas\/wp-content\/uploads\/sites\/2\/2022\/03\/tarjeta-empresas.webp","contentUrl":"https:\/\/lubrimas.pe\/empresas\/wp-content\/uploads\/sites\/2\/2022\/03\/tarjeta-empresas.webp","width":250,"height":250,"caption":"Lubrimas.pe"},"image":{"@id":"https:\/\/lubrimas.pe\/empresas\/#\/schema\/logo\/image\/"},"sameAs":["https:\/\/www.facebook.com\/lubrimasperu","https:\/\/www.instagram.com\/lubrimas_pe","https:\/\/www.youtube.com\/channel\/UCkp38n2qqb8SU60_v_gaKlg"]}]}},"_links":{"self":[{"href":"https:\/\/lubrimas.pe\/empresas\/wp-json\/wp\/v2\/product\/686","targetHints":{"allow":["GET"]}}],"collection":[{"href":"https:\/\/lubrimas.pe\/empresas\/wp-json\/wp\/v2\/product"}],"about":[{"href":"https:\/\/lubrimas.pe\/empresas\/wp-json\/wp\/v2\/types\/product"}],"replies":[{"embeddable":true,"href":"https:\/\/lubrimas.pe\/empresas\/wp-json\/wp\/v2\/comments?post=686"}],"wp:featuredmedia":[{"embeddable":true,"href":"https:\/\/lubrimas.pe\/empresas\/wp-json\/wp\/v2\/media\/1317"}],"wp:attachment":[{"href":"https:\/\/lubrimas.pe\/empresas\/wp-json\/wp\/v2\/media?parent=686"}],"wp:term":[{"taxonomy":"product_brand","embeddable":true,"href":"https:\/\/lubrimas.pe\/empresas\/wp-json\/wp\/v2\/product_brand?post=686"},{"taxonomy":"product_cat","embeddable":true,"href":"https:\/\/lubrimas.pe\/empresas\/wp-json\/wp\/v2\/product_cat?post=686"},{"taxonomy":"product_tag","embeddable":true,"href":"https:\/\/lubrimas.pe\/empresas\/wp-json\/wp\/v2\/product_tag?post=686"}],"curies":[{"name":"wp","href":"https:\/\/api.w.org\/{rel}","templated":true}]}}