{"id":690,"date":"2022-01-20T17:11:06","date_gmt":"2022-01-20T17:11:06","guid":{"rendered":"https:\/\/lubrimas.pe\/empresas\/?post_type=product&#038;p=690"},"modified":"2022-08-04T12:59:42","modified_gmt":"2022-08-04T17:59:42","slug":"mobil-mobilcut-series","status":"publish","type":"product","link":"https:\/\/lubrimas.pe\/empresas\/productos\/mobil-mobilcut-series\/","title":{"rendered":"MOBIL MOBILCUT SERIES"},"content":{"rendered":"","protected":false},"excerpt":{"rendered":"<p>Mobilcut es la marca de f\u00e1brica para la l\u00ednea de lubricantes industriales de Mobil de fluidos acuosos de alto desempe\u00f1o miscibles en agua para la remoci\u00f3n de metal. Formulada con aceites base, aditivos y emulsionantes de vanguardia, la serie Mobilcut de productos no clorados proporciona un desempe\u00f1o confiable en una amplia gama de procesos de remoci\u00f3n de metal. Los productos est\u00e1n dise\u00f1ados para trabajar en una variedad de calidades de agua dura y blanda y ofrecen la posibilidad de trabajar con baja formaci\u00f3n de espuma y de brindar protecci\u00f3n a largo plazo contra la corrosi\u00f3n en las m\u00e1quinas y sus componentes. Los productos Mobilcut, de bajo mantenimiento e inherentemente estables, est\u00e1n dise\u00f1ados para aquellos talleres modernos donde la larga vida \u00fatil de servicio, el excelente desempe\u00f1o en el maquinado y las inquietudes respecto a la salud y el medio ambiente son factores importantes para alcanzar una mayor productividad. Estos productos se suministran en forma concentrada y requieren mezclarse con agua en el lugar de uso. Mobilcut 100 es un aceite convencional lechoso y soluble que se mezcla f\u00e1cilmente con diferentes tipos de aguas para formar emulsiones estables. Su vers\u00e1til desempe\u00f1o hace que sea adecuado para una amplia gama de operaciones de corte y rectificaci\u00f3n de metales tanto en materiales ferrosos como no ferrosos, donde un desempe\u00f1o econ\u00f3mico es la principal consideraci\u00f3n. Ofrece una excelente estabilidad de la emulsi\u00f3n y protecci\u00f3n a largo plazo contra la corrosi\u00f3n tanto para los componentes como para la m\u00e1quina herramienta. Mejorado con agentes de lubricidad, Mobilcut 140 es un fluido soluble en agua de larga vida \u00fatil que lo hace una opci\u00f3n ideal para aplicaciones de maquinado de servicio moderado a pesado en los talleres de maquinado modernos. Est\u00e1 formulado para proporcionar una larga vida \u00fatil de servicio y buena estabilidad y durabilidad de la emulsi\u00f3n, a la vez que ayuda a incrementar la vida \u00fatil de la herramienta y a mejorar el acabado de la superficie, incluso en operaciones de maquinado dif\u00edciles. Mobilcut 140 es una opci\u00f3n ideal en situaciones donde se requiere un excelente desempe\u00f1o de maquinado en una amplia variedad de materiales y aplicaciones, y que a la vez sea f\u00e1cil de monitorear y mantener. Mobilcut 250 es un fluido semisint\u00e9tico de alto desempe\u00f1o dise\u00f1ado para mejorar el desempe\u00f1o al maquinar aluminio y aleaciones de aluminio y cuando es importante que la posibilidad de manchado sobre componentes sensibles sea baja. Al contener altos niveles de agentes de lubricidad, proporciona un alto desempe\u00f1o de maquinado en aceros al carbono y aleaciones de acero y metales amarillos Mobilcut 320 es un fluido de corte sint\u00e9tico bioestable a base de aceites minerales que proporciona excelente protecci\u00f3n contra la corrosi\u00f3n residual, residuos no pegajosos y excelente separabilidad de la serie de aceites Mobil Vactra Oil Numbered. Est\u00e1 dise\u00f1ado para operaciones generales de rectificaci\u00f3n cuando los principales requisitos son un acabado superficial de alta calidad, un enfriamiento sobresaliente y una baja posibilidad de formaci\u00f3n de espuma. Ayuda a mantener las muelas despejadas y abiertas para as\u00ed proporcionar el m\u00e1ximo desempe\u00f1o y muestra una marcada estabilidad que brinda una larga vida \u00fatil de servicio. Mobilcut 350 es un fluido sint\u00e9tico (libre de aceite mineral) bioestable y de alto desempe\u00f1o, con excelente rechazo del aceite fugado y con propiedades de baja formaci\u00f3n de espuma.<\/p>\n","protected":false},"featured_media":1317,"comment_status":"closed","ping_status":"closed","template":"","meta":[],"product_brand":[],"product_cat":[110],"product_tag":[],"class_list":{"0":"post-690","1":"product","2":"type-product","3":"status-publish","4":"has-post-thumbnail","6":"product_cat-maquinado","7":"pa_marca-mobil","8":"pa_presentacion-cilindro-55gl","10":"first","11":"instock","12":"shipping-taxable","13":"purchasable","14":"product-type-variable","15":"has-default-attributes"},"yoast_head":"<!-- This site is optimized with the Yoast SEO plugin v27.4 - https:\/\/yoast.com\/product\/yoast-seo-wordpress\/ -->\n<title>MOBIL MOBILCUT SERIES - Lubrim\u00e1s Empresas<\/title>\n<meta name=\"robots\" content=\"index, follow, max-snippet:-1, max-image-preview:large, max-video-preview:-1\" \/>\n<link rel=\"canonical\" href=\"https:\/\/lubrimas.pe\/empresas\/productos\/mobil-mobilcut-series\/\" \/>\n<meta property=\"og:locale\" content=\"es_ES\" \/>\n<meta property=\"og:type\" content=\"article\" \/>\n<meta property=\"og:title\" content=\"MOBIL MOBILCUT SERIES - Lubrim\u00e1s Empresas\" \/>\n<meta property=\"og:description\" content=\"Mobilcut es la marca de f\u00e1brica para la l\u00ednea de lubricantes industriales de Mobil de fluidos acuosos de alto desempe\u00f1o miscibles en agua para la remoci\u00f3n de metal. Formulada con aceites base, aditivos y emulsionantes de vanguardia, la serie Mobilcut de productos no clorados proporciona un desempe\u00f1o confiable en una amplia gama de procesos de remoci\u00f3n de metal. Los productos est\u00e1n dise\u00f1ados para trabajar en una variedad de calidades de agua dura y blanda y ofrecen la posibilidad de trabajar con baja formaci\u00f3n de espuma y de brindar protecci\u00f3n a largo plazo contra la corrosi\u00f3n en las m\u00e1quinas y sus componentes. Los productos Mobilcut, de bajo mantenimiento e inherentemente estables, est\u00e1n dise\u00f1ados para aquellos talleres modernos donde la larga vida \u00fatil de servicio, el excelente desempe\u00f1o en el maquinado y las inquietudes respecto a la salud y el medio ambiente son factores importantes para alcanzar una mayor productividad. Estos productos se suministran en forma concentrada y requieren mezclarse con agua en el lugar de uso. Mobilcut 100 es un aceite convencional lechoso y soluble que se mezcla f\u00e1cilmente con diferentes tipos de aguas para formar emulsiones estables. Su vers\u00e1til desempe\u00f1o hace que sea adecuado para una amplia gama de operaciones de corte y rectificaci\u00f3n de metales tanto en materiales ferrosos como no ferrosos, donde un desempe\u00f1o econ\u00f3mico es la principal consideraci\u00f3n. Ofrece una excelente estabilidad de la emulsi\u00f3n y protecci\u00f3n a largo plazo contra la corrosi\u00f3n tanto para los componentes como para la m\u00e1quina herramienta. Mejorado con agentes de lubricidad, Mobilcut 140 es un fluido soluble en agua de larga vida \u00fatil que lo hace una opci\u00f3n ideal para aplicaciones de maquinado de servicio moderado a pesado en los talleres de maquinado modernos. Est\u00e1 formulado para proporcionar una larga vida \u00fatil de servicio y buena estabilidad y durabilidad de la emulsi\u00f3n, a la vez que ayuda a incrementar la vida \u00fatil de la herramienta y a mejorar el acabado de la superficie, incluso en operaciones de maquinado dif\u00edciles. Mobilcut 140 es una opci\u00f3n ideal en situaciones donde se requiere un excelente desempe\u00f1o de maquinado en una amplia variedad de materiales y aplicaciones, y que a la vez sea f\u00e1cil de monitorear y mantener. Mobilcut 250 es un fluido semisint\u00e9tico de alto desempe\u00f1o dise\u00f1ado para mejorar el desempe\u00f1o al maquinar aluminio y aleaciones de aluminio y cuando es importante que la posibilidad de manchado sobre componentes sensibles sea baja. Al contener altos niveles de agentes de lubricidad, proporciona un alto desempe\u00f1o de maquinado en aceros al carbono y aleaciones de acero y metales amarillos Mobilcut 320 es un fluido de corte sint\u00e9tico bioestable a base de aceites minerales que proporciona excelente protecci\u00f3n contra la corrosi\u00f3n residual, residuos no pegajosos y excelente separabilidad de la serie de aceites Mobil Vactra Oil Numbered. Est\u00e1 dise\u00f1ado para operaciones generales de rectificaci\u00f3n cuando los principales requisitos son un acabado superficial de alta calidad, un enfriamiento sobresaliente y una baja posibilidad de formaci\u00f3n de espuma. Ayuda a mantener las muelas despejadas y abiertas para as\u00ed proporcionar el m\u00e1ximo desempe\u00f1o y muestra una marcada estabilidad que brinda una larga vida \u00fatil de servicio. Mobilcut 350 es un fluido sint\u00e9tico (libre de aceite mineral) bioestable y de alto desempe\u00f1o, con excelente rechazo del aceite fugado y con propiedades de baja formaci\u00f3n de espuma.\" \/>\n<meta property=\"og:url\" content=\"https:\/\/lubrimas.pe\/empresas\/productos\/mobil-mobilcut-series\/\" \/>\n<meta property=\"og:site_name\" content=\"Lubrim\u00e1s Empresas\" \/>\n<meta property=\"article:publisher\" content=\"https:\/\/www.facebook.com\/lubrimasperu\" \/>\n<meta property=\"article:modified_time\" content=\"2022-08-04T17:59:42+00:00\" \/>\n<meta property=\"og:image\" content=\"https:\/\/lubrimas.pe\/empresas\/wp-content\/uploads\/sites\/2\/2022\/08\/lubrimasperu-lubrimaspe-empresas-cotizaciones-aceite-mobil-balde-cilindro-losolivos-lima-peru.webp\" \/>\n\t<meta property=\"og:image:width\" content=\"850\" \/>\n\t<meta property=\"og:image:height\" content=\"1000\" \/>\n\t<meta property=\"og:image:type\" content=\"image\/webp\" \/>\n<meta name=\"twitter:card\" content=\"summary_large_image\" \/>\n<script type=\"application\/ld+json\" class=\"yoast-schema-graph\">{\"@context\":\"https:\\\/\\\/schema.org\",\"@graph\":[{\"@type\":\"WebPage\",\"@id\":\"https:\\\/\\\/lubrimas.pe\\\/empresas\\\/productos\\\/mobil-mobilcut-series\\\/\",\"url\":\"https:\\\/\\\/lubrimas.pe\\\/empresas\\\/productos\\\/mobil-mobilcut-series\\\/\",\"name\":\"MOBIL MOBILCUT SERIES - Lubrim\u00e1s Empresas\",\"isPartOf\":{\"@id\":\"https:\\\/\\\/lubrimas.pe\\\/empresas\\\/#website\"},\"primaryImageOfPage\":{\"@id\":\"https:\\\/\\\/lubrimas.pe\\\/empresas\\\/productos\\\/mobil-mobilcut-series\\\/#primaryimage\"},\"image\":{\"@id\":\"https:\\\/\\\/lubrimas.pe\\\/empresas\\\/productos\\\/mobil-mobilcut-series\\\/#primaryimage\"},\"thumbnailUrl\":\"https:\\\/\\\/lubrimas.pe\\\/empresas\\\/wp-content\\\/uploads\\\/sites\\\/2\\\/2022\\\/08\\\/lubrimasperu-lubrimaspe-empresas-cotizaciones-aceite-mobil-balde-cilindro-losolivos-lima-peru.webp\",\"datePublished\":\"2022-01-20T17:11:06+00:00\",\"dateModified\":\"2022-08-04T17:59:42+00:00\",\"breadcrumb\":{\"@id\":\"https:\\\/\\\/lubrimas.pe\\\/empresas\\\/productos\\\/mobil-mobilcut-series\\\/#breadcrumb\"},\"inLanguage\":\"es\",\"potentialAction\":[{\"@type\":\"ReadAction\",\"target\":[\"https:\\\/\\\/lubrimas.pe\\\/empresas\\\/productos\\\/mobil-mobilcut-series\\\/\"]}]},{\"@type\":\"ImageObject\",\"inLanguage\":\"es\",\"@id\":\"https:\\\/\\\/lubrimas.pe\\\/empresas\\\/productos\\\/mobil-mobilcut-series\\\/#primaryimage\",\"url\":\"https:\\\/\\\/lubrimas.pe\\\/empresas\\\/wp-content\\\/uploads\\\/sites\\\/2\\\/2022\\\/08\\\/lubrimasperu-lubrimaspe-empresas-cotizaciones-aceite-mobil-balde-cilindro-losolivos-lima-peru.webp\",\"contentUrl\":\"https:\\\/\\\/lubrimas.pe\\\/empresas\\\/wp-content\\\/uploads\\\/sites\\\/2\\\/2022\\\/08\\\/lubrimasperu-lubrimaspe-empresas-cotizaciones-aceite-mobil-balde-cilindro-losolivos-lima-peru.webp\",\"width\":850,\"height\":1000},{\"@type\":\"BreadcrumbList\",\"@id\":\"https:\\\/\\\/lubrimas.pe\\\/empresas\\\/productos\\\/mobil-mobilcut-series\\\/#breadcrumb\",\"itemListElement\":[{\"@type\":\"ListItem\",\"position\":1,\"name\":\"Portada\",\"item\":\"https:\\\/\\\/lubrimas.pe\\\/empresas\\\/\"},{\"@type\":\"ListItem\",\"position\":2,\"name\":\"Lubricantes (Cat\u00e1logo)\",\"item\":\"https:\\\/\\\/lubrimas.pe\\\/empresas\\\/productos\\\/\"},{\"@type\":\"ListItem\",\"position\":3,\"name\":\"MOBIL MOBILCUT SERIES\"}]},{\"@type\":\"WebSite\",\"@id\":\"https:\\\/\\\/lubrimas.pe\\\/empresas\\\/#website\",\"url\":\"https:\\\/\\\/lubrimas.pe\\\/empresas\\\/\",\"name\":\"Lubrim\u00e1s Empresas\",\"description\":\"Distribuidor Autorizado de Lubricantes para el sector Automotor e Industrial\",\"publisher\":{\"@id\":\"https:\\\/\\\/lubrimas.pe\\\/empresas\\\/#organization\"},\"potentialAction\":[{\"@type\":\"SearchAction\",\"target\":{\"@type\":\"EntryPoint\",\"urlTemplate\":\"https:\\\/\\\/lubrimas.pe\\\/empresas\\\/?s={search_term_string}\"},\"query-input\":{\"@type\":\"PropertyValueSpecification\",\"valueRequired\":true,\"valueName\":\"search_term_string\"}}],\"inLanguage\":\"es\"},{\"@type\":\"Organization\",\"@id\":\"https:\\\/\\\/lubrimas.pe\\\/empresas\\\/#organization\",\"name\":\"Lubrimas.pe\",\"url\":\"https:\\\/\\\/lubrimas.pe\\\/empresas\\\/\",\"logo\":{\"@type\":\"ImageObject\",\"inLanguage\":\"es\",\"@id\":\"https:\\\/\\\/lubrimas.pe\\\/empresas\\\/#\\\/schema\\\/logo\\\/image\\\/\",\"url\":\"https:\\\/\\\/lubrimas.pe\\\/empresas\\\/wp-content\\\/uploads\\\/sites\\\/2\\\/2022\\\/03\\\/tarjeta-empresas.webp\",\"contentUrl\":\"https:\\\/\\\/lubrimas.pe\\\/empresas\\\/wp-content\\\/uploads\\\/sites\\\/2\\\/2022\\\/03\\\/tarjeta-empresas.webp\",\"width\":250,\"height\":250,\"caption\":\"Lubrimas.pe\"},\"image\":{\"@id\":\"https:\\\/\\\/lubrimas.pe\\\/empresas\\\/#\\\/schema\\\/logo\\\/image\\\/\"},\"sameAs\":[\"https:\\\/\\\/www.facebook.com\\\/lubrimasperu\",\"https:\\\/\\\/www.instagram.com\\\/lubrimas_pe\",\"https:\\\/\\\/www.youtube.com\\\/channel\\\/UCkp38n2qqb8SU60_v_gaKlg\"]}]}<\/script>\n<!-- \/ Yoast SEO plugin. -->","yoast_head_json":{"title":"MOBIL MOBILCUT SERIES - Lubrim\u00e1s Empresas","robots":{"index":"index","follow":"follow","max-snippet":"max-snippet:-1","max-image-preview":"max-image-preview:large","max-video-preview":"max-video-preview:-1"},"canonical":"https:\/\/lubrimas.pe\/empresas\/productos\/mobil-mobilcut-series\/","og_locale":"es_ES","og_type":"article","og_title":"MOBIL MOBILCUT SERIES - Lubrim\u00e1s Empresas","og_description":"Mobilcut es la marca de f\u00e1brica para la l\u00ednea de lubricantes industriales de Mobil de fluidos acuosos de alto desempe\u00f1o miscibles en agua para la remoci\u00f3n de metal. Formulada con aceites base, aditivos y emulsionantes de vanguardia, la serie Mobilcut de productos no clorados proporciona un desempe\u00f1o confiable en una amplia gama de procesos de remoci\u00f3n de metal. Los productos est\u00e1n dise\u00f1ados para trabajar en una variedad de calidades de agua dura y blanda y ofrecen la posibilidad de trabajar con baja formaci\u00f3n de espuma y de brindar protecci\u00f3n a largo plazo contra la corrosi\u00f3n en las m\u00e1quinas y sus componentes. Los productos Mobilcut, de bajo mantenimiento e inherentemente estables, est\u00e1n dise\u00f1ados para aquellos talleres modernos donde la larga vida \u00fatil de servicio, el excelente desempe\u00f1o en el maquinado y las inquietudes respecto a la salud y el medio ambiente son factores importantes para alcanzar una mayor productividad. Estos productos se suministran en forma concentrada y requieren mezclarse con agua en el lugar de uso. Mobilcut 100 es un aceite convencional lechoso y soluble que se mezcla f\u00e1cilmente con diferentes tipos de aguas para formar emulsiones estables. Su vers\u00e1til desempe\u00f1o hace que sea adecuado para una amplia gama de operaciones de corte y rectificaci\u00f3n de metales tanto en materiales ferrosos como no ferrosos, donde un desempe\u00f1o econ\u00f3mico es la principal consideraci\u00f3n. Ofrece una excelente estabilidad de la emulsi\u00f3n y protecci\u00f3n a largo plazo contra la corrosi\u00f3n tanto para los componentes como para la m\u00e1quina herramienta. Mejorado con agentes de lubricidad, Mobilcut 140 es un fluido soluble en agua de larga vida \u00fatil que lo hace una opci\u00f3n ideal para aplicaciones de maquinado de servicio moderado a pesado en los talleres de maquinado modernos. Est\u00e1 formulado para proporcionar una larga vida \u00fatil de servicio y buena estabilidad y durabilidad de la emulsi\u00f3n, a la vez que ayuda a incrementar la vida \u00fatil de la herramienta y a mejorar el acabado de la superficie, incluso en operaciones de maquinado dif\u00edciles. Mobilcut 140 es una opci\u00f3n ideal en situaciones donde se requiere un excelente desempe\u00f1o de maquinado en una amplia variedad de materiales y aplicaciones, y que a la vez sea f\u00e1cil de monitorear y mantener. Mobilcut 250 es un fluido semisint\u00e9tico de alto desempe\u00f1o dise\u00f1ado para mejorar el desempe\u00f1o al maquinar aluminio y aleaciones de aluminio y cuando es importante que la posibilidad de manchado sobre componentes sensibles sea baja. Al contener altos niveles de agentes de lubricidad, proporciona un alto desempe\u00f1o de maquinado en aceros al carbono y aleaciones de acero y metales amarillos Mobilcut 320 es un fluido de corte sint\u00e9tico bioestable a base de aceites minerales que proporciona excelente protecci\u00f3n contra la corrosi\u00f3n residual, residuos no pegajosos y excelente separabilidad de la serie de aceites Mobil Vactra Oil Numbered. Est\u00e1 dise\u00f1ado para operaciones generales de rectificaci\u00f3n cuando los principales requisitos son un acabado superficial de alta calidad, un enfriamiento sobresaliente y una baja posibilidad de formaci\u00f3n de espuma. Ayuda a mantener las muelas despejadas y abiertas para as\u00ed proporcionar el m\u00e1ximo desempe\u00f1o y muestra una marcada estabilidad que brinda una larga vida \u00fatil de servicio. Mobilcut 350 es un fluido sint\u00e9tico (libre de aceite mineral) bioestable y de alto desempe\u00f1o, con excelente rechazo del aceite fugado y con propiedades de baja formaci\u00f3n de espuma.","og_url":"https:\/\/lubrimas.pe\/empresas\/productos\/mobil-mobilcut-series\/","og_site_name":"Lubrim\u00e1s Empresas","article_publisher":"https:\/\/www.facebook.com\/lubrimasperu","article_modified_time":"2022-08-04T17:59:42+00:00","og_image":[{"width":850,"height":1000,"url":"https:\/\/lubrimas.pe\/empresas\/wp-content\/uploads\/sites\/2\/2022\/08\/lubrimasperu-lubrimaspe-empresas-cotizaciones-aceite-mobil-balde-cilindro-losolivos-lima-peru.webp","type":"image\/webp"}],"twitter_card":"summary_large_image","schema":{"@context":"https:\/\/schema.org","@graph":[{"@type":"WebPage","@id":"https:\/\/lubrimas.pe\/empresas\/productos\/mobil-mobilcut-series\/","url":"https:\/\/lubrimas.pe\/empresas\/productos\/mobil-mobilcut-series\/","name":"MOBIL MOBILCUT SERIES - Lubrim\u00e1s Empresas","isPartOf":{"@id":"https:\/\/lubrimas.pe\/empresas\/#website"},"primaryImageOfPage":{"@id":"https:\/\/lubrimas.pe\/empresas\/productos\/mobil-mobilcut-series\/#primaryimage"},"image":{"@id":"https:\/\/lubrimas.pe\/empresas\/productos\/mobil-mobilcut-series\/#primaryimage"},"thumbnailUrl":"https:\/\/lubrimas.pe\/empresas\/wp-content\/uploads\/sites\/2\/2022\/08\/lubrimasperu-lubrimaspe-empresas-cotizaciones-aceite-mobil-balde-cilindro-losolivos-lima-peru.webp","datePublished":"2022-01-20T17:11:06+00:00","dateModified":"2022-08-04T17:59:42+00:00","breadcrumb":{"@id":"https:\/\/lubrimas.pe\/empresas\/productos\/mobil-mobilcut-series\/#breadcrumb"},"inLanguage":"es","potentialAction":[{"@type":"ReadAction","target":["https:\/\/lubrimas.pe\/empresas\/productos\/mobil-mobilcut-series\/"]}]},{"@type":"ImageObject","inLanguage":"es","@id":"https:\/\/lubrimas.pe\/empresas\/productos\/mobil-mobilcut-series\/#primaryimage","url":"https:\/\/lubrimas.pe\/empresas\/wp-content\/uploads\/sites\/2\/2022\/08\/lubrimasperu-lubrimaspe-empresas-cotizaciones-aceite-mobil-balde-cilindro-losolivos-lima-peru.webp","contentUrl":"https:\/\/lubrimas.pe\/empresas\/wp-content\/uploads\/sites\/2\/2022\/08\/lubrimasperu-lubrimaspe-empresas-cotizaciones-aceite-mobil-balde-cilindro-losolivos-lima-peru.webp","width":850,"height":1000},{"@type":"BreadcrumbList","@id":"https:\/\/lubrimas.pe\/empresas\/productos\/mobil-mobilcut-series\/#breadcrumb","itemListElement":[{"@type":"ListItem","position":1,"name":"Portada","item":"https:\/\/lubrimas.pe\/empresas\/"},{"@type":"ListItem","position":2,"name":"Lubricantes (Cat\u00e1logo)","item":"https:\/\/lubrimas.pe\/empresas\/productos\/"},{"@type":"ListItem","position":3,"name":"MOBIL MOBILCUT SERIES"}]},{"@type":"WebSite","@id":"https:\/\/lubrimas.pe\/empresas\/#website","url":"https:\/\/lubrimas.pe\/empresas\/","name":"Lubrim\u00e1s Empresas","description":"Distribuidor Autorizado de Lubricantes para el sector Automotor e Industrial","publisher":{"@id":"https:\/\/lubrimas.pe\/empresas\/#organization"},"potentialAction":[{"@type":"SearchAction","target":{"@type":"EntryPoint","urlTemplate":"https:\/\/lubrimas.pe\/empresas\/?s={search_term_string}"},"query-input":{"@type":"PropertyValueSpecification","valueRequired":true,"valueName":"search_term_string"}}],"inLanguage":"es"},{"@type":"Organization","@id":"https:\/\/lubrimas.pe\/empresas\/#organization","name":"Lubrimas.pe","url":"https:\/\/lubrimas.pe\/empresas\/","logo":{"@type":"ImageObject","inLanguage":"es","@id":"https:\/\/lubrimas.pe\/empresas\/#\/schema\/logo\/image\/","url":"https:\/\/lubrimas.pe\/empresas\/wp-content\/uploads\/sites\/2\/2022\/03\/tarjeta-empresas.webp","contentUrl":"https:\/\/lubrimas.pe\/empresas\/wp-content\/uploads\/sites\/2\/2022\/03\/tarjeta-empresas.webp","width":250,"height":250,"caption":"Lubrimas.pe"},"image":{"@id":"https:\/\/lubrimas.pe\/empresas\/#\/schema\/logo\/image\/"},"sameAs":["https:\/\/www.facebook.com\/lubrimasperu","https:\/\/www.instagram.com\/lubrimas_pe","https:\/\/www.youtube.com\/channel\/UCkp38n2qqb8SU60_v_gaKlg"]}]}},"_links":{"self":[{"href":"https:\/\/lubrimas.pe\/empresas\/wp-json\/wp\/v2\/product\/690","targetHints":{"allow":["GET"]}}],"collection":[{"href":"https:\/\/lubrimas.pe\/empresas\/wp-json\/wp\/v2\/product"}],"about":[{"href":"https:\/\/lubrimas.pe\/empresas\/wp-json\/wp\/v2\/types\/product"}],"replies":[{"embeddable":true,"href":"https:\/\/lubrimas.pe\/empresas\/wp-json\/wp\/v2\/comments?post=690"}],"wp:featuredmedia":[{"embeddable":true,"href":"https:\/\/lubrimas.pe\/empresas\/wp-json\/wp\/v2\/media\/1317"}],"wp:attachment":[{"href":"https:\/\/lubrimas.pe\/empresas\/wp-json\/wp\/v2\/media?parent=690"}],"wp:term":[{"taxonomy":"product_brand","embeddable":true,"href":"https:\/\/lubrimas.pe\/empresas\/wp-json\/wp\/v2\/product_brand?post=690"},{"taxonomy":"product_cat","embeddable":true,"href":"https:\/\/lubrimas.pe\/empresas\/wp-json\/wp\/v2\/product_cat?post=690"},{"taxonomy":"product_tag","embeddable":true,"href":"https:\/\/lubrimas.pe\/empresas\/wp-json\/wp\/v2\/product_tag?post=690"}],"curies":[{"name":"wp","href":"https:\/\/api.w.org\/{rel}","templated":true}]}}