{"id":692,"date":"2022-01-20T17:11:06","date_gmt":"2022-01-20T17:11:06","guid":{"rendered":"https:\/\/lubrimas.pe\/empresas\/?post_type=product&#038;p=692"},"modified":"2022-08-04T12:59:22","modified_gmt":"2022-08-04T17:59:22","slug":"mobil-mobiltherm-600-series","status":"publish","type":"product","link":"https:\/\/lubrimas.pe\/empresas\/productos\/mobil-mobiltherm-600-series\/","title":{"rendered":"MOBIL MOBILTHERM 600 SERIES"},"content":{"rendered":"","protected":false},"excerpt":{"rendered":"<p>Los aceites de transferencia de calor Mobiltherm son productos de alto rendimiento dise\u00f1ados para su uso en instalaciones cerradas de calefacci\u00f3n indirecta. Se recomiendan para su uso en sistemas de refrigeraci\u00f3n y calefacci\u00f3n indirectos sellados con aceite fr\u00edo en todo tipo de procesos industriales. Los aceites de transferencia de calor Mobiltherm est\u00e1n formulados a partir de materias primas altamente refinadas que son resistentes al agrietamiento t\u00e9rmico y la oxidaci\u00f3n qu\u00edmica. Son muy estables t\u00e9rmicamente y tienen una vida \u00fatil extremadamente larga sin formaci\u00f3n de dep\u00f3sitos ni aumento de la viscosidad. Los aceites de transferencia de calor Mobiltherm tienen una buena eficiencia de transferencia de calor y sus viscosidades son tales que pueden bombearse f\u00e1cilmente tanto a la temperatura de arranque como a la de funcionamiento. Demuestran calor espec\u00edfico y conductividades t\u00e9rmicas que proporcionan una disipaci\u00f3n de calor m\u00e1s r\u00e1pida. Los puntos de inflamaci\u00f3n de estos aceites no disminuir\u00e1n significativamente en servicio debido a su resistencia al agrietamiento t\u00e9rmico a las temperaturas de operaci\u00f3n para las que se recomiendan.<\/p>\n","protected":false},"featured_media":1317,"comment_status":"closed","ping_status":"closed","template":"","meta":[],"product_brand":[],"product_cat":[111],"product_tag":[],"class_list":{"0":"post-692","1":"product","2":"type-product","3":"status-publish","4":"has-post-thumbnail","6":"product_cat-lubricantes-termicos","7":"pa_marca-mobil","8":"pa_presentacion-cilindro-55gl","10":"first","11":"instock","12":"taxable","13":"shipping-taxable","14":"purchasable","15":"product-type-variable","16":"has-default-attributes"},"yoast_head":"<!-- This site is optimized with the Yoast SEO plugin v27.4 - https:\/\/yoast.com\/product\/yoast-seo-wordpress\/ -->\n<title>MOBIL MOBILTHERM 600 SERIES - Lubrim\u00e1s Empresas<\/title>\n<meta name=\"robots\" content=\"index, follow, max-snippet:-1, max-image-preview:large, max-video-preview:-1\" \/>\n<link rel=\"canonical\" href=\"https:\/\/lubrimas.pe\/empresas\/productos\/mobil-mobiltherm-600-series\/\" \/>\n<meta property=\"og:locale\" content=\"es_ES\" \/>\n<meta property=\"og:type\" content=\"article\" \/>\n<meta property=\"og:title\" content=\"MOBIL MOBILTHERM 600 SERIES - Lubrim\u00e1s Empresas\" \/>\n<meta property=\"og:description\" content=\"Los aceites de transferencia de calor Mobiltherm son productos de alto rendimiento dise\u00f1ados para su uso en instalaciones cerradas de calefacci\u00f3n indirecta. Se recomiendan para su uso en sistemas de refrigeraci\u00f3n y calefacci\u00f3n indirectos sellados con aceite fr\u00edo en todo tipo de procesos industriales. Los aceites de transferencia de calor Mobiltherm est\u00e1n formulados a partir de materias primas altamente refinadas que son resistentes al agrietamiento t\u00e9rmico y la oxidaci\u00f3n qu\u00edmica. Son muy estables t\u00e9rmicamente y tienen una vida \u00fatil extremadamente larga sin formaci\u00f3n de dep\u00f3sitos ni aumento de la viscosidad. Los aceites de transferencia de calor Mobiltherm tienen una buena eficiencia de transferencia de calor y sus viscosidades son tales que pueden bombearse f\u00e1cilmente tanto a la temperatura de arranque como a la de funcionamiento. Demuestran calor espec\u00edfico y conductividades t\u00e9rmicas que proporcionan una disipaci\u00f3n de calor m\u00e1s r\u00e1pida. Los puntos de inflamaci\u00f3n de estos aceites no disminuir\u00e1n significativamente en servicio debido a su resistencia al agrietamiento t\u00e9rmico a las temperaturas de operaci\u00f3n para las que se recomiendan.\" \/>\n<meta property=\"og:url\" content=\"https:\/\/lubrimas.pe\/empresas\/productos\/mobil-mobiltherm-600-series\/\" \/>\n<meta property=\"og:site_name\" content=\"Lubrim\u00e1s Empresas\" \/>\n<meta property=\"article:publisher\" content=\"https:\/\/www.facebook.com\/lubrimasperu\" \/>\n<meta property=\"article:modified_time\" content=\"2022-08-04T17:59:22+00:00\" \/>\n<meta property=\"og:image\" content=\"https:\/\/lubrimas.pe\/empresas\/wp-content\/uploads\/sites\/2\/2022\/08\/lubrimasperu-lubrimaspe-empresas-cotizaciones-aceite-mobil-balde-cilindro-losolivos-lima-peru.webp\" \/>\n\t<meta property=\"og:image:width\" content=\"850\" \/>\n\t<meta property=\"og:image:height\" content=\"1000\" \/>\n\t<meta property=\"og:image:type\" content=\"image\/webp\" \/>\n<meta name=\"twitter:card\" content=\"summary_large_image\" \/>\n<script type=\"application\/ld+json\" class=\"yoast-schema-graph\">{\"@context\":\"https:\\\/\\\/schema.org\",\"@graph\":[{\"@type\":\"WebPage\",\"@id\":\"https:\\\/\\\/lubrimas.pe\\\/empresas\\\/productos\\\/mobil-mobiltherm-600-series\\\/\",\"url\":\"https:\\\/\\\/lubrimas.pe\\\/empresas\\\/productos\\\/mobil-mobiltherm-600-series\\\/\",\"name\":\"MOBIL MOBILTHERM 600 SERIES - Lubrim\u00e1s Empresas\",\"isPartOf\":{\"@id\":\"https:\\\/\\\/lubrimas.pe\\\/empresas\\\/#website\"},\"primaryImageOfPage\":{\"@id\":\"https:\\\/\\\/lubrimas.pe\\\/empresas\\\/productos\\\/mobil-mobiltherm-600-series\\\/#primaryimage\"},\"image\":{\"@id\":\"https:\\\/\\\/lubrimas.pe\\\/empresas\\\/productos\\\/mobil-mobiltherm-600-series\\\/#primaryimage\"},\"thumbnailUrl\":\"https:\\\/\\\/lubrimas.pe\\\/empresas\\\/wp-content\\\/uploads\\\/sites\\\/2\\\/2022\\\/08\\\/lubrimasperu-lubrimaspe-empresas-cotizaciones-aceite-mobil-balde-cilindro-losolivos-lima-peru.webp\",\"datePublished\":\"2022-01-20T17:11:06+00:00\",\"dateModified\":\"2022-08-04T17:59:22+00:00\",\"breadcrumb\":{\"@id\":\"https:\\\/\\\/lubrimas.pe\\\/empresas\\\/productos\\\/mobil-mobiltherm-600-series\\\/#breadcrumb\"},\"inLanguage\":\"es\",\"potentialAction\":[{\"@type\":\"ReadAction\",\"target\":[\"https:\\\/\\\/lubrimas.pe\\\/empresas\\\/productos\\\/mobil-mobiltherm-600-series\\\/\"]}]},{\"@type\":\"ImageObject\",\"inLanguage\":\"es\",\"@id\":\"https:\\\/\\\/lubrimas.pe\\\/empresas\\\/productos\\\/mobil-mobiltherm-600-series\\\/#primaryimage\",\"url\":\"https:\\\/\\\/lubrimas.pe\\\/empresas\\\/wp-content\\\/uploads\\\/sites\\\/2\\\/2022\\\/08\\\/lubrimasperu-lubrimaspe-empresas-cotizaciones-aceite-mobil-balde-cilindro-losolivos-lima-peru.webp\",\"contentUrl\":\"https:\\\/\\\/lubrimas.pe\\\/empresas\\\/wp-content\\\/uploads\\\/sites\\\/2\\\/2022\\\/08\\\/lubrimasperu-lubrimaspe-empresas-cotizaciones-aceite-mobil-balde-cilindro-losolivos-lima-peru.webp\",\"width\":850,\"height\":1000},{\"@type\":\"BreadcrumbList\",\"@id\":\"https:\\\/\\\/lubrimas.pe\\\/empresas\\\/productos\\\/mobil-mobiltherm-600-series\\\/#breadcrumb\",\"itemListElement\":[{\"@type\":\"ListItem\",\"position\":1,\"name\":\"Portada\",\"item\":\"https:\\\/\\\/lubrimas.pe\\\/empresas\\\/\"},{\"@type\":\"ListItem\",\"position\":2,\"name\":\"Lubricantes (Cat\u00e1logo)\",\"item\":\"https:\\\/\\\/lubrimas.pe\\\/empresas\\\/productos\\\/\"},{\"@type\":\"ListItem\",\"position\":3,\"name\":\"MOBIL MOBILTHERM 600 SERIES\"}]},{\"@type\":\"WebSite\",\"@id\":\"https:\\\/\\\/lubrimas.pe\\\/empresas\\\/#website\",\"url\":\"https:\\\/\\\/lubrimas.pe\\\/empresas\\\/\",\"name\":\"Lubrim\u00e1s Empresas\",\"description\":\"Distribuidor Autorizado de Lubricantes para el sector Automotor e Industrial\",\"publisher\":{\"@id\":\"https:\\\/\\\/lubrimas.pe\\\/empresas\\\/#organization\"},\"potentialAction\":[{\"@type\":\"SearchAction\",\"target\":{\"@type\":\"EntryPoint\",\"urlTemplate\":\"https:\\\/\\\/lubrimas.pe\\\/empresas\\\/?s={search_term_string}\"},\"query-input\":{\"@type\":\"PropertyValueSpecification\",\"valueRequired\":true,\"valueName\":\"search_term_string\"}}],\"inLanguage\":\"es\"},{\"@type\":\"Organization\",\"@id\":\"https:\\\/\\\/lubrimas.pe\\\/empresas\\\/#organization\",\"name\":\"Lubrimas.pe\",\"url\":\"https:\\\/\\\/lubrimas.pe\\\/empresas\\\/\",\"logo\":{\"@type\":\"ImageObject\",\"inLanguage\":\"es\",\"@id\":\"https:\\\/\\\/lubrimas.pe\\\/empresas\\\/#\\\/schema\\\/logo\\\/image\\\/\",\"url\":\"https:\\\/\\\/lubrimas.pe\\\/empresas\\\/wp-content\\\/uploads\\\/sites\\\/2\\\/2022\\\/03\\\/tarjeta-empresas.webp\",\"contentUrl\":\"https:\\\/\\\/lubrimas.pe\\\/empresas\\\/wp-content\\\/uploads\\\/sites\\\/2\\\/2022\\\/03\\\/tarjeta-empresas.webp\",\"width\":250,\"height\":250,\"caption\":\"Lubrimas.pe\"},\"image\":{\"@id\":\"https:\\\/\\\/lubrimas.pe\\\/empresas\\\/#\\\/schema\\\/logo\\\/image\\\/\"},\"sameAs\":[\"https:\\\/\\\/www.facebook.com\\\/lubrimasperu\",\"https:\\\/\\\/www.instagram.com\\\/lubrimas_pe\",\"https:\\\/\\\/www.youtube.com\\\/channel\\\/UCkp38n2qqb8SU60_v_gaKlg\"]}]}<\/script>\n<!-- \/ Yoast SEO plugin. -->","yoast_head_json":{"title":"MOBIL MOBILTHERM 600 SERIES - Lubrim\u00e1s Empresas","robots":{"index":"index","follow":"follow","max-snippet":"max-snippet:-1","max-image-preview":"max-image-preview:large","max-video-preview":"max-video-preview:-1"},"canonical":"https:\/\/lubrimas.pe\/empresas\/productos\/mobil-mobiltherm-600-series\/","og_locale":"es_ES","og_type":"article","og_title":"MOBIL MOBILTHERM 600 SERIES - Lubrim\u00e1s Empresas","og_description":"Los aceites de transferencia de calor Mobiltherm son productos de alto rendimiento dise\u00f1ados para su uso en instalaciones cerradas de calefacci\u00f3n indirecta. Se recomiendan para su uso en sistemas de refrigeraci\u00f3n y calefacci\u00f3n indirectos sellados con aceite fr\u00edo en todo tipo de procesos industriales. Los aceites de transferencia de calor Mobiltherm est\u00e1n formulados a partir de materias primas altamente refinadas que son resistentes al agrietamiento t\u00e9rmico y la oxidaci\u00f3n qu\u00edmica. Son muy estables t\u00e9rmicamente y tienen una vida \u00fatil extremadamente larga sin formaci\u00f3n de dep\u00f3sitos ni aumento de la viscosidad. Los aceites de transferencia de calor Mobiltherm tienen una buena eficiencia de transferencia de calor y sus viscosidades son tales que pueden bombearse f\u00e1cilmente tanto a la temperatura de arranque como a la de funcionamiento. Demuestran calor espec\u00edfico y conductividades t\u00e9rmicas que proporcionan una disipaci\u00f3n de calor m\u00e1s r\u00e1pida. Los puntos de inflamaci\u00f3n de estos aceites no disminuir\u00e1n significativamente en servicio debido a su resistencia al agrietamiento t\u00e9rmico a las temperaturas de operaci\u00f3n para las que se recomiendan.","og_url":"https:\/\/lubrimas.pe\/empresas\/productos\/mobil-mobiltherm-600-series\/","og_site_name":"Lubrim\u00e1s Empresas","article_publisher":"https:\/\/www.facebook.com\/lubrimasperu","article_modified_time":"2022-08-04T17:59:22+00:00","og_image":[{"width":850,"height":1000,"url":"https:\/\/lubrimas.pe\/empresas\/wp-content\/uploads\/sites\/2\/2022\/08\/lubrimasperu-lubrimaspe-empresas-cotizaciones-aceite-mobil-balde-cilindro-losolivos-lima-peru.webp","type":"image\/webp"}],"twitter_card":"summary_large_image","schema":{"@context":"https:\/\/schema.org","@graph":[{"@type":"WebPage","@id":"https:\/\/lubrimas.pe\/empresas\/productos\/mobil-mobiltherm-600-series\/","url":"https:\/\/lubrimas.pe\/empresas\/productos\/mobil-mobiltherm-600-series\/","name":"MOBIL MOBILTHERM 600 SERIES - Lubrim\u00e1s Empresas","isPartOf":{"@id":"https:\/\/lubrimas.pe\/empresas\/#website"},"primaryImageOfPage":{"@id":"https:\/\/lubrimas.pe\/empresas\/productos\/mobil-mobiltherm-600-series\/#primaryimage"},"image":{"@id":"https:\/\/lubrimas.pe\/empresas\/productos\/mobil-mobiltherm-600-series\/#primaryimage"},"thumbnailUrl":"https:\/\/lubrimas.pe\/empresas\/wp-content\/uploads\/sites\/2\/2022\/08\/lubrimasperu-lubrimaspe-empresas-cotizaciones-aceite-mobil-balde-cilindro-losolivos-lima-peru.webp","datePublished":"2022-01-20T17:11:06+00:00","dateModified":"2022-08-04T17:59:22+00:00","breadcrumb":{"@id":"https:\/\/lubrimas.pe\/empresas\/productos\/mobil-mobiltherm-600-series\/#breadcrumb"},"inLanguage":"es","potentialAction":[{"@type":"ReadAction","target":["https:\/\/lubrimas.pe\/empresas\/productos\/mobil-mobiltherm-600-series\/"]}]},{"@type":"ImageObject","inLanguage":"es","@id":"https:\/\/lubrimas.pe\/empresas\/productos\/mobil-mobiltherm-600-series\/#primaryimage","url":"https:\/\/lubrimas.pe\/empresas\/wp-content\/uploads\/sites\/2\/2022\/08\/lubrimasperu-lubrimaspe-empresas-cotizaciones-aceite-mobil-balde-cilindro-losolivos-lima-peru.webp","contentUrl":"https:\/\/lubrimas.pe\/empresas\/wp-content\/uploads\/sites\/2\/2022\/08\/lubrimasperu-lubrimaspe-empresas-cotizaciones-aceite-mobil-balde-cilindro-losolivos-lima-peru.webp","width":850,"height":1000},{"@type":"BreadcrumbList","@id":"https:\/\/lubrimas.pe\/empresas\/productos\/mobil-mobiltherm-600-series\/#breadcrumb","itemListElement":[{"@type":"ListItem","position":1,"name":"Portada","item":"https:\/\/lubrimas.pe\/empresas\/"},{"@type":"ListItem","position":2,"name":"Lubricantes (Cat\u00e1logo)","item":"https:\/\/lubrimas.pe\/empresas\/productos\/"},{"@type":"ListItem","position":3,"name":"MOBIL MOBILTHERM 600 SERIES"}]},{"@type":"WebSite","@id":"https:\/\/lubrimas.pe\/empresas\/#website","url":"https:\/\/lubrimas.pe\/empresas\/","name":"Lubrim\u00e1s Empresas","description":"Distribuidor Autorizado de Lubricantes para el sector Automotor e Industrial","publisher":{"@id":"https:\/\/lubrimas.pe\/empresas\/#organization"},"potentialAction":[{"@type":"SearchAction","target":{"@type":"EntryPoint","urlTemplate":"https:\/\/lubrimas.pe\/empresas\/?s={search_term_string}"},"query-input":{"@type":"PropertyValueSpecification","valueRequired":true,"valueName":"search_term_string"}}],"inLanguage":"es"},{"@type":"Organization","@id":"https:\/\/lubrimas.pe\/empresas\/#organization","name":"Lubrimas.pe","url":"https:\/\/lubrimas.pe\/empresas\/","logo":{"@type":"ImageObject","inLanguage":"es","@id":"https:\/\/lubrimas.pe\/empresas\/#\/schema\/logo\/image\/","url":"https:\/\/lubrimas.pe\/empresas\/wp-content\/uploads\/sites\/2\/2022\/03\/tarjeta-empresas.webp","contentUrl":"https:\/\/lubrimas.pe\/empresas\/wp-content\/uploads\/sites\/2\/2022\/03\/tarjeta-empresas.webp","width":250,"height":250,"caption":"Lubrimas.pe"},"image":{"@id":"https:\/\/lubrimas.pe\/empresas\/#\/schema\/logo\/image\/"},"sameAs":["https:\/\/www.facebook.com\/lubrimasperu","https:\/\/www.instagram.com\/lubrimas_pe","https:\/\/www.youtube.com\/channel\/UCkp38n2qqb8SU60_v_gaKlg"]}]}},"_links":{"self":[{"href":"https:\/\/lubrimas.pe\/empresas\/wp-json\/wp\/v2\/product\/692","targetHints":{"allow":["GET"]}}],"collection":[{"href":"https:\/\/lubrimas.pe\/empresas\/wp-json\/wp\/v2\/product"}],"about":[{"href":"https:\/\/lubrimas.pe\/empresas\/wp-json\/wp\/v2\/types\/product"}],"replies":[{"embeddable":true,"href":"https:\/\/lubrimas.pe\/empresas\/wp-json\/wp\/v2\/comments?post=692"}],"wp:featuredmedia":[{"embeddable":true,"href":"https:\/\/lubrimas.pe\/empresas\/wp-json\/wp\/v2\/media\/1317"}],"wp:attachment":[{"href":"https:\/\/lubrimas.pe\/empresas\/wp-json\/wp\/v2\/media?parent=692"}],"wp:term":[{"taxonomy":"product_brand","embeddable":true,"href":"https:\/\/lubrimas.pe\/empresas\/wp-json\/wp\/v2\/product_brand?post=692"},{"taxonomy":"product_cat","embeddable":true,"href":"https:\/\/lubrimas.pe\/empresas\/wp-json\/wp\/v2\/product_cat?post=692"},{"taxonomy":"product_tag","embeddable":true,"href":"https:\/\/lubrimas.pe\/empresas\/wp-json\/wp\/v2\/product_tag?post=692"}],"curies":[{"name":"wp","href":"https:\/\/api.w.org\/{rel}","templated":true}]}}