{"id":704,"date":"2022-01-20T17:11:07","date_gmt":"2022-01-20T17:11:07","guid":{"rendered":"https:\/\/lubrimas.pe\/empresas\/?post_type=product&#038;p=704"},"modified":"2022-08-04T12:56:47","modified_gmt":"2022-08-04T17:56:47","slug":"mobil-delvac-esp-5w40","status":"publish","type":"product","link":"https:\/\/lubrimas.pe\/empresas\/productos\/mobil-delvac-esp-5w40\/","title":{"rendered":"MOBIL DELVAC ESP 5W40"},"content":{"rendered":"","protected":false},"excerpt":{"rendered":"<p>Mobil Delvac 1TM ESP 5W-40 es un avanzado aceite sint\u00e9tico para la lubricaci\u00f3n de motores di\u00e9sel de servicio pesado que ayuda a prolongar la vida \u00fatil de los motores a la vez que brinda la posibilidad de largos intervalos entre cambios de aceite1 y una posible econom\u00eda de combustible2 en motores di\u00e9sel modernos con la m\u00e1s reciente tecnolog\u00eda que funcionan en aplicaciones severas. Este producto est\u00e1 formulado para ofrecer un desempe\u00f1o excepcional en motores modernos y m\u00e1s antiguos que trabajan duro, incluyendo aquellos con sistemas de control de emisiones. Mobil Delvac 1 ESP 5W-40 est\u00e1 recomendado para usarse en una amplia gama de aplicaciones y ambientes operativos de servicio pesado que se encuentran en el transporte en carretera y fuera de carretera en industrias de miner\u00eda, silvicultura, construcci\u00f3n y agricultura. El destacado desempe\u00f1o de Mobil Delvac 1 ESP 5W-40 es el resultado del extenso trabajo de desarrollo cooperativo de ExxonMobil con los principales fabricantes de equipo y la aplicaci\u00f3n de la m\u00e1s reciente tecnolog\u00eda de lubricaci\u00f3n. Como resultado, este producto cumple o supera los requisitos de las m\u00e1s recientes especificaciones industriales API y ACEA para aceites de motores di\u00e9sel, as\u00ed como los requisitos de muchos fabricantes importantes de motores americanos y europeos. 1 Para conocer los requisitos de la aplicaci\u00f3n y los intervalos entre cambios de aceite para su veh\u00edculo o equipo recomendados por el fabricante del motor, consulte el manual del propietario 2 Comparado con un aceite de motor SAE 15W-40. Los ahorros reales dependen del tipo de motor del veh\u00edculo, la temperatura exterior, las condiciones de manejo y la viscosidad de su actual aceite de motor.<\/p>\n","protected":false},"featured_media":1316,"comment_status":"closed","ping_status":"closed","template":"","meta":[],"product_brand":[],"product_cat":[19],"product_tag":[],"class_list":{"0":"post-704","1":"product","2":"type-product","3":"status-publish","4":"has-post-thumbnail","6":"product_cat-motor-diesel","7":"pa_marca-mobil","8":"pa_presentacion-5gl-18-90l","9":"pa_presentacion-galon-3-78lt","11":"first","12":"instock","13":"shipping-taxable","14":"purchasable","15":"product-type-variable","16":"has-default-attributes"},"yoast_head":"<!-- This site is optimized with the Yoast SEO plugin v27.4 - https:\/\/yoast.com\/product\/yoast-seo-wordpress\/ -->\n<title>MOBIL DELVAC ESP 5W40 - Lubrim\u00e1s Empresas<\/title>\n<meta name=\"robots\" content=\"index, follow, max-snippet:-1, max-image-preview:large, max-video-preview:-1\" \/>\n<link rel=\"canonical\" href=\"https:\/\/lubrimas.pe\/empresas\/productos\/mobil-delvac-esp-5w40\/\" \/>\n<meta property=\"og:locale\" content=\"es_ES\" \/>\n<meta property=\"og:type\" content=\"article\" \/>\n<meta property=\"og:title\" content=\"MOBIL DELVAC ESP 5W40 - Lubrim\u00e1s Empresas\" \/>\n<meta property=\"og:description\" content=\"Mobil Delvac 1TM ESP 5W-40 es un avanzado aceite sint\u00e9tico para la lubricaci\u00f3n de motores di\u00e9sel de servicio pesado que ayuda a prolongar la vida \u00fatil de los motores a la vez que brinda la posibilidad de largos intervalos entre cambios de aceite1 y una posible econom\u00eda de combustible2 en motores di\u00e9sel modernos con la m\u00e1s reciente tecnolog\u00eda que funcionan en aplicaciones severas. Este producto est\u00e1 formulado para ofrecer un desempe\u00f1o excepcional en motores modernos y m\u00e1s antiguos que trabajan duro, incluyendo aquellos con sistemas de control de emisiones. Mobil Delvac 1 ESP 5W-40 est\u00e1 recomendado para usarse en una amplia gama de aplicaciones y ambientes operativos de servicio pesado que se encuentran en el transporte en carretera y fuera de carretera en industrias de miner\u00eda, silvicultura, construcci\u00f3n y agricultura. El destacado desempe\u00f1o de Mobil Delvac 1 ESP 5W-40 es el resultado del extenso trabajo de desarrollo cooperativo de ExxonMobil con los principales fabricantes de equipo y la aplicaci\u00f3n de la m\u00e1s reciente tecnolog\u00eda de lubricaci\u00f3n. Como resultado, este producto cumple o supera los requisitos de las m\u00e1s recientes especificaciones industriales API y ACEA para aceites de motores di\u00e9sel, as\u00ed como los requisitos de muchos fabricantes importantes de motores americanos y europeos. 1 Para conocer los requisitos de la aplicaci\u00f3n y los intervalos entre cambios de aceite para su veh\u00edculo o equipo recomendados por el fabricante del motor, consulte el manual del propietario 2 Comparado con un aceite de motor SAE 15W-40. Los ahorros reales dependen del tipo de motor del veh\u00edculo, la temperatura exterior, las condiciones de manejo y la viscosidad de su actual aceite de motor.\" \/>\n<meta property=\"og:url\" content=\"https:\/\/lubrimas.pe\/empresas\/productos\/mobil-delvac-esp-5w40\/\" \/>\n<meta property=\"og:site_name\" content=\"Lubrim\u00e1s Empresas\" \/>\n<meta property=\"article:publisher\" content=\"https:\/\/www.facebook.com\/lubrimasperu\" \/>\n<meta property=\"article:modified_time\" content=\"2022-08-04T17:56:47+00:00\" \/>\n<meta property=\"og:image\" content=\"https:\/\/lubrimas.pe\/empresas\/wp-content\/uploads\/sites\/2\/2022\/08\/lubrimasperu-lubrimaspe-empresas-cotizaciones-aceite-mobil-cilindro-losolivos-lima-peru.png\" \/>\n\t<meta property=\"og:image:width\" content=\"850\" \/>\n\t<meta property=\"og:image:height\" content=\"1000\" \/>\n\t<meta property=\"og:image:type\" content=\"image\/png\" \/>\n<meta name=\"twitter:card\" content=\"summary_large_image\" \/>\n<script type=\"application\/ld+json\" class=\"yoast-schema-graph\">{\"@context\":\"https:\\\/\\\/schema.org\",\"@graph\":[{\"@type\":\"WebPage\",\"@id\":\"https:\\\/\\\/lubrimas.pe\\\/empresas\\\/productos\\\/mobil-delvac-esp-5w40\\\/\",\"url\":\"https:\\\/\\\/lubrimas.pe\\\/empresas\\\/productos\\\/mobil-delvac-esp-5w40\\\/\",\"name\":\"MOBIL DELVAC ESP 5W40 - Lubrim\u00e1s Empresas\",\"isPartOf\":{\"@id\":\"https:\\\/\\\/lubrimas.pe\\\/empresas\\\/#website\"},\"primaryImageOfPage\":{\"@id\":\"https:\\\/\\\/lubrimas.pe\\\/empresas\\\/productos\\\/mobil-delvac-esp-5w40\\\/#primaryimage\"},\"image\":{\"@id\":\"https:\\\/\\\/lubrimas.pe\\\/empresas\\\/productos\\\/mobil-delvac-esp-5w40\\\/#primaryimage\"},\"thumbnailUrl\":\"https:\\\/\\\/lubrimas.pe\\\/empresas\\\/wp-content\\\/uploads\\\/sites\\\/2\\\/2022\\\/08\\\/lubrimasperu-lubrimaspe-empresas-cotizaciones-aceite-mobil-cilindro-losolivos-lima-peru.png\",\"datePublished\":\"2022-01-20T17:11:07+00:00\",\"dateModified\":\"2022-08-04T17:56:47+00:00\",\"breadcrumb\":{\"@id\":\"https:\\\/\\\/lubrimas.pe\\\/empresas\\\/productos\\\/mobil-delvac-esp-5w40\\\/#breadcrumb\"},\"inLanguage\":\"es\",\"potentialAction\":[{\"@type\":\"ReadAction\",\"target\":[\"https:\\\/\\\/lubrimas.pe\\\/empresas\\\/productos\\\/mobil-delvac-esp-5w40\\\/\"]}]},{\"@type\":\"ImageObject\",\"inLanguage\":\"es\",\"@id\":\"https:\\\/\\\/lubrimas.pe\\\/empresas\\\/productos\\\/mobil-delvac-esp-5w40\\\/#primaryimage\",\"url\":\"https:\\\/\\\/lubrimas.pe\\\/empresas\\\/wp-content\\\/uploads\\\/sites\\\/2\\\/2022\\\/08\\\/lubrimasperu-lubrimaspe-empresas-cotizaciones-aceite-mobil-cilindro-losolivos-lima-peru.png\",\"contentUrl\":\"https:\\\/\\\/lubrimas.pe\\\/empresas\\\/wp-content\\\/uploads\\\/sites\\\/2\\\/2022\\\/08\\\/lubrimasperu-lubrimaspe-empresas-cotizaciones-aceite-mobil-cilindro-losolivos-lima-peru.png\",\"width\":850,\"height\":1000},{\"@type\":\"BreadcrumbList\",\"@id\":\"https:\\\/\\\/lubrimas.pe\\\/empresas\\\/productos\\\/mobil-delvac-esp-5w40\\\/#breadcrumb\",\"itemListElement\":[{\"@type\":\"ListItem\",\"position\":1,\"name\":\"Portada\",\"item\":\"https:\\\/\\\/lubrimas.pe\\\/empresas\\\/\"},{\"@type\":\"ListItem\",\"position\":2,\"name\":\"Lubricantes (Cat\u00e1logo)\",\"item\":\"https:\\\/\\\/lubrimas.pe\\\/empresas\\\/productos\\\/\"},{\"@type\":\"ListItem\",\"position\":3,\"name\":\"MOBIL DELVAC ESP 5W40\"}]},{\"@type\":\"WebSite\",\"@id\":\"https:\\\/\\\/lubrimas.pe\\\/empresas\\\/#website\",\"url\":\"https:\\\/\\\/lubrimas.pe\\\/empresas\\\/\",\"name\":\"Lubrim\u00e1s Empresas\",\"description\":\"Distribuidor Autorizado de Lubricantes para el sector Automotor e Industrial\",\"publisher\":{\"@id\":\"https:\\\/\\\/lubrimas.pe\\\/empresas\\\/#organization\"},\"potentialAction\":[{\"@type\":\"SearchAction\",\"target\":{\"@type\":\"EntryPoint\",\"urlTemplate\":\"https:\\\/\\\/lubrimas.pe\\\/empresas\\\/?s={search_term_string}\"},\"query-input\":{\"@type\":\"PropertyValueSpecification\",\"valueRequired\":true,\"valueName\":\"search_term_string\"}}],\"inLanguage\":\"es\"},{\"@type\":\"Organization\",\"@id\":\"https:\\\/\\\/lubrimas.pe\\\/empresas\\\/#organization\",\"name\":\"Lubrimas.pe\",\"url\":\"https:\\\/\\\/lubrimas.pe\\\/empresas\\\/\",\"logo\":{\"@type\":\"ImageObject\",\"inLanguage\":\"es\",\"@id\":\"https:\\\/\\\/lubrimas.pe\\\/empresas\\\/#\\\/schema\\\/logo\\\/image\\\/\",\"url\":\"https:\\\/\\\/lubrimas.pe\\\/empresas\\\/wp-content\\\/uploads\\\/sites\\\/2\\\/2022\\\/03\\\/tarjeta-empresas.webp\",\"contentUrl\":\"https:\\\/\\\/lubrimas.pe\\\/empresas\\\/wp-content\\\/uploads\\\/sites\\\/2\\\/2022\\\/03\\\/tarjeta-empresas.webp\",\"width\":250,\"height\":250,\"caption\":\"Lubrimas.pe\"},\"image\":{\"@id\":\"https:\\\/\\\/lubrimas.pe\\\/empresas\\\/#\\\/schema\\\/logo\\\/image\\\/\"},\"sameAs\":[\"https:\\\/\\\/www.facebook.com\\\/lubrimasperu\",\"https:\\\/\\\/www.instagram.com\\\/lubrimas_pe\",\"https:\\\/\\\/www.youtube.com\\\/channel\\\/UCkp38n2qqb8SU60_v_gaKlg\"]}]}<\/script>\n<!-- \/ Yoast SEO plugin. -->","yoast_head_json":{"title":"MOBIL DELVAC ESP 5W40 - Lubrim\u00e1s Empresas","robots":{"index":"index","follow":"follow","max-snippet":"max-snippet:-1","max-image-preview":"max-image-preview:large","max-video-preview":"max-video-preview:-1"},"canonical":"https:\/\/lubrimas.pe\/empresas\/productos\/mobil-delvac-esp-5w40\/","og_locale":"es_ES","og_type":"article","og_title":"MOBIL DELVAC ESP 5W40 - Lubrim\u00e1s Empresas","og_description":"Mobil Delvac 1TM ESP 5W-40 es un avanzado aceite sint\u00e9tico para la lubricaci\u00f3n de motores di\u00e9sel de servicio pesado que ayuda a prolongar la vida \u00fatil de los motores a la vez que brinda la posibilidad de largos intervalos entre cambios de aceite1 y una posible econom\u00eda de combustible2 en motores di\u00e9sel modernos con la m\u00e1s reciente tecnolog\u00eda que funcionan en aplicaciones severas. Este producto est\u00e1 formulado para ofrecer un desempe\u00f1o excepcional en motores modernos y m\u00e1s antiguos que trabajan duro, incluyendo aquellos con sistemas de control de emisiones. Mobil Delvac 1 ESP 5W-40 est\u00e1 recomendado para usarse en una amplia gama de aplicaciones y ambientes operativos de servicio pesado que se encuentran en el transporte en carretera y fuera de carretera en industrias de miner\u00eda, silvicultura, construcci\u00f3n y agricultura. El destacado desempe\u00f1o de Mobil Delvac 1 ESP 5W-40 es el resultado del extenso trabajo de desarrollo cooperativo de ExxonMobil con los principales fabricantes de equipo y la aplicaci\u00f3n de la m\u00e1s reciente tecnolog\u00eda de lubricaci\u00f3n. Como resultado, este producto cumple o supera los requisitos de las m\u00e1s recientes especificaciones industriales API y ACEA para aceites de motores di\u00e9sel, as\u00ed como los requisitos de muchos fabricantes importantes de motores americanos y europeos. 1 Para conocer los requisitos de la aplicaci\u00f3n y los intervalos entre cambios de aceite para su veh\u00edculo o equipo recomendados por el fabricante del motor, consulte el manual del propietario 2 Comparado con un aceite de motor SAE 15W-40. Los ahorros reales dependen del tipo de motor del veh\u00edculo, la temperatura exterior, las condiciones de manejo y la viscosidad de su actual aceite de motor.","og_url":"https:\/\/lubrimas.pe\/empresas\/productos\/mobil-delvac-esp-5w40\/","og_site_name":"Lubrim\u00e1s Empresas","article_publisher":"https:\/\/www.facebook.com\/lubrimasperu","article_modified_time":"2022-08-04T17:56:47+00:00","og_image":[{"width":850,"height":1000,"url":"https:\/\/lubrimas.pe\/empresas\/wp-content\/uploads\/sites\/2\/2022\/08\/lubrimasperu-lubrimaspe-empresas-cotizaciones-aceite-mobil-cilindro-losolivos-lima-peru.png","type":"image\/png"}],"twitter_card":"summary_large_image","schema":{"@context":"https:\/\/schema.org","@graph":[{"@type":"WebPage","@id":"https:\/\/lubrimas.pe\/empresas\/productos\/mobil-delvac-esp-5w40\/","url":"https:\/\/lubrimas.pe\/empresas\/productos\/mobil-delvac-esp-5w40\/","name":"MOBIL DELVAC ESP 5W40 - Lubrim\u00e1s Empresas","isPartOf":{"@id":"https:\/\/lubrimas.pe\/empresas\/#website"},"primaryImageOfPage":{"@id":"https:\/\/lubrimas.pe\/empresas\/productos\/mobil-delvac-esp-5w40\/#primaryimage"},"image":{"@id":"https:\/\/lubrimas.pe\/empresas\/productos\/mobil-delvac-esp-5w40\/#primaryimage"},"thumbnailUrl":"https:\/\/lubrimas.pe\/empresas\/wp-content\/uploads\/sites\/2\/2022\/08\/lubrimasperu-lubrimaspe-empresas-cotizaciones-aceite-mobil-cilindro-losolivos-lima-peru.png","datePublished":"2022-01-20T17:11:07+00:00","dateModified":"2022-08-04T17:56:47+00:00","breadcrumb":{"@id":"https:\/\/lubrimas.pe\/empresas\/productos\/mobil-delvac-esp-5w40\/#breadcrumb"},"inLanguage":"es","potentialAction":[{"@type":"ReadAction","target":["https:\/\/lubrimas.pe\/empresas\/productos\/mobil-delvac-esp-5w40\/"]}]},{"@type":"ImageObject","inLanguage":"es","@id":"https:\/\/lubrimas.pe\/empresas\/productos\/mobil-delvac-esp-5w40\/#primaryimage","url":"https:\/\/lubrimas.pe\/empresas\/wp-content\/uploads\/sites\/2\/2022\/08\/lubrimasperu-lubrimaspe-empresas-cotizaciones-aceite-mobil-cilindro-losolivos-lima-peru.png","contentUrl":"https:\/\/lubrimas.pe\/empresas\/wp-content\/uploads\/sites\/2\/2022\/08\/lubrimasperu-lubrimaspe-empresas-cotizaciones-aceite-mobil-cilindro-losolivos-lima-peru.png","width":850,"height":1000},{"@type":"BreadcrumbList","@id":"https:\/\/lubrimas.pe\/empresas\/productos\/mobil-delvac-esp-5w40\/#breadcrumb","itemListElement":[{"@type":"ListItem","position":1,"name":"Portada","item":"https:\/\/lubrimas.pe\/empresas\/"},{"@type":"ListItem","position":2,"name":"Lubricantes (Cat\u00e1logo)","item":"https:\/\/lubrimas.pe\/empresas\/productos\/"},{"@type":"ListItem","position":3,"name":"MOBIL DELVAC ESP 5W40"}]},{"@type":"WebSite","@id":"https:\/\/lubrimas.pe\/empresas\/#website","url":"https:\/\/lubrimas.pe\/empresas\/","name":"Lubrim\u00e1s Empresas","description":"Distribuidor Autorizado de Lubricantes para el sector Automotor e Industrial","publisher":{"@id":"https:\/\/lubrimas.pe\/empresas\/#organization"},"potentialAction":[{"@type":"SearchAction","target":{"@type":"EntryPoint","urlTemplate":"https:\/\/lubrimas.pe\/empresas\/?s={search_term_string}"},"query-input":{"@type":"PropertyValueSpecification","valueRequired":true,"valueName":"search_term_string"}}],"inLanguage":"es"},{"@type":"Organization","@id":"https:\/\/lubrimas.pe\/empresas\/#organization","name":"Lubrimas.pe","url":"https:\/\/lubrimas.pe\/empresas\/","logo":{"@type":"ImageObject","inLanguage":"es","@id":"https:\/\/lubrimas.pe\/empresas\/#\/schema\/logo\/image\/","url":"https:\/\/lubrimas.pe\/empresas\/wp-content\/uploads\/sites\/2\/2022\/03\/tarjeta-empresas.webp","contentUrl":"https:\/\/lubrimas.pe\/empresas\/wp-content\/uploads\/sites\/2\/2022\/03\/tarjeta-empresas.webp","width":250,"height":250,"caption":"Lubrimas.pe"},"image":{"@id":"https:\/\/lubrimas.pe\/empresas\/#\/schema\/logo\/image\/"},"sameAs":["https:\/\/www.facebook.com\/lubrimasperu","https:\/\/www.instagram.com\/lubrimas_pe","https:\/\/www.youtube.com\/channel\/UCkp38n2qqb8SU60_v_gaKlg"]}]}},"_links":{"self":[{"href":"https:\/\/lubrimas.pe\/empresas\/wp-json\/wp\/v2\/product\/704","targetHints":{"allow":["GET"]}}],"collection":[{"href":"https:\/\/lubrimas.pe\/empresas\/wp-json\/wp\/v2\/product"}],"about":[{"href":"https:\/\/lubrimas.pe\/empresas\/wp-json\/wp\/v2\/types\/product"}],"replies":[{"embeddable":true,"href":"https:\/\/lubrimas.pe\/empresas\/wp-json\/wp\/v2\/comments?post=704"}],"wp:featuredmedia":[{"embeddable":true,"href":"https:\/\/lubrimas.pe\/empresas\/wp-json\/wp\/v2\/media\/1316"}],"wp:attachment":[{"href":"https:\/\/lubrimas.pe\/empresas\/wp-json\/wp\/v2\/media?parent=704"}],"wp:term":[{"taxonomy":"product_brand","embeddable":true,"href":"https:\/\/lubrimas.pe\/empresas\/wp-json\/wp\/v2\/product_brand?post=704"},{"taxonomy":"product_cat","embeddable":true,"href":"https:\/\/lubrimas.pe\/empresas\/wp-json\/wp\/v2\/product_cat?post=704"},{"taxonomy":"product_tag","embeddable":true,"href":"https:\/\/lubrimas.pe\/empresas\/wp-json\/wp\/v2\/product_tag?post=704"}],"curies":[{"name":"wp","href":"https:\/\/api.w.org\/{rel}","templated":true}]}}