{"id":712,"date":"2022-01-20T17:11:08","date_gmt":"2022-01-20T17:11:08","guid":{"rendered":"https:\/\/lubrimas.pe\/empresas\/?post_type=product&#038;p=712"},"modified":"2022-08-04T12:52:49","modified_gmt":"2022-08-04T17:52:49","slug":"mobil-delvac-xhp-extra-10w-40","status":"publish","type":"product","link":"https:\/\/lubrimas.pe\/empresas\/productos\/mobil-delvac-xhp-extra-10w-40\/","title":{"rendered":"MOBIL DELVAC XHP EXTRA 10W-40"},"content":{"rendered":"","protected":false},"excerpt":{"rendered":"<p>Mobil Delvac XHP ESP S 10W-40 es un aceite sint\u00e9tico de alto desempe\u00f1o para motores a di\u00e9sel para dise\u00f1ado para proporcionar lubricaci\u00f3n a motores modernos de alto desempe\u00f1o y bajas emisiones utilizados en aplicaciones severas. Este aceite para motores est\u00e1 dise\u00f1ado con aceites base de alto rendimiento que proporcionan excelente fluidez a baja temperatura, retenci\u00f3n de viscosidad a alta temperatura y control de la volatilidad. El nuevo y avanzado sistema de aditivos ha sido dise\u00f1ado por expertos para ayudar a proporcionar una larga vida del motor y mantener la eficiencia de los sistemas de reducci\u00f3n de emisiones, incluyendo los filtros de part\u00edculas di\u00e9sel (DPF). Las especificaciones y aprobaciones de Mobil Delvac XHP ESP S 10W-40 le permiten usarse en aplicaciones de flotas mixtas. Aceites correctamente formulados, como Mobil Delvac, que cumplen o exceden las especificaciones de la industria o del fabricante del equipo, pueden ayudar a proteger los motores. Consulte al fabricante del motor respecto a la selecci\u00f3n \u00f3ptima de los fluidos. Los resultados reales pueden variar seg\u00fan los requisitos del fabricante de equipo, el tipo de motor y su mantenimiento, las condiciones de aplicaci\u00f3n y servicio y el lubricante utilizado anteriormente.<\/p>\n","protected":false},"featured_media":1316,"comment_status":"closed","ping_status":"closed","template":"","meta":[],"product_brand":[],"product_cat":[19],"product_tag":[],"class_list":{"0":"post-712","1":"product","2":"type-product","3":"status-publish","4":"has-post-thumbnail","6":"product_cat-motor-diesel","7":"pa_marca-mobil","8":"pa_presentacion-5gl-18-90l","9":"pa_presentacion-galon-4lt","11":"first","12":"instock","13":"shipping-taxable","14":"purchasable","15":"product-type-variable","16":"has-default-attributes"},"yoast_head":"<!-- This site is optimized with the Yoast SEO plugin v27.1.1 - https:\/\/yoast.com\/product\/yoast-seo-wordpress\/ -->\n<title>MOBIL DELVAC XHP EXTRA 10W-40 - Lubrim\u00e1s Empresas<\/title>\n<meta name=\"robots\" content=\"index, follow, max-snippet:-1, max-image-preview:large, max-video-preview:-1\" \/>\n<link rel=\"canonical\" href=\"https:\/\/lubrimas.pe\/empresas\/productos\/mobil-delvac-xhp-extra-10w-40\/\" \/>\n<meta property=\"og:locale\" content=\"es_ES\" \/>\n<meta property=\"og:type\" content=\"article\" \/>\n<meta property=\"og:title\" content=\"MOBIL DELVAC XHP EXTRA 10W-40 - Lubrim\u00e1s Empresas\" \/>\n<meta property=\"og:description\" content=\"Mobil Delvac XHP ESP S 10W-40 es un aceite sint\u00e9tico de alto desempe\u00f1o para motores a di\u00e9sel para dise\u00f1ado para proporcionar lubricaci\u00f3n a motores modernos de alto desempe\u00f1o y bajas emisiones utilizados en aplicaciones severas. Este aceite para motores est\u00e1 dise\u00f1ado con aceites base de alto rendimiento que proporcionan excelente fluidez a baja temperatura, retenci\u00f3n de viscosidad a alta temperatura y control de la volatilidad. El nuevo y avanzado sistema de aditivos ha sido dise\u00f1ado por expertos para ayudar a proporcionar una larga vida del motor y mantener la eficiencia de los sistemas de reducci\u00f3n de emisiones, incluyendo los filtros de part\u00edculas di\u00e9sel (DPF). Las especificaciones y aprobaciones de Mobil Delvac XHP ESP S 10W-40 le permiten usarse en aplicaciones de flotas mixtas. Aceites correctamente formulados, como Mobil Delvac, que cumplen o exceden las especificaciones de la industria o del fabricante del equipo, pueden ayudar a proteger los motores. Consulte al fabricante del motor respecto a la selecci\u00f3n \u00f3ptima de los fluidos. Los resultados reales pueden variar seg\u00fan los requisitos del fabricante de equipo, el tipo de motor y su mantenimiento, las condiciones de aplicaci\u00f3n y servicio y el lubricante utilizado anteriormente.\" \/>\n<meta property=\"og:url\" content=\"https:\/\/lubrimas.pe\/empresas\/productos\/mobil-delvac-xhp-extra-10w-40\/\" \/>\n<meta property=\"og:site_name\" content=\"Lubrim\u00e1s Empresas\" \/>\n<meta property=\"article:publisher\" content=\"https:\/\/www.facebook.com\/lubrimasperu\" \/>\n<meta property=\"article:modified_time\" content=\"2022-08-04T17:52:49+00:00\" \/>\n<meta property=\"og:image\" content=\"https:\/\/lubrimas.pe\/empresas\/wp-content\/uploads\/sites\/2\/2022\/08\/lubrimasperu-lubrimaspe-empresas-cotizaciones-aceite-mobil-cilindro-losolivos-lima-peru.png\" \/>\n\t<meta property=\"og:image:width\" content=\"850\" \/>\n\t<meta property=\"og:image:height\" content=\"1000\" \/>\n\t<meta property=\"og:image:type\" content=\"image\/png\" \/>\n<meta name=\"twitter:card\" content=\"summary_large_image\" \/>\n<script type=\"application\/ld+json\" class=\"yoast-schema-graph\">{\"@context\":\"https:\/\/schema.org\",\"@graph\":[{\"@type\":\"WebPage\",\"@id\":\"https:\/\/lubrimas.pe\/empresas\/productos\/mobil-delvac-xhp-extra-10w-40\/\",\"url\":\"https:\/\/lubrimas.pe\/empresas\/productos\/mobil-delvac-xhp-extra-10w-40\/\",\"name\":\"MOBIL DELVAC XHP EXTRA 10W-40 - Lubrim\u00e1s Empresas\",\"isPartOf\":{\"@id\":\"https:\/\/lubrimas.pe\/empresas\/#website\"},\"primaryImageOfPage\":{\"@id\":\"https:\/\/lubrimas.pe\/empresas\/productos\/mobil-delvac-xhp-extra-10w-40\/#primaryimage\"},\"image\":{\"@id\":\"https:\/\/lubrimas.pe\/empresas\/productos\/mobil-delvac-xhp-extra-10w-40\/#primaryimage\"},\"thumbnailUrl\":\"https:\/\/lubrimas.pe\/empresas\/wp-content\/uploads\/sites\/2\/2022\/08\/lubrimasperu-lubrimaspe-empresas-cotizaciones-aceite-mobil-cilindro-losolivos-lima-peru.png\",\"datePublished\":\"2022-01-20T17:11:08+00:00\",\"dateModified\":\"2022-08-04T17:52:49+00:00\",\"breadcrumb\":{\"@id\":\"https:\/\/lubrimas.pe\/empresas\/productos\/mobil-delvac-xhp-extra-10w-40\/#breadcrumb\"},\"inLanguage\":\"es\",\"potentialAction\":[{\"@type\":\"ReadAction\",\"target\":[\"https:\/\/lubrimas.pe\/empresas\/productos\/mobil-delvac-xhp-extra-10w-40\/\"]}]},{\"@type\":\"ImageObject\",\"inLanguage\":\"es\",\"@id\":\"https:\/\/lubrimas.pe\/empresas\/productos\/mobil-delvac-xhp-extra-10w-40\/#primaryimage\",\"url\":\"https:\/\/lubrimas.pe\/empresas\/wp-content\/uploads\/sites\/2\/2022\/08\/lubrimasperu-lubrimaspe-empresas-cotizaciones-aceite-mobil-cilindro-losolivos-lima-peru.png\",\"contentUrl\":\"https:\/\/lubrimas.pe\/empresas\/wp-content\/uploads\/sites\/2\/2022\/08\/lubrimasperu-lubrimaspe-empresas-cotizaciones-aceite-mobil-cilindro-losolivos-lima-peru.png\",\"width\":850,\"height\":1000},{\"@type\":\"BreadcrumbList\",\"@id\":\"https:\/\/lubrimas.pe\/empresas\/productos\/mobil-delvac-xhp-extra-10w-40\/#breadcrumb\",\"itemListElement\":[{\"@type\":\"ListItem\",\"position\":1,\"name\":\"Portada\",\"item\":\"https:\/\/lubrimas.pe\/empresas\/\"},{\"@type\":\"ListItem\",\"position\":2,\"name\":\"Lubricantes (Cat\u00e1logo)\",\"item\":\"https:\/\/lubrimas.pe\/empresas\/productos\/\"},{\"@type\":\"ListItem\",\"position\":3,\"name\":\"MOBIL DELVAC XHP EXTRA 10W-40\"}]},{\"@type\":\"WebSite\",\"@id\":\"https:\/\/lubrimas.pe\/empresas\/#website\",\"url\":\"https:\/\/lubrimas.pe\/empresas\/\",\"name\":\"Lubrim\u00e1s Empresas\",\"description\":\"Distribuidor Autorizado de Lubricantes para el sector Automotor e Industrial\",\"publisher\":{\"@id\":\"https:\/\/lubrimas.pe\/empresas\/#organization\"},\"potentialAction\":[{\"@type\":\"SearchAction\",\"target\":{\"@type\":\"EntryPoint\",\"urlTemplate\":\"https:\/\/lubrimas.pe\/empresas\/?s={search_term_string}\"},\"query-input\":{\"@type\":\"PropertyValueSpecification\",\"valueRequired\":true,\"valueName\":\"search_term_string\"}}],\"inLanguage\":\"es\"},{\"@type\":\"Organization\",\"@id\":\"https:\/\/lubrimas.pe\/empresas\/#organization\",\"name\":\"Lubrimas.pe\",\"url\":\"https:\/\/lubrimas.pe\/empresas\/\",\"logo\":{\"@type\":\"ImageObject\",\"inLanguage\":\"es\",\"@id\":\"https:\/\/lubrimas.pe\/empresas\/#\/schema\/logo\/image\/\",\"url\":\"https:\/\/lubrimas.pe\/empresas\/wp-content\/uploads\/sites\/2\/2022\/03\/tarjeta-empresas.webp\",\"contentUrl\":\"https:\/\/lubrimas.pe\/empresas\/wp-content\/uploads\/sites\/2\/2022\/03\/tarjeta-empresas.webp\",\"width\":250,\"height\":250,\"caption\":\"Lubrimas.pe\"},\"image\":{\"@id\":\"https:\/\/lubrimas.pe\/empresas\/#\/schema\/logo\/image\/\"},\"sameAs\":[\"https:\/\/www.facebook.com\/lubrimasperu\",\"https:\/\/www.instagram.com\/lubrimas_pe\",\"https:\/\/www.youtube.com\/channel\/UCkp38n2qqb8SU60_v_gaKlg\"]}]}<\/script>\n<!-- \/ Yoast SEO plugin. -->","yoast_head_json":{"title":"MOBIL DELVAC XHP EXTRA 10W-40 - Lubrim\u00e1s Empresas","robots":{"index":"index","follow":"follow","max-snippet":"max-snippet:-1","max-image-preview":"max-image-preview:large","max-video-preview":"max-video-preview:-1"},"canonical":"https:\/\/lubrimas.pe\/empresas\/productos\/mobil-delvac-xhp-extra-10w-40\/","og_locale":"es_ES","og_type":"article","og_title":"MOBIL DELVAC XHP EXTRA 10W-40 - Lubrim\u00e1s Empresas","og_description":"Mobil Delvac XHP ESP S 10W-40 es un aceite sint\u00e9tico de alto desempe\u00f1o para motores a di\u00e9sel para dise\u00f1ado para proporcionar lubricaci\u00f3n a motores modernos de alto desempe\u00f1o y bajas emisiones utilizados en aplicaciones severas. Este aceite para motores est\u00e1 dise\u00f1ado con aceites base de alto rendimiento que proporcionan excelente fluidez a baja temperatura, retenci\u00f3n de viscosidad a alta temperatura y control de la volatilidad. El nuevo y avanzado sistema de aditivos ha sido dise\u00f1ado por expertos para ayudar a proporcionar una larga vida del motor y mantener la eficiencia de los sistemas de reducci\u00f3n de emisiones, incluyendo los filtros de part\u00edculas di\u00e9sel (DPF). Las especificaciones y aprobaciones de Mobil Delvac XHP ESP S 10W-40 le permiten usarse en aplicaciones de flotas mixtas. Aceites correctamente formulados, como Mobil Delvac, que cumplen o exceden las especificaciones de la industria o del fabricante del equipo, pueden ayudar a proteger los motores. Consulte al fabricante del motor respecto a la selecci\u00f3n \u00f3ptima de los fluidos. Los resultados reales pueden variar seg\u00fan los requisitos del fabricante de equipo, el tipo de motor y su mantenimiento, las condiciones de aplicaci\u00f3n y servicio y el lubricante utilizado anteriormente.","og_url":"https:\/\/lubrimas.pe\/empresas\/productos\/mobil-delvac-xhp-extra-10w-40\/","og_site_name":"Lubrim\u00e1s Empresas","article_publisher":"https:\/\/www.facebook.com\/lubrimasperu","article_modified_time":"2022-08-04T17:52:49+00:00","og_image":[{"width":850,"height":1000,"url":"https:\/\/lubrimas.pe\/empresas\/wp-content\/uploads\/sites\/2\/2022\/08\/lubrimasperu-lubrimaspe-empresas-cotizaciones-aceite-mobil-cilindro-losolivos-lima-peru.png","type":"image\/png"}],"twitter_card":"summary_large_image","schema":{"@context":"https:\/\/schema.org","@graph":[{"@type":"WebPage","@id":"https:\/\/lubrimas.pe\/empresas\/productos\/mobil-delvac-xhp-extra-10w-40\/","url":"https:\/\/lubrimas.pe\/empresas\/productos\/mobil-delvac-xhp-extra-10w-40\/","name":"MOBIL DELVAC XHP EXTRA 10W-40 - Lubrim\u00e1s Empresas","isPartOf":{"@id":"https:\/\/lubrimas.pe\/empresas\/#website"},"primaryImageOfPage":{"@id":"https:\/\/lubrimas.pe\/empresas\/productos\/mobil-delvac-xhp-extra-10w-40\/#primaryimage"},"image":{"@id":"https:\/\/lubrimas.pe\/empresas\/productos\/mobil-delvac-xhp-extra-10w-40\/#primaryimage"},"thumbnailUrl":"https:\/\/lubrimas.pe\/empresas\/wp-content\/uploads\/sites\/2\/2022\/08\/lubrimasperu-lubrimaspe-empresas-cotizaciones-aceite-mobil-cilindro-losolivos-lima-peru.png","datePublished":"2022-01-20T17:11:08+00:00","dateModified":"2022-08-04T17:52:49+00:00","breadcrumb":{"@id":"https:\/\/lubrimas.pe\/empresas\/productos\/mobil-delvac-xhp-extra-10w-40\/#breadcrumb"},"inLanguage":"es","potentialAction":[{"@type":"ReadAction","target":["https:\/\/lubrimas.pe\/empresas\/productos\/mobil-delvac-xhp-extra-10w-40\/"]}]},{"@type":"ImageObject","inLanguage":"es","@id":"https:\/\/lubrimas.pe\/empresas\/productos\/mobil-delvac-xhp-extra-10w-40\/#primaryimage","url":"https:\/\/lubrimas.pe\/empresas\/wp-content\/uploads\/sites\/2\/2022\/08\/lubrimasperu-lubrimaspe-empresas-cotizaciones-aceite-mobil-cilindro-losolivos-lima-peru.png","contentUrl":"https:\/\/lubrimas.pe\/empresas\/wp-content\/uploads\/sites\/2\/2022\/08\/lubrimasperu-lubrimaspe-empresas-cotizaciones-aceite-mobil-cilindro-losolivos-lima-peru.png","width":850,"height":1000},{"@type":"BreadcrumbList","@id":"https:\/\/lubrimas.pe\/empresas\/productos\/mobil-delvac-xhp-extra-10w-40\/#breadcrumb","itemListElement":[{"@type":"ListItem","position":1,"name":"Portada","item":"https:\/\/lubrimas.pe\/empresas\/"},{"@type":"ListItem","position":2,"name":"Lubricantes (Cat\u00e1logo)","item":"https:\/\/lubrimas.pe\/empresas\/productos\/"},{"@type":"ListItem","position":3,"name":"MOBIL DELVAC XHP EXTRA 10W-40"}]},{"@type":"WebSite","@id":"https:\/\/lubrimas.pe\/empresas\/#website","url":"https:\/\/lubrimas.pe\/empresas\/","name":"Lubrim\u00e1s Empresas","description":"Distribuidor Autorizado de Lubricantes para el sector Automotor e Industrial","publisher":{"@id":"https:\/\/lubrimas.pe\/empresas\/#organization"},"potentialAction":[{"@type":"SearchAction","target":{"@type":"EntryPoint","urlTemplate":"https:\/\/lubrimas.pe\/empresas\/?s={search_term_string}"},"query-input":{"@type":"PropertyValueSpecification","valueRequired":true,"valueName":"search_term_string"}}],"inLanguage":"es"},{"@type":"Organization","@id":"https:\/\/lubrimas.pe\/empresas\/#organization","name":"Lubrimas.pe","url":"https:\/\/lubrimas.pe\/empresas\/","logo":{"@type":"ImageObject","inLanguage":"es","@id":"https:\/\/lubrimas.pe\/empresas\/#\/schema\/logo\/image\/","url":"https:\/\/lubrimas.pe\/empresas\/wp-content\/uploads\/sites\/2\/2022\/03\/tarjeta-empresas.webp","contentUrl":"https:\/\/lubrimas.pe\/empresas\/wp-content\/uploads\/sites\/2\/2022\/03\/tarjeta-empresas.webp","width":250,"height":250,"caption":"Lubrimas.pe"},"image":{"@id":"https:\/\/lubrimas.pe\/empresas\/#\/schema\/logo\/image\/"},"sameAs":["https:\/\/www.facebook.com\/lubrimasperu","https:\/\/www.instagram.com\/lubrimas_pe","https:\/\/www.youtube.com\/channel\/UCkp38n2qqb8SU60_v_gaKlg"]}]}},"_links":{"self":[{"href":"https:\/\/lubrimas.pe\/empresas\/wp-json\/wp\/v2\/product\/712","targetHints":{"allow":["GET"]}}],"collection":[{"href":"https:\/\/lubrimas.pe\/empresas\/wp-json\/wp\/v2\/product"}],"about":[{"href":"https:\/\/lubrimas.pe\/empresas\/wp-json\/wp\/v2\/types\/product"}],"replies":[{"embeddable":true,"href":"https:\/\/lubrimas.pe\/empresas\/wp-json\/wp\/v2\/comments?post=712"}],"wp:featuredmedia":[{"embeddable":true,"href":"https:\/\/lubrimas.pe\/empresas\/wp-json\/wp\/v2\/media\/1316"}],"wp:attachment":[{"href":"https:\/\/lubrimas.pe\/empresas\/wp-json\/wp\/v2\/media?parent=712"}],"wp:term":[{"taxonomy":"product_brand","embeddable":true,"href":"https:\/\/lubrimas.pe\/empresas\/wp-json\/wp\/v2\/product_brand?post=712"},{"taxonomy":"product_cat","embeddable":true,"href":"https:\/\/lubrimas.pe\/empresas\/wp-json\/wp\/v2\/product_cat?post=712"},{"taxonomy":"product_tag","embeddable":true,"href":"https:\/\/lubrimas.pe\/empresas\/wp-json\/wp\/v2\/product_tag?post=712"}],"curies":[{"name":"wp","href":"https:\/\/api.w.org\/{rel}","templated":true}]}}