{"id":718,"date":"2022-01-20T17:11:15","date_gmt":"2022-01-20T17:11:15","guid":{"rendered":"https:\/\/lubrimas.pe\/empresas\/?post_type=product&#038;p=718"},"modified":"2022-08-04T12:55:37","modified_gmt":"2022-08-04T17:55:37","slug":"mobil-delvac-extreme-15w-40","status":"publish","type":"product","link":"https:\/\/lubrimas.pe\/empresas\/productos\/mobil-delvac-extreme-15w-40\/","title":{"rendered":"MOBIL DELVAC EXTREME 15W-40"},"content":{"rendered":"","protected":false},"excerpt":{"rendered":"<p>Los aceites Mobil Delvac\u2122 Extreme 15W-40 y 10W-30 son aceites sint\u00e9ticos de primera calidad y alto desempe\u00f1o para motores di\u00e9sel que ayudan a prolongar la vida \u00fatil del motor y proporcionan la capacidad de intervalos prolongados entre cambios de aceite para motores di\u00e9sel modernos que funcionan en condiciones extremas. Se recomiendan para utilizarse en una amplia gama de aplicaciones de servicio pesado y ambientes operativos dentro y fuera de carretera, incluyendo motores que operan bajo grandes cargas.<\/p>\n","protected":false},"featured_media":1316,"comment_status":"closed","ping_status":"closed","template":"","meta":[],"product_brand":[],"product_cat":[19],"product_tag":[],"class_list":{"0":"post-718","1":"product","2":"type-product","3":"status-publish","4":"has-post-thumbnail","6":"product_cat-motor-diesel","7":"pa_marca-mobil","8":"pa_presentacion-5gl-18-90l","10":"first","11":"instock","12":"shipping-taxable","13":"purchasable","14":"product-type-variable","15":"has-default-attributes"},"yoast_head":"<!-- This site is optimized with the Yoast SEO plugin v27.1.1 - https:\/\/yoast.com\/product\/yoast-seo-wordpress\/ -->\n<title>MOBIL DELVAC EXTREME 15W-40 - Lubrim\u00e1s Empresas<\/title>\n<meta name=\"robots\" content=\"index, follow, max-snippet:-1, max-image-preview:large, max-video-preview:-1\" \/>\n<link rel=\"canonical\" href=\"https:\/\/lubrimas.pe\/empresas\/productos\/mobil-delvac-extreme-15w-40\/\" \/>\n<meta property=\"og:locale\" content=\"es_ES\" \/>\n<meta property=\"og:type\" content=\"article\" \/>\n<meta property=\"og:title\" content=\"MOBIL DELVAC EXTREME 15W-40 - Lubrim\u00e1s Empresas\" \/>\n<meta property=\"og:description\" content=\"Los aceites Mobil Delvac\u2122 Extreme 15W-40 y 10W-30 son aceites sint\u00e9ticos de primera calidad y alto desempe\u00f1o para motores di\u00e9sel que ayudan a prolongar la vida \u00fatil del motor y proporcionan la capacidad de intervalos prolongados entre cambios de aceite para motores di\u00e9sel modernos que funcionan en condiciones extremas. Se recomiendan para utilizarse en una amplia gama de aplicaciones de servicio pesado y ambientes operativos dentro y fuera de carretera, incluyendo motores que operan bajo grandes cargas.\" \/>\n<meta property=\"og:url\" content=\"https:\/\/lubrimas.pe\/empresas\/productos\/mobil-delvac-extreme-15w-40\/\" \/>\n<meta property=\"og:site_name\" content=\"Lubrim\u00e1s Empresas\" \/>\n<meta property=\"article:publisher\" content=\"https:\/\/www.facebook.com\/lubrimasperu\" \/>\n<meta property=\"article:modified_time\" content=\"2022-08-04T17:55:37+00:00\" \/>\n<meta property=\"og:image\" content=\"https:\/\/lubrimas.pe\/empresas\/wp-content\/uploads\/sites\/2\/2022\/08\/lubrimasperu-lubrimaspe-empresas-cotizaciones-aceite-mobil-cilindro-losolivos-lima-peru.png\" \/>\n\t<meta property=\"og:image:width\" content=\"850\" \/>\n\t<meta property=\"og:image:height\" content=\"1000\" \/>\n\t<meta property=\"og:image:type\" content=\"image\/png\" \/>\n<meta name=\"twitter:card\" content=\"summary_large_image\" \/>\n<script type=\"application\/ld+json\" class=\"yoast-schema-graph\">{\"@context\":\"https:\/\/schema.org\",\"@graph\":[{\"@type\":\"WebPage\",\"@id\":\"https:\/\/lubrimas.pe\/empresas\/productos\/mobil-delvac-extreme-15w-40\/\",\"url\":\"https:\/\/lubrimas.pe\/empresas\/productos\/mobil-delvac-extreme-15w-40\/\",\"name\":\"MOBIL DELVAC EXTREME 15W-40 - Lubrim\u00e1s Empresas\",\"isPartOf\":{\"@id\":\"https:\/\/lubrimas.pe\/empresas\/#website\"},\"primaryImageOfPage\":{\"@id\":\"https:\/\/lubrimas.pe\/empresas\/productos\/mobil-delvac-extreme-15w-40\/#primaryimage\"},\"image\":{\"@id\":\"https:\/\/lubrimas.pe\/empresas\/productos\/mobil-delvac-extreme-15w-40\/#primaryimage\"},\"thumbnailUrl\":\"https:\/\/lubrimas.pe\/empresas\/wp-content\/uploads\/sites\/2\/2022\/08\/lubrimasperu-lubrimaspe-empresas-cotizaciones-aceite-mobil-cilindro-losolivos-lima-peru.png\",\"datePublished\":\"2022-01-20T17:11:15+00:00\",\"dateModified\":\"2022-08-04T17:55:37+00:00\",\"breadcrumb\":{\"@id\":\"https:\/\/lubrimas.pe\/empresas\/productos\/mobil-delvac-extreme-15w-40\/#breadcrumb\"},\"inLanguage\":\"es\",\"potentialAction\":[{\"@type\":\"ReadAction\",\"target\":[\"https:\/\/lubrimas.pe\/empresas\/productos\/mobil-delvac-extreme-15w-40\/\"]}]},{\"@type\":\"ImageObject\",\"inLanguage\":\"es\",\"@id\":\"https:\/\/lubrimas.pe\/empresas\/productos\/mobil-delvac-extreme-15w-40\/#primaryimage\",\"url\":\"https:\/\/lubrimas.pe\/empresas\/wp-content\/uploads\/sites\/2\/2022\/08\/lubrimasperu-lubrimaspe-empresas-cotizaciones-aceite-mobil-cilindro-losolivos-lima-peru.png\",\"contentUrl\":\"https:\/\/lubrimas.pe\/empresas\/wp-content\/uploads\/sites\/2\/2022\/08\/lubrimasperu-lubrimaspe-empresas-cotizaciones-aceite-mobil-cilindro-losolivos-lima-peru.png\",\"width\":850,\"height\":1000},{\"@type\":\"BreadcrumbList\",\"@id\":\"https:\/\/lubrimas.pe\/empresas\/productos\/mobil-delvac-extreme-15w-40\/#breadcrumb\",\"itemListElement\":[{\"@type\":\"ListItem\",\"position\":1,\"name\":\"Portada\",\"item\":\"https:\/\/lubrimas.pe\/empresas\/\"},{\"@type\":\"ListItem\",\"position\":2,\"name\":\"Lubricantes (Cat\u00e1logo)\",\"item\":\"https:\/\/lubrimas.pe\/empresas\/productos\/\"},{\"@type\":\"ListItem\",\"position\":3,\"name\":\"MOBIL DELVAC EXTREME 15W-40\"}]},{\"@type\":\"WebSite\",\"@id\":\"https:\/\/lubrimas.pe\/empresas\/#website\",\"url\":\"https:\/\/lubrimas.pe\/empresas\/\",\"name\":\"Lubrim\u00e1s Empresas\",\"description\":\"Distribuidor Autorizado de Lubricantes para el sector Automotor e Industrial\",\"publisher\":{\"@id\":\"https:\/\/lubrimas.pe\/empresas\/#organization\"},\"potentialAction\":[{\"@type\":\"SearchAction\",\"target\":{\"@type\":\"EntryPoint\",\"urlTemplate\":\"https:\/\/lubrimas.pe\/empresas\/?s={search_term_string}\"},\"query-input\":{\"@type\":\"PropertyValueSpecification\",\"valueRequired\":true,\"valueName\":\"search_term_string\"}}],\"inLanguage\":\"es\"},{\"@type\":\"Organization\",\"@id\":\"https:\/\/lubrimas.pe\/empresas\/#organization\",\"name\":\"Lubrimas.pe\",\"url\":\"https:\/\/lubrimas.pe\/empresas\/\",\"logo\":{\"@type\":\"ImageObject\",\"inLanguage\":\"es\",\"@id\":\"https:\/\/lubrimas.pe\/empresas\/#\/schema\/logo\/image\/\",\"url\":\"https:\/\/lubrimas.pe\/empresas\/wp-content\/uploads\/sites\/2\/2022\/03\/tarjeta-empresas.webp\",\"contentUrl\":\"https:\/\/lubrimas.pe\/empresas\/wp-content\/uploads\/sites\/2\/2022\/03\/tarjeta-empresas.webp\",\"width\":250,\"height\":250,\"caption\":\"Lubrimas.pe\"},\"image\":{\"@id\":\"https:\/\/lubrimas.pe\/empresas\/#\/schema\/logo\/image\/\"},\"sameAs\":[\"https:\/\/www.facebook.com\/lubrimasperu\",\"https:\/\/www.instagram.com\/lubrimas_pe\",\"https:\/\/www.youtube.com\/channel\/UCkp38n2qqb8SU60_v_gaKlg\"]}]}<\/script>\n<!-- \/ Yoast SEO plugin. -->","yoast_head_json":{"title":"MOBIL DELVAC EXTREME 15W-40 - Lubrim\u00e1s Empresas","robots":{"index":"index","follow":"follow","max-snippet":"max-snippet:-1","max-image-preview":"max-image-preview:large","max-video-preview":"max-video-preview:-1"},"canonical":"https:\/\/lubrimas.pe\/empresas\/productos\/mobil-delvac-extreme-15w-40\/","og_locale":"es_ES","og_type":"article","og_title":"MOBIL DELVAC EXTREME 15W-40 - Lubrim\u00e1s Empresas","og_description":"Los aceites Mobil Delvac\u2122 Extreme 15W-40 y 10W-30 son aceites sint\u00e9ticos de primera calidad y alto desempe\u00f1o para motores di\u00e9sel que ayudan a prolongar la vida \u00fatil del motor y proporcionan la capacidad de intervalos prolongados entre cambios de aceite para motores di\u00e9sel modernos que funcionan en condiciones extremas. Se recomiendan para utilizarse en una amplia gama de aplicaciones de servicio pesado y ambientes operativos dentro y fuera de carretera, incluyendo motores que operan bajo grandes cargas.","og_url":"https:\/\/lubrimas.pe\/empresas\/productos\/mobil-delvac-extreme-15w-40\/","og_site_name":"Lubrim\u00e1s Empresas","article_publisher":"https:\/\/www.facebook.com\/lubrimasperu","article_modified_time":"2022-08-04T17:55:37+00:00","og_image":[{"width":850,"height":1000,"url":"https:\/\/lubrimas.pe\/empresas\/wp-content\/uploads\/sites\/2\/2022\/08\/lubrimasperu-lubrimaspe-empresas-cotizaciones-aceite-mobil-cilindro-losolivos-lima-peru.png","type":"image\/png"}],"twitter_card":"summary_large_image","schema":{"@context":"https:\/\/schema.org","@graph":[{"@type":"WebPage","@id":"https:\/\/lubrimas.pe\/empresas\/productos\/mobil-delvac-extreme-15w-40\/","url":"https:\/\/lubrimas.pe\/empresas\/productos\/mobil-delvac-extreme-15w-40\/","name":"MOBIL DELVAC EXTREME 15W-40 - Lubrim\u00e1s Empresas","isPartOf":{"@id":"https:\/\/lubrimas.pe\/empresas\/#website"},"primaryImageOfPage":{"@id":"https:\/\/lubrimas.pe\/empresas\/productos\/mobil-delvac-extreme-15w-40\/#primaryimage"},"image":{"@id":"https:\/\/lubrimas.pe\/empresas\/productos\/mobil-delvac-extreme-15w-40\/#primaryimage"},"thumbnailUrl":"https:\/\/lubrimas.pe\/empresas\/wp-content\/uploads\/sites\/2\/2022\/08\/lubrimasperu-lubrimaspe-empresas-cotizaciones-aceite-mobil-cilindro-losolivos-lima-peru.png","datePublished":"2022-01-20T17:11:15+00:00","dateModified":"2022-08-04T17:55:37+00:00","breadcrumb":{"@id":"https:\/\/lubrimas.pe\/empresas\/productos\/mobil-delvac-extreme-15w-40\/#breadcrumb"},"inLanguage":"es","potentialAction":[{"@type":"ReadAction","target":["https:\/\/lubrimas.pe\/empresas\/productos\/mobil-delvac-extreme-15w-40\/"]}]},{"@type":"ImageObject","inLanguage":"es","@id":"https:\/\/lubrimas.pe\/empresas\/productos\/mobil-delvac-extreme-15w-40\/#primaryimage","url":"https:\/\/lubrimas.pe\/empresas\/wp-content\/uploads\/sites\/2\/2022\/08\/lubrimasperu-lubrimaspe-empresas-cotizaciones-aceite-mobil-cilindro-losolivos-lima-peru.png","contentUrl":"https:\/\/lubrimas.pe\/empresas\/wp-content\/uploads\/sites\/2\/2022\/08\/lubrimasperu-lubrimaspe-empresas-cotizaciones-aceite-mobil-cilindro-losolivos-lima-peru.png","width":850,"height":1000},{"@type":"BreadcrumbList","@id":"https:\/\/lubrimas.pe\/empresas\/productos\/mobil-delvac-extreme-15w-40\/#breadcrumb","itemListElement":[{"@type":"ListItem","position":1,"name":"Portada","item":"https:\/\/lubrimas.pe\/empresas\/"},{"@type":"ListItem","position":2,"name":"Lubricantes (Cat\u00e1logo)","item":"https:\/\/lubrimas.pe\/empresas\/productos\/"},{"@type":"ListItem","position":3,"name":"MOBIL DELVAC EXTREME 15W-40"}]},{"@type":"WebSite","@id":"https:\/\/lubrimas.pe\/empresas\/#website","url":"https:\/\/lubrimas.pe\/empresas\/","name":"Lubrim\u00e1s Empresas","description":"Distribuidor Autorizado de Lubricantes para el sector Automotor e Industrial","publisher":{"@id":"https:\/\/lubrimas.pe\/empresas\/#organization"},"potentialAction":[{"@type":"SearchAction","target":{"@type":"EntryPoint","urlTemplate":"https:\/\/lubrimas.pe\/empresas\/?s={search_term_string}"},"query-input":{"@type":"PropertyValueSpecification","valueRequired":true,"valueName":"search_term_string"}}],"inLanguage":"es"},{"@type":"Organization","@id":"https:\/\/lubrimas.pe\/empresas\/#organization","name":"Lubrimas.pe","url":"https:\/\/lubrimas.pe\/empresas\/","logo":{"@type":"ImageObject","inLanguage":"es","@id":"https:\/\/lubrimas.pe\/empresas\/#\/schema\/logo\/image\/","url":"https:\/\/lubrimas.pe\/empresas\/wp-content\/uploads\/sites\/2\/2022\/03\/tarjeta-empresas.webp","contentUrl":"https:\/\/lubrimas.pe\/empresas\/wp-content\/uploads\/sites\/2\/2022\/03\/tarjeta-empresas.webp","width":250,"height":250,"caption":"Lubrimas.pe"},"image":{"@id":"https:\/\/lubrimas.pe\/empresas\/#\/schema\/logo\/image\/"},"sameAs":["https:\/\/www.facebook.com\/lubrimasperu","https:\/\/www.instagram.com\/lubrimas_pe","https:\/\/www.youtube.com\/channel\/UCkp38n2qqb8SU60_v_gaKlg"]}]}},"_links":{"self":[{"href":"https:\/\/lubrimas.pe\/empresas\/wp-json\/wp\/v2\/product\/718","targetHints":{"allow":["GET"]}}],"collection":[{"href":"https:\/\/lubrimas.pe\/empresas\/wp-json\/wp\/v2\/product"}],"about":[{"href":"https:\/\/lubrimas.pe\/empresas\/wp-json\/wp\/v2\/types\/product"}],"replies":[{"embeddable":true,"href":"https:\/\/lubrimas.pe\/empresas\/wp-json\/wp\/v2\/comments?post=718"}],"wp:featuredmedia":[{"embeddable":true,"href":"https:\/\/lubrimas.pe\/empresas\/wp-json\/wp\/v2\/media\/1316"}],"wp:attachment":[{"href":"https:\/\/lubrimas.pe\/empresas\/wp-json\/wp\/v2\/media?parent=718"}],"wp:term":[{"taxonomy":"product_brand","embeddable":true,"href":"https:\/\/lubrimas.pe\/empresas\/wp-json\/wp\/v2\/product_brand?post=718"},{"taxonomy":"product_cat","embeddable":true,"href":"https:\/\/lubrimas.pe\/empresas\/wp-json\/wp\/v2\/product_cat?post=718"},{"taxonomy":"product_tag","embeddable":true,"href":"https:\/\/lubrimas.pe\/empresas\/wp-json\/wp\/v2\/product_tag?post=718"}],"curies":[{"name":"wp","href":"https:\/\/api.w.org\/{rel}","templated":true}]}}