{"id":736,"date":"2022-01-20T17:11:17","date_gmt":"2022-01-20T17:11:17","guid":{"rendered":"https:\/\/lubrimas.pe\/empresas\/?post_type=product&#038;p=736"},"modified":"2022-02-28T17:59:12","modified_gmt":"2022-02-28T17:59:12","slug":"chevron-delo-gear-ep-5-sae-85w140","status":"publish","type":"product","link":"https:\/\/lubrimas.pe\/empresas\/productos\/chevron-delo-gear-ep-5-sae-85w140\/","title":{"rendered":"CHEVRON DELO GEAR EP-5 SAE 85W140"},"content":{"rendered":"","protected":false},"excerpt":{"rendered":"<p>La tecnolog\u00eda de aditivo de azufre-f\u00f3sforo de presi\u00f3n extrema utilizados en los Delo\u00ae Gear EP-5 proporcionan una estabilidad t\u00e9rmica y a la oxidaci\u00f3n excepcional. Adem\u00e1s, este lubricante est\u00e1 fortificado con inhibidores de herrumbre y corrosi\u00f3n, un inhibidor de espuma y un depresor de punto de escurrimiento, se recomiendan para uso en diferenciales de bisel en espiral e hipoides, divisores de energ\u00eda y chumaceras de ejes de direcci\u00f3n lubricadas con aceite.<\/p>\n","protected":false},"featured_media":824,"comment_status":"closed","ping_status":"closed","template":"","meta":[],"product_brand":[],"product_cat":[107],"product_tag":[20],"class_list":{"0":"post-736","1":"product","2":"type-product","3":"status-publish","4":"has-post-thumbnail","6":"product_cat-engranajes-y-transmisiones-flota-pesada","7":"product_tag-industria-automotriz","8":"pa_marca-chevron","9":"pa_presentacion-5gl-20lt","10":"pa_presentacion-cilindro-55gl","12":"first","13":"instock","14":"taxable","15":"shipping-taxable","16":"purchasable","17":"product-type-variable","18":"has-default-attributes"},"yoast_head":"<!-- This site is optimized with the Yoast SEO plugin v27.4 - https:\/\/yoast.com\/product\/yoast-seo-wordpress\/ -->\n<title>CHEVRON DELO GEAR EP-5 SAE 85W140 - Lubrim\u00e1s Empresas<\/title>\n<meta name=\"robots\" content=\"index, follow, max-snippet:-1, max-image-preview:large, max-video-preview:-1\" \/>\n<link rel=\"canonical\" href=\"https:\/\/lubrimas.pe\/empresas\/productos\/chevron-delo-gear-ep-5-sae-85w140\/\" \/>\n<meta property=\"og:locale\" content=\"es_ES\" \/>\n<meta property=\"og:type\" content=\"article\" \/>\n<meta property=\"og:title\" content=\"CHEVRON DELO GEAR EP-5 SAE 85W140 - Lubrim\u00e1s Empresas\" \/>\n<meta property=\"og:description\" content=\"La tecnolog\u00eda de aditivo de azufre-f\u00f3sforo de presi\u00f3n extrema utilizados en los Delo\u00ae Gear EP-5 proporcionan una estabilidad t\u00e9rmica y a la oxidaci\u00f3n excepcional. Adem\u00e1s, este lubricante est\u00e1 fortificado con inhibidores de herrumbre y corrosi\u00f3n, un inhibidor de espuma y un depresor de punto de escurrimiento, se recomiendan para uso en diferenciales de bisel en espiral e hipoides, divisores de energ\u00eda y chumaceras de ejes de direcci\u00f3n lubricadas con aceite.\" \/>\n<meta property=\"og:url\" content=\"https:\/\/lubrimas.pe\/empresas\/productos\/chevron-delo-gear-ep-5-sae-85w140\/\" \/>\n<meta property=\"og:site_name\" content=\"Lubrim\u00e1s Empresas\" \/>\n<meta property=\"article:publisher\" content=\"https:\/\/www.facebook.com\/lubrimasperu\" \/>\n<meta property=\"article:modified_time\" content=\"2022-02-28T17:59:12+00:00\" \/>\n<meta property=\"og:image\" content=\"https:\/\/lubrimas.pe\/empresas\/wp-content\/uploads\/sites\/2\/2022\/02\/lubrimasperu-aceite-chevron-delo-gear-api-gl5-85w140-balde-19l-losolivos-lima-peru.webp\" \/>\n\t<meta property=\"og:image:width\" content=\"850\" \/>\n\t<meta property=\"og:image:height\" content=\"1000\" \/>\n\t<meta property=\"og:image:type\" content=\"image\/webp\" \/>\n<meta name=\"twitter:card\" content=\"summary_large_image\" \/>\n<script type=\"application\/ld+json\" class=\"yoast-schema-graph\">{\"@context\":\"https:\\\/\\\/schema.org\",\"@graph\":[{\"@type\":\"WebPage\",\"@id\":\"https:\\\/\\\/lubrimas.pe\\\/empresas\\\/productos\\\/chevron-delo-gear-ep-5-sae-85w140\\\/\",\"url\":\"https:\\\/\\\/lubrimas.pe\\\/empresas\\\/productos\\\/chevron-delo-gear-ep-5-sae-85w140\\\/\",\"name\":\"CHEVRON DELO GEAR EP-5 SAE 85W140 - Lubrim\u00e1s Empresas\",\"isPartOf\":{\"@id\":\"https:\\\/\\\/lubrimas.pe\\\/empresas\\\/#website\"},\"primaryImageOfPage\":{\"@id\":\"https:\\\/\\\/lubrimas.pe\\\/empresas\\\/productos\\\/chevron-delo-gear-ep-5-sae-85w140\\\/#primaryimage\"},\"image\":{\"@id\":\"https:\\\/\\\/lubrimas.pe\\\/empresas\\\/productos\\\/chevron-delo-gear-ep-5-sae-85w140\\\/#primaryimage\"},\"thumbnailUrl\":\"https:\\\/\\\/lubrimas.pe\\\/empresas\\\/wp-content\\\/uploads\\\/sites\\\/2\\\/2022\\\/02\\\/lubrimasperu-aceite-chevron-delo-gear-api-gl5-85w140-balde-19l-losolivos-lima-peru.webp\",\"datePublished\":\"2022-01-20T17:11:17+00:00\",\"dateModified\":\"2022-02-28T17:59:12+00:00\",\"breadcrumb\":{\"@id\":\"https:\\\/\\\/lubrimas.pe\\\/empresas\\\/productos\\\/chevron-delo-gear-ep-5-sae-85w140\\\/#breadcrumb\"},\"inLanguage\":\"es\",\"potentialAction\":[{\"@type\":\"ReadAction\",\"target\":[\"https:\\\/\\\/lubrimas.pe\\\/empresas\\\/productos\\\/chevron-delo-gear-ep-5-sae-85w140\\\/\"]}]},{\"@type\":\"ImageObject\",\"inLanguage\":\"es\",\"@id\":\"https:\\\/\\\/lubrimas.pe\\\/empresas\\\/productos\\\/chevron-delo-gear-ep-5-sae-85w140\\\/#primaryimage\",\"url\":\"https:\\\/\\\/lubrimas.pe\\\/empresas\\\/wp-content\\\/uploads\\\/sites\\\/2\\\/2022\\\/02\\\/lubrimasperu-aceite-chevron-delo-gear-api-gl5-85w140-balde-19l-losolivos-lima-peru.webp\",\"contentUrl\":\"https:\\\/\\\/lubrimas.pe\\\/empresas\\\/wp-content\\\/uploads\\\/sites\\\/2\\\/2022\\\/02\\\/lubrimasperu-aceite-chevron-delo-gear-api-gl5-85w140-balde-19l-losolivos-lima-peru.webp\",\"width\":850,\"height\":1000},{\"@type\":\"BreadcrumbList\",\"@id\":\"https:\\\/\\\/lubrimas.pe\\\/empresas\\\/productos\\\/chevron-delo-gear-ep-5-sae-85w140\\\/#breadcrumb\",\"itemListElement\":[{\"@type\":\"ListItem\",\"position\":1,\"name\":\"Portada\",\"item\":\"https:\\\/\\\/lubrimas.pe\\\/empresas\\\/\"},{\"@type\":\"ListItem\",\"position\":2,\"name\":\"Lubricantes (Cat\u00e1logo)\",\"item\":\"https:\\\/\\\/lubrimas.pe\\\/empresas\\\/productos\\\/\"},{\"@type\":\"ListItem\",\"position\":3,\"name\":\"CHEVRON DELO GEAR EP-5 SAE 85W140\"}]},{\"@type\":\"WebSite\",\"@id\":\"https:\\\/\\\/lubrimas.pe\\\/empresas\\\/#website\",\"url\":\"https:\\\/\\\/lubrimas.pe\\\/empresas\\\/\",\"name\":\"Lubrim\u00e1s Empresas\",\"description\":\"Distribuidor Autorizado de Lubricantes para el sector Automotor e Industrial\",\"publisher\":{\"@id\":\"https:\\\/\\\/lubrimas.pe\\\/empresas\\\/#organization\"},\"potentialAction\":[{\"@type\":\"SearchAction\",\"target\":{\"@type\":\"EntryPoint\",\"urlTemplate\":\"https:\\\/\\\/lubrimas.pe\\\/empresas\\\/?s={search_term_string}\"},\"query-input\":{\"@type\":\"PropertyValueSpecification\",\"valueRequired\":true,\"valueName\":\"search_term_string\"}}],\"inLanguage\":\"es\"},{\"@type\":\"Organization\",\"@id\":\"https:\\\/\\\/lubrimas.pe\\\/empresas\\\/#organization\",\"name\":\"Lubrimas.pe\",\"url\":\"https:\\\/\\\/lubrimas.pe\\\/empresas\\\/\",\"logo\":{\"@type\":\"ImageObject\",\"inLanguage\":\"es\",\"@id\":\"https:\\\/\\\/lubrimas.pe\\\/empresas\\\/#\\\/schema\\\/logo\\\/image\\\/\",\"url\":\"https:\\\/\\\/lubrimas.pe\\\/empresas\\\/wp-content\\\/uploads\\\/sites\\\/2\\\/2022\\\/03\\\/tarjeta-empresas.webp\",\"contentUrl\":\"https:\\\/\\\/lubrimas.pe\\\/empresas\\\/wp-content\\\/uploads\\\/sites\\\/2\\\/2022\\\/03\\\/tarjeta-empresas.webp\",\"width\":250,\"height\":250,\"caption\":\"Lubrimas.pe\"},\"image\":{\"@id\":\"https:\\\/\\\/lubrimas.pe\\\/empresas\\\/#\\\/schema\\\/logo\\\/image\\\/\"},\"sameAs\":[\"https:\\\/\\\/www.facebook.com\\\/lubrimasperu\",\"https:\\\/\\\/www.instagram.com\\\/lubrimas_pe\",\"https:\\\/\\\/www.youtube.com\\\/channel\\\/UCkp38n2qqb8SU60_v_gaKlg\"]}]}<\/script>\n<!-- \/ Yoast SEO plugin. -->","yoast_head_json":{"title":"CHEVRON DELO GEAR EP-5 SAE 85W140 - Lubrim\u00e1s Empresas","robots":{"index":"index","follow":"follow","max-snippet":"max-snippet:-1","max-image-preview":"max-image-preview:large","max-video-preview":"max-video-preview:-1"},"canonical":"https:\/\/lubrimas.pe\/empresas\/productos\/chevron-delo-gear-ep-5-sae-85w140\/","og_locale":"es_ES","og_type":"article","og_title":"CHEVRON DELO GEAR EP-5 SAE 85W140 - Lubrim\u00e1s Empresas","og_description":"La tecnolog\u00eda de aditivo de azufre-f\u00f3sforo de presi\u00f3n extrema utilizados en los Delo\u00ae Gear EP-5 proporcionan una estabilidad t\u00e9rmica y a la oxidaci\u00f3n excepcional. Adem\u00e1s, este lubricante est\u00e1 fortificado con inhibidores de herrumbre y corrosi\u00f3n, un inhibidor de espuma y un depresor de punto de escurrimiento, se recomiendan para uso en diferenciales de bisel en espiral e hipoides, divisores de energ\u00eda y chumaceras de ejes de direcci\u00f3n lubricadas con aceite.","og_url":"https:\/\/lubrimas.pe\/empresas\/productos\/chevron-delo-gear-ep-5-sae-85w140\/","og_site_name":"Lubrim\u00e1s Empresas","article_publisher":"https:\/\/www.facebook.com\/lubrimasperu","article_modified_time":"2022-02-28T17:59:12+00:00","og_image":[{"width":850,"height":1000,"url":"https:\/\/lubrimas.pe\/empresas\/wp-content\/uploads\/sites\/2\/2022\/02\/lubrimasperu-aceite-chevron-delo-gear-api-gl5-85w140-balde-19l-losolivos-lima-peru.webp","type":"image\/webp"}],"twitter_card":"summary_large_image","schema":{"@context":"https:\/\/schema.org","@graph":[{"@type":"WebPage","@id":"https:\/\/lubrimas.pe\/empresas\/productos\/chevron-delo-gear-ep-5-sae-85w140\/","url":"https:\/\/lubrimas.pe\/empresas\/productos\/chevron-delo-gear-ep-5-sae-85w140\/","name":"CHEVRON DELO GEAR EP-5 SAE 85W140 - Lubrim\u00e1s Empresas","isPartOf":{"@id":"https:\/\/lubrimas.pe\/empresas\/#website"},"primaryImageOfPage":{"@id":"https:\/\/lubrimas.pe\/empresas\/productos\/chevron-delo-gear-ep-5-sae-85w140\/#primaryimage"},"image":{"@id":"https:\/\/lubrimas.pe\/empresas\/productos\/chevron-delo-gear-ep-5-sae-85w140\/#primaryimage"},"thumbnailUrl":"https:\/\/lubrimas.pe\/empresas\/wp-content\/uploads\/sites\/2\/2022\/02\/lubrimasperu-aceite-chevron-delo-gear-api-gl5-85w140-balde-19l-losolivos-lima-peru.webp","datePublished":"2022-01-20T17:11:17+00:00","dateModified":"2022-02-28T17:59:12+00:00","breadcrumb":{"@id":"https:\/\/lubrimas.pe\/empresas\/productos\/chevron-delo-gear-ep-5-sae-85w140\/#breadcrumb"},"inLanguage":"es","potentialAction":[{"@type":"ReadAction","target":["https:\/\/lubrimas.pe\/empresas\/productos\/chevron-delo-gear-ep-5-sae-85w140\/"]}]},{"@type":"ImageObject","inLanguage":"es","@id":"https:\/\/lubrimas.pe\/empresas\/productos\/chevron-delo-gear-ep-5-sae-85w140\/#primaryimage","url":"https:\/\/lubrimas.pe\/empresas\/wp-content\/uploads\/sites\/2\/2022\/02\/lubrimasperu-aceite-chevron-delo-gear-api-gl5-85w140-balde-19l-losolivos-lima-peru.webp","contentUrl":"https:\/\/lubrimas.pe\/empresas\/wp-content\/uploads\/sites\/2\/2022\/02\/lubrimasperu-aceite-chevron-delo-gear-api-gl5-85w140-balde-19l-losolivos-lima-peru.webp","width":850,"height":1000},{"@type":"BreadcrumbList","@id":"https:\/\/lubrimas.pe\/empresas\/productos\/chevron-delo-gear-ep-5-sae-85w140\/#breadcrumb","itemListElement":[{"@type":"ListItem","position":1,"name":"Portada","item":"https:\/\/lubrimas.pe\/empresas\/"},{"@type":"ListItem","position":2,"name":"Lubricantes (Cat\u00e1logo)","item":"https:\/\/lubrimas.pe\/empresas\/productos\/"},{"@type":"ListItem","position":3,"name":"CHEVRON DELO GEAR EP-5 SAE 85W140"}]},{"@type":"WebSite","@id":"https:\/\/lubrimas.pe\/empresas\/#website","url":"https:\/\/lubrimas.pe\/empresas\/","name":"Lubrim\u00e1s Empresas","description":"Distribuidor Autorizado de Lubricantes para el sector Automotor e Industrial","publisher":{"@id":"https:\/\/lubrimas.pe\/empresas\/#organization"},"potentialAction":[{"@type":"SearchAction","target":{"@type":"EntryPoint","urlTemplate":"https:\/\/lubrimas.pe\/empresas\/?s={search_term_string}"},"query-input":{"@type":"PropertyValueSpecification","valueRequired":true,"valueName":"search_term_string"}}],"inLanguage":"es"},{"@type":"Organization","@id":"https:\/\/lubrimas.pe\/empresas\/#organization","name":"Lubrimas.pe","url":"https:\/\/lubrimas.pe\/empresas\/","logo":{"@type":"ImageObject","inLanguage":"es","@id":"https:\/\/lubrimas.pe\/empresas\/#\/schema\/logo\/image\/","url":"https:\/\/lubrimas.pe\/empresas\/wp-content\/uploads\/sites\/2\/2022\/03\/tarjeta-empresas.webp","contentUrl":"https:\/\/lubrimas.pe\/empresas\/wp-content\/uploads\/sites\/2\/2022\/03\/tarjeta-empresas.webp","width":250,"height":250,"caption":"Lubrimas.pe"},"image":{"@id":"https:\/\/lubrimas.pe\/empresas\/#\/schema\/logo\/image\/"},"sameAs":["https:\/\/www.facebook.com\/lubrimasperu","https:\/\/www.instagram.com\/lubrimas_pe","https:\/\/www.youtube.com\/channel\/UCkp38n2qqb8SU60_v_gaKlg"]}]}},"_links":{"self":[{"href":"https:\/\/lubrimas.pe\/empresas\/wp-json\/wp\/v2\/product\/736","targetHints":{"allow":["GET"]}}],"collection":[{"href":"https:\/\/lubrimas.pe\/empresas\/wp-json\/wp\/v2\/product"}],"about":[{"href":"https:\/\/lubrimas.pe\/empresas\/wp-json\/wp\/v2\/types\/product"}],"replies":[{"embeddable":true,"href":"https:\/\/lubrimas.pe\/empresas\/wp-json\/wp\/v2\/comments?post=736"}],"wp:featuredmedia":[{"embeddable":true,"href":"https:\/\/lubrimas.pe\/empresas\/wp-json\/wp\/v2\/media\/824"}],"wp:attachment":[{"href":"https:\/\/lubrimas.pe\/empresas\/wp-json\/wp\/v2\/media?parent=736"}],"wp:term":[{"taxonomy":"product_brand","embeddable":true,"href":"https:\/\/lubrimas.pe\/empresas\/wp-json\/wp\/v2\/product_brand?post=736"},{"taxonomy":"product_cat","embeddable":true,"href":"https:\/\/lubrimas.pe\/empresas\/wp-json\/wp\/v2\/product_cat?post=736"},{"taxonomy":"product_tag","embeddable":true,"href":"https:\/\/lubrimas.pe\/empresas\/wp-json\/wp\/v2\/product_tag?post=736"}],"curies":[{"name":"wp","href":"https:\/\/api.w.org\/{rel}","templated":true}]}}