{"id":78,"date":"2022-01-20T17:07:48","date_gmt":"2022-01-20T17:07:48","guid":{"rendered":"https:\/\/lubrimas.pe\/empresas\/?post_type=product&#038;p=78"},"modified":"2022-02-28T19:33:54","modified_gmt":"2022-02-28T19:33:54","slug":"hyundai-xteer-hd-7000-15w40","status":"publish","type":"product","link":"https:\/\/lubrimas.pe\/empresas\/productos\/hyundai-xteer-hd-7000-15w40\/","title":{"rendered":"HYUNDAI XTEER HD 7000 15W40"},"content":{"rendered":"","protected":false},"excerpt":{"rendered":"<p>Es el aceite de motor diesel de servicio pesado m\u00e1s avanzado dise\u00f1ado para los \u00faltimos motores diesel premium, as\u00ed como motores convencionales. Est\u00e1 dise\u00f1ado para proporcionar lubricaci\u00f3n sobresaliente a los motores diesel modernos de alto rendimiento utilizados en severas aplicaciones de autopistas sin peaje. La avanzada tecnolog\u00eda de XTeer Heavy Duty ofrece un rendimiento excepcional tanto en motores diesel modernos como en modelos antiguos.<\/p>\n","protected":false},"featured_media":827,"comment_status":"closed","ping_status":"closed","template":"","meta":[],"product_brand":[],"product_cat":[19],"product_tag":[20],"class_list":{"0":"post-78","1":"product","2":"type-product","3":"status-publish","4":"has-post-thumbnail","6":"product_cat-motor-diesel","7":"product_tag-industria-automotriz","8":"pa_marca-hyundai-xteer","9":"pa_presentacion-5gl-20lt","10":"pa_presentacion-cilindro-55gl","12":"first","13":"instock","14":"taxable","15":"shipping-taxable","16":"purchasable","17":"product-type-variable","18":"has-default-attributes"},"yoast_head":"<!-- This site is optimized with the Yoast SEO plugin v27.4 - https:\/\/yoast.com\/product\/yoast-seo-wordpress\/ -->\n<title>HYUNDAI XTEER HD 7000 15W40 - Lubrim\u00e1s Empresas<\/title>\n<meta name=\"robots\" content=\"index, follow, max-snippet:-1, max-image-preview:large, max-video-preview:-1\" \/>\n<link rel=\"canonical\" href=\"https:\/\/lubrimas.pe\/empresas\/productos\/hyundai-xteer-hd-7000-15w40\/\" \/>\n<meta property=\"og:locale\" content=\"es_ES\" \/>\n<meta property=\"og:type\" content=\"article\" \/>\n<meta property=\"og:title\" content=\"HYUNDAI XTEER HD 7000 15W40 - Lubrim\u00e1s Empresas\" \/>\n<meta property=\"og:description\" content=\"Es el aceite de motor diesel de servicio pesado m\u00e1s avanzado dise\u00f1ado para los \u00faltimos motores diesel premium, as\u00ed como motores convencionales. Est\u00e1 dise\u00f1ado para proporcionar lubricaci\u00f3n sobresaliente a los motores diesel modernos de alto rendimiento utilizados en severas aplicaciones de autopistas sin peaje. La avanzada tecnolog\u00eda de XTeer Heavy Duty ofrece un rendimiento excepcional tanto en motores diesel modernos como en modelos antiguos.\" \/>\n<meta property=\"og:url\" content=\"https:\/\/lubrimas.pe\/empresas\/productos\/hyundai-xteer-hd-7000-15w40\/\" \/>\n<meta property=\"og:site_name\" content=\"Lubrim\u00e1s Empresas\" \/>\n<meta property=\"article:publisher\" content=\"https:\/\/www.facebook.com\/lubrimasperu\" \/>\n<meta property=\"article:modified_time\" content=\"2022-02-28T19:33:54+00:00\" \/>\n<meta property=\"og:image\" content=\"https:\/\/lubrimas.pe\/empresas\/wp-content\/uploads\/sites\/2\/2022\/02\/lubrimasperu-aceite-hyundai-xteer-paramotor-15w40-koreano-petrolero-diesel-sintetico-20L-balde-api-CI-4-SL-losolivos-lima-peru-copia.webp\" \/>\n\t<meta property=\"og:image:width\" content=\"850\" \/>\n\t<meta property=\"og:image:height\" content=\"1000\" \/>\n\t<meta property=\"og:image:type\" content=\"image\/webp\" \/>\n<meta name=\"twitter:card\" content=\"summary_large_image\" \/>\n<script type=\"application\/ld+json\" class=\"yoast-schema-graph\">{\"@context\":\"https:\\\/\\\/schema.org\",\"@graph\":[{\"@type\":\"WebPage\",\"@id\":\"https:\\\/\\\/lubrimas.pe\\\/empresas\\\/productos\\\/hyundai-xteer-hd-7000-15w40\\\/\",\"url\":\"https:\\\/\\\/lubrimas.pe\\\/empresas\\\/productos\\\/hyundai-xteer-hd-7000-15w40\\\/\",\"name\":\"HYUNDAI XTEER HD 7000 15W40 - Lubrim\u00e1s Empresas\",\"isPartOf\":{\"@id\":\"https:\\\/\\\/lubrimas.pe\\\/empresas\\\/#website\"},\"primaryImageOfPage\":{\"@id\":\"https:\\\/\\\/lubrimas.pe\\\/empresas\\\/productos\\\/hyundai-xteer-hd-7000-15w40\\\/#primaryimage\"},\"image\":{\"@id\":\"https:\\\/\\\/lubrimas.pe\\\/empresas\\\/productos\\\/hyundai-xteer-hd-7000-15w40\\\/#primaryimage\"},\"thumbnailUrl\":\"https:\\\/\\\/lubrimas.pe\\\/empresas\\\/wp-content\\\/uploads\\\/sites\\\/2\\\/2022\\\/02\\\/lubrimasperu-aceite-hyundai-xteer-paramotor-15w40-koreano-petrolero-diesel-sintetico-20L-balde-api-CI-4-SL-losolivos-lima-peru-copia.webp\",\"datePublished\":\"2022-01-20T17:07:48+00:00\",\"dateModified\":\"2022-02-28T19:33:54+00:00\",\"breadcrumb\":{\"@id\":\"https:\\\/\\\/lubrimas.pe\\\/empresas\\\/productos\\\/hyundai-xteer-hd-7000-15w40\\\/#breadcrumb\"},\"inLanguage\":\"es\",\"potentialAction\":[{\"@type\":\"ReadAction\",\"target\":[\"https:\\\/\\\/lubrimas.pe\\\/empresas\\\/productos\\\/hyundai-xteer-hd-7000-15w40\\\/\"]}]},{\"@type\":\"ImageObject\",\"inLanguage\":\"es\",\"@id\":\"https:\\\/\\\/lubrimas.pe\\\/empresas\\\/productos\\\/hyundai-xteer-hd-7000-15w40\\\/#primaryimage\",\"url\":\"https:\\\/\\\/lubrimas.pe\\\/empresas\\\/wp-content\\\/uploads\\\/sites\\\/2\\\/2022\\\/02\\\/lubrimasperu-aceite-hyundai-xteer-paramotor-15w40-koreano-petrolero-diesel-sintetico-20L-balde-api-CI-4-SL-losolivos-lima-peru-copia.webp\",\"contentUrl\":\"https:\\\/\\\/lubrimas.pe\\\/empresas\\\/wp-content\\\/uploads\\\/sites\\\/2\\\/2022\\\/02\\\/lubrimasperu-aceite-hyundai-xteer-paramotor-15w40-koreano-petrolero-diesel-sintetico-20L-balde-api-CI-4-SL-losolivos-lima-peru-copia.webp\",\"width\":850,\"height\":1000},{\"@type\":\"BreadcrumbList\",\"@id\":\"https:\\\/\\\/lubrimas.pe\\\/empresas\\\/productos\\\/hyundai-xteer-hd-7000-15w40\\\/#breadcrumb\",\"itemListElement\":[{\"@type\":\"ListItem\",\"position\":1,\"name\":\"Portada\",\"item\":\"https:\\\/\\\/lubrimas.pe\\\/empresas\\\/\"},{\"@type\":\"ListItem\",\"position\":2,\"name\":\"Lubricantes (Cat\u00e1logo)\",\"item\":\"https:\\\/\\\/lubrimas.pe\\\/empresas\\\/productos\\\/\"},{\"@type\":\"ListItem\",\"position\":3,\"name\":\"HYUNDAI XTEER HD 7000 15W40\"}]},{\"@type\":\"WebSite\",\"@id\":\"https:\\\/\\\/lubrimas.pe\\\/empresas\\\/#website\",\"url\":\"https:\\\/\\\/lubrimas.pe\\\/empresas\\\/\",\"name\":\"Lubrim\u00e1s Empresas\",\"description\":\"Distribuidor Autorizado de Lubricantes para el sector Automotor e Industrial\",\"publisher\":{\"@id\":\"https:\\\/\\\/lubrimas.pe\\\/empresas\\\/#organization\"},\"potentialAction\":[{\"@type\":\"SearchAction\",\"target\":{\"@type\":\"EntryPoint\",\"urlTemplate\":\"https:\\\/\\\/lubrimas.pe\\\/empresas\\\/?s={search_term_string}\"},\"query-input\":{\"@type\":\"PropertyValueSpecification\",\"valueRequired\":true,\"valueName\":\"search_term_string\"}}],\"inLanguage\":\"es\"},{\"@type\":\"Organization\",\"@id\":\"https:\\\/\\\/lubrimas.pe\\\/empresas\\\/#organization\",\"name\":\"Lubrimas.pe\",\"url\":\"https:\\\/\\\/lubrimas.pe\\\/empresas\\\/\",\"logo\":{\"@type\":\"ImageObject\",\"inLanguage\":\"es\",\"@id\":\"https:\\\/\\\/lubrimas.pe\\\/empresas\\\/#\\\/schema\\\/logo\\\/image\\\/\",\"url\":\"https:\\\/\\\/lubrimas.pe\\\/empresas\\\/wp-content\\\/uploads\\\/sites\\\/2\\\/2022\\\/03\\\/tarjeta-empresas.webp\",\"contentUrl\":\"https:\\\/\\\/lubrimas.pe\\\/empresas\\\/wp-content\\\/uploads\\\/sites\\\/2\\\/2022\\\/03\\\/tarjeta-empresas.webp\",\"width\":250,\"height\":250,\"caption\":\"Lubrimas.pe\"},\"image\":{\"@id\":\"https:\\\/\\\/lubrimas.pe\\\/empresas\\\/#\\\/schema\\\/logo\\\/image\\\/\"},\"sameAs\":[\"https:\\\/\\\/www.facebook.com\\\/lubrimasperu\",\"https:\\\/\\\/www.instagram.com\\\/lubrimas_pe\",\"https:\\\/\\\/www.youtube.com\\\/channel\\\/UCkp38n2qqb8SU60_v_gaKlg\"]}]}<\/script>\n<!-- \/ Yoast SEO plugin. -->","yoast_head_json":{"title":"HYUNDAI XTEER HD 7000 15W40 - Lubrim\u00e1s Empresas","robots":{"index":"index","follow":"follow","max-snippet":"max-snippet:-1","max-image-preview":"max-image-preview:large","max-video-preview":"max-video-preview:-1"},"canonical":"https:\/\/lubrimas.pe\/empresas\/productos\/hyundai-xteer-hd-7000-15w40\/","og_locale":"es_ES","og_type":"article","og_title":"HYUNDAI XTEER HD 7000 15W40 - Lubrim\u00e1s Empresas","og_description":"Es el aceite de motor diesel de servicio pesado m\u00e1s avanzado dise\u00f1ado para los \u00faltimos motores diesel premium, as\u00ed como motores convencionales. Est\u00e1 dise\u00f1ado para proporcionar lubricaci\u00f3n sobresaliente a los motores diesel modernos de alto rendimiento utilizados en severas aplicaciones de autopistas sin peaje. La avanzada tecnolog\u00eda de XTeer Heavy Duty ofrece un rendimiento excepcional tanto en motores diesel modernos como en modelos antiguos.","og_url":"https:\/\/lubrimas.pe\/empresas\/productos\/hyundai-xteer-hd-7000-15w40\/","og_site_name":"Lubrim\u00e1s Empresas","article_publisher":"https:\/\/www.facebook.com\/lubrimasperu","article_modified_time":"2022-02-28T19:33:54+00:00","og_image":[{"width":850,"height":1000,"url":"https:\/\/lubrimas.pe\/empresas\/wp-content\/uploads\/sites\/2\/2022\/02\/lubrimasperu-aceite-hyundai-xteer-paramotor-15w40-koreano-petrolero-diesel-sintetico-20L-balde-api-CI-4-SL-losolivos-lima-peru-copia.webp","type":"image\/webp"}],"twitter_card":"summary_large_image","schema":{"@context":"https:\/\/schema.org","@graph":[{"@type":"WebPage","@id":"https:\/\/lubrimas.pe\/empresas\/productos\/hyundai-xteer-hd-7000-15w40\/","url":"https:\/\/lubrimas.pe\/empresas\/productos\/hyundai-xteer-hd-7000-15w40\/","name":"HYUNDAI XTEER HD 7000 15W40 - Lubrim\u00e1s Empresas","isPartOf":{"@id":"https:\/\/lubrimas.pe\/empresas\/#website"},"primaryImageOfPage":{"@id":"https:\/\/lubrimas.pe\/empresas\/productos\/hyundai-xteer-hd-7000-15w40\/#primaryimage"},"image":{"@id":"https:\/\/lubrimas.pe\/empresas\/productos\/hyundai-xteer-hd-7000-15w40\/#primaryimage"},"thumbnailUrl":"https:\/\/lubrimas.pe\/empresas\/wp-content\/uploads\/sites\/2\/2022\/02\/lubrimasperu-aceite-hyundai-xteer-paramotor-15w40-koreano-petrolero-diesel-sintetico-20L-balde-api-CI-4-SL-losolivos-lima-peru-copia.webp","datePublished":"2022-01-20T17:07:48+00:00","dateModified":"2022-02-28T19:33:54+00:00","breadcrumb":{"@id":"https:\/\/lubrimas.pe\/empresas\/productos\/hyundai-xteer-hd-7000-15w40\/#breadcrumb"},"inLanguage":"es","potentialAction":[{"@type":"ReadAction","target":["https:\/\/lubrimas.pe\/empresas\/productos\/hyundai-xteer-hd-7000-15w40\/"]}]},{"@type":"ImageObject","inLanguage":"es","@id":"https:\/\/lubrimas.pe\/empresas\/productos\/hyundai-xteer-hd-7000-15w40\/#primaryimage","url":"https:\/\/lubrimas.pe\/empresas\/wp-content\/uploads\/sites\/2\/2022\/02\/lubrimasperu-aceite-hyundai-xteer-paramotor-15w40-koreano-petrolero-diesel-sintetico-20L-balde-api-CI-4-SL-losolivos-lima-peru-copia.webp","contentUrl":"https:\/\/lubrimas.pe\/empresas\/wp-content\/uploads\/sites\/2\/2022\/02\/lubrimasperu-aceite-hyundai-xteer-paramotor-15w40-koreano-petrolero-diesel-sintetico-20L-balde-api-CI-4-SL-losolivos-lima-peru-copia.webp","width":850,"height":1000},{"@type":"BreadcrumbList","@id":"https:\/\/lubrimas.pe\/empresas\/productos\/hyundai-xteer-hd-7000-15w40\/#breadcrumb","itemListElement":[{"@type":"ListItem","position":1,"name":"Portada","item":"https:\/\/lubrimas.pe\/empresas\/"},{"@type":"ListItem","position":2,"name":"Lubricantes (Cat\u00e1logo)","item":"https:\/\/lubrimas.pe\/empresas\/productos\/"},{"@type":"ListItem","position":3,"name":"HYUNDAI XTEER HD 7000 15W40"}]},{"@type":"WebSite","@id":"https:\/\/lubrimas.pe\/empresas\/#website","url":"https:\/\/lubrimas.pe\/empresas\/","name":"Lubrim\u00e1s Empresas","description":"Distribuidor Autorizado de Lubricantes para el sector Automotor e Industrial","publisher":{"@id":"https:\/\/lubrimas.pe\/empresas\/#organization"},"potentialAction":[{"@type":"SearchAction","target":{"@type":"EntryPoint","urlTemplate":"https:\/\/lubrimas.pe\/empresas\/?s={search_term_string}"},"query-input":{"@type":"PropertyValueSpecification","valueRequired":true,"valueName":"search_term_string"}}],"inLanguage":"es"},{"@type":"Organization","@id":"https:\/\/lubrimas.pe\/empresas\/#organization","name":"Lubrimas.pe","url":"https:\/\/lubrimas.pe\/empresas\/","logo":{"@type":"ImageObject","inLanguage":"es","@id":"https:\/\/lubrimas.pe\/empresas\/#\/schema\/logo\/image\/","url":"https:\/\/lubrimas.pe\/empresas\/wp-content\/uploads\/sites\/2\/2022\/03\/tarjeta-empresas.webp","contentUrl":"https:\/\/lubrimas.pe\/empresas\/wp-content\/uploads\/sites\/2\/2022\/03\/tarjeta-empresas.webp","width":250,"height":250,"caption":"Lubrimas.pe"},"image":{"@id":"https:\/\/lubrimas.pe\/empresas\/#\/schema\/logo\/image\/"},"sameAs":["https:\/\/www.facebook.com\/lubrimasperu","https:\/\/www.instagram.com\/lubrimas_pe","https:\/\/www.youtube.com\/channel\/UCkp38n2qqb8SU60_v_gaKlg"]}]}},"_links":{"self":[{"href":"https:\/\/lubrimas.pe\/empresas\/wp-json\/wp\/v2\/product\/78","targetHints":{"allow":["GET"]}}],"collection":[{"href":"https:\/\/lubrimas.pe\/empresas\/wp-json\/wp\/v2\/product"}],"about":[{"href":"https:\/\/lubrimas.pe\/empresas\/wp-json\/wp\/v2\/types\/product"}],"replies":[{"embeddable":true,"href":"https:\/\/lubrimas.pe\/empresas\/wp-json\/wp\/v2\/comments?post=78"}],"wp:featuredmedia":[{"embeddable":true,"href":"https:\/\/lubrimas.pe\/empresas\/wp-json\/wp\/v2\/media\/827"}],"wp:attachment":[{"href":"https:\/\/lubrimas.pe\/empresas\/wp-json\/wp\/v2\/media?parent=78"}],"wp:term":[{"taxonomy":"product_brand","embeddable":true,"href":"https:\/\/lubrimas.pe\/empresas\/wp-json\/wp\/v2\/product_brand?post=78"},{"taxonomy":"product_cat","embeddable":true,"href":"https:\/\/lubrimas.pe\/empresas\/wp-json\/wp\/v2\/product_cat?post=78"},{"taxonomy":"product_tag","embeddable":true,"href":"https:\/\/lubrimas.pe\/empresas\/wp-json\/wp\/v2\/product_tag?post=78"}],"curies":[{"name":"wp","href":"https:\/\/api.w.org\/{rel}","templated":true}]}}