{"id":11794,"date":"2022-03-09T16:12:10","date_gmt":"2022-03-09T21:12:10","guid":{"rendered":"https:\/\/lubrimas.pe\/tienda\/?post_type=product&#038;p=11794"},"modified":"2025-08-18T14:11:43","modified_gmt":"2025-08-18T19:11:43","slug":"korlube-atf-multi-vehicle-fully-synthetic","status":"publish","type":"product","link":"https:\/\/lubrimas.pe\/tienda\/aceite-de-caja\/korlube-atf-multi-vehicle-fully-synthetic\/","title":{"rendered":"KORLUBE ATF MULTI-VEHICLE FULLY SYNTHETIC"},"content":{"rendered":"<p><span class=\"text_logo\"><strong>KOR<\/strong>LUBE\u00ae<\/span>ATF MULTI-VEHICLE FULLY SYNTHETIC es un fluido de transmisiones autom\u00e1ticas totalmente sint\u00e9tico, formulado especialmente para brindar un excelente rendimiento y protecci\u00f3n para un amplio rango de veh\u00edculos asi\u00e1ticos, norteamericanos y europeos.<\/p>\n","protected":false},"excerpt":{"rendered":"<p>KORLUBE\u00aeATF MULTI-VEHICLE FULLY SYNTHETIC es un fluido de transmisiones autom\u00e1ticas totalmente sint\u00e9tico, formulado especialmente para brindar un excelente rendimiento y protecci\u00f3n para un amplio rango de veh\u00edculos asi\u00e1ticos, norteamericanos y<\/p>\n","protected":false},"featured_media":11777,"template":"","meta":[],"product_brand":[],"product_cat":[27,32],"product_tag":[],"class_list":{"0":"post-11794","1":"product","2":"type-product","3":"status-publish","4":"has-post-thumbnail","6":"product_cat-aceite-de-caja","7":"product_cat-caja-automatica","8":"pa_marca-korlube","9":"pa_transmision-atf","11":"first","12":"outofstock","13":"sale","14":"shipping-taxable","15":"purchasable","16":"product-type-variable","17":"has-default-attributes"},"yoast_head":"<!-- This site is optimized with the Yoast SEO plugin v27.4 - https:\/\/yoast.com\/product\/yoast-seo-wordpress\/ -->\n<title>KORLUBE ATF MULTI-VEHICLE FULLY SYNTHETIC | Lubrimas.pe | Tienda Online<\/title>\n<meta name=\"description\" content=\"KORLUBE\u00aeATF MULTI-VEHICLE es un fluido ATF totalmente sint\u00e9tico, formulado especialmente para brindar un excelente rendimiento y protecci\u00f3n.\" \/>\n<meta name=\"robots\" content=\"index, follow, max-snippet:-1, max-image-preview:large, max-video-preview:-1\" \/>\n<link rel=\"canonical\" href=\"https:\/\/lubrimas.pe\/tienda\/aceite-de-caja\/korlube-atf-multi-vehicle-fully-synthetic\/\" \/>\n<meta property=\"og:locale\" content=\"es_ES\" \/>\n<meta property=\"og:type\" content=\"article\" \/>\n<meta property=\"og:title\" content=\"KORLUBE ATF MULTI-VEHICLE FULLY SYNTHETIC | Lubrimas.pe | Tienda Online\" \/>\n<meta property=\"og:description\" content=\"KORLUBE\u00aeATF MULTI-VEHICLE es un fluido ATF totalmente sint\u00e9tico, formulado especialmente para brindar un excelente rendimiento y protecci\u00f3n.\" \/>\n<meta property=\"og:url\" content=\"https:\/\/lubrimas.pe\/tienda\/aceite-de-caja\/korlube-atf-multi-vehicle-fully-synthetic\/\" \/>\n<meta property=\"og:site_name\" content=\"Lubrimas.pe | Tienda Online\" \/>\n<meta property=\"article:modified_time\" content=\"2025-08-18T19:11:43+00:00\" \/>\n<meta property=\"og:image\" content=\"https:\/\/lubrimas.pe\/tienda\/wp-content\/uploads\/sites\/3\/2022\/03\/lubrimaspe_lubrimaspe_lubrimasperu-aceite-de-transmision-automatica-multivehiculo-korlube-multivehicle-atf-botella-1l-losolivos-lima-peru.webp\" \/>\n\t<meta property=\"og:image:width\" content=\"850\" \/>\n\t<meta property=\"og:image:height\" content=\"1000\" \/>\n\t<meta property=\"og:image:type\" content=\"image\/webp\" \/>\n<meta name=\"twitter:card\" content=\"summary_large_image\" \/>\n<meta name=\"twitter:label1\" content=\"Tiempo de lectura\" \/>\n\t<meta name=\"twitter:data1\" content=\"1 minuto\" \/>\n<script type=\"application\/ld+json\" class=\"yoast-schema-graph\">{\"@context\":\"https:\\\/\\\/schema.org\",\"@graph\":[{\"@type\":[\"WebPage\",\"ItemPage\"],\"@id\":\"https:\\\/\\\/lubrimas.pe\\\/tienda\\\/aceite-de-caja\\\/korlube-atf-multi-vehicle-fully-synthetic\\\/\",\"url\":\"https:\\\/\\\/lubrimas.pe\\\/tienda\\\/aceite-de-caja\\\/korlube-atf-multi-vehicle-fully-synthetic\\\/\",\"name\":\"KORLUBE ATF MULTI-VEHICLE FULLY SYNTHETIC | Lubrimas.pe | Tienda Online\",\"isPartOf\":{\"@id\":\"https:\\\/\\\/lubrimas.pe\\\/tienda\\\/#website\"},\"primaryImageOfPage\":{\"@id\":\"https:\\\/\\\/lubrimas.pe\\\/tienda\\\/aceite-de-caja\\\/korlube-atf-multi-vehicle-fully-synthetic\\\/#primaryimage\"},\"image\":{\"@id\":\"https:\\\/\\\/lubrimas.pe\\\/tienda\\\/aceite-de-caja\\\/korlube-atf-multi-vehicle-fully-synthetic\\\/#primaryimage\"},\"thumbnailUrl\":\"https:\\\/\\\/lubrimas.pe\\\/tienda\\\/wp-content\\\/uploads\\\/sites\\\/3\\\/2022\\\/03\\\/lubrimaspe_lubrimaspe_lubrimasperu-aceite-de-transmision-automatica-multivehiculo-korlube-multivehicle-atf-botella-1l-losolivos-lima-peru.webp\",\"datePublished\":\"2022-03-09T21:12:10+00:00\",\"dateModified\":\"2025-08-18T19:11:43+00:00\",\"description\":\"KORLUBE\u00aeATF MULTI-VEHICLE es un fluido ATF totalmente sint\u00e9tico, formulado especialmente para brindar un excelente rendimiento y protecci\u00f3n.\",\"breadcrumb\":{\"@id\":\"https:\\\/\\\/lubrimas.pe\\\/tienda\\\/aceite-de-caja\\\/korlube-atf-multi-vehicle-fully-synthetic\\\/#breadcrumb\"},\"inLanguage\":\"es\",\"potentialAction\":[{\"@type\":\"ReadAction\",\"target\":[\"https:\\\/\\\/lubrimas.pe\\\/tienda\\\/aceite-de-caja\\\/korlube-atf-multi-vehicle-fully-synthetic\\\/\"]}]},{\"@type\":\"ImageObject\",\"inLanguage\":\"es\",\"@id\":\"https:\\\/\\\/lubrimas.pe\\\/tienda\\\/aceite-de-caja\\\/korlube-atf-multi-vehicle-fully-synthetic\\\/#primaryimage\",\"url\":\"https:\\\/\\\/lubrimas.pe\\\/tienda\\\/wp-content\\\/uploads\\\/sites\\\/3\\\/2022\\\/03\\\/lubrimaspe_lubrimaspe_lubrimasperu-aceite-de-transmision-automatica-multivehiculo-korlube-multivehicle-atf-botella-1l-losolivos-lima-peru.webp\",\"contentUrl\":\"https:\\\/\\\/lubrimas.pe\\\/tienda\\\/wp-content\\\/uploads\\\/sites\\\/3\\\/2022\\\/03\\\/lubrimaspe_lubrimaspe_lubrimasperu-aceite-de-transmision-automatica-multivehiculo-korlube-multivehicle-atf-botella-1l-losolivos-lima-peru.webp\",\"width\":850,\"height\":1000},{\"@type\":\"BreadcrumbList\",\"@id\":\"https:\\\/\\\/lubrimas.pe\\\/tienda\\\/aceite-de-caja\\\/korlube-atf-multi-vehicle-fully-synthetic\\\/#breadcrumb\",\"itemListElement\":[{\"@type\":\"ListItem\",\"position\":1,\"name\":\"Portada\",\"item\":\"https:\\\/\\\/lubrimas.pe\\\/tienda\\\/\"},{\"@type\":\"ListItem\",\"position\":2,\"name\":\"Cat\u00e1logo\",\"item\":\"https:\\\/\\\/lubrimas.pe\\\/tienda\\\/productos\\\/\"},{\"@type\":\"ListItem\",\"position\":3,\"name\":\"KORLUBE ATF MULTI-VEHICLE FULLY SYNTHETIC\"}]},{\"@type\":\"WebSite\",\"@id\":\"https:\\\/\\\/lubrimas.pe\\\/tienda\\\/#website\",\"url\":\"https:\\\/\\\/lubrimas.pe\\\/tienda\\\/\",\"name\":\"Lubrimas.pe | Tienda Online\",\"description\":\"Tus lubricantes favoritos al mejor precio!\",\"publisher\":{\"@id\":\"https:\\\/\\\/lubrimas.pe\\\/tienda\\\/#organization\"},\"potentialAction\":[{\"@type\":\"SearchAction\",\"target\":{\"@type\":\"EntryPoint\",\"urlTemplate\":\"https:\\\/\\\/lubrimas.pe\\\/tienda\\\/?s={search_term_string}\"},\"query-input\":{\"@type\":\"PropertyValueSpecification\",\"valueRequired\":true,\"valueName\":\"search_term_string\"}}],\"inLanguage\":\"es\"},{\"@type\":\"Organization\",\"@id\":\"https:\\\/\\\/lubrimas.pe\\\/tienda\\\/#organization\",\"name\":\"Lubrimas.pe\",\"url\":\"https:\\\/\\\/lubrimas.pe\\\/tienda\\\/\",\"logo\":{\"@type\":\"ImageObject\",\"inLanguage\":\"es\",\"@id\":\"https:\\\/\\\/lubrimas.pe\\\/tienda\\\/#\\\/schema\\\/logo\\\/image\\\/\",\"url\":\"https:\\\/\\\/lubrimas.pe\\\/tienda\\\/wp-content\\\/uploads\\\/sites\\\/3\\\/2022\\\/07\\\/BANNERS-PROMO-CYBER-WOW-LUBRIMASPE-2022-07.webp\",\"contentUrl\":\"https:\\\/\\\/lubrimas.pe\\\/tienda\\\/wp-content\\\/uploads\\\/sites\\\/3\\\/2022\\\/07\\\/BANNERS-PROMO-CYBER-WOW-LUBRIMASPE-2022-07.webp\",\"width\":500,\"height\":752,\"caption\":\"Lubrimas.pe\"},\"image\":{\"@id\":\"https:\\\/\\\/lubrimas.pe\\\/tienda\\\/#\\\/schema\\\/logo\\\/image\\\/\"}}]}<\/script>\n<!-- \/ Yoast SEO plugin. -->","yoast_head_json":{"title":"KORLUBE ATF MULTI-VEHICLE FULLY SYNTHETIC | Lubrimas.pe | Tienda Online","description":"KORLUBE\u00aeATF MULTI-VEHICLE es un fluido ATF totalmente sint\u00e9tico, formulado especialmente para brindar un excelente rendimiento y protecci\u00f3n.","robots":{"index":"index","follow":"follow","max-snippet":"max-snippet:-1","max-image-preview":"max-image-preview:large","max-video-preview":"max-video-preview:-1"},"canonical":"https:\/\/lubrimas.pe\/tienda\/aceite-de-caja\/korlube-atf-multi-vehicle-fully-synthetic\/","og_locale":"es_ES","og_type":"article","og_title":"KORLUBE ATF MULTI-VEHICLE FULLY SYNTHETIC | Lubrimas.pe | Tienda Online","og_description":"KORLUBE\u00aeATF MULTI-VEHICLE es un fluido ATF totalmente sint\u00e9tico, formulado especialmente para brindar un excelente rendimiento y protecci\u00f3n.","og_url":"https:\/\/lubrimas.pe\/tienda\/aceite-de-caja\/korlube-atf-multi-vehicle-fully-synthetic\/","og_site_name":"Lubrimas.pe | Tienda Online","article_modified_time":"2025-08-18T19:11:43+00:00","og_image":[{"width":850,"height":1000,"url":"https:\/\/lubrimas.pe\/tienda\/wp-content\/uploads\/sites\/3\/2022\/03\/lubrimaspe_lubrimaspe_lubrimasperu-aceite-de-transmision-automatica-multivehiculo-korlube-multivehicle-atf-botella-1l-losolivos-lima-peru.webp","type":"image\/webp"}],"twitter_card":"summary_large_image","twitter_misc":{"Tiempo de lectura":"1 minuto"},"schema":{"@context":"https:\/\/schema.org","@graph":[{"@type":["WebPage","ItemPage"],"@id":"https:\/\/lubrimas.pe\/tienda\/aceite-de-caja\/korlube-atf-multi-vehicle-fully-synthetic\/","url":"https:\/\/lubrimas.pe\/tienda\/aceite-de-caja\/korlube-atf-multi-vehicle-fully-synthetic\/","name":"KORLUBE ATF MULTI-VEHICLE FULLY SYNTHETIC | Lubrimas.pe | Tienda Online","isPartOf":{"@id":"https:\/\/lubrimas.pe\/tienda\/#website"},"primaryImageOfPage":{"@id":"https:\/\/lubrimas.pe\/tienda\/aceite-de-caja\/korlube-atf-multi-vehicle-fully-synthetic\/#primaryimage"},"image":{"@id":"https:\/\/lubrimas.pe\/tienda\/aceite-de-caja\/korlube-atf-multi-vehicle-fully-synthetic\/#primaryimage"},"thumbnailUrl":"https:\/\/lubrimas.pe\/tienda\/wp-content\/uploads\/sites\/3\/2022\/03\/lubrimaspe_lubrimaspe_lubrimasperu-aceite-de-transmision-automatica-multivehiculo-korlube-multivehicle-atf-botella-1l-losolivos-lima-peru.webp","datePublished":"2022-03-09T21:12:10+00:00","dateModified":"2025-08-18T19:11:43+00:00","description":"KORLUBE\u00aeATF MULTI-VEHICLE es un fluido ATF totalmente sint\u00e9tico, formulado especialmente para brindar un excelente rendimiento y protecci\u00f3n.","breadcrumb":{"@id":"https:\/\/lubrimas.pe\/tienda\/aceite-de-caja\/korlube-atf-multi-vehicle-fully-synthetic\/#breadcrumb"},"inLanguage":"es","potentialAction":[{"@type":"ReadAction","target":["https:\/\/lubrimas.pe\/tienda\/aceite-de-caja\/korlube-atf-multi-vehicle-fully-synthetic\/"]}]},{"@type":"ImageObject","inLanguage":"es","@id":"https:\/\/lubrimas.pe\/tienda\/aceite-de-caja\/korlube-atf-multi-vehicle-fully-synthetic\/#primaryimage","url":"https:\/\/lubrimas.pe\/tienda\/wp-content\/uploads\/sites\/3\/2022\/03\/lubrimaspe_lubrimaspe_lubrimasperu-aceite-de-transmision-automatica-multivehiculo-korlube-multivehicle-atf-botella-1l-losolivos-lima-peru.webp","contentUrl":"https:\/\/lubrimas.pe\/tienda\/wp-content\/uploads\/sites\/3\/2022\/03\/lubrimaspe_lubrimaspe_lubrimasperu-aceite-de-transmision-automatica-multivehiculo-korlube-multivehicle-atf-botella-1l-losolivos-lima-peru.webp","width":850,"height":1000},{"@type":"BreadcrumbList","@id":"https:\/\/lubrimas.pe\/tienda\/aceite-de-caja\/korlube-atf-multi-vehicle-fully-synthetic\/#breadcrumb","itemListElement":[{"@type":"ListItem","position":1,"name":"Portada","item":"https:\/\/lubrimas.pe\/tienda\/"},{"@type":"ListItem","position":2,"name":"Cat\u00e1logo","item":"https:\/\/lubrimas.pe\/tienda\/productos\/"},{"@type":"ListItem","position":3,"name":"KORLUBE ATF MULTI-VEHICLE FULLY SYNTHETIC"}]},{"@type":"WebSite","@id":"https:\/\/lubrimas.pe\/tienda\/#website","url":"https:\/\/lubrimas.pe\/tienda\/","name":"Lubrimas.pe | Tienda Online","description":"Tus lubricantes favoritos al mejor precio!","publisher":{"@id":"https:\/\/lubrimas.pe\/tienda\/#organization"},"potentialAction":[{"@type":"SearchAction","target":{"@type":"EntryPoint","urlTemplate":"https:\/\/lubrimas.pe\/tienda\/?s={search_term_string}"},"query-input":{"@type":"PropertyValueSpecification","valueRequired":true,"valueName":"search_term_string"}}],"inLanguage":"es"},{"@type":"Organization","@id":"https:\/\/lubrimas.pe\/tienda\/#organization","name":"Lubrimas.pe","url":"https:\/\/lubrimas.pe\/tienda\/","logo":{"@type":"ImageObject","inLanguage":"es","@id":"https:\/\/lubrimas.pe\/tienda\/#\/schema\/logo\/image\/","url":"https:\/\/lubrimas.pe\/tienda\/wp-content\/uploads\/sites\/3\/2022\/07\/BANNERS-PROMO-CYBER-WOW-LUBRIMASPE-2022-07.webp","contentUrl":"https:\/\/lubrimas.pe\/tienda\/wp-content\/uploads\/sites\/3\/2022\/07\/BANNERS-PROMO-CYBER-WOW-LUBRIMASPE-2022-07.webp","width":500,"height":752,"caption":"Lubrimas.pe"},"image":{"@id":"https:\/\/lubrimas.pe\/tienda\/#\/schema\/logo\/image\/"}}]}},"_links":{"self":[{"href":"https:\/\/lubrimas.pe\/tienda\/wp-json\/wp\/v2\/product\/11794","targetHints":{"allow":["GET"]}}],"collection":[{"href":"https:\/\/lubrimas.pe\/tienda\/wp-json\/wp\/v2\/product"}],"about":[{"href":"https:\/\/lubrimas.pe\/tienda\/wp-json\/wp\/v2\/types\/product"}],"wp:featuredmedia":[{"embeddable":true,"href":"https:\/\/lubrimas.pe\/tienda\/wp-json\/wp\/v2\/media\/11777"}],"wp:attachment":[{"href":"https:\/\/lubrimas.pe\/tienda\/wp-json\/wp\/v2\/media?parent=11794"}],"wp:term":[{"taxonomy":"product_brand","embeddable":true,"href":"https:\/\/lubrimas.pe\/tienda\/wp-json\/wp\/v2\/product_brand?post=11794"},{"taxonomy":"product_cat","embeddable":true,"href":"https:\/\/lubrimas.pe\/tienda\/wp-json\/wp\/v2\/product_cat?post=11794"},{"taxonomy":"product_tag","embeddable":true,"href":"https:\/\/lubrimas.pe\/tienda\/wp-json\/wp\/v2\/product_tag?post=11794"}],"curies":[{"name":"wp","href":"https:\/\/api.w.org\/{rel}","templated":true}]}}