{"id":11800,"date":"2022-03-09T16:12:09","date_gmt":"2022-03-09T21:12:09","guid":{"rendered":"https:\/\/lubrimas.pe\/tienda\/?post_type=product&#038;p=11800"},"modified":"2025-08-18T14:10:27","modified_gmt":"2025-08-18T19:10:27","slug":"kixx-geartec-75w-85-gl-4","status":"publish","type":"product","link":"https:\/\/lubrimas.pe\/tienda\/aceite-de-caja\/kixx-geartec-75w-85-gl-4\/","title":{"rendered":"KIXX GEARTEC 75W85 GL-4"},"content":{"rendered":"<p>KIXX GEARTEC 75W85 GL-4 es un lubricante para engranajes de alto ren-dimiento adecuado para transejes de veh\u00edculos FF(delantera del motor y delantera de tracci\u00f3n). Especialmente para transejes de veh\u00edculos FF que necesitan un lubricante de engranajes de alta calidad, que proporcione resistencia a la oxidaci\u00f3n bajo condi-ciones de temperatura extremadamente alta, as\u00ed como una ex-celente estabilidad al cizallamiento.<\/p>\n<div class=\"nv-text-component nv-component section\" data-component-name=\"text\" data-component-container=\"true\">\n<div class=\"nr-component nr-adaptive-image aem-GridColumn aem-GridColumn--default--12\" data-component-name=\"adaptiveimage\">\n<div class=\"nr-row\">\n<div class=\"nr-adaptive-image__wrapper nr-lazy-size__wrapper false\" data-is-fullscreen=\"false\" data-is-description=\"false\">\n<p>&nbsp;<\/p>\n<\/div>\n<\/div>\n<\/div>\n<h4>INFORMACION T\u00c9CNICA<\/h4>\n<\/div>\n<div class=\"nv-text-component nv-component section\" data-component-name=\"text\" data-component-container=\"true\">\n<ul>\n<li class=\"nv-text \"><a href=\"https:\/\/lubrimas.pe\/taller\/wp-content\/uploads\/sites\/4\/2022\/04\/KIXX-GEARTEC-FF-75W85-ACEITE-DE-TRANSMISION-MECANICA-FICHA-TECNICA-LUBRIMAS-PE-LOS-OLIVOS-LIMA-PERU.pdf\">Ficha T\u00e9cnica (PDF)<\/a><\/li>\n<li><a href=\"https:\/\/kixx.cl\/\">Informaci\u00f3n Oficial ( Portal KIXX )<\/a><\/li>\n<\/ul>\n<\/div>\n","protected":false},"excerpt":{"rendered":"<p>KIXX GEARTEC 75W85 GL-4 es un lubricante para engranajes de alto ren-dimiento adecuado para transejes de veh\u00edculos FF(delantera del motor y delantera de tracci\u00f3n). Especialmente para transejes de veh\u00edculos FF<\/p>\n","protected":false},"featured_media":11780,"template":"","meta":[],"product_brand":[],"product_cat":[27,28],"product_tag":[],"class_list":{"0":"post-11800","1":"product","2":"type-product","3":"status-publish","4":"has-post-thumbnail","6":"product_cat-aceite-de-caja","7":"product_cat-caja-manual-mecanica","8":"pa_engranaje-gl-4","9":"pa_grado-75w85","10":"pa_marca-kixx","12":"first","13":"outofstock","14":"sale","15":"shipping-taxable","16":"purchasable","17":"product-type-variable","18":"has-default-attributes"},"yoast_head":"<!-- This site is optimized with the Yoast SEO plugin v27.1.1 - https:\/\/yoast.com\/product\/yoast-seo-wordpress\/ -->\n<title>KIXX GEARTEC 75W85 GL-4 | Lubrimas.pe | Tienda Online<\/title>\n<meta name=\"description\" content=\"KIXX GEARTEC 75W-85 GL-4 est\u00e1 elaborado con aceites y aditivos que proporcionan resistencia al desgaste, estabilidad a la oxidaci\u00f3n y anti-corrosi\u00f3n.\" \/>\n<meta name=\"robots\" content=\"index, follow, max-snippet:-1, max-image-preview:large, max-video-preview:-1\" \/>\n<link rel=\"canonical\" href=\"https:\/\/lubrimas.pe\/tienda\/aceite-de-caja\/kixx-geartec-75w-85-gl-4\/\" \/>\n<meta property=\"og:locale\" content=\"es_ES\" \/>\n<meta property=\"og:type\" content=\"article\" \/>\n<meta property=\"og:title\" content=\"KIXX GEARTEC 75W85 GL-4 | Lubrimas.pe | Tienda Online\" \/>\n<meta property=\"og:description\" content=\"KIXX GEARTEC 75W-85 GL-4 est\u00e1 elaborado con aceites y aditivos que proporcionan resistencia al desgaste, estabilidad a la oxidaci\u00f3n y anti-corrosi\u00f3n.\" \/>\n<meta property=\"og:url\" content=\"https:\/\/lubrimas.pe\/tienda\/aceite-de-caja\/kixx-geartec-75w-85-gl-4\/\" \/>\n<meta property=\"og:site_name\" content=\"Lubrimas.pe | Tienda Online\" \/>\n<meta property=\"article:modified_time\" content=\"2025-08-18T19:10:27+00:00\" \/>\n<meta property=\"og:image\" content=\"https:\/\/lubrimas.pe\/tienda\/wp-content\/uploads\/sites\/3\/2022\/03\/lubrimaspe_lubrimaspe_lubrimasperu-aceite-de-transmision-mecanica-gl-4-75w85-kixx-geartec-botella-1l-losolivos-lima-peru.webp\" \/>\n\t<meta property=\"og:image:width\" content=\"850\" \/>\n\t<meta property=\"og:image:height\" content=\"1000\" \/>\n\t<meta property=\"og:image:type\" content=\"image\/webp\" \/>\n<meta name=\"twitter:card\" content=\"summary_large_image\" \/>\n<meta name=\"twitter:label1\" content=\"Tiempo de lectura\" \/>\n\t<meta name=\"twitter:data1\" content=\"1 minuto\" \/>\n<script type=\"application\/ld+json\" class=\"yoast-schema-graph\">{\"@context\":\"https:\/\/schema.org\",\"@graph\":[{\"@type\":[\"WebPage\",\"ItemPage\"],\"@id\":\"https:\/\/lubrimas.pe\/tienda\/aceite-de-caja\/kixx-geartec-75w-85-gl-4\/\",\"url\":\"https:\/\/lubrimas.pe\/tienda\/aceite-de-caja\/kixx-geartec-75w-85-gl-4\/\",\"name\":\"KIXX GEARTEC 75W85 GL-4 | Lubrimas.pe | Tienda Online\",\"isPartOf\":{\"@id\":\"https:\/\/lubrimas.pe\/tienda\/#website\"},\"primaryImageOfPage\":{\"@id\":\"https:\/\/lubrimas.pe\/tienda\/aceite-de-caja\/kixx-geartec-75w-85-gl-4\/#primaryimage\"},\"image\":{\"@id\":\"https:\/\/lubrimas.pe\/tienda\/aceite-de-caja\/kixx-geartec-75w-85-gl-4\/#primaryimage\"},\"thumbnailUrl\":\"https:\/\/lubrimas.pe\/tienda\/wp-content\/uploads\/sites\/3\/2022\/03\/lubrimaspe_lubrimaspe_lubrimasperu-aceite-de-transmision-mecanica-gl-4-75w85-kixx-geartec-botella-1l-losolivos-lima-peru.webp\",\"datePublished\":\"2022-03-09T21:12:09+00:00\",\"dateModified\":\"2025-08-18T19:10:27+00:00\",\"description\":\"KIXX GEARTEC 75W-85 GL-4 est\u00e1 elaborado con aceites y aditivos que proporcionan resistencia al desgaste, estabilidad a la oxidaci\u00f3n y anti-corrosi\u00f3n.\",\"breadcrumb\":{\"@id\":\"https:\/\/lubrimas.pe\/tienda\/aceite-de-caja\/kixx-geartec-75w-85-gl-4\/#breadcrumb\"},\"inLanguage\":\"es\",\"potentialAction\":[{\"@type\":\"ReadAction\",\"target\":[\"https:\/\/lubrimas.pe\/tienda\/aceite-de-caja\/kixx-geartec-75w-85-gl-4\/\"]}]},{\"@type\":\"ImageObject\",\"inLanguage\":\"es\",\"@id\":\"https:\/\/lubrimas.pe\/tienda\/aceite-de-caja\/kixx-geartec-75w-85-gl-4\/#primaryimage\",\"url\":\"https:\/\/lubrimas.pe\/tienda\/wp-content\/uploads\/sites\/3\/2022\/03\/lubrimaspe_lubrimaspe_lubrimasperu-aceite-de-transmision-mecanica-gl-4-75w85-kixx-geartec-botella-1l-losolivos-lima-peru.webp\",\"contentUrl\":\"https:\/\/lubrimas.pe\/tienda\/wp-content\/uploads\/sites\/3\/2022\/03\/lubrimaspe_lubrimaspe_lubrimasperu-aceite-de-transmision-mecanica-gl-4-75w85-kixx-geartec-botella-1l-losolivos-lima-peru.webp\",\"width\":850,\"height\":1000},{\"@type\":\"BreadcrumbList\",\"@id\":\"https:\/\/lubrimas.pe\/tienda\/aceite-de-caja\/kixx-geartec-75w-85-gl-4\/#breadcrumb\",\"itemListElement\":[{\"@type\":\"ListItem\",\"position\":1,\"name\":\"Portada\",\"item\":\"https:\/\/lubrimas.pe\/tienda\/\"},{\"@type\":\"ListItem\",\"position\":2,\"name\":\"Cat\u00e1logo\",\"item\":\"https:\/\/lubrimas.pe\/tienda\/productos\/\"},{\"@type\":\"ListItem\",\"position\":3,\"name\":\"KIXX GEARTEC 75W85 GL-4\"}]},{\"@type\":\"WebSite\",\"@id\":\"https:\/\/lubrimas.pe\/tienda\/#website\",\"url\":\"https:\/\/lubrimas.pe\/tienda\/\",\"name\":\"Lubrimas.pe | Tienda Online\",\"description\":\"Tus lubricantes favoritos al mejor precio!\",\"publisher\":{\"@id\":\"https:\/\/lubrimas.pe\/tienda\/#organization\"},\"potentialAction\":[{\"@type\":\"SearchAction\",\"target\":{\"@type\":\"EntryPoint\",\"urlTemplate\":\"https:\/\/lubrimas.pe\/tienda\/?s={search_term_string}\"},\"query-input\":{\"@type\":\"PropertyValueSpecification\",\"valueRequired\":true,\"valueName\":\"search_term_string\"}}],\"inLanguage\":\"es\"},{\"@type\":\"Organization\",\"@id\":\"https:\/\/lubrimas.pe\/tienda\/#organization\",\"name\":\"Lubrimas.pe\",\"url\":\"https:\/\/lubrimas.pe\/tienda\/\",\"logo\":{\"@type\":\"ImageObject\",\"inLanguage\":\"es\",\"@id\":\"https:\/\/lubrimas.pe\/tienda\/#\/schema\/logo\/image\/\",\"url\":\"https:\/\/lubrimas.pe\/tienda\/wp-content\/uploads\/sites\/3\/2022\/07\/BANNERS-PROMO-CYBER-WOW-LUBRIMASPE-2022-07.webp\",\"contentUrl\":\"https:\/\/lubrimas.pe\/tienda\/wp-content\/uploads\/sites\/3\/2022\/07\/BANNERS-PROMO-CYBER-WOW-LUBRIMASPE-2022-07.webp\",\"width\":500,\"height\":752,\"caption\":\"Lubrimas.pe\"},\"image\":{\"@id\":\"https:\/\/lubrimas.pe\/tienda\/#\/schema\/logo\/image\/\"}}]}<\/script>\n<!-- \/ Yoast SEO plugin. -->","yoast_head_json":{"title":"KIXX GEARTEC 75W85 GL-4 | Lubrimas.pe | Tienda Online","description":"KIXX GEARTEC 75W-85 GL-4 est\u00e1 elaborado con aceites y aditivos que proporcionan resistencia al desgaste, estabilidad a la oxidaci\u00f3n y anti-corrosi\u00f3n.","robots":{"index":"index","follow":"follow","max-snippet":"max-snippet:-1","max-image-preview":"max-image-preview:large","max-video-preview":"max-video-preview:-1"},"canonical":"https:\/\/lubrimas.pe\/tienda\/aceite-de-caja\/kixx-geartec-75w-85-gl-4\/","og_locale":"es_ES","og_type":"article","og_title":"KIXX GEARTEC 75W85 GL-4 | Lubrimas.pe | Tienda Online","og_description":"KIXX GEARTEC 75W-85 GL-4 est\u00e1 elaborado con aceites y aditivos que proporcionan resistencia al desgaste, estabilidad a la oxidaci\u00f3n y anti-corrosi\u00f3n.","og_url":"https:\/\/lubrimas.pe\/tienda\/aceite-de-caja\/kixx-geartec-75w-85-gl-4\/","og_site_name":"Lubrimas.pe | Tienda Online","article_modified_time":"2025-08-18T19:10:27+00:00","og_image":[{"width":850,"height":1000,"url":"https:\/\/lubrimas.pe\/tienda\/wp-content\/uploads\/sites\/3\/2022\/03\/lubrimaspe_lubrimaspe_lubrimasperu-aceite-de-transmision-mecanica-gl-4-75w85-kixx-geartec-botella-1l-losolivos-lima-peru.webp","type":"image\/webp"}],"twitter_card":"summary_large_image","twitter_misc":{"Tiempo de lectura":"1 minuto"},"schema":{"@context":"https:\/\/schema.org","@graph":[{"@type":["WebPage","ItemPage"],"@id":"https:\/\/lubrimas.pe\/tienda\/aceite-de-caja\/kixx-geartec-75w-85-gl-4\/","url":"https:\/\/lubrimas.pe\/tienda\/aceite-de-caja\/kixx-geartec-75w-85-gl-4\/","name":"KIXX GEARTEC 75W85 GL-4 | Lubrimas.pe | Tienda Online","isPartOf":{"@id":"https:\/\/lubrimas.pe\/tienda\/#website"},"primaryImageOfPage":{"@id":"https:\/\/lubrimas.pe\/tienda\/aceite-de-caja\/kixx-geartec-75w-85-gl-4\/#primaryimage"},"image":{"@id":"https:\/\/lubrimas.pe\/tienda\/aceite-de-caja\/kixx-geartec-75w-85-gl-4\/#primaryimage"},"thumbnailUrl":"https:\/\/lubrimas.pe\/tienda\/wp-content\/uploads\/sites\/3\/2022\/03\/lubrimaspe_lubrimaspe_lubrimasperu-aceite-de-transmision-mecanica-gl-4-75w85-kixx-geartec-botella-1l-losolivos-lima-peru.webp","datePublished":"2022-03-09T21:12:09+00:00","dateModified":"2025-08-18T19:10:27+00:00","description":"KIXX GEARTEC 75W-85 GL-4 est\u00e1 elaborado con aceites y aditivos que proporcionan resistencia al desgaste, estabilidad a la oxidaci\u00f3n y anti-corrosi\u00f3n.","breadcrumb":{"@id":"https:\/\/lubrimas.pe\/tienda\/aceite-de-caja\/kixx-geartec-75w-85-gl-4\/#breadcrumb"},"inLanguage":"es","potentialAction":[{"@type":"ReadAction","target":["https:\/\/lubrimas.pe\/tienda\/aceite-de-caja\/kixx-geartec-75w-85-gl-4\/"]}]},{"@type":"ImageObject","inLanguage":"es","@id":"https:\/\/lubrimas.pe\/tienda\/aceite-de-caja\/kixx-geartec-75w-85-gl-4\/#primaryimage","url":"https:\/\/lubrimas.pe\/tienda\/wp-content\/uploads\/sites\/3\/2022\/03\/lubrimaspe_lubrimaspe_lubrimasperu-aceite-de-transmision-mecanica-gl-4-75w85-kixx-geartec-botella-1l-losolivos-lima-peru.webp","contentUrl":"https:\/\/lubrimas.pe\/tienda\/wp-content\/uploads\/sites\/3\/2022\/03\/lubrimaspe_lubrimaspe_lubrimasperu-aceite-de-transmision-mecanica-gl-4-75w85-kixx-geartec-botella-1l-losolivos-lima-peru.webp","width":850,"height":1000},{"@type":"BreadcrumbList","@id":"https:\/\/lubrimas.pe\/tienda\/aceite-de-caja\/kixx-geartec-75w-85-gl-4\/#breadcrumb","itemListElement":[{"@type":"ListItem","position":1,"name":"Portada","item":"https:\/\/lubrimas.pe\/tienda\/"},{"@type":"ListItem","position":2,"name":"Cat\u00e1logo","item":"https:\/\/lubrimas.pe\/tienda\/productos\/"},{"@type":"ListItem","position":3,"name":"KIXX GEARTEC 75W85 GL-4"}]},{"@type":"WebSite","@id":"https:\/\/lubrimas.pe\/tienda\/#website","url":"https:\/\/lubrimas.pe\/tienda\/","name":"Lubrimas.pe | Tienda Online","description":"Tus lubricantes favoritos al mejor precio!","publisher":{"@id":"https:\/\/lubrimas.pe\/tienda\/#organization"},"potentialAction":[{"@type":"SearchAction","target":{"@type":"EntryPoint","urlTemplate":"https:\/\/lubrimas.pe\/tienda\/?s={search_term_string}"},"query-input":{"@type":"PropertyValueSpecification","valueRequired":true,"valueName":"search_term_string"}}],"inLanguage":"es"},{"@type":"Organization","@id":"https:\/\/lubrimas.pe\/tienda\/#organization","name":"Lubrimas.pe","url":"https:\/\/lubrimas.pe\/tienda\/","logo":{"@type":"ImageObject","inLanguage":"es","@id":"https:\/\/lubrimas.pe\/tienda\/#\/schema\/logo\/image\/","url":"https:\/\/lubrimas.pe\/tienda\/wp-content\/uploads\/sites\/3\/2022\/07\/BANNERS-PROMO-CYBER-WOW-LUBRIMASPE-2022-07.webp","contentUrl":"https:\/\/lubrimas.pe\/tienda\/wp-content\/uploads\/sites\/3\/2022\/07\/BANNERS-PROMO-CYBER-WOW-LUBRIMASPE-2022-07.webp","width":500,"height":752,"caption":"Lubrimas.pe"},"image":{"@id":"https:\/\/lubrimas.pe\/tienda\/#\/schema\/logo\/image\/"}}]}},"_links":{"self":[{"href":"https:\/\/lubrimas.pe\/tienda\/wp-json\/wp\/v2\/product\/11800","targetHints":{"allow":["GET"]}}],"collection":[{"href":"https:\/\/lubrimas.pe\/tienda\/wp-json\/wp\/v2\/product"}],"about":[{"href":"https:\/\/lubrimas.pe\/tienda\/wp-json\/wp\/v2\/types\/product"}],"wp:featuredmedia":[{"embeddable":true,"href":"https:\/\/lubrimas.pe\/tienda\/wp-json\/wp\/v2\/media\/11780"}],"wp:attachment":[{"href":"https:\/\/lubrimas.pe\/tienda\/wp-json\/wp\/v2\/media?parent=11800"}],"wp:term":[{"taxonomy":"product_brand","embeddable":true,"href":"https:\/\/lubrimas.pe\/tienda\/wp-json\/wp\/v2\/product_brand?post=11800"},{"taxonomy":"product_cat","embeddable":true,"href":"https:\/\/lubrimas.pe\/tienda\/wp-json\/wp\/v2\/product_cat?post=11800"},{"taxonomy":"product_tag","embeddable":true,"href":"https:\/\/lubrimas.pe\/tienda\/wp-json\/wp\/v2\/product_tag?post=11800"}],"curies":[{"name":"wp","href":"https:\/\/api.w.org\/{rel}","templated":true}]}}