{"id":11804,"date":"2022-03-09T16:12:08","date_gmt":"2022-03-09T21:12:08","guid":{"rendered":"https:\/\/lubrimas.pe\/tienda\/?post_type=product&#038;p=11804"},"modified":"2022-10-17T11:20:06","modified_gmt":"2022-10-17T16:20:06","slug":"amalie-hypoid-gear-multipurpose-gl-5-sae-80w90","status":"publish","type":"product","link":"https:\/\/lubrimas.pe\/tienda\/aceite-de-caja\/amalie-hypoid-gear-multipurpose-gl-5-sae-80w90\/","title":{"rendered":"AMALIE HYPOID GEAR MULTIPURPOSE GL-5 SAE 80W90"},"content":{"rendered":"<p>AMALIE HYPOID GEAR MULTIPURPOSE GL-5 SAE 80W90, es el sistema m\u00e1s competitivo por rendimiento usado en la industria. Satisface las necesidades b\u00e1sicas de rendimiento de ejes traseros de varios fabricantes de mandos finales. Si usted est\u00e1 buscando un producto de m\u00ednimos y m\u00e1ximos, lo ha encontrado. M\u00e1xima protecci\u00f3n en un aceite de engranajes al costo m\u00ednimo.<\/p>\n","protected":false},"excerpt":{"rendered":"<p>AMALIE HYPOID GEAR MULTIPURPOSE GL-5 SAE 80W90, es el sistema m\u00e1s competitivo por rendimiento usado en la industria. Satisface las necesidades b\u00e1sicas de rendimiento de ejes traseros de varios fabricantes<\/p>\n","protected":false},"featured_media":11782,"template":"","meta":[],"product_brand":[],"product_cat":[27,28],"product_tag":[],"class_list":{"0":"post-11804","1":"product","2":"type-product","3":"status-publish","4":"has-post-thumbnail","6":"product_cat-aceite-de-caja","7":"product_cat-caja-manual-mecanica","8":"pa_engranaje-gl-4","9":"pa_grado-80w90","10":"pa_marca-amalie","12":"first","13":"outofstock","14":"sale","15":"shipping-taxable","16":"purchasable","17":"product-type-variable","18":"has-default-attributes"},"yoast_head":"<!-- This site is optimized with the Yoast SEO plugin v27.4 - https:\/\/yoast.com\/product\/yoast-seo-wordpress\/ -->\n<title>AMALIE HYPOID GEAR MULTIPURPOSE GL-5 SAE 80W90 | Lubrimas.pe | Tienda Online<\/title>\n<meta name=\"description\" content=\"AMALIE HYPOID GEAR GL-5 SAE 80W90. Satisface las necesidades b\u00e1sicas de rendimiento de ejes traseros de varios fabricantes de mandos finales.\" \/>\n<meta name=\"robots\" content=\"index, follow, max-snippet:-1, max-image-preview:large, max-video-preview:-1\" \/>\n<link rel=\"canonical\" href=\"https:\/\/lubrimas.pe\/tienda\/aceite-de-caja\/amalie-hypoid-gear-multipurpose-gl-5-sae-80w90\/\" \/>\n<meta property=\"og:locale\" content=\"es_ES\" \/>\n<meta property=\"og:type\" content=\"article\" \/>\n<meta property=\"og:title\" content=\"AMALIE HYPOID GEAR MULTIPURPOSE GL-5 SAE 80W90 | Lubrimas.pe | Tienda Online\" \/>\n<meta property=\"og:description\" content=\"AMALIE HYPOID GEAR GL-5 SAE 80W90. Satisface las necesidades b\u00e1sicas de rendimiento de ejes traseros de varios fabricantes de mandos finales.\" \/>\n<meta property=\"og:url\" content=\"https:\/\/lubrimas.pe\/tienda\/aceite-de-caja\/amalie-hypoid-gear-multipurpose-gl-5-sae-80w90\/\" \/>\n<meta property=\"og:site_name\" content=\"Lubrimas.pe | Tienda Online\" \/>\n<meta property=\"article:modified_time\" content=\"2022-10-17T16:20:06+00:00\" \/>\n<meta property=\"og:image\" content=\"https:\/\/lubrimas.pe\/tienda\/wp-content\/uploads\/sites\/3\/2022\/03\/lubrimaspe_lubrimaspe_lubrimasperu-aceite-de-transmision-mecanica-gl-5-amalie-hypoid-gear-80w90-botella-1l-losolivos-lima-peru.webp\" \/>\n\t<meta property=\"og:image:width\" content=\"850\" \/>\n\t<meta property=\"og:image:height\" content=\"1000\" \/>\n\t<meta property=\"og:image:type\" content=\"image\/webp\" \/>\n<meta name=\"twitter:card\" content=\"summary_large_image\" \/>\n<script type=\"application\/ld+json\" class=\"yoast-schema-graph\">{\"@context\":\"https:\\\/\\\/schema.org\",\"@graph\":[{\"@type\":[\"WebPage\",\"ItemPage\"],\"@id\":\"https:\\\/\\\/lubrimas.pe\\\/tienda\\\/aceite-de-caja\\\/amalie-hypoid-gear-multipurpose-gl-5-sae-80w90\\\/\",\"url\":\"https:\\\/\\\/lubrimas.pe\\\/tienda\\\/aceite-de-caja\\\/amalie-hypoid-gear-multipurpose-gl-5-sae-80w90\\\/\",\"name\":\"AMALIE HYPOID GEAR MULTIPURPOSE GL-5 SAE 80W90 | Lubrimas.pe | Tienda Online\",\"isPartOf\":{\"@id\":\"https:\\\/\\\/lubrimas.pe\\\/tienda\\\/#website\"},\"primaryImageOfPage\":{\"@id\":\"https:\\\/\\\/lubrimas.pe\\\/tienda\\\/aceite-de-caja\\\/amalie-hypoid-gear-multipurpose-gl-5-sae-80w90\\\/#primaryimage\"},\"image\":{\"@id\":\"https:\\\/\\\/lubrimas.pe\\\/tienda\\\/aceite-de-caja\\\/amalie-hypoid-gear-multipurpose-gl-5-sae-80w90\\\/#primaryimage\"},\"thumbnailUrl\":\"https:\\\/\\\/lubrimas.pe\\\/tienda\\\/wp-content\\\/uploads\\\/sites\\\/3\\\/2022\\\/03\\\/lubrimaspe_lubrimaspe_lubrimasperu-aceite-de-transmision-mecanica-gl-5-amalie-hypoid-gear-80w90-botella-1l-losolivos-lima-peru.webp\",\"datePublished\":\"2022-03-09T21:12:08+00:00\",\"dateModified\":\"2022-10-17T16:20:06+00:00\",\"description\":\"AMALIE HYPOID GEAR GL-5 SAE 80W90. Satisface las necesidades b\u00e1sicas de rendimiento de ejes traseros de varios fabricantes de mandos finales.\",\"breadcrumb\":{\"@id\":\"https:\\\/\\\/lubrimas.pe\\\/tienda\\\/aceite-de-caja\\\/amalie-hypoid-gear-multipurpose-gl-5-sae-80w90\\\/#breadcrumb\"},\"inLanguage\":\"es\",\"potentialAction\":[{\"@type\":\"ReadAction\",\"target\":[\"https:\\\/\\\/lubrimas.pe\\\/tienda\\\/aceite-de-caja\\\/amalie-hypoid-gear-multipurpose-gl-5-sae-80w90\\\/\"]}]},{\"@type\":\"ImageObject\",\"inLanguage\":\"es\",\"@id\":\"https:\\\/\\\/lubrimas.pe\\\/tienda\\\/aceite-de-caja\\\/amalie-hypoid-gear-multipurpose-gl-5-sae-80w90\\\/#primaryimage\",\"url\":\"https:\\\/\\\/lubrimas.pe\\\/tienda\\\/wp-content\\\/uploads\\\/sites\\\/3\\\/2022\\\/03\\\/lubrimaspe_lubrimaspe_lubrimasperu-aceite-de-transmision-mecanica-gl-5-amalie-hypoid-gear-80w90-botella-1l-losolivos-lima-peru.webp\",\"contentUrl\":\"https:\\\/\\\/lubrimas.pe\\\/tienda\\\/wp-content\\\/uploads\\\/sites\\\/3\\\/2022\\\/03\\\/lubrimaspe_lubrimaspe_lubrimasperu-aceite-de-transmision-mecanica-gl-5-amalie-hypoid-gear-80w90-botella-1l-losolivos-lima-peru.webp\",\"width\":850,\"height\":1000},{\"@type\":\"BreadcrumbList\",\"@id\":\"https:\\\/\\\/lubrimas.pe\\\/tienda\\\/aceite-de-caja\\\/amalie-hypoid-gear-multipurpose-gl-5-sae-80w90\\\/#breadcrumb\",\"itemListElement\":[{\"@type\":\"ListItem\",\"position\":1,\"name\":\"Portada\",\"item\":\"https:\\\/\\\/lubrimas.pe\\\/tienda\\\/\"},{\"@type\":\"ListItem\",\"position\":2,\"name\":\"Cat\u00e1logo\",\"item\":\"https:\\\/\\\/lubrimas.pe\\\/tienda\\\/productos\\\/\"},{\"@type\":\"ListItem\",\"position\":3,\"name\":\"AMALIE HYPOID GEAR MULTIPURPOSE GL-5 SAE 80W90\"}]},{\"@type\":\"WebSite\",\"@id\":\"https:\\\/\\\/lubrimas.pe\\\/tienda\\\/#website\",\"url\":\"https:\\\/\\\/lubrimas.pe\\\/tienda\\\/\",\"name\":\"Lubrimas.pe | Tienda Online\",\"description\":\"Tus lubricantes favoritos al mejor precio!\",\"publisher\":{\"@id\":\"https:\\\/\\\/lubrimas.pe\\\/tienda\\\/#organization\"},\"potentialAction\":[{\"@type\":\"SearchAction\",\"target\":{\"@type\":\"EntryPoint\",\"urlTemplate\":\"https:\\\/\\\/lubrimas.pe\\\/tienda\\\/?s={search_term_string}\"},\"query-input\":{\"@type\":\"PropertyValueSpecification\",\"valueRequired\":true,\"valueName\":\"search_term_string\"}}],\"inLanguage\":\"es\"},{\"@type\":\"Organization\",\"@id\":\"https:\\\/\\\/lubrimas.pe\\\/tienda\\\/#organization\",\"name\":\"Lubrimas.pe\",\"url\":\"https:\\\/\\\/lubrimas.pe\\\/tienda\\\/\",\"logo\":{\"@type\":\"ImageObject\",\"inLanguage\":\"es\",\"@id\":\"https:\\\/\\\/lubrimas.pe\\\/tienda\\\/#\\\/schema\\\/logo\\\/image\\\/\",\"url\":\"https:\\\/\\\/lubrimas.pe\\\/tienda\\\/wp-content\\\/uploads\\\/sites\\\/3\\\/2022\\\/07\\\/BANNERS-PROMO-CYBER-WOW-LUBRIMASPE-2022-07.webp\",\"contentUrl\":\"https:\\\/\\\/lubrimas.pe\\\/tienda\\\/wp-content\\\/uploads\\\/sites\\\/3\\\/2022\\\/07\\\/BANNERS-PROMO-CYBER-WOW-LUBRIMASPE-2022-07.webp\",\"width\":500,\"height\":752,\"caption\":\"Lubrimas.pe\"},\"image\":{\"@id\":\"https:\\\/\\\/lubrimas.pe\\\/tienda\\\/#\\\/schema\\\/logo\\\/image\\\/\"}}]}<\/script>\n<!-- \/ Yoast SEO plugin. -->","yoast_head_json":{"title":"AMALIE HYPOID GEAR MULTIPURPOSE GL-5 SAE 80W90 | Lubrimas.pe | Tienda Online","description":"AMALIE HYPOID GEAR GL-5 SAE 80W90. Satisface las necesidades b\u00e1sicas de rendimiento de ejes traseros de varios fabricantes de mandos finales.","robots":{"index":"index","follow":"follow","max-snippet":"max-snippet:-1","max-image-preview":"max-image-preview:large","max-video-preview":"max-video-preview:-1"},"canonical":"https:\/\/lubrimas.pe\/tienda\/aceite-de-caja\/amalie-hypoid-gear-multipurpose-gl-5-sae-80w90\/","og_locale":"es_ES","og_type":"article","og_title":"AMALIE HYPOID GEAR MULTIPURPOSE GL-5 SAE 80W90 | Lubrimas.pe | Tienda Online","og_description":"AMALIE HYPOID GEAR GL-5 SAE 80W90. Satisface las necesidades b\u00e1sicas de rendimiento de ejes traseros de varios fabricantes de mandos finales.","og_url":"https:\/\/lubrimas.pe\/tienda\/aceite-de-caja\/amalie-hypoid-gear-multipurpose-gl-5-sae-80w90\/","og_site_name":"Lubrimas.pe | Tienda Online","article_modified_time":"2022-10-17T16:20:06+00:00","og_image":[{"width":850,"height":1000,"url":"https:\/\/lubrimas.pe\/tienda\/wp-content\/uploads\/sites\/3\/2022\/03\/lubrimaspe_lubrimaspe_lubrimasperu-aceite-de-transmision-mecanica-gl-5-amalie-hypoid-gear-80w90-botella-1l-losolivos-lima-peru.webp","type":"image\/webp"}],"twitter_card":"summary_large_image","schema":{"@context":"https:\/\/schema.org","@graph":[{"@type":["WebPage","ItemPage"],"@id":"https:\/\/lubrimas.pe\/tienda\/aceite-de-caja\/amalie-hypoid-gear-multipurpose-gl-5-sae-80w90\/","url":"https:\/\/lubrimas.pe\/tienda\/aceite-de-caja\/amalie-hypoid-gear-multipurpose-gl-5-sae-80w90\/","name":"AMALIE HYPOID GEAR MULTIPURPOSE GL-5 SAE 80W90 | Lubrimas.pe | Tienda Online","isPartOf":{"@id":"https:\/\/lubrimas.pe\/tienda\/#website"},"primaryImageOfPage":{"@id":"https:\/\/lubrimas.pe\/tienda\/aceite-de-caja\/amalie-hypoid-gear-multipurpose-gl-5-sae-80w90\/#primaryimage"},"image":{"@id":"https:\/\/lubrimas.pe\/tienda\/aceite-de-caja\/amalie-hypoid-gear-multipurpose-gl-5-sae-80w90\/#primaryimage"},"thumbnailUrl":"https:\/\/lubrimas.pe\/tienda\/wp-content\/uploads\/sites\/3\/2022\/03\/lubrimaspe_lubrimaspe_lubrimasperu-aceite-de-transmision-mecanica-gl-5-amalie-hypoid-gear-80w90-botella-1l-losolivos-lima-peru.webp","datePublished":"2022-03-09T21:12:08+00:00","dateModified":"2022-10-17T16:20:06+00:00","description":"AMALIE HYPOID GEAR GL-5 SAE 80W90. Satisface las necesidades b\u00e1sicas de rendimiento de ejes traseros de varios fabricantes de mandos finales.","breadcrumb":{"@id":"https:\/\/lubrimas.pe\/tienda\/aceite-de-caja\/amalie-hypoid-gear-multipurpose-gl-5-sae-80w90\/#breadcrumb"},"inLanguage":"es","potentialAction":[{"@type":"ReadAction","target":["https:\/\/lubrimas.pe\/tienda\/aceite-de-caja\/amalie-hypoid-gear-multipurpose-gl-5-sae-80w90\/"]}]},{"@type":"ImageObject","inLanguage":"es","@id":"https:\/\/lubrimas.pe\/tienda\/aceite-de-caja\/amalie-hypoid-gear-multipurpose-gl-5-sae-80w90\/#primaryimage","url":"https:\/\/lubrimas.pe\/tienda\/wp-content\/uploads\/sites\/3\/2022\/03\/lubrimaspe_lubrimaspe_lubrimasperu-aceite-de-transmision-mecanica-gl-5-amalie-hypoid-gear-80w90-botella-1l-losolivos-lima-peru.webp","contentUrl":"https:\/\/lubrimas.pe\/tienda\/wp-content\/uploads\/sites\/3\/2022\/03\/lubrimaspe_lubrimaspe_lubrimasperu-aceite-de-transmision-mecanica-gl-5-amalie-hypoid-gear-80w90-botella-1l-losolivos-lima-peru.webp","width":850,"height":1000},{"@type":"BreadcrumbList","@id":"https:\/\/lubrimas.pe\/tienda\/aceite-de-caja\/amalie-hypoid-gear-multipurpose-gl-5-sae-80w90\/#breadcrumb","itemListElement":[{"@type":"ListItem","position":1,"name":"Portada","item":"https:\/\/lubrimas.pe\/tienda\/"},{"@type":"ListItem","position":2,"name":"Cat\u00e1logo","item":"https:\/\/lubrimas.pe\/tienda\/productos\/"},{"@type":"ListItem","position":3,"name":"AMALIE HYPOID GEAR MULTIPURPOSE GL-5 SAE 80W90"}]},{"@type":"WebSite","@id":"https:\/\/lubrimas.pe\/tienda\/#website","url":"https:\/\/lubrimas.pe\/tienda\/","name":"Lubrimas.pe | Tienda Online","description":"Tus lubricantes favoritos al mejor precio!","publisher":{"@id":"https:\/\/lubrimas.pe\/tienda\/#organization"},"potentialAction":[{"@type":"SearchAction","target":{"@type":"EntryPoint","urlTemplate":"https:\/\/lubrimas.pe\/tienda\/?s={search_term_string}"},"query-input":{"@type":"PropertyValueSpecification","valueRequired":true,"valueName":"search_term_string"}}],"inLanguage":"es"},{"@type":"Organization","@id":"https:\/\/lubrimas.pe\/tienda\/#organization","name":"Lubrimas.pe","url":"https:\/\/lubrimas.pe\/tienda\/","logo":{"@type":"ImageObject","inLanguage":"es","@id":"https:\/\/lubrimas.pe\/tienda\/#\/schema\/logo\/image\/","url":"https:\/\/lubrimas.pe\/tienda\/wp-content\/uploads\/sites\/3\/2022\/07\/BANNERS-PROMO-CYBER-WOW-LUBRIMASPE-2022-07.webp","contentUrl":"https:\/\/lubrimas.pe\/tienda\/wp-content\/uploads\/sites\/3\/2022\/07\/BANNERS-PROMO-CYBER-WOW-LUBRIMASPE-2022-07.webp","width":500,"height":752,"caption":"Lubrimas.pe"},"image":{"@id":"https:\/\/lubrimas.pe\/tienda\/#\/schema\/logo\/image\/"}}]}},"_links":{"self":[{"href":"https:\/\/lubrimas.pe\/tienda\/wp-json\/wp\/v2\/product\/11804","targetHints":{"allow":["GET"]}}],"collection":[{"href":"https:\/\/lubrimas.pe\/tienda\/wp-json\/wp\/v2\/product"}],"about":[{"href":"https:\/\/lubrimas.pe\/tienda\/wp-json\/wp\/v2\/types\/product"}],"wp:featuredmedia":[{"embeddable":true,"href":"https:\/\/lubrimas.pe\/tienda\/wp-json\/wp\/v2\/media\/11782"}],"wp:attachment":[{"href":"https:\/\/lubrimas.pe\/tienda\/wp-json\/wp\/v2\/media?parent=11804"}],"wp:term":[{"taxonomy":"product_brand","embeddable":true,"href":"https:\/\/lubrimas.pe\/tienda\/wp-json\/wp\/v2\/product_brand?post=11804"},{"taxonomy":"product_cat","embeddable":true,"href":"https:\/\/lubrimas.pe\/tienda\/wp-json\/wp\/v2\/product_cat?post=11804"},{"taxonomy":"product_tag","embeddable":true,"href":"https:\/\/lubrimas.pe\/tienda\/wp-json\/wp\/v2\/product_tag?post=11804"}],"curies":[{"name":"wp","href":"https:\/\/api.w.org\/{rel}","templated":true}]}}