{"id":11856,"date":"2022-03-11T17:34:38","date_gmt":"2022-03-11T22:34:38","guid":{"rendered":"https:\/\/lubrimas.pe\/tienda\/?post_type=product&#038;p=11856"},"modified":"2023-02-17T16:36:27","modified_gmt":"2023-02-17T21:36:27","slug":"chevron-havoline-atf-global-multi-vehicle","status":"publish","type":"product","link":"https:\/\/lubrimas.pe\/tienda\/aceite-de-caja\/chevron-havoline-atf-global-multi-vehicle\/","title":{"rendered":"CHEVRON HAVOLINE ATF GLOBAL MULTI VEHICLE &#8211; Aceite de Transmisi\u00f3n Autom\u00e1tica"},"content":{"rendered":"<p><strong>CHEVRON HAVOLINE ATF GLOBAL MULTI VEHICLE<\/strong> (fluido de transmisi\u00f3n autom\u00e1tica) es un fluido de transmisi\u00f3n multiusos premium de mezcla sint\u00e9tica para su uso en las transmisiones autom\u00e1ticas modernas de la mayor\u00eda de los autom\u00f3viles para pasajeros, veh\u00edculos todoterreno, camiones ligeros y vans dom\u00e9sticos e importados.<\/p>\n<p>CHEVRON HAVOLINE ATF GLOBAL MULTI VEHICLE ha sido formulado con una mezcla sint\u00e9tica de aceites de base hidroprocesados, aditivos cuidadosamente elaborados y modificadores de viscosidad de larga duraci\u00f3n. Ha sido probado para su uso en la \u00faltima generaci\u00f3n de aplicaciones de ATF de baja viscosidad, adem\u00e1s de ser compatible con la mayor\u00eda de las aplicaciones de alta viscosidad anteriores.<\/p>\n<h5><strong>CARACTER\u00cdSTICAS PRINCIPALES<\/strong><\/h5>\n<ul>\n<li>Estabilidad de oxidaci\u00f3n y protecci\u00f3n contra el desgaste: ayuda a que las transmisiones se mantengan m\u00e1s limpias y duren m\u00e1s, con una protecci\u00f3n superior de los componentes de la transmisi\u00f3n contra el desgaste en una amplia variedad de temperaturas.<\/li>\n<li>Desempe\u00f1o y control de la fricci\u00f3n: mantiene un cambio de marchas suave, uniforme y sin sacudidas a medida que el fluido envejece en la transmisi\u00f3n, incluso en condiciones de conducci\u00f3n extremas. Adem\u00e1s, cumple con los requisitos de desempe\u00f1o de fricci\u00f3n de las normas JASO M315, DEXRON\u00ae-VI y MERCON\u00ae V.<\/li>\n<li>Mayor protecci\u00f3n: conserva excepcionales propiedades de flujo a bajas temperaturas y una excelente protecci\u00f3n contra la descomposici\u00f3n de la viscosidad a altas temperaturas, incluso en las condiciones de operaci\u00f3n m\u00e1s exigentes. Para minimizar las aver\u00edas en las transmisiones y reducir el ruido y la vibraci\u00f3n en los veh\u00edculos, tambi\u00e9n proporciona una buena resistencia a la espuma y protege contra la formaci\u00f3n de sedimentos y barniz, as\u00ed como otros dep\u00f3sitos da\u00f1inos en la transmisi\u00f3n.<\/li>\n<\/ul>\n<h5><strong>APROBACIONES \/ ESPECIFICACIONES<\/strong><\/h5>\n<p>Transmisiones AISIN-Warner(JWS 3309 ATF, AW-1), Allison C4, BMW (ETL-8072B, LA 2634, LT 71141, 7045-E, P\/N 83 22 0 397 114, P\/N 83 22 2 220 438\/440, P\/N 83 22 7 542 290, P\/N 83 22 0 026 922, P\/N 83 22 0 403 248\/249, P\/N 83 22 9 407 765, P\/N 83 22 9 407 807, P\/N 999 917 547 00 (A2), P\/N 000 043 205 09, P\/N 83 22 2 152 426), Chrysler\/FCA (Mopar ASRC, P\/N 68043742AA1, P\/N 68218925AA), Ford (MERCON\u00ae Vb, MERCON\u00ae LV, MERCON\u00ae SP, Motorcraft FNR5 ATF, Motorcraft P\/N XT-5-QM, Motorcraft P\/N XT-6-QSP, Motorcraft P\/N XT-8-QAW, Motorcraft P\/N XT-9-QMM5, Motorcraft P\/N XT-10-QLV, Motorcraft Premium, WSS-M2C924-A), General Motors (DEXRON\u00ae HP, DEXRON\u00ae-VI, DEXRON\u00ae-III, DEXRON\u00ae-II, Saturn T-IV, Saturn P\/N 22717466, ATF Z1), Honda (ATF Type 3.0, ATF DW-1, ATF-Z1), Hyundai\/Kia (SP-II, SP-III, SP-IV, SP-IV-RR, SP4-M1, ATF RED-1K, WS, NWS-9638, SPH-IV), Isuzu (Genuine ATF, ATF-II, ATF-IIIV), Jaguar &#8211; Land Rover (02JDE 26444, LR023288, ETL-7045E, LT 71141, Esso JWS3309US, JLM 20238, JLM 20292, WSS-M2C922-A1, K17), Mazda (ATF M-III, ATF M-V, Type T-IV, JWS3317, M3), Mercedes Benz (MB 236.41, MB 236.5, MB 236.6, MB 236.7, MB 236.8, MB 236.9, MB 236.10, MB 236.11, MB 236.12, MB 236.14, ATF 3403-M115, NAG-1), Mitsubishi (J2, J3, Diamond SP-II, Diamond SP-III), Nissan\/Infiniti (Matic-W, Matic-J, Matic-S, Matic-D, Matic-K), Peugeot\/Citroen Z 000169756, Porsche (P\/N 000 043 204 63, P\/N 000 043 304 00), Renault (Matic-D2), Subaru\/Saab (ATF 5AT, ATF HP), Suzuki (ATF 3317, Matic-D, Matic-J, Matic-S), Toyota\/Lexus (Type D-II, Type T, Type T-II, Type T-III, Type T-IV (JWS 3309), Type WS (JWS 3324)), Volkswagen (G 060 540 A2, G 055 540 A2, G 055 025 (-A2), G 052 533, G 052 162 (-A1, -A2), G 052 990 A2, TL 52533 (G 052 533), TL 52162 (G 052 162 A1 and A2), ZF 5HP (18FL, 30)), Volvo (97340, 97341, P\/N 1161621, P\/N 1161540, P\/N 1161640, P\/N 1161521, P\/N 31 256 774), ZF (LifeguardFluid 5, LifeguardFluid 6, LifeguardFluid 8, P\/N S671 090 312, TE-ML 11A \/ B)<\/p>\n<h5><strong>INFORMACI\u00d3N ADICIONAL<\/strong><\/h5>\n<div class=\"aditional-info-tecnical-lp\"><a href=\"https:\/\/lubrimas.pe\/tienda\/wp-content\/uploads\/sites\/3\/2022\/10\/FICHA-TECNICA-PDS-ACEITE-TRANSMISION-AUTOMATICA-CHEVRON-HAVOLINE-ATF-MULTI-VEHICULO-LUBRIMASPE-LOS-OLIVOS-LIMA-PERU.pdf\" target=\"_blank\" rel=\"noopener\">FICHA T\u00c9CNICA<\/a><br \/>\n<a href=\"https:\/\/latinamerica.chevronlubricants.com\/es_mx\/home\/products\/havoline-global-multi-vehicle-atf.html\" target=\"_blank\" rel=\"noopener\">SITIO OFICIAL<\/a><\/div>\n","protected":false},"excerpt":{"rendered":"<p>CHEVRON HAVOLINE ATF GLOBAL MULTI VEHICLE (fluido de transmisi\u00f3n autom\u00e1tica) es un fluido de transmisi\u00f3n multiusos premium de mezcla sint\u00e9tica para su uso en las transmisiones autom\u00e1ticas modernas de la<\/p>\n","protected":false},"featured_media":11850,"template":"","meta":[],"product_brand":[],"product_cat":[27,32],"product_tag":[],"class_list":{"0":"post-11856","1":"product","2":"type-product","3":"status-publish","4":"has-post-thumbnail","6":"product_cat-aceite-de-caja","7":"product_cat-caja-automatica","8":"pa_marca-chevron","9":"pa_transmision-atf","11":"first","12":"outofstock","13":"sale","14":"featured","15":"shipping-taxable","16":"purchasable","17":"product-type-variable","18":"has-default-attributes"},"yoast_head":"<!-- This site is optimized with the Yoast SEO plugin v27.4 - https:\/\/yoast.com\/product\/yoast-seo-wordpress\/ -->\n<title>CHEVRON HAVOLINE ATF GLOBAL MULTI VEHICLE - Aceite de Transmisi\u00f3n Autom\u00e1tica | Lubrimas.pe | Tienda Online<\/title>\n<meta name=\"description\" content=\"CHEVRON HAVOLINE ATF GLOBAL MULTI VEHICLE es un fluido de transmisi\u00f3n premium de mezcla sint\u00e9tica para veh\u00edculos modernos.\" \/>\n<meta name=\"robots\" content=\"index, follow, max-snippet:-1, max-image-preview:large, max-video-preview:-1\" \/>\n<link rel=\"canonical\" href=\"https:\/\/lubrimas.pe\/tienda\/aceite-de-caja\/chevron-havoline-atf-global-multi-vehicle\/\" \/>\n<meta property=\"og:locale\" content=\"es_ES\" \/>\n<meta property=\"og:type\" content=\"article\" \/>\n<meta property=\"og:title\" content=\"CHEVRON HAVOLINE ATF GLOBAL MULTI VEHICLE - Aceite de Transmisi\u00f3n Autom\u00e1tica | Lubrimas.pe | Tienda Online\" \/>\n<meta property=\"og:description\" content=\"CHEVRON HAVOLINE ATF GLOBAL MULTI VEHICLE es un fluido de transmisi\u00f3n premium de mezcla sint\u00e9tica para veh\u00edculos modernos.\" \/>\n<meta property=\"og:url\" content=\"https:\/\/lubrimas.pe\/tienda\/aceite-de-caja\/chevron-havoline-atf-global-multi-vehicle\/\" \/>\n<meta property=\"og:site_name\" content=\"Lubrimas.pe | Tienda Online\" \/>\n<meta property=\"article:modified_time\" content=\"2023-02-17T21:36:27+00:00\" \/>\n<meta property=\"og:image\" content=\"https:\/\/lubrimas.pe\/tienda\/wp-content\/uploads\/sites\/3\/2022\/03\/lubrimaspe_lubrimaspe_lubrimasperu-aceite-de-transmisionautomatica-chevron-havoline-atf-global-multi-vehicle-atf-botella-1l-losolivos-lima-peru.webp\" \/>\n\t<meta property=\"og:image:width\" content=\"850\" \/>\n\t<meta property=\"og:image:height\" content=\"1000\" \/>\n\t<meta property=\"og:image:type\" content=\"image\/webp\" \/>\n<meta name=\"twitter:card\" content=\"summary_large_image\" \/>\n<meta name=\"twitter:label1\" content=\"Tiempo de lectura\" \/>\n\t<meta name=\"twitter:data1\" content=\"1 minuto\" \/>\n<script type=\"application\/ld+json\" class=\"yoast-schema-graph\">{\"@context\":\"https:\\\/\\\/schema.org\",\"@graph\":[{\"@type\":[\"WebPage\",\"ItemPage\"],\"@id\":\"https:\\\/\\\/lubrimas.pe\\\/tienda\\\/aceite-de-caja\\\/chevron-havoline-atf-global-multi-vehicle\\\/\",\"url\":\"https:\\\/\\\/lubrimas.pe\\\/tienda\\\/aceite-de-caja\\\/chevron-havoline-atf-global-multi-vehicle\\\/\",\"name\":\"CHEVRON HAVOLINE ATF GLOBAL MULTI VEHICLE - Aceite de Transmisi\u00f3n Autom\u00e1tica | Lubrimas.pe | Tienda Online\",\"isPartOf\":{\"@id\":\"https:\\\/\\\/lubrimas.pe\\\/tienda\\\/#website\"},\"primaryImageOfPage\":{\"@id\":\"https:\\\/\\\/lubrimas.pe\\\/tienda\\\/aceite-de-caja\\\/chevron-havoline-atf-global-multi-vehicle\\\/#primaryimage\"},\"image\":{\"@id\":\"https:\\\/\\\/lubrimas.pe\\\/tienda\\\/aceite-de-caja\\\/chevron-havoline-atf-global-multi-vehicle\\\/#primaryimage\"},\"thumbnailUrl\":\"https:\\\/\\\/lubrimas.pe\\\/tienda\\\/wp-content\\\/uploads\\\/sites\\\/3\\\/2022\\\/03\\\/lubrimaspe_lubrimaspe_lubrimasperu-aceite-de-transmisionautomatica-chevron-havoline-atf-global-multi-vehicle-atf-botella-1l-losolivos-lima-peru.webp\",\"datePublished\":\"2022-03-11T22:34:38+00:00\",\"dateModified\":\"2023-02-17T21:36:27+00:00\",\"description\":\"CHEVRON HAVOLINE ATF GLOBAL MULTI VEHICLE es un fluido de transmisi\u00f3n premium de mezcla sint\u00e9tica para veh\u00edculos modernos.\",\"breadcrumb\":{\"@id\":\"https:\\\/\\\/lubrimas.pe\\\/tienda\\\/aceite-de-caja\\\/chevron-havoline-atf-global-multi-vehicle\\\/#breadcrumb\"},\"inLanguage\":\"es\",\"potentialAction\":[{\"@type\":\"ReadAction\",\"target\":[\"https:\\\/\\\/lubrimas.pe\\\/tienda\\\/aceite-de-caja\\\/chevron-havoline-atf-global-multi-vehicle\\\/\"]}]},{\"@type\":\"ImageObject\",\"inLanguage\":\"es\",\"@id\":\"https:\\\/\\\/lubrimas.pe\\\/tienda\\\/aceite-de-caja\\\/chevron-havoline-atf-global-multi-vehicle\\\/#primaryimage\",\"url\":\"https:\\\/\\\/lubrimas.pe\\\/tienda\\\/wp-content\\\/uploads\\\/sites\\\/3\\\/2022\\\/03\\\/lubrimaspe_lubrimaspe_lubrimasperu-aceite-de-transmisionautomatica-chevron-havoline-atf-global-multi-vehicle-atf-botella-1l-losolivos-lima-peru.webp\",\"contentUrl\":\"https:\\\/\\\/lubrimas.pe\\\/tienda\\\/wp-content\\\/uploads\\\/sites\\\/3\\\/2022\\\/03\\\/lubrimaspe_lubrimaspe_lubrimasperu-aceite-de-transmisionautomatica-chevron-havoline-atf-global-multi-vehicle-atf-botella-1l-losolivos-lima-peru.webp\",\"width\":850,\"height\":1000,\"caption\":\"chevron havoline\"},{\"@type\":\"BreadcrumbList\",\"@id\":\"https:\\\/\\\/lubrimas.pe\\\/tienda\\\/aceite-de-caja\\\/chevron-havoline-atf-global-multi-vehicle\\\/#breadcrumb\",\"itemListElement\":[{\"@type\":\"ListItem\",\"position\":1,\"name\":\"Portada\",\"item\":\"https:\\\/\\\/lubrimas.pe\\\/tienda\\\/\"},{\"@type\":\"ListItem\",\"position\":2,\"name\":\"Cat\u00e1logo\",\"item\":\"https:\\\/\\\/lubrimas.pe\\\/tienda\\\/productos\\\/\"},{\"@type\":\"ListItem\",\"position\":3,\"name\":\"CHEVRON HAVOLINE ATF GLOBAL MULTI VEHICLE &#8211; Aceite de Transmisi\u00f3n Autom\u00e1tica\"}]},{\"@type\":\"WebSite\",\"@id\":\"https:\\\/\\\/lubrimas.pe\\\/tienda\\\/#website\",\"url\":\"https:\\\/\\\/lubrimas.pe\\\/tienda\\\/\",\"name\":\"Lubrimas.pe | Tienda Online\",\"description\":\"Tus lubricantes favoritos al mejor precio!\",\"publisher\":{\"@id\":\"https:\\\/\\\/lubrimas.pe\\\/tienda\\\/#organization\"},\"potentialAction\":[{\"@type\":\"SearchAction\",\"target\":{\"@type\":\"EntryPoint\",\"urlTemplate\":\"https:\\\/\\\/lubrimas.pe\\\/tienda\\\/?s={search_term_string}\"},\"query-input\":{\"@type\":\"PropertyValueSpecification\",\"valueRequired\":true,\"valueName\":\"search_term_string\"}}],\"inLanguage\":\"es\"},{\"@type\":\"Organization\",\"@id\":\"https:\\\/\\\/lubrimas.pe\\\/tienda\\\/#organization\",\"name\":\"Lubrimas.pe\",\"url\":\"https:\\\/\\\/lubrimas.pe\\\/tienda\\\/\",\"logo\":{\"@type\":\"ImageObject\",\"inLanguage\":\"es\",\"@id\":\"https:\\\/\\\/lubrimas.pe\\\/tienda\\\/#\\\/schema\\\/logo\\\/image\\\/\",\"url\":\"https:\\\/\\\/lubrimas.pe\\\/tienda\\\/wp-content\\\/uploads\\\/sites\\\/3\\\/2022\\\/07\\\/BANNERS-PROMO-CYBER-WOW-LUBRIMASPE-2022-07.webp\",\"contentUrl\":\"https:\\\/\\\/lubrimas.pe\\\/tienda\\\/wp-content\\\/uploads\\\/sites\\\/3\\\/2022\\\/07\\\/BANNERS-PROMO-CYBER-WOW-LUBRIMASPE-2022-07.webp\",\"width\":500,\"height\":752,\"caption\":\"Lubrimas.pe\"},\"image\":{\"@id\":\"https:\\\/\\\/lubrimas.pe\\\/tienda\\\/#\\\/schema\\\/logo\\\/image\\\/\"}}]}<\/script>\n<!-- \/ Yoast SEO plugin. -->","yoast_head_json":{"title":"CHEVRON HAVOLINE ATF GLOBAL MULTI VEHICLE - Aceite de Transmisi\u00f3n Autom\u00e1tica | Lubrimas.pe | Tienda Online","description":"CHEVRON HAVOLINE ATF GLOBAL MULTI VEHICLE es un fluido de transmisi\u00f3n premium de mezcla sint\u00e9tica para veh\u00edculos modernos.","robots":{"index":"index","follow":"follow","max-snippet":"max-snippet:-1","max-image-preview":"max-image-preview:large","max-video-preview":"max-video-preview:-1"},"canonical":"https:\/\/lubrimas.pe\/tienda\/aceite-de-caja\/chevron-havoline-atf-global-multi-vehicle\/","og_locale":"es_ES","og_type":"article","og_title":"CHEVRON HAVOLINE ATF GLOBAL MULTI VEHICLE - Aceite de Transmisi\u00f3n Autom\u00e1tica | Lubrimas.pe | Tienda Online","og_description":"CHEVRON HAVOLINE ATF GLOBAL MULTI VEHICLE es un fluido de transmisi\u00f3n premium de mezcla sint\u00e9tica para veh\u00edculos modernos.","og_url":"https:\/\/lubrimas.pe\/tienda\/aceite-de-caja\/chevron-havoline-atf-global-multi-vehicle\/","og_site_name":"Lubrimas.pe | Tienda Online","article_modified_time":"2023-02-17T21:36:27+00:00","og_image":[{"width":850,"height":1000,"url":"https:\/\/lubrimas.pe\/tienda\/wp-content\/uploads\/sites\/3\/2022\/03\/lubrimaspe_lubrimaspe_lubrimasperu-aceite-de-transmisionautomatica-chevron-havoline-atf-global-multi-vehicle-atf-botella-1l-losolivos-lima-peru.webp","type":"image\/webp"}],"twitter_card":"summary_large_image","twitter_misc":{"Tiempo de lectura":"1 minuto"},"schema":{"@context":"https:\/\/schema.org","@graph":[{"@type":["WebPage","ItemPage"],"@id":"https:\/\/lubrimas.pe\/tienda\/aceite-de-caja\/chevron-havoline-atf-global-multi-vehicle\/","url":"https:\/\/lubrimas.pe\/tienda\/aceite-de-caja\/chevron-havoline-atf-global-multi-vehicle\/","name":"CHEVRON HAVOLINE ATF GLOBAL MULTI VEHICLE - Aceite de Transmisi\u00f3n Autom\u00e1tica | Lubrimas.pe | Tienda Online","isPartOf":{"@id":"https:\/\/lubrimas.pe\/tienda\/#website"},"primaryImageOfPage":{"@id":"https:\/\/lubrimas.pe\/tienda\/aceite-de-caja\/chevron-havoline-atf-global-multi-vehicle\/#primaryimage"},"image":{"@id":"https:\/\/lubrimas.pe\/tienda\/aceite-de-caja\/chevron-havoline-atf-global-multi-vehicle\/#primaryimage"},"thumbnailUrl":"https:\/\/lubrimas.pe\/tienda\/wp-content\/uploads\/sites\/3\/2022\/03\/lubrimaspe_lubrimaspe_lubrimasperu-aceite-de-transmisionautomatica-chevron-havoline-atf-global-multi-vehicle-atf-botella-1l-losolivos-lima-peru.webp","datePublished":"2022-03-11T22:34:38+00:00","dateModified":"2023-02-17T21:36:27+00:00","description":"CHEVRON HAVOLINE ATF GLOBAL MULTI VEHICLE es un fluido de transmisi\u00f3n premium de mezcla sint\u00e9tica para veh\u00edculos modernos.","breadcrumb":{"@id":"https:\/\/lubrimas.pe\/tienda\/aceite-de-caja\/chevron-havoline-atf-global-multi-vehicle\/#breadcrumb"},"inLanguage":"es","potentialAction":[{"@type":"ReadAction","target":["https:\/\/lubrimas.pe\/tienda\/aceite-de-caja\/chevron-havoline-atf-global-multi-vehicle\/"]}]},{"@type":"ImageObject","inLanguage":"es","@id":"https:\/\/lubrimas.pe\/tienda\/aceite-de-caja\/chevron-havoline-atf-global-multi-vehicle\/#primaryimage","url":"https:\/\/lubrimas.pe\/tienda\/wp-content\/uploads\/sites\/3\/2022\/03\/lubrimaspe_lubrimaspe_lubrimasperu-aceite-de-transmisionautomatica-chevron-havoline-atf-global-multi-vehicle-atf-botella-1l-losolivos-lima-peru.webp","contentUrl":"https:\/\/lubrimas.pe\/tienda\/wp-content\/uploads\/sites\/3\/2022\/03\/lubrimaspe_lubrimaspe_lubrimasperu-aceite-de-transmisionautomatica-chevron-havoline-atf-global-multi-vehicle-atf-botella-1l-losolivos-lima-peru.webp","width":850,"height":1000,"caption":"chevron havoline"},{"@type":"BreadcrumbList","@id":"https:\/\/lubrimas.pe\/tienda\/aceite-de-caja\/chevron-havoline-atf-global-multi-vehicle\/#breadcrumb","itemListElement":[{"@type":"ListItem","position":1,"name":"Portada","item":"https:\/\/lubrimas.pe\/tienda\/"},{"@type":"ListItem","position":2,"name":"Cat\u00e1logo","item":"https:\/\/lubrimas.pe\/tienda\/productos\/"},{"@type":"ListItem","position":3,"name":"CHEVRON HAVOLINE ATF GLOBAL MULTI VEHICLE &#8211; Aceite de Transmisi\u00f3n Autom\u00e1tica"}]},{"@type":"WebSite","@id":"https:\/\/lubrimas.pe\/tienda\/#website","url":"https:\/\/lubrimas.pe\/tienda\/","name":"Lubrimas.pe | Tienda Online","description":"Tus lubricantes favoritos al mejor precio!","publisher":{"@id":"https:\/\/lubrimas.pe\/tienda\/#organization"},"potentialAction":[{"@type":"SearchAction","target":{"@type":"EntryPoint","urlTemplate":"https:\/\/lubrimas.pe\/tienda\/?s={search_term_string}"},"query-input":{"@type":"PropertyValueSpecification","valueRequired":true,"valueName":"search_term_string"}}],"inLanguage":"es"},{"@type":"Organization","@id":"https:\/\/lubrimas.pe\/tienda\/#organization","name":"Lubrimas.pe","url":"https:\/\/lubrimas.pe\/tienda\/","logo":{"@type":"ImageObject","inLanguage":"es","@id":"https:\/\/lubrimas.pe\/tienda\/#\/schema\/logo\/image\/","url":"https:\/\/lubrimas.pe\/tienda\/wp-content\/uploads\/sites\/3\/2022\/07\/BANNERS-PROMO-CYBER-WOW-LUBRIMASPE-2022-07.webp","contentUrl":"https:\/\/lubrimas.pe\/tienda\/wp-content\/uploads\/sites\/3\/2022\/07\/BANNERS-PROMO-CYBER-WOW-LUBRIMASPE-2022-07.webp","width":500,"height":752,"caption":"Lubrimas.pe"},"image":{"@id":"https:\/\/lubrimas.pe\/tienda\/#\/schema\/logo\/image\/"}}]}},"_links":{"self":[{"href":"https:\/\/lubrimas.pe\/tienda\/wp-json\/wp\/v2\/product\/11856","targetHints":{"allow":["GET"]}}],"collection":[{"href":"https:\/\/lubrimas.pe\/tienda\/wp-json\/wp\/v2\/product"}],"about":[{"href":"https:\/\/lubrimas.pe\/tienda\/wp-json\/wp\/v2\/types\/product"}],"wp:featuredmedia":[{"embeddable":true,"href":"https:\/\/lubrimas.pe\/tienda\/wp-json\/wp\/v2\/media\/11850"}],"wp:attachment":[{"href":"https:\/\/lubrimas.pe\/tienda\/wp-json\/wp\/v2\/media?parent=11856"}],"wp:term":[{"taxonomy":"product_brand","embeddable":true,"href":"https:\/\/lubrimas.pe\/tienda\/wp-json\/wp\/v2\/product_brand?post=11856"},{"taxonomy":"product_cat","embeddable":true,"href":"https:\/\/lubrimas.pe\/tienda\/wp-json\/wp\/v2\/product_cat?post=11856"},{"taxonomy":"product_tag","embeddable":true,"href":"https:\/\/lubrimas.pe\/tienda\/wp-json\/wp\/v2\/product_tag?post=11856"}],"curies":[{"name":"wp","href":"https:\/\/api.w.org\/{rel}","templated":true}]}}