{"id":11860,"date":"2022-03-11T17:49:14","date_gmt":"2022-03-11T22:49:14","guid":{"rendered":"https:\/\/lubrimas.pe\/tienda\/?post_type=product&#038;p=11860"},"modified":"2023-01-02T10:00:05","modified_gmt":"2023-01-02T15:00:05","slug":"cam2-atf-multi-vehicle-full-synthetic","status":"publish","type":"product","link":"https:\/\/lubrimas.pe\/tienda\/aceite-de-caja\/cam2-atf-multi-vehicle-full-synthetic\/","title":{"rendered":"CAM2 ATF MULTI-VEHICLE FULL SYNTHETIC"},"content":{"rendered":"<div class=\"elementor-column elementor-col-50 elementor-inner-column elementor-element elementor-element-920833e\" data-id=\"920833e\" data-element_type=\"column\">\n<div class=\"elementor-column-wrap elementor-element-populated\">\n<div class=\"elementor-widget-wrap\">\n<div class=\"elementor-element elementor-element-c730fb2 elementor-widget elementor-widget-theme-post-content\" data-id=\"c730fb2\" data-element_type=\"widget\" data-widget_type=\"theme-post-content.default\">\n<div class=\"elementor-widget-container\">\n<p>Es un fluido completamente sint\u00e9tico para transmisiones autom\u00e1ticas de desempe\u00f1o Premiumque solicitan fluidos de transmisi\u00f3n autom\u00e1tica de baja viscosidad. Excelente resistencia a la oxidaci\u00f3n y degradaci\u00f3n t\u00e9rmica, gran estabilidad al corte y excepcional fluidez a bajas temperaturas. Proporciona, adem\u00e1s, consistentes y confiables caracter\u00edsticas de fricci\u00f3n para un \u00f3ptimo desempe\u00f1o de la transmisi\u00f3n automotriz. Mejorada capacidad contra el desgaste protege los componentes y habilita un \u00f3ptimo funcionamiento y vida extendida. Satisface los requerimientos de la especificaci\u00f3n DEXRON VI y MERCON LV.<\/p>\n<\/div>\n<\/div>\n<\/div>\n<\/div>\n<\/div>\n","protected":false},"excerpt":{"rendered":"<p>Es un fluido completamente sint\u00e9tico para transmisiones autom\u00e1ticas de desempe\u00f1o Premiumque solicitan fluidos de transmisi\u00f3n autom\u00e1tica de baja viscosidad. Excelente resistencia a la oxidaci\u00f3n y degradaci\u00f3n t\u00e9rmica, gran estabilidad al<\/p>\n","protected":false},"featured_media":11859,"template":"","meta":[],"product_brand":[],"product_cat":[27,32],"product_tag":[],"class_list":{"0":"post-11860","1":"product","2":"type-product","3":"status-publish","4":"has-post-thumbnail","6":"product_cat-aceite-de-caja","7":"product_cat-caja-automatica","8":"pa_marca-cam2","9":"pa_transmision-atf","10":"pa_transmision-atf-dexron-vi","11":"pa_transmision-atf-mercon-v","13":"first","14":"outofstock","15":"sale","16":"featured","17":"shipping-taxable","18":"purchasable","19":"product-type-variable","20":"has-default-attributes"},"yoast_head":"<!-- This site is optimized with the Yoast SEO plugin v27.4 - https:\/\/yoast.com\/product\/yoast-seo-wordpress\/ -->\n<title>CAM2 ATF MULTI-VEHICLE FULL SYNTHETIC | Lubrimas.pe | Tienda Online<\/title>\n<meta name=\"robots\" content=\"index, follow, max-snippet:-1, max-image-preview:large, max-video-preview:-1\" \/>\n<link rel=\"canonical\" href=\"https:\/\/lubrimas.pe\/tienda\/aceite-de-caja\/cam2-atf-multi-vehicle-full-synthetic\/\" \/>\n<meta property=\"og:locale\" content=\"es_ES\" \/>\n<meta property=\"og:type\" content=\"article\" \/>\n<meta property=\"og:title\" content=\"CAM2 ATF MULTI-VEHICLE FULL SYNTHETIC | Lubrimas.pe | Tienda Online\" \/>\n<meta property=\"og:description\" content=\"Es un fluido completamente sint\u00e9tico para transmisiones autom\u00e1ticas de desempe\u00f1o Premiumque solicitan fluidos de transmisi\u00f3n autom\u00e1tica de baja viscosidad. Excelente resistencia a la oxidaci\u00f3n y degradaci\u00f3n t\u00e9rmica, gran estabilidad al\" \/>\n<meta property=\"og:url\" content=\"https:\/\/lubrimas.pe\/tienda\/aceite-de-caja\/cam2-atf-multi-vehicle-full-synthetic\/\" \/>\n<meta property=\"og:site_name\" content=\"Lubrimas.pe | Tienda Online\" \/>\n<meta property=\"article:modified_time\" content=\"2023-01-02T15:00:05+00:00\" \/>\n<meta property=\"og:image\" content=\"https:\/\/lubrimas.pe\/tienda\/wp-content\/uploads\/sites\/3\/2022\/03\/lubrimaspe_lubrimaspe_lubrimasperu-aceite-de-transmisionautomatica-cam2-atf-multi-vehicle-dexron-vi-mercon-lv-botella-1l-losolivos-lima-peru.webp\" \/>\n\t<meta property=\"og:image:width\" content=\"850\" \/>\n\t<meta property=\"og:image:height\" content=\"1000\" \/>\n\t<meta property=\"og:image:type\" content=\"image\/webp\" \/>\n<meta name=\"twitter:card\" content=\"summary_large_image\" \/>\n<meta name=\"twitter:label1\" content=\"Tiempo de lectura\" \/>\n\t<meta name=\"twitter:data1\" content=\"1 minuto\" \/>\n<script type=\"application\/ld+json\" class=\"yoast-schema-graph\">{\"@context\":\"https:\\\/\\\/schema.org\",\"@graph\":[{\"@type\":[\"WebPage\",\"ItemPage\"],\"@id\":\"https:\\\/\\\/lubrimas.pe\\\/tienda\\\/aceite-de-caja\\\/cam2-atf-multi-vehicle-full-synthetic\\\/\",\"url\":\"https:\\\/\\\/lubrimas.pe\\\/tienda\\\/aceite-de-caja\\\/cam2-atf-multi-vehicle-full-synthetic\\\/\",\"name\":\"CAM2 ATF MULTI-VEHICLE FULL SYNTHETIC | Lubrimas.pe | Tienda Online\",\"isPartOf\":{\"@id\":\"https:\\\/\\\/lubrimas.pe\\\/tienda\\\/#website\"},\"primaryImageOfPage\":{\"@id\":\"https:\\\/\\\/lubrimas.pe\\\/tienda\\\/aceite-de-caja\\\/cam2-atf-multi-vehicle-full-synthetic\\\/#primaryimage\"},\"image\":{\"@id\":\"https:\\\/\\\/lubrimas.pe\\\/tienda\\\/aceite-de-caja\\\/cam2-atf-multi-vehicle-full-synthetic\\\/#primaryimage\"},\"thumbnailUrl\":\"https:\\\/\\\/lubrimas.pe\\\/tienda\\\/wp-content\\\/uploads\\\/sites\\\/3\\\/2022\\\/03\\\/lubrimaspe_lubrimaspe_lubrimasperu-aceite-de-transmisionautomatica-cam2-atf-multi-vehicle-dexron-vi-mercon-lv-botella-1l-losolivos-lima-peru.webp\",\"datePublished\":\"2022-03-11T22:49:14+00:00\",\"dateModified\":\"2023-01-02T15:00:05+00:00\",\"breadcrumb\":{\"@id\":\"https:\\\/\\\/lubrimas.pe\\\/tienda\\\/aceite-de-caja\\\/cam2-atf-multi-vehicle-full-synthetic\\\/#breadcrumb\"},\"inLanguage\":\"es\",\"potentialAction\":[{\"@type\":\"ReadAction\",\"target\":[\"https:\\\/\\\/lubrimas.pe\\\/tienda\\\/aceite-de-caja\\\/cam2-atf-multi-vehicle-full-synthetic\\\/\"]}]},{\"@type\":\"ImageObject\",\"inLanguage\":\"es\",\"@id\":\"https:\\\/\\\/lubrimas.pe\\\/tienda\\\/aceite-de-caja\\\/cam2-atf-multi-vehicle-full-synthetic\\\/#primaryimage\",\"url\":\"https:\\\/\\\/lubrimas.pe\\\/tienda\\\/wp-content\\\/uploads\\\/sites\\\/3\\\/2022\\\/03\\\/lubrimaspe_lubrimaspe_lubrimasperu-aceite-de-transmisionautomatica-cam2-atf-multi-vehicle-dexron-vi-mercon-lv-botella-1l-losolivos-lima-peru.webp\",\"contentUrl\":\"https:\\\/\\\/lubrimas.pe\\\/tienda\\\/wp-content\\\/uploads\\\/sites\\\/3\\\/2022\\\/03\\\/lubrimaspe_lubrimaspe_lubrimasperu-aceite-de-transmisionautomatica-cam2-atf-multi-vehicle-dexron-vi-mercon-lv-botella-1l-losolivos-lima-peru.webp\",\"width\":850,\"height\":1000},{\"@type\":\"BreadcrumbList\",\"@id\":\"https:\\\/\\\/lubrimas.pe\\\/tienda\\\/aceite-de-caja\\\/cam2-atf-multi-vehicle-full-synthetic\\\/#breadcrumb\",\"itemListElement\":[{\"@type\":\"ListItem\",\"position\":1,\"name\":\"Portada\",\"item\":\"https:\\\/\\\/lubrimas.pe\\\/tienda\\\/\"},{\"@type\":\"ListItem\",\"position\":2,\"name\":\"Cat\u00e1logo\",\"item\":\"https:\\\/\\\/lubrimas.pe\\\/tienda\\\/productos\\\/\"},{\"@type\":\"ListItem\",\"position\":3,\"name\":\"CAM2 ATF MULTI-VEHICLE FULL SYNTHETIC\"}]},{\"@type\":\"WebSite\",\"@id\":\"https:\\\/\\\/lubrimas.pe\\\/tienda\\\/#website\",\"url\":\"https:\\\/\\\/lubrimas.pe\\\/tienda\\\/\",\"name\":\"Lubrimas.pe | Tienda Online\",\"description\":\"Tus lubricantes favoritos al mejor precio!\",\"publisher\":{\"@id\":\"https:\\\/\\\/lubrimas.pe\\\/tienda\\\/#organization\"},\"potentialAction\":[{\"@type\":\"SearchAction\",\"target\":{\"@type\":\"EntryPoint\",\"urlTemplate\":\"https:\\\/\\\/lubrimas.pe\\\/tienda\\\/?s={search_term_string}\"},\"query-input\":{\"@type\":\"PropertyValueSpecification\",\"valueRequired\":true,\"valueName\":\"search_term_string\"}}],\"inLanguage\":\"es\"},{\"@type\":\"Organization\",\"@id\":\"https:\\\/\\\/lubrimas.pe\\\/tienda\\\/#organization\",\"name\":\"Lubrimas.pe\",\"url\":\"https:\\\/\\\/lubrimas.pe\\\/tienda\\\/\",\"logo\":{\"@type\":\"ImageObject\",\"inLanguage\":\"es\",\"@id\":\"https:\\\/\\\/lubrimas.pe\\\/tienda\\\/#\\\/schema\\\/logo\\\/image\\\/\",\"url\":\"https:\\\/\\\/lubrimas.pe\\\/tienda\\\/wp-content\\\/uploads\\\/sites\\\/3\\\/2022\\\/07\\\/BANNERS-PROMO-CYBER-WOW-LUBRIMASPE-2022-07.webp\",\"contentUrl\":\"https:\\\/\\\/lubrimas.pe\\\/tienda\\\/wp-content\\\/uploads\\\/sites\\\/3\\\/2022\\\/07\\\/BANNERS-PROMO-CYBER-WOW-LUBRIMASPE-2022-07.webp\",\"width\":500,\"height\":752,\"caption\":\"Lubrimas.pe\"},\"image\":{\"@id\":\"https:\\\/\\\/lubrimas.pe\\\/tienda\\\/#\\\/schema\\\/logo\\\/image\\\/\"}}]}<\/script>\n<!-- \/ Yoast SEO plugin. -->","yoast_head_json":{"title":"CAM2 ATF MULTI-VEHICLE FULL SYNTHETIC | Lubrimas.pe | Tienda Online","robots":{"index":"index","follow":"follow","max-snippet":"max-snippet:-1","max-image-preview":"max-image-preview:large","max-video-preview":"max-video-preview:-1"},"canonical":"https:\/\/lubrimas.pe\/tienda\/aceite-de-caja\/cam2-atf-multi-vehicle-full-synthetic\/","og_locale":"es_ES","og_type":"article","og_title":"CAM2 ATF MULTI-VEHICLE FULL SYNTHETIC | Lubrimas.pe | Tienda Online","og_description":"Es un fluido completamente sint\u00e9tico para transmisiones autom\u00e1ticas de desempe\u00f1o Premiumque solicitan fluidos de transmisi\u00f3n autom\u00e1tica de baja viscosidad. Excelente resistencia a la oxidaci\u00f3n y degradaci\u00f3n t\u00e9rmica, gran estabilidad al","og_url":"https:\/\/lubrimas.pe\/tienda\/aceite-de-caja\/cam2-atf-multi-vehicle-full-synthetic\/","og_site_name":"Lubrimas.pe | Tienda Online","article_modified_time":"2023-01-02T15:00:05+00:00","og_image":[{"width":850,"height":1000,"url":"https:\/\/lubrimas.pe\/tienda\/wp-content\/uploads\/sites\/3\/2022\/03\/lubrimaspe_lubrimaspe_lubrimasperu-aceite-de-transmisionautomatica-cam2-atf-multi-vehicle-dexron-vi-mercon-lv-botella-1l-losolivos-lima-peru.webp","type":"image\/webp"}],"twitter_card":"summary_large_image","twitter_misc":{"Tiempo de lectura":"1 minuto"},"schema":{"@context":"https:\/\/schema.org","@graph":[{"@type":["WebPage","ItemPage"],"@id":"https:\/\/lubrimas.pe\/tienda\/aceite-de-caja\/cam2-atf-multi-vehicle-full-synthetic\/","url":"https:\/\/lubrimas.pe\/tienda\/aceite-de-caja\/cam2-atf-multi-vehicle-full-synthetic\/","name":"CAM2 ATF MULTI-VEHICLE FULL SYNTHETIC | Lubrimas.pe | Tienda Online","isPartOf":{"@id":"https:\/\/lubrimas.pe\/tienda\/#website"},"primaryImageOfPage":{"@id":"https:\/\/lubrimas.pe\/tienda\/aceite-de-caja\/cam2-atf-multi-vehicle-full-synthetic\/#primaryimage"},"image":{"@id":"https:\/\/lubrimas.pe\/tienda\/aceite-de-caja\/cam2-atf-multi-vehicle-full-synthetic\/#primaryimage"},"thumbnailUrl":"https:\/\/lubrimas.pe\/tienda\/wp-content\/uploads\/sites\/3\/2022\/03\/lubrimaspe_lubrimaspe_lubrimasperu-aceite-de-transmisionautomatica-cam2-atf-multi-vehicle-dexron-vi-mercon-lv-botella-1l-losolivos-lima-peru.webp","datePublished":"2022-03-11T22:49:14+00:00","dateModified":"2023-01-02T15:00:05+00:00","breadcrumb":{"@id":"https:\/\/lubrimas.pe\/tienda\/aceite-de-caja\/cam2-atf-multi-vehicle-full-synthetic\/#breadcrumb"},"inLanguage":"es","potentialAction":[{"@type":"ReadAction","target":["https:\/\/lubrimas.pe\/tienda\/aceite-de-caja\/cam2-atf-multi-vehicle-full-synthetic\/"]}]},{"@type":"ImageObject","inLanguage":"es","@id":"https:\/\/lubrimas.pe\/tienda\/aceite-de-caja\/cam2-atf-multi-vehicle-full-synthetic\/#primaryimage","url":"https:\/\/lubrimas.pe\/tienda\/wp-content\/uploads\/sites\/3\/2022\/03\/lubrimaspe_lubrimaspe_lubrimasperu-aceite-de-transmisionautomatica-cam2-atf-multi-vehicle-dexron-vi-mercon-lv-botella-1l-losolivos-lima-peru.webp","contentUrl":"https:\/\/lubrimas.pe\/tienda\/wp-content\/uploads\/sites\/3\/2022\/03\/lubrimaspe_lubrimaspe_lubrimasperu-aceite-de-transmisionautomatica-cam2-atf-multi-vehicle-dexron-vi-mercon-lv-botella-1l-losolivos-lima-peru.webp","width":850,"height":1000},{"@type":"BreadcrumbList","@id":"https:\/\/lubrimas.pe\/tienda\/aceite-de-caja\/cam2-atf-multi-vehicle-full-synthetic\/#breadcrumb","itemListElement":[{"@type":"ListItem","position":1,"name":"Portada","item":"https:\/\/lubrimas.pe\/tienda\/"},{"@type":"ListItem","position":2,"name":"Cat\u00e1logo","item":"https:\/\/lubrimas.pe\/tienda\/productos\/"},{"@type":"ListItem","position":3,"name":"CAM2 ATF MULTI-VEHICLE FULL SYNTHETIC"}]},{"@type":"WebSite","@id":"https:\/\/lubrimas.pe\/tienda\/#website","url":"https:\/\/lubrimas.pe\/tienda\/","name":"Lubrimas.pe | Tienda Online","description":"Tus lubricantes favoritos al mejor precio!","publisher":{"@id":"https:\/\/lubrimas.pe\/tienda\/#organization"},"potentialAction":[{"@type":"SearchAction","target":{"@type":"EntryPoint","urlTemplate":"https:\/\/lubrimas.pe\/tienda\/?s={search_term_string}"},"query-input":{"@type":"PropertyValueSpecification","valueRequired":true,"valueName":"search_term_string"}}],"inLanguage":"es"},{"@type":"Organization","@id":"https:\/\/lubrimas.pe\/tienda\/#organization","name":"Lubrimas.pe","url":"https:\/\/lubrimas.pe\/tienda\/","logo":{"@type":"ImageObject","inLanguage":"es","@id":"https:\/\/lubrimas.pe\/tienda\/#\/schema\/logo\/image\/","url":"https:\/\/lubrimas.pe\/tienda\/wp-content\/uploads\/sites\/3\/2022\/07\/BANNERS-PROMO-CYBER-WOW-LUBRIMASPE-2022-07.webp","contentUrl":"https:\/\/lubrimas.pe\/tienda\/wp-content\/uploads\/sites\/3\/2022\/07\/BANNERS-PROMO-CYBER-WOW-LUBRIMASPE-2022-07.webp","width":500,"height":752,"caption":"Lubrimas.pe"},"image":{"@id":"https:\/\/lubrimas.pe\/tienda\/#\/schema\/logo\/image\/"}}]}},"_links":{"self":[{"href":"https:\/\/lubrimas.pe\/tienda\/wp-json\/wp\/v2\/product\/11860","targetHints":{"allow":["GET"]}}],"collection":[{"href":"https:\/\/lubrimas.pe\/tienda\/wp-json\/wp\/v2\/product"}],"about":[{"href":"https:\/\/lubrimas.pe\/tienda\/wp-json\/wp\/v2\/types\/product"}],"wp:featuredmedia":[{"embeddable":true,"href":"https:\/\/lubrimas.pe\/tienda\/wp-json\/wp\/v2\/media\/11859"}],"wp:attachment":[{"href":"https:\/\/lubrimas.pe\/tienda\/wp-json\/wp\/v2\/media?parent=11860"}],"wp:term":[{"taxonomy":"product_brand","embeddable":true,"href":"https:\/\/lubrimas.pe\/tienda\/wp-json\/wp\/v2\/product_brand?post=11860"},{"taxonomy":"product_cat","embeddable":true,"href":"https:\/\/lubrimas.pe\/tienda\/wp-json\/wp\/v2\/product_cat?post=11860"},{"taxonomy":"product_tag","embeddable":true,"href":"https:\/\/lubrimas.pe\/tienda\/wp-json\/wp\/v2\/product_tag?post=11860"}],"curies":[{"name":"wp","href":"https:\/\/api.w.org\/{rel}","templated":true}]}}