{"id":11874,"date":"2022-03-15T13:47:40","date_gmt":"2022-03-15T18:47:40","guid":{"rendered":"https:\/\/lubrimas.pe\/tienda\/?post_type=product&#038;p=11874"},"modified":"2024-09-06T09:18:58","modified_gmt":"2024-09-06T14:18:58","slug":"liqui-moly-mos2-leichtlauf-15w-40","status":"publish","type":"product","link":"https:\/\/lubrimas.pe\/tienda\/aceite-de-motor\/liqui-moly-mos2-leichtlauf-15w-40\/","title":{"rendered":"LIQUI MOLY MOS2 LEICHTLAUF 15W40 &#8211; Aceite de Motor"},"content":{"rendered":"<p><strong>LIQUI MOLY MOS2 LEICHTLAUF 15W40 <\/strong>es un aceite de motor para todo el a\u00f1o con la formulaci\u00f3n m\u00e1s moderna, fabricado a partir de aceites b\u00e1sicos seleccionados. Un elevado contenido de aditivos, entre los que se cuenta el lubricante s\u00f3lido disulfuro de molibdeno (MoS2), garantiza una lubricaci\u00f3n \u00f3ptima en condiciones de servicio extremas e intervalos de cambio de aceite prolongados.<\/p>\n<blockquote><p><strong>LM2631, LM-2631, LM 2631, <\/strong>LIQUIMOLY, LIQUI MOLY, ADTIVOS LUBRICANTES ALEMANES<\/p><\/blockquote>\n","protected":false},"excerpt":{"rendered":"<p>LIQUI MOLY MOS2 LEICHTLAUF 15W40 es un aceite de motor para todo el a\u00f1o con la formulaci\u00f3n m\u00e1s moderna, fabricado a partir de aceites b\u00e1sicos seleccionados. Un elevado contenido de<\/p>\n","protected":false},"featured_media":11877,"template":"","meta":[],"product_brand":[],"product_cat":[16,26,22],"product_tag":[24,25],"class_list":{"0":"post-11874","1":"product","2":"type-product","3":"status-publish","4":"has-post-thumbnail","6":"product_cat-aceite-de-motor","7":"product_cat-motor-diesel","8":"product_cat-motor-gasolina-gas","9":"product_tag-liqui-moly","10":"product_tag-liquimoly","11":"pa_grado-15w40","12":"pa_marca-liquimoly","13":"pa_ofertas-cyber","15":"first","16":"outofstock","17":"sale","18":"shipping-taxable","19":"purchasable","20":"product-type-variable","21":"has-default-attributes"},"yoast_head":"<!-- This site is optimized with the Yoast SEO plugin v27.6 - https:\/\/yoast.com\/product\/yoast-seo-wordpress\/ -->\n<title>LIQUI MOLY MOS2 LEICHTLAUF 15W40 - Aceite de Motor | Lubrimas.pe | Tienda Online<\/title>\n<meta name=\"description\" content=\"Proporciona una pel\u00edcula lubricante estable. Aceite antifricci\u00f3n sint\u00e9tico para motores. Aplicable en Motores Gasolina - Gas\" \/>\n<meta name=\"robots\" content=\"index, follow, max-snippet:-1, max-image-preview:large, max-video-preview:-1\" \/>\n<link rel=\"canonical\" href=\"https:\/\/lubrimas.pe\/tienda\/aceite-de-motor\/liqui-moly-mos2-leichtlauf-15w-40\/\" \/>\n<meta property=\"og:locale\" content=\"es_ES\" \/>\n<meta property=\"og:type\" content=\"article\" \/>\n<meta property=\"og:title\" content=\"LIQUI MOLY MOS2 LEICHTLAUF 15W40 - Aceite de Motor | Lubrimas.pe | Tienda Online\" \/>\n<meta property=\"og:description\" content=\"Proporciona una pel\u00edcula lubricante estable. Aceite antifricci\u00f3n sint\u00e9tico para motores. Aplicable en Motores Gasolina - Gas\" \/>\n<meta property=\"og:url\" content=\"https:\/\/lubrimas.pe\/tienda\/aceite-de-motor\/liqui-moly-mos2-leichtlauf-15w-40\/\" \/>\n<meta property=\"og:site_name\" content=\"Lubrimas.pe | Tienda Online\" \/>\n<meta property=\"article:modified_time\" content=\"2024-09-06T14:18:58+00:00\" \/>\n<meta property=\"og:image\" content=\"https:\/\/lubrimas.pe\/tienda\/wp-content\/uploads\/sites\/3\/2022\/03\/lubrimas_pe-lubrimasperu_com-liquimoly-mos2-leichtlauf-15w40-aceite-de-motor-lima-peru-los-olivos.webp\" \/>\n\t<meta property=\"og:image:width\" content=\"850\" \/>\n\t<meta property=\"og:image:height\" content=\"1000\" \/>\n\t<meta property=\"og:image:type\" content=\"image\/webp\" \/>\n<meta name=\"twitter:card\" content=\"summary_large_image\" \/>\n<meta name=\"twitter:label1\" content=\"Tiempo de lectura\" \/>\n\t<meta name=\"twitter:data1\" content=\"1 minuto\" \/>\n<script type=\"application\/ld+json\" class=\"yoast-schema-graph\">{\"@context\":\"https:\\\/\\\/schema.org\",\"@graph\":[{\"@type\":[\"WebPage\",\"ItemPage\"],\"@id\":\"https:\\\/\\\/lubrimas.pe\\\/tienda\\\/aceite-de-motor\\\/liqui-moly-mos2-leichtlauf-15w-40\\\/\",\"url\":\"https:\\\/\\\/lubrimas.pe\\\/tienda\\\/aceite-de-motor\\\/liqui-moly-mos2-leichtlauf-15w-40\\\/\",\"name\":\"LIQUI MOLY MOS2 LEICHTLAUF 15W40 - Aceite de Motor | Lubrimas.pe | Tienda Online\",\"isPartOf\":{\"@id\":\"https:\\\/\\\/lubrimas.pe\\\/tienda\\\/#website\"},\"primaryImageOfPage\":{\"@id\":\"https:\\\/\\\/lubrimas.pe\\\/tienda\\\/aceite-de-motor\\\/liqui-moly-mos2-leichtlauf-15w-40\\\/#primaryimage\"},\"image\":{\"@id\":\"https:\\\/\\\/lubrimas.pe\\\/tienda\\\/aceite-de-motor\\\/liqui-moly-mos2-leichtlauf-15w-40\\\/#primaryimage\"},\"thumbnailUrl\":\"https:\\\/\\\/lubrimas.pe\\\/tienda\\\/wp-content\\\/uploads\\\/sites\\\/3\\\/2022\\\/03\\\/lubrimas_pe-lubrimasperu_com-liquimoly-mos2-leichtlauf-15w40-aceite-de-motor-lima-peru-los-olivos.webp\",\"datePublished\":\"2022-03-15T18:47:40+00:00\",\"dateModified\":\"2024-09-06T14:18:58+00:00\",\"description\":\"Proporciona una pel\u00edcula lubricante estable. Aceite antifricci\u00f3n sint\u00e9tico para motores. Aplicable en Motores Gasolina - Gas\",\"breadcrumb\":{\"@id\":\"https:\\\/\\\/lubrimas.pe\\\/tienda\\\/aceite-de-motor\\\/liqui-moly-mos2-leichtlauf-15w-40\\\/#breadcrumb\"},\"inLanguage\":\"es\",\"potentialAction\":[{\"@type\":\"ReadAction\",\"target\":[\"https:\\\/\\\/lubrimas.pe\\\/tienda\\\/aceite-de-motor\\\/liqui-moly-mos2-leichtlauf-15w-40\\\/\"]}]},{\"@type\":\"ImageObject\",\"inLanguage\":\"es\",\"@id\":\"https:\\\/\\\/lubrimas.pe\\\/tienda\\\/aceite-de-motor\\\/liqui-moly-mos2-leichtlauf-15w-40\\\/#primaryimage\",\"url\":\"https:\\\/\\\/lubrimas.pe\\\/tienda\\\/wp-content\\\/uploads\\\/sites\\\/3\\\/2022\\\/03\\\/lubrimas_pe-lubrimasperu_com-liquimoly-mos2-leichtlauf-15w40-aceite-de-motor-lima-peru-los-olivos.webp\",\"contentUrl\":\"https:\\\/\\\/lubrimas.pe\\\/tienda\\\/wp-content\\\/uploads\\\/sites\\\/3\\\/2022\\\/03\\\/lubrimas_pe-lubrimasperu_com-liquimoly-mos2-leichtlauf-15w40-aceite-de-motor-lima-peru-los-olivos.webp\",\"width\":850,\"height\":1000},{\"@type\":\"BreadcrumbList\",\"@id\":\"https:\\\/\\\/lubrimas.pe\\\/tienda\\\/aceite-de-motor\\\/liqui-moly-mos2-leichtlauf-15w-40\\\/#breadcrumb\",\"itemListElement\":[{\"@type\":\"ListItem\",\"position\":1,\"name\":\"Portada\",\"item\":\"https:\\\/\\\/lubrimas.pe\\\/tienda\\\/\"},{\"@type\":\"ListItem\",\"position\":2,\"name\":\"Cat\u00e1logo\",\"item\":\"https:\\\/\\\/lubrimas.pe\\\/tienda\\\/productos\\\/\"},{\"@type\":\"ListItem\",\"position\":3,\"name\":\"LIQUI MOLY MOS2 LEICHTLAUF 15W40 &#8211; Aceite de Motor\"}]},{\"@type\":\"WebSite\",\"@id\":\"https:\\\/\\\/lubrimas.pe\\\/tienda\\\/#website\",\"url\":\"https:\\\/\\\/lubrimas.pe\\\/tienda\\\/\",\"name\":\"Lubrimas.pe | Tienda Online\",\"description\":\"Tus lubricantes favoritos al mejor precio!\",\"publisher\":{\"@id\":\"https:\\\/\\\/lubrimas.pe\\\/tienda\\\/#organization\"},\"potentialAction\":[{\"@type\":\"SearchAction\",\"target\":{\"@type\":\"EntryPoint\",\"urlTemplate\":\"https:\\\/\\\/lubrimas.pe\\\/tienda\\\/?s={search_term_string}\"},\"query-input\":{\"@type\":\"PropertyValueSpecification\",\"valueRequired\":true,\"valueName\":\"search_term_string\"}}],\"inLanguage\":\"es\"},{\"@type\":\"Organization\",\"@id\":\"https:\\\/\\\/lubrimas.pe\\\/tienda\\\/#organization\",\"name\":\"Lubrimas.pe\",\"url\":\"https:\\\/\\\/lubrimas.pe\\\/tienda\\\/\",\"logo\":{\"@type\":\"ImageObject\",\"inLanguage\":\"es\",\"@id\":\"https:\\\/\\\/lubrimas.pe\\\/tienda\\\/#\\\/schema\\\/logo\\\/image\\\/\",\"url\":\"https:\\\/\\\/lubrimas.pe\\\/tienda\\\/wp-content\\\/uploads\\\/sites\\\/3\\\/2022\\\/07\\\/BANNERS-PROMO-CYBER-WOW-LUBRIMASPE-2022-07.webp\",\"contentUrl\":\"https:\\\/\\\/lubrimas.pe\\\/tienda\\\/wp-content\\\/uploads\\\/sites\\\/3\\\/2022\\\/07\\\/BANNERS-PROMO-CYBER-WOW-LUBRIMASPE-2022-07.webp\",\"width\":500,\"height\":752,\"caption\":\"Lubrimas.pe\"},\"image\":{\"@id\":\"https:\\\/\\\/lubrimas.pe\\\/tienda\\\/#\\\/schema\\\/logo\\\/image\\\/\"}}]}<\/script>\n<!-- \/ Yoast SEO plugin. -->","yoast_head_json":{"title":"LIQUI MOLY MOS2 LEICHTLAUF 15W40 - Aceite de Motor | Lubrimas.pe | Tienda Online","description":"Proporciona una pel\u00edcula lubricante estable. Aceite antifricci\u00f3n sint\u00e9tico para motores. Aplicable en Motores Gasolina - Gas","robots":{"index":"index","follow":"follow","max-snippet":"max-snippet:-1","max-image-preview":"max-image-preview:large","max-video-preview":"max-video-preview:-1"},"canonical":"https:\/\/lubrimas.pe\/tienda\/aceite-de-motor\/liqui-moly-mos2-leichtlauf-15w-40\/","og_locale":"es_ES","og_type":"article","og_title":"LIQUI MOLY MOS2 LEICHTLAUF 15W40 - Aceite de Motor | Lubrimas.pe | Tienda Online","og_description":"Proporciona una pel\u00edcula lubricante estable. Aceite antifricci\u00f3n sint\u00e9tico para motores. Aplicable en Motores Gasolina - Gas","og_url":"https:\/\/lubrimas.pe\/tienda\/aceite-de-motor\/liqui-moly-mos2-leichtlauf-15w-40\/","og_site_name":"Lubrimas.pe | Tienda Online","article_modified_time":"2024-09-06T14:18:58+00:00","og_image":[{"width":850,"height":1000,"url":"https:\/\/lubrimas.pe\/tienda\/wp-content\/uploads\/sites\/3\/2022\/03\/lubrimas_pe-lubrimasperu_com-liquimoly-mos2-leichtlauf-15w40-aceite-de-motor-lima-peru-los-olivos.webp","type":"image\/webp"}],"twitter_card":"summary_large_image","twitter_misc":{"Tiempo de lectura":"1 minuto"},"schema":{"@context":"https:\/\/schema.org","@graph":[{"@type":["WebPage","ItemPage"],"@id":"https:\/\/lubrimas.pe\/tienda\/aceite-de-motor\/liqui-moly-mos2-leichtlauf-15w-40\/","url":"https:\/\/lubrimas.pe\/tienda\/aceite-de-motor\/liqui-moly-mos2-leichtlauf-15w-40\/","name":"LIQUI MOLY MOS2 LEICHTLAUF 15W40 - Aceite de Motor | Lubrimas.pe | Tienda Online","isPartOf":{"@id":"https:\/\/lubrimas.pe\/tienda\/#website"},"primaryImageOfPage":{"@id":"https:\/\/lubrimas.pe\/tienda\/aceite-de-motor\/liqui-moly-mos2-leichtlauf-15w-40\/#primaryimage"},"image":{"@id":"https:\/\/lubrimas.pe\/tienda\/aceite-de-motor\/liqui-moly-mos2-leichtlauf-15w-40\/#primaryimage"},"thumbnailUrl":"https:\/\/lubrimas.pe\/tienda\/wp-content\/uploads\/sites\/3\/2022\/03\/lubrimas_pe-lubrimasperu_com-liquimoly-mos2-leichtlauf-15w40-aceite-de-motor-lima-peru-los-olivos.webp","datePublished":"2022-03-15T18:47:40+00:00","dateModified":"2024-09-06T14:18:58+00:00","description":"Proporciona una pel\u00edcula lubricante estable. Aceite antifricci\u00f3n sint\u00e9tico para motores. Aplicable en Motores Gasolina - Gas","breadcrumb":{"@id":"https:\/\/lubrimas.pe\/tienda\/aceite-de-motor\/liqui-moly-mos2-leichtlauf-15w-40\/#breadcrumb"},"inLanguage":"es","potentialAction":[{"@type":"ReadAction","target":["https:\/\/lubrimas.pe\/tienda\/aceite-de-motor\/liqui-moly-mos2-leichtlauf-15w-40\/"]}]},{"@type":"ImageObject","inLanguage":"es","@id":"https:\/\/lubrimas.pe\/tienda\/aceite-de-motor\/liqui-moly-mos2-leichtlauf-15w-40\/#primaryimage","url":"https:\/\/lubrimas.pe\/tienda\/wp-content\/uploads\/sites\/3\/2022\/03\/lubrimas_pe-lubrimasperu_com-liquimoly-mos2-leichtlauf-15w40-aceite-de-motor-lima-peru-los-olivos.webp","contentUrl":"https:\/\/lubrimas.pe\/tienda\/wp-content\/uploads\/sites\/3\/2022\/03\/lubrimas_pe-lubrimasperu_com-liquimoly-mos2-leichtlauf-15w40-aceite-de-motor-lima-peru-los-olivos.webp","width":850,"height":1000},{"@type":"BreadcrumbList","@id":"https:\/\/lubrimas.pe\/tienda\/aceite-de-motor\/liqui-moly-mos2-leichtlauf-15w-40\/#breadcrumb","itemListElement":[{"@type":"ListItem","position":1,"name":"Portada","item":"https:\/\/lubrimas.pe\/tienda\/"},{"@type":"ListItem","position":2,"name":"Cat\u00e1logo","item":"https:\/\/lubrimas.pe\/tienda\/productos\/"},{"@type":"ListItem","position":3,"name":"LIQUI MOLY MOS2 LEICHTLAUF 15W40 &#8211; Aceite de Motor"}]},{"@type":"WebSite","@id":"https:\/\/lubrimas.pe\/tienda\/#website","url":"https:\/\/lubrimas.pe\/tienda\/","name":"Lubrimas.pe | Tienda Online","description":"Tus lubricantes favoritos al mejor precio!","publisher":{"@id":"https:\/\/lubrimas.pe\/tienda\/#organization"},"potentialAction":[{"@type":"SearchAction","target":{"@type":"EntryPoint","urlTemplate":"https:\/\/lubrimas.pe\/tienda\/?s={search_term_string}"},"query-input":{"@type":"PropertyValueSpecification","valueRequired":true,"valueName":"search_term_string"}}],"inLanguage":"es"},{"@type":"Organization","@id":"https:\/\/lubrimas.pe\/tienda\/#organization","name":"Lubrimas.pe","url":"https:\/\/lubrimas.pe\/tienda\/","logo":{"@type":"ImageObject","inLanguage":"es","@id":"https:\/\/lubrimas.pe\/tienda\/#\/schema\/logo\/image\/","url":"https:\/\/lubrimas.pe\/tienda\/wp-content\/uploads\/sites\/3\/2022\/07\/BANNERS-PROMO-CYBER-WOW-LUBRIMASPE-2022-07.webp","contentUrl":"https:\/\/lubrimas.pe\/tienda\/wp-content\/uploads\/sites\/3\/2022\/07\/BANNERS-PROMO-CYBER-WOW-LUBRIMASPE-2022-07.webp","width":500,"height":752,"caption":"Lubrimas.pe"},"image":{"@id":"https:\/\/lubrimas.pe\/tienda\/#\/schema\/logo\/image\/"}}]}},"_links":{"self":[{"href":"https:\/\/lubrimas.pe\/tienda\/wp-json\/wp\/v2\/product\/11874","targetHints":{"allow":["GET"]}}],"collection":[{"href":"https:\/\/lubrimas.pe\/tienda\/wp-json\/wp\/v2\/product"}],"about":[{"href":"https:\/\/lubrimas.pe\/tienda\/wp-json\/wp\/v2\/types\/product"}],"wp:featuredmedia":[{"embeddable":true,"href":"https:\/\/lubrimas.pe\/tienda\/wp-json\/wp\/v2\/media\/11877"}],"wp:attachment":[{"href":"https:\/\/lubrimas.pe\/tienda\/wp-json\/wp\/v2\/media?parent=11874"}],"wp:term":[{"taxonomy":"product_brand","embeddable":true,"href":"https:\/\/lubrimas.pe\/tienda\/wp-json\/wp\/v2\/product_brand?post=11874"},{"taxonomy":"product_cat","embeddable":true,"href":"https:\/\/lubrimas.pe\/tienda\/wp-json\/wp\/v2\/product_cat?post=11874"},{"taxonomy":"product_tag","embeddable":true,"href":"https:\/\/lubrimas.pe\/tienda\/wp-json\/wp\/v2\/product_tag?post=11874"}],"curies":[{"name":"wp","href":"https:\/\/api.w.org\/{rel}","templated":true}]}}