{"id":11920,"date":"2022-04-07T16:36:33","date_gmt":"2022-04-07T21:36:33","guid":{"rendered":"https:\/\/lubrimas.pe\/tienda\/?post_type=product&#038;p=11920"},"modified":"2023-01-02T10:25:05","modified_gmt":"2023-01-02T15:25:05","slug":"gazpromneft-premium-n-20w50","status":"publish","type":"product","link":"https:\/\/lubrimas.pe\/tienda\/aceite-de-motor\/gazpromneft-premium-n-20w50\/","title":{"rendered":"GAZPROMNEFT PREMIUM N 20W50"},"content":{"rendered":"<div><strong>Gazpromneft Premium N 20W50<\/strong> es un aceite de motor de alto rendimiento que proporciona un alto nivel de protecci\u00f3n y rendimiento en diversas condiciones de funcionamiento. Est\u00e1 formulado con aceites base de alta calidad y aditivos seleccionados que brindan una larga vida \u00fatil del motor para muchos tipos y edades de veh\u00edculos que protegen contra el lodo y el desgaste. Aceite de Tecnolog\u00eda Sint\u00e9tica ( Aceite Semi &#8211; Sint\u00e9tico ).<\/div>\n<div><\/div>\n<div><strong>Gazpromneft Premium N 20W50<\/strong> tiene una viscosidad m\u00e1s alta que ayuda a proporcionar una protecci\u00f3n completa del motor a velocidades de funcionamiento m\u00e1s altas, temperaturas y otras condiciones adversas.<\/div>\n<div><\/div>\n<p><\/p>\n<h4>INFORMACION T\u00c9CNICA<\/h4>\n<ul>\n<li class=\"nv-text \"><a href=\"https:\/\/lubrimas.pe\/tienda\/wp-content\/uploads\/sites\/3\/2022\/04\/GAZPROMNEFT-PREMIUM-N-20W50-ACEITE-DE-MOTOR-GASOLINA-GAS-FICHA-TECNICA-LUBRIMAS-PE-LOS-OLIVOS-LIMA-PERU.pdf\">Ficha T\u00e9cnica (PDF)<\/a><\/li>\n<li><a href=\"https:\/\/kixx.cl\/producto\/kixx-atf-multi\/\">Informaci\u00f3n Oficial ( Portal GASPROMNEFT )<\/a><\/li>\n<\/ul>\n","protected":false},"excerpt":{"rendered":"<p>Gazpromneft Premium N 20W50 es un aceite de motor de alto rendimiento que proporciona un alto nivel de protecci\u00f3n y rendimiento en diversas condiciones de funcionamiento. Est\u00e1 formulado con aceites<\/p>\n","protected":false},"featured_media":11924,"template":"","meta":[],"product_brand":[],"product_cat":[16,22],"product_tag":[42,21,19,43,44],"class_list":{"0":"post-11920","1":"product","2":"type-product","3":"status-publish","4":"has-post-thumbnail","6":"product_cat-aceite-de-motor","7":"product_cat-motor-gasolina-gas","8":"product_tag-20w50","9":"product_tag-automotriz","10":"product_tag-lubricantes","11":"product_tag-minerales","12":"product_tag-mobil","13":"pa_grado-20w50","14":"pa_marca-gazpromneft","16":"first","17":"outofstock","18":"sale","19":"featured","20":"shipping-taxable","21":"purchasable","22":"product-type-variable","23":"has-default-attributes"},"yoast_head":"<!-- This site is optimized with the Yoast SEO plugin v27.5 - https:\/\/yoast.com\/product\/yoast-seo-wordpress\/ -->\n<title>GAZPROMNEFT PREMIUM N 20W50 | Lubrimas.pe | Tienda Online<\/title>\n<meta name=\"robots\" content=\"index, follow, max-snippet:-1, max-image-preview:large, max-video-preview:-1\" \/>\n<link rel=\"canonical\" href=\"https:\/\/lubrimas.pe\/tienda\/aceite-de-motor\/gazpromneft-premium-n-20w50\/\" \/>\n<meta property=\"og:locale\" content=\"es_ES\" \/>\n<meta property=\"og:type\" content=\"article\" \/>\n<meta property=\"og:title\" content=\"GAZPROMNEFT PREMIUM N 20W50 | Lubrimas.pe | Tienda Online\" \/>\n<meta property=\"og:description\" content=\"Gazpromneft Premium N 20W50 es un aceite de motor de alto rendimiento que proporciona un alto nivel de protecci\u00f3n y rendimiento en diversas condiciones de funcionamiento. Est\u00e1 formulado con aceites\" \/>\n<meta property=\"og:url\" content=\"https:\/\/lubrimas.pe\/tienda\/aceite-de-motor\/gazpromneft-premium-n-20w50\/\" \/>\n<meta property=\"og:site_name\" content=\"Lubrimas.pe | Tienda Online\" \/>\n<meta property=\"article:modified_time\" content=\"2023-01-02T15:25:05+00:00\" \/>\n<meta property=\"og:image\" content=\"https:\/\/lubrimas.pe\/tienda\/wp-content\/uploads\/sites\/3\/2022\/04\/lubrimaspe-lubrimasperu-aceite-de-motor-gazprom-neft-premium-n-20w50-losolivos-lima-peru.webp\" \/>\n\t<meta property=\"og:image:width\" content=\"850\" \/>\n\t<meta property=\"og:image:height\" content=\"1000\" \/>\n\t<meta property=\"og:image:type\" content=\"image\/webp\" \/>\n<meta name=\"twitter:card\" content=\"summary_large_image\" \/>\n<meta name=\"twitter:label1\" content=\"Tiempo de lectura\" \/>\n\t<meta name=\"twitter:data1\" content=\"1 minuto\" \/>\n<script type=\"application\/ld+json\" class=\"yoast-schema-graph\">{\"@context\":\"https:\\\/\\\/schema.org\",\"@graph\":[{\"@type\":[\"WebPage\",\"ItemPage\"],\"@id\":\"https:\\\/\\\/lubrimas.pe\\\/tienda\\\/aceite-de-motor\\\/gazpromneft-premium-n-20w50\\\/\",\"url\":\"https:\\\/\\\/lubrimas.pe\\\/tienda\\\/aceite-de-motor\\\/gazpromneft-premium-n-20w50\\\/\",\"name\":\"GAZPROMNEFT PREMIUM N 20W50 | Lubrimas.pe | Tienda Online\",\"isPartOf\":{\"@id\":\"https:\\\/\\\/lubrimas.pe\\\/tienda\\\/#website\"},\"primaryImageOfPage\":{\"@id\":\"https:\\\/\\\/lubrimas.pe\\\/tienda\\\/aceite-de-motor\\\/gazpromneft-premium-n-20w50\\\/#primaryimage\"},\"image\":{\"@id\":\"https:\\\/\\\/lubrimas.pe\\\/tienda\\\/aceite-de-motor\\\/gazpromneft-premium-n-20w50\\\/#primaryimage\"},\"thumbnailUrl\":\"https:\\\/\\\/lubrimas.pe\\\/tienda\\\/wp-content\\\/uploads\\\/sites\\\/3\\\/2022\\\/04\\\/lubrimaspe-lubrimasperu-aceite-de-motor-gazprom-neft-premium-n-20w50-losolivos-lima-peru.webp\",\"datePublished\":\"2022-04-07T21:36:33+00:00\",\"dateModified\":\"2023-01-02T15:25:05+00:00\",\"breadcrumb\":{\"@id\":\"https:\\\/\\\/lubrimas.pe\\\/tienda\\\/aceite-de-motor\\\/gazpromneft-premium-n-20w50\\\/#breadcrumb\"},\"inLanguage\":\"es\",\"potentialAction\":[{\"@type\":\"ReadAction\",\"target\":[\"https:\\\/\\\/lubrimas.pe\\\/tienda\\\/aceite-de-motor\\\/gazpromneft-premium-n-20w50\\\/\"]}]},{\"@type\":\"ImageObject\",\"inLanguage\":\"es\",\"@id\":\"https:\\\/\\\/lubrimas.pe\\\/tienda\\\/aceite-de-motor\\\/gazpromneft-premium-n-20w50\\\/#primaryimage\",\"url\":\"https:\\\/\\\/lubrimas.pe\\\/tienda\\\/wp-content\\\/uploads\\\/sites\\\/3\\\/2022\\\/04\\\/lubrimaspe-lubrimasperu-aceite-de-motor-gazprom-neft-premium-n-20w50-losolivos-lima-peru.webp\",\"contentUrl\":\"https:\\\/\\\/lubrimas.pe\\\/tienda\\\/wp-content\\\/uploads\\\/sites\\\/3\\\/2022\\\/04\\\/lubrimaspe-lubrimasperu-aceite-de-motor-gazprom-neft-premium-n-20w50-losolivos-lima-peru.webp\",\"width\":850,\"height\":1000},{\"@type\":\"BreadcrumbList\",\"@id\":\"https:\\\/\\\/lubrimas.pe\\\/tienda\\\/aceite-de-motor\\\/gazpromneft-premium-n-20w50\\\/#breadcrumb\",\"itemListElement\":[{\"@type\":\"ListItem\",\"position\":1,\"name\":\"Portada\",\"item\":\"https:\\\/\\\/lubrimas.pe\\\/tienda\\\/\"},{\"@type\":\"ListItem\",\"position\":2,\"name\":\"Cat\u00e1logo\",\"item\":\"https:\\\/\\\/lubrimas.pe\\\/tienda\\\/productos\\\/\"},{\"@type\":\"ListItem\",\"position\":3,\"name\":\"GAZPROMNEFT PREMIUM N 20W50\"}]},{\"@type\":\"WebSite\",\"@id\":\"https:\\\/\\\/lubrimas.pe\\\/tienda\\\/#website\",\"url\":\"https:\\\/\\\/lubrimas.pe\\\/tienda\\\/\",\"name\":\"Lubrimas.pe | Tienda Online\",\"description\":\"Tus lubricantes favoritos al mejor precio!\",\"publisher\":{\"@id\":\"https:\\\/\\\/lubrimas.pe\\\/tienda\\\/#organization\"},\"potentialAction\":[{\"@type\":\"SearchAction\",\"target\":{\"@type\":\"EntryPoint\",\"urlTemplate\":\"https:\\\/\\\/lubrimas.pe\\\/tienda\\\/?s={search_term_string}\"},\"query-input\":{\"@type\":\"PropertyValueSpecification\",\"valueRequired\":true,\"valueName\":\"search_term_string\"}}],\"inLanguage\":\"es\"},{\"@type\":\"Organization\",\"@id\":\"https:\\\/\\\/lubrimas.pe\\\/tienda\\\/#organization\",\"name\":\"Lubrimas.pe\",\"url\":\"https:\\\/\\\/lubrimas.pe\\\/tienda\\\/\",\"logo\":{\"@type\":\"ImageObject\",\"inLanguage\":\"es\",\"@id\":\"https:\\\/\\\/lubrimas.pe\\\/tienda\\\/#\\\/schema\\\/logo\\\/image\\\/\",\"url\":\"https:\\\/\\\/lubrimas.pe\\\/tienda\\\/wp-content\\\/uploads\\\/sites\\\/3\\\/2022\\\/07\\\/BANNERS-PROMO-CYBER-WOW-LUBRIMASPE-2022-07.webp\",\"contentUrl\":\"https:\\\/\\\/lubrimas.pe\\\/tienda\\\/wp-content\\\/uploads\\\/sites\\\/3\\\/2022\\\/07\\\/BANNERS-PROMO-CYBER-WOW-LUBRIMASPE-2022-07.webp\",\"width\":500,\"height\":752,\"caption\":\"Lubrimas.pe\"},\"image\":{\"@id\":\"https:\\\/\\\/lubrimas.pe\\\/tienda\\\/#\\\/schema\\\/logo\\\/image\\\/\"}}]}<\/script>\n<!-- \/ Yoast SEO plugin. -->","yoast_head_json":{"title":"GAZPROMNEFT PREMIUM N 20W50 | Lubrimas.pe | Tienda Online","robots":{"index":"index","follow":"follow","max-snippet":"max-snippet:-1","max-image-preview":"max-image-preview:large","max-video-preview":"max-video-preview:-1"},"canonical":"https:\/\/lubrimas.pe\/tienda\/aceite-de-motor\/gazpromneft-premium-n-20w50\/","og_locale":"es_ES","og_type":"article","og_title":"GAZPROMNEFT PREMIUM N 20W50 | Lubrimas.pe | Tienda Online","og_description":"Gazpromneft Premium N 20W50 es un aceite de motor de alto rendimiento que proporciona un alto nivel de protecci\u00f3n y rendimiento en diversas condiciones de funcionamiento. Est\u00e1 formulado con aceites","og_url":"https:\/\/lubrimas.pe\/tienda\/aceite-de-motor\/gazpromneft-premium-n-20w50\/","og_site_name":"Lubrimas.pe | Tienda Online","article_modified_time":"2023-01-02T15:25:05+00:00","og_image":[{"width":850,"height":1000,"url":"https:\/\/lubrimas.pe\/tienda\/wp-content\/uploads\/sites\/3\/2022\/04\/lubrimaspe-lubrimasperu-aceite-de-motor-gazprom-neft-premium-n-20w50-losolivos-lima-peru.webp","type":"image\/webp"}],"twitter_card":"summary_large_image","twitter_misc":{"Tiempo de lectura":"1 minuto"},"schema":{"@context":"https:\/\/schema.org","@graph":[{"@type":["WebPage","ItemPage"],"@id":"https:\/\/lubrimas.pe\/tienda\/aceite-de-motor\/gazpromneft-premium-n-20w50\/","url":"https:\/\/lubrimas.pe\/tienda\/aceite-de-motor\/gazpromneft-premium-n-20w50\/","name":"GAZPROMNEFT PREMIUM N 20W50 | Lubrimas.pe | Tienda Online","isPartOf":{"@id":"https:\/\/lubrimas.pe\/tienda\/#website"},"primaryImageOfPage":{"@id":"https:\/\/lubrimas.pe\/tienda\/aceite-de-motor\/gazpromneft-premium-n-20w50\/#primaryimage"},"image":{"@id":"https:\/\/lubrimas.pe\/tienda\/aceite-de-motor\/gazpromneft-premium-n-20w50\/#primaryimage"},"thumbnailUrl":"https:\/\/lubrimas.pe\/tienda\/wp-content\/uploads\/sites\/3\/2022\/04\/lubrimaspe-lubrimasperu-aceite-de-motor-gazprom-neft-premium-n-20w50-losolivos-lima-peru.webp","datePublished":"2022-04-07T21:36:33+00:00","dateModified":"2023-01-02T15:25:05+00:00","breadcrumb":{"@id":"https:\/\/lubrimas.pe\/tienda\/aceite-de-motor\/gazpromneft-premium-n-20w50\/#breadcrumb"},"inLanguage":"es","potentialAction":[{"@type":"ReadAction","target":["https:\/\/lubrimas.pe\/tienda\/aceite-de-motor\/gazpromneft-premium-n-20w50\/"]}]},{"@type":"ImageObject","inLanguage":"es","@id":"https:\/\/lubrimas.pe\/tienda\/aceite-de-motor\/gazpromneft-premium-n-20w50\/#primaryimage","url":"https:\/\/lubrimas.pe\/tienda\/wp-content\/uploads\/sites\/3\/2022\/04\/lubrimaspe-lubrimasperu-aceite-de-motor-gazprom-neft-premium-n-20w50-losolivos-lima-peru.webp","contentUrl":"https:\/\/lubrimas.pe\/tienda\/wp-content\/uploads\/sites\/3\/2022\/04\/lubrimaspe-lubrimasperu-aceite-de-motor-gazprom-neft-premium-n-20w50-losolivos-lima-peru.webp","width":850,"height":1000},{"@type":"BreadcrumbList","@id":"https:\/\/lubrimas.pe\/tienda\/aceite-de-motor\/gazpromneft-premium-n-20w50\/#breadcrumb","itemListElement":[{"@type":"ListItem","position":1,"name":"Portada","item":"https:\/\/lubrimas.pe\/tienda\/"},{"@type":"ListItem","position":2,"name":"Cat\u00e1logo","item":"https:\/\/lubrimas.pe\/tienda\/productos\/"},{"@type":"ListItem","position":3,"name":"GAZPROMNEFT PREMIUM N 20W50"}]},{"@type":"WebSite","@id":"https:\/\/lubrimas.pe\/tienda\/#website","url":"https:\/\/lubrimas.pe\/tienda\/","name":"Lubrimas.pe | Tienda Online","description":"Tus lubricantes favoritos al mejor precio!","publisher":{"@id":"https:\/\/lubrimas.pe\/tienda\/#organization"},"potentialAction":[{"@type":"SearchAction","target":{"@type":"EntryPoint","urlTemplate":"https:\/\/lubrimas.pe\/tienda\/?s={search_term_string}"},"query-input":{"@type":"PropertyValueSpecification","valueRequired":true,"valueName":"search_term_string"}}],"inLanguage":"es"},{"@type":"Organization","@id":"https:\/\/lubrimas.pe\/tienda\/#organization","name":"Lubrimas.pe","url":"https:\/\/lubrimas.pe\/tienda\/","logo":{"@type":"ImageObject","inLanguage":"es","@id":"https:\/\/lubrimas.pe\/tienda\/#\/schema\/logo\/image\/","url":"https:\/\/lubrimas.pe\/tienda\/wp-content\/uploads\/sites\/3\/2022\/07\/BANNERS-PROMO-CYBER-WOW-LUBRIMASPE-2022-07.webp","contentUrl":"https:\/\/lubrimas.pe\/tienda\/wp-content\/uploads\/sites\/3\/2022\/07\/BANNERS-PROMO-CYBER-WOW-LUBRIMASPE-2022-07.webp","width":500,"height":752,"caption":"Lubrimas.pe"},"image":{"@id":"https:\/\/lubrimas.pe\/tienda\/#\/schema\/logo\/image\/"}}]}},"_links":{"self":[{"href":"https:\/\/lubrimas.pe\/tienda\/wp-json\/wp\/v2\/product\/11920","targetHints":{"allow":["GET"]}}],"collection":[{"href":"https:\/\/lubrimas.pe\/tienda\/wp-json\/wp\/v2\/product"}],"about":[{"href":"https:\/\/lubrimas.pe\/tienda\/wp-json\/wp\/v2\/types\/product"}],"wp:featuredmedia":[{"embeddable":true,"href":"https:\/\/lubrimas.pe\/tienda\/wp-json\/wp\/v2\/media\/11924"}],"wp:attachment":[{"href":"https:\/\/lubrimas.pe\/tienda\/wp-json\/wp\/v2\/media?parent=11920"}],"wp:term":[{"taxonomy":"product_brand","embeddable":true,"href":"https:\/\/lubrimas.pe\/tienda\/wp-json\/wp\/v2\/product_brand?post=11920"},{"taxonomy":"product_cat","embeddable":true,"href":"https:\/\/lubrimas.pe\/tienda\/wp-json\/wp\/v2\/product_cat?post=11920"},{"taxonomy":"product_tag","embeddable":true,"href":"https:\/\/lubrimas.pe\/tienda\/wp-json\/wp\/v2\/product_tag?post=11920"}],"curies":[{"name":"wp","href":"https:\/\/api.w.org\/{rel}","templated":true}]}}