{"id":12004,"date":"2022-05-30T15:20:58","date_gmt":"2022-05-30T20:20:58","guid":{"rendered":"https:\/\/lubrimas.pe\/tienda\/?post_type=product&#038;p=12004"},"modified":"2026-01-30T12:07:42","modified_gmt":"2026-01-30T17:07:42","slug":"mannol-anticongelante-af12-g12-50-50-rosa","status":"publish","type":"product","link":"https:\/\/lubrimas.pe\/tienda\/refrigerantes\/mannol-anticongelante-af12-g12-50-50-rosa\/","title":{"rendered":"MANNOL ANTICONGELANTE AF12+ (G12 \/ G12+) 50\/50 &#8211; ROSA"},"content":{"rendered":"<p><strong>MANNOL ANTICONGELANTE AF12+ LONGLIFE 4012<\/strong> es una soluci\u00f3n lista para usar carboxilada (org\u00e1nica &#8211; OAT Organic Acid Technology), dise\u00f1ada para su uso durante todo el a\u00f1o en cualquier sistema de refrigeraci\u00f3n moderno para el que se recomienda el uso de anticongelante a base de etilenglicol. Garantiza una protecci\u00f3n fiable de cualquier sistema de refrigeraci\u00f3n.\u00a0El paquete de aditivos carboxilados (OAT) altamente eficaz garantiza una estabilidad excepcional de las cualidades de servicio del anticongelante durante toda la vida \u00fatil.\u00a0Tiene una vida \u00fatil extendida en los sistemas de refrigeraci\u00f3n: de turismos \u2013 hasta 250 mil km;\u00a0de veh\u00edculos comerciales \u2013 hasta 500 mil km;\u00a0de motores estacionarios \u2013 hasta 6 a\u00f1os.<\/p>\n<p>Se recomienda para motores que requieren una mejor disipaci\u00f3n del calor: motores muy acelerados, motores con turbocompresor y sistemas de refrigeraci\u00f3n de veh\u00edculos comerciales modernos.<\/p>\n<h5><strong>APROBACIONES \/ ESPECIFICACIONES<\/strong><\/h5>\n<p>SAE J1034, AFNOR FRANCIA NF R15-601 (excepto RA), ASTM EE. UU. D3306, ASTM EE. UU. D4656, ASTM EE. UU. D4985, ASTM EE. UU. D6210, BSI GB BS 6580:2010, FVV ALEMANIA Heft R443, KSM COREA DEL SUR 2142, MIL B\u00c9LGICA BT-PS-606-A, MIL FRANCIA DCSEA 615\/C, MIL ITALIA E\/L-1415b, MIL SUECIA FSD 8704, OTAN S-759, OENORM AUSTRIA V5123, UNE ESPA\u00d1A 26-361-88\/1, ADE, ASTON MARTIN, VOLKSWAGEN TL 774 D (<strong>G12<\/strong>), VOLKSWAGEN TL 774 F (<strong>G12+ &#8211; COMPATIBLE G13<\/strong>), BEHR, MOTORES BERGEN 2.13.01, BMWGS 94000, BRB BR 637, FUNDA NEW HOLLAND MAT 3624, CATERPILLAR MAK A4.05.09.01, CHEVROLET, CLAAS, CUMMINS CES 14439, CUMMINS CES 14603, CUMMINS ES serie N14, DAF 74002, DETROIT DIESEL 93K217, FENDT, FORD WSS-M97B44-D, GRAN MURALLA, HITACHI, ISUZU, JAGUAR CMR 8229, JAGUAR STJLR.651.5003, JENBACHER TA 1000-0201, JOHN DEERE JDM H5, CAROSA, KOBELCO, KOMATSU 07.892 (2009), LAND ROVER STJLR.651.5003, CAMIONES LEYLAND DW03245403, LIEBHERR MD1-36-130, MACK 014GS 17009, HOMBRE 324 SNF, HOMBRE BWAS, MAN BW DIESEL AG D36 5600, MAZDA MEZ MN 121 D, MB 325.3, MINIGS 94000, MITSUBISHI MHI, MTU MTL 5048, MWM 0199-99-2091\/11,RENAULT 41-01-001\/Tipo D<\/p>\n<p>&nbsp;<\/p>\n<blockquote><p>ANTI-CONGELANTE AF12+, AF 12, AF 12 +, AF-12, VW, REFRIGERANTE, ANTICONGELANTE, VOLKSWAGEN, VW<\/p><\/blockquote>\n","protected":false},"excerpt":{"rendered":"<p>MANNOL ANTICONGELANTE AF12+ LONGLIFE 4012 es una soluci\u00f3n lista para usar carboxilada (org\u00e1nica &#8211; OAT Organic Acid Technology), dise\u00f1ada para su uso durante todo el a\u00f1o en cualquier sistema de<\/p>\n","protected":false},"featured_media":12005,"template":"","meta":[],"product_brand":[],"product_cat":[38],"product_tag":[],"class_list":{"0":"post-12004","1":"product","2":"type-product","3":"status-publish","4":"has-post-thumbnail","6":"product_cat-refrigerantes","7":"pa_concentrado-154","8":"pa_marca-mannol","10":"first","11":"outofstock","12":"sale","13":"shipping-taxable","14":"purchasable","15":"product-type-variable","16":"has-default-attributes"},"yoast_head":"<!-- This site is optimized with the Yoast SEO plugin v27.4 - https:\/\/yoast.com\/product\/yoast-seo-wordpress\/ -->\n<title>MANNOL ANTICONGELANTE AF12+ (G12 \/ G12+) 50\/50 - ROSA | Lubrimas.pe | Tienda Online<\/title>\n<meta name=\"robots\" content=\"index, follow, max-snippet:-1, max-image-preview:large, max-video-preview:-1\" \/>\n<link rel=\"canonical\" href=\"https:\/\/lubrimas.pe\/tienda\/refrigerantes\/mannol-anticongelante-af12-g12-50-50-rosa\/\" \/>\n<meta property=\"og:locale\" content=\"es_ES\" \/>\n<meta property=\"og:type\" content=\"article\" \/>\n<meta property=\"og:title\" content=\"MANNOL ANTICONGELANTE AF12+ (G12 \/ G12+) 50\/50 - ROSA | Lubrimas.pe | Tienda Online\" \/>\n<meta property=\"og:description\" content=\"MANNOL ANTICONGELANTE AF12+ LONGLIFE 4012 es una soluci\u00f3n lista para usar carboxilada (org\u00e1nica &#8211; OAT Organic Acid Technology), dise\u00f1ada para su uso durante todo el a\u00f1o en cualquier sistema de\" \/>\n<meta property=\"og:url\" content=\"https:\/\/lubrimas.pe\/tienda\/refrigerantes\/mannol-anticongelante-af12-g12-50-50-rosa\/\" \/>\n<meta property=\"og:site_name\" content=\"Lubrimas.pe | Tienda Online\" \/>\n<meta property=\"article:modified_time\" content=\"2026-01-30T17:07:42+00:00\" \/>\n<meta property=\"og:image\" content=\"https:\/\/lubrimas.pe\/tienda\/wp-content\/uploads\/sites\/3\/2022\/05\/lubrimaspe-lubrimasperu-refrigerante-anticongleante-antifreeze-mannol-4012-af12-g12-compatible-g13-losolivos-lima-peru.webp\" \/>\n\t<meta property=\"og:image:width\" content=\"850\" \/>\n\t<meta property=\"og:image:height\" content=\"1000\" \/>\n\t<meta property=\"og:image:type\" content=\"image\/webp\" \/>\n<meta name=\"twitter:card\" content=\"summary_large_image\" \/>\n<meta name=\"twitter:label1\" content=\"Tiempo de lectura\" \/>\n\t<meta name=\"twitter:data1\" content=\"2 minutos\" \/>\n<script type=\"application\/ld+json\" class=\"yoast-schema-graph\">{\"@context\":\"https:\\\/\\\/schema.org\",\"@graph\":[{\"@type\":[\"WebPage\",\"ItemPage\"],\"@id\":\"https:\\\/\\\/lubrimas.pe\\\/tienda\\\/refrigerantes\\\/mannol-anticongelante-af12-g12-50-50-rosa\\\/\",\"url\":\"https:\\\/\\\/lubrimas.pe\\\/tienda\\\/refrigerantes\\\/mannol-anticongelante-af12-g12-50-50-rosa\\\/\",\"name\":\"MANNOL ANTICONGELANTE AF12+ (G12 \\\/ G12+) 50\\\/50 - ROSA | Lubrimas.pe | Tienda Online\",\"isPartOf\":{\"@id\":\"https:\\\/\\\/lubrimas.pe\\\/tienda\\\/#website\"},\"primaryImageOfPage\":{\"@id\":\"https:\\\/\\\/lubrimas.pe\\\/tienda\\\/refrigerantes\\\/mannol-anticongelante-af12-g12-50-50-rosa\\\/#primaryimage\"},\"image\":{\"@id\":\"https:\\\/\\\/lubrimas.pe\\\/tienda\\\/refrigerantes\\\/mannol-anticongelante-af12-g12-50-50-rosa\\\/#primaryimage\"},\"thumbnailUrl\":\"https:\\\/\\\/lubrimas.pe\\\/tienda\\\/wp-content\\\/uploads\\\/sites\\\/3\\\/2022\\\/05\\\/lubrimaspe-lubrimasperu-refrigerante-anticongleante-antifreeze-mannol-4012-af12-g12-compatible-g13-losolivos-lima-peru.webp\",\"datePublished\":\"2022-05-30T20:20:58+00:00\",\"dateModified\":\"2026-01-30T17:07:42+00:00\",\"breadcrumb\":{\"@id\":\"https:\\\/\\\/lubrimas.pe\\\/tienda\\\/refrigerantes\\\/mannol-anticongelante-af12-g12-50-50-rosa\\\/#breadcrumb\"},\"inLanguage\":\"es\",\"potentialAction\":[{\"@type\":\"ReadAction\",\"target\":[\"https:\\\/\\\/lubrimas.pe\\\/tienda\\\/refrigerantes\\\/mannol-anticongelante-af12-g12-50-50-rosa\\\/\"]}]},{\"@type\":\"ImageObject\",\"inLanguage\":\"es\",\"@id\":\"https:\\\/\\\/lubrimas.pe\\\/tienda\\\/refrigerantes\\\/mannol-anticongelante-af12-g12-50-50-rosa\\\/#primaryimage\",\"url\":\"https:\\\/\\\/lubrimas.pe\\\/tienda\\\/wp-content\\\/uploads\\\/sites\\\/3\\\/2022\\\/05\\\/lubrimaspe-lubrimasperu-refrigerante-anticongleante-antifreeze-mannol-4012-af12-g12-compatible-g13-losolivos-lima-peru.webp\",\"contentUrl\":\"https:\\\/\\\/lubrimas.pe\\\/tienda\\\/wp-content\\\/uploads\\\/sites\\\/3\\\/2022\\\/05\\\/lubrimaspe-lubrimasperu-refrigerante-anticongleante-antifreeze-mannol-4012-af12-g12-compatible-g13-losolivos-lima-peru.webp\",\"width\":850,\"height\":1000},{\"@type\":\"BreadcrumbList\",\"@id\":\"https:\\\/\\\/lubrimas.pe\\\/tienda\\\/refrigerantes\\\/mannol-anticongelante-af12-g12-50-50-rosa\\\/#breadcrumb\",\"itemListElement\":[{\"@type\":\"ListItem\",\"position\":1,\"name\":\"Portada\",\"item\":\"https:\\\/\\\/lubrimas.pe\\\/tienda\\\/\"},{\"@type\":\"ListItem\",\"position\":2,\"name\":\"Cat\u00e1logo\",\"item\":\"https:\\\/\\\/lubrimas.pe\\\/tienda\\\/productos\\\/\"},{\"@type\":\"ListItem\",\"position\":3,\"name\":\"MANNOL ANTICONGELANTE AF12+ (G12 \\\/ G12+) 50\\\/50 &#8211; ROSA\"}]},{\"@type\":\"WebSite\",\"@id\":\"https:\\\/\\\/lubrimas.pe\\\/tienda\\\/#website\",\"url\":\"https:\\\/\\\/lubrimas.pe\\\/tienda\\\/\",\"name\":\"Lubrimas.pe | Tienda Online\",\"description\":\"Tus lubricantes favoritos al mejor precio!\",\"publisher\":{\"@id\":\"https:\\\/\\\/lubrimas.pe\\\/tienda\\\/#organization\"},\"potentialAction\":[{\"@type\":\"SearchAction\",\"target\":{\"@type\":\"EntryPoint\",\"urlTemplate\":\"https:\\\/\\\/lubrimas.pe\\\/tienda\\\/?s={search_term_string}\"},\"query-input\":{\"@type\":\"PropertyValueSpecification\",\"valueRequired\":true,\"valueName\":\"search_term_string\"}}],\"inLanguage\":\"es\"},{\"@type\":\"Organization\",\"@id\":\"https:\\\/\\\/lubrimas.pe\\\/tienda\\\/#organization\",\"name\":\"Lubrimas.pe\",\"url\":\"https:\\\/\\\/lubrimas.pe\\\/tienda\\\/\",\"logo\":{\"@type\":\"ImageObject\",\"inLanguage\":\"es\",\"@id\":\"https:\\\/\\\/lubrimas.pe\\\/tienda\\\/#\\\/schema\\\/logo\\\/image\\\/\",\"url\":\"https:\\\/\\\/lubrimas.pe\\\/tienda\\\/wp-content\\\/uploads\\\/sites\\\/3\\\/2022\\\/07\\\/BANNERS-PROMO-CYBER-WOW-LUBRIMASPE-2022-07.webp\",\"contentUrl\":\"https:\\\/\\\/lubrimas.pe\\\/tienda\\\/wp-content\\\/uploads\\\/sites\\\/3\\\/2022\\\/07\\\/BANNERS-PROMO-CYBER-WOW-LUBRIMASPE-2022-07.webp\",\"width\":500,\"height\":752,\"caption\":\"Lubrimas.pe\"},\"image\":{\"@id\":\"https:\\\/\\\/lubrimas.pe\\\/tienda\\\/#\\\/schema\\\/logo\\\/image\\\/\"}}]}<\/script>\n<!-- \/ Yoast SEO plugin. -->","yoast_head_json":{"title":"MANNOL ANTICONGELANTE AF12+ (G12 \/ G12+) 50\/50 - ROSA | Lubrimas.pe | Tienda Online","robots":{"index":"index","follow":"follow","max-snippet":"max-snippet:-1","max-image-preview":"max-image-preview:large","max-video-preview":"max-video-preview:-1"},"canonical":"https:\/\/lubrimas.pe\/tienda\/refrigerantes\/mannol-anticongelante-af12-g12-50-50-rosa\/","og_locale":"es_ES","og_type":"article","og_title":"MANNOL ANTICONGELANTE AF12+ (G12 \/ G12+) 50\/50 - ROSA | Lubrimas.pe | Tienda Online","og_description":"MANNOL ANTICONGELANTE AF12+ LONGLIFE 4012 es una soluci\u00f3n lista para usar carboxilada (org\u00e1nica &#8211; OAT Organic Acid Technology), dise\u00f1ada para su uso durante todo el a\u00f1o en cualquier sistema de","og_url":"https:\/\/lubrimas.pe\/tienda\/refrigerantes\/mannol-anticongelante-af12-g12-50-50-rosa\/","og_site_name":"Lubrimas.pe | Tienda Online","article_modified_time":"2026-01-30T17:07:42+00:00","og_image":[{"width":850,"height":1000,"url":"https:\/\/lubrimas.pe\/tienda\/wp-content\/uploads\/sites\/3\/2022\/05\/lubrimaspe-lubrimasperu-refrigerante-anticongleante-antifreeze-mannol-4012-af12-g12-compatible-g13-losolivos-lima-peru.webp","type":"image\/webp"}],"twitter_card":"summary_large_image","twitter_misc":{"Tiempo de lectura":"2 minutos"},"schema":{"@context":"https:\/\/schema.org","@graph":[{"@type":["WebPage","ItemPage"],"@id":"https:\/\/lubrimas.pe\/tienda\/refrigerantes\/mannol-anticongelante-af12-g12-50-50-rosa\/","url":"https:\/\/lubrimas.pe\/tienda\/refrigerantes\/mannol-anticongelante-af12-g12-50-50-rosa\/","name":"MANNOL ANTICONGELANTE AF12+ (G12 \/ G12+) 50\/50 - ROSA | Lubrimas.pe | Tienda Online","isPartOf":{"@id":"https:\/\/lubrimas.pe\/tienda\/#website"},"primaryImageOfPage":{"@id":"https:\/\/lubrimas.pe\/tienda\/refrigerantes\/mannol-anticongelante-af12-g12-50-50-rosa\/#primaryimage"},"image":{"@id":"https:\/\/lubrimas.pe\/tienda\/refrigerantes\/mannol-anticongelante-af12-g12-50-50-rosa\/#primaryimage"},"thumbnailUrl":"https:\/\/lubrimas.pe\/tienda\/wp-content\/uploads\/sites\/3\/2022\/05\/lubrimaspe-lubrimasperu-refrigerante-anticongleante-antifreeze-mannol-4012-af12-g12-compatible-g13-losolivos-lima-peru.webp","datePublished":"2022-05-30T20:20:58+00:00","dateModified":"2026-01-30T17:07:42+00:00","breadcrumb":{"@id":"https:\/\/lubrimas.pe\/tienda\/refrigerantes\/mannol-anticongelante-af12-g12-50-50-rosa\/#breadcrumb"},"inLanguage":"es","potentialAction":[{"@type":"ReadAction","target":["https:\/\/lubrimas.pe\/tienda\/refrigerantes\/mannol-anticongelante-af12-g12-50-50-rosa\/"]}]},{"@type":"ImageObject","inLanguage":"es","@id":"https:\/\/lubrimas.pe\/tienda\/refrigerantes\/mannol-anticongelante-af12-g12-50-50-rosa\/#primaryimage","url":"https:\/\/lubrimas.pe\/tienda\/wp-content\/uploads\/sites\/3\/2022\/05\/lubrimaspe-lubrimasperu-refrigerante-anticongleante-antifreeze-mannol-4012-af12-g12-compatible-g13-losolivos-lima-peru.webp","contentUrl":"https:\/\/lubrimas.pe\/tienda\/wp-content\/uploads\/sites\/3\/2022\/05\/lubrimaspe-lubrimasperu-refrigerante-anticongleante-antifreeze-mannol-4012-af12-g12-compatible-g13-losolivos-lima-peru.webp","width":850,"height":1000},{"@type":"BreadcrumbList","@id":"https:\/\/lubrimas.pe\/tienda\/refrigerantes\/mannol-anticongelante-af12-g12-50-50-rosa\/#breadcrumb","itemListElement":[{"@type":"ListItem","position":1,"name":"Portada","item":"https:\/\/lubrimas.pe\/tienda\/"},{"@type":"ListItem","position":2,"name":"Cat\u00e1logo","item":"https:\/\/lubrimas.pe\/tienda\/productos\/"},{"@type":"ListItem","position":3,"name":"MANNOL ANTICONGELANTE AF12+ (G12 \/ G12+) 50\/50 &#8211; ROSA"}]},{"@type":"WebSite","@id":"https:\/\/lubrimas.pe\/tienda\/#website","url":"https:\/\/lubrimas.pe\/tienda\/","name":"Lubrimas.pe | Tienda Online","description":"Tus lubricantes favoritos al mejor precio!","publisher":{"@id":"https:\/\/lubrimas.pe\/tienda\/#organization"},"potentialAction":[{"@type":"SearchAction","target":{"@type":"EntryPoint","urlTemplate":"https:\/\/lubrimas.pe\/tienda\/?s={search_term_string}"},"query-input":{"@type":"PropertyValueSpecification","valueRequired":true,"valueName":"search_term_string"}}],"inLanguage":"es"},{"@type":"Organization","@id":"https:\/\/lubrimas.pe\/tienda\/#organization","name":"Lubrimas.pe","url":"https:\/\/lubrimas.pe\/tienda\/","logo":{"@type":"ImageObject","inLanguage":"es","@id":"https:\/\/lubrimas.pe\/tienda\/#\/schema\/logo\/image\/","url":"https:\/\/lubrimas.pe\/tienda\/wp-content\/uploads\/sites\/3\/2022\/07\/BANNERS-PROMO-CYBER-WOW-LUBRIMASPE-2022-07.webp","contentUrl":"https:\/\/lubrimas.pe\/tienda\/wp-content\/uploads\/sites\/3\/2022\/07\/BANNERS-PROMO-CYBER-WOW-LUBRIMASPE-2022-07.webp","width":500,"height":752,"caption":"Lubrimas.pe"},"image":{"@id":"https:\/\/lubrimas.pe\/tienda\/#\/schema\/logo\/image\/"}}]}},"_links":{"self":[{"href":"https:\/\/lubrimas.pe\/tienda\/wp-json\/wp\/v2\/product\/12004","targetHints":{"allow":["GET"]}}],"collection":[{"href":"https:\/\/lubrimas.pe\/tienda\/wp-json\/wp\/v2\/product"}],"about":[{"href":"https:\/\/lubrimas.pe\/tienda\/wp-json\/wp\/v2\/types\/product"}],"wp:featuredmedia":[{"embeddable":true,"href":"https:\/\/lubrimas.pe\/tienda\/wp-json\/wp\/v2\/media\/12005"}],"wp:attachment":[{"href":"https:\/\/lubrimas.pe\/tienda\/wp-json\/wp\/v2\/media?parent=12004"}],"wp:term":[{"taxonomy":"product_brand","embeddable":true,"href":"https:\/\/lubrimas.pe\/tienda\/wp-json\/wp\/v2\/product_brand?post=12004"},{"taxonomy":"product_cat","embeddable":true,"href":"https:\/\/lubrimas.pe\/tienda\/wp-json\/wp\/v2\/product_cat?post=12004"},{"taxonomy":"product_tag","embeddable":true,"href":"https:\/\/lubrimas.pe\/tienda\/wp-json\/wp\/v2\/product_tag?post=12004"}],"curies":[{"name":"wp","href":"https:\/\/api.w.org\/{rel}","templated":true}]}}