{"id":12014,"date":"2022-05-30T16:07:58","date_gmt":"2022-05-30T21:07:58","guid":{"rendered":"https:\/\/lubrimas.pe\/tienda\/?post_type=product&#038;p=12014"},"modified":"2026-05-05T14:37:19","modified_gmt":"2026-05-05T19:37:19","slug":"mannol-extra-getriebeoel-75w-90-gl-4-gl-5","status":"publish","type":"product","link":"https:\/\/lubrimas.pe\/tienda\/aceite-de-caja\/mannol-extra-getriebeoel-75w-90-gl-4-gl-5\/","title":{"rendered":"MANNOL EXTRA GETRIEBEOEL 75W90 GL-4\/GL-5"},"content":{"rendered":"<p><strong>MANNOL EXTRA GETRIEBEOEL 75W90 GL-4\/GL-5 <\/strong>es un aceite sint\u00e9tico universal para engranajes de \u00faltima generaci\u00f3n que conserva energ\u00eda para todas las estaciones para todo tipo de transmisiones manuales.\u00a0Se recomienda su uso en todos los tipos de transmisiones manuales sincronizadas (incluidas las de servicio pesado), en diferenciales (incluidas las LS con fricci\u00f3n excesiva), equipos de direcci\u00f3n y otras partes de la transmisi\u00f3n donde se encuentra una carga de presi\u00f3n e impacto excesiva y en las que el uso de se prescriben las normas GL-4 y\/o GL-5.<\/p>\n<p>Se recomienda su uso en transmisiones manuales de turismos y transmisiones manuales de carga pesada de carretera (camiones de carga, autobuses, etc.), todo terreno (construcci\u00f3n, miner\u00eda, agricultura) y veh\u00edculos especiales producidos por fabricantes europeos, americanos y asi\u00e1ticos. en el que el nivel requerido de caracter\u00edsticas de servicio es GL-4 y\/o GL-5.<br \/>\nCumplir con las instrucciones del fabricante proporcionadas en el manual del usuario.<\/p>\n<h5><strong>Especificaciones \/ Aprobaciones<\/strong><\/h5>\n<p>API GL-4, API GL-5 LS (deslizamiento limitado), MACK GO-J, MACK GO-J Plus, MAN 342 Tipo M1, MAN 342 Tipo M2, MAN 342 Tipo M3, SCANIA STO 1:0<\/p>\n<h5><strong>INFORMACI\u00d3N ADICIONAL<\/strong><\/h5>\n<div class=\"aditional-info-tecnical-lp\"><a href=\"https:\/\/lubrimas.pe\/tienda\/wp-content\/uploads\/sites\/3\/2022\/11\/FICHA-TECNICA-ACEITE-DE-TRANSMISION-MANNOL-EXTRA-SETRIEBOEL-75W90-GL5-GL5-LS-LUBRIMASPE-LOS-OLIVOS-LIMA-PERU.pdf\" target=\"_blank\" rel=\"noopener\">FICHA T\u00c9CNICA<\/a><br \/>\n<a href=\"https:\/\/www.mannol.de\/products\/gear-oils1\/mannol-extra-getriebeoel-75w-90-gl-4-gl-5-ls\" target=\"_blank\" rel=\"noopener\">SITIO OFICIAL<\/a><\/div>\n","protected":false},"excerpt":{"rendered":"<p>MANNOL EXTRA GETRIEBEOEL 75W90 GL-4\/GL-5 es un aceite sint\u00e9tico universal para engranajes de \u00faltima generaci\u00f3n que conserva energ\u00eda para todas las estaciones para todo tipo de transmisiones manuales.\u00a0Se recomienda su<\/p>\n","protected":false},"featured_media":15597,"template":"","meta":[],"product_brand":[],"product_cat":[27,28],"product_tag":[],"class_list":{"0":"post-12014","1":"product","2":"type-product","3":"status-publish","4":"has-post-thumbnail","6":"product_cat-aceite-de-caja","7":"product_cat-caja-manual-mecanica","8":"pa_engranaje-gl-4","9":"pa_engranaje-gl-5","10":"pa_grado-75w90","11":"pa_marca-mannol","13":"first","14":"instock","15":"shipping-taxable","16":"purchasable","17":"product-type-variable","18":"has-default-attributes"},"yoast_head":"<!-- This site is optimized with the Yoast SEO plugin v27.5 - https:\/\/yoast.com\/product\/yoast-seo-wordpress\/ -->\n<title>MANNOL EXTRA GETRIEBEOEL 75W90 GL-4\/GL-5 | Lubrimas.pe | Tienda Online<\/title>\n<meta name=\"robots\" content=\"index, follow, max-snippet:-1, max-image-preview:large, max-video-preview:-1\" \/>\n<link rel=\"canonical\" href=\"https:\/\/lubrimas.pe\/tienda\/aceite-de-caja\/mannol-extra-getriebeoel-75w-90-gl-4-gl-5\/\" \/>\n<meta property=\"og:locale\" content=\"es_ES\" \/>\n<meta property=\"og:type\" content=\"article\" \/>\n<meta property=\"og:title\" content=\"MANNOL EXTRA GETRIEBEOEL 75W90 GL-4\/GL-5 | Lubrimas.pe | Tienda Online\" \/>\n<meta property=\"og:description\" content=\"MANNOL EXTRA GETRIEBEOEL 75W90 GL-4\/GL-5 es un aceite sint\u00e9tico universal para engranajes de \u00faltima generaci\u00f3n que conserva energ\u00eda para todas las estaciones para todo tipo de transmisiones manuales.\u00a0Se recomienda su\" \/>\n<meta property=\"og:url\" content=\"https:\/\/lubrimas.pe\/tienda\/aceite-de-caja\/mannol-extra-getriebeoel-75w-90-gl-4-gl-5\/\" \/>\n<meta property=\"og:site_name\" content=\"Lubrimas.pe | Tienda Online\" \/>\n<meta property=\"article:modified_time\" content=\"2026-05-05T19:37:19+00:00\" \/>\n<meta property=\"og:image\" content=\"https:\/\/lubrimas.pe\/tienda\/wp-content\/uploads\/sites\/3\/2022\/05\/MANNOL-GEAR-OIL-75W90.webp\" \/>\n\t<meta property=\"og:image:width\" content=\"1771\" \/>\n\t<meta property=\"og:image:height\" content=\"2083\" \/>\n\t<meta property=\"og:image:type\" content=\"image\/webp\" \/>\n<meta name=\"twitter:card\" content=\"summary_large_image\" \/>\n<meta name=\"twitter:label1\" content=\"Tiempo de lectura\" \/>\n\t<meta name=\"twitter:data1\" content=\"1 minuto\" \/>\n<script type=\"application\/ld+json\" class=\"yoast-schema-graph\">{\"@context\":\"https:\\\/\\\/schema.org\",\"@graph\":[{\"@type\":[\"WebPage\",\"ItemPage\"],\"@id\":\"https:\\\/\\\/lubrimas.pe\\\/tienda\\\/aceite-de-caja\\\/mannol-extra-getriebeoel-75w-90-gl-4-gl-5\\\/\",\"url\":\"https:\\\/\\\/lubrimas.pe\\\/tienda\\\/aceite-de-caja\\\/mannol-extra-getriebeoel-75w-90-gl-4-gl-5\\\/\",\"name\":\"MANNOL EXTRA GETRIEBEOEL 75W90 GL-4\\\/GL-5 | Lubrimas.pe | Tienda Online\",\"isPartOf\":{\"@id\":\"https:\\\/\\\/lubrimas.pe\\\/tienda\\\/#website\"},\"primaryImageOfPage\":{\"@id\":\"https:\\\/\\\/lubrimas.pe\\\/tienda\\\/aceite-de-caja\\\/mannol-extra-getriebeoel-75w-90-gl-4-gl-5\\\/#primaryimage\"},\"image\":{\"@id\":\"https:\\\/\\\/lubrimas.pe\\\/tienda\\\/aceite-de-caja\\\/mannol-extra-getriebeoel-75w-90-gl-4-gl-5\\\/#primaryimage\"},\"thumbnailUrl\":\"https:\\\/\\\/lubrimas.pe\\\/tienda\\\/wp-content\\\/uploads\\\/sites\\\/3\\\/2022\\\/05\\\/MANNOL-GEAR-OIL-75W90.webp\",\"datePublished\":\"2022-05-30T21:07:58+00:00\",\"dateModified\":\"2026-05-05T19:37:19+00:00\",\"breadcrumb\":{\"@id\":\"https:\\\/\\\/lubrimas.pe\\\/tienda\\\/aceite-de-caja\\\/mannol-extra-getriebeoel-75w-90-gl-4-gl-5\\\/#breadcrumb\"},\"inLanguage\":\"es\",\"potentialAction\":[{\"@type\":\"ReadAction\",\"target\":[\"https:\\\/\\\/lubrimas.pe\\\/tienda\\\/aceite-de-caja\\\/mannol-extra-getriebeoel-75w-90-gl-4-gl-5\\\/\"]}]},{\"@type\":\"ImageObject\",\"inLanguage\":\"es\",\"@id\":\"https:\\\/\\\/lubrimas.pe\\\/tienda\\\/aceite-de-caja\\\/mannol-extra-getriebeoel-75w-90-gl-4-gl-5\\\/#primaryimage\",\"url\":\"https:\\\/\\\/lubrimas.pe\\\/tienda\\\/wp-content\\\/uploads\\\/sites\\\/3\\\/2022\\\/05\\\/MANNOL-GEAR-OIL-75W90.webp\",\"contentUrl\":\"https:\\\/\\\/lubrimas.pe\\\/tienda\\\/wp-content\\\/uploads\\\/sites\\\/3\\\/2022\\\/05\\\/MANNOL-GEAR-OIL-75W90.webp\",\"width\":1771,\"height\":2083},{\"@type\":\"BreadcrumbList\",\"@id\":\"https:\\\/\\\/lubrimas.pe\\\/tienda\\\/aceite-de-caja\\\/mannol-extra-getriebeoel-75w-90-gl-4-gl-5\\\/#breadcrumb\",\"itemListElement\":[{\"@type\":\"ListItem\",\"position\":1,\"name\":\"Portada\",\"item\":\"https:\\\/\\\/lubrimas.pe\\\/tienda\\\/\"},{\"@type\":\"ListItem\",\"position\":2,\"name\":\"Cat\u00e1logo\",\"item\":\"https:\\\/\\\/lubrimas.pe\\\/tienda\\\/productos\\\/\"},{\"@type\":\"ListItem\",\"position\":3,\"name\":\"MANNOL EXTRA GETRIEBEOEL 75W90 GL-4\\\/GL-5\"}]},{\"@type\":\"WebSite\",\"@id\":\"https:\\\/\\\/lubrimas.pe\\\/tienda\\\/#website\",\"url\":\"https:\\\/\\\/lubrimas.pe\\\/tienda\\\/\",\"name\":\"Lubrimas.pe | Tienda Online\",\"description\":\"Tus lubricantes favoritos al mejor precio!\",\"publisher\":{\"@id\":\"https:\\\/\\\/lubrimas.pe\\\/tienda\\\/#organization\"},\"potentialAction\":[{\"@type\":\"SearchAction\",\"target\":{\"@type\":\"EntryPoint\",\"urlTemplate\":\"https:\\\/\\\/lubrimas.pe\\\/tienda\\\/?s={search_term_string}\"},\"query-input\":{\"@type\":\"PropertyValueSpecification\",\"valueRequired\":true,\"valueName\":\"search_term_string\"}}],\"inLanguage\":\"es\"},{\"@type\":\"Organization\",\"@id\":\"https:\\\/\\\/lubrimas.pe\\\/tienda\\\/#organization\",\"name\":\"Lubrimas.pe\",\"url\":\"https:\\\/\\\/lubrimas.pe\\\/tienda\\\/\",\"logo\":{\"@type\":\"ImageObject\",\"inLanguage\":\"es\",\"@id\":\"https:\\\/\\\/lubrimas.pe\\\/tienda\\\/#\\\/schema\\\/logo\\\/image\\\/\",\"url\":\"https:\\\/\\\/lubrimas.pe\\\/tienda\\\/wp-content\\\/uploads\\\/sites\\\/3\\\/2022\\\/07\\\/BANNERS-PROMO-CYBER-WOW-LUBRIMASPE-2022-07.webp\",\"contentUrl\":\"https:\\\/\\\/lubrimas.pe\\\/tienda\\\/wp-content\\\/uploads\\\/sites\\\/3\\\/2022\\\/07\\\/BANNERS-PROMO-CYBER-WOW-LUBRIMASPE-2022-07.webp\",\"width\":500,\"height\":752,\"caption\":\"Lubrimas.pe\"},\"image\":{\"@id\":\"https:\\\/\\\/lubrimas.pe\\\/tienda\\\/#\\\/schema\\\/logo\\\/image\\\/\"}}]}<\/script>\n<!-- \/ Yoast SEO plugin. -->","yoast_head_json":{"title":"MANNOL EXTRA GETRIEBEOEL 75W90 GL-4\/GL-5 | Lubrimas.pe | Tienda Online","robots":{"index":"index","follow":"follow","max-snippet":"max-snippet:-1","max-image-preview":"max-image-preview:large","max-video-preview":"max-video-preview:-1"},"canonical":"https:\/\/lubrimas.pe\/tienda\/aceite-de-caja\/mannol-extra-getriebeoel-75w-90-gl-4-gl-5\/","og_locale":"es_ES","og_type":"article","og_title":"MANNOL EXTRA GETRIEBEOEL 75W90 GL-4\/GL-5 | Lubrimas.pe | Tienda Online","og_description":"MANNOL EXTRA GETRIEBEOEL 75W90 GL-4\/GL-5 es un aceite sint\u00e9tico universal para engranajes de \u00faltima generaci\u00f3n que conserva energ\u00eda para todas las estaciones para todo tipo de transmisiones manuales.\u00a0Se recomienda su","og_url":"https:\/\/lubrimas.pe\/tienda\/aceite-de-caja\/mannol-extra-getriebeoel-75w-90-gl-4-gl-5\/","og_site_name":"Lubrimas.pe | Tienda Online","article_modified_time":"2026-05-05T19:37:19+00:00","og_image":[{"width":1771,"height":2083,"url":"https:\/\/lubrimas.pe\/tienda\/wp-content\/uploads\/sites\/3\/2022\/05\/MANNOL-GEAR-OIL-75W90.webp","type":"image\/webp"}],"twitter_card":"summary_large_image","twitter_misc":{"Tiempo de lectura":"1 minuto"},"schema":{"@context":"https:\/\/schema.org","@graph":[{"@type":["WebPage","ItemPage"],"@id":"https:\/\/lubrimas.pe\/tienda\/aceite-de-caja\/mannol-extra-getriebeoel-75w-90-gl-4-gl-5\/","url":"https:\/\/lubrimas.pe\/tienda\/aceite-de-caja\/mannol-extra-getriebeoel-75w-90-gl-4-gl-5\/","name":"MANNOL EXTRA GETRIEBEOEL 75W90 GL-4\/GL-5 | Lubrimas.pe | Tienda Online","isPartOf":{"@id":"https:\/\/lubrimas.pe\/tienda\/#website"},"primaryImageOfPage":{"@id":"https:\/\/lubrimas.pe\/tienda\/aceite-de-caja\/mannol-extra-getriebeoel-75w-90-gl-4-gl-5\/#primaryimage"},"image":{"@id":"https:\/\/lubrimas.pe\/tienda\/aceite-de-caja\/mannol-extra-getriebeoel-75w-90-gl-4-gl-5\/#primaryimage"},"thumbnailUrl":"https:\/\/lubrimas.pe\/tienda\/wp-content\/uploads\/sites\/3\/2022\/05\/MANNOL-GEAR-OIL-75W90.webp","datePublished":"2022-05-30T21:07:58+00:00","dateModified":"2026-05-05T19:37:19+00:00","breadcrumb":{"@id":"https:\/\/lubrimas.pe\/tienda\/aceite-de-caja\/mannol-extra-getriebeoel-75w-90-gl-4-gl-5\/#breadcrumb"},"inLanguage":"es","potentialAction":[{"@type":"ReadAction","target":["https:\/\/lubrimas.pe\/tienda\/aceite-de-caja\/mannol-extra-getriebeoel-75w-90-gl-4-gl-5\/"]}]},{"@type":"ImageObject","inLanguage":"es","@id":"https:\/\/lubrimas.pe\/tienda\/aceite-de-caja\/mannol-extra-getriebeoel-75w-90-gl-4-gl-5\/#primaryimage","url":"https:\/\/lubrimas.pe\/tienda\/wp-content\/uploads\/sites\/3\/2022\/05\/MANNOL-GEAR-OIL-75W90.webp","contentUrl":"https:\/\/lubrimas.pe\/tienda\/wp-content\/uploads\/sites\/3\/2022\/05\/MANNOL-GEAR-OIL-75W90.webp","width":1771,"height":2083},{"@type":"BreadcrumbList","@id":"https:\/\/lubrimas.pe\/tienda\/aceite-de-caja\/mannol-extra-getriebeoel-75w-90-gl-4-gl-5\/#breadcrumb","itemListElement":[{"@type":"ListItem","position":1,"name":"Portada","item":"https:\/\/lubrimas.pe\/tienda\/"},{"@type":"ListItem","position":2,"name":"Cat\u00e1logo","item":"https:\/\/lubrimas.pe\/tienda\/productos\/"},{"@type":"ListItem","position":3,"name":"MANNOL EXTRA GETRIEBEOEL 75W90 GL-4\/GL-5"}]},{"@type":"WebSite","@id":"https:\/\/lubrimas.pe\/tienda\/#website","url":"https:\/\/lubrimas.pe\/tienda\/","name":"Lubrimas.pe | Tienda Online","description":"Tus lubricantes favoritos al mejor precio!","publisher":{"@id":"https:\/\/lubrimas.pe\/tienda\/#organization"},"potentialAction":[{"@type":"SearchAction","target":{"@type":"EntryPoint","urlTemplate":"https:\/\/lubrimas.pe\/tienda\/?s={search_term_string}"},"query-input":{"@type":"PropertyValueSpecification","valueRequired":true,"valueName":"search_term_string"}}],"inLanguage":"es"},{"@type":"Organization","@id":"https:\/\/lubrimas.pe\/tienda\/#organization","name":"Lubrimas.pe","url":"https:\/\/lubrimas.pe\/tienda\/","logo":{"@type":"ImageObject","inLanguage":"es","@id":"https:\/\/lubrimas.pe\/tienda\/#\/schema\/logo\/image\/","url":"https:\/\/lubrimas.pe\/tienda\/wp-content\/uploads\/sites\/3\/2022\/07\/BANNERS-PROMO-CYBER-WOW-LUBRIMASPE-2022-07.webp","contentUrl":"https:\/\/lubrimas.pe\/tienda\/wp-content\/uploads\/sites\/3\/2022\/07\/BANNERS-PROMO-CYBER-WOW-LUBRIMASPE-2022-07.webp","width":500,"height":752,"caption":"Lubrimas.pe"},"image":{"@id":"https:\/\/lubrimas.pe\/tienda\/#\/schema\/logo\/image\/"}}]}},"_links":{"self":[{"href":"https:\/\/lubrimas.pe\/tienda\/wp-json\/wp\/v2\/product\/12014","targetHints":{"allow":["GET"]}}],"collection":[{"href":"https:\/\/lubrimas.pe\/tienda\/wp-json\/wp\/v2\/product"}],"about":[{"href":"https:\/\/lubrimas.pe\/tienda\/wp-json\/wp\/v2\/types\/product"}],"wp:featuredmedia":[{"embeddable":true,"href":"https:\/\/lubrimas.pe\/tienda\/wp-json\/wp\/v2\/media\/15597"}],"wp:attachment":[{"href":"https:\/\/lubrimas.pe\/tienda\/wp-json\/wp\/v2\/media?parent=12014"}],"wp:term":[{"taxonomy":"product_brand","embeddable":true,"href":"https:\/\/lubrimas.pe\/tienda\/wp-json\/wp\/v2\/product_brand?post=12014"},{"taxonomy":"product_cat","embeddable":true,"href":"https:\/\/lubrimas.pe\/tienda\/wp-json\/wp\/v2\/product_cat?post=12014"},{"taxonomy":"product_tag","embeddable":true,"href":"https:\/\/lubrimas.pe\/tienda\/wp-json\/wp\/v2\/product_tag?post=12014"}],"curies":[{"name":"wp","href":"https:\/\/api.w.org\/{rel}","templated":true}]}}