{"id":12147,"date":"2022-07-12T16:37:24","date_gmt":"2022-07-12T21:37:24","guid":{"rendered":"https:\/\/lubrimas.pe\/tienda\/?post_type=product&#038;p=12147"},"modified":"2024-06-20T10:51:59","modified_gmt":"2024-06-20T15:51:59","slug":"vextrom-universal-synthetic-cvt-premium","status":"publish","type":"product","link":"https:\/\/lubrimas.pe\/tienda\/aceite-de-caja\/vextrom-universal-synthetic-cvt-premium\/","title":{"rendered":"VEXTROM UNIVERSAL SYNTHETIC CVT PREMIUM"},"content":{"rendered":"<p><strong>VEXTROM UNIVERSAL SYNTHETIC CVT PREMIUM\u00a0<\/strong>es un fluido de transmisi\u00f3n totalmente sint\u00e9tico, dise\u00f1ado espec\u00edficamente para veh\u00edculos equipados con transmisiones de variaci\u00f3n continua (CVT), sean de cadena o correa.<\/p>\n<p>Formulado para cumplir o exceder los requerimientos de los principales fabricantes de transmisi\u00f3n alrededor del mundo.<\/p>\n<p>Cumple las siguientes especificaciones: AUDI TL 52180,G052 180 A2,G052516 BMW 83 220 136 376,83 220429 154 (EZL 799A), Chrysler CVTF+4 Daihatsu:Amix CVTF-DC Amix CVTF-OFE, Fluid TC: Dodge Jeep: NS-2, CVTF+4\/MOPAR CVTF+4 Ford: CVT WSS-M2C-933-A\/XT-70CFT, CFT23, CFT30\/ Mercon CFuyuko:-CVTF FG GM\/Satum: DEX-CVT; Honda Multimatic Fluid (HMMF), HCF-2:Hyundai\/Kia SP-CVT-1; Lexus Fluid TC. Fluid FE Nissan: NS-1,NS-2, N5-3: Mazda CVTF 3320, Mercedes Benz CVT28\/MB 236.20 Mini Cooper: EZL 799A\/ZF CVT VI: Mitsubishi DiaQueen CVTF-11 DiaQueen CVTF-J4: Punch: EZL 799A Shell: Green 1V, Subanc-CVTF, Lineartronic CVTF, K0425Y0710, CV-300 CVTF Susuke CVTF 3320, TC, NS-2, CVTF Green 1, CVTF Green 2 Toyota: Fluid TC, Fluid FE: Volvo: CVT 4959, VW:TL 52180, G052 180 A2 G052516<\/p>\n","protected":false},"excerpt":{"rendered":"<p>VEXTROM UNIVERSAL SYNTHETIC CVT PREMIUM\u00a0es un fluido de transmisi\u00f3n totalmente sint\u00e9tico, dise\u00f1ado espec\u00edficamente para veh\u00edculos equipados con transmisiones de variaci\u00f3n continua (CVT), sean de cadena o correa. Formulado para cumplir<\/p>\n","protected":false},"featured_media":12146,"template":"","meta":[],"product_brand":[],"product_cat":[27,32],"product_tag":[],"class_list":{"0":"post-12147","1":"product","2":"type-product","3":"status-publish","4":"has-post-thumbnail","6":"product_cat-aceite-de-caja","7":"product_cat-caja-automatica","8":"pa_marca-vextrom","9":"pa_transmision-cvt","11":"first","12":"instock","13":"sale","14":"shipping-taxable","15":"purchasable","16":"product-type-variable","17":"has-default-attributes"},"yoast_head":"<!-- This site is optimized with the Yoast SEO plugin v27.5 - https:\/\/yoast.com\/product\/yoast-seo-wordpress\/ -->\n<title>VEXTROM UNIVERSAL SYNTHETIC CVT PREMIUM | Lubrimas.pe | Tienda Online<\/title>\n<meta name=\"robots\" content=\"index, follow, max-snippet:-1, max-image-preview:large, max-video-preview:-1\" \/>\n<link rel=\"canonical\" href=\"https:\/\/lubrimas.pe\/tienda\/aceite-de-caja\/vextrom-universal-synthetic-cvt-premium\/\" \/>\n<meta property=\"og:locale\" content=\"es_ES\" \/>\n<meta property=\"og:type\" content=\"article\" \/>\n<meta property=\"og:title\" content=\"VEXTROM UNIVERSAL SYNTHETIC CVT PREMIUM | Lubrimas.pe | Tienda Online\" \/>\n<meta property=\"og:description\" content=\"VEXTROM UNIVERSAL SYNTHETIC CVT PREMIUM\u00a0es un fluido de transmisi\u00f3n totalmente sint\u00e9tico, dise\u00f1ado espec\u00edficamente para veh\u00edculos equipados con transmisiones de variaci\u00f3n continua (CVT), sean de cadena o correa. Formulado para cumplir\" \/>\n<meta property=\"og:url\" content=\"https:\/\/lubrimas.pe\/tienda\/aceite-de-caja\/vextrom-universal-synthetic-cvt-premium\/\" \/>\n<meta property=\"og:site_name\" content=\"Lubrimas.pe | Tienda Online\" \/>\n<meta property=\"article:modified_time\" content=\"2024-06-20T15:51:59+00:00\" \/>\n<meta property=\"og:image\" content=\"https:\/\/lubrimas.pe\/tienda\/wp-content\/uploads\/sites\/3\/2022\/07\/lubrimaspe-lubrimasperu-hidrolina-aceite-transmision-automatica-secuencial-vextrom-cvt-sythetic-premium-universal-quarto-1lt-losolivos-lima-peru.webp\" \/>\n\t<meta property=\"og:image:width\" content=\"850\" \/>\n\t<meta property=\"og:image:height\" content=\"1000\" \/>\n\t<meta property=\"og:image:type\" content=\"image\/webp\" \/>\n<meta name=\"twitter:card\" content=\"summary_large_image\" \/>\n<meta name=\"twitter:label1\" content=\"Tiempo de lectura\" \/>\n\t<meta name=\"twitter:data1\" content=\"1 minuto\" \/>\n<script type=\"application\/ld+json\" class=\"yoast-schema-graph\">{\"@context\":\"https:\\\/\\\/schema.org\",\"@graph\":[{\"@type\":[\"WebPage\",\"ItemPage\"],\"@id\":\"https:\\\/\\\/lubrimas.pe\\\/tienda\\\/aceite-de-caja\\\/vextrom-universal-synthetic-cvt-premium\\\/\",\"url\":\"https:\\\/\\\/lubrimas.pe\\\/tienda\\\/aceite-de-caja\\\/vextrom-universal-synthetic-cvt-premium\\\/\",\"name\":\"VEXTROM UNIVERSAL SYNTHETIC CVT PREMIUM | Lubrimas.pe | Tienda Online\",\"isPartOf\":{\"@id\":\"https:\\\/\\\/lubrimas.pe\\\/tienda\\\/#website\"},\"primaryImageOfPage\":{\"@id\":\"https:\\\/\\\/lubrimas.pe\\\/tienda\\\/aceite-de-caja\\\/vextrom-universal-synthetic-cvt-premium\\\/#primaryimage\"},\"image\":{\"@id\":\"https:\\\/\\\/lubrimas.pe\\\/tienda\\\/aceite-de-caja\\\/vextrom-universal-synthetic-cvt-premium\\\/#primaryimage\"},\"thumbnailUrl\":\"https:\\\/\\\/lubrimas.pe\\\/tienda\\\/wp-content\\\/uploads\\\/sites\\\/3\\\/2022\\\/07\\\/lubrimaspe-lubrimasperu-hidrolina-aceite-transmision-automatica-secuencial-vextrom-cvt-sythetic-premium-universal-quarto-1lt-losolivos-lima-peru.webp\",\"datePublished\":\"2022-07-12T21:37:24+00:00\",\"dateModified\":\"2024-06-20T15:51:59+00:00\",\"breadcrumb\":{\"@id\":\"https:\\\/\\\/lubrimas.pe\\\/tienda\\\/aceite-de-caja\\\/vextrom-universal-synthetic-cvt-premium\\\/#breadcrumb\"},\"inLanguage\":\"es\",\"potentialAction\":[{\"@type\":\"ReadAction\",\"target\":[\"https:\\\/\\\/lubrimas.pe\\\/tienda\\\/aceite-de-caja\\\/vextrom-universal-synthetic-cvt-premium\\\/\"]}]},{\"@type\":\"ImageObject\",\"inLanguage\":\"es\",\"@id\":\"https:\\\/\\\/lubrimas.pe\\\/tienda\\\/aceite-de-caja\\\/vextrom-universal-synthetic-cvt-premium\\\/#primaryimage\",\"url\":\"https:\\\/\\\/lubrimas.pe\\\/tienda\\\/wp-content\\\/uploads\\\/sites\\\/3\\\/2022\\\/07\\\/lubrimaspe-lubrimasperu-hidrolina-aceite-transmision-automatica-secuencial-vextrom-cvt-sythetic-premium-universal-quarto-1lt-losolivos-lima-peru.webp\",\"contentUrl\":\"https:\\\/\\\/lubrimas.pe\\\/tienda\\\/wp-content\\\/uploads\\\/sites\\\/3\\\/2022\\\/07\\\/lubrimaspe-lubrimasperu-hidrolina-aceite-transmision-automatica-secuencial-vextrom-cvt-sythetic-premium-universal-quarto-1lt-losolivos-lima-peru.webp\",\"width\":850,\"height\":1000},{\"@type\":\"BreadcrumbList\",\"@id\":\"https:\\\/\\\/lubrimas.pe\\\/tienda\\\/aceite-de-caja\\\/vextrom-universal-synthetic-cvt-premium\\\/#breadcrumb\",\"itemListElement\":[{\"@type\":\"ListItem\",\"position\":1,\"name\":\"Portada\",\"item\":\"https:\\\/\\\/lubrimas.pe\\\/tienda\\\/\"},{\"@type\":\"ListItem\",\"position\":2,\"name\":\"Cat\u00e1logo\",\"item\":\"https:\\\/\\\/lubrimas.pe\\\/tienda\\\/productos\\\/\"},{\"@type\":\"ListItem\",\"position\":3,\"name\":\"VEXTROM UNIVERSAL SYNTHETIC CVT PREMIUM\"}]},{\"@type\":\"WebSite\",\"@id\":\"https:\\\/\\\/lubrimas.pe\\\/tienda\\\/#website\",\"url\":\"https:\\\/\\\/lubrimas.pe\\\/tienda\\\/\",\"name\":\"Lubrimas.pe | Tienda Online\",\"description\":\"Tus lubricantes favoritos al mejor precio!\",\"publisher\":{\"@id\":\"https:\\\/\\\/lubrimas.pe\\\/tienda\\\/#organization\"},\"potentialAction\":[{\"@type\":\"SearchAction\",\"target\":{\"@type\":\"EntryPoint\",\"urlTemplate\":\"https:\\\/\\\/lubrimas.pe\\\/tienda\\\/?s={search_term_string}\"},\"query-input\":{\"@type\":\"PropertyValueSpecification\",\"valueRequired\":true,\"valueName\":\"search_term_string\"}}],\"inLanguage\":\"es\"},{\"@type\":\"Organization\",\"@id\":\"https:\\\/\\\/lubrimas.pe\\\/tienda\\\/#organization\",\"name\":\"Lubrimas.pe\",\"url\":\"https:\\\/\\\/lubrimas.pe\\\/tienda\\\/\",\"logo\":{\"@type\":\"ImageObject\",\"inLanguage\":\"es\",\"@id\":\"https:\\\/\\\/lubrimas.pe\\\/tienda\\\/#\\\/schema\\\/logo\\\/image\\\/\",\"url\":\"https:\\\/\\\/lubrimas.pe\\\/tienda\\\/wp-content\\\/uploads\\\/sites\\\/3\\\/2022\\\/07\\\/BANNERS-PROMO-CYBER-WOW-LUBRIMASPE-2022-07.webp\",\"contentUrl\":\"https:\\\/\\\/lubrimas.pe\\\/tienda\\\/wp-content\\\/uploads\\\/sites\\\/3\\\/2022\\\/07\\\/BANNERS-PROMO-CYBER-WOW-LUBRIMASPE-2022-07.webp\",\"width\":500,\"height\":752,\"caption\":\"Lubrimas.pe\"},\"image\":{\"@id\":\"https:\\\/\\\/lubrimas.pe\\\/tienda\\\/#\\\/schema\\\/logo\\\/image\\\/\"}}]}<\/script>\n<!-- \/ Yoast SEO plugin. -->","yoast_head_json":{"title":"VEXTROM UNIVERSAL SYNTHETIC CVT PREMIUM | Lubrimas.pe | Tienda Online","robots":{"index":"index","follow":"follow","max-snippet":"max-snippet:-1","max-image-preview":"max-image-preview:large","max-video-preview":"max-video-preview:-1"},"canonical":"https:\/\/lubrimas.pe\/tienda\/aceite-de-caja\/vextrom-universal-synthetic-cvt-premium\/","og_locale":"es_ES","og_type":"article","og_title":"VEXTROM UNIVERSAL SYNTHETIC CVT PREMIUM | Lubrimas.pe | Tienda Online","og_description":"VEXTROM UNIVERSAL SYNTHETIC CVT PREMIUM\u00a0es un fluido de transmisi\u00f3n totalmente sint\u00e9tico, dise\u00f1ado espec\u00edficamente para veh\u00edculos equipados con transmisiones de variaci\u00f3n continua (CVT), sean de cadena o correa. Formulado para cumplir","og_url":"https:\/\/lubrimas.pe\/tienda\/aceite-de-caja\/vextrom-universal-synthetic-cvt-premium\/","og_site_name":"Lubrimas.pe | Tienda Online","article_modified_time":"2024-06-20T15:51:59+00:00","og_image":[{"width":850,"height":1000,"url":"https:\/\/lubrimas.pe\/tienda\/wp-content\/uploads\/sites\/3\/2022\/07\/lubrimaspe-lubrimasperu-hidrolina-aceite-transmision-automatica-secuencial-vextrom-cvt-sythetic-premium-universal-quarto-1lt-losolivos-lima-peru.webp","type":"image\/webp"}],"twitter_card":"summary_large_image","twitter_misc":{"Tiempo de lectura":"1 minuto"},"schema":{"@context":"https:\/\/schema.org","@graph":[{"@type":["WebPage","ItemPage"],"@id":"https:\/\/lubrimas.pe\/tienda\/aceite-de-caja\/vextrom-universal-synthetic-cvt-premium\/","url":"https:\/\/lubrimas.pe\/tienda\/aceite-de-caja\/vextrom-universal-synthetic-cvt-premium\/","name":"VEXTROM UNIVERSAL SYNTHETIC CVT PREMIUM | Lubrimas.pe | Tienda Online","isPartOf":{"@id":"https:\/\/lubrimas.pe\/tienda\/#website"},"primaryImageOfPage":{"@id":"https:\/\/lubrimas.pe\/tienda\/aceite-de-caja\/vextrom-universal-synthetic-cvt-premium\/#primaryimage"},"image":{"@id":"https:\/\/lubrimas.pe\/tienda\/aceite-de-caja\/vextrom-universal-synthetic-cvt-premium\/#primaryimage"},"thumbnailUrl":"https:\/\/lubrimas.pe\/tienda\/wp-content\/uploads\/sites\/3\/2022\/07\/lubrimaspe-lubrimasperu-hidrolina-aceite-transmision-automatica-secuencial-vextrom-cvt-sythetic-premium-universal-quarto-1lt-losolivos-lima-peru.webp","datePublished":"2022-07-12T21:37:24+00:00","dateModified":"2024-06-20T15:51:59+00:00","breadcrumb":{"@id":"https:\/\/lubrimas.pe\/tienda\/aceite-de-caja\/vextrom-universal-synthetic-cvt-premium\/#breadcrumb"},"inLanguage":"es","potentialAction":[{"@type":"ReadAction","target":["https:\/\/lubrimas.pe\/tienda\/aceite-de-caja\/vextrom-universal-synthetic-cvt-premium\/"]}]},{"@type":"ImageObject","inLanguage":"es","@id":"https:\/\/lubrimas.pe\/tienda\/aceite-de-caja\/vextrom-universal-synthetic-cvt-premium\/#primaryimage","url":"https:\/\/lubrimas.pe\/tienda\/wp-content\/uploads\/sites\/3\/2022\/07\/lubrimaspe-lubrimasperu-hidrolina-aceite-transmision-automatica-secuencial-vextrom-cvt-sythetic-premium-universal-quarto-1lt-losolivos-lima-peru.webp","contentUrl":"https:\/\/lubrimas.pe\/tienda\/wp-content\/uploads\/sites\/3\/2022\/07\/lubrimaspe-lubrimasperu-hidrolina-aceite-transmision-automatica-secuencial-vextrom-cvt-sythetic-premium-universal-quarto-1lt-losolivos-lima-peru.webp","width":850,"height":1000},{"@type":"BreadcrumbList","@id":"https:\/\/lubrimas.pe\/tienda\/aceite-de-caja\/vextrom-universal-synthetic-cvt-premium\/#breadcrumb","itemListElement":[{"@type":"ListItem","position":1,"name":"Portada","item":"https:\/\/lubrimas.pe\/tienda\/"},{"@type":"ListItem","position":2,"name":"Cat\u00e1logo","item":"https:\/\/lubrimas.pe\/tienda\/productos\/"},{"@type":"ListItem","position":3,"name":"VEXTROM UNIVERSAL SYNTHETIC CVT PREMIUM"}]},{"@type":"WebSite","@id":"https:\/\/lubrimas.pe\/tienda\/#website","url":"https:\/\/lubrimas.pe\/tienda\/","name":"Lubrimas.pe | Tienda Online","description":"Tus lubricantes favoritos al mejor precio!","publisher":{"@id":"https:\/\/lubrimas.pe\/tienda\/#organization"},"potentialAction":[{"@type":"SearchAction","target":{"@type":"EntryPoint","urlTemplate":"https:\/\/lubrimas.pe\/tienda\/?s={search_term_string}"},"query-input":{"@type":"PropertyValueSpecification","valueRequired":true,"valueName":"search_term_string"}}],"inLanguage":"es"},{"@type":"Organization","@id":"https:\/\/lubrimas.pe\/tienda\/#organization","name":"Lubrimas.pe","url":"https:\/\/lubrimas.pe\/tienda\/","logo":{"@type":"ImageObject","inLanguage":"es","@id":"https:\/\/lubrimas.pe\/tienda\/#\/schema\/logo\/image\/","url":"https:\/\/lubrimas.pe\/tienda\/wp-content\/uploads\/sites\/3\/2022\/07\/BANNERS-PROMO-CYBER-WOW-LUBRIMASPE-2022-07.webp","contentUrl":"https:\/\/lubrimas.pe\/tienda\/wp-content\/uploads\/sites\/3\/2022\/07\/BANNERS-PROMO-CYBER-WOW-LUBRIMASPE-2022-07.webp","width":500,"height":752,"caption":"Lubrimas.pe"},"image":{"@id":"https:\/\/lubrimas.pe\/tienda\/#\/schema\/logo\/image\/"}}]}},"_links":{"self":[{"href":"https:\/\/lubrimas.pe\/tienda\/wp-json\/wp\/v2\/product\/12147","targetHints":{"allow":["GET"]}}],"collection":[{"href":"https:\/\/lubrimas.pe\/tienda\/wp-json\/wp\/v2\/product"}],"about":[{"href":"https:\/\/lubrimas.pe\/tienda\/wp-json\/wp\/v2\/types\/product"}],"wp:featuredmedia":[{"embeddable":true,"href":"https:\/\/lubrimas.pe\/tienda\/wp-json\/wp\/v2\/media\/12146"}],"wp:attachment":[{"href":"https:\/\/lubrimas.pe\/tienda\/wp-json\/wp\/v2\/media?parent=12147"}],"wp:term":[{"taxonomy":"product_brand","embeddable":true,"href":"https:\/\/lubrimas.pe\/tienda\/wp-json\/wp\/v2\/product_brand?post=12147"},{"taxonomy":"product_cat","embeddable":true,"href":"https:\/\/lubrimas.pe\/tienda\/wp-json\/wp\/v2\/product_cat?post=12147"},{"taxonomy":"product_tag","embeddable":true,"href":"https:\/\/lubrimas.pe\/tienda\/wp-json\/wp\/v2\/product_tag?post=12147"}],"curies":[{"name":"wp","href":"https:\/\/api.w.org\/{rel}","templated":true}]}}