{"id":12149,"date":"2022-07-12T16:55:09","date_gmt":"2022-07-12T21:55:09","guid":{"rendered":"https:\/\/lubrimas.pe\/tienda\/?post_type=product&#038;p=12149"},"modified":"2022-11-29T14:47:35","modified_gmt":"2022-11-29T19:47:35","slug":"castrol-transmax-import-multi-vehicle","status":"publish","type":"product","link":"https:\/\/lubrimas.pe\/tienda\/aceite-de-caja\/castrol-transmax-import-multi-vehicle\/","title":{"rendered":"CASTROL TRANSMAX IMPORT MULTI-VEHICLE"},"content":{"rendered":"<p><strong>CASTROL TRANSMAX IMPORT MULTI-VEHICLE<\/strong> est\u00e1 dise\u00f1ado para su uso en la mayor\u00eda de marcas de autom\u00f3viles de Honda, Toyota y Nissan, adem\u00e1s de muchas otras marcas importadas.\u00a0 Supera los requisitos del est\u00e1ndar de rendimiento de las normas japonesas de aceite para motor (JASO)-1A creado por los fabricantes de autom\u00f3viles japoneses.\u00a0 Tambi\u00e9n excede los requisitos de DEXRON\u00ae-IIIH, MERCON\u00aeV y MERCON\u00ae.<\/p>\n<h5><strong>CARACTER\u00cdSTICAS PRINCIPALES<\/strong><\/h5>\n<ul>\n<li>Durabilidad de fricci\u00f3n mejorada para un rendimiento de transmisi\u00f3n suave.<\/li>\n<li>Protecci\u00f3n excepcional contra altas temperaturas para resistir eficazmente la oxidaci\u00f3n de fluidos.<\/li>\n<li>Excelente fluidez a baja temperatura para cambios en climas fr\u00edos<\/li>\n<\/ul>\n<h5><strong>APROBACIONES \/ ESPECIFICACIONES<\/strong><\/h5>\n<p>Acura ATF Z-1 (Except in CVT&#8217;s), Fiat Chrysler ATF+3, ATF+2, ATF+, Ford MERCON\u00ae, XT-9QMM5, General Motors DEXRON\u00ae-IIIH, II-D, II, DEXRON\u00ae, 9986195, Honda ATF Z-1, ATF-DW-1, (Except in CVT&#8217;s), Hyundai SP-II, SP-III, Idemitsu K17, Infiniti Matic-D, Matic-J, Matic-K, Isuzu Genuine,Kia All\u00a0 Specifications, Lexus Type T, T-III, T-IV, Mazda ATF M-V, Mitsubishi Diamond SP-II, SP-III, Nissan Matic-D, Matic-J, Matic K, Saab Transmax J, Subaru All Specifications, Toyota Type T, T-III, T-IV, Volvo All Specifications, Various (Aisin-Warner Transmissions JWS-3309), Various European Vehicles Where DEXRON\u00ae-IIIH, MERCON\u00ae, DEXRON\u00ae-IIIH or Mercon\u00ae are called for.<\/p>\n<h5><strong>INFORMACI\u00d3N ADICIONAL<\/strong><\/h5>\n<div class=\"aditional-info-tecnical-lp\"><a href=\"https:\/\/lubrimas.pe\/tienda\/wp-content\/uploads\/sites\/3\/2022\/11\/FICHA-TECNICA-ACEITE-DE-TRANSMISION-AUTOMATICA-MULTI-ATF-CASTROL-IMPORT-MULTI-VEHICLE-MULTIVEHICULO-TRANSMAX-LUBRIMASPE-LOS-OLIVOS-LIMA-PERU.pdf\" target=\"_blank\" rel=\"noopener\">FICHA T\u00c9CNICA<\/a><br \/>\n<a href=\"https:\/\/www.castrol.com\/es_us\/united-states\/home\/motor-oil-and-fluids\/auto-transmission-fluids.html#tab_transmax-import-multi-vehicle\" target=\"_blank\" rel=\"noopener\">SITIO OFICIAL<\/a><\/div>\n<p>&nbsp;<\/p>\n<blockquote><p><strong>HIDROLINA, ATF, CASTROL, TRANSMAX, MULTI, HONDA, TOYOTA, NISSAN<\/strong><\/p><\/blockquote>\n<div id=\"showMore-product-info-overview-properties\"><\/div>\n<p>&nbsp;<\/p>\n","protected":false},"excerpt":{"rendered":"<p>CASTROL TRANSMAX IMPORT MULTI-VEHICLE est\u00e1 dise\u00f1ado para su uso en la mayor\u00eda de marcas de autom\u00f3viles de Honda, Toyota y Nissan, adem\u00e1s de muchas otras marcas importadas.\u00a0 Supera los requisitos<\/p>\n","protected":false},"featured_media":12854,"template":"","meta":[],"product_brand":[],"product_cat":[27,32],"product_tag":[],"class_list":{"0":"post-12149","1":"product","2":"type-product","3":"status-publish","4":"has-post-thumbnail","6":"product_cat-aceite-de-caja","7":"product_cat-caja-automatica","8":"pa_marca-castrol","9":"pa_ofertas-cyber","10":"pa_transmision-cvt","12":"first","13":"outofstock","14":"sale","15":"shipping-taxable","16":"purchasable","17":"product-type-variable","18":"has-default-attributes"},"yoast_head":"<!-- This site is optimized with the Yoast SEO plugin v27.1.1 - https:\/\/yoast.com\/product\/yoast-seo-wordpress\/ -->\n<title>CASTROL TRANSMAX IMPORT MULTI-VEHICLE | \ud83d\udea8 NUEVO en Lubrimas.pe | Tienda Online<\/title>\n<meta name=\"description\" content=\"Castrol Transmax CVT, formulado con y bases lubricantes totalmente sint\u00e9ticas de alta calidad, dise\u00f1ado para transmisiones variables continuas (CVT).\" \/>\n<meta name=\"robots\" content=\"index, follow, max-snippet:-1, max-image-preview:large, max-video-preview:-1\" \/>\n<link rel=\"canonical\" href=\"https:\/\/lubrimas.pe\/tienda\/aceite-de-caja\/castrol-transmax-import-multi-vehicle\/\" \/>\n<meta property=\"og:locale\" content=\"es_ES\" \/>\n<meta property=\"og:type\" content=\"article\" \/>\n<meta property=\"og:title\" content=\"CASTROL TRANSMAX IMPORT MULTI-VEHICLE | \ud83d\udea8 NUEVO en Lubrimas.pe | Tienda Online\" \/>\n<meta property=\"og:description\" content=\"Castrol Transmax CVT, formulado con y bases lubricantes totalmente sint\u00e9ticas de alta calidad, dise\u00f1ado para transmisiones variables continuas (CVT).\" \/>\n<meta property=\"og:url\" content=\"https:\/\/lubrimas.pe\/tienda\/aceite-de-caja\/castrol-transmax-import-multi-vehicle\/\" \/>\n<meta property=\"og:site_name\" content=\"Lubrimas.pe | Tienda Online\" \/>\n<meta property=\"article:modified_time\" content=\"2022-11-29T19:47:35+00:00\" \/>\n<meta property=\"og:image\" content=\"https:\/\/lubrimas.pe\/tienda\/wp-content\/uploads\/sites\/3\/2022\/07\/lubrimaspe-lubrimasperu-aceite-castrol-transmax-import-multivehicle-quartogalon-1lt-losolivos-lima-peru.webp.webp\" \/>\n\t<meta property=\"og:image:width\" content=\"850\" \/>\n\t<meta property=\"og:image:height\" content=\"1000\" \/>\n\t<meta property=\"og:image:type\" content=\"image\/webp\" \/>\n<meta name=\"twitter:card\" content=\"summary_large_image\" \/>\n<meta name=\"twitter:label1\" content=\"Tiempo de lectura\" \/>\n\t<meta name=\"twitter:data1\" content=\"1 minuto\" \/>\n<script type=\"application\/ld+json\" class=\"yoast-schema-graph\">{\"@context\":\"https:\/\/schema.org\",\"@graph\":[{\"@type\":[\"WebPage\",\"ItemPage\"],\"@id\":\"https:\/\/lubrimas.pe\/tienda\/aceite-de-caja\/castrol-transmax-import-multi-vehicle\/\",\"url\":\"https:\/\/lubrimas.pe\/tienda\/aceite-de-caja\/castrol-transmax-import-multi-vehicle\/\",\"name\":\"CASTROL TRANSMAX IMPORT MULTI-VEHICLE | \ud83d\udea8 NUEVO en Lubrimas.pe | Tienda Online\",\"isPartOf\":{\"@id\":\"https:\/\/lubrimas.pe\/tienda\/#website\"},\"primaryImageOfPage\":{\"@id\":\"https:\/\/lubrimas.pe\/tienda\/aceite-de-caja\/castrol-transmax-import-multi-vehicle\/#primaryimage\"},\"image\":{\"@id\":\"https:\/\/lubrimas.pe\/tienda\/aceite-de-caja\/castrol-transmax-import-multi-vehicle\/#primaryimage\"},\"thumbnailUrl\":\"https:\/\/lubrimas.pe\/tienda\/wp-content\/uploads\/sites\/3\/2022\/07\/lubrimaspe-lubrimasperu-aceite-castrol-transmax-import-multivehicle-quartogalon-1lt-losolivos-lima-peru.webp.webp\",\"datePublished\":\"2022-07-12T21:55:09+00:00\",\"dateModified\":\"2022-11-29T19:47:35+00:00\",\"description\":\"Castrol Transmax CVT, formulado con y bases lubricantes totalmente sint\u00e9ticas de alta calidad, dise\u00f1ado para transmisiones variables continuas (CVT).\",\"breadcrumb\":{\"@id\":\"https:\/\/lubrimas.pe\/tienda\/aceite-de-caja\/castrol-transmax-import-multi-vehicle\/#breadcrumb\"},\"inLanguage\":\"es\",\"potentialAction\":[{\"@type\":\"ReadAction\",\"target\":[\"https:\/\/lubrimas.pe\/tienda\/aceite-de-caja\/castrol-transmax-import-multi-vehicle\/\"]}]},{\"@type\":\"ImageObject\",\"inLanguage\":\"es\",\"@id\":\"https:\/\/lubrimas.pe\/tienda\/aceite-de-caja\/castrol-transmax-import-multi-vehicle\/#primaryimage\",\"url\":\"https:\/\/lubrimas.pe\/tienda\/wp-content\/uploads\/sites\/3\/2022\/07\/lubrimaspe-lubrimasperu-aceite-castrol-transmax-import-multivehicle-quartogalon-1lt-losolivos-lima-peru.webp.webp\",\"contentUrl\":\"https:\/\/lubrimas.pe\/tienda\/wp-content\/uploads\/sites\/3\/2022\/07\/lubrimaspe-lubrimasperu-aceite-castrol-transmax-import-multivehicle-quartogalon-1lt-losolivos-lima-peru.webp.webp\",\"width\":850,\"height\":1000},{\"@type\":\"BreadcrumbList\",\"@id\":\"https:\/\/lubrimas.pe\/tienda\/aceite-de-caja\/castrol-transmax-import-multi-vehicle\/#breadcrumb\",\"itemListElement\":[{\"@type\":\"ListItem\",\"position\":1,\"name\":\"Portada\",\"item\":\"https:\/\/lubrimas.pe\/tienda\/\"},{\"@type\":\"ListItem\",\"position\":2,\"name\":\"Cat\u00e1logo\",\"item\":\"https:\/\/lubrimas.pe\/tienda\/productos\/\"},{\"@type\":\"ListItem\",\"position\":3,\"name\":\"CASTROL TRANSMAX IMPORT MULTI-VEHICLE\"}]},{\"@type\":\"WebSite\",\"@id\":\"https:\/\/lubrimas.pe\/tienda\/#website\",\"url\":\"https:\/\/lubrimas.pe\/tienda\/\",\"name\":\"Lubrimas.pe | Tienda Online\",\"description\":\"Tus lubricantes favoritos al mejor precio!\",\"publisher\":{\"@id\":\"https:\/\/lubrimas.pe\/tienda\/#organization\"},\"potentialAction\":[{\"@type\":\"SearchAction\",\"target\":{\"@type\":\"EntryPoint\",\"urlTemplate\":\"https:\/\/lubrimas.pe\/tienda\/?s={search_term_string}\"},\"query-input\":{\"@type\":\"PropertyValueSpecification\",\"valueRequired\":true,\"valueName\":\"search_term_string\"}}],\"inLanguage\":\"es\"},{\"@type\":\"Organization\",\"@id\":\"https:\/\/lubrimas.pe\/tienda\/#organization\",\"name\":\"Lubrimas.pe\",\"url\":\"https:\/\/lubrimas.pe\/tienda\/\",\"logo\":{\"@type\":\"ImageObject\",\"inLanguage\":\"es\",\"@id\":\"https:\/\/lubrimas.pe\/tienda\/#\/schema\/logo\/image\/\",\"url\":\"https:\/\/lubrimas.pe\/tienda\/wp-content\/uploads\/sites\/3\/2022\/07\/BANNERS-PROMO-CYBER-WOW-LUBRIMASPE-2022-07.webp\",\"contentUrl\":\"https:\/\/lubrimas.pe\/tienda\/wp-content\/uploads\/sites\/3\/2022\/07\/BANNERS-PROMO-CYBER-WOW-LUBRIMASPE-2022-07.webp\",\"width\":500,\"height\":752,\"caption\":\"Lubrimas.pe\"},\"image\":{\"@id\":\"https:\/\/lubrimas.pe\/tienda\/#\/schema\/logo\/image\/\"}}]}<\/script>\n<!-- \/ Yoast SEO plugin. -->","yoast_head_json":{"title":"CASTROL TRANSMAX IMPORT MULTI-VEHICLE | \ud83d\udea8 NUEVO en Lubrimas.pe | Tienda Online","description":"Castrol Transmax CVT, formulado con y bases lubricantes totalmente sint\u00e9ticas de alta calidad, dise\u00f1ado para transmisiones variables continuas (CVT).","robots":{"index":"index","follow":"follow","max-snippet":"max-snippet:-1","max-image-preview":"max-image-preview:large","max-video-preview":"max-video-preview:-1"},"canonical":"https:\/\/lubrimas.pe\/tienda\/aceite-de-caja\/castrol-transmax-import-multi-vehicle\/","og_locale":"es_ES","og_type":"article","og_title":"CASTROL TRANSMAX IMPORT MULTI-VEHICLE | \ud83d\udea8 NUEVO en Lubrimas.pe | Tienda Online","og_description":"Castrol Transmax CVT, formulado con y bases lubricantes totalmente sint\u00e9ticas de alta calidad, dise\u00f1ado para transmisiones variables continuas (CVT).","og_url":"https:\/\/lubrimas.pe\/tienda\/aceite-de-caja\/castrol-transmax-import-multi-vehicle\/","og_site_name":"Lubrimas.pe | Tienda Online","article_modified_time":"2022-11-29T19:47:35+00:00","og_image":[{"width":850,"height":1000,"url":"https:\/\/lubrimas.pe\/tienda\/wp-content\/uploads\/sites\/3\/2022\/07\/lubrimaspe-lubrimasperu-aceite-castrol-transmax-import-multivehicle-quartogalon-1lt-losolivos-lima-peru.webp.webp","type":"image\/webp"}],"twitter_card":"summary_large_image","twitter_misc":{"Tiempo de lectura":"1 minuto"},"schema":{"@context":"https:\/\/schema.org","@graph":[{"@type":["WebPage","ItemPage"],"@id":"https:\/\/lubrimas.pe\/tienda\/aceite-de-caja\/castrol-transmax-import-multi-vehicle\/","url":"https:\/\/lubrimas.pe\/tienda\/aceite-de-caja\/castrol-transmax-import-multi-vehicle\/","name":"CASTROL TRANSMAX IMPORT MULTI-VEHICLE | \ud83d\udea8 NUEVO en Lubrimas.pe | Tienda Online","isPartOf":{"@id":"https:\/\/lubrimas.pe\/tienda\/#website"},"primaryImageOfPage":{"@id":"https:\/\/lubrimas.pe\/tienda\/aceite-de-caja\/castrol-transmax-import-multi-vehicle\/#primaryimage"},"image":{"@id":"https:\/\/lubrimas.pe\/tienda\/aceite-de-caja\/castrol-transmax-import-multi-vehicle\/#primaryimage"},"thumbnailUrl":"https:\/\/lubrimas.pe\/tienda\/wp-content\/uploads\/sites\/3\/2022\/07\/lubrimaspe-lubrimasperu-aceite-castrol-transmax-import-multivehicle-quartogalon-1lt-losolivos-lima-peru.webp.webp","datePublished":"2022-07-12T21:55:09+00:00","dateModified":"2022-11-29T19:47:35+00:00","description":"Castrol Transmax CVT, formulado con y bases lubricantes totalmente sint\u00e9ticas de alta calidad, dise\u00f1ado para transmisiones variables continuas (CVT).","breadcrumb":{"@id":"https:\/\/lubrimas.pe\/tienda\/aceite-de-caja\/castrol-transmax-import-multi-vehicle\/#breadcrumb"},"inLanguage":"es","potentialAction":[{"@type":"ReadAction","target":["https:\/\/lubrimas.pe\/tienda\/aceite-de-caja\/castrol-transmax-import-multi-vehicle\/"]}]},{"@type":"ImageObject","inLanguage":"es","@id":"https:\/\/lubrimas.pe\/tienda\/aceite-de-caja\/castrol-transmax-import-multi-vehicle\/#primaryimage","url":"https:\/\/lubrimas.pe\/tienda\/wp-content\/uploads\/sites\/3\/2022\/07\/lubrimaspe-lubrimasperu-aceite-castrol-transmax-import-multivehicle-quartogalon-1lt-losolivos-lima-peru.webp.webp","contentUrl":"https:\/\/lubrimas.pe\/tienda\/wp-content\/uploads\/sites\/3\/2022\/07\/lubrimaspe-lubrimasperu-aceite-castrol-transmax-import-multivehicle-quartogalon-1lt-losolivos-lima-peru.webp.webp","width":850,"height":1000},{"@type":"BreadcrumbList","@id":"https:\/\/lubrimas.pe\/tienda\/aceite-de-caja\/castrol-transmax-import-multi-vehicle\/#breadcrumb","itemListElement":[{"@type":"ListItem","position":1,"name":"Portada","item":"https:\/\/lubrimas.pe\/tienda\/"},{"@type":"ListItem","position":2,"name":"Cat\u00e1logo","item":"https:\/\/lubrimas.pe\/tienda\/productos\/"},{"@type":"ListItem","position":3,"name":"CASTROL TRANSMAX IMPORT MULTI-VEHICLE"}]},{"@type":"WebSite","@id":"https:\/\/lubrimas.pe\/tienda\/#website","url":"https:\/\/lubrimas.pe\/tienda\/","name":"Lubrimas.pe | Tienda Online","description":"Tus lubricantes favoritos al mejor precio!","publisher":{"@id":"https:\/\/lubrimas.pe\/tienda\/#organization"},"potentialAction":[{"@type":"SearchAction","target":{"@type":"EntryPoint","urlTemplate":"https:\/\/lubrimas.pe\/tienda\/?s={search_term_string}"},"query-input":{"@type":"PropertyValueSpecification","valueRequired":true,"valueName":"search_term_string"}}],"inLanguage":"es"},{"@type":"Organization","@id":"https:\/\/lubrimas.pe\/tienda\/#organization","name":"Lubrimas.pe","url":"https:\/\/lubrimas.pe\/tienda\/","logo":{"@type":"ImageObject","inLanguage":"es","@id":"https:\/\/lubrimas.pe\/tienda\/#\/schema\/logo\/image\/","url":"https:\/\/lubrimas.pe\/tienda\/wp-content\/uploads\/sites\/3\/2022\/07\/BANNERS-PROMO-CYBER-WOW-LUBRIMASPE-2022-07.webp","contentUrl":"https:\/\/lubrimas.pe\/tienda\/wp-content\/uploads\/sites\/3\/2022\/07\/BANNERS-PROMO-CYBER-WOW-LUBRIMASPE-2022-07.webp","width":500,"height":752,"caption":"Lubrimas.pe"},"image":{"@id":"https:\/\/lubrimas.pe\/tienda\/#\/schema\/logo\/image\/"}}]}},"_links":{"self":[{"href":"https:\/\/lubrimas.pe\/tienda\/wp-json\/wp\/v2\/product\/12149","targetHints":{"allow":["GET"]}}],"collection":[{"href":"https:\/\/lubrimas.pe\/tienda\/wp-json\/wp\/v2\/product"}],"about":[{"href":"https:\/\/lubrimas.pe\/tienda\/wp-json\/wp\/v2\/types\/product"}],"wp:featuredmedia":[{"embeddable":true,"href":"https:\/\/lubrimas.pe\/tienda\/wp-json\/wp\/v2\/media\/12854"}],"wp:attachment":[{"href":"https:\/\/lubrimas.pe\/tienda\/wp-json\/wp\/v2\/media?parent=12149"}],"wp:term":[{"taxonomy":"product_brand","embeddable":true,"href":"https:\/\/lubrimas.pe\/tienda\/wp-json\/wp\/v2\/product_brand?post=12149"},{"taxonomy":"product_cat","embeddable":true,"href":"https:\/\/lubrimas.pe\/tienda\/wp-json\/wp\/v2\/product_cat?post=12149"},{"taxonomy":"product_tag","embeddable":true,"href":"https:\/\/lubrimas.pe\/tienda\/wp-json\/wp\/v2\/product_tag?post=12149"}],"curies":[{"name":"wp","href":"https:\/\/api.w.org\/{rel}","templated":true}]}}