{"id":12154,"date":"2022-07-13T13:58:31","date_gmt":"2022-07-13T18:58:31","guid":{"rendered":"https:\/\/lubrimas.pe\/tienda\/?post_type=product&#038;p=12154"},"modified":"2025-11-28T12:55:45","modified_gmt":"2025-11-28T17:55:45","slug":"3bsi-limpia-parabrisas","status":"publish","type":"product","link":"https:\/\/lubrimas.pe\/tienda\/aditivos\/3bsi-limpia-parabrisas\/","title":{"rendered":"3BSI LIMPIA PARABRISAS &#8211; Visibilidad impecable"},"content":{"rendered":"<p><strong>3BSI LIMPIA PARABRISAS <\/strong>es un l\u00edquido elaborado a base de tensos activos siliconados para humectar y proteger al hule de las plumas y disolventes de tipo desengrasantes con el prop\u00f3sito de limpiar el parabrisas de los autom\u00f3viles y dejarlos para una visibilidad implecable para el conductor.<\/p>\n<h5><strong>Modo de Uso<\/strong><\/h5>\n<p>Se agrega en el dep\u00f3sito destinado para ello en los autom\u00f3viles, vertiendo directamente el contenido del envase hasta el nivel requerido o marcado por el fabricante del autom\u00f3vil. Puede usarse tambi\u00e9n para limpiar la parte interna del parabrisas por medio de un pa\u00f1o humedecido. Puede ser usado tambi\u00e9n para la limpieza de ventanas y cristales en el hogar o la o\ufb01cina, mediante la diluci\u00f3n de una parte de limpiaparabrisas y dos partes de agua.<\/p>\n<h5><strong>APLICACIONES<\/strong><\/h5>\n<ul>\n<li>Limpieza de vidrios.<\/li>\n<li>Limpieza de espejos.<\/li>\n<li>Limpieza de metales pulidos.<\/li>\n<li>Limpieza de pl\u00e1sticos.<\/li>\n<\/ul>\n<h5><strong>CARACTER\u00cdSTICAS T\u00c9CNICAS<\/strong><\/h5>\n<ul>\n<li><strong>Densidad:<\/strong> 1.85 &#8211; 19.95 \u00b1 0.05<\/li>\n<li><strong>Apariencia y color:<\/strong> Celeste<\/li>\n<li><strong>Olor:<\/strong> Herbal Fresh<\/li>\n<li><strong>Inflamabilidad:<\/strong> No inflamable<\/li>\n<li><strong>Solubilidad:<\/strong> Soluble en agua<\/li>\n<\/ul>\n","protected":false},"excerpt":{"rendered":"<p>3BSI LIMPIA PARABRISAS es un l\u00edquido elaborado a base de tensos activos siliconados para humectar y proteger al hule de las plumas y disolventes de tipo desengrasantes con el prop\u00f3sito<\/p>\n","protected":false},"featured_media":14964,"template":"","meta":[],"product_brand":[],"product_cat":[152],"product_tag":[],"class_list":{"0":"post-12154","1":"product","2":"type-product","3":"status-publish","4":"has-post-thumbnail","6":"product_cat-aditivos","7":"pa_marca-3bsi","9":"first","10":"instock","11":"sale","12":"shipping-taxable","13":"purchasable","14":"product-type-variable","15":"has-default-attributes"},"yoast_head":"<!-- This site is optimized with the Yoast SEO plugin v27.4 - https:\/\/yoast.com\/product\/yoast-seo-wordpress\/ -->\n<title>3BSI LIMPIA PARABRISAS - Visibilidad impecable | Lubrimas.pe | Tienda Online<\/title>\n<meta name=\"robots\" content=\"index, follow, max-snippet:-1, max-image-preview:large, max-video-preview:-1\" \/>\n<link rel=\"canonical\" href=\"https:\/\/lubrimas.pe\/tienda\/aditivos\/3bsi-limpia-parabrisas\/\" \/>\n<meta property=\"og:locale\" content=\"es_ES\" \/>\n<meta property=\"og:type\" content=\"article\" \/>\n<meta property=\"og:title\" content=\"3BSI LIMPIA PARABRISAS - Visibilidad impecable | Lubrimas.pe | Tienda Online\" \/>\n<meta property=\"og:description\" content=\"3BSI LIMPIA PARABRISAS es un l\u00edquido elaborado a base de tensos activos siliconados para humectar y proteger al hule de las plumas y disolventes de tipo desengrasantes con el prop\u00f3sito\" \/>\n<meta property=\"og:url\" content=\"https:\/\/lubrimas.pe\/tienda\/aditivos\/3bsi-limpia-parabrisas\/\" \/>\n<meta property=\"og:site_name\" content=\"Lubrimas.pe | Tienda Online\" \/>\n<meta property=\"article:modified_time\" content=\"2025-11-28T17:55:45+00:00\" \/>\n<meta property=\"og:image\" content=\"https:\/\/lubrimas.pe\/tienda\/wp-content\/uploads\/sites\/3\/2023\/06\/lubrimas-extras-limpiaparabrisas-3bsi-galon-losolivos-peru-1.jpg\" \/>\n\t<meta property=\"og:image:width\" content=\"850\" \/>\n\t<meta property=\"og:image:height\" content=\"1000\" \/>\n\t<meta property=\"og:image:type\" content=\"image\/jpeg\" \/>\n<meta name=\"twitter:card\" content=\"summary_large_image\" \/>\n<meta name=\"twitter:label1\" content=\"Tiempo de lectura\" \/>\n\t<meta name=\"twitter:data1\" content=\"1 minuto\" \/>\n<script type=\"application\/ld+json\" class=\"yoast-schema-graph\">{\"@context\":\"https:\\\/\\\/schema.org\",\"@graph\":[{\"@type\":[\"WebPage\",\"ItemPage\"],\"@id\":\"https:\\\/\\\/lubrimas.pe\\\/tienda\\\/aditivos\\\/3bsi-limpia-parabrisas\\\/\",\"url\":\"https:\\\/\\\/lubrimas.pe\\\/tienda\\\/aditivos\\\/3bsi-limpia-parabrisas\\\/\",\"name\":\"3BSI LIMPIA PARABRISAS - Visibilidad impecable | Lubrimas.pe | Tienda Online\",\"isPartOf\":{\"@id\":\"https:\\\/\\\/lubrimas.pe\\\/tienda\\\/#website\"},\"primaryImageOfPage\":{\"@id\":\"https:\\\/\\\/lubrimas.pe\\\/tienda\\\/aditivos\\\/3bsi-limpia-parabrisas\\\/#primaryimage\"},\"image\":{\"@id\":\"https:\\\/\\\/lubrimas.pe\\\/tienda\\\/aditivos\\\/3bsi-limpia-parabrisas\\\/#primaryimage\"},\"thumbnailUrl\":\"https:\\\/\\\/lubrimas.pe\\\/tienda\\\/wp-content\\\/uploads\\\/sites\\\/3\\\/2023\\\/06\\\/lubrimas-extras-limpiaparabrisas-3bsi-galon-losolivos-peru-1.jpg\",\"datePublished\":\"2022-07-13T18:58:31+00:00\",\"dateModified\":\"2025-11-28T17:55:45+00:00\",\"breadcrumb\":{\"@id\":\"https:\\\/\\\/lubrimas.pe\\\/tienda\\\/aditivos\\\/3bsi-limpia-parabrisas\\\/#breadcrumb\"},\"inLanguage\":\"es\",\"potentialAction\":[{\"@type\":\"ReadAction\",\"target\":[\"https:\\\/\\\/lubrimas.pe\\\/tienda\\\/aditivos\\\/3bsi-limpia-parabrisas\\\/\"]}]},{\"@type\":\"ImageObject\",\"inLanguage\":\"es\",\"@id\":\"https:\\\/\\\/lubrimas.pe\\\/tienda\\\/aditivos\\\/3bsi-limpia-parabrisas\\\/#primaryimage\",\"url\":\"https:\\\/\\\/lubrimas.pe\\\/tienda\\\/wp-content\\\/uploads\\\/sites\\\/3\\\/2023\\\/06\\\/lubrimas-extras-limpiaparabrisas-3bsi-galon-losolivos-peru-1.jpg\",\"contentUrl\":\"https:\\\/\\\/lubrimas.pe\\\/tienda\\\/wp-content\\\/uploads\\\/sites\\\/3\\\/2023\\\/06\\\/lubrimas-extras-limpiaparabrisas-3bsi-galon-losolivos-peru-1.jpg\",\"width\":850,\"height\":1000},{\"@type\":\"BreadcrumbList\",\"@id\":\"https:\\\/\\\/lubrimas.pe\\\/tienda\\\/aditivos\\\/3bsi-limpia-parabrisas\\\/#breadcrumb\",\"itemListElement\":[{\"@type\":\"ListItem\",\"position\":1,\"name\":\"Portada\",\"item\":\"https:\\\/\\\/lubrimas.pe\\\/tienda\\\/\"},{\"@type\":\"ListItem\",\"position\":2,\"name\":\"Cat\u00e1logo\",\"item\":\"https:\\\/\\\/lubrimas.pe\\\/tienda\\\/productos\\\/\"},{\"@type\":\"ListItem\",\"position\":3,\"name\":\"3BSI LIMPIA PARABRISAS &#8211; Visibilidad impecable\"}]},{\"@type\":\"WebSite\",\"@id\":\"https:\\\/\\\/lubrimas.pe\\\/tienda\\\/#website\",\"url\":\"https:\\\/\\\/lubrimas.pe\\\/tienda\\\/\",\"name\":\"Lubrimas.pe | Tienda Online\",\"description\":\"Tus lubricantes favoritos al mejor precio!\",\"publisher\":{\"@id\":\"https:\\\/\\\/lubrimas.pe\\\/tienda\\\/#organization\"},\"potentialAction\":[{\"@type\":\"SearchAction\",\"target\":{\"@type\":\"EntryPoint\",\"urlTemplate\":\"https:\\\/\\\/lubrimas.pe\\\/tienda\\\/?s={search_term_string}\"},\"query-input\":{\"@type\":\"PropertyValueSpecification\",\"valueRequired\":true,\"valueName\":\"search_term_string\"}}],\"inLanguage\":\"es\"},{\"@type\":\"Organization\",\"@id\":\"https:\\\/\\\/lubrimas.pe\\\/tienda\\\/#organization\",\"name\":\"Lubrimas.pe\",\"url\":\"https:\\\/\\\/lubrimas.pe\\\/tienda\\\/\",\"logo\":{\"@type\":\"ImageObject\",\"inLanguage\":\"es\",\"@id\":\"https:\\\/\\\/lubrimas.pe\\\/tienda\\\/#\\\/schema\\\/logo\\\/image\\\/\",\"url\":\"https:\\\/\\\/lubrimas.pe\\\/tienda\\\/wp-content\\\/uploads\\\/sites\\\/3\\\/2022\\\/07\\\/BANNERS-PROMO-CYBER-WOW-LUBRIMASPE-2022-07.webp\",\"contentUrl\":\"https:\\\/\\\/lubrimas.pe\\\/tienda\\\/wp-content\\\/uploads\\\/sites\\\/3\\\/2022\\\/07\\\/BANNERS-PROMO-CYBER-WOW-LUBRIMASPE-2022-07.webp\",\"width\":500,\"height\":752,\"caption\":\"Lubrimas.pe\"},\"image\":{\"@id\":\"https:\\\/\\\/lubrimas.pe\\\/tienda\\\/#\\\/schema\\\/logo\\\/image\\\/\"}}]}<\/script>\n<!-- \/ Yoast SEO plugin. -->","yoast_head_json":{"title":"3BSI LIMPIA PARABRISAS - Visibilidad impecable | Lubrimas.pe | Tienda Online","robots":{"index":"index","follow":"follow","max-snippet":"max-snippet:-1","max-image-preview":"max-image-preview:large","max-video-preview":"max-video-preview:-1"},"canonical":"https:\/\/lubrimas.pe\/tienda\/aditivos\/3bsi-limpia-parabrisas\/","og_locale":"es_ES","og_type":"article","og_title":"3BSI LIMPIA PARABRISAS - Visibilidad impecable | Lubrimas.pe | Tienda Online","og_description":"3BSI LIMPIA PARABRISAS es un l\u00edquido elaborado a base de tensos activos siliconados para humectar y proteger al hule de las plumas y disolventes de tipo desengrasantes con el prop\u00f3sito","og_url":"https:\/\/lubrimas.pe\/tienda\/aditivos\/3bsi-limpia-parabrisas\/","og_site_name":"Lubrimas.pe | Tienda Online","article_modified_time":"2025-11-28T17:55:45+00:00","og_image":[{"width":850,"height":1000,"url":"https:\/\/lubrimas.pe\/tienda\/wp-content\/uploads\/sites\/3\/2023\/06\/lubrimas-extras-limpiaparabrisas-3bsi-galon-losolivos-peru-1.jpg","type":"image\/jpeg"}],"twitter_card":"summary_large_image","twitter_misc":{"Tiempo de lectura":"1 minuto"},"schema":{"@context":"https:\/\/schema.org","@graph":[{"@type":["WebPage","ItemPage"],"@id":"https:\/\/lubrimas.pe\/tienda\/aditivos\/3bsi-limpia-parabrisas\/","url":"https:\/\/lubrimas.pe\/tienda\/aditivos\/3bsi-limpia-parabrisas\/","name":"3BSI LIMPIA PARABRISAS - Visibilidad impecable | Lubrimas.pe | Tienda Online","isPartOf":{"@id":"https:\/\/lubrimas.pe\/tienda\/#website"},"primaryImageOfPage":{"@id":"https:\/\/lubrimas.pe\/tienda\/aditivos\/3bsi-limpia-parabrisas\/#primaryimage"},"image":{"@id":"https:\/\/lubrimas.pe\/tienda\/aditivos\/3bsi-limpia-parabrisas\/#primaryimage"},"thumbnailUrl":"https:\/\/lubrimas.pe\/tienda\/wp-content\/uploads\/sites\/3\/2023\/06\/lubrimas-extras-limpiaparabrisas-3bsi-galon-losolivos-peru-1.jpg","datePublished":"2022-07-13T18:58:31+00:00","dateModified":"2025-11-28T17:55:45+00:00","breadcrumb":{"@id":"https:\/\/lubrimas.pe\/tienda\/aditivos\/3bsi-limpia-parabrisas\/#breadcrumb"},"inLanguage":"es","potentialAction":[{"@type":"ReadAction","target":["https:\/\/lubrimas.pe\/tienda\/aditivos\/3bsi-limpia-parabrisas\/"]}]},{"@type":"ImageObject","inLanguage":"es","@id":"https:\/\/lubrimas.pe\/tienda\/aditivos\/3bsi-limpia-parabrisas\/#primaryimage","url":"https:\/\/lubrimas.pe\/tienda\/wp-content\/uploads\/sites\/3\/2023\/06\/lubrimas-extras-limpiaparabrisas-3bsi-galon-losolivos-peru-1.jpg","contentUrl":"https:\/\/lubrimas.pe\/tienda\/wp-content\/uploads\/sites\/3\/2023\/06\/lubrimas-extras-limpiaparabrisas-3bsi-galon-losolivos-peru-1.jpg","width":850,"height":1000},{"@type":"BreadcrumbList","@id":"https:\/\/lubrimas.pe\/tienda\/aditivos\/3bsi-limpia-parabrisas\/#breadcrumb","itemListElement":[{"@type":"ListItem","position":1,"name":"Portada","item":"https:\/\/lubrimas.pe\/tienda\/"},{"@type":"ListItem","position":2,"name":"Cat\u00e1logo","item":"https:\/\/lubrimas.pe\/tienda\/productos\/"},{"@type":"ListItem","position":3,"name":"3BSI LIMPIA PARABRISAS &#8211; Visibilidad impecable"}]},{"@type":"WebSite","@id":"https:\/\/lubrimas.pe\/tienda\/#website","url":"https:\/\/lubrimas.pe\/tienda\/","name":"Lubrimas.pe | Tienda Online","description":"Tus lubricantes favoritos al mejor precio!","publisher":{"@id":"https:\/\/lubrimas.pe\/tienda\/#organization"},"potentialAction":[{"@type":"SearchAction","target":{"@type":"EntryPoint","urlTemplate":"https:\/\/lubrimas.pe\/tienda\/?s={search_term_string}"},"query-input":{"@type":"PropertyValueSpecification","valueRequired":true,"valueName":"search_term_string"}}],"inLanguage":"es"},{"@type":"Organization","@id":"https:\/\/lubrimas.pe\/tienda\/#organization","name":"Lubrimas.pe","url":"https:\/\/lubrimas.pe\/tienda\/","logo":{"@type":"ImageObject","inLanguage":"es","@id":"https:\/\/lubrimas.pe\/tienda\/#\/schema\/logo\/image\/","url":"https:\/\/lubrimas.pe\/tienda\/wp-content\/uploads\/sites\/3\/2022\/07\/BANNERS-PROMO-CYBER-WOW-LUBRIMASPE-2022-07.webp","contentUrl":"https:\/\/lubrimas.pe\/tienda\/wp-content\/uploads\/sites\/3\/2022\/07\/BANNERS-PROMO-CYBER-WOW-LUBRIMASPE-2022-07.webp","width":500,"height":752,"caption":"Lubrimas.pe"},"image":{"@id":"https:\/\/lubrimas.pe\/tienda\/#\/schema\/logo\/image\/"}}]}},"_links":{"self":[{"href":"https:\/\/lubrimas.pe\/tienda\/wp-json\/wp\/v2\/product\/12154","targetHints":{"allow":["GET"]}}],"collection":[{"href":"https:\/\/lubrimas.pe\/tienda\/wp-json\/wp\/v2\/product"}],"about":[{"href":"https:\/\/lubrimas.pe\/tienda\/wp-json\/wp\/v2\/types\/product"}],"wp:featuredmedia":[{"embeddable":true,"href":"https:\/\/lubrimas.pe\/tienda\/wp-json\/wp\/v2\/media\/14964"}],"wp:attachment":[{"href":"https:\/\/lubrimas.pe\/tienda\/wp-json\/wp\/v2\/media?parent=12154"}],"wp:term":[{"taxonomy":"product_brand","embeddable":true,"href":"https:\/\/lubrimas.pe\/tienda\/wp-json\/wp\/v2\/product_brand?post=12154"},{"taxonomy":"product_cat","embeddable":true,"href":"https:\/\/lubrimas.pe\/tienda\/wp-json\/wp\/v2\/product_cat?post=12154"},{"taxonomy":"product_tag","embeddable":true,"href":"https:\/\/lubrimas.pe\/tienda\/wp-json\/wp\/v2\/product_tag?post=12154"}],"curies":[{"name":"wp","href":"https:\/\/api.w.org\/{rel}","templated":true}]}}