{"id":12338,"date":"2022-08-26T15:41:22","date_gmt":"2022-08-26T20:41:22","guid":{"rendered":"https:\/\/lubrimas.pe\/tienda\/?post_type=product&#038;p=12338"},"modified":"2024-12-18T12:28:43","modified_gmt":"2024-12-18T17:28:43","slug":"castrol-gtx-10w40-alto-km-high-milleage","status":"publish","type":"product","link":"https:\/\/lubrimas.pe\/tienda\/aceite-de-motor\/castrol-gtx-10w40-alto-km-high-milleage\/","title":{"rendered":"CASTROL GTX 10W40 HIGH MILEAGE \u2013 ACEITE SEMI SINT\u00c9TICO"},"content":{"rendered":"<p><strong>CASTROL GTX 10W40 ALTO KILOMETRAJE<\/strong> es adecuado para su uso en motores de gasolina de autom\u00f3viles donde el fabricante recomienda un lubricante API SP o especificaci\u00f3n anterior 10W40.<\/p>\n<h5><strong>CARACTER\u00cdSTICAS PRINCIPALES<\/strong><\/h5>\n<p><strong>CASTROL GTX 10W40 ALTO KILOMETRAJE<\/strong> tambi\u00e9n ofrece:<\/p>\n<ul>\n<li>Dispersi\u00f3n superior que combate la acumulaci\u00f3n de lodos (2)<\/li>\n<li>Protecci\u00f3n excepcional contra la quema de aceite que supera los est\u00e1ndares de la industria (3)<\/li>\n<li>Acondicionadores de sellos para ayudar a reducir las fugas<\/li>\n<li>Aditivos avanzados para minimizar el desgaste del motor<\/li>\n<\/ul>\n<blockquote><p>(1) Basado en SqVH Sludge Test y SqIVB Wear Test y Noack Volatility test<\/p>\n<p>(2) Basado en la prueba SqVH<\/p>\n<p>(3) Basado en la especificaci\u00f3n de volatilidad API y ACEA<\/p><\/blockquote>\n<div class=\"nr-component nr-adaptive-image aem-GridColumn aem-GridColumn--default--12\" data-component-name=\"adaptiveimage\">\n<div class=\"nr-row\">\n<div class=\"nr-adaptive-image__wrapper nr-lazy-size__wrapper false\" data-is-fullscreen=\"false\" data-is-description=\"false\">\n<h5><strong>APROBACIONES \/ ESPECIFICACIONES<\/strong><\/h5>\n<ul>\n<li>API SP<\/li>\n<\/ul>\n<\/div>\n<\/div>\n<\/div>\n<h5><strong>INFORMACI\u00d3N ADICIONAL<\/strong><\/h5>\n<div class=\"nv-text-component nv-component section\" data-component-name=\"text\" data-component-container=\"true\">\n<div class=\"aditional-info-tecnical-lp\"><a href=\"https:\/\/lubrimas.pe\/tienda\/wp-content\/uploads\/sites\/3\/2022\/09\/FICHA-TECNICA-PDS-ACEITE-CASTROL-GTX-HIGH-MILEAGE-10W30-LUBRIMASPE-LOS-OLIVOS-LIMA-PERU.pdf\" target=\"_blank\" rel=\"noopener\">FICHA T\u00c9CNICA<\/a><br \/>\n<a href=\"https:\/\/www.castrol.com\/es_us\/united-states\/home\/motor-oil-and-fluids\/engine-oils\/motor-engine-oil-brands\/castrol-gtx-brand\/castrol-gtx-high-mileage.html#tab_10w-30\" target=\"_blank\" rel=\"noopener\">SITIO OFICIAL<\/a><\/div>\n<\/div>\n<p>&nbsp;<\/p>\n","protected":false},"excerpt":{"rendered":"<p>CASTROL GTX 10W40 ALTO KILOMETRAJE es adecuado para su uso en motores de gasolina de autom\u00f3viles donde el fabricante recomienda un lubricante API SP o especificaci\u00f3n anterior 10W40. CARACTER\u00cdSTICAS PRINCIPALES<\/p>\n","protected":false},"featured_media":12340,"template":"","meta":[],"product_brand":[],"product_cat":[16,22],"product_tag":[],"class_list":{"0":"post-12338","1":"product","2":"type-product","3":"status-publish","4":"has-post-thumbnail","6":"product_cat-aceite-de-motor","7":"product_cat-motor-gasolina-gas","8":"pa_envio-envio-gratis","9":"pa_grado-10w40","10":"pa_marca-castrol","11":"pa_ofertas-cyber","13":"first","14":"instock","15":"sale","16":"shipping-taxable","17":"purchasable","18":"product-type-variable","19":"has-default-attributes"},"yoast_head":"<!-- This site is optimized with the Yoast SEO plugin v27.4 - https:\/\/yoast.com\/product\/yoast-seo-wordpress\/ -->\n<title>CASTROL GTX 10W40 HIGH MILEAGE \u2013 ACEITE SEMI SINT\u00c9TICO | Lubrimas.pe | Tienda Online<\/title>\n<meta name=\"robots\" content=\"index, follow, max-snippet:-1, max-image-preview:large, max-video-preview:-1\" \/>\n<link rel=\"canonical\" href=\"https:\/\/lubrimas.pe\/tienda\/aceite-de-motor\/castrol-gtx-10w40-alto-km-high-milleage\/\" \/>\n<meta property=\"og:locale\" content=\"es_ES\" \/>\n<meta property=\"og:type\" content=\"article\" \/>\n<meta property=\"og:title\" content=\"CASTROL GTX 10W40 HIGH MILEAGE \u2013 ACEITE SEMI SINT\u00c9TICO | Lubrimas.pe | Tienda Online\" \/>\n<meta property=\"og:description\" content=\"CASTROL GTX 10W40 ALTO KILOMETRAJE es adecuado para su uso en motores de gasolina de autom\u00f3viles donde el fabricante recomienda un lubricante API SP o especificaci\u00f3n anterior 10W40. CARACTER\u00cdSTICAS PRINCIPALES\" \/>\n<meta property=\"og:url\" content=\"https:\/\/lubrimas.pe\/tienda\/aceite-de-motor\/castrol-gtx-10w40-alto-km-high-milleage\/\" \/>\n<meta property=\"og:site_name\" content=\"Lubrimas.pe | Tienda Online\" \/>\n<meta property=\"article:modified_time\" content=\"2024-12-18T17:28:43+00:00\" \/>\n<meta property=\"og:image\" content=\"https:\/\/lubrimas.pe\/tienda\/wp-content\/uploads\/sites\/3\/2022\/08\/lubrimas_pe-lubrimasperu-aceite-castrol-gtx-alto-kilometraje-10w40-sintetico-quarto-litro-1lt-losolivos-lima-peru.webp\" \/>\n\t<meta property=\"og:image:width\" content=\"850\" \/>\n\t<meta property=\"og:image:height\" content=\"1000\" \/>\n\t<meta property=\"og:image:type\" content=\"image\/webp\" \/>\n<meta name=\"twitter:card\" content=\"summary_large_image\" \/>\n<meta name=\"twitter:label1\" content=\"Tiempo de lectura\" \/>\n\t<meta name=\"twitter:data1\" content=\"1 minuto\" \/>\n<script type=\"application\/ld+json\" class=\"yoast-schema-graph\">{\"@context\":\"https:\\\/\\\/schema.org\",\"@graph\":[{\"@type\":[\"WebPage\",\"ItemPage\"],\"@id\":\"https:\\\/\\\/lubrimas.pe\\\/tienda\\\/aceite-de-motor\\\/castrol-gtx-10w40-alto-km-high-milleage\\\/\",\"url\":\"https:\\\/\\\/lubrimas.pe\\\/tienda\\\/aceite-de-motor\\\/castrol-gtx-10w40-alto-km-high-milleage\\\/\",\"name\":\"CASTROL GTX 10W40 HIGH MILEAGE \u2013 ACEITE SEMI SINT\u00c9TICO | Lubrimas.pe | Tienda Online\",\"isPartOf\":{\"@id\":\"https:\\\/\\\/lubrimas.pe\\\/tienda\\\/#website\"},\"primaryImageOfPage\":{\"@id\":\"https:\\\/\\\/lubrimas.pe\\\/tienda\\\/aceite-de-motor\\\/castrol-gtx-10w40-alto-km-high-milleage\\\/#primaryimage\"},\"image\":{\"@id\":\"https:\\\/\\\/lubrimas.pe\\\/tienda\\\/aceite-de-motor\\\/castrol-gtx-10w40-alto-km-high-milleage\\\/#primaryimage\"},\"thumbnailUrl\":\"https:\\\/\\\/lubrimas.pe\\\/tienda\\\/wp-content\\\/uploads\\\/sites\\\/3\\\/2022\\\/08\\\/lubrimas_pe-lubrimasperu-aceite-castrol-gtx-alto-kilometraje-10w40-sintetico-quarto-litro-1lt-losolivos-lima-peru.webp\",\"datePublished\":\"2022-08-26T20:41:22+00:00\",\"dateModified\":\"2024-12-18T17:28:43+00:00\",\"breadcrumb\":{\"@id\":\"https:\\\/\\\/lubrimas.pe\\\/tienda\\\/aceite-de-motor\\\/castrol-gtx-10w40-alto-km-high-milleage\\\/#breadcrumb\"},\"inLanguage\":\"es\",\"potentialAction\":[{\"@type\":\"ReadAction\",\"target\":[\"https:\\\/\\\/lubrimas.pe\\\/tienda\\\/aceite-de-motor\\\/castrol-gtx-10w40-alto-km-high-milleage\\\/\"]}]},{\"@type\":\"ImageObject\",\"inLanguage\":\"es\",\"@id\":\"https:\\\/\\\/lubrimas.pe\\\/tienda\\\/aceite-de-motor\\\/castrol-gtx-10w40-alto-km-high-milleage\\\/#primaryimage\",\"url\":\"https:\\\/\\\/lubrimas.pe\\\/tienda\\\/wp-content\\\/uploads\\\/sites\\\/3\\\/2022\\\/08\\\/lubrimas_pe-lubrimasperu-aceite-castrol-gtx-alto-kilometraje-10w40-sintetico-quarto-litro-1lt-losolivos-lima-peru.webp\",\"contentUrl\":\"https:\\\/\\\/lubrimas.pe\\\/tienda\\\/wp-content\\\/uploads\\\/sites\\\/3\\\/2022\\\/08\\\/lubrimas_pe-lubrimasperu-aceite-castrol-gtx-alto-kilometraje-10w40-sintetico-quarto-litro-1lt-losolivos-lima-peru.webp\",\"width\":850,\"height\":1000,\"caption\":\"CASTROL GTX 10W40\"},{\"@type\":\"BreadcrumbList\",\"@id\":\"https:\\\/\\\/lubrimas.pe\\\/tienda\\\/aceite-de-motor\\\/castrol-gtx-10w40-alto-km-high-milleage\\\/#breadcrumb\",\"itemListElement\":[{\"@type\":\"ListItem\",\"position\":1,\"name\":\"Portada\",\"item\":\"https:\\\/\\\/lubrimas.pe\\\/tienda\\\/\"},{\"@type\":\"ListItem\",\"position\":2,\"name\":\"Cat\u00e1logo\",\"item\":\"https:\\\/\\\/lubrimas.pe\\\/tienda\\\/productos\\\/\"},{\"@type\":\"ListItem\",\"position\":3,\"name\":\"CASTROL GTX 10W40 HIGH MILEAGE \u2013 ACEITE SEMI SINT\u00c9TICO\"}]},{\"@type\":\"WebSite\",\"@id\":\"https:\\\/\\\/lubrimas.pe\\\/tienda\\\/#website\",\"url\":\"https:\\\/\\\/lubrimas.pe\\\/tienda\\\/\",\"name\":\"Lubrimas.pe | Tienda Online\",\"description\":\"Tus lubricantes favoritos al mejor precio!\",\"publisher\":{\"@id\":\"https:\\\/\\\/lubrimas.pe\\\/tienda\\\/#organization\"},\"potentialAction\":[{\"@type\":\"SearchAction\",\"target\":{\"@type\":\"EntryPoint\",\"urlTemplate\":\"https:\\\/\\\/lubrimas.pe\\\/tienda\\\/?s={search_term_string}\"},\"query-input\":{\"@type\":\"PropertyValueSpecification\",\"valueRequired\":true,\"valueName\":\"search_term_string\"}}],\"inLanguage\":\"es\"},{\"@type\":\"Organization\",\"@id\":\"https:\\\/\\\/lubrimas.pe\\\/tienda\\\/#organization\",\"name\":\"Lubrimas.pe\",\"url\":\"https:\\\/\\\/lubrimas.pe\\\/tienda\\\/\",\"logo\":{\"@type\":\"ImageObject\",\"inLanguage\":\"es\",\"@id\":\"https:\\\/\\\/lubrimas.pe\\\/tienda\\\/#\\\/schema\\\/logo\\\/image\\\/\",\"url\":\"https:\\\/\\\/lubrimas.pe\\\/tienda\\\/wp-content\\\/uploads\\\/sites\\\/3\\\/2022\\\/07\\\/BANNERS-PROMO-CYBER-WOW-LUBRIMASPE-2022-07.webp\",\"contentUrl\":\"https:\\\/\\\/lubrimas.pe\\\/tienda\\\/wp-content\\\/uploads\\\/sites\\\/3\\\/2022\\\/07\\\/BANNERS-PROMO-CYBER-WOW-LUBRIMASPE-2022-07.webp\",\"width\":500,\"height\":752,\"caption\":\"Lubrimas.pe\"},\"image\":{\"@id\":\"https:\\\/\\\/lubrimas.pe\\\/tienda\\\/#\\\/schema\\\/logo\\\/image\\\/\"}}]}<\/script>\n<!-- \/ Yoast SEO plugin. -->","yoast_head_json":{"title":"CASTROL GTX 10W40 HIGH MILEAGE \u2013 ACEITE SEMI SINT\u00c9TICO | Lubrimas.pe | Tienda Online","robots":{"index":"index","follow":"follow","max-snippet":"max-snippet:-1","max-image-preview":"max-image-preview:large","max-video-preview":"max-video-preview:-1"},"canonical":"https:\/\/lubrimas.pe\/tienda\/aceite-de-motor\/castrol-gtx-10w40-alto-km-high-milleage\/","og_locale":"es_ES","og_type":"article","og_title":"CASTROL GTX 10W40 HIGH MILEAGE \u2013 ACEITE SEMI SINT\u00c9TICO | Lubrimas.pe | Tienda Online","og_description":"CASTROL GTX 10W40 ALTO KILOMETRAJE es adecuado para su uso en motores de gasolina de autom\u00f3viles donde el fabricante recomienda un lubricante API SP o especificaci\u00f3n anterior 10W40. CARACTER\u00cdSTICAS PRINCIPALES","og_url":"https:\/\/lubrimas.pe\/tienda\/aceite-de-motor\/castrol-gtx-10w40-alto-km-high-milleage\/","og_site_name":"Lubrimas.pe | Tienda Online","article_modified_time":"2024-12-18T17:28:43+00:00","og_image":[{"width":850,"height":1000,"url":"https:\/\/lubrimas.pe\/tienda\/wp-content\/uploads\/sites\/3\/2022\/08\/lubrimas_pe-lubrimasperu-aceite-castrol-gtx-alto-kilometraje-10w40-sintetico-quarto-litro-1lt-losolivos-lima-peru.webp","type":"image\/webp"}],"twitter_card":"summary_large_image","twitter_misc":{"Tiempo de lectura":"1 minuto"},"schema":{"@context":"https:\/\/schema.org","@graph":[{"@type":["WebPage","ItemPage"],"@id":"https:\/\/lubrimas.pe\/tienda\/aceite-de-motor\/castrol-gtx-10w40-alto-km-high-milleage\/","url":"https:\/\/lubrimas.pe\/tienda\/aceite-de-motor\/castrol-gtx-10w40-alto-km-high-milleage\/","name":"CASTROL GTX 10W40 HIGH MILEAGE \u2013 ACEITE SEMI SINT\u00c9TICO | Lubrimas.pe | Tienda Online","isPartOf":{"@id":"https:\/\/lubrimas.pe\/tienda\/#website"},"primaryImageOfPage":{"@id":"https:\/\/lubrimas.pe\/tienda\/aceite-de-motor\/castrol-gtx-10w40-alto-km-high-milleage\/#primaryimage"},"image":{"@id":"https:\/\/lubrimas.pe\/tienda\/aceite-de-motor\/castrol-gtx-10w40-alto-km-high-milleage\/#primaryimage"},"thumbnailUrl":"https:\/\/lubrimas.pe\/tienda\/wp-content\/uploads\/sites\/3\/2022\/08\/lubrimas_pe-lubrimasperu-aceite-castrol-gtx-alto-kilometraje-10w40-sintetico-quarto-litro-1lt-losolivos-lima-peru.webp","datePublished":"2022-08-26T20:41:22+00:00","dateModified":"2024-12-18T17:28:43+00:00","breadcrumb":{"@id":"https:\/\/lubrimas.pe\/tienda\/aceite-de-motor\/castrol-gtx-10w40-alto-km-high-milleage\/#breadcrumb"},"inLanguage":"es","potentialAction":[{"@type":"ReadAction","target":["https:\/\/lubrimas.pe\/tienda\/aceite-de-motor\/castrol-gtx-10w40-alto-km-high-milleage\/"]}]},{"@type":"ImageObject","inLanguage":"es","@id":"https:\/\/lubrimas.pe\/tienda\/aceite-de-motor\/castrol-gtx-10w40-alto-km-high-milleage\/#primaryimage","url":"https:\/\/lubrimas.pe\/tienda\/wp-content\/uploads\/sites\/3\/2022\/08\/lubrimas_pe-lubrimasperu-aceite-castrol-gtx-alto-kilometraje-10w40-sintetico-quarto-litro-1lt-losolivos-lima-peru.webp","contentUrl":"https:\/\/lubrimas.pe\/tienda\/wp-content\/uploads\/sites\/3\/2022\/08\/lubrimas_pe-lubrimasperu-aceite-castrol-gtx-alto-kilometraje-10w40-sintetico-quarto-litro-1lt-losolivos-lima-peru.webp","width":850,"height":1000,"caption":"CASTROL GTX 10W40"},{"@type":"BreadcrumbList","@id":"https:\/\/lubrimas.pe\/tienda\/aceite-de-motor\/castrol-gtx-10w40-alto-km-high-milleage\/#breadcrumb","itemListElement":[{"@type":"ListItem","position":1,"name":"Portada","item":"https:\/\/lubrimas.pe\/tienda\/"},{"@type":"ListItem","position":2,"name":"Cat\u00e1logo","item":"https:\/\/lubrimas.pe\/tienda\/productos\/"},{"@type":"ListItem","position":3,"name":"CASTROL GTX 10W40 HIGH MILEAGE \u2013 ACEITE SEMI SINT\u00c9TICO"}]},{"@type":"WebSite","@id":"https:\/\/lubrimas.pe\/tienda\/#website","url":"https:\/\/lubrimas.pe\/tienda\/","name":"Lubrimas.pe | Tienda Online","description":"Tus lubricantes favoritos al mejor precio!","publisher":{"@id":"https:\/\/lubrimas.pe\/tienda\/#organization"},"potentialAction":[{"@type":"SearchAction","target":{"@type":"EntryPoint","urlTemplate":"https:\/\/lubrimas.pe\/tienda\/?s={search_term_string}"},"query-input":{"@type":"PropertyValueSpecification","valueRequired":true,"valueName":"search_term_string"}}],"inLanguage":"es"},{"@type":"Organization","@id":"https:\/\/lubrimas.pe\/tienda\/#organization","name":"Lubrimas.pe","url":"https:\/\/lubrimas.pe\/tienda\/","logo":{"@type":"ImageObject","inLanguage":"es","@id":"https:\/\/lubrimas.pe\/tienda\/#\/schema\/logo\/image\/","url":"https:\/\/lubrimas.pe\/tienda\/wp-content\/uploads\/sites\/3\/2022\/07\/BANNERS-PROMO-CYBER-WOW-LUBRIMASPE-2022-07.webp","contentUrl":"https:\/\/lubrimas.pe\/tienda\/wp-content\/uploads\/sites\/3\/2022\/07\/BANNERS-PROMO-CYBER-WOW-LUBRIMASPE-2022-07.webp","width":500,"height":752,"caption":"Lubrimas.pe"},"image":{"@id":"https:\/\/lubrimas.pe\/tienda\/#\/schema\/logo\/image\/"}}]}},"_links":{"self":[{"href":"https:\/\/lubrimas.pe\/tienda\/wp-json\/wp\/v2\/product\/12338","targetHints":{"allow":["GET"]}}],"collection":[{"href":"https:\/\/lubrimas.pe\/tienda\/wp-json\/wp\/v2\/product"}],"about":[{"href":"https:\/\/lubrimas.pe\/tienda\/wp-json\/wp\/v2\/types\/product"}],"wp:featuredmedia":[{"embeddable":true,"href":"https:\/\/lubrimas.pe\/tienda\/wp-json\/wp\/v2\/media\/12340"}],"wp:attachment":[{"href":"https:\/\/lubrimas.pe\/tienda\/wp-json\/wp\/v2\/media?parent=12338"}],"wp:term":[{"taxonomy":"product_brand","embeddable":true,"href":"https:\/\/lubrimas.pe\/tienda\/wp-json\/wp\/v2\/product_brand?post=12338"},{"taxonomy":"product_cat","embeddable":true,"href":"https:\/\/lubrimas.pe\/tienda\/wp-json\/wp\/v2\/product_cat?post=12338"},{"taxonomy":"product_tag","embeddable":true,"href":"https:\/\/lubrimas.pe\/tienda\/wp-json\/wp\/v2\/product_tag?post=12338"}],"curies":[{"name":"wp","href":"https:\/\/api.w.org\/{rel}","templated":true}]}}