{"id":12349,"date":"2022-08-31T15:00:12","date_gmt":"2022-08-31T20:00:12","guid":{"rendered":"https:\/\/lubrimas.pe\/tienda\/?post_type=product&#038;p=12349"},"modified":"2026-03-14T11:12:44","modified_gmt":"2026-03-14T16:12:44","slug":"acdelco-atf-dexron-vi-gm-oe","status":"publish","type":"product","link":"https:\/\/lubrimas.pe\/tienda\/caja-automatica\/acdelco-atf-dexron-vi-gm-oe\/","title":{"rendered":"ACDELCO ATF DEXRON VI &#8211; GM OE"},"content":{"rendered":"<p>ACDELCO GM OE DEXRON-VI ATF es el lanzamiento m\u00e1s reciente de la bien establecida serie DEXRON de fluidos para transmisiones automotrices. Proporciona un rendimiento de cambio constante, incluso en condiciones extremas.\u00a0El fluido de transmisi\u00f3n autom\u00e1tica DEXRON-VI es adecuado para su uso en veh\u00edculos que especifican los siguientes requisitos: totalmente autorizado y aprobado por GM, recomendado para uso en transmisiones GM modelo a\u00f1o 2006 y m\u00e1s recientes que requieren fluido de transmisi\u00f3n autom\u00e1tica DEXRON-VI (reemplaza a DEXRON-III y DEXRON-II(E), o recomendado para cualquier otro fabricante de veh\u00edculos que solicite DEXRON-VI, III o II(E).<\/p>\n<p>ACDelco GM OE DEXRON-VI Automatic Transmission Fluid no se debe usar en CVT (Transmisiones continuamente variables) o DCT (transmisiones de doble embrague) que requieren fluidos especializados.<\/p>\n<p>&nbsp;<\/p>\n","protected":false},"excerpt":{"rendered":"<p>ACDELCO GM OE DEXRON-VI ATF es el lanzamiento m\u00e1s reciente de la bien establecida serie DEXRON de fluidos para transmisiones automotrices. Proporciona un rendimiento de cambio constante, incluso en condiciones<\/p>\n","protected":false},"featured_media":15004,"template":"","meta":[],"product_brand":[],"product_cat":[27,32],"product_tag":[36,34,21,37,19],"class_list":{"0":"post-12349","1":"product","2":"type-product","3":"status-publish","4":"has-post-thumbnail","6":"product_cat-aceite-de-caja","7":"product_cat-caja-automatica","8":"product_tag-acdelco","9":"product_tag-atf","10":"product_tag-automotriz","11":"product_tag-dexron-vi","12":"product_tag-lubricantes","13":"pa_marca-acdelco","14":"pa_ofertas-cyber","15":"pa_transmision-atf","16":"pa_transmision-atf-dexron-vi","18":"first","19":"instock","20":"sale","21":"shipping-taxable","22":"purchasable","23":"product-type-variable","24":"has-default-attributes"},"yoast_head":"<!-- This site is optimized with the Yoast SEO plugin v27.5 - https:\/\/yoast.com\/product\/yoast-seo-wordpress\/ -->\n<title>ACDELCO ATF DEXRON VI - GM OE | Lubrimas.pe | Tienda Online<\/title>\n<meta name=\"description\" content=\"ACDELCO GM OE DEXRON-VI ATF es adecuado para su uso en veh\u00edculos totalmente autorizados y aprobados por GM, desde el a\u00f1o 2006 en adelante.\" \/>\n<meta name=\"robots\" content=\"index, follow, max-snippet:-1, max-image-preview:large, max-video-preview:-1\" \/>\n<link rel=\"canonical\" href=\"https:\/\/lubrimas.pe\/tienda\/caja-automatica\/acdelco-atf-dexron-vi-gm-oe\/\" \/>\n<meta property=\"og:locale\" content=\"es_ES\" \/>\n<meta property=\"og:type\" content=\"article\" \/>\n<meta property=\"og:title\" content=\"ACDELCO ATF DEXRON VI - GM OE | Lubrimas.pe | Tienda Online\" \/>\n<meta property=\"og:description\" content=\"ACDELCO GM OE DEXRON-VI ATF es adecuado para su uso en veh\u00edculos totalmente autorizados y aprobados por GM, desde el a\u00f1o 2006 en adelante.\" \/>\n<meta property=\"og:url\" content=\"https:\/\/lubrimas.pe\/tienda\/caja-automatica\/acdelco-atf-dexron-vi-gm-oe\/\" \/>\n<meta property=\"og:site_name\" content=\"Lubrimas.pe | Tienda Online\" \/>\n<meta property=\"article:modified_time\" content=\"2026-03-14T16:12:44+00:00\" \/>\n<meta property=\"og:image\" content=\"https:\/\/lubrimas.pe\/tienda\/wp-content\/uploads\/sites\/3\/2022\/08\/ACDELCO-ATF.jpg\" \/>\n\t<meta property=\"og:image:width\" content=\"850\" \/>\n\t<meta property=\"og:image:height\" content=\"1000\" \/>\n\t<meta property=\"og:image:type\" content=\"image\/jpeg\" \/>\n<meta name=\"twitter:card\" content=\"summary_large_image\" \/>\n<meta name=\"twitter:label1\" content=\"Tiempo de lectura\" \/>\n\t<meta name=\"twitter:data1\" content=\"1 minuto\" \/>\n<script type=\"application\/ld+json\" class=\"yoast-schema-graph\">{\"@context\":\"https:\\\/\\\/schema.org\",\"@graph\":[{\"@type\":[\"WebPage\",\"ItemPage\"],\"@id\":\"https:\\\/\\\/lubrimas.pe\\\/tienda\\\/caja-automatica\\\/acdelco-atf-dexron-vi-gm-oe\\\/\",\"url\":\"https:\\\/\\\/lubrimas.pe\\\/tienda\\\/caja-automatica\\\/acdelco-atf-dexron-vi-gm-oe\\\/\",\"name\":\"ACDELCO ATF DEXRON VI - GM OE | Lubrimas.pe | Tienda Online\",\"isPartOf\":{\"@id\":\"https:\\\/\\\/lubrimas.pe\\\/tienda\\\/#website\"},\"primaryImageOfPage\":{\"@id\":\"https:\\\/\\\/lubrimas.pe\\\/tienda\\\/caja-automatica\\\/acdelco-atf-dexron-vi-gm-oe\\\/#primaryimage\"},\"image\":{\"@id\":\"https:\\\/\\\/lubrimas.pe\\\/tienda\\\/caja-automatica\\\/acdelco-atf-dexron-vi-gm-oe\\\/#primaryimage\"},\"thumbnailUrl\":\"https:\\\/\\\/lubrimas.pe\\\/tienda\\\/wp-content\\\/uploads\\\/sites\\\/3\\\/2022\\\/08\\\/ACDELCO-ATF.jpg\",\"datePublished\":\"2022-08-31T20:00:12+00:00\",\"dateModified\":\"2026-03-14T16:12:44+00:00\",\"description\":\"ACDELCO GM OE DEXRON-VI ATF es adecuado para su uso en veh\u00edculos totalmente autorizados y aprobados por GM, desde el a\u00f1o 2006 en adelante.\",\"breadcrumb\":{\"@id\":\"https:\\\/\\\/lubrimas.pe\\\/tienda\\\/caja-automatica\\\/acdelco-atf-dexron-vi-gm-oe\\\/#breadcrumb\"},\"inLanguage\":\"es\",\"potentialAction\":[{\"@type\":\"ReadAction\",\"target\":[\"https:\\\/\\\/lubrimas.pe\\\/tienda\\\/caja-automatica\\\/acdelco-atf-dexron-vi-gm-oe\\\/\"]}]},{\"@type\":\"ImageObject\",\"inLanguage\":\"es\",\"@id\":\"https:\\\/\\\/lubrimas.pe\\\/tienda\\\/caja-automatica\\\/acdelco-atf-dexron-vi-gm-oe\\\/#primaryimage\",\"url\":\"https:\\\/\\\/lubrimas.pe\\\/tienda\\\/wp-content\\\/uploads\\\/sites\\\/3\\\/2022\\\/08\\\/ACDELCO-ATF.jpg\",\"contentUrl\":\"https:\\\/\\\/lubrimas.pe\\\/tienda\\\/wp-content\\\/uploads\\\/sites\\\/3\\\/2022\\\/08\\\/ACDELCO-ATF.jpg\",\"width\":850,\"height\":1000},{\"@type\":\"BreadcrumbList\",\"@id\":\"https:\\\/\\\/lubrimas.pe\\\/tienda\\\/caja-automatica\\\/acdelco-atf-dexron-vi-gm-oe\\\/#breadcrumb\",\"itemListElement\":[{\"@type\":\"ListItem\",\"position\":1,\"name\":\"Portada\",\"item\":\"https:\\\/\\\/lubrimas.pe\\\/tienda\\\/\"},{\"@type\":\"ListItem\",\"position\":2,\"name\":\"Cat\u00e1logo\",\"item\":\"https:\\\/\\\/lubrimas.pe\\\/tienda\\\/productos\\\/\"},{\"@type\":\"ListItem\",\"position\":3,\"name\":\"ACDELCO ATF DEXRON VI &#8211; GM OE\"}]},{\"@type\":\"WebSite\",\"@id\":\"https:\\\/\\\/lubrimas.pe\\\/tienda\\\/#website\",\"url\":\"https:\\\/\\\/lubrimas.pe\\\/tienda\\\/\",\"name\":\"Lubrimas.pe | Tienda Online\",\"description\":\"Tus lubricantes favoritos al mejor precio!\",\"publisher\":{\"@id\":\"https:\\\/\\\/lubrimas.pe\\\/tienda\\\/#organization\"},\"potentialAction\":[{\"@type\":\"SearchAction\",\"target\":{\"@type\":\"EntryPoint\",\"urlTemplate\":\"https:\\\/\\\/lubrimas.pe\\\/tienda\\\/?s={search_term_string}\"},\"query-input\":{\"@type\":\"PropertyValueSpecification\",\"valueRequired\":true,\"valueName\":\"search_term_string\"}}],\"inLanguage\":\"es\"},{\"@type\":\"Organization\",\"@id\":\"https:\\\/\\\/lubrimas.pe\\\/tienda\\\/#organization\",\"name\":\"Lubrimas.pe\",\"url\":\"https:\\\/\\\/lubrimas.pe\\\/tienda\\\/\",\"logo\":{\"@type\":\"ImageObject\",\"inLanguage\":\"es\",\"@id\":\"https:\\\/\\\/lubrimas.pe\\\/tienda\\\/#\\\/schema\\\/logo\\\/image\\\/\",\"url\":\"https:\\\/\\\/lubrimas.pe\\\/tienda\\\/wp-content\\\/uploads\\\/sites\\\/3\\\/2022\\\/07\\\/BANNERS-PROMO-CYBER-WOW-LUBRIMASPE-2022-07.webp\",\"contentUrl\":\"https:\\\/\\\/lubrimas.pe\\\/tienda\\\/wp-content\\\/uploads\\\/sites\\\/3\\\/2022\\\/07\\\/BANNERS-PROMO-CYBER-WOW-LUBRIMASPE-2022-07.webp\",\"width\":500,\"height\":752,\"caption\":\"Lubrimas.pe\"},\"image\":{\"@id\":\"https:\\\/\\\/lubrimas.pe\\\/tienda\\\/#\\\/schema\\\/logo\\\/image\\\/\"}}]}<\/script>\n<!-- \/ Yoast SEO plugin. -->","yoast_head_json":{"title":"ACDELCO ATF DEXRON VI - GM OE | Lubrimas.pe | Tienda Online","description":"ACDELCO GM OE DEXRON-VI ATF es adecuado para su uso en veh\u00edculos totalmente autorizados y aprobados por GM, desde el a\u00f1o 2006 en adelante.","robots":{"index":"index","follow":"follow","max-snippet":"max-snippet:-1","max-image-preview":"max-image-preview:large","max-video-preview":"max-video-preview:-1"},"canonical":"https:\/\/lubrimas.pe\/tienda\/caja-automatica\/acdelco-atf-dexron-vi-gm-oe\/","og_locale":"es_ES","og_type":"article","og_title":"ACDELCO ATF DEXRON VI - GM OE | Lubrimas.pe | Tienda Online","og_description":"ACDELCO GM OE DEXRON-VI ATF es adecuado para su uso en veh\u00edculos totalmente autorizados y aprobados por GM, desde el a\u00f1o 2006 en adelante.","og_url":"https:\/\/lubrimas.pe\/tienda\/caja-automatica\/acdelco-atf-dexron-vi-gm-oe\/","og_site_name":"Lubrimas.pe | Tienda Online","article_modified_time":"2026-03-14T16:12:44+00:00","og_image":[{"width":850,"height":1000,"url":"https:\/\/lubrimas.pe\/tienda\/wp-content\/uploads\/sites\/3\/2022\/08\/ACDELCO-ATF.jpg","type":"image\/jpeg"}],"twitter_card":"summary_large_image","twitter_misc":{"Tiempo de lectura":"1 minuto"},"schema":{"@context":"https:\/\/schema.org","@graph":[{"@type":["WebPage","ItemPage"],"@id":"https:\/\/lubrimas.pe\/tienda\/caja-automatica\/acdelco-atf-dexron-vi-gm-oe\/","url":"https:\/\/lubrimas.pe\/tienda\/caja-automatica\/acdelco-atf-dexron-vi-gm-oe\/","name":"ACDELCO ATF DEXRON VI - GM OE | Lubrimas.pe | Tienda Online","isPartOf":{"@id":"https:\/\/lubrimas.pe\/tienda\/#website"},"primaryImageOfPage":{"@id":"https:\/\/lubrimas.pe\/tienda\/caja-automatica\/acdelco-atf-dexron-vi-gm-oe\/#primaryimage"},"image":{"@id":"https:\/\/lubrimas.pe\/tienda\/caja-automatica\/acdelco-atf-dexron-vi-gm-oe\/#primaryimage"},"thumbnailUrl":"https:\/\/lubrimas.pe\/tienda\/wp-content\/uploads\/sites\/3\/2022\/08\/ACDELCO-ATF.jpg","datePublished":"2022-08-31T20:00:12+00:00","dateModified":"2026-03-14T16:12:44+00:00","description":"ACDELCO GM OE DEXRON-VI ATF es adecuado para su uso en veh\u00edculos totalmente autorizados y aprobados por GM, desde el a\u00f1o 2006 en adelante.","breadcrumb":{"@id":"https:\/\/lubrimas.pe\/tienda\/caja-automatica\/acdelco-atf-dexron-vi-gm-oe\/#breadcrumb"},"inLanguage":"es","potentialAction":[{"@type":"ReadAction","target":["https:\/\/lubrimas.pe\/tienda\/caja-automatica\/acdelco-atf-dexron-vi-gm-oe\/"]}]},{"@type":"ImageObject","inLanguage":"es","@id":"https:\/\/lubrimas.pe\/tienda\/caja-automatica\/acdelco-atf-dexron-vi-gm-oe\/#primaryimage","url":"https:\/\/lubrimas.pe\/tienda\/wp-content\/uploads\/sites\/3\/2022\/08\/ACDELCO-ATF.jpg","contentUrl":"https:\/\/lubrimas.pe\/tienda\/wp-content\/uploads\/sites\/3\/2022\/08\/ACDELCO-ATF.jpg","width":850,"height":1000},{"@type":"BreadcrumbList","@id":"https:\/\/lubrimas.pe\/tienda\/caja-automatica\/acdelco-atf-dexron-vi-gm-oe\/#breadcrumb","itemListElement":[{"@type":"ListItem","position":1,"name":"Portada","item":"https:\/\/lubrimas.pe\/tienda\/"},{"@type":"ListItem","position":2,"name":"Cat\u00e1logo","item":"https:\/\/lubrimas.pe\/tienda\/productos\/"},{"@type":"ListItem","position":3,"name":"ACDELCO ATF DEXRON VI &#8211; GM OE"}]},{"@type":"WebSite","@id":"https:\/\/lubrimas.pe\/tienda\/#website","url":"https:\/\/lubrimas.pe\/tienda\/","name":"Lubrimas.pe | Tienda Online","description":"Tus lubricantes favoritos al mejor precio!","publisher":{"@id":"https:\/\/lubrimas.pe\/tienda\/#organization"},"potentialAction":[{"@type":"SearchAction","target":{"@type":"EntryPoint","urlTemplate":"https:\/\/lubrimas.pe\/tienda\/?s={search_term_string}"},"query-input":{"@type":"PropertyValueSpecification","valueRequired":true,"valueName":"search_term_string"}}],"inLanguage":"es"},{"@type":"Organization","@id":"https:\/\/lubrimas.pe\/tienda\/#organization","name":"Lubrimas.pe","url":"https:\/\/lubrimas.pe\/tienda\/","logo":{"@type":"ImageObject","inLanguage":"es","@id":"https:\/\/lubrimas.pe\/tienda\/#\/schema\/logo\/image\/","url":"https:\/\/lubrimas.pe\/tienda\/wp-content\/uploads\/sites\/3\/2022\/07\/BANNERS-PROMO-CYBER-WOW-LUBRIMASPE-2022-07.webp","contentUrl":"https:\/\/lubrimas.pe\/tienda\/wp-content\/uploads\/sites\/3\/2022\/07\/BANNERS-PROMO-CYBER-WOW-LUBRIMASPE-2022-07.webp","width":500,"height":752,"caption":"Lubrimas.pe"},"image":{"@id":"https:\/\/lubrimas.pe\/tienda\/#\/schema\/logo\/image\/"}}]}},"_links":{"self":[{"href":"https:\/\/lubrimas.pe\/tienda\/wp-json\/wp\/v2\/product\/12349","targetHints":{"allow":["GET"]}}],"collection":[{"href":"https:\/\/lubrimas.pe\/tienda\/wp-json\/wp\/v2\/product"}],"about":[{"href":"https:\/\/lubrimas.pe\/tienda\/wp-json\/wp\/v2\/types\/product"}],"wp:featuredmedia":[{"embeddable":true,"href":"https:\/\/lubrimas.pe\/tienda\/wp-json\/wp\/v2\/media\/15004"}],"wp:attachment":[{"href":"https:\/\/lubrimas.pe\/tienda\/wp-json\/wp\/v2\/media?parent=12349"}],"wp:term":[{"taxonomy":"product_brand","embeddable":true,"href":"https:\/\/lubrimas.pe\/tienda\/wp-json\/wp\/v2\/product_brand?post=12349"},{"taxonomy":"product_cat","embeddable":true,"href":"https:\/\/lubrimas.pe\/tienda\/wp-json\/wp\/v2\/product_cat?post=12349"},{"taxonomy":"product_tag","embeddable":true,"href":"https:\/\/lubrimas.pe\/tienda\/wp-json\/wp\/v2\/product_tag?post=12349"}],"curies":[{"name":"wp","href":"https:\/\/api.w.org\/{rel}","templated":true}]}}