{"id":12598,"date":"2022-09-22T16:02:55","date_gmt":"2022-09-22T21:02:55","guid":{"rendered":"https:\/\/lubrimas.pe\/tienda\/?post_type=product&#038;p=12598"},"modified":"2022-10-17T16:26:17","modified_gmt":"2022-10-17T21:26:17","slug":"hyundai-xteer-hd-ultra-10w40-aceite-sintetico","status":"publish","type":"product","link":"https:\/\/lubrimas.pe\/tienda\/aceite-de-motor\/hyundai-xteer-hd-ultra-10w40-aceite-sintetico\/","title":{"rendered":"HYUNDAI XTEER HD ULTRA 10W40 &#8211; Aceite Sint\u00e9tico"},"content":{"rendered":"<p><strong>HYUNDAI XTEER HD ULTRA 10W40<\/strong> es el aceite de motor diesel de servicio pesado m\u00e1s avanzado dise\u00f1ado para los \u00faltimos motores diesel premium con consideraciones para el medio ambiente. Es un aceite de motor sint\u00e9tico para trabajo pesado que utiliza tecnolog\u00eda avanzada que ayuda a proporcionar una excelente protecci\u00f3n del motor para los motores diesel turboalimentados de cuatro tiempos. Su excelente resistencia a las variaciones de temperatura garantiza la longevidad de las piezas del motor y los niveles \u00f3ptimos de rendimiento en todas las circunstancias.<\/p>\n<h4><strong>CARACTER\u00cdSTICAS<\/strong><\/h4>\n<p><strong>HYUNDAI XTEER HD ULTRA 10W40 <\/strong>est\u00e1 optimizado para los \u00faltimos motores dise\u00f1ados para cumplir con los requisitos de emisiones Euro 6. Proporciona una durabilidad duradera del sistema de control de emisiones. Proporciona la protecci\u00f3n m\u00e1xima del motor bajo carga de trabajo severa. Proporciona un rendimiento m\u00e1ximo del motor en las condiciones m\u00e1s dif\u00edciles. Se recomienda para combustible de azufre de 15 ppm o grado superior.<\/p>\n<h4><strong>ESPECIFICACIONES \/ APROBACIONES<\/strong><\/h4>\n<p>API CJ-4 \/ ACEA E9 \/ MB 228.31 \/ MAN 3575<\/p>\n","protected":false},"excerpt":{"rendered":"<p>HYUNDAI XTEER HD ULTRA 10W40 es el aceite de motor diesel de servicio pesado m\u00e1s avanzado dise\u00f1ado para los \u00faltimos motores diesel premium con consideraciones para el medio ambiente. Es<\/p>\n","protected":false},"featured_media":12600,"template":"","meta":[],"product_brand":[],"product_cat":[16,26],"product_tag":[],"class_list":{"0":"post-12598","1":"product","2":"type-product","3":"status-publish","4":"has-post-thumbnail","6":"product_cat-aceite-de-motor","7":"product_cat-motor-diesel","8":"pa_especificaciones-acea-e9","9":"pa_especificaciones-man-3575","10":"pa_especificaciones-mb-approval-228-31","11":"pa_grado-15w40","12":"pa_marca-hyundai-xteer","14":"first","15":"outofstock","16":"sale","17":"shipping-taxable","18":"purchasable","19":"product-type-variable","20":"has-default-attributes"},"yoast_head":"<!-- This site is optimized with the Yoast SEO plugin v27.4 - https:\/\/yoast.com\/product\/yoast-seo-wordpress\/ -->\n<title>HYUNDAI XTEER HD ULTRA 10W40 - Aceite Sint\u00e9tico | Lubrimas.pe | Tienda Online<\/title>\n<meta name=\"robots\" content=\"index, follow, max-snippet:-1, max-image-preview:large, max-video-preview:-1\" \/>\n<link rel=\"canonical\" href=\"https:\/\/lubrimas.pe\/tienda\/aceite-de-motor\/hyundai-xteer-hd-ultra-10w40-aceite-sintetico\/\" \/>\n<meta property=\"og:locale\" content=\"es_ES\" \/>\n<meta property=\"og:type\" content=\"article\" \/>\n<meta property=\"og:title\" content=\"HYUNDAI XTEER HD ULTRA 10W40 - Aceite Sint\u00e9tico | Lubrimas.pe | Tienda Online\" \/>\n<meta property=\"og:description\" content=\"HYUNDAI XTEER HD ULTRA 10W40 es el aceite de motor diesel de servicio pesado m\u00e1s avanzado dise\u00f1ado para los \u00faltimos motores diesel premium con consideraciones para el medio ambiente. Es\" \/>\n<meta property=\"og:url\" content=\"https:\/\/lubrimas.pe\/tienda\/aceite-de-motor\/hyundai-xteer-hd-ultra-10w40-aceite-sintetico\/\" \/>\n<meta property=\"og:site_name\" content=\"Lubrimas.pe | Tienda Online\" \/>\n<meta property=\"article:modified_time\" content=\"2022-10-17T21:26:17+00:00\" \/>\n<meta property=\"og:image\" content=\"https:\/\/lubrimas.pe\/tienda\/wp-content\/uploads\/sites\/3\/2022\/09\/lubrimaspe-lubrimasperu-aceite-hyundai-xteer-hd-ultra-10w40-koreano-sintetico-galon-galon-6-litros-lt-losolivos-lima-peru.webp\" \/>\n\t<meta property=\"og:image:width\" content=\"850\" \/>\n\t<meta property=\"og:image:height\" content=\"1000\" \/>\n\t<meta property=\"og:image:type\" content=\"image\/webp\" \/>\n<meta name=\"twitter:card\" content=\"summary_large_image\" \/>\n<meta name=\"twitter:label1\" content=\"Tiempo de lectura\" \/>\n\t<meta name=\"twitter:data1\" content=\"1 minuto\" \/>\n<script type=\"application\/ld+json\" class=\"yoast-schema-graph\">{\"@context\":\"https:\\\/\\\/schema.org\",\"@graph\":[{\"@type\":[\"WebPage\",\"ItemPage\"],\"@id\":\"https:\\\/\\\/lubrimas.pe\\\/tienda\\\/aceite-de-motor\\\/hyundai-xteer-hd-ultra-10w40-aceite-sintetico\\\/\",\"url\":\"https:\\\/\\\/lubrimas.pe\\\/tienda\\\/aceite-de-motor\\\/hyundai-xteer-hd-ultra-10w40-aceite-sintetico\\\/\",\"name\":\"HYUNDAI XTEER HD ULTRA 10W40 - Aceite Sint\u00e9tico | Lubrimas.pe | Tienda Online\",\"isPartOf\":{\"@id\":\"https:\\\/\\\/lubrimas.pe\\\/tienda\\\/#website\"},\"primaryImageOfPage\":{\"@id\":\"https:\\\/\\\/lubrimas.pe\\\/tienda\\\/aceite-de-motor\\\/hyundai-xteer-hd-ultra-10w40-aceite-sintetico\\\/#primaryimage\"},\"image\":{\"@id\":\"https:\\\/\\\/lubrimas.pe\\\/tienda\\\/aceite-de-motor\\\/hyundai-xteer-hd-ultra-10w40-aceite-sintetico\\\/#primaryimage\"},\"thumbnailUrl\":\"https:\\\/\\\/lubrimas.pe\\\/tienda\\\/wp-content\\\/uploads\\\/sites\\\/3\\\/2022\\\/09\\\/lubrimaspe-lubrimasperu-aceite-hyundai-xteer-hd-ultra-10w40-koreano-sintetico-galon-galon-6-litros-lt-losolivos-lima-peru.webp\",\"datePublished\":\"2022-09-22T21:02:55+00:00\",\"dateModified\":\"2022-10-17T21:26:17+00:00\",\"breadcrumb\":{\"@id\":\"https:\\\/\\\/lubrimas.pe\\\/tienda\\\/aceite-de-motor\\\/hyundai-xteer-hd-ultra-10w40-aceite-sintetico\\\/#breadcrumb\"},\"inLanguage\":\"es\",\"potentialAction\":[{\"@type\":\"ReadAction\",\"target\":[\"https:\\\/\\\/lubrimas.pe\\\/tienda\\\/aceite-de-motor\\\/hyundai-xteer-hd-ultra-10w40-aceite-sintetico\\\/\"]}]},{\"@type\":\"ImageObject\",\"inLanguage\":\"es\",\"@id\":\"https:\\\/\\\/lubrimas.pe\\\/tienda\\\/aceite-de-motor\\\/hyundai-xteer-hd-ultra-10w40-aceite-sintetico\\\/#primaryimage\",\"url\":\"https:\\\/\\\/lubrimas.pe\\\/tienda\\\/wp-content\\\/uploads\\\/sites\\\/3\\\/2022\\\/09\\\/lubrimaspe-lubrimasperu-aceite-hyundai-xteer-hd-ultra-10w40-koreano-sintetico-galon-galon-6-litros-lt-losolivos-lima-peru.webp\",\"contentUrl\":\"https:\\\/\\\/lubrimas.pe\\\/tienda\\\/wp-content\\\/uploads\\\/sites\\\/3\\\/2022\\\/09\\\/lubrimaspe-lubrimasperu-aceite-hyundai-xteer-hd-ultra-10w40-koreano-sintetico-galon-galon-6-litros-lt-losolivos-lima-peru.webp\",\"width\":850,\"height\":1000},{\"@type\":\"BreadcrumbList\",\"@id\":\"https:\\\/\\\/lubrimas.pe\\\/tienda\\\/aceite-de-motor\\\/hyundai-xteer-hd-ultra-10w40-aceite-sintetico\\\/#breadcrumb\",\"itemListElement\":[{\"@type\":\"ListItem\",\"position\":1,\"name\":\"Portada\",\"item\":\"https:\\\/\\\/lubrimas.pe\\\/tienda\\\/\"},{\"@type\":\"ListItem\",\"position\":2,\"name\":\"Cat\u00e1logo\",\"item\":\"https:\\\/\\\/lubrimas.pe\\\/tienda\\\/productos\\\/\"},{\"@type\":\"ListItem\",\"position\":3,\"name\":\"HYUNDAI XTEER HD ULTRA 10W40 &#8211; Aceite Sint\u00e9tico\"}]},{\"@type\":\"WebSite\",\"@id\":\"https:\\\/\\\/lubrimas.pe\\\/tienda\\\/#website\",\"url\":\"https:\\\/\\\/lubrimas.pe\\\/tienda\\\/\",\"name\":\"Lubrimas.pe | Tienda Online\",\"description\":\"Tus lubricantes favoritos al mejor precio!\",\"publisher\":{\"@id\":\"https:\\\/\\\/lubrimas.pe\\\/tienda\\\/#organization\"},\"potentialAction\":[{\"@type\":\"SearchAction\",\"target\":{\"@type\":\"EntryPoint\",\"urlTemplate\":\"https:\\\/\\\/lubrimas.pe\\\/tienda\\\/?s={search_term_string}\"},\"query-input\":{\"@type\":\"PropertyValueSpecification\",\"valueRequired\":true,\"valueName\":\"search_term_string\"}}],\"inLanguage\":\"es\"},{\"@type\":\"Organization\",\"@id\":\"https:\\\/\\\/lubrimas.pe\\\/tienda\\\/#organization\",\"name\":\"Lubrimas.pe\",\"url\":\"https:\\\/\\\/lubrimas.pe\\\/tienda\\\/\",\"logo\":{\"@type\":\"ImageObject\",\"inLanguage\":\"es\",\"@id\":\"https:\\\/\\\/lubrimas.pe\\\/tienda\\\/#\\\/schema\\\/logo\\\/image\\\/\",\"url\":\"https:\\\/\\\/lubrimas.pe\\\/tienda\\\/wp-content\\\/uploads\\\/sites\\\/3\\\/2022\\\/07\\\/BANNERS-PROMO-CYBER-WOW-LUBRIMASPE-2022-07.webp\",\"contentUrl\":\"https:\\\/\\\/lubrimas.pe\\\/tienda\\\/wp-content\\\/uploads\\\/sites\\\/3\\\/2022\\\/07\\\/BANNERS-PROMO-CYBER-WOW-LUBRIMASPE-2022-07.webp\",\"width\":500,\"height\":752,\"caption\":\"Lubrimas.pe\"},\"image\":{\"@id\":\"https:\\\/\\\/lubrimas.pe\\\/tienda\\\/#\\\/schema\\\/logo\\\/image\\\/\"}}]}<\/script>\n<!-- \/ Yoast SEO plugin. -->","yoast_head_json":{"title":"HYUNDAI XTEER HD ULTRA 10W40 - Aceite Sint\u00e9tico | Lubrimas.pe | Tienda Online","robots":{"index":"index","follow":"follow","max-snippet":"max-snippet:-1","max-image-preview":"max-image-preview:large","max-video-preview":"max-video-preview:-1"},"canonical":"https:\/\/lubrimas.pe\/tienda\/aceite-de-motor\/hyundai-xteer-hd-ultra-10w40-aceite-sintetico\/","og_locale":"es_ES","og_type":"article","og_title":"HYUNDAI XTEER HD ULTRA 10W40 - Aceite Sint\u00e9tico | Lubrimas.pe | Tienda Online","og_description":"HYUNDAI XTEER HD ULTRA 10W40 es el aceite de motor diesel de servicio pesado m\u00e1s avanzado dise\u00f1ado para los \u00faltimos motores diesel premium con consideraciones para el medio ambiente. Es","og_url":"https:\/\/lubrimas.pe\/tienda\/aceite-de-motor\/hyundai-xteer-hd-ultra-10w40-aceite-sintetico\/","og_site_name":"Lubrimas.pe | Tienda Online","article_modified_time":"2022-10-17T21:26:17+00:00","og_image":[{"width":850,"height":1000,"url":"https:\/\/lubrimas.pe\/tienda\/wp-content\/uploads\/sites\/3\/2022\/09\/lubrimaspe-lubrimasperu-aceite-hyundai-xteer-hd-ultra-10w40-koreano-sintetico-galon-galon-6-litros-lt-losolivos-lima-peru.webp","type":"image\/webp"}],"twitter_card":"summary_large_image","twitter_misc":{"Tiempo de lectura":"1 minuto"},"schema":{"@context":"https:\/\/schema.org","@graph":[{"@type":["WebPage","ItemPage"],"@id":"https:\/\/lubrimas.pe\/tienda\/aceite-de-motor\/hyundai-xteer-hd-ultra-10w40-aceite-sintetico\/","url":"https:\/\/lubrimas.pe\/tienda\/aceite-de-motor\/hyundai-xteer-hd-ultra-10w40-aceite-sintetico\/","name":"HYUNDAI XTEER HD ULTRA 10W40 - Aceite Sint\u00e9tico | Lubrimas.pe | Tienda Online","isPartOf":{"@id":"https:\/\/lubrimas.pe\/tienda\/#website"},"primaryImageOfPage":{"@id":"https:\/\/lubrimas.pe\/tienda\/aceite-de-motor\/hyundai-xteer-hd-ultra-10w40-aceite-sintetico\/#primaryimage"},"image":{"@id":"https:\/\/lubrimas.pe\/tienda\/aceite-de-motor\/hyundai-xteer-hd-ultra-10w40-aceite-sintetico\/#primaryimage"},"thumbnailUrl":"https:\/\/lubrimas.pe\/tienda\/wp-content\/uploads\/sites\/3\/2022\/09\/lubrimaspe-lubrimasperu-aceite-hyundai-xteer-hd-ultra-10w40-koreano-sintetico-galon-galon-6-litros-lt-losolivos-lima-peru.webp","datePublished":"2022-09-22T21:02:55+00:00","dateModified":"2022-10-17T21:26:17+00:00","breadcrumb":{"@id":"https:\/\/lubrimas.pe\/tienda\/aceite-de-motor\/hyundai-xteer-hd-ultra-10w40-aceite-sintetico\/#breadcrumb"},"inLanguage":"es","potentialAction":[{"@type":"ReadAction","target":["https:\/\/lubrimas.pe\/tienda\/aceite-de-motor\/hyundai-xteer-hd-ultra-10w40-aceite-sintetico\/"]}]},{"@type":"ImageObject","inLanguage":"es","@id":"https:\/\/lubrimas.pe\/tienda\/aceite-de-motor\/hyundai-xteer-hd-ultra-10w40-aceite-sintetico\/#primaryimage","url":"https:\/\/lubrimas.pe\/tienda\/wp-content\/uploads\/sites\/3\/2022\/09\/lubrimaspe-lubrimasperu-aceite-hyundai-xteer-hd-ultra-10w40-koreano-sintetico-galon-galon-6-litros-lt-losolivos-lima-peru.webp","contentUrl":"https:\/\/lubrimas.pe\/tienda\/wp-content\/uploads\/sites\/3\/2022\/09\/lubrimaspe-lubrimasperu-aceite-hyundai-xteer-hd-ultra-10w40-koreano-sintetico-galon-galon-6-litros-lt-losolivos-lima-peru.webp","width":850,"height":1000},{"@type":"BreadcrumbList","@id":"https:\/\/lubrimas.pe\/tienda\/aceite-de-motor\/hyundai-xteer-hd-ultra-10w40-aceite-sintetico\/#breadcrumb","itemListElement":[{"@type":"ListItem","position":1,"name":"Portada","item":"https:\/\/lubrimas.pe\/tienda\/"},{"@type":"ListItem","position":2,"name":"Cat\u00e1logo","item":"https:\/\/lubrimas.pe\/tienda\/productos\/"},{"@type":"ListItem","position":3,"name":"HYUNDAI XTEER HD ULTRA 10W40 &#8211; Aceite Sint\u00e9tico"}]},{"@type":"WebSite","@id":"https:\/\/lubrimas.pe\/tienda\/#website","url":"https:\/\/lubrimas.pe\/tienda\/","name":"Lubrimas.pe | Tienda Online","description":"Tus lubricantes favoritos al mejor precio!","publisher":{"@id":"https:\/\/lubrimas.pe\/tienda\/#organization"},"potentialAction":[{"@type":"SearchAction","target":{"@type":"EntryPoint","urlTemplate":"https:\/\/lubrimas.pe\/tienda\/?s={search_term_string}"},"query-input":{"@type":"PropertyValueSpecification","valueRequired":true,"valueName":"search_term_string"}}],"inLanguage":"es"},{"@type":"Organization","@id":"https:\/\/lubrimas.pe\/tienda\/#organization","name":"Lubrimas.pe","url":"https:\/\/lubrimas.pe\/tienda\/","logo":{"@type":"ImageObject","inLanguage":"es","@id":"https:\/\/lubrimas.pe\/tienda\/#\/schema\/logo\/image\/","url":"https:\/\/lubrimas.pe\/tienda\/wp-content\/uploads\/sites\/3\/2022\/07\/BANNERS-PROMO-CYBER-WOW-LUBRIMASPE-2022-07.webp","contentUrl":"https:\/\/lubrimas.pe\/tienda\/wp-content\/uploads\/sites\/3\/2022\/07\/BANNERS-PROMO-CYBER-WOW-LUBRIMASPE-2022-07.webp","width":500,"height":752,"caption":"Lubrimas.pe"},"image":{"@id":"https:\/\/lubrimas.pe\/tienda\/#\/schema\/logo\/image\/"}}]}},"_links":{"self":[{"href":"https:\/\/lubrimas.pe\/tienda\/wp-json\/wp\/v2\/product\/12598","targetHints":{"allow":["GET"]}}],"collection":[{"href":"https:\/\/lubrimas.pe\/tienda\/wp-json\/wp\/v2\/product"}],"about":[{"href":"https:\/\/lubrimas.pe\/tienda\/wp-json\/wp\/v2\/types\/product"}],"wp:featuredmedia":[{"embeddable":true,"href":"https:\/\/lubrimas.pe\/tienda\/wp-json\/wp\/v2\/media\/12600"}],"wp:attachment":[{"href":"https:\/\/lubrimas.pe\/tienda\/wp-json\/wp\/v2\/media?parent=12598"}],"wp:term":[{"taxonomy":"product_brand","embeddable":true,"href":"https:\/\/lubrimas.pe\/tienda\/wp-json\/wp\/v2\/product_brand?post=12598"},{"taxonomy":"product_cat","embeddable":true,"href":"https:\/\/lubrimas.pe\/tienda\/wp-json\/wp\/v2\/product_cat?post=12598"},{"taxonomy":"product_tag","embeddable":true,"href":"https:\/\/lubrimas.pe\/tienda\/wp-json\/wp\/v2\/product_tag?post=12598"}],"curies":[{"name":"wp","href":"https:\/\/api.w.org\/{rel}","templated":true}]}}